{"id":5104,"date":"2024-09-18T12:14:36","date_gmt":"2024-09-18T10:14:36","guid":{"rendered":"https:\/\/bertrand.pl\/?post_type=product&#038;p=5104"},"modified":"2025-07-14T12:51:44","modified_gmt":"2025-07-14T10:51:44","slug":"mb-sr50n-un","status":"publish","type":"product","link":"https:\/\/bertrand.pl\/fr\/produkt\/mb-sr50n-a\/","title":{"rendered":"MB-SR50N UN"},"content":{"rendered":"<h3>MB-SR50N A\u00a0: Syst\u00e8me moderne de murs \u00e0 poteaux et traverses<\/h3>\n<p>&nbsp;<\/p>\n<p>MB-SR50N A est un syst\u00e8me avanc\u00e9 de murs \u00e0 meneaux et poutres qui allie esth\u00e9tique, fonctionnalit\u00e9 et durabilit\u00e9. Gr\u00e2ce \u00e0 des solutions technologiques innovantes, ce syst\u00e8me est id\u00e9al pour les projets architecturaux aux exigences diverses. Les fa\u00e7ades du syst\u00e8me MB-S50N sont tr\u00e8s appr\u00e9ci\u00e9es de nos clients.<\/p>\n<p>&nbsp;<\/p>\n<h3>Combinaison d&#039;\u00e9l\u00e9ments naturels et industriels<\/h3>\n<p>Le syst\u00e8me MB-SR50N A permet d&#039;associer le bois et l&#039;acier, ce qui permet de l&#039;adapter \u00e0 diff\u00e9rents styles d&#039;int\u00e9rieur. Les profil\u00e9s int\u00e9rieurs en bois cr\u00e9ent une atmosph\u00e8re chaleureuse, tandis que les \u00e9l\u00e9ments en acier s&#039;accordent parfaitement au style industriel. De plus, les pi\u00e8ces externes en aluminium prot\u00e8gent efficacement la structure contre les intemp\u00e9ries.<\/p>\n<p>&nbsp;<\/p>\n<h3>Stabilit\u00e9 et isolation efficace<\/h3>\n<p>Le profil composite montant-traverse du syst\u00e8me MB-SR50N A assure une stabilit\u00e9 exceptionnelle. De plus, il offre d\u2019excellents param\u00e8tres d\u2019isolation, qui r\u00e9pondent aux exigences d\u2019isolation thermique et acoustique. L&#039;isolant thermique avec un coefficient Uf de 0,72 W\/(m\u00b2K) r\u00e9duit consid\u00e9rablement les pertes de chaleur, ce qui fait de ce syst\u00e8me un choix id\u00e9al pour les b\u00e2timents \u00e9conomes en \u00e9nergie.<\/p>\n<p>&nbsp;<\/p>\n<h3>Possibilit\u00e9s de vitrage polyvalentes<\/h3>\n<p>Le syst\u00e8me MB-SR50N A permet de r\u00e9aliser des vitrages d&#039;une \u00e9paisseur de 24 \u00e0 64 mm. Gr\u00e2ce \u00e0 cela, les utilisateurs peuvent b\u00e9n\u00e9ficier d\u2019un large choix de verre offrant diverses propri\u00e9t\u00e9s, telles que l\u2019efficacit\u00e9 \u00e9nerg\u00e9tique et l\u2019isolation phonique. De plus, le syst\u00e8me supporte des charges allant jusqu&#039;\u00e0 600 kg, ce qui permet la construction de grands vitrages dans des installations modernes.<\/p>\n<p>&nbsp;<\/p>\n<h3>Drainage et ventilation<\/h3>\n<p>Les montants et traverses de 50 mm de large sont \u00e9quip\u00e9s de joints EPDM qui assurent un drainage efficace et une ventilation ad\u00e9quate. Cette solution emp\u00eache l&#039;accumulation d&#039;humidit\u00e9 et prolonge la dur\u00e9e de vie de l&#039;ensemble de la structure.<\/p>\n<p>&nbsp;<\/p>\n<h3>Param\u00e8tres techniques cl\u00e9s<\/h3>\n<p>&nbsp;<\/p>\n<ul>\n<li><strong>Largeur du poteau<\/strong>: 50mm<\/li>\n<li><strong>Largeur des traverses<\/strong>: 50mm<\/li>\n<li><strong>\u00c9paisseur du vitrage<\/strong>: 24-64mm<\/li>\n<li><strong>Poids maximum de remplissage<\/strong>: jusqu&#039;\u00e0 600 kg<\/li>\n<li><strong>Isolation thermique<\/strong>: Uf \u00e0 partir de 0,72 W\/(m\u00b2K)<\/li>\n<li><\/li>\n<\/ul>\n<h3>Pourquoi choisir le MB-SR50N A\u00a0?<\/h3>\n<p>&nbsp;<\/p>\n<p>Parce que c\u2019est un syst\u00e8me qui r\u00e9pond pleinement aux normes \u00e9lev\u00e9es de l\u2019architecture moderne. Il allie esth\u00e9tique, durabilit\u00e9 et efficacit\u00e9 \u00e9nerg\u00e9tique, ce qui en fait un excellent choix tant pour les projets commerciaux que r\u00e9sidentiels. Gr\u00e2ce \u00e0 des mat\u00e9riaux de haute qualit\u00e9 et \u00e0 des solutions technologiques modernes, il offre aux utilisateurs confort et fiabilit\u00e9 pendant des ann\u00e9es.<\/p>\n<p><strong>VOIR AUSSI :\u00a0<\/strong><\/p>\n<h4><a href=\"https:\/\/www.youtube.com\/watch?v=NT-bgmQXsjU\">Vous n&#039;avez jamais vu un profil de fen\u00eatre aussi bas !<\/a><\/h4>\n<h4><a href=\"https:\/\/bertrand.pl\/fr\/les-systemes-en-pratique-projets-bertrand\/\">Projets Bertrand \u2013 La qualit\u00e9 en pratique \u2013 Bertrand.pl<\/a><\/h4>","protected":false},"excerpt":{"rendered":"<p><strong>SYST\u00c8ME DE RECOUVREMENT POUR BOIS ET ACIER<\/strong><\/p>\n<p>Bas\u00e9 sur le syst\u00e8me de murs \u00e0 meneaux et poutres MB-SR50N, un syst\u00e8me de superposition moderne a \u00e9t\u00e9 d\u00e9velopp\u00e9 qui permet la combinaison de divers mat\u00e9riaux de construction, permettant l&#039;utilisation de diff\u00e9rentes propri\u00e9t\u00e9s mat\u00e9rielles \u00e0 l&#039;int\u00e9rieur et \u00e0 l&#039;ext\u00e9rieur du b\u00e2timent.<\/p>","protected":false},"featured_media":5106,"template":"","meta":{"site-sidebar-layout":"default","site-content-layout":"","ast-site-content-layout":"default","site-content-style":"default","site-sidebar-style":"default","ast-global-header-display":"","ast-banner-title-visibility":"","ast-main-header-display":"","ast-hfb-above-header-display":"","ast-hfb-below-header-display":"","ast-hfb-mobile-header-display":"","site-post-title":"","ast-breadcrumbs-content":"","ast-featured-img":"","footer-sml-layout":"","ast-disable-related-posts":"","theme-transparent-header-meta":"default","adv-header-id-meta":"","stick-header-meta":"","header-above-stick-meta":"","header-main-stick-meta":"","header-below-stick-meta":"","astra-migrate-meta-layouts":"set","ast-page-background-enabled":"default","ast-page-background-meta":{"desktop":{"background-color":"var(--ast-global-color-4)","background-image":"","background-repeat":"repeat","background-position":"center center","background-size":"auto","background-attachment":"scroll","background-type":"","background-media":"","overlay-type":"","overlay-color":"","overlay-opacity":"","overlay-gradient":""},"tablet":{"background-color":"","background-image":"","background-repeat":"repeat","background-position":"center center","background-size":"auto","background-attachment":"scroll","background-type":"","background-media":"","overlay-type":"","overlay-color":"","overlay-opacity":"","overlay-gradient":""},"mobile":{"background-color":"","background-image":"","background-repeat":"repeat","background-position":"center center","background-size":"auto","background-attachment":"scroll","background-type":"","background-media":"","overlay-type":"","overlay-color":"","overlay-opacity":"","overlay-gradient":""}},"ast-content-background-meta":{"desktop":{"background-color":"var(--ast-global-color-5)","background-image":"","background-repeat":"repeat","background-position":"center center","background-size":"auto","background-attachment":"scroll","background-type":"","background-media":"","overlay-type":"","overlay-color":"","overlay-opacity":"","overlay-gradient":""},"tablet":{"background-color":"var(--ast-global-color-5)","background-image":"","background-repeat":"repeat","background-position":"center center","background-size":"auto","background-attachment":"scroll","background-type":"","background-media":"","overlay-type":"","overlay-color":"","overlay-opacity":"","overlay-gradient":""},"mobile":{"background-color":"var(--ast-global-color-5)","background-image":"","background-repeat":"repeat","background-position":"center center","background-size":"auto","background-attachment":"scroll","background-type":"","background-media":"","overlay-type":"","overlay-color":"","overlay-opacity":"","overlay-gradient":""}}},"product_brand":[],"product_cat":[20],"product_tag":[193,349,806,168,717,803,354,805,389,405,800,810,802,804,794,801,797,968,450,965,966,783,796,964,795,390,409,967,799,798],"class_list":{"0":"post-5104","1":"product","2":"type-product","3":"status-publish","4":"has-post-thumbnail","6":"product_cat-fasady","7":"product_tag-aluminium","8":"product_tag-aluprof","9":"product_tag-architektura","10":"product_tag-bertrand","11":"product_tag-bertrand-okna-i-drzwi","12":"product_tag-dachy-szklane","13":"product_tag-drewno","14":"product_tag-industrialny-styl","15":"product_tag-izolacja-akustyczna","16":"product_tag-izolacja-termiczna","17":"product_tag-kompozytowy-profil","18":"product_tag-konstrukcja-aluminiowa","19":"product_tag-konstrukcja-oslonowa","20":"product_tag-konstrukcje-pionowe","21":"product_tag-mb-sr50n-a","22":"product_tag-ochrona-przed-wiatrem","23":"product_tag-odwodnienie","24":"product_tag-odwodnienie-fasady","25":"product_tag-ogrody-zimowe","26":"product_tag-profile-drewniane","27":"product_tag-profile-stalowe","28":"product_tag-sciana-slupowo-ryglowa","29":"product_tag-stal","30":"product_tag-system-mb-sr50n","31":"product_tag-system-nakladkowy","32":"product_tag-szczelnosc","33":"product_tag-szklenie","34":"product_tag-szklenie-fasad","35":"product_tag-uszczelki-epdm","36":"product_tag-wentylacja","37":"desktop-align-left","38":"tablet-align-left","39":"mobile-align-left","41":"first","42":"instock","43":"shipping-taxable","44":"product-type-simple"},"yoast_head":"<!-- This site is optimized with the Yoast SEO Premium plugin v27.2 (Yoast SEO v27.2) - https:\/\/yoast.com\/product\/yoast-seo-premium-wordpress\/ -->\n<title>MB-SR50N A \u2013 fasada dopasowana do ka\u017cdego projektu<\/title>\n<meta name=\"description\" content=\"MB-SR50N A to owoczesny system, kt\u00f3ry umo\u017cliwia \u0142\u0105czenie r\u00f3\u017cnych materia\u0142\u00f3w konstrukcyjnych, pozwalaj\u0105c na zastosowanie odmiennych w\u0142a\u015bciwo\u015bci w budynku.\" \/>\n<meta name=\"robots\" content=\"index, follow, max-snippet:-1, max-image-preview:large, max-video-preview:-1\" \/>\n<link rel=\"canonical\" href=\"https:\/\/bertrand.pl\/fr\/produit\/mb-sr50n-un\/\" \/>\n<meta property=\"og:locale\" content=\"fr_FR\" \/>\n<meta property=\"og:type\" content=\"article\" \/>\n<meta property=\"og:title\" content=\"MB-SR50N A\" \/>\n<meta property=\"og:description\" content=\"MB-SR50N A to owoczesny system, kt\u00f3ry umo\u017cliwia \u0142\u0105czenie r\u00f3\u017cnych materia\u0142\u00f3w konstrukcyjnych, pozwalaj\u0105c na zastosowanie odmiennych w\u0142a\u015bciwo\u015bci w budynku.\" \/>\n<meta property=\"og:url\" content=\"https:\/\/bertrand.pl\/fr\/produit\/mb-sr50n-un\/\" \/>\n<meta property=\"og:site_name\" content=\"Bertrand. Najwy\u017cszej jako\u015bci okna i drzwi. Certyfikowany producent od 1969 roku.\" \/>\n<meta property=\"article:publisher\" content=\"https:\/\/www.facebook.com\/bertrandpolska\/\" \/>\n<meta property=\"article:modified_time\" content=\"2025-07-14T10:51:44+00:00\" \/>\n<meta property=\"og:image\" content=\"https:\/\/bertrand.pl\/wp-content\/uploads\/2024\/09\/mb-sr50n-a-76-pl.webp\" \/>\n\t<meta property=\"og:image:width\" content=\"564\" \/>\n\t<meta property=\"og:image:height\" content=\"614\" \/>\n\t<meta property=\"og:image:type\" content=\"image\/webp\" \/>\n<meta name=\"twitter:card\" content=\"summary_large_image\" \/>\n<meta name=\"twitter:label1\" content=\"Dur\u00e9e de lecture estim\u00e9e\" \/>\n\t<meta name=\"twitter:data1\" content=\"3 minutes\" \/>\n<script type=\"application\/ld+json\" class=\"yoast-schema-graph\">{\"@context\":\"https:\/\/schema.org\",\"@graph\":[{\"@type\":\"WebPage\",\"@id\":\"https:\/\/bertrand.pl\/produkt\/mb-sr50n-a\/\",\"url\":\"https:\/\/bertrand.pl\/produkt\/mb-sr50n-a\/\",\"name\":\"MB-SR50N A \u2013 fasada dopasowana do ka\u017cdego projektu\",\"isPartOf\":{\"@id\":\"https:\/\/bertrand.pl\/#website\"},\"primaryImageOfPage\":{\"@id\":\"https:\/\/bertrand.pl\/produkt\/mb-sr50n-a\/#primaryimage\"},\"image\":{\"@id\":\"https:\/\/bertrand.pl\/produkt\/mb-sr50n-a\/#primaryimage\"},\"thumbnailUrl\":\"https:\/\/bertrand.pl\/wp-content\/uploads\/2024\/09\/mb-sr50n-a-76-pl.webp\",\"datePublished\":\"2024-09-18T10:14:36+00:00\",\"dateModified\":\"2025-07-14T10:51:44+00:00\",\"description\":\"MB-SR50N A to owoczesny system, kt\u00f3ry umo\u017cliwia \u0142\u0105czenie r\u00f3\u017cnych materia\u0142\u00f3w konstrukcyjnych, pozwalaj\u0105c na zastosowanie odmiennych w\u0142a\u015bciwo\u015bci w budynku.\",\"breadcrumb\":{\"@id\":\"https:\/\/bertrand.pl\/produkt\/mb-sr50n-a\/#breadcrumb\"},\"inLanguage\":\"fr-FR\",\"potentialAction\":[{\"@type\":\"ReadAction\",\"target\":[\"https:\/\/bertrand.pl\/produkt\/mb-sr50n-a\/\"]}]},{\"@type\":\"ImageObject\",\"inLanguage\":\"fr-FR\",\"@id\":\"https:\/\/bertrand.pl\/produkt\/mb-sr50n-a\/#primaryimage\",\"url\":\"https:\/\/bertrand.pl\/wp-content\/uploads\/2024\/09\/mb-sr50n-a-76-pl.webp\",\"contentUrl\":\"https:\/\/bertrand.pl\/wp-content\/uploads\/2024\/09\/mb-sr50n-a-76-pl.webp\",\"width\":564,\"height\":614,\"caption\":\"Fasada MB-SR50N A spe\u0142nia wysokie standardy wsp\u00f3\u0142czesnej architektury.\"},{\"@type\":\"BreadcrumbList\",\"@id\":\"https:\/\/bertrand.pl\/produkt\/mb-sr50n-a\/#breadcrumb\",\"itemListElement\":[{\"@type\":\"ListItem\",\"position\":1,\"name\":\"Strona g\u0142\u00f3wna\",\"item\":\"https:\/\/bertrand.pl\/\"},{\"@type\":\"ListItem\",\"position\":2,\"name\":\"Produits\",\"item\":\"https:\/\/bertrand.pl\/fr\/shop\/\"},{\"@type\":\"ListItem\",\"position\":3,\"name\":\"MB-SR50N A\"}]},{\"@type\":\"WebSite\",\"@id\":\"https:\/\/bertrand.pl\/#website\",\"url\":\"https:\/\/bertrand.pl\/\",\"name\":\"Bertrand.pl\",\"description\":\"Firma Bertrand to certyfikowany i uznany producent najwy\u017cszej jako\u015bci okien z PVC, z drewna lub aluminium. Produkcja drzwi, rolet i bram gara\u017cowych.\",\"publisher\":{\"@id\":\"https:\/\/bertrand.pl\/#organization\"},\"potentialAction\":[{\"@type\":\"SearchAction\",\"target\":{\"@type\":\"EntryPoint\",\"urlTemplate\":\"https:\/\/bertrand.pl\/?s={search_term_string}\"},\"query-input\":{\"@type\":\"PropertyValueSpecification\",\"valueRequired\":true,\"valueName\":\"search_term_string\"}}],\"inLanguage\":\"fr-FR\"},{\"@type\":\"Organization\",\"@id\":\"https:\/\/bertrand.pl\/#organization\",\"name\":\"Bertrand.pl\",\"url\":\"https:\/\/bertrand.pl\/\",\"logo\":{\"@type\":\"ImageObject\",\"inLanguage\":\"fr-FR\",\"@id\":\"https:\/\/bertrand.pl\/#\/schema\/logo\/image\/\",\"url\":\"https:\/\/bertrand.pl\/wp-content\/uploads\/2024\/12\/logo_BB_TM_PL_black.png\",\"contentUrl\":\"https:\/\/bertrand.pl\/wp-content\/uploads\/2024\/12\/logo_BB_TM_PL_black.png\",\"width\":1831,\"height\":1831,\"caption\":\"Bertrand.pl\"},\"image\":{\"@id\":\"https:\/\/bertrand.pl\/#\/schema\/logo\/image\/\"},\"sameAs\":[\"https:\/\/www.facebook.com\/bertrandpolska\/\",\"https:\/\/www.instagram.com\/bertrand_okna_i_drzwi\/\",\"https:\/\/www.linkedin.com\/company\/bertrand\/\",\"https:\/\/www.tiktok.com\/@bertrand_okna_drzwi\"]}]}<\/script>\n<!-- \/ Yoast SEO Premium plugin. -->","yoast_head_json":{"title":"MB-SR50N A \u2013 fasada dopasowana do ka\u017cdego projektu","description":"MB-SR50N A est un syst\u00e8me moderne qui vous permet de combiner diff\u00e9rents mat\u00e9riaux de construction, permettant ainsi l&#039;utilisation de diff\u00e9rentes propri\u00e9t\u00e9s dans le b\u00e2timent.","robots":{"index":"index","follow":"follow","max-snippet":"max-snippet:-1","max-image-preview":"max-image-preview:large","max-video-preview":"max-video-preview:-1"},"canonical":"https:\/\/bertrand.pl\/fr\/produit\/mb-sr50n-un\/","og_locale":"fr_FR","og_type":"article","og_title":"MB-SR50N A","og_description":"MB-SR50N A to owoczesny system, kt\u00f3ry umo\u017cliwia \u0142\u0105czenie r\u00f3\u017cnych materia\u0142\u00f3w konstrukcyjnych, pozwalaj\u0105c na zastosowanie odmiennych w\u0142a\u015bciwo\u015bci w budynku.","og_url":"https:\/\/bertrand.pl\/fr\/produit\/mb-sr50n-un\/","og_site_name":"Bertrand. Najwy\u017cszej jako\u015bci okna i drzwi. Certyfikowany producent od 1969 roku.","article_publisher":"https:\/\/www.facebook.com\/bertrandpolska\/","article_modified_time":"2025-07-14T10:51:44+00:00","og_image":[{"width":564,"height":614,"url":"https:\/\/bertrand.pl\/wp-content\/uploads\/2024\/09\/mb-sr50n-a-76-pl.webp","type":"image\/webp"}],"twitter_card":"summary_large_image","twitter_misc":{"Dur\u00e9e de lecture estim\u00e9e":"3 minutes"},"schema":{"@context":"https:\/\/schema.org","@graph":[{"@type":"WebPage","@id":"https:\/\/bertrand.pl\/produkt\/mb-sr50n-a\/","url":"https:\/\/bertrand.pl\/produkt\/mb-sr50n-a\/","name":"MB-SR50N A \u2013 fasada dopasowana do ka\u017cdego projektu","isPartOf":{"@id":"https:\/\/bertrand.pl\/#website"},"primaryImageOfPage":{"@id":"https:\/\/bertrand.pl\/produkt\/mb-sr50n-a\/#primaryimage"},"image":{"@id":"https:\/\/bertrand.pl\/produkt\/mb-sr50n-a\/#primaryimage"},"thumbnailUrl":"https:\/\/bertrand.pl\/wp-content\/uploads\/2024\/09\/mb-sr50n-a-76-pl.webp","datePublished":"2024-09-18T10:14:36+00:00","dateModified":"2025-07-14T10:51:44+00:00","description":"MB-SR50N A est un syst\u00e8me moderne qui vous permet de combiner diff\u00e9rents mat\u00e9riaux de construction, permettant ainsi l&#039;utilisation de diff\u00e9rentes propri\u00e9t\u00e9s dans le b\u00e2timent.","breadcrumb":{"@id":"https:\/\/bertrand.pl\/produkt\/mb-sr50n-a\/#breadcrumb"},"inLanguage":"fr-FR","potentialAction":[{"@type":"ReadAction","target":["https:\/\/bertrand.pl\/produkt\/mb-sr50n-a\/"]}]},{"@type":"ImageObject","inLanguage":"fr-FR","@id":"https:\/\/bertrand.pl\/produkt\/mb-sr50n-a\/#primaryimage","url":"https:\/\/bertrand.pl\/wp-content\/uploads\/2024\/09\/mb-sr50n-a-76-pl.webp","contentUrl":"https:\/\/bertrand.pl\/wp-content\/uploads\/2024\/09\/mb-sr50n-a-76-pl.webp","width":564,"height":614,"caption":"Fasada MB-SR50N A spe\u0142nia wysokie standardy wsp\u00f3\u0142czesnej architektury."},{"@type":"BreadcrumbList","@id":"https:\/\/bertrand.pl\/produkt\/mb-sr50n-a\/#breadcrumb","itemListElement":[{"@type":"ListItem","position":1,"name":"Strona g\u0142\u00f3wna","item":"https:\/\/bertrand.pl\/"},{"@type":"ListItem","position":2,"name":"Produits","item":"https:\/\/bertrand.pl\/fr\/shop\/"},{"@type":"ListItem","position":3,"name":"MB-SR50N A"}]},{"@type":"WebSite","@id":"https:\/\/bertrand.pl\/#website","url":"https:\/\/bertrand.pl\/","name":"Bertrand.pl","description":"Firma Bertrand to certyfikowany i uznany producent najwy\u017cszej jako\u015bci okien z PVC, z drewna lub aluminium. Produkcja drzwi, rolet i bram gara\u017cowych.","publisher":{"@id":"https:\/\/bertrand.pl\/#organization"},"potentialAction":[{"@type":"SearchAction","target":{"@type":"EntryPoint","urlTemplate":"https:\/\/bertrand.pl\/?s={search_term_string}"},"query-input":{"@type":"PropertyValueSpecification","valueRequired":true,"valueName":"search_term_string"}}],"inLanguage":"fr-FR"},{"@type":"Organization","@id":"https:\/\/bertrand.pl\/#organization","name":"Bertrand.pl","url":"https:\/\/bertrand.pl\/","logo":{"@type":"ImageObject","inLanguage":"fr-FR","@id":"https:\/\/bertrand.pl\/#\/schema\/logo\/image\/","url":"https:\/\/bertrand.pl\/wp-content\/uploads\/2024\/12\/logo_BB_TM_PL_black.png","contentUrl":"https:\/\/bertrand.pl\/wp-content\/uploads\/2024\/12\/logo_BB_TM_PL_black.png","width":1831,"height":1831,"caption":"Bertrand.pl"},"image":{"@id":"https:\/\/bertrand.pl\/#\/schema\/logo\/image\/"},"sameAs":["https:\/\/www.facebook.com\/bertrandpolska\/","https:\/\/www.instagram.com\/bertrand_okna_i_drzwi\/","https:\/\/www.linkedin.com\/company\/bertrand\/","https:\/\/www.tiktok.com\/@bertrand_okna_drzwi"]}]}},"_links":{"self":[{"href":"https:\/\/bertrand.pl\/fr\/wp-json\/wp\/v2\/product\/5104","targetHints":{"allow":["GET"]}}],"collection":[{"href":"https:\/\/bertrand.pl\/fr\/wp-json\/wp\/v2\/product"}],"about":[{"href":"https:\/\/bertrand.pl\/fr\/wp-json\/wp\/v2\/types\/product"}],"wp:featuredmedia":[{"embeddable":true,"href":"https:\/\/bertrand.pl\/fr\/wp-json\/wp\/v2\/media\/5106"}],"wp:attachment":[{"href":"https:\/\/bertrand.pl\/fr\/wp-json\/wp\/v2\/media?parent=5104"}],"wp:term":[{"taxonomy":"product_brand","embeddable":true,"href":"https:\/\/bertrand.pl\/fr\/wp-json\/wp\/v2\/product_brand?post=5104"},{"taxonomy":"product_cat","embeddable":true,"href":"https:\/\/bertrand.pl\/fr\/wp-json\/wp\/v2\/product_cat?post=5104"},{"taxonomy":"product_tag","embeddable":true,"href":"https:\/\/bertrand.pl\/fr\/wp-json\/wp\/v2\/product_tag?post=5104"}],"curies":[{"name":"wp","href":"https:\/\/api.w.org\/{rel}","templated":true}]}}