{"id":5113,"date":"2024-09-18T13:55:49","date_gmt":"2024-09-18T11:55:49","guid":{"rendered":"https:\/\/bertrand.pl\/?post_type=product&#038;p=5113"},"modified":"2025-07-14T12:40:22","modified_gmt":"2025-07-14T10:40:22","slug":"mb-sr50n-2","status":"publish","type":"product","link":"https:\/\/bertrand.pl\/fr\/produkt\/mb-sr50n-2\/","title":{"rendered":"EFFET MB-SR50N"},"content":{"rendered":"<p><strong>Fa\u00e7ade MB-SR50N EFEKT \u2013 modernit\u00e9 et fonctionnalit\u00e9 dans la construction<\/strong><\/p>\n<p>&nbsp;<\/p>\n<p><strong>Fa\u00e7ade EFFET MB-SR50N<\/strong> est un syst\u00e8me de construction avanc\u00e9 d\u00e9di\u00e9 \u00e0 la construction de murs-rideaux l\u00e9gers, de toits et de lucarnes. Gr\u00e2ce \u00e0 cette solution, vous pouvez cr\u00e9er des structures alliant durabilit\u00e9, esth\u00e9tique et haute fonctionnalit\u00e9. De plus, le syst\u00e8me bas\u00e9 sur la technologie de montants et traverses MB-SR50N permet d&#039;affleurer les montants et traverses de l&#039;int\u00e9rieur, ce qui lui permet de s&#039;int\u00e9grer parfaitement dans les int\u00e9rieurs modernes.<\/p>\n<hr \/>\n<h3><strong>Particularit\u00e9s de la fa\u00e7ade MB-SR50N EFEKT<\/strong><\/h3>\n<p>&nbsp;<\/p>\n<h4><strong>Fa\u00e7ade en verre \u00e9l\u00e9gante<\/strong><\/h4>\n<p>&nbsp;<\/p>\n<p>La fa\u00e7ade offre une surface lisse et uniforme avec des lignes \u00e9troites de 2 cm de large. De plus, le remplissage des interstices avec du silicone augmente l\u2019\u00e9tanch\u00e9it\u00e9 et l\u2019isolation thermique, ce qui se traduit par un plus grand confort pour les utilisateurs du b\u00e2timent.<\/p>\n<h4><strong>Options de vitrage polyvalentes<\/strong><\/h4>\n<p>&nbsp;<\/p>\n<p>Prend en charge une vari\u00e9t\u00e9 de types de verre tels que\u00a0:<\/p>\n<ul>\n<li>verre \u00e0 chambre simple et double,<\/li>\n<li>verre feuillet\u00e9,<\/li>\n<li>panneaux opaques.<\/li>\n<\/ul>\n<p>Gr\u00e2ce \u00e0 cela, la fa\u00e7ade s&#039;adapte \u00e0 de nombreux projets et exigences des investisseurs.<\/p>\n<h4><strong>Capacit\u00e9 de charge et durabilit\u00e9 \u00e9lev\u00e9es<\/strong><\/h4>\n<p>&nbsp;<\/p>\n<p>Le syst\u00e8me transporte des charges de verre pesant jusqu&#039;\u00e0 450 kg. De plus, il offre le choix entre un montage sur cadre ou par points, ce qui augmente sa flexibilit\u00e9 dans les applications.<\/p>\n<hr \/>\n<h3><strong>Param\u00e8tres techniques de la fa\u00e7ade MB-SR50N EFEKT<\/strong><\/h3>\n<p>&nbsp;<\/p>\n<p>La fa\u00e7ade se d\u00e9marque :<\/p>\n<ul>\n<li><strong>Haute isolation thermique<\/strong>, qui r\u00e9pond aux normes de construction en mati\u00e8re d&#039;\u00e9conomie d&#039;\u00e9nergie,<\/li>\n<li>Possibilit\u00e9 de s&#039;adapter \u00e0 diverses conditions techniques,<\/li>\n<li><strong>R\u00e9sistance aux conditions climatiques difficiles<\/strong>, ce qui en fait une solution fiable pendant des ann\u00e9es.<\/li>\n<\/ul>\n<hr \/>\n<h3><strong>Pourquoi vaut-il la peine de choisir la fa\u00e7ade MB-SR50N EFEKT ?<\/strong><\/h3>\n<p>&nbsp;<\/p>\n<h4><strong>Design moderne<\/strong><\/h4>\n<p>La surface lisse et les lignes \u00e9troites s&#039;inscrivent dans les tendances de l&#039;architecture contemporaine. Gr\u00e2ce \u00e0 cela, la fa\u00e7ade ajoute de l&#039;\u00e9l\u00e9gance \u00e0 n&#039;importe quel b\u00e2timent.<\/p>\n<h4><strong>Fonctionnalit\u00e9 et polyvalence<\/strong><\/h4>\n<p>Diverses options de vitrage rendent la fa\u00e7ade adapt\u00e9e \u00e0 une utilisation dans les b\u00e2timents r\u00e9sidentiels, commerciaux et institutionnels.<\/p>\n<h4><strong>Efficacit\u00e9 \u00e9nerg\u00e9tique<\/strong><\/h4>\n<p>Gr\u00e2ce \u00e0 son excellente isolation thermique, la fa\u00e7ade r\u00e9duit les pertes de chaleur, ce qui signifie une baisse des co\u00fbts d&#039;exploitation du b\u00e2timent.<\/p>\n<h4><strong>Durabilit\u00e9 et fiabilit\u00e9<\/strong><\/h4>\n<p>La fa\u00e7ade a \u00e9t\u00e9 con\u00e7ue dans un souci d\u2019usage intensif et de long\u00e9vit\u00e9, ce qui en fait un excellent choix pour les investissements exigeants.<\/p>\n<hr \/>\n<h3><strong>Applications de la fa\u00e7ade MB-SR50N EFEKT<\/strong><\/h3>\n<p>&nbsp;<\/p>\n<p>La fa\u00e7ade MB-SR50N EFEKT est une solution polyvalente parfaite pour :<\/p>\n<ol>\n<li><strong>Immeubles de bureaux modernes<\/strong> \u2013 souligne l&#039;\u00e9l\u00e9gance et le prestige des b\u00e2timents d&#039;entreprise.<\/li>\n<li><strong>B\u00e2timents r\u00e9sidentiels<\/strong> \u2013 assure l\u2019esth\u00e9tique et l\u2019isolation thermique pour le confort des r\u00e9sidents.<\/li>\n<li><strong>Installations commerciales et de services<\/strong> \u2013 attire l\u2019attention et augmente la fonctionnalit\u00e9 des espaces commerciaux.<\/li>\n<li><strong>\u00c9quipements publics<\/strong> \u2013 les lucarnes et les verri\u00e8res ajoutent un caract\u00e8re moderne \u00e0 l&#039;architecture.<\/li>\n<\/ol>\n<figure style=\"width: 1014px\" class=\"wp-caption aligncenter\"><img fetchpriority=\"high\" decoding=\"async\" title=\"Fa\u00e7ade \" src=\"https:\/\/scontent-waw2-2.xx.fbcdn.net\/v\/t39.30808-6\/462375731_1057877833006694_8470772110020886313_n.jpg?_nc_cat=107&amp;ccb=1-7&amp;_nc_sid=127cfc&amp;_nc_ohc=EvqhjHAhy6cQ7kNvgFbsiDu&amp;_nc_zt=23&amp;_nc_ht=scontent-waw2-2.xx&amp;_nc_gid=Avi2ZayWx_BlXiSfSDXofoM&amp;oh=00_AYBn2DVlMCQFJZoKvA9ISHAsPUQeUXaYUQALaEKtGhNkMg&amp;oe=675DFC51\" alt=\"Fa\u00e7ade MB-SR50N EFEKT dans un des projets de Bertrand. Modernit\u00e9 et \u00e9l\u00e9gance dans la construction. \" width=\"1014\" height=\"676\" \/><figcaption class=\"wp-caption-text\">Fa\u00e7ade Bertrand<\/figcaption><\/figure>\n<hr \/>\n<h3><\/h3>\n<p>En r\u00e9sum\u00e9, c\u2019est une solution id\u00e9ale pour les b\u00e2timents alliant esth\u00e9tique, durabilit\u00e9 et efficacit\u00e9 \u00e9nerg\u00e9tique. De plus, les options de vitrage avanc\u00e9es et les technologies modernes permettent \u00e0 cette fa\u00e7ade de r\u00e9pondre aux normes les plus \u00e9lev\u00e9es de la construction moderne.<\/p>\n<p><strong>D\u00e9couvrez d&#039;autres fa\u00e7ades de Bertrand : <a href=\"https:\/\/bertrand.pl\/fr\/facades\/\" target=\"_new\" rel=\"noopener\">Fa\u00e7ades \u2013 Bertrand.pl<\/a><\/strong><\/p>\n<p>Voir la fa\u00e7ade moderne chez notre client : <a href=\"https:\/\/www.facebook.com\/photo\/?fbid=1061200346007776&amp;set=pcb.1061200432674434\">Facebook<\/a><\/p>","protected":false},"excerpt":{"rendered":"<p><strong>FA\u00c7ADE SEMI-STRUCTUR\u00c9E<\/strong><\/p>\n<p>Le syst\u00e8me MB-SR50N EFEKT est con\u00e7u pour la construction de murs-rideaux l\u00e9gers de type suspendu et \u00e0 remplissage. Il est \u00e9galement utilis\u00e9 pour cr\u00e9er des toitures, des verri\u00e8res et d'autres structures spatiales. La conception repose sur le syst\u00e8me \u00e9prouv\u00e9 de montants-traverses MB-SR50N. Il offre un large choix de profils et permet un alignement affleurant esth\u00e9tique des montants et traverses sur la face int\u00e9rieure de la fa\u00e7ade. Cela facilite une connexion harmonieuse avec l'int\u00e9rieur du b\u00e2timent.<\/p>","protected":false},"featured_media":5117,"template":"","meta":{"site-sidebar-layout":"default","site-content-layout":"","ast-site-content-layout":"default","site-content-style":"default","site-sidebar-style":"default","ast-global-header-display":"","ast-banner-title-visibility":"","ast-main-header-display":"","ast-hfb-above-header-display":"","ast-hfb-below-header-display":"","ast-hfb-mobile-header-display":"","site-post-title":"","ast-breadcrumbs-content":"","ast-featured-img":"","footer-sml-layout":"","ast-disable-related-posts":"","theme-transparent-header-meta":"default","adv-header-id-meta":"","stick-header-meta":"","header-above-stick-meta":"","header-main-stick-meta":"","header-below-stick-meta":"","astra-migrate-meta-layouts":"set","ast-page-background-enabled":"default","ast-page-background-meta":{"desktop":{"background-color":"var(--ast-global-color-4)","background-image":"","background-repeat":"repeat","background-position":"center center","background-size":"auto","background-attachment":"scroll","background-type":"","background-media":"","overlay-type":"","overlay-color":"","overlay-opacity":"","overlay-gradient":""},"tablet":{"background-color":"","background-image":"","background-repeat":"repeat","background-position":"center center","background-size":"auto","background-attachment":"scroll","background-type":"","background-media":"","overlay-type":"","overlay-color":"","overlay-opacity":"","overlay-gradient":""},"mobile":{"background-color":"","background-image":"","background-repeat":"repeat","background-position":"center center","background-size":"auto","background-attachment":"scroll","background-type":"","background-media":"","overlay-type":"","overlay-color":"","overlay-opacity":"","overlay-gradient":""}},"ast-content-background-meta":{"desktop":{"background-color":"var(--ast-global-color-5)","background-image":"","background-repeat":"repeat","background-position":"center center","background-size":"auto","background-attachment":"scroll","background-type":"","background-media":"","overlay-type":"","overlay-color":"","overlay-opacity":"","overlay-gradient":""},"tablet":{"background-color":"var(--ast-global-color-5)","background-image":"","background-repeat":"repeat","background-position":"center center","background-size":"auto","background-attachment":"scroll","background-type":"","background-media":"","overlay-type":"","overlay-color":"","overlay-opacity":"","overlay-gradient":""},"mobile":{"background-color":"var(--ast-global-color-5)","background-image":"","background-repeat":"repeat","background-position":"center center","background-size":"auto","background-attachment":"scroll","background-type":"","background-media":"","overlay-type":"","overlay-color":"","overlay-opacity":"","overlay-gradient":""}}},"product_brand":[],"product_cat":[20],"product_tag":[349,168,717,803,816,453,820,808,405,810,815,807,819,812,811,809,818,817,390,409,814,813],"class_list":{"0":"post-5113","1":"product","2":"type-product","3":"status-publish","4":"has-post-thumbnail","6":"product_cat-fasady","7":"product_tag-aluprof","8":"product_tag-bertrand","9":"product_tag-bertrand-okna-i-drzwi","10":"product_tag-dachy-szklane","11":"product_tag-elewacje","12":"product_tag-energooszczednosc","13":"product_tag-estetyka-fasady","14":"product_tag-fasada-szklana","15":"product_tag-izolacja-termiczna","16":"product_tag-konstrukcja-aluminiowa","17":"product_tag-konstrukcje-przestrzenne","18":"product_tag-mb-sr50n-efekt","19":"product_tag-mocowanie-szyb","20":"product_tag-odpornosc-na-warunki-atmosferyczne","21":"product_tag-silikon-konstrukcyjny","22":"product_tag-slupowo-ryglowy","23":"product_tag-swietliki","24":"product_tag-system-fasadowy","25":"product_tag-szczelnosc","26":"product_tag-szklenie","27":"product_tag-szklo-jedno-i-dwukomorowe","28":"product_tag-szklo-laminowane","29":"desktop-align-left","30":"tablet-align-left","31":"mobile-align-left","33":"first","34":"instock","35":"shipping-taxable","36":"product-type-simple"},"yoast_head":"<!-- This site is optimized with the Yoast SEO Premium plugin v27.2 (Yoast SEO v27.2) - https:\/\/yoast.com\/product\/yoast-seo-premium-wordpress\/ -->\n<title>MB-SR50N EFEKT \u2013 architektura \u015bwiat\u0142a i precyzji<\/title>\n<meta name=\"description\" content=\"MB-SR50N to elegancka fasada szklana i doskona\u0142a funkcjonalno\u015b\u0107! Idealne rozwi\u0105zanie dla nowoczesnych i eleganckich budynk\u00f3w\" \/>\n<meta name=\"robots\" content=\"index, follow, max-snippet:-1, max-image-preview:large, max-video-preview:-1\" \/>\n<link rel=\"canonical\" href=\"https:\/\/bertrand.pl\/fr\/produit\/mb-sr50n-2\/\" \/>\n<meta property=\"og:locale\" content=\"fr_FR\" \/>\n<meta property=\"og:type\" content=\"article\" \/>\n<meta property=\"og:title\" content=\"MB-SR50N EFEKT\" \/>\n<meta property=\"og:description\" content=\"MB-SR50N to elegancka fasada szklana i doskona\u0142a funkcjonalno\u015b\u0107! Idealne rozwi\u0105zanie dla nowoczesnych i eleganckich budynk\u00f3w\" \/>\n<meta property=\"og:url\" content=\"https:\/\/bertrand.pl\/fr\/produit\/mb-sr50n-2\/\" \/>\n<meta property=\"og:site_name\" content=\"Bertrand. Najwy\u017cszej jako\u015bci okna i drzwi. Certyfikowany producent od 1969 roku.\" \/>\n<meta property=\"article:publisher\" content=\"https:\/\/www.facebook.com\/bertrandpolska\/\" \/>\n<meta property=\"article:modified_time\" content=\"2025-07-14T10:40:22+00:00\" \/>\n<meta property=\"og:image\" content=\"https:\/\/bertrand.pl\/wp-content\/uploads\/2024\/09\/mb-sr50n-efekt-64-pl.webp\" \/>\n\t<meta property=\"og:image:width\" content=\"542\" \/>\n\t<meta property=\"og:image:height\" content=\"614\" \/>\n\t<meta property=\"og:image:type\" content=\"image\/webp\" \/>\n<meta name=\"twitter:card\" content=\"summary_large_image\" \/>\n<meta name=\"twitter:label1\" content=\"Dur\u00e9e de lecture estim\u00e9e\" \/>\n\t<meta name=\"twitter:data1\" content=\"3 minutes\" \/>\n<script type=\"application\/ld+json\" class=\"yoast-schema-graph\">{\"@context\":\"https:\/\/schema.org\",\"@graph\":[{\"@type\":\"WebPage\",\"@id\":\"https:\/\/bertrand.pl\/produkt\/mb-sr50n-2\/\",\"url\":\"https:\/\/bertrand.pl\/produkt\/mb-sr50n-2\/\",\"name\":\"MB-SR50N EFEKT \u2013 architektura \u015bwiat\u0142a i precyzji\",\"isPartOf\":{\"@id\":\"https:\/\/bertrand.pl\/#website\"},\"primaryImageOfPage\":{\"@id\":\"https:\/\/bertrand.pl\/produkt\/mb-sr50n-2\/#primaryimage\"},\"image\":{\"@id\":\"https:\/\/bertrand.pl\/produkt\/mb-sr50n-2\/#primaryimage\"},\"thumbnailUrl\":\"https:\/\/bertrand.pl\/wp-content\/uploads\/2024\/09\/mb-sr50n-efekt-64-pl.webp\",\"datePublished\":\"2024-09-18T11:55:49+00:00\",\"dateModified\":\"2025-07-14T10:40:22+00:00\",\"description\":\"MB-SR50N to elegancka fasada szklana i doskona\u0142a funkcjonalno\u015b\u0107! Idealne rozwi\u0105zanie dla nowoczesnych i eleganckich budynk\u00f3w\",\"breadcrumb\":{\"@id\":\"https:\/\/bertrand.pl\/produkt\/mb-sr50n-2\/#breadcrumb\"},\"inLanguage\":\"fr-FR\",\"potentialAction\":[{\"@type\":\"ReadAction\",\"target\":[\"https:\/\/bertrand.pl\/produkt\/mb-sr50n-2\/\"]}]},{\"@type\":\"ImageObject\",\"inLanguage\":\"fr-FR\",\"@id\":\"https:\/\/bertrand.pl\/produkt\/mb-sr50n-2\/#primaryimage\",\"url\":\"https:\/\/bertrand.pl\/wp-content\/uploads\/2024\/09\/mb-sr50n-efekt-64-pl.webp\",\"contentUrl\":\"https:\/\/bertrand.pl\/wp-content\/uploads\/2024\/09\/mb-sr50n-efekt-64-pl.webp\",\"width\":542,\"height\":614,\"caption\":\"Fasada MB SR 50N\"},{\"@type\":\"BreadcrumbList\",\"@id\":\"https:\/\/bertrand.pl\/produkt\/mb-sr50n-2\/#breadcrumb\",\"itemListElement\":[{\"@type\":\"ListItem\",\"position\":1,\"name\":\"Strona g\u0142\u00f3wna\",\"item\":\"https:\/\/bertrand.pl\/\"},{\"@type\":\"ListItem\",\"position\":2,\"name\":\"Produits\",\"item\":\"https:\/\/bertrand.pl\/fr\/shop\/\"},{\"@type\":\"ListItem\",\"position\":3,\"name\":\"MB-SR50N EFEKT\"}]},{\"@type\":\"WebSite\",\"@id\":\"https:\/\/bertrand.pl\/#website\",\"url\":\"https:\/\/bertrand.pl\/\",\"name\":\"Bertrand.pl\",\"description\":\"Firma Bertrand to certyfikowany i uznany producent najwy\u017cszej jako\u015bci okien z PVC, z drewna lub aluminium. Produkcja drzwi, rolet i bram gara\u017cowych.\",\"publisher\":{\"@id\":\"https:\/\/bertrand.pl\/#organization\"},\"potentialAction\":[{\"@type\":\"SearchAction\",\"target\":{\"@type\":\"EntryPoint\",\"urlTemplate\":\"https:\/\/bertrand.pl\/?s={search_term_string}\"},\"query-input\":{\"@type\":\"PropertyValueSpecification\",\"valueRequired\":true,\"valueName\":\"search_term_string\"}}],\"inLanguage\":\"fr-FR\"},{\"@type\":\"Organization\",\"@id\":\"https:\/\/bertrand.pl\/#organization\",\"name\":\"Bertrand.pl\",\"url\":\"https:\/\/bertrand.pl\/\",\"logo\":{\"@type\":\"ImageObject\",\"inLanguage\":\"fr-FR\",\"@id\":\"https:\/\/bertrand.pl\/#\/schema\/logo\/image\/\",\"url\":\"https:\/\/bertrand.pl\/wp-content\/uploads\/2024\/12\/logo_BB_TM_PL_black.png\",\"contentUrl\":\"https:\/\/bertrand.pl\/wp-content\/uploads\/2024\/12\/logo_BB_TM_PL_black.png\",\"width\":1831,\"height\":1831,\"caption\":\"Bertrand.pl\"},\"image\":{\"@id\":\"https:\/\/bertrand.pl\/#\/schema\/logo\/image\/\"},\"sameAs\":[\"https:\/\/www.facebook.com\/bertrandpolska\/\",\"https:\/\/www.instagram.com\/bertrand_okna_i_drzwi\/\",\"https:\/\/www.linkedin.com\/company\/bertrand\/\",\"https:\/\/www.tiktok.com\/@bertrand_okna_drzwi\"]}]}<\/script>\n<!-- \/ Yoast SEO Premium plugin. -->","yoast_head_json":{"title":"MB-SR50N EFEKT \u2013 architektura \u015bwiat\u0142a i precyzji","description":"MB-SR50N est une fa\u00e7ade en verre \u00e9l\u00e9gante et une excellente fonctionnalit\u00e9 ! La solution parfaite pour des b\u00e2timents modernes et \u00e9l\u00e9gants","robots":{"index":"index","follow":"follow","max-snippet":"max-snippet:-1","max-image-preview":"max-image-preview:large","max-video-preview":"max-video-preview:-1"},"canonical":"https:\/\/bertrand.pl\/fr\/produit\/mb-sr50n-2\/","og_locale":"fr_FR","og_type":"article","og_title":"MB-SR50N EFEKT","og_description":"MB-SR50N to elegancka fasada szklana i doskona\u0142a funkcjonalno\u015b\u0107! Idealne rozwi\u0105zanie dla nowoczesnych i eleganckich budynk\u00f3w","og_url":"https:\/\/bertrand.pl\/fr\/produit\/mb-sr50n-2\/","og_site_name":"Bertrand. Najwy\u017cszej jako\u015bci okna i drzwi. Certyfikowany producent od 1969 roku.","article_publisher":"https:\/\/www.facebook.com\/bertrandpolska\/","article_modified_time":"2025-07-14T10:40:22+00:00","og_image":[{"width":542,"height":614,"url":"https:\/\/bertrand.pl\/wp-content\/uploads\/2024\/09\/mb-sr50n-efekt-64-pl.webp","type":"image\/webp"}],"twitter_card":"summary_large_image","twitter_misc":{"Dur\u00e9e de lecture estim\u00e9e":"3 minutes"},"schema":{"@context":"https:\/\/schema.org","@graph":[{"@type":"WebPage","@id":"https:\/\/bertrand.pl\/produkt\/mb-sr50n-2\/","url":"https:\/\/bertrand.pl\/produkt\/mb-sr50n-2\/","name":"MB-SR50N EFEKT \u2013 architektura \u015bwiat\u0142a i precyzji","isPartOf":{"@id":"https:\/\/bertrand.pl\/#website"},"primaryImageOfPage":{"@id":"https:\/\/bertrand.pl\/produkt\/mb-sr50n-2\/#primaryimage"},"image":{"@id":"https:\/\/bertrand.pl\/produkt\/mb-sr50n-2\/#primaryimage"},"thumbnailUrl":"https:\/\/bertrand.pl\/wp-content\/uploads\/2024\/09\/mb-sr50n-efekt-64-pl.webp","datePublished":"2024-09-18T11:55:49+00:00","dateModified":"2025-07-14T10:40:22+00:00","description":"MB-SR50N est une fa\u00e7ade en verre \u00e9l\u00e9gante et une excellente fonctionnalit\u00e9 ! La solution parfaite pour des b\u00e2timents modernes et \u00e9l\u00e9gants","breadcrumb":{"@id":"https:\/\/bertrand.pl\/produkt\/mb-sr50n-2\/#breadcrumb"},"inLanguage":"fr-FR","potentialAction":[{"@type":"ReadAction","target":["https:\/\/bertrand.pl\/produkt\/mb-sr50n-2\/"]}]},{"@type":"ImageObject","inLanguage":"fr-FR","@id":"https:\/\/bertrand.pl\/produkt\/mb-sr50n-2\/#primaryimage","url":"https:\/\/bertrand.pl\/wp-content\/uploads\/2024\/09\/mb-sr50n-efekt-64-pl.webp","contentUrl":"https:\/\/bertrand.pl\/wp-content\/uploads\/2024\/09\/mb-sr50n-efekt-64-pl.webp","width":542,"height":614,"caption":"Fasada MB SR 50N"},{"@type":"BreadcrumbList","@id":"https:\/\/bertrand.pl\/produkt\/mb-sr50n-2\/#breadcrumb","itemListElement":[{"@type":"ListItem","position":1,"name":"Strona g\u0142\u00f3wna","item":"https:\/\/bertrand.pl\/"},{"@type":"ListItem","position":2,"name":"Produits","item":"https:\/\/bertrand.pl\/fr\/shop\/"},{"@type":"ListItem","position":3,"name":"MB-SR50N EFEKT"}]},{"@type":"WebSite","@id":"https:\/\/bertrand.pl\/#website","url":"https:\/\/bertrand.pl\/","name":"Bertrand.pl","description":"Firma Bertrand to certyfikowany i uznany producent najwy\u017cszej jako\u015bci okien z PVC, z drewna lub aluminium. Produkcja drzwi, rolet i bram gara\u017cowych.","publisher":{"@id":"https:\/\/bertrand.pl\/#organization"},"potentialAction":[{"@type":"SearchAction","target":{"@type":"EntryPoint","urlTemplate":"https:\/\/bertrand.pl\/?s={search_term_string}"},"query-input":{"@type":"PropertyValueSpecification","valueRequired":true,"valueName":"search_term_string"}}],"inLanguage":"fr-FR"},{"@type":"Organization","@id":"https:\/\/bertrand.pl\/#organization","name":"Bertrand.pl","url":"https:\/\/bertrand.pl\/","logo":{"@type":"ImageObject","inLanguage":"fr-FR","@id":"https:\/\/bertrand.pl\/#\/schema\/logo\/image\/","url":"https:\/\/bertrand.pl\/wp-content\/uploads\/2024\/12\/logo_BB_TM_PL_black.png","contentUrl":"https:\/\/bertrand.pl\/wp-content\/uploads\/2024\/12\/logo_BB_TM_PL_black.png","width":1831,"height":1831,"caption":"Bertrand.pl"},"image":{"@id":"https:\/\/bertrand.pl\/#\/schema\/logo\/image\/"},"sameAs":["https:\/\/www.facebook.com\/bertrandpolska\/","https:\/\/www.instagram.com\/bertrand_okna_i_drzwi\/","https:\/\/www.linkedin.com\/company\/bertrand\/","https:\/\/www.tiktok.com\/@bertrand_okna_drzwi"]}]}},"_links":{"self":[{"href":"https:\/\/bertrand.pl\/fr\/wp-json\/wp\/v2\/product\/5113","targetHints":{"allow":["GET"]}}],"collection":[{"href":"https:\/\/bertrand.pl\/fr\/wp-json\/wp\/v2\/product"}],"about":[{"href":"https:\/\/bertrand.pl\/fr\/wp-json\/wp\/v2\/types\/product"}],"wp:featuredmedia":[{"embeddable":true,"href":"https:\/\/bertrand.pl\/fr\/wp-json\/wp\/v2\/media\/5117"}],"wp:attachment":[{"href":"https:\/\/bertrand.pl\/fr\/wp-json\/wp\/v2\/media?parent=5113"}],"wp:term":[{"taxonomy":"product_brand","embeddable":true,"href":"https:\/\/bertrand.pl\/fr\/wp-json\/wp\/v2\/product_brand?post=5113"},{"taxonomy":"product_cat","embeddable":true,"href":"https:\/\/bertrand.pl\/fr\/wp-json\/wp\/v2\/product_cat?post=5113"},{"taxonomy":"product_tag","embeddable":true,"href":"https:\/\/bertrand.pl\/fr\/wp-json\/wp\/v2\/product_tag?post=5113"}],"curies":[{"name":"wp","href":"https:\/\/api.w.org\/{rel}","templated":true}]}}