{"id":5119,"date":"2024-09-18T08:34:11","date_gmt":"2024-09-18T06:34:11","guid":{"rendered":"https:\/\/bertrand.pl\/?post_type=product&#038;p=5119"},"modified":"2025-07-14T14:57:01","modified_gmt":"2025-07-14T12:57:01","slug":"mb-sr50n-iw","status":"publish","type":"product","link":"https:\/\/bertrand.pl\/fr\/produkt\/mb-sr50n-iw\/","title":{"rendered":"MB-SR50N IW"},"content":{"rendered":"<h3>Syst\u00e8me de murs-rideaux MB-SR50N IW \u2013 solutions modernes pour fa\u00e7ades \u00e0 poteaux et poutres<\/h3>\n<p>&nbsp;<\/p>\n<p>Le syst\u00e8me de mur-rideau MB-SR50N IW est une solution innovante qui permet l&#039;utilisation d&#039;une vari\u00e9t\u00e9 de fen\u00eatres dans les fa\u00e7ades \u00e0 meneaux et traverses, offrant \u00e0 la fois esth\u00e9tique et fonctionnalit\u00e9. Gr\u00e2ce \u00e0 ce syst\u00e8me, les architectes et les investisseurs peuvent cr\u00e9er des fa\u00e7ades de b\u00e2timents modernes, \u00e9conomes en \u00e9nergie et visuellement attrayantes.<\/p>\n<h4>Vari\u00e9t\u00e9 de fen\u00eatres dans le syst\u00e8me MB-SR50N IW<\/h4>\n<p>&nbsp;<\/p>\n<p>Le syst\u00e8me MB-SR50N IW permet l\u2019installation de diff\u00e9rents types de fen\u00eatres qui s\u2019adaptent parfaitement aux besoins des conceptions architecturales contemporaines. Les solutions les plus importantes incluent :<\/p>\n<ol>\n<li><strong>Fen\u00eatres \u00e0 cadre apparent<\/strong>:\n<ul>\n<li>Ils peuvent \u00eatre ouverts vers l&#039;int\u00e9rieur ou vers l&#039;ext\u00e9rieur.<\/li>\n<li>Ils offrent durabilit\u00e9 et \u00e9tanch\u00e9it\u00e9, ce qui en fait un choix id\u00e9al pour les b\u00e2timents commerciaux et de bureaux.<\/li>\n<\/ul>\n<\/li>\n<li><strong>Fen\u00eatres ext\u00e9rieures sans cadre<\/strong>:\n<ul>\n<li>Inclin\u00e9 vers l&#039;ext\u00e9rieur \u00e0 l&#039;aide de profils de syst\u00e8me structurel.<\/li>\n<li>Le design minimaliste conf\u00e8re \u00e0 la fa\u00e7ade une apparence \u00e9l\u00e9gante, ce qui est essentiel pour les b\u00e2timents de style moderne.<\/li>\n<\/ul>\n<\/li>\n<\/ol>\n<h4>Fen\u00eatres modernes qui s&#039;ouvrent vers l&#039;int\u00e9rieur<\/h4>\n<p>&nbsp;<\/p>\n<p>Une solution sp\u00e9ciale est <strong>fen\u00eatres ouvrant vers l&#039;int\u00e9rieur<\/strong>, qui se distinguent par leur esth\u00e9tique exceptionnelle. En effet, vus de l&#039;ext\u00e9rieur, ils ressemblent \u00e0 des vitrages fixes, ce qui contribue \u00e0 maintenir l&#039;uniformit\u00e9 visuelle de la fa\u00e7ade. \u00c0 l&#039;int\u00e9rieur, ils cr\u00e9ent une surface uniforme avec les profils des poteaux et des poutres. Gr\u00e2ce \u00e0 cette solution, nous obtenons \u00e0 la fois une coh\u00e9rence visuelle et une fonctionnalit\u00e9.<\/p>\n<h4>Vitrage structurel et isolation thermique<\/h4>\n<p>&nbsp;<\/p>\n<p>Le syst\u00e8me MB-SR50 IW utilise <strong>vitrage structurel<\/strong> avec verre coll\u00e9 sans &quot;marche&quot;. Cette approche moderne garantit :<\/p>\n<ul>\n<li>Esth\u00e9tique exceptionnelle \u2013 l\u2019absence de bords de verre visibles am\u00e9liore la valeur visuelle.<\/li>\n<li>Excellente isolation thermique \u2013 coefficient de transfert thermique Uf=1,82 W\/m\u00b2K dans la version standard. Gr\u00e2ce \u00e0 cela, le syst\u00e8me contribue \u00e0 r\u00e9duire les co\u00fbts d\u2019exploitation des b\u00e2timents.<\/li>\n<\/ul>\n<h4>Variantes disponibles dans le syst\u00e8me MB-SR50N IW<\/h4>\n<p>&nbsp;<\/p>\n<p>Le syst\u00e8me propose diff\u00e9rentes variantes, permettant de l&#039;adapter aux besoins de conception individuels :<\/p>\n<ul>\n<li><strong>Standard<\/strong> \u2013 look classique et fonctionnalit\u00e9.<\/li>\n<li><strong>Avec bande plate<\/strong> \u2013 offrant un design minimaliste.<\/li>\n<li><strong>EFFET<\/strong> \u2013 une solution d\u00e9di\u00e9e aux projets exigeant la plus haute esth\u00e9tique.<\/li>\n<\/ul>\n<p>Ce syst\u00e8me est un choix id\u00e9al pour les investisseurs et les architectes \u00e0 la recherche de solutions modernes pour les fa\u00e7ades \u00e0 poteaux et poutres. Sa polyvalence, son esth\u00e9tique et ses excellents param\u00e8tres techniques en font l\u2019une des solutions les plus fr\u00e9quemment choisies dans la construction moderne. L\u2019utilisation de ce syst\u00e8me garantit une fa\u00e7ade visuellement attrayante qui r\u00e9pond \u00e9galement aux normes d\u2019isolation thermique les plus \u00e9lev\u00e9es.<\/p>","protected":false},"excerpt":{"rendered":"<p><strong>FA\u00c7ADE AVEC FEN\u00caTRE INT\u00c9GR\u00c9E<\/strong><\/p>\n<p>Un syst\u00e8me de mur-rideau avec une fen\u00eatre ouvrant vers l\u2019int\u00e9rieur et un cadre invisible \u00e0 l\u2019ext\u00e9rieur.<\/p>","protected":false},"featured_media":5121,"template":"","meta":{"site-sidebar-layout":"default","site-content-layout":"","ast-site-content-layout":"default","site-content-style":"default","site-sidebar-style":"default","ast-global-header-display":"","ast-banner-title-visibility":"","ast-main-header-display":"","ast-hfb-above-header-display":"","ast-hfb-below-header-display":"","ast-hfb-mobile-header-display":"","site-post-title":"","ast-breadcrumbs-content":"","ast-featured-img":"","footer-sml-layout":"","ast-disable-related-posts":"","theme-transparent-header-meta":"default","adv-header-id-meta":"","stick-header-meta":"","header-above-stick-meta":"","header-main-stick-meta":"","header-below-stick-meta":"","astra-migrate-meta-layouts":"set","ast-page-background-enabled":"default","ast-page-background-meta":{"desktop":{"background-color":"var(--ast-global-color-4)","background-image":"","background-repeat":"repeat","background-position":"center center","background-size":"auto","background-attachment":"scroll","background-type":"","background-media":"","overlay-type":"","overlay-color":"","overlay-opacity":"","overlay-gradient":""},"tablet":{"background-color":"","background-image":"","background-repeat":"repeat","background-position":"center center","background-size":"auto","background-attachment":"scroll","background-type":"","background-media":"","overlay-type":"","overlay-color":"","overlay-opacity":"","overlay-gradient":""},"mobile":{"background-color":"","background-image":"","background-repeat":"repeat","background-position":"center center","background-size":"auto","background-attachment":"scroll","background-type":"","background-media":"","overlay-type":"","overlay-color":"","overlay-opacity":"","overlay-gradient":""}},"ast-content-background-meta":{"desktop":{"background-color":"var(--ast-global-color-5)","background-image":"","background-repeat":"repeat","background-position":"center center","background-size":"auto","background-attachment":"scroll","background-type":"","background-media":"","overlay-type":"","overlay-color":"","overlay-opacity":"","overlay-gradient":""},"tablet":{"background-color":"var(--ast-global-color-5)","background-image":"","background-repeat":"repeat","background-position":"center center","background-size":"auto","background-attachment":"scroll","background-type":"","background-media":"","overlay-type":"","overlay-color":"","overlay-opacity":"","overlay-gradient":""},"mobile":{"background-color":"var(--ast-global-color-5)","background-image":"","background-repeat":"repeat","background-position":"center center","background-size":"auto","background-attachment":"scroll","background-type":"","background-media":"","overlay-type":"","overlay-color":"","overlay-opacity":"","overlay-gradient":""}}},"product_brand":[],"product_cat":[20],"product_tag":[349,168,717,816,661,824,417,825,821,831,827,823,822,809,826,828,829,830],"class_list":{"0":"post-5119","1":"product","2":"type-product","3":"status-publish","4":"has-post-thumbnail","6":"product_cat-fasady","7":"product_tag-aluprof","8":"product_tag-bertrand","9":"product_tag-bertrand-okna-i-drzwi","10":"product_tag-elewacje","11":"product_tag-estetyka","12":"product_tag-fasada-bezramowa","13":"product_tag-fasady","14":"product_tag-izolacyjnosc-termiczna","15":"product_tag-mb-sr50-iw","16":"product_tag-nowoczesne-okna","17":"product_tag-okno-bezramowe","18":"product_tag-okno-otwierane-do-wewnatrz","19":"product_tag-sciana-oslonowa","20":"product_tag-slupowo-ryglowy","21":"product_tag-strukturalne-przeszklenie","22":"product_tag-system-efekt","23":"product_tag-szklenie-strukturalne","24":"product_tag-wspolczynnik-uf","25":"desktop-align-left","26":"tablet-align-left","27":"mobile-align-left","29":"first","30":"instock","31":"shipping-taxable","32":"product-type-simple"},"yoast_head":"<!-- This site is optimized with the Yoast SEO Premium plugin v27.2 (Yoast SEO v27.2) - https:\/\/yoast.com\/product\/yoast-seo-premium-wordpress\/ -->\n<title>MB-SR50N IW \u2013 funkcjonalno\u015b\u0107 ukryta w fasadzie<\/title>\n<meta name=\"description\" content=\"MB-SR50N IW. System \u015bciany os\u0142onowej z oknem otwieranym do wewn\u0105trz, z niewidoczn\u0105 ram\u0105 od strony zewn\u0119trznej. Dost\u0119pna w trzech wariantach.\" \/>\n<meta name=\"robots\" content=\"index, follow, max-snippet:-1, max-image-preview:large, max-video-preview:-1\" \/>\n<link rel=\"canonical\" href=\"https:\/\/bertrand.pl\/fr\/produit\/mb-sr50n-iw\/\" \/>\n<meta property=\"og:locale\" content=\"fr_FR\" \/>\n<meta property=\"og:type\" content=\"article\" \/>\n<meta property=\"og:title\" content=\"MB-SR50N IW\" \/>\n<meta property=\"og:description\" content=\"MB-SR50N IW. System \u015bciany os\u0142onowej z oknem otwieranym do wewn\u0105trz, z niewidoczn\u0105 ram\u0105 od strony zewn\u0119trznej. Dost\u0119pna w trzech wariantach.\" \/>\n<meta property=\"og:url\" content=\"https:\/\/bertrand.pl\/fr\/produit\/mb-sr50n-iw\/\" \/>\n<meta property=\"og:site_name\" content=\"Bertrand. Najwy\u017cszej jako\u015bci okna i drzwi. Certyfikowany producent od 1969 roku.\" \/>\n<meta property=\"article:publisher\" content=\"https:\/\/www.facebook.com\/bertrandpolska\/\" \/>\n<meta property=\"article:modified_time\" content=\"2025-07-14T12:57:01+00:00\" \/>\n<meta property=\"og:image\" content=\"https:\/\/bertrand.pl\/wp-content\/uploads\/2024\/09\/mb-sr50n-iw-75-pl.webp\" \/>\n\t<meta property=\"og:image:width\" content=\"613\" \/>\n\t<meta property=\"og:image:height\" content=\"614\" \/>\n\t<meta property=\"og:image:type\" content=\"image\/webp\" \/>\n<meta name=\"twitter:card\" content=\"summary_large_image\" \/>\n<meta name=\"twitter:label1\" content=\"Dur\u00e9e de lecture estim\u00e9e\" \/>\n\t<meta name=\"twitter:data1\" content=\"3 minutes\" \/>\n<script type=\"application\/ld+json\" class=\"yoast-schema-graph\">{\"@context\":\"https:\/\/schema.org\",\"@graph\":[{\"@type\":\"WebPage\",\"@id\":\"https:\/\/bertrand.pl\/produkt\/mb-sr50n-iw\/\",\"url\":\"https:\/\/bertrand.pl\/produkt\/mb-sr50n-iw\/\",\"name\":\"MB-SR50N IW \u2013 funkcjonalno\u015b\u0107 ukryta w fasadzie\",\"isPartOf\":{\"@id\":\"https:\/\/bertrand.pl\/#website\"},\"primaryImageOfPage\":{\"@id\":\"https:\/\/bertrand.pl\/produkt\/mb-sr50n-iw\/#primaryimage\"},\"image\":{\"@id\":\"https:\/\/bertrand.pl\/produkt\/mb-sr50n-iw\/#primaryimage\"},\"thumbnailUrl\":\"https:\/\/bertrand.pl\/wp-content\/uploads\/2024\/09\/mb-sr50n-iw-75-pl.webp\",\"datePublished\":\"2024-09-18T06:34:11+00:00\",\"dateModified\":\"2025-07-14T12:57:01+00:00\",\"description\":\"MB-SR50N IW. System \u015bciany os\u0142onowej z oknem otwieranym do wewn\u0105trz, z niewidoczn\u0105 ram\u0105 od strony zewn\u0119trznej. Dost\u0119pna w trzech wariantach.\",\"breadcrumb\":{\"@id\":\"https:\/\/bertrand.pl\/produkt\/mb-sr50n-iw\/#breadcrumb\"},\"inLanguage\":\"fr-FR\",\"potentialAction\":[{\"@type\":\"ReadAction\",\"target\":[\"https:\/\/bertrand.pl\/produkt\/mb-sr50n-iw\/\"]}]},{\"@type\":\"ImageObject\",\"inLanguage\":\"fr-FR\",\"@id\":\"https:\/\/bertrand.pl\/produkt\/mb-sr50n-iw\/#primaryimage\",\"url\":\"https:\/\/bertrand.pl\/wp-content\/uploads\/2024\/09\/mb-sr50n-iw-75-pl.webp\",\"contentUrl\":\"https:\/\/bertrand.pl\/wp-content\/uploads\/2024\/09\/mb-sr50n-iw-75-pl.webp\",\"width\":613,\"height\":614},{\"@type\":\"BreadcrumbList\",\"@id\":\"https:\/\/bertrand.pl\/produkt\/mb-sr50n-iw\/#breadcrumb\",\"itemListElement\":[{\"@type\":\"ListItem\",\"position\":1,\"name\":\"Strona g\u0142\u00f3wna\",\"item\":\"https:\/\/bertrand.pl\/\"},{\"@type\":\"ListItem\",\"position\":2,\"name\":\"Produits\",\"item\":\"https:\/\/bertrand.pl\/fr\/shop\/\"},{\"@type\":\"ListItem\",\"position\":3,\"name\":\"MB-SR50N IW\"}]},{\"@type\":\"WebSite\",\"@id\":\"https:\/\/bertrand.pl\/#website\",\"url\":\"https:\/\/bertrand.pl\/\",\"name\":\"Bertrand.pl\",\"description\":\"Firma Bertrand to certyfikowany i uznany producent najwy\u017cszej jako\u015bci okien z PVC, z drewna lub aluminium. Produkcja drzwi, rolet i bram gara\u017cowych.\",\"publisher\":{\"@id\":\"https:\/\/bertrand.pl\/#organization\"},\"potentialAction\":[{\"@type\":\"SearchAction\",\"target\":{\"@type\":\"EntryPoint\",\"urlTemplate\":\"https:\/\/bertrand.pl\/?s={search_term_string}\"},\"query-input\":{\"@type\":\"PropertyValueSpecification\",\"valueRequired\":true,\"valueName\":\"search_term_string\"}}],\"inLanguage\":\"fr-FR\"},{\"@type\":\"Organization\",\"@id\":\"https:\/\/bertrand.pl\/#organization\",\"name\":\"Bertrand.pl\",\"url\":\"https:\/\/bertrand.pl\/\",\"logo\":{\"@type\":\"ImageObject\",\"inLanguage\":\"fr-FR\",\"@id\":\"https:\/\/bertrand.pl\/#\/schema\/logo\/image\/\",\"url\":\"https:\/\/bertrand.pl\/wp-content\/uploads\/2024\/12\/logo_BB_TM_PL_black.png\",\"contentUrl\":\"https:\/\/bertrand.pl\/wp-content\/uploads\/2024\/12\/logo_BB_TM_PL_black.png\",\"width\":1831,\"height\":1831,\"caption\":\"Bertrand.pl\"},\"image\":{\"@id\":\"https:\/\/bertrand.pl\/#\/schema\/logo\/image\/\"},\"sameAs\":[\"https:\/\/www.facebook.com\/bertrandpolska\/\",\"https:\/\/www.instagram.com\/bertrand_okna_i_drzwi\/\",\"https:\/\/www.linkedin.com\/company\/bertrand\/\",\"https:\/\/www.tiktok.com\/@bertrand_okna_drzwi\"]}]}<\/script>\n<!-- \/ Yoast SEO Premium plugin. -->","yoast_head_json":{"title":"MB-SR50N IW \u2013 funkcjonalno\u015b\u0107 ukryta w fasadzie","description":"MB-SR50N IW. Un syst\u00e8me de mur-rideau avec une fen\u00eatre s&#039;ouvrant vers l&#039;int\u00e9rieur et un cadre invisible de l&#039;ext\u00e9rieur. Disponible en trois variantes.","robots":{"index":"index","follow":"follow","max-snippet":"max-snippet:-1","max-image-preview":"max-image-preview:large","max-video-preview":"max-video-preview:-1"},"canonical":"https:\/\/bertrand.pl\/fr\/produit\/mb-sr50n-iw\/","og_locale":"fr_FR","og_type":"article","og_title":"MB-SR50N IW","og_description":"MB-SR50N IW. System \u015bciany os\u0142onowej z oknem otwieranym do wewn\u0105trz, z niewidoczn\u0105 ram\u0105 od strony zewn\u0119trznej. Dost\u0119pna w trzech wariantach.","og_url":"https:\/\/bertrand.pl\/fr\/produit\/mb-sr50n-iw\/","og_site_name":"Bertrand. Najwy\u017cszej jako\u015bci okna i drzwi. Certyfikowany producent od 1969 roku.","article_publisher":"https:\/\/www.facebook.com\/bertrandpolska\/","article_modified_time":"2025-07-14T12:57:01+00:00","og_image":[{"width":613,"height":614,"url":"https:\/\/bertrand.pl\/wp-content\/uploads\/2024\/09\/mb-sr50n-iw-75-pl.webp","type":"image\/webp"}],"twitter_card":"summary_large_image","twitter_misc":{"Dur\u00e9e de lecture estim\u00e9e":"3 minutes"},"schema":{"@context":"https:\/\/schema.org","@graph":[{"@type":"WebPage","@id":"https:\/\/bertrand.pl\/produkt\/mb-sr50n-iw\/","url":"https:\/\/bertrand.pl\/produkt\/mb-sr50n-iw\/","name":"MB-SR50N IW \u2013 funkcjonalno\u015b\u0107 ukryta w fasadzie","isPartOf":{"@id":"https:\/\/bertrand.pl\/#website"},"primaryImageOfPage":{"@id":"https:\/\/bertrand.pl\/produkt\/mb-sr50n-iw\/#primaryimage"},"image":{"@id":"https:\/\/bertrand.pl\/produkt\/mb-sr50n-iw\/#primaryimage"},"thumbnailUrl":"https:\/\/bertrand.pl\/wp-content\/uploads\/2024\/09\/mb-sr50n-iw-75-pl.webp","datePublished":"2024-09-18T06:34:11+00:00","dateModified":"2025-07-14T12:57:01+00:00","description":"MB-SR50N IW. Un syst\u00e8me de mur-rideau avec une fen\u00eatre s&#039;ouvrant vers l&#039;int\u00e9rieur et un cadre invisible de l&#039;ext\u00e9rieur. Disponible en trois variantes.","breadcrumb":{"@id":"https:\/\/bertrand.pl\/produkt\/mb-sr50n-iw\/#breadcrumb"},"inLanguage":"fr-FR","potentialAction":[{"@type":"ReadAction","target":["https:\/\/bertrand.pl\/produkt\/mb-sr50n-iw\/"]}]},{"@type":"ImageObject","inLanguage":"fr-FR","@id":"https:\/\/bertrand.pl\/produkt\/mb-sr50n-iw\/#primaryimage","url":"https:\/\/bertrand.pl\/wp-content\/uploads\/2024\/09\/mb-sr50n-iw-75-pl.webp","contentUrl":"https:\/\/bertrand.pl\/wp-content\/uploads\/2024\/09\/mb-sr50n-iw-75-pl.webp","width":613,"height":614},{"@type":"BreadcrumbList","@id":"https:\/\/bertrand.pl\/produkt\/mb-sr50n-iw\/#breadcrumb","itemListElement":[{"@type":"ListItem","position":1,"name":"Strona g\u0142\u00f3wna","item":"https:\/\/bertrand.pl\/"},{"@type":"ListItem","position":2,"name":"Produits","item":"https:\/\/bertrand.pl\/fr\/shop\/"},{"@type":"ListItem","position":3,"name":"MB-SR50N IW"}]},{"@type":"WebSite","@id":"https:\/\/bertrand.pl\/#website","url":"https:\/\/bertrand.pl\/","name":"Bertrand.pl","description":"Firma Bertrand to certyfikowany i uznany producent najwy\u017cszej jako\u015bci okien z PVC, z drewna lub aluminium. Produkcja drzwi, rolet i bram gara\u017cowych.","publisher":{"@id":"https:\/\/bertrand.pl\/#organization"},"potentialAction":[{"@type":"SearchAction","target":{"@type":"EntryPoint","urlTemplate":"https:\/\/bertrand.pl\/?s={search_term_string}"},"query-input":{"@type":"PropertyValueSpecification","valueRequired":true,"valueName":"search_term_string"}}],"inLanguage":"fr-FR"},{"@type":"Organization","@id":"https:\/\/bertrand.pl\/#organization","name":"Bertrand.pl","url":"https:\/\/bertrand.pl\/","logo":{"@type":"ImageObject","inLanguage":"fr-FR","@id":"https:\/\/bertrand.pl\/#\/schema\/logo\/image\/","url":"https:\/\/bertrand.pl\/wp-content\/uploads\/2024\/12\/logo_BB_TM_PL_black.png","contentUrl":"https:\/\/bertrand.pl\/wp-content\/uploads\/2024\/12\/logo_BB_TM_PL_black.png","width":1831,"height":1831,"caption":"Bertrand.pl"},"image":{"@id":"https:\/\/bertrand.pl\/#\/schema\/logo\/image\/"},"sameAs":["https:\/\/www.facebook.com\/bertrandpolska\/","https:\/\/www.instagram.com\/bertrand_okna_i_drzwi\/","https:\/\/www.linkedin.com\/company\/bertrand\/","https:\/\/www.tiktok.com\/@bertrand_okna_drzwi"]}]}},"_links":{"self":[{"href":"https:\/\/bertrand.pl\/fr\/wp-json\/wp\/v2\/product\/5119","targetHints":{"allow":["GET"]}}],"collection":[{"href":"https:\/\/bertrand.pl\/fr\/wp-json\/wp\/v2\/product"}],"about":[{"href":"https:\/\/bertrand.pl\/fr\/wp-json\/wp\/v2\/types\/product"}],"wp:featuredmedia":[{"embeddable":true,"href":"https:\/\/bertrand.pl\/fr\/wp-json\/wp\/v2\/media\/5121"}],"wp:attachment":[{"href":"https:\/\/bertrand.pl\/fr\/wp-json\/wp\/v2\/media?parent=5119"}],"wp:term":[{"taxonomy":"product_brand","embeddable":true,"href":"https:\/\/bertrand.pl\/fr\/wp-json\/wp\/v2\/product_brand?post=5119"},{"taxonomy":"product_cat","embeddable":true,"href":"https:\/\/bertrand.pl\/fr\/wp-json\/wp\/v2\/product_cat?post=5119"},{"taxonomy":"product_tag","embeddable":true,"href":"https:\/\/bertrand.pl\/fr\/wp-json\/wp\/v2\/product_tag?post=5119"}],"curies":[{"name":"wp","href":"https:\/\/api.w.org\/{rel}","templated":true}]}}