{"id":5129,"date":"2024-09-25T09:49:43","date_gmt":"2024-09-25T07:49:43","guid":{"rendered":"https:\/\/bertrand.pl\/?post_type=product&#038;p=5129"},"modified":"2025-07-14T12:27:28","modified_gmt":"2025-07-14T10:27:28","slug":"transparence-de-la-fenetre","status":"publish","type":"product","link":"https:\/\/bertrand.pl\/fr\/produkt\/okno-przeziernosc\/","title":{"rendered":"Fen\u00eatre \u00e0 transparence variable"},"content":{"rendered":"<p><strong>Fen\u00eatre \u00e0 transparence variable - verre innovant \u00e0 commande \u00e9lectrique<\/strong><\/p>\n<p>Le verre \u00e0 commande \u00e9lectronique \u00e0 transparence variable est une solution moderne qui allie esth\u00e9tique et fonctionnalit\u00e9. Gr\u00e2ce \u00e0 la technologie avanc\u00e9e du film \u00e0 cristaux liquides, un seul clic suffit pour que le verre change d&#039;aspect - d&#039;opaque \u00e0 transparent. <strong>Fen\u00eatre \u00e0 transparence variable<\/strong> offre un niveau \u00e9lev\u00e9 de transmission lumineuse, quels que soient les changements de transparence, ce qui en fait un choix id\u00e9al pour les espaces r\u00e9sidentiels et commerciaux.<\/p>\n<h3><strong>Comment fonctionne le verre \u00e0 transparence variable ?<\/strong><\/h3>\n<p>&nbsp;<\/p>\n<p>Le fonctionnement du verre est bas\u00e9 sur la technologie du verre feuillet\u00e9 avec feuille \u00e0 cristaux liquides. Lorsque le courant est activ\u00e9, les cristaux liquides s\u2019agencent de mani\u00e8re ordonn\u00e9e, rendant le verre transparent. Si l\u2019alimentation est coup\u00e9e, les cristaux reprennent leur disposition chaotique d\u2019origine, donnant au verre un aspect naturel et mat. Gr\u00e2ce \u00e0 cela, cette solution est non seulement pratique, mais aussi \u00e9conome en \u00e9nergie et esth\u00e9tique.<\/p>\n<p>&nbsp;<\/p>\n<figure id=\"attachment_5130\" aria-describedby=\"caption-attachment-5130\" style=\"width: 658px\" class=\"wp-caption alignnone\"><img fetchpriority=\"high\" decoding=\"async\" class=\"wp-image-5130\" src=\"https:\/\/bertrand.pl\/wp-content\/uploads\/2024\/09\/priva-lite-dzialanie1.jpg\" alt=\"D\u00e9couvrez comment fonctionne une fen\u00eatre \u00e0 transparence variable. \" width=\"658\" height=\"186\" srcset=\"https:\/\/bertrand.pl\/wp-content\/uploads\/2024\/09\/priva-lite-dzialanie1.jpg 1660w, https:\/\/bertrand.pl\/wp-content\/uploads\/2024\/09\/priva-lite-dzialanie1-420x119.jpg 420w, https:\/\/bertrand.pl\/wp-content\/uploads\/2024\/09\/priva-lite-dzialanie1-1360x384.jpg 1360w, https:\/\/bertrand.pl\/wp-content\/uploads\/2024\/09\/priva-lite-dzialanie1-768x217.jpg 768w, https:\/\/bertrand.pl\/wp-content\/uploads\/2024\/09\/priva-lite-dzialanie1-1536x434.jpg 1536w, https:\/\/bertrand.pl\/wp-content\/uploads\/2024\/09\/priva-lite-dzialanie1-18x5.jpg 18w, https:\/\/bertrand.pl\/wp-content\/uploads\/2024\/09\/priva-lite-dzialanie1-600x170.jpg 600w, https:\/\/bertrand.pl\/wp-content\/uploads\/2024\/09\/priva-lite-dzialanie1-350x100.jpg 350w\" sizes=\"(max-width: 658px) 100vw, 658px\" \/><figcaption id=\"caption-attachment-5130\" class=\"wp-caption-text\">Fonctionnement d&#039;une fen\u00eatre \u00e0 transparence variable.<\/figcaption><\/figure>\n<p>&nbsp;<\/p>\n<h3><strong>Sp\u00e9cifications techniques d&#039;une fen\u00eatre \u00e0 transparence variable<\/strong><\/h3>\n<p><strong>Fen\u00eatre avec vitre \u00e0 commande \u00e9lectrique<\/strong> offre une vari\u00e9t\u00e9 d\u2019options de personnalisation :<\/p>\n<ul>\n<li><strong>Verre tremp\u00e9<\/strong> \u2013 assurer une plus grande durabilit\u00e9 et s\u00e9curit\u00e9,<\/li>\n<li><strong>Verre color\u00e9 ou imprim\u00e9<\/strong> \u2013 parfait pour les projets n\u00e9cessitant un design unique,<\/li>\n<li><strong>Verre courb\u00e9<\/strong> \u2013 parfait pour des projets modernes et uniques,<\/li>\n<li><strong>Construction standard<\/strong> \u2013 verre feuillet\u00e9 55,4 (12 mm) avec possibilit\u00e9 de commande sous forme de vitrage.<\/li>\n<\/ul>\n<hr \/>\n<h3><strong>Applications du verre \u00e0 transparence variable<\/strong><\/h3>\n<p>Une fen\u00eatre \u00e0 transparence variable est largement utilis\u00e9e dans divers projets. Gr\u00e2ce \u00e0 leur polyvalence, ils peuvent \u00eatre utilis\u00e9s comme :<\/p>\n<ul>\n<li><strong>Cloisons int\u00e9rieures<\/strong>, permettant un changement rapide du caract\u00e8re des pi\u00e8ces,<\/li>\n<li><strong>\u00c9crans publicitaires interactifs<\/strong>, parfait pour les campagnes marketing modernes,<\/li>\n<li><strong>Portes coulissantes<\/strong>, alliant esth\u00e9tique et fonctionnalit\u00e9,<\/li>\n<li><strong>Vitrage de fa\u00e7ades et vitrines<\/strong>, notamment dans les espaces commerciaux,<\/li>\n<li><strong>Vitrines \u00e0 simple et double chambre<\/strong>qui r\u00e9pondent aux exigences d&#039;isolation,<\/li>\n<li><strong>Sols en verre<\/strong>, donnant un accent moderne \u00e0 l&#039;int\u00e9rieur,<\/li>\n<li><strong>\u00c9crans de r\u00e9troprojection<\/strong>, parfait pour les pr\u00e9sentations et les \u00e9v\u00e9nements multim\u00e9dias.<\/li>\n<\/ul>\n<hr \/>\n<h3><strong>Pourquoi vaut-il la peine de choisir une fen\u00eatre \u00e0 transparence variable ?<\/strong><\/h3>\n<ol>\n<li><strong>Design moderne<\/strong> \u2013 le verre \u00e0 commande \u00e9lectrique souligne le caract\u00e8re moderne de l&#039;int\u00e9rieur,<\/li>\n<li><strong>Polyvalence d&#039;utilisation<\/strong> \u2013 peut \u00eatre utilis\u00e9 dans les appartements, les bureaux, les restaurants et les magasins,<\/li>\n<li><strong>Fonctionnalit\u00e9<\/strong> \u2013 le changement rapide de transparence permet d&#039;ajuster l&#039;espace aux besoins du moment,<\/li>\n<li><strong>Isolation thermique et acoustique<\/strong> \u2013 le verre feuillet\u00e9 r\u00e9duit efficacement le bruit et limite les d\u00e9perditions thermiques,<\/li>\n<li><strong>\u00c9conomie d&#039;\u00e9nergie<\/strong> \u2013 la technologie \u00e0 cristaux liquides minimise la consommation d\u2019\u00e9nergie et augmente le confort d\u2019utilisation.<\/li>\n<\/ol>\n<hr \/>\n<h3><\/h3>\n<p>Une fen\u00eatre avec vitrage \u00e0 commande \u00e9lectrique est une solution innovante qui r\u00e9volutionne la fa\u00e7on dont vous utilisez l&#039;espace. Gr\u00e2ce \u00e0 la technologie avanc\u00e9e de feuille de cristaux liquides, il allie look moderne et fonctionnalit\u00e9, garantissant \u00e0 la fois esth\u00e9tique et praticit\u00e9. Si vous recherchez un produit qui s&#039;adaptera \u00e0 vos besoins, <strong>verre \u00e0 transparence variable<\/strong> c&#039;est le choix parfait.<\/p>\n<p>&nbsp;<\/p>\n<p>Voyez comment \u00e7a marche \u2013 <a href=\"https:\/\/www.youtube.com\/watch?v=Rcez_9PYouk\">Fen\u00eatre BERTRAND avec verre \u00e0 transparence variable. -YouTube<\/a><\/p>\n<p>Quels stores choisir pour vos fen\u00eatres ? V\u00e9rifier: <a href=\"https:\/\/bertrand.pl\/fr\/produit\/stores-moustiquaires\/\">Stores moustiquaires \u2013 Bertrand.pl<\/a><\/p>\n<figure id=\"attachment_5131\" aria-describedby=\"caption-attachment-5131\" style=\"width: 800px\" class=\"wp-caption alignnone\"><img decoding=\"async\" class=\"wp-image-5131\" src=\"https:\/\/bertrand.pl\/wp-content\/uploads\/2024\/09\/priva-lite.jpg\" alt=\"Fen\u00eatre \u00e0 transparence variable. Un simple clic rend le verre opaque transparent.\" width=\"800\" height=\"531\" srcset=\"https:\/\/bertrand.pl\/wp-content\/uploads\/2024\/09\/priva-lite.jpg 2144w, https:\/\/bertrand.pl\/wp-content\/uploads\/2024\/09\/priva-lite-420x279.jpg 420w, https:\/\/bertrand.pl\/wp-content\/uploads\/2024\/09\/priva-lite-1360x903.jpg 1360w, https:\/\/bertrand.pl\/wp-content\/uploads\/2024\/09\/priva-lite-768x510.jpg 768w, https:\/\/bertrand.pl\/wp-content\/uploads\/2024\/09\/priva-lite-1536x1020.jpg 1536w, https:\/\/bertrand.pl\/wp-content\/uploads\/2024\/09\/priva-lite-2048x1360.jpg 2048w, https:\/\/bertrand.pl\/wp-content\/uploads\/2024\/09\/priva-lite-18x12.jpg 18w, https:\/\/bertrand.pl\/wp-content\/uploads\/2024\/09\/priva-lite-600x399.jpg 600w\" sizes=\"(max-width: 800px) 100vw, 800px\" \/><figcaption id=\"caption-attachment-5131\" class=\"wp-caption-text\">Verre \u00e0 transparence variable<\/figcaption><\/figure>\n<p>&nbsp;<\/p>\n<h3>Pourquoi vaut-il la peine de choisir une fen\u00eatre \u00e0 transparence variable ?<\/h3>\n<p>&nbsp;<\/p>\n<p>En r\u00e9sum\u00e9, le verre \u00e0 commande \u00e9lectronique et \u00e0 transparence variable est un produit qui allie modernit\u00e9, fonctionnalit\u00e9 et esth\u00e9tique. Gr\u00e2ce \u00e0 l&#039;utilisation de la technologie avanc\u00e9e de feuille \u00e0 cristaux liquides, c&#039;est une solution id\u00e9ale pour les espaces r\u00e9sidentiels et commerciaux. Si vous recherchez un produit qui impressionne par son aspect moderne et sa polyvalence d&#039;utilisation, ce verre r\u00e9pondra certainement \u00e0 vos attentes !<\/p>\n<p>&nbsp;<\/p>","protected":false},"excerpt":{"rendered":"<p><strong>VERRE \u00c0 COMMANDE \u00c9LECTRONIQUE \u00c0 TRANSPARENCE VARIABLE<\/strong><\/p>\n<p>Ce verre est un verre de s\u00e9curit\u00e9 feuillet\u00e9 bas\u00e9 sur la technologie des feuilles de cristaux liquides. Dans son \u00e9tat opaque, il pr\u00e9sente un aspect naturel et mat. Lorsque le courant est r\u00e9tabli, les cristaux sont r\u00e9arrang\u00e9s et le verre devient imm\u00e9diatement transparent.<\/p>","protected":false},"featured_media":5128,"template":"","meta":{"site-sidebar-layout":"default","site-content-layout":"","ast-site-content-layout":"default","site-content-style":"default","site-sidebar-style":"default","ast-global-header-display":"","ast-banner-title-visibility":"","ast-main-header-display":"","ast-hfb-above-header-display":"","ast-hfb-below-header-display":"","ast-hfb-mobile-header-display":"","site-post-title":"","ast-breadcrumbs-content":"","ast-featured-img":"","footer-sml-layout":"","ast-disable-related-posts":"","theme-transparent-header-meta":"default","adv-header-id-meta":"","stick-header-meta":"","header-above-stick-meta":"","header-main-stick-meta":"","header-below-stick-meta":"","astra-migrate-meta-layouts":"set","ast-page-background-enabled":"default","ast-page-background-meta":{"desktop":{"background-color":"var(--ast-global-color-4)","background-image":"","background-repeat":"repeat","background-position":"center center","background-size":"auto","background-attachment":"scroll","background-type":"","background-media":"","overlay-type":"","overlay-color":"","overlay-opacity":"","overlay-gradient":""},"tablet":{"background-color":"","background-image":"","background-repeat":"repeat","background-position":"center center","background-size":"auto","background-attachment":"scroll","background-type":"","background-media":"","overlay-type":"","overlay-color":"","overlay-opacity":"","overlay-gradient":""},"mobile":{"background-color":"","background-image":"","background-repeat":"repeat","background-position":"center center","background-size":"auto","background-attachment":"scroll","background-type":"","background-media":"","overlay-type":"","overlay-color":"","overlay-opacity":"","overlay-gradient":""}},"ast-content-background-meta":{"desktop":{"background-color":"var(--ast-global-color-5)","background-image":"","background-repeat":"repeat","background-position":"center center","background-size":"auto","background-attachment":"scroll","background-type":"","background-media":"","overlay-type":"","overlay-color":"","overlay-opacity":"","overlay-gradient":""},"tablet":{"background-color":"var(--ast-global-color-5)","background-image":"","background-repeat":"repeat","background-position":"center center","background-size":"auto","background-attachment":"scroll","background-type":"","background-media":"","overlay-type":"","overlay-color":"","overlay-opacity":"","overlay-gradient":""},"mobile":{"background-color":"var(--ast-global-color-5)","background-image":"","background-repeat":"repeat","background-position":"center center","background-size":"auto","background-attachment":"scroll","background-type":"","background-media":"","overlay-type":"","overlay-color":"","overlay-opacity":"","overlay-gradient":""}}},"product_brand":[],"product_cat":[832],"product_tag":[168,175,849,833,834,843,836,174,846,848,837,845,842,844,840,839,841,813,838,850,847,835],"class_list":{"0":"post-5129","1":"product","2":"type-product","3":"status-publish","4":"has-post-thumbnail","6":"product_cat-okno-ze-zmienna-przeziernoscia","7":"product_tag-bertrand","8":"product_tag-drzwi","9":"product_tag-ekrany-do-projekcji-tylnej","10":"product_tag-elektronicznie-sterowane-szklo","11":"product_tag-folia-cieklokrystaliczna","12":"product_tag-interaktywne-ekrany-reklamowe","13":"product_tag-matowy-wyglad","14":"product_tag-okna","15":"product_tag-okna-wystawowe","16":"product_tag-podlogi-szklane","17":"product_tag-przepuszczalnosc-swiatla","18":"product_tag-przeszklenia-fasad","19":"product_tag-scianki-dzialowe","20":"product_tag-system-drzwi-przesuwnych","21":"product_tag-szklo-giete","22":"product_tag-szklo-hartowane","23":"product_tag-szklo-kolorowe","24":"product_tag-szklo-laminowane","25":"product_tag-szklo-pol-przezierne","26":"product_tag-technologia-szkla","27":"product_tag-zespolenia-szklane","28":"product_tag-zmienna-przeziernosc","29":"desktop-align-left","30":"tablet-align-left","31":"mobile-align-left","33":"first","34":"instock","35":"shipping-taxable","36":"product-type-simple"},"yoast_head":"<!-- This site is optimized with the Yoast SEO Premium plugin v27.2 (Yoast SEO v27.2) - https:\/\/yoast.com\/product\/yoast-seo-premium-wordpress\/ -->\n<title>Przezierno\u015b\u0107 na klikni\u0119cie<\/title>\n<meta name=\"description\" content=\"Okno ze zmienn\u0105 przezierno\u015bci\u0105. Nowoczesno\u015b\u0107 na wyci\u0105gni\u0119cie r\u0119ki! Jedno klikni\u0119cie i elektrycznie nieprzezierna szklana szyba staje si\u0119 przezierna.\" \/>\n<meta name=\"robots\" content=\"index, follow, max-snippet:-1, max-image-preview:large, max-video-preview:-1\" \/>\n<link rel=\"canonical\" href=\"https:\/\/bertrand.pl\/fr\/produit\/transparence-de-la-fenetre\/\" \/>\n<meta property=\"og:locale\" content=\"fr_FR\" \/>\n<meta property=\"og:type\" content=\"article\" \/>\n<meta property=\"og:title\" content=\"Okno ze zmienn\u0105 przezierno\u015bci\u0105\" \/>\n<meta property=\"og:description\" content=\"Okno ze zmienn\u0105 przezierno\u015bci\u0105. Nowoczesno\u015b\u0107 na wyci\u0105gni\u0119cie r\u0119ki! Jedno klikni\u0119cie i elektrycznie nieprzezierna szklana szyba staje si\u0119 przezierna.\" \/>\n<meta property=\"og:url\" content=\"https:\/\/bertrand.pl\/fr\/produit\/transparence-de-la-fenetre\/\" \/>\n<meta property=\"og:site_name\" content=\"Bertrand. Najwy\u017cszej jako\u015bci okna i drzwi. Certyfikowany producent od 1969 roku.\" \/>\n<meta property=\"article:publisher\" content=\"https:\/\/www.facebook.com\/bertrandpolska\/\" \/>\n<meta property=\"article:modified_time\" content=\"2025-07-14T10:27:28+00:00\" \/>\n<meta property=\"og:image\" content=\"https:\/\/bertrand.pl\/wp-content\/uploads\/2024\/09\/PRIVA-LITE-kopia.png\" \/>\n\t<meta property=\"og:image:width\" content=\"440\" \/>\n\t<meta property=\"og:image:height\" content=\"440\" \/>\n\t<meta property=\"og:image:type\" content=\"image\/png\" \/>\n<meta name=\"twitter:card\" content=\"summary_large_image\" \/>\n<meta name=\"twitter:label1\" content=\"Dur\u00e9e de lecture estim\u00e9e\" \/>\n\t<meta name=\"twitter:data1\" content=\"4 minutes\" \/>\n<script type=\"application\/ld+json\" class=\"yoast-schema-graph\">{\"@context\":\"https:\/\/schema.org\",\"@graph\":[{\"@type\":\"WebPage\",\"@id\":\"https:\/\/bertrand.pl\/produkt\/okno-przeziernosc\/\",\"url\":\"https:\/\/bertrand.pl\/produkt\/okno-przeziernosc\/\",\"name\":\"Przezierno\u015b\u0107 na klikni\u0119cie\",\"isPartOf\":{\"@id\":\"https:\/\/bertrand.pl\/#website\"},\"primaryImageOfPage\":{\"@id\":\"https:\/\/bertrand.pl\/produkt\/okno-przeziernosc\/#primaryimage\"},\"image\":{\"@id\":\"https:\/\/bertrand.pl\/produkt\/okno-przeziernosc\/#primaryimage\"},\"thumbnailUrl\":\"https:\/\/bertrand.pl\/wp-content\/uploads\/2024\/09\/PRIVA-LITE-kopia.png\",\"datePublished\":\"2024-09-25T07:49:43+00:00\",\"dateModified\":\"2025-07-14T10:27:28+00:00\",\"description\":\"Okno ze zmienn\u0105 przezierno\u015bci\u0105. Nowoczesno\u015b\u0107 na wyci\u0105gni\u0119cie r\u0119ki! Jedno klikni\u0119cie i elektrycznie nieprzezierna szklana szyba staje si\u0119 przezierna.\",\"breadcrumb\":{\"@id\":\"https:\/\/bertrand.pl\/produkt\/okno-przeziernosc\/#breadcrumb\"},\"inLanguage\":\"fr-FR\",\"potentialAction\":[{\"@type\":\"ReadAction\",\"target\":[\"https:\/\/bertrand.pl\/produkt\/okno-przeziernosc\/\"]}]},{\"@type\":\"ImageObject\",\"inLanguage\":\"fr-FR\",\"@id\":\"https:\/\/bertrand.pl\/produkt\/okno-przeziernosc\/#primaryimage\",\"url\":\"https:\/\/bertrand.pl\/wp-content\/uploads\/2024\/09\/PRIVA-LITE-kopia.png\",\"contentUrl\":\"https:\/\/bertrand.pl\/wp-content\/uploads\/2024\/09\/PRIVA-LITE-kopia.png\",\"width\":440,\"height\":440},{\"@type\":\"BreadcrumbList\",\"@id\":\"https:\/\/bertrand.pl\/produkt\/okno-przeziernosc\/#breadcrumb\",\"itemListElement\":[{\"@type\":\"ListItem\",\"position\":1,\"name\":\"Strona g\u0142\u00f3wna\",\"item\":\"https:\/\/bertrand.pl\/\"},{\"@type\":\"ListItem\",\"position\":2,\"name\":\"Produits\",\"item\":\"https:\/\/bertrand.pl\/fr\/shop\/\"},{\"@type\":\"ListItem\",\"position\":3,\"name\":\"Okno ze zmienn\u0105 przezierno\u015bci\u0105\"}]},{\"@type\":\"WebSite\",\"@id\":\"https:\/\/bertrand.pl\/#website\",\"url\":\"https:\/\/bertrand.pl\/\",\"name\":\"Bertrand.pl\",\"description\":\"Firma Bertrand to certyfikowany i uznany producent najwy\u017cszej jako\u015bci okien z PVC, z drewna lub aluminium. Produkcja drzwi, rolet i bram gara\u017cowych.\",\"publisher\":{\"@id\":\"https:\/\/bertrand.pl\/#organization\"},\"potentialAction\":[{\"@type\":\"SearchAction\",\"target\":{\"@type\":\"EntryPoint\",\"urlTemplate\":\"https:\/\/bertrand.pl\/?s={search_term_string}\"},\"query-input\":{\"@type\":\"PropertyValueSpecification\",\"valueRequired\":true,\"valueName\":\"search_term_string\"}}],\"inLanguage\":\"fr-FR\"},{\"@type\":\"Organization\",\"@id\":\"https:\/\/bertrand.pl\/#organization\",\"name\":\"Bertrand.pl\",\"url\":\"https:\/\/bertrand.pl\/\",\"logo\":{\"@type\":\"ImageObject\",\"inLanguage\":\"fr-FR\",\"@id\":\"https:\/\/bertrand.pl\/#\/schema\/logo\/image\/\",\"url\":\"https:\/\/bertrand.pl\/wp-content\/uploads\/2024\/12\/logo_BB_TM_PL_black.png\",\"contentUrl\":\"https:\/\/bertrand.pl\/wp-content\/uploads\/2024\/12\/logo_BB_TM_PL_black.png\",\"width\":1831,\"height\":1831,\"caption\":\"Bertrand.pl\"},\"image\":{\"@id\":\"https:\/\/bertrand.pl\/#\/schema\/logo\/image\/\"},\"sameAs\":[\"https:\/\/www.facebook.com\/bertrandpolska\/\",\"https:\/\/www.instagram.com\/bertrand_okna_i_drzwi\/\",\"https:\/\/www.linkedin.com\/company\/bertrand\/\",\"https:\/\/www.tiktok.com\/@bertrand_okna_drzwi\"]}]}<\/script>\n<!-- \/ Yoast SEO Premium plugin. -->","yoast_head_json":{"title":"Przezierno\u015b\u0107 na klikni\u0119cie","description":"Fen\u00eatre \u00e0 transparence variable. La modernit\u00e9 \u00e0 votre port\u00e9e ! Un clic et la vitre \u00e9lectriquement opaque devient transparente.","robots":{"index":"index","follow":"follow","max-snippet":"max-snippet:-1","max-image-preview":"max-image-preview:large","max-video-preview":"max-video-preview:-1"},"canonical":"https:\/\/bertrand.pl\/fr\/produit\/transparence-de-la-fenetre\/","og_locale":"fr_FR","og_type":"article","og_title":"Okno ze zmienn\u0105 przezierno\u015bci\u0105","og_description":"Okno ze zmienn\u0105 przezierno\u015bci\u0105. Nowoczesno\u015b\u0107 na wyci\u0105gni\u0119cie r\u0119ki! Jedno klikni\u0119cie i elektrycznie nieprzezierna szklana szyba staje si\u0119 przezierna.","og_url":"https:\/\/bertrand.pl\/fr\/produit\/transparence-de-la-fenetre\/","og_site_name":"Bertrand. Najwy\u017cszej jako\u015bci okna i drzwi. Certyfikowany producent od 1969 roku.","article_publisher":"https:\/\/www.facebook.com\/bertrandpolska\/","article_modified_time":"2025-07-14T10:27:28+00:00","og_image":[{"width":440,"height":440,"url":"https:\/\/bertrand.pl\/wp-content\/uploads\/2024\/09\/PRIVA-LITE-kopia.png","type":"image\/png"}],"twitter_card":"summary_large_image","twitter_misc":{"Dur\u00e9e de lecture estim\u00e9e":"4 minutes"},"schema":{"@context":"https:\/\/schema.org","@graph":[{"@type":"WebPage","@id":"https:\/\/bertrand.pl\/produkt\/okno-przeziernosc\/","url":"https:\/\/bertrand.pl\/produkt\/okno-przeziernosc\/","name":"Przezierno\u015b\u0107 na klikni\u0119cie","isPartOf":{"@id":"https:\/\/bertrand.pl\/#website"},"primaryImageOfPage":{"@id":"https:\/\/bertrand.pl\/produkt\/okno-przeziernosc\/#primaryimage"},"image":{"@id":"https:\/\/bertrand.pl\/produkt\/okno-przeziernosc\/#primaryimage"},"thumbnailUrl":"https:\/\/bertrand.pl\/wp-content\/uploads\/2024\/09\/PRIVA-LITE-kopia.png","datePublished":"2024-09-25T07:49:43+00:00","dateModified":"2025-07-14T10:27:28+00:00","description":"Fen\u00eatre \u00e0 transparence variable. La modernit\u00e9 \u00e0 votre port\u00e9e ! Un clic et la vitre \u00e9lectriquement opaque devient transparente.","breadcrumb":{"@id":"https:\/\/bertrand.pl\/produkt\/okno-przeziernosc\/#breadcrumb"},"inLanguage":"fr-FR","potentialAction":[{"@type":"ReadAction","target":["https:\/\/bertrand.pl\/produkt\/okno-przeziernosc\/"]}]},{"@type":"ImageObject","inLanguage":"fr-FR","@id":"https:\/\/bertrand.pl\/produkt\/okno-przeziernosc\/#primaryimage","url":"https:\/\/bertrand.pl\/wp-content\/uploads\/2024\/09\/PRIVA-LITE-kopia.png","contentUrl":"https:\/\/bertrand.pl\/wp-content\/uploads\/2024\/09\/PRIVA-LITE-kopia.png","width":440,"height":440},{"@type":"BreadcrumbList","@id":"https:\/\/bertrand.pl\/produkt\/okno-przeziernosc\/#breadcrumb","itemListElement":[{"@type":"ListItem","position":1,"name":"Strona g\u0142\u00f3wna","item":"https:\/\/bertrand.pl\/"},{"@type":"ListItem","position":2,"name":"Produits","item":"https:\/\/bertrand.pl\/fr\/shop\/"},{"@type":"ListItem","position":3,"name":"Okno ze zmienn\u0105 przezierno\u015bci\u0105"}]},{"@type":"WebSite","@id":"https:\/\/bertrand.pl\/#website","url":"https:\/\/bertrand.pl\/","name":"Bertrand.pl","description":"Firma Bertrand to certyfikowany i uznany producent najwy\u017cszej jako\u015bci okien z PVC, z drewna lub aluminium. Produkcja drzwi, rolet i bram gara\u017cowych.","publisher":{"@id":"https:\/\/bertrand.pl\/#organization"},"potentialAction":[{"@type":"SearchAction","target":{"@type":"EntryPoint","urlTemplate":"https:\/\/bertrand.pl\/?s={search_term_string}"},"query-input":{"@type":"PropertyValueSpecification","valueRequired":true,"valueName":"search_term_string"}}],"inLanguage":"fr-FR"},{"@type":"Organization","@id":"https:\/\/bertrand.pl\/#organization","name":"Bertrand.pl","url":"https:\/\/bertrand.pl\/","logo":{"@type":"ImageObject","inLanguage":"fr-FR","@id":"https:\/\/bertrand.pl\/#\/schema\/logo\/image\/","url":"https:\/\/bertrand.pl\/wp-content\/uploads\/2024\/12\/logo_BB_TM_PL_black.png","contentUrl":"https:\/\/bertrand.pl\/wp-content\/uploads\/2024\/12\/logo_BB_TM_PL_black.png","width":1831,"height":1831,"caption":"Bertrand.pl"},"image":{"@id":"https:\/\/bertrand.pl\/#\/schema\/logo\/image\/"},"sameAs":["https:\/\/www.facebook.com\/bertrandpolska\/","https:\/\/www.instagram.com\/bertrand_okna_i_drzwi\/","https:\/\/www.linkedin.com\/company\/bertrand\/","https:\/\/www.tiktok.com\/@bertrand_okna_drzwi"]}]}},"_links":{"self":[{"href":"https:\/\/bertrand.pl\/fr\/wp-json\/wp\/v2\/product\/5129","targetHints":{"allow":["GET"]}}],"collection":[{"href":"https:\/\/bertrand.pl\/fr\/wp-json\/wp\/v2\/product"}],"about":[{"href":"https:\/\/bertrand.pl\/fr\/wp-json\/wp\/v2\/types\/product"}],"wp:featuredmedia":[{"embeddable":true,"href":"https:\/\/bertrand.pl\/fr\/wp-json\/wp\/v2\/media\/5128"}],"wp:attachment":[{"href":"https:\/\/bertrand.pl\/fr\/wp-json\/wp\/v2\/media?parent=5129"}],"wp:term":[{"taxonomy":"product_brand","embeddable":true,"href":"https:\/\/bertrand.pl\/fr\/wp-json\/wp\/v2\/product_brand?post=5129"},{"taxonomy":"product_cat","embeddable":true,"href":"https:\/\/bertrand.pl\/fr\/wp-json\/wp\/v2\/product_cat?post=5129"},{"taxonomy":"product_tag","embeddable":true,"href":"https:\/\/bertrand.pl\/fr\/wp-json\/wp\/v2\/product_tag?post=5129"}],"curies":[{"name":"wp","href":"https:\/\/api.w.org\/{rel}","templated":true}]}}