{"id":593,"date":"2025-10-10T06:59:17","date_gmt":"2025-10-10T04:59:17","guid":{"rendered":"https:\/\/bertrand.pl\/?post_type=product&#038;p=593"},"modified":"2025-10-10T07:39:16","modified_gmt":"2025-10-10T05:39:16","slug":"lineaire","status":"publish","type":"product","link":"https:\/\/bertrand.pl\/fr\/produkt\/linear\/","title":{"rendered":"LINEAR \/ LINEAR LIGHT"},"content":{"rendered":"\r\n<p><img fetchpriority=\"high\" decoding=\"async\" class=\"wp-image-659  aligncenter\" src=\"https:\/\/bertrand.pl\/wp-content\/uploads\/2023\/12\/kat_przylgi_linear_1.jpg\" alt=\"System Linear cechuje minimalistyczny design, co sprawia, \u017ce jest to okno wyj\u0105tkowe. \" width=\"800\" height=\"250\" srcset=\"https:\/\/bertrand.pl\/wp-content\/uploads\/2023\/12\/kat_przylgi_linear_1.jpg 1918w, https:\/\/bertrand.pl\/wp-content\/uploads\/2023\/12\/kat_przylgi_linear_1-420x131.jpg 420w, https:\/\/bertrand.pl\/wp-content\/uploads\/2023\/12\/kat_przylgi_linear_1-1360x425.jpg 1360w, https:\/\/bertrand.pl\/wp-content\/uploads\/2023\/12\/kat_przylgi_linear_1-768x240.jpg 768w, https:\/\/bertrand.pl\/wp-content\/uploads\/2023\/12\/kat_przylgi_linear_1-1536x481.jpg 1536w, https:\/\/bertrand.pl\/wp-content\/uploads\/2023\/12\/kat_przylgi_linear_1-600x188.jpg 600w\" sizes=\"(max-width: 800px) 100vw, 800px\" \/><\/p>\r\n<div class=\"wp-block-columns\" style=\"padding-top: 39px; padding-bottom: 39px;\">\r\n<div class=\"wp-block-column is-vertically-aligned-center\">\r\n<div class=\"group\/conversation-turn relative flex w-full min-w-0 flex-col agent-turn\">\r\n<div class=\"flex-col gap-1 md:gap-3\">\r\n<div class=\"flex max-w-full flex-col flex-grow\">\r\n<div class=\"min-h-8 text-message flex w-full flex-col items-end gap-2 whitespace-normal break-words text-start [.text-message+&amp;]:mt-5\" dir=\"auto\" data-message-author-role=\"assistant\" data-message-id=\"456639cd-f6a4-445d-a429-d58bf758611f\" data-message-model-slug=\"gpt-4o\">\r\n<div class=\"flex w-full flex-col gap-1 empty:hidden first:pt-[3px]\">\r\n<div class=\"markdown prose w-full break-words dark:prose-invert light\">\r\n<h3 class=\"wp-block-heading\" data-start=\"360\" data-end=\"405\"><strong data-start=\"363\" data-end=\"405\">Linear \u2013 nowoczesno\u015b\u0107 w idealnej linii<\/strong><\/h3>\r\n<h3 data-start=\"360\" data-end=\"405\">\u00a0<\/h3>\r\n<p data-start=\"360\" data-end=\"405\"><strong data-start=\"407\" data-end=\"417\">Linear<\/strong> to innowacyjny system okienny z PVC, kt\u00f3ry \u0142\u0105czy w sobie minimalistyczny design z wysokimi parametrami technicznymi. Zosta\u0142 stworzony z my\u015bl\u0105 o nowoczesnej architekturze i klientach, kt\u00f3rzy ceni\u0105 sobie <strong data-start=\"620\" data-end=\"668\">prostot\u0119 formy, symetri\u0119 oraz funkcjonalno\u015b\u0107<\/strong>.<\/p>\r\n<p data-start=\"360\" data-end=\"405\">\u00a0<\/p>\r\n<p data-start=\"671\" data-end=\"998\">Charakterystyczne dla systemu s\u0105 <strong data-start=\"711\" data-end=\"755\">ostre kraw\u0119dzie i zlicowane powierzchnie<\/strong>, kt\u00f3re tworz\u0105 sp\u00f3jn\u0105, eleganck\u0105 lini\u0119 profilu \u2013 zar\u00f3wno od zewn\u0105trz, jak i wewn\u0105trz pomieszczenia. To doskona\u0142y wyb\u00f3r do nowoczesnych dom\u00f3w, mieszka\u0144 oraz inwestycji deweloperskich, w kt\u00f3rych liczy si\u0119 estetyka, \u015bwiat\u0142o i komfort u\u017cytkowania.<\/p>\r\n<\/div>\r\n<\/div>\r\n<\/div>\r\n<\/div>\r\n<\/div>\r\n<\/div>\r\n<\/div>\r\n<\/div>\r\n<div class=\"wp-block-columns\" style=\"padding-top: 40px; padding-bottom: 40px;\">\r\n<div class=\"wp-block-column is-vertically-aligned-center\">\r\n<h3 data-start=\"1005\" data-end=\"1042\"><strong data-start=\"1009\" data-end=\"1042\">Dlaczego warto wybra\u0107 Linear?<\/strong><\/h3>\r\n<p>&nbsp;<\/p>\r\n<ul data-start=\"1044\" data-end=\"1656\">\r\n<li data-start=\"1044\" data-end=\"1153\">\r\n<p data-start=\"1046\" data-end=\"1153\"><strong data-start=\"1046\" data-end=\"1071\">Minimalistyczna forma<\/strong> \u2013 proste linie, bez zaokr\u0105gle\u0144, idealne dopasowanie do nowoczesnej architektury<\/p>\r\n<\/li>\r\n<li data-start=\"1154\" data-end=\"1258\">\r\n<p data-start=\"1156\" data-end=\"1258\"><strong data-start=\"1156\" data-end=\"1181\">Zlicowana konstrukcja<\/strong> \u2013 rama i skrzyd\u0142o tworz\u0105 jednolit\u0105 powierzchni\u0119, bez wystaj\u0105cych element\u00f3w<\/p>\r\n<\/li>\r\n<li data-start=\"1259\" data-end=\"1369\">\r\n<p data-start=\"1261\" data-end=\"1369\"><strong data-start=\"1261\" data-end=\"1288\">Doskona\u0142a termoizolacja<\/strong> \u2013 nawet do <em data-start=\"1300\" data-end=\"1317\">Uw &lt; 0,80 W\/m\u00b2K<\/em> przy zastosowaniu odpowiedniego pakietu szybowego<\/p>\r\n<\/li>\r\n<li data-start=\"1370\" data-end=\"1461\">\r\n<p data-start=\"1372\" data-end=\"1461\"><strong data-start=\"1372\" data-end=\"1416\">6-komorowy system PVC o g\u0142\u0119boko\u015bci 74 mm<\/strong> \u2013 gwarancja trwa\u0142o\u015bci i energooszcz\u0119dno\u015bci<\/p>\r\n<\/li>\r\n<li data-start=\"1462\" data-end=\"1564\">\r\n<p data-start=\"1464\" data-end=\"1564\"><strong data-start=\"1464\" data-end=\"1503\">Mo\u017cliwo\u015b\u0107 szklenia szybami do 48 mm<\/strong> \u2013 dla jeszcze lepszych parametr\u00f3w cieplnych i akustycznych<\/p>\r\n<\/li>\r\n<li data-start=\"1565\" data-end=\"1656\">\r\n<p data-start=\"1567\" data-end=\"1656\"><strong data-start=\"1567\" data-end=\"1589\">Bogata kolorystyka<\/strong> \u2013 ponadczasowa biel, szaro\u015bci, kolory drewnopodobne i strukturalne<\/p>\r\n<\/li>\r\n<\/ul>\r\n<\/div>\r\n<!-- \/wp:post-content --><\/div>\r\n<!-- \/wp:columns -->\r\n\r\n<!-- wp:image {\"id\":660} -->\r\n<figure class=\"wp-block-image\"><img decoding=\"async\" width=\"1918\" height=\"600\" class=\"wp-image-660\" src=\"https:\/\/bertrand.pl\/wp-content\/uploads\/2023\/12\/110_linear.jpg\" alt=\"\" srcset=\"https:\/\/bertrand.pl\/wp-content\/uploads\/2023\/12\/110_linear.jpg 1918w, https:\/\/bertrand.pl\/wp-content\/uploads\/2023\/12\/110_linear-420x131.jpg 420w, https:\/\/bertrand.pl\/wp-content\/uploads\/2023\/12\/110_linear-1360x425.jpg 1360w, https:\/\/bertrand.pl\/wp-content\/uploads\/2023\/12\/110_linear-768x240.jpg 768w, https:\/\/bertrand.pl\/wp-content\/uploads\/2023\/12\/110_linear-1536x481.jpg 1536w, https:\/\/bertrand.pl\/wp-content\/uploads\/2023\/12\/110_linear-600x188.jpg 600w\" sizes=\"(max-width: 1918px) 100vw, 1918px\" \/><\/figure>\r\n<p>&nbsp;<\/p>\r\n<h3 data-start=\"1663\" data-end=\"1691\"><strong data-start=\"1667\" data-end=\"1691\">Nowo\u015b\u0107: Linear Light<\/strong><\/h3>\r\n<p>&nbsp;<\/p>\r\n<p data-start=\"1693\" data-end=\"1944\">W odpowiedzi na potrzeby rynku wprowadzili\u015bmy nowy wariant systemu \u2013 <strong data-start=\"1762\" data-end=\"1778\">Linear Light<\/strong>.<br data-start=\"1779\" data-end=\"1782\" \/>To ta sama wysoka jako\u015b\u0107, ale z <strong data-start=\"1814\" data-end=\"1860\">jeszcze ni\u017cszym skrzyd\u0142em (ni\u017cszym o 8 mm)<\/strong>, co pozwala uzyska\u0107 wi\u0119cej \u015bwiat\u0142a dziennego i jeszcze bardziej smuk\u0142y wygl\u0105d okna.<\/p>\r\n<ul data-start=\"1967\" data-end=\"2097\">\r\n<li data-start=\"1967\" data-end=\"1997\">\r\n<p data-start=\"1969\" data-end=\"1997\">Wi\u0119ksza powierzchnia szyby<\/p>\r\n<\/li>\r\n<li data-start=\"1998\" data-end=\"2049\">\r\n<p data-start=\"2000\" data-end=\"2049\">Jeszcze wi\u0119cej naturalnego \u015bwiat\u0142a we wn\u0119trzach<\/p>\r\n<\/li>\r\n<li data-start=\"2050\" data-end=\"2097\">\r\n<p data-start=\"2052\" data-end=\"2097\">Subtelniejszy, ultra-minimalistyczny wygl\u0105d<\/p>\r\n<\/li>\r\n<\/ul>\r\n<p>&nbsp;<\/p>\r\n<p><img decoding=\"async\" class=\"wp-image-6661  aligncenter\" src=\"https:\/\/bertrand.pl\/wp-content\/uploads\/2024\/02\/Zrzut-ekranu-2025-05-21-074248.png\" alt=\"\" width=\"901\" height=\"482\" srcset=\"https:\/\/bertrand.pl\/wp-content\/uploads\/2024\/02\/Zrzut-ekranu-2025-05-21-074248.png 1182w, https:\/\/bertrand.pl\/wp-content\/uploads\/2024\/02\/Zrzut-ekranu-2025-05-21-074248-420x225.png 420w, https:\/\/bertrand.pl\/wp-content\/uploads\/2024\/02\/Zrzut-ekranu-2025-05-21-074248-768x411.png 768w, https:\/\/bertrand.pl\/wp-content\/uploads\/2024\/02\/Zrzut-ekranu-2025-05-21-074248-18x10.png 18w, https:\/\/bertrand.pl\/wp-content\/uploads\/2024\/02\/Zrzut-ekranu-2025-05-21-074248-600x321.png 600w\" sizes=\"(max-width: 901px) 100vw, 901px\" \/><\/p>\r\n<p>&nbsp;<\/p>\r\n<!-- \/wp:image -->","protected":false},"excerpt":{"rendered":"<p class=\"ai-optimize-26\"><strong>FORME MODERNE MINIMALISTE<\/strong><\/p>\n<p class=\"ai-optimize-27\">W systemie <strong>LINEAR<\/strong>\u00a0les concepteurs ont utilis\u00e9 un concept de conception absolument novateur pour les syst\u00e8mes de 74 mm de profondeur, ce qui a abouti \u00e0 la cr\u00e9ation d&#039;un produit caract\u00e9ris\u00e9 par une perfection visuelle et des param\u00e8tres techniques optimaux.\u00a0<strong>LINEAR<\/strong>\u00a0est un syst\u00e8me enti\u00e8rement complet destin\u00e9 \u00e0 la construction de fen\u00eatres, de portes de balcon et de portes d&#039;entr\u00e9e.<\/p>","protected":false},"featured_media":594,"template":"","meta":{"site-sidebar-layout":"default","site-content-layout":"","ast-site-content-layout":"default","site-content-style":"default","site-sidebar-style":"default","ast-global-header-display":"","ast-banner-title-visibility":"","ast-main-header-display":"","ast-hfb-above-header-display":"","ast-hfb-below-header-display":"","ast-hfb-mobile-header-display":"","site-post-title":"","ast-breadcrumbs-content":"","ast-featured-img":"","footer-sml-layout":"","ast-disable-related-posts":"","theme-transparent-header-meta":"default","adv-header-id-meta":"","stick-header-meta":"","header-above-stick-meta":"","header-main-stick-meta":"","header-below-stick-meta":"","astra-migrate-meta-layouts":"set","ast-page-background-enabled":"default","ast-page-background-meta":{"desktop":{"background-color":"var(--ast-global-color-4)","background-image":"","background-repeat":"repeat","background-position":"center center","background-size":"auto","background-attachment":"scroll","background-type":"","background-media":"","overlay-type":"","overlay-color":"","overlay-opacity":"","overlay-gradient":""},"tablet":{"background-color":"","background-image":"","background-repeat":"repeat","background-position":"center center","background-size":"auto","background-attachment":"scroll","background-type":"","background-media":"","overlay-type":"","overlay-color":"","overlay-opacity":"","overlay-gradient":""},"mobile":{"background-color":"","background-image":"","background-repeat":"repeat","background-position":"center center","background-size":"auto","background-attachment":"scroll","background-type":"","background-media":"","overlay-type":"","overlay-color":"","overlay-opacity":"","overlay-gradient":""}},"ast-content-background-meta":{"desktop":{"background-color":"var(--ast-global-color-5)","background-image":"","background-repeat":"repeat","background-position":"center center","background-size":"auto","background-attachment":"scroll","background-type":"","background-media":"","overlay-type":"","overlay-color":"","overlay-opacity":"","overlay-gradient":""},"tablet":{"background-color":"var(--ast-global-color-5)","background-image":"","background-repeat":"repeat","background-position":"center center","background-size":"auto","background-attachment":"scroll","background-type":"","background-media":"","overlay-type":"","overlay-color":"","overlay-opacity":"","overlay-gradient":""},"mobile":{"background-color":"var(--ast-global-color-5)","background-image":"","background-repeat":"repeat","background-position":"center center","background-size":"auto","background-attachment":"scroll","background-type":"","background-media":"","overlay-type":"","overlay-color":"","overlay-opacity":"","overlay-gradient":""}}},"product_brand":[],"product_cat":[24],"product_tag":[1331,168,360,339,311,352,345,342,662,358,1328,1327,1336,366,1334,357,1777,1332,646,1323,1321,1099,1329,174,308,323,350,324,313,1330,1337,359,169,1319,1335,733,1322,659,1326,309,1324,348,1325,1333,1320],"class_list":{"0":"post-593","1":"product","2":"type-product","3":"status-publish","4":"has-post-thumbnail","6":"product_cat-okna-pvc","7":"product_tag-aktualne-trendy","8":"product_tag-bertrand","9":"product_tag-bezpieczenstwo","10":"product_tag-design","11":"product_tag-dobre-wlasciwosci-termiczne","12":"product_tag-dobreokna","13":"product_tag-drzwi-balkonowe","14":"product_tag-drzwi-wejsciowe","15":"product_tag-funkcjonalnosc","16":"product_tag-gealan","17":"product_tag-harmonia","18":"product_tag-indywidualne-potrzeby","19":"product_tag-innowacyjna-technologia","20":"product_tag-komfort","21":"product_tag-lekkosc","22":"product_tag-linear","23":"product_tag-linear-light","24":"product_tag-minimalistyczny-charakter","25":"product_tag-minimalistyczny-design","26":"product_tag-niska-wysokosc-zlozenia","27":"product_tag-nowoczesna-elegancja","28":"product_tag-nowoczesne-budynki","29":"product_tag-nowoczesny-wyglad","30":"product_tag-okna","31":"product_tag-okna-pvc","32":"product_tag-okna-z-polski","33":"product_tag-oknabertrand","34":"product_tag-okno-dla-domu","35":"product_tag-plastikowy-profil","36":"product_tag-ponadczasowa-estetyka","37":"product_tag-praktycznosc","38":"product_tag-premiumwindows","39":"product_tag-produkt","40":"product_tag-prostota","41":"product_tag-przestronnosc","42":"product_tag-smukle-profile","43":"product_tag-spojnosc-wizualna","44":"product_tag-trwalosc","45":"product_tag-uniwersalnosc","46":"product_tag-upvc","47":"product_tag-wiecej-swiatla","48":"product_tag-windows","49":"product_tag-wszechstronny-system","50":"product_tag-wyrafinowany-styl","51":"product_tag-wyraziste-kontury","52":"desktop-align-left","53":"tablet-align-left","54":"mobile-align-left","56":"first","57":"instock","58":"shipping-taxable","59":"product-type-simple"},"yoast_head":"<!-- This site is optimized with the Yoast SEO Premium plugin v27.2 (Yoast SEO v27.2) - https:\/\/yoast.com\/product\/yoast-seo-premium-wordpress\/ -->\n<title>LINEAR \/ LINEAR LIGHT - Bertrand. Najwy\u017cszej jako\u015bci okna i drzwi. Certyfikowany producent od 1969 roku.<\/title>\n<meta name=\"description\" content=\"System LINEAR to po\u0142\u0105czenie wizualnej perfekcji, innowacyjnej technologii i ponadczasowego designu. Dla ka\u017cdego, kto ceni estetyk\u0119 i u\u017cyteczno\u015b\u0107.\" \/>\n<meta name=\"robots\" content=\"index, follow, max-snippet:-1, max-image-preview:large, max-video-preview:-1\" \/>\n<link rel=\"canonical\" href=\"https:\/\/bertrand.pl\/fr\/produit\/lineaire\/\" \/>\n<meta property=\"og:locale\" content=\"fr_FR\" \/>\n<meta property=\"og:type\" content=\"article\" \/>\n<meta property=\"og:title\" content=\"LINEAR \/ LINEAR LIGHT\" \/>\n<meta property=\"og:description\" content=\"System LINEAR to po\u0142\u0105czenie wizualnej perfekcji, innowacyjnej technologii i ponadczasowego designu. Dla ka\u017cdego, kto ceni estetyk\u0119 i u\u017cyteczno\u015b\u0107.\" \/>\n<meta property=\"og:url\" content=\"https:\/\/bertrand.pl\/fr\/produit\/lineaire\/\" \/>\n<meta property=\"og:site_name\" content=\"Bertrand. Najwy\u017cszej jako\u015bci okna i drzwi. Certyfikowany producent od 1969 roku.\" \/>\n<meta property=\"article:publisher\" content=\"https:\/\/www.facebook.com\/bertrandpolska\/\" \/>\n<meta property=\"article:modified_time\" content=\"2025-10-10T05:39:16+00:00\" \/>\n<meta property=\"og:image\" content=\"https:\/\/bertrand.pl\/wp-content\/uploads\/2023\/12\/20200907_bb_pvc_linear_new_500px.jpg\" \/>\n\t<meta property=\"og:image:width\" content=\"500\" \/>\n\t<meta property=\"og:image:height\" content=\"500\" \/>\n\t<meta property=\"og:image:type\" content=\"image\/jpeg\" \/>\n<meta name=\"twitter:card\" content=\"summary_large_image\" \/>\n<meta name=\"twitter:label1\" content=\"Dur\u00e9e de lecture estim\u00e9e\" \/>\n\t<meta name=\"twitter:data1\" content=\"3 minutes\" \/>\n<script type=\"application\/ld+json\" class=\"yoast-schema-graph\">{\"@context\":\"https:\/\/schema.org\",\"@graph\":[{\"@type\":\"WebPage\",\"@id\":\"https:\/\/bertrand.pl\/produkt\/linear\/\",\"url\":\"https:\/\/bertrand.pl\/produkt\/linear\/\",\"name\":\"LINEAR \/ LINEAR LIGHT - Bertrand. Najwy\u017cszej jako\u015bci okna i drzwi. Certyfikowany producent od 1969 roku.\",\"isPartOf\":{\"@id\":\"https:\/\/bertrand.pl\/#website\"},\"primaryImageOfPage\":{\"@id\":\"https:\/\/bertrand.pl\/produkt\/linear\/#primaryimage\"},\"image\":{\"@id\":\"https:\/\/bertrand.pl\/produkt\/linear\/#primaryimage\"},\"thumbnailUrl\":\"https:\/\/bertrand.pl\/wp-content\/uploads\/2023\/12\/20200907_bb_pvc_linear_new_500px.jpg\",\"datePublished\":\"2025-10-10T04:59:17+00:00\",\"dateModified\":\"2025-10-10T05:39:16+00:00\",\"description\":\"System LINEAR to po\u0142\u0105czenie wizualnej perfekcji, innowacyjnej technologii i ponadczasowego designu. Dla ka\u017cdego, kto ceni estetyk\u0119 i u\u017cyteczno\u015b\u0107.\",\"breadcrumb\":{\"@id\":\"https:\/\/bertrand.pl\/produkt\/linear\/#breadcrumb\"},\"inLanguage\":\"fr-FR\",\"potentialAction\":[{\"@type\":\"ReadAction\",\"target\":[\"https:\/\/bertrand.pl\/produkt\/linear\/\"]}]},{\"@type\":\"ImageObject\",\"inLanguage\":\"fr-FR\",\"@id\":\"https:\/\/bertrand.pl\/produkt\/linear\/#primaryimage\",\"url\":\"https:\/\/bertrand.pl\/wp-content\/uploads\/2023\/12\/20200907_bb_pvc_linear_new_500px.jpg\",\"contentUrl\":\"https:\/\/bertrand.pl\/wp-content\/uploads\/2023\/12\/20200907_bb_pvc_linear_new_500px.jpg\",\"width\":500,\"height\":500},{\"@type\":\"BreadcrumbList\",\"@id\":\"https:\/\/bertrand.pl\/produkt\/linear\/#breadcrumb\",\"itemListElement\":[{\"@type\":\"ListItem\",\"position\":1,\"name\":\"Strona g\u0142\u00f3wna\",\"item\":\"https:\/\/bertrand.pl\/\"},{\"@type\":\"ListItem\",\"position\":2,\"name\":\"Produits\",\"item\":\"https:\/\/bertrand.pl\/fr\/shop\/\"},{\"@type\":\"ListItem\",\"position\":3,\"name\":\"LINEAR \/ LINEAR LIGHT\"}]},{\"@type\":\"WebSite\",\"@id\":\"https:\/\/bertrand.pl\/#website\",\"url\":\"https:\/\/bertrand.pl\/\",\"name\":\"Bertrand.pl\",\"description\":\"Firma Bertrand to certyfikowany i uznany producent najwy\u017cszej jako\u015bci okien z PVC, z drewna lub aluminium. Produkcja drzwi, rolet i bram gara\u017cowych.\",\"publisher\":{\"@id\":\"https:\/\/bertrand.pl\/#organization\"},\"potentialAction\":[{\"@type\":\"SearchAction\",\"target\":{\"@type\":\"EntryPoint\",\"urlTemplate\":\"https:\/\/bertrand.pl\/?s={search_term_string}\"},\"query-input\":{\"@type\":\"PropertyValueSpecification\",\"valueRequired\":true,\"valueName\":\"search_term_string\"}}],\"inLanguage\":\"fr-FR\"},{\"@type\":\"Organization\",\"@id\":\"https:\/\/bertrand.pl\/#organization\",\"name\":\"Bertrand.pl\",\"url\":\"https:\/\/bertrand.pl\/\",\"logo\":{\"@type\":\"ImageObject\",\"inLanguage\":\"fr-FR\",\"@id\":\"https:\/\/bertrand.pl\/#\/schema\/logo\/image\/\",\"url\":\"https:\/\/bertrand.pl\/wp-content\/uploads\/2024\/12\/logo_BB_TM_PL_black.png\",\"contentUrl\":\"https:\/\/bertrand.pl\/wp-content\/uploads\/2024\/12\/logo_BB_TM_PL_black.png\",\"width\":1831,\"height\":1831,\"caption\":\"Bertrand.pl\"},\"image\":{\"@id\":\"https:\/\/bertrand.pl\/#\/schema\/logo\/image\/\"},\"sameAs\":[\"https:\/\/www.facebook.com\/bertrandpolska\/\",\"https:\/\/www.instagram.com\/bertrand_okna_i_drzwi\/\",\"https:\/\/www.linkedin.com\/company\/bertrand\/\",\"https:\/\/www.tiktok.com\/@bertrand_okna_drzwi\"]}]}<\/script>\n<!-- \/ Yoast SEO Premium plugin. -->","yoast_head_json":{"title":"LINEAR \/ LINEAR LIGHT - Bertrand. Najwy\u017cszej jako\u015bci okna i drzwi. Certyfikowany producent od 1969 roku.","description":"Le syst\u00e8me LINEAR est une combinaison de perfection visuelle, de technologie innovante et de design intemporel. Pour tous ceux qui appr\u00e9cient l&#039;esth\u00e9tique et la convivialit\u00e9.","robots":{"index":"index","follow":"follow","max-snippet":"max-snippet:-1","max-image-preview":"max-image-preview:large","max-video-preview":"max-video-preview:-1"},"canonical":"https:\/\/bertrand.pl\/fr\/produit\/lineaire\/","og_locale":"fr_FR","og_type":"article","og_title":"LINEAR \/ LINEAR LIGHT","og_description":"System LINEAR to po\u0142\u0105czenie wizualnej perfekcji, innowacyjnej technologii i ponadczasowego designu. Dla ka\u017cdego, kto ceni estetyk\u0119 i u\u017cyteczno\u015b\u0107.","og_url":"https:\/\/bertrand.pl\/fr\/produit\/lineaire\/","og_site_name":"Bertrand. Najwy\u017cszej jako\u015bci okna i drzwi. Certyfikowany producent od 1969 roku.","article_publisher":"https:\/\/www.facebook.com\/bertrandpolska\/","article_modified_time":"2025-10-10T05:39:16+00:00","og_image":[{"width":500,"height":500,"url":"https:\/\/bertrand.pl\/wp-content\/uploads\/2023\/12\/20200907_bb_pvc_linear_new_500px.jpg","type":"image\/jpeg"}],"twitter_card":"summary_large_image","twitter_misc":{"Dur\u00e9e de lecture estim\u00e9e":"3 minutes"},"schema":{"@context":"https:\/\/schema.org","@graph":[{"@type":"WebPage","@id":"https:\/\/bertrand.pl\/produkt\/linear\/","url":"https:\/\/bertrand.pl\/produkt\/linear\/","name":"LINEAR \/ LINEAR LIGHT - Bertrand. Najwy\u017cszej jako\u015bci okna i drzwi. Certyfikowany producent od 1969 roku.","isPartOf":{"@id":"https:\/\/bertrand.pl\/#website"},"primaryImageOfPage":{"@id":"https:\/\/bertrand.pl\/produkt\/linear\/#primaryimage"},"image":{"@id":"https:\/\/bertrand.pl\/produkt\/linear\/#primaryimage"},"thumbnailUrl":"https:\/\/bertrand.pl\/wp-content\/uploads\/2023\/12\/20200907_bb_pvc_linear_new_500px.jpg","datePublished":"2025-10-10T04:59:17+00:00","dateModified":"2025-10-10T05:39:16+00:00","description":"Le syst\u00e8me LINEAR est une combinaison de perfection visuelle, de technologie innovante et de design intemporel. Pour tous ceux qui appr\u00e9cient l&#039;esth\u00e9tique et la convivialit\u00e9.","breadcrumb":{"@id":"https:\/\/bertrand.pl\/produkt\/linear\/#breadcrumb"},"inLanguage":"fr-FR","potentialAction":[{"@type":"ReadAction","target":["https:\/\/bertrand.pl\/produkt\/linear\/"]}]},{"@type":"ImageObject","inLanguage":"fr-FR","@id":"https:\/\/bertrand.pl\/produkt\/linear\/#primaryimage","url":"https:\/\/bertrand.pl\/wp-content\/uploads\/2023\/12\/20200907_bb_pvc_linear_new_500px.jpg","contentUrl":"https:\/\/bertrand.pl\/wp-content\/uploads\/2023\/12\/20200907_bb_pvc_linear_new_500px.jpg","width":500,"height":500},{"@type":"BreadcrumbList","@id":"https:\/\/bertrand.pl\/produkt\/linear\/#breadcrumb","itemListElement":[{"@type":"ListItem","position":1,"name":"Strona g\u0142\u00f3wna","item":"https:\/\/bertrand.pl\/"},{"@type":"ListItem","position":2,"name":"Produits","item":"https:\/\/bertrand.pl\/fr\/shop\/"},{"@type":"ListItem","position":3,"name":"LINEAR \/ LINEAR LIGHT"}]},{"@type":"WebSite","@id":"https:\/\/bertrand.pl\/#website","url":"https:\/\/bertrand.pl\/","name":"Bertrand.pl","description":"Firma Bertrand to certyfikowany i uznany producent najwy\u017cszej jako\u015bci okien z PVC, z drewna lub aluminium. Produkcja drzwi, rolet i bram gara\u017cowych.","publisher":{"@id":"https:\/\/bertrand.pl\/#organization"},"potentialAction":[{"@type":"SearchAction","target":{"@type":"EntryPoint","urlTemplate":"https:\/\/bertrand.pl\/?s={search_term_string}"},"query-input":{"@type":"PropertyValueSpecification","valueRequired":true,"valueName":"search_term_string"}}],"inLanguage":"fr-FR"},{"@type":"Organization","@id":"https:\/\/bertrand.pl\/#organization","name":"Bertrand.pl","url":"https:\/\/bertrand.pl\/","logo":{"@type":"ImageObject","inLanguage":"fr-FR","@id":"https:\/\/bertrand.pl\/#\/schema\/logo\/image\/","url":"https:\/\/bertrand.pl\/wp-content\/uploads\/2024\/12\/logo_BB_TM_PL_black.png","contentUrl":"https:\/\/bertrand.pl\/wp-content\/uploads\/2024\/12\/logo_BB_TM_PL_black.png","width":1831,"height":1831,"caption":"Bertrand.pl"},"image":{"@id":"https:\/\/bertrand.pl\/#\/schema\/logo\/image\/"},"sameAs":["https:\/\/www.facebook.com\/bertrandpolska\/","https:\/\/www.instagram.com\/bertrand_okna_i_drzwi\/","https:\/\/www.linkedin.com\/company\/bertrand\/","https:\/\/www.tiktok.com\/@bertrand_okna_drzwi"]}]}},"_links":{"self":[{"href":"https:\/\/bertrand.pl\/fr\/wp-json\/wp\/v2\/product\/593","targetHints":{"allow":["GET"]}}],"collection":[{"href":"https:\/\/bertrand.pl\/fr\/wp-json\/wp\/v2\/product"}],"about":[{"href":"https:\/\/bertrand.pl\/fr\/wp-json\/wp\/v2\/types\/product"}],"wp:featuredmedia":[{"embeddable":true,"href":"https:\/\/bertrand.pl\/fr\/wp-json\/wp\/v2\/media\/594"}],"wp:attachment":[{"href":"https:\/\/bertrand.pl\/fr\/wp-json\/wp\/v2\/media?parent=593"}],"wp:term":[{"taxonomy":"product_brand","embeddable":true,"href":"https:\/\/bertrand.pl\/fr\/wp-json\/wp\/v2\/product_brand?post=593"},{"taxonomy":"product_cat","embeddable":true,"href":"https:\/\/bertrand.pl\/fr\/wp-json\/wp\/v2\/product_cat?post=593"},{"taxonomy":"product_tag","embeddable":true,"href":"https:\/\/bertrand.pl\/fr\/wp-json\/wp\/v2\/product_tag?post=593"}],"curies":[{"name":"wp","href":"https:\/\/api.w.org\/{rel}","templated":true}]}}