{"id":6545,"date":"2025-03-27T10:28:59","date_gmt":"2025-03-27T09:28:59","guid":{"rendered":"https:\/\/bertrand.pl\/?post_type=product&#038;p=6545"},"modified":"2026-03-04T12:48:15","modified_gmt":"2026-03-04T11:48:15","slug":"ideal-4000","status":"publish","type":"product","link":"https:\/\/bertrand.pl\/fr\/produkt\/ideal-4000\/","title":{"rendered":"IDEAL 4000"},"content":{"rendered":"<h1 data-start=\"134\" data-end=\"214\"><strong>Syst\u00e8me de fen\u00eatre universel offrant de nombreuses possibilit\u00e9s d\u2019agencement<\/strong><\/h1>\n<p>&nbsp;<\/p>\n<p data-start=\"216\" data-end=\"540\">Le syst\u00e8me IDEAL 4000 est une solution \u00e9prouv\u00e9e et polyvalente parmi les profils en PVC, combinant parfaitement esth\u00e9tique et fonctionnalit\u00e9. Gr\u00e2ce \u00e0 une large gamme de formes et de configurations de profils, vous pouvez facilement adapter le style des fen\u00eatres au caract\u00e8re de votre maison. Id\u00e9al aussi bien pour les constructions neuves que pour la r\u00e9novation de b\u00e2timents anciens.<\/p>\n<p data-start=\"542\" data-end=\"882\" class=\"translation-block\">Une richesse de formes et une grande libert\u00e9 de choix \u2013 vous avez le choix entre des versions stylistiques aux lignes doucement arrondies (<strong><em>round-line<\/em><\/strong>) ou \u00e0 la finition g\u00e9om\u00e9trique marqu\u00e9e (<strong><em>classic-line<\/em><\/strong>). De plus, le syst\u00e8me est disponible en versions d\u2019ouvrants <strong>semi-affleurants et non affleurants<\/strong>. Tout cela pour vous permettre de choisir la solution qui r\u00e9pond parfaitement \u00e0 vos attentes esth\u00e9tiques.<\/p>\n<p data-start=\"884\" data-end=\"1271\" class=\"translation-block\">Lumi\u00e8re et espace, m\u00eame lors de r\u00e9novations \u2013 dans les situations o\u00f9 il est impossible d\u2019agrandir l\u2019ouverture de la fen\u00eatre, comme lors du remplacement de menuiseries dans des immeubles collectifs, la finesse du profil constitue un atout majeur. La largeur du cadre + ouvrant n\u2019est que de <strong>114 mm<\/strong>. Cela se traduit par une plus grande surface vitr\u00e9e et davantage de lumi\u00e8re naturelle \u00e0 l\u2019int\u00e9rieur.<\/p>\n<p data-start=\"1273\" data-end=\"1600\">Durabilit\u00e9 et design moderne \u2014 Le syst\u00e8me IDEAL 4000 propose une large gamme de films d\u00e9coratifs, allant des d\u00e9cors classiques aux finitions modernes premium telles que woodec et aludec. Pour une int\u00e9gration encore plus harmonieuse dans les am\u00e9nagements contemporains, des profil\u00e9s avec \u00e2me anthracite sont \u00e9galement disponibles.<\/p>\n<p data-start=\"1602\" data-end=\"1984\" class=\"translation-block\">Efficacit\u00e9 \u00e9nerg\u00e9tique dans un format compact \u2014 malgr\u00e9 une faible profondeur de montage (<strong>de 70 \u00e0 85 mm<\/strong>), le syst\u00e8me permet de r\u00e9aliser des constructions aux tr\u00e8s bonnes performances d\u2019isolation. Associ\u00e9es au nouvel ouvrant semi-affleurant et \u00e0 la possibilit\u00e9 d\u2019utiliser des vitrages jusqu\u2019\u00e0 <strong>48 mm<\/strong>, les fen\u00eatres de ce syst\u00e8me peuvent atteindre un coefficient <strong>Uw allant jusqu\u2019\u00e0 0,85 W\/m\u00b2K<\/strong>.<\/p>\n<p data-start=\"1602\" data-end=\"1984\"><img fetchpriority=\"high\" decoding=\"async\" class=\"alignnone wp-image-6546\" src=\"https:\/\/bertrand.pl\/wp-content\/uploads\/2025\/03\/Aluplast_P_1_Okna-ID-4000-9-wewn_HR-scaled.jpg\" alt=\"IDEAL 4000 \u2013 nowoczesny design, smuk\u0142e profile, wysoka energooszcz\u0119dno\u015b\u0107 i bogaty wyb\u00f3r wariant\u00f3w stylistycznych.\" width=\"799\" height=\"565\" srcset=\"https:\/\/bertrand.pl\/wp-content\/uploads\/2025\/03\/Aluplast_P_1_Okna-ID-4000-9-wewn_HR-scaled.jpg 2560w, https:\/\/bertrand.pl\/wp-content\/uploads\/2025\/03\/Aluplast_P_1_Okna-ID-4000-9-wewn_HR-420x297.jpg 420w, https:\/\/bertrand.pl\/wp-content\/uploads\/2025\/03\/Aluplast_P_1_Okna-ID-4000-9-wewn_HR-1360x961.jpg 1360w, https:\/\/bertrand.pl\/wp-content\/uploads\/2025\/03\/Aluplast_P_1_Okna-ID-4000-9-wewn_HR-768x543.jpg 768w, https:\/\/bertrand.pl\/wp-content\/uploads\/2025\/03\/Aluplast_P_1_Okna-ID-4000-9-wewn_HR-1536x1086.jpg 1536w, https:\/\/bertrand.pl\/wp-content\/uploads\/2025\/03\/Aluplast_P_1_Okna-ID-4000-9-wewn_HR-2048x1448.jpg 2048w, https:\/\/bertrand.pl\/wp-content\/uploads\/2025\/03\/Aluplast_P_1_Okna-ID-4000-9-wewn_HR-18x12.jpg 18w, https:\/\/bertrand.pl\/wp-content\/uploads\/2025\/03\/Aluplast_P_1_Okna-ID-4000-9-wewn_HR-600x424.jpg 600w\" sizes=\"(max-width: 799px) 100vw, 799px\" \/><\/p>\n<h4 data-start=\"1986\" data-end=\"2030\"><\/h4>\n<h4 data-start=\"1986\" data-end=\"2030\"><strong data-start=\"1986\" data-end=\"2030\">Parametry techniczne dla systemu IDEAL 4000:<\/strong><\/h4>\n<p>&nbsp;<\/p>\n<ul data-start=\"2031\" data-end=\"2554\">\n<li data-start=\"2031\" data-end=\"2067\">\n<p data-start=\"2033\" data-end=\"2067\" class=\"translation-block\">Profondeur d'installation : <strong>70\u201385 mm<\/strong><\/p>\n<\/li>\n<li data-start=\"2068\" data-end=\"2093\">\n<p data-start=\"2070\" data-end=\"2093\" class=\"translation-block\">Nombre de chambres : <strong>5\u20136<\/strong><\/p>\n<\/li>\n<li data-start=\"2094\" data-end=\"2139\">\n<p data-start=\"2096\" data-end=\"2139\" class=\"translation-block\">\u00c9paisseur maximale du vitrage : <strong>jusqu\u2019\u00e0 48 mm<\/strong><\/p>\n<\/li>\n<li data-start=\"2140\" data-end=\"2189\">\n<p data-start=\"2142\" data-end=\"2189\" class=\"translation-block\">Largeur cadre + ouvrant : <strong>114 mm<\/strong><\/p>\n<\/li>\n<li data-start=\"2190\" data-end=\"2244\">\n<p data-start=\"2192\" data-end=\"2244\" class=\"translation-block\">Syst\u00e8me d'\u00e9tanch\u00e9it\u00e9 : <strong>ext\u00e9rieur \u2013 2 joints<\/strong><\/p>\n<\/li>\n<li data-start=\"2245\" data-end=\"2283\">\n<p data-start=\"2247\" data-end=\"2283\" class=\"translation-block\">Coefficient Uf : <strong>1,2\u20131,4 W\/m\u00b2K<\/strong><\/p>\n<\/li>\n<li data-start=\"2284\" data-end=\"2336\">\n<p data-start=\"2286\" data-end=\"2336\" class=\"translation-block\">Possibilit\u00e9 d\u2019utilisation de mousse de montage : <strong>oui<\/strong><\/p>\n<\/li>\n<li data-start=\"2337\" data-end=\"2387\">\n<p data-start=\"2339\" data-end=\"2387\" class=\"translation-block\">Couleurs du noyau : <strong>blanc, brun, anthracite<\/strong><\/p>\n<\/li>\n<li data-start=\"2388\" data-end=\"2431\">\n<p data-start=\"2390\" data-end=\"2431\" class=\"translation-block\">R\u00e9sistance \u00e0 l\u2019effraction : <strong>jusqu\u2019\u00e0 la classe RC2<\/strong><\/p>\n<\/li>\n<li data-start=\"2432\" data-end=\"2527\">\n<p data-start=\"2434\" data-end=\"2527\" class=\"translation-block\">Options stylistiques : <strong>Classic-line, Round-line ; ouvrants semi-affleurants et non affleurants<\/strong><\/p>\n<\/li>\n<li data-start=\"2528\" data-end=\"2554\">\n<p data-start=\"2530\" data-end=\"2554\" class=\"translation-block\">Renfort : <strong>acier<\/strong><\/p>\n<\/li>\n<\/ul>\n<p>&nbsp;<\/p>\n<figure id=\"attachment_7965\" aria-describedby=\"caption-attachment-7965\" style=\"width: 668px\" class=\"wp-caption alignnone\"><img decoding=\"async\" class=\"wp-image-7965 size-full\" src=\"https:\/\/bertrand.pl\/wp-content\/uploads\/2025\/03\/ideal4000_przekroj.jpg\" alt=\"\" width=\"668\" height=\"459\" srcset=\"https:\/\/bertrand.pl\/wp-content\/uploads\/2025\/03\/ideal4000_przekroj.jpg 668w, https:\/\/bertrand.pl\/wp-content\/uploads\/2025\/03\/ideal4000_przekroj-420x289.jpg 420w, https:\/\/bertrand.pl\/wp-content\/uploads\/2025\/03\/ideal4000_przekroj-18x12.jpg 18w, https:\/\/bertrand.pl\/wp-content\/uploads\/2025\/03\/ideal4000_przekroj-600x412.jpg 600w\" sizes=\"(max-width: 668px) 100vw, 668px\" \/><figcaption id=\"caption-attachment-7965\" class=\"wp-caption-text\">Ideal 4000 &#8211; przekr\u00f3j.<\/figcaption><\/figure>\n<blockquote class=\"wp-embedded-content\" data-secret=\"p6TMUCXeUR\"><p><a href=\"https:\/\/bertrand.pl\/fr\/ideal-4000-nowoczesne-okna-pvc\/\">Ideal 4000 \u2013 nowoczesne okna PVC \u0142\u0105cz\u0105ce design i funkcjonalno\u015b\u0107<\/a><\/p><\/blockquote>\n<p><iframe class=\"wp-embedded-content\" sandbox=\"allow-scripts\" security=\"restricted\" style=\"position: absolute; visibility: hidden;\" title=\"&#8222;Ideal 4000 \u2013 nowoczesne okna PVC \u0142\u0105cz\u0105ce design i funkcjonalno\u015b\u0107&#8221; &#8212; Bertrand. Najwy\u017cszej jako\u015bci okna i drzwi. Certyfikowany producent od 1969 roku.\" src=\"https:\/\/bertrand.pl\/ideal-4000-nowoczesne-okna-pvc\/embed\/#?secret=MdSf4I7sbu#?secret=p6TMUCXeUR\" data-secret=\"p6TMUCXeUR\" width=\"500\" height=\"282\" frameborder=\"0\" marginwidth=\"0\" marginheight=\"0\" scrolling=\"no\"><\/iframe><\/p>","protected":false},"excerpt":{"rendered":"<p data-start=\"134\" data-end=\"214\"><strong>SYST\u00c8ME DE FEN\u00caTRE UNIVERSEL \u00c0 UN PRIX ABORDABLE<\/strong><\/p>\n<p>Un syst\u00e8me de fen\u00eatre PVC polyvalent, alliant design moderne et grande fonctionnalit\u00e9. Des profil\u00e9s fins, un large choix de variantes et d'excellentes performances d\u2019isolation thermique en font une solution id\u00e9ale aussi bien pour les nouvelles constructions que pour les r\u00e9novations.<\/p>","protected":false},"featured_media":6547,"template":"","meta":{"site-sidebar-layout":"default","site-content-layout":"","ast-site-content-layout":"default","site-content-style":"default","site-sidebar-style":"default","ast-global-header-display":"","ast-banner-title-visibility":"","ast-main-header-display":"","ast-hfb-above-header-display":"","ast-hfb-below-header-display":"","ast-hfb-mobile-header-display":"","site-post-title":"","ast-breadcrumbs-content":"","ast-featured-img":"","footer-sml-layout":"","ast-disable-related-posts":"","theme-transparent-header-meta":"default","adv-header-id-meta":"","stick-header-meta":"","header-above-stick-meta":"","header-main-stick-meta":"","header-below-stick-meta":"","astra-migrate-meta-layouts":"set","ast-page-background-enabled":"default","ast-page-background-meta":{"desktop":{"background-color":"var(--ast-global-color-4)","background-image":"","background-repeat":"repeat","background-position":"center center","background-size":"auto","background-attachment":"scroll","background-type":"","background-media":"","overlay-type":"","overlay-color":"","overlay-opacity":"","overlay-gradient":""},"tablet":{"background-color":"","background-image":"","background-repeat":"repeat","background-position":"center center","background-size":"auto","background-attachment":"scroll","background-type":"","background-media":"","overlay-type":"","overlay-color":"","overlay-opacity":"","overlay-gradient":""},"mobile":{"background-color":"","background-image":"","background-repeat":"repeat","background-position":"center center","background-size":"auto","background-attachment":"scroll","background-type":"","background-media":"","overlay-type":"","overlay-color":"","overlay-opacity":"","overlay-gradient":""}},"ast-content-background-meta":{"desktop":{"background-color":"var(--ast-global-color-5)","background-image":"","background-repeat":"repeat","background-position":"center center","background-size":"auto","background-attachment":"scroll","background-type":"","background-media":"","overlay-type":"","overlay-color":"","overlay-opacity":"","overlay-gradient":""},"tablet":{"background-color":"var(--ast-global-color-5)","background-image":"","background-repeat":"repeat","background-position":"center center","background-size":"auto","background-attachment":"scroll","background-type":"","background-media":"","overlay-type":"","overlay-color":"","overlay-opacity":"","overlay-gradient":""},"mobile":{"background-color":"var(--ast-global-color-5)","background-image":"","background-repeat":"repeat","background-position":"center center","background-size":"auto","background-attachment":"scroll","background-type":"","background-media":"","overlay-type":"","overlay-color":"","overlay-opacity":"","overlay-gradient":""}}},"product_brand":[],"product_cat":[15,24],"product_tag":[1695,1700,831,365,1696,1476,308,1697,1701,1699,733,1698,1694],"class_list":{"0":"post-6545","1":"product","2":"type-product","3":"status-publish","4":"has-post-thumbnail","6":"product_cat-okna","7":"product_cat-okna-pvc","8":"product_tag-aluplast","9":"product_tag-classic-line","10":"product_tag-nowoczesne-okna","11":"product_tag-okna-bertrand","12":"product_tag-okna-do-renowacji","13":"product_tag-okna-energooszczedne","14":"product_tag-okna-pvc","15":"product_tag-okna-z-antracytowym-rdzeniem","16":"product_tag-polzlicowane-skrzydlo","17":"product_tag-round-line","18":"product_tag-smukle-profile","19":"product_tag-stolarka-okienna","20":"product_tag-system-ideal-4000","21":"desktop-align-left","22":"tablet-align-left","23":"mobile-align-left","25":"first","26":"instock","27":"shipping-taxable","28":"product-type-simple"},"yoast_head":"<!-- This site is optimized with the Yoast SEO Premium plugin v27.2 (Yoast SEO v27.2) - https:\/\/yoast.com\/product\/yoast-seo-premium-wordpress\/ -->\n<title>Ideal 4000 - design i funkcjonalno\u015b\u0107 w jednym<\/title>\n<meta name=\"description\" content=\"System okienny IDEAL 4000 \u2013 nowoczesny design, smuk\u0142e profile, wysoka energooszcz\u0119dno\u015b\u0107 i bogaty wyb\u00f3r wariant\u00f3w stylistycznych.\" \/>\n<meta name=\"robots\" content=\"index, follow, max-snippet:-1, max-image-preview:large, max-video-preview:-1\" \/>\n<link rel=\"canonical\" href=\"https:\/\/bertrand.pl\/fr\/produit\/ideal-4000\/\" \/>\n<meta property=\"og:locale\" content=\"fr_FR\" \/>\n<meta property=\"og:type\" content=\"article\" \/>\n<meta property=\"og:title\" content=\"IDEAL 4000\" \/>\n<meta property=\"og:description\" content=\"System okienny IDEAL 4000 \u2013 nowoczesny design, smuk\u0142e profile, wysoka energooszcz\u0119dno\u015b\u0107 i bogaty wyb\u00f3r wariant\u00f3w stylistycznych.\" \/>\n<meta property=\"og:url\" content=\"https:\/\/bertrand.pl\/fr\/produit\/ideal-4000\/\" \/>\n<meta property=\"og:site_name\" content=\"Bertrand. Najwy\u017cszej jako\u015bci okna i drzwi. Certyfikowany producent od 1969 roku.\" \/>\n<meta property=\"article:publisher\" content=\"https:\/\/www.facebook.com\/bertrandpolska\/\" \/>\n<meta property=\"article:modified_time\" content=\"2026-03-04T11:48:15+00:00\" \/>\n<meta property=\"og:image\" content=\"https:\/\/bertrand.pl\/wp-content\/uploads\/2025\/03\/ideal_4000-1360x1360.png\" \/>\n\t<meta property=\"og:image:width\" content=\"1360\" \/>\n\t<meta property=\"og:image:height\" content=\"1360\" \/>\n\t<meta property=\"og:image:type\" content=\"image\/png\" \/>\n<meta name=\"twitter:card\" content=\"summary_large_image\" \/>\n<meta name=\"twitter:label1\" content=\"Dur\u00e9e de lecture estim\u00e9e\" \/>\n\t<meta name=\"twitter:data1\" content=\"3 minutes\" \/>\n<script type=\"application\/ld+json\" class=\"yoast-schema-graph\">{\"@context\":\"https:\/\/schema.org\",\"@graph\":[{\"@type\":\"WebPage\",\"@id\":\"https:\/\/bertrand.pl\/produkt\/ideal-4000\/\",\"url\":\"https:\/\/bertrand.pl\/produkt\/ideal-4000\/\",\"name\":\"Ideal 4000 - design i funkcjonalno\u015b\u0107 w jednym\",\"isPartOf\":{\"@id\":\"https:\/\/bertrand.pl\/#website\"},\"primaryImageOfPage\":{\"@id\":\"https:\/\/bertrand.pl\/produkt\/ideal-4000\/#primaryimage\"},\"image\":{\"@id\":\"https:\/\/bertrand.pl\/produkt\/ideal-4000\/#primaryimage\"},\"thumbnailUrl\":\"https:\/\/bertrand.pl\/wp-content\/uploads\/2025\/03\/ideal_4000.png\",\"datePublished\":\"2025-03-27T09:28:59+00:00\",\"dateModified\":\"2026-03-04T11:48:15+00:00\",\"description\":\"System okienny IDEAL 4000 \u2013 nowoczesny design, smuk\u0142e profile, wysoka energooszcz\u0119dno\u015b\u0107 i bogaty wyb\u00f3r wariant\u00f3w stylistycznych.\",\"breadcrumb\":{\"@id\":\"https:\/\/bertrand.pl\/produkt\/ideal-4000\/#breadcrumb\"},\"inLanguage\":\"fr-FR\",\"potentialAction\":[{\"@type\":\"ReadAction\",\"target\":[\"https:\/\/bertrand.pl\/produkt\/ideal-4000\/\"]}]},{\"@type\":\"ImageObject\",\"inLanguage\":\"fr-FR\",\"@id\":\"https:\/\/bertrand.pl\/produkt\/ideal-4000\/#primaryimage\",\"url\":\"https:\/\/bertrand.pl\/wp-content\/uploads\/2025\/03\/ideal_4000.png\",\"contentUrl\":\"https:\/\/bertrand.pl\/wp-content\/uploads\/2025\/03\/ideal_4000.png\",\"width\":3982,\"height\":3982},{\"@type\":\"BreadcrumbList\",\"@id\":\"https:\/\/bertrand.pl\/produkt\/ideal-4000\/#breadcrumb\",\"itemListElement\":[{\"@type\":\"ListItem\",\"position\":1,\"name\":\"Strona g\u0142\u00f3wna\",\"item\":\"https:\/\/bertrand.pl\/\"},{\"@type\":\"ListItem\",\"position\":2,\"name\":\"Produits\",\"item\":\"https:\/\/bertrand.pl\/fr\/shop\/\"},{\"@type\":\"ListItem\",\"position\":3,\"name\":\"IDEAL 4000\"}]},{\"@type\":\"WebSite\",\"@id\":\"https:\/\/bertrand.pl\/#website\",\"url\":\"https:\/\/bertrand.pl\/\",\"name\":\"Bertrand.pl\",\"description\":\"Firma Bertrand to certyfikowany i uznany producent najwy\u017cszej jako\u015bci okien z PVC, z drewna lub aluminium. Produkcja drzwi, rolet i bram gara\u017cowych.\",\"publisher\":{\"@id\":\"https:\/\/bertrand.pl\/#organization\"},\"potentialAction\":[{\"@type\":\"SearchAction\",\"target\":{\"@type\":\"EntryPoint\",\"urlTemplate\":\"https:\/\/bertrand.pl\/?s={search_term_string}\"},\"query-input\":{\"@type\":\"PropertyValueSpecification\",\"valueRequired\":true,\"valueName\":\"search_term_string\"}}],\"inLanguage\":\"fr-FR\"},{\"@type\":\"Organization\",\"@id\":\"https:\/\/bertrand.pl\/#organization\",\"name\":\"Bertrand.pl\",\"url\":\"https:\/\/bertrand.pl\/\",\"logo\":{\"@type\":\"ImageObject\",\"inLanguage\":\"fr-FR\",\"@id\":\"https:\/\/bertrand.pl\/#\/schema\/logo\/image\/\",\"url\":\"https:\/\/bertrand.pl\/wp-content\/uploads\/2024\/12\/logo_BB_TM_PL_black.png\",\"contentUrl\":\"https:\/\/bertrand.pl\/wp-content\/uploads\/2024\/12\/logo_BB_TM_PL_black.png\",\"width\":1831,\"height\":1831,\"caption\":\"Bertrand.pl\"},\"image\":{\"@id\":\"https:\/\/bertrand.pl\/#\/schema\/logo\/image\/\"},\"sameAs\":[\"https:\/\/www.facebook.com\/bertrandpolska\/\",\"https:\/\/www.instagram.com\/bertrand_okna_i_drzwi\/\",\"https:\/\/www.linkedin.com\/company\/bertrand\/\",\"https:\/\/www.tiktok.com\/@bertrand_okna_drzwi\"]}]}<\/script>\n<!-- \/ Yoast SEO Premium plugin. -->","yoast_head_json":{"title":"Ideal 4000 - design i funkcjonalno\u015b\u0107 w jednym","description":"System okienny IDEAL 4000 \u2013 nowoczesny design, smuk\u0142e profile, wysoka energooszcz\u0119dno\u015b\u0107 i bogaty wyb\u00f3r wariant\u00f3w stylistycznych.","robots":{"index":"index","follow":"follow","max-snippet":"max-snippet:-1","max-image-preview":"max-image-preview:large","max-video-preview":"max-video-preview:-1"},"canonical":"https:\/\/bertrand.pl\/fr\/produit\/ideal-4000\/","og_locale":"fr_FR","og_type":"article","og_title":"IDEAL 4000","og_description":"System okienny IDEAL 4000 \u2013 nowoczesny design, smuk\u0142e profile, wysoka energooszcz\u0119dno\u015b\u0107 i bogaty wyb\u00f3r wariant\u00f3w stylistycznych.","og_url":"https:\/\/bertrand.pl\/fr\/produit\/ideal-4000\/","og_site_name":"Bertrand. Najwy\u017cszej jako\u015bci okna i drzwi. Certyfikowany producent od 1969 roku.","article_publisher":"https:\/\/www.facebook.com\/bertrandpolska\/","article_modified_time":"2026-03-04T11:48:15+00:00","og_image":[{"width":1360,"height":1360,"url":"https:\/\/bertrand.pl\/wp-content\/uploads\/2025\/03\/ideal_4000-1360x1360.png","type":"image\/png"}],"twitter_card":"summary_large_image","twitter_misc":{"Dur\u00e9e de lecture estim\u00e9e":"3 minutes"},"schema":{"@context":"https:\/\/schema.org","@graph":[{"@type":"WebPage","@id":"https:\/\/bertrand.pl\/produkt\/ideal-4000\/","url":"https:\/\/bertrand.pl\/produkt\/ideal-4000\/","name":"Ideal 4000 - design i funkcjonalno\u015b\u0107 w jednym","isPartOf":{"@id":"https:\/\/bertrand.pl\/#website"},"primaryImageOfPage":{"@id":"https:\/\/bertrand.pl\/produkt\/ideal-4000\/#primaryimage"},"image":{"@id":"https:\/\/bertrand.pl\/produkt\/ideal-4000\/#primaryimage"},"thumbnailUrl":"https:\/\/bertrand.pl\/wp-content\/uploads\/2025\/03\/ideal_4000.png","datePublished":"2025-03-27T09:28:59+00:00","dateModified":"2026-03-04T11:48:15+00:00","description":"System okienny IDEAL 4000 \u2013 nowoczesny design, smuk\u0142e profile, wysoka energooszcz\u0119dno\u015b\u0107 i bogaty wyb\u00f3r wariant\u00f3w stylistycznych.","breadcrumb":{"@id":"https:\/\/bertrand.pl\/produkt\/ideal-4000\/#breadcrumb"},"inLanguage":"fr-FR","potentialAction":[{"@type":"ReadAction","target":["https:\/\/bertrand.pl\/produkt\/ideal-4000\/"]}]},{"@type":"ImageObject","inLanguage":"fr-FR","@id":"https:\/\/bertrand.pl\/produkt\/ideal-4000\/#primaryimage","url":"https:\/\/bertrand.pl\/wp-content\/uploads\/2025\/03\/ideal_4000.png","contentUrl":"https:\/\/bertrand.pl\/wp-content\/uploads\/2025\/03\/ideal_4000.png","width":3982,"height":3982},{"@type":"BreadcrumbList","@id":"https:\/\/bertrand.pl\/produkt\/ideal-4000\/#breadcrumb","itemListElement":[{"@type":"ListItem","position":1,"name":"Strona g\u0142\u00f3wna","item":"https:\/\/bertrand.pl\/"},{"@type":"ListItem","position":2,"name":"Produits","item":"https:\/\/bertrand.pl\/fr\/shop\/"},{"@type":"ListItem","position":3,"name":"IDEAL 4000"}]},{"@type":"WebSite","@id":"https:\/\/bertrand.pl\/#website","url":"https:\/\/bertrand.pl\/","name":"Bertrand.pl","description":"Firma Bertrand to certyfikowany i uznany producent najwy\u017cszej jako\u015bci okien z PVC, z drewna lub aluminium. Produkcja drzwi, rolet i bram gara\u017cowych.","publisher":{"@id":"https:\/\/bertrand.pl\/#organization"},"potentialAction":[{"@type":"SearchAction","target":{"@type":"EntryPoint","urlTemplate":"https:\/\/bertrand.pl\/?s={search_term_string}"},"query-input":{"@type":"PropertyValueSpecification","valueRequired":true,"valueName":"search_term_string"}}],"inLanguage":"fr-FR"},{"@type":"Organization","@id":"https:\/\/bertrand.pl\/#organization","name":"Bertrand.pl","url":"https:\/\/bertrand.pl\/","logo":{"@type":"ImageObject","inLanguage":"fr-FR","@id":"https:\/\/bertrand.pl\/#\/schema\/logo\/image\/","url":"https:\/\/bertrand.pl\/wp-content\/uploads\/2024\/12\/logo_BB_TM_PL_black.png","contentUrl":"https:\/\/bertrand.pl\/wp-content\/uploads\/2024\/12\/logo_BB_TM_PL_black.png","width":1831,"height":1831,"caption":"Bertrand.pl"},"image":{"@id":"https:\/\/bertrand.pl\/#\/schema\/logo\/image\/"},"sameAs":["https:\/\/www.facebook.com\/bertrandpolska\/","https:\/\/www.instagram.com\/bertrand_okna_i_drzwi\/","https:\/\/www.linkedin.com\/company\/bertrand\/","https:\/\/www.tiktok.com\/@bertrand_okna_drzwi"]}]}},"_links":{"self":[{"href":"https:\/\/bertrand.pl\/fr\/wp-json\/wp\/v2\/product\/6545","targetHints":{"allow":["GET"]}}],"collection":[{"href":"https:\/\/bertrand.pl\/fr\/wp-json\/wp\/v2\/product"}],"about":[{"href":"https:\/\/bertrand.pl\/fr\/wp-json\/wp\/v2\/types\/product"}],"wp:featuredmedia":[{"embeddable":true,"href":"https:\/\/bertrand.pl\/fr\/wp-json\/wp\/v2\/media\/6547"}],"wp:attachment":[{"href":"https:\/\/bertrand.pl\/fr\/wp-json\/wp\/v2\/media?parent=6545"}],"wp:term":[{"taxonomy":"product_brand","embeddable":true,"href":"https:\/\/bertrand.pl\/fr\/wp-json\/wp\/v2\/product_brand?post=6545"},{"taxonomy":"product_cat","embeddable":true,"href":"https:\/\/bertrand.pl\/fr\/wp-json\/wp\/v2\/product_cat?post=6545"},{"taxonomy":"product_tag","embeddable":true,"href":"https:\/\/bertrand.pl\/fr\/wp-json\/wp\/v2\/product_tag?post=6545"}],"curies":[{"name":"wp","href":"https:\/\/api.w.org\/{rel}","templated":true}]}}