{"id":6612,"date":"2025-05-05T09:40:45","date_gmt":"2025-05-05T07:40:45","guid":{"rendered":"https:\/\/bertrand.pl\/?post_type=product&#038;p=6612"},"modified":"2025-07-10T14:15:52","modified_gmt":"2025-07-10T12:15:52","slug":"patio-principal","status":"publish","type":"product","link":"https:\/\/bertrand.pl\/fr\/produkt\/masterpatio\/","title":{"rendered":"MasterPatio"},"content":{"rendered":"<p data-start=\"400\" data-end=\"915\"><strong data-start=\"400\" data-end=\"415\">MasterPatio<\/strong> to nowoczesny, wysoko izolowany system przesuwny z aluminium, kt\u00f3ry zosta\u0142 zaprojektowany z my\u015bl\u0105 o najbardziej wymagaj\u0105cych projektach budownictwa mieszkaniowego i komercyjnego. \u0141\u0105czy minimalistyczn\u0105 estetyk\u0119 z najwy\u017cszymi parametrami technicznymi i energooszcz\u0119dno\u015bci\u0105, dzi\u0119ki czemu stanowi odpowied\u017a na aktualne potrzeby architekt\u00f3w, inwestor\u00f3w i u\u017cytkownik\u00f3w, kt\u00f3rzy poszukuj\u0105 maksymalnego przeszklenia przy zachowaniu pe\u0142nej funkcjonalno\u015bci i trwa\u0142o\u015bci.<\/p>\n<p data-start=\"400\" data-end=\"915\">System MasterPatio oferuje szerok\u0105 gam\u0119 funkcjonalnych wariant\u00f3w otwierania, dzi\u0119ki czemu umo\u017cliwia pe\u0142ne dopasowanie do indywidualnych potrzeb u\u017cytkownik\u00f3w oraz specyfiki projektu. Dost\u0119pny jest w wersji <strong>2- oraz 3-szynowej<\/strong>, umo\u017cliwiaj\u0105cej przesuwanie dw\u00f3ch lub trzech skrzyde\u0142, co pozwala na tworzenie du\u017cych, panoramicznych przeszkle\u0144. Wariant z <strong data-start=\"344\" data-end=\"362\">niskim progiem<\/strong> zapewnia komfort u\u017cytkowania i u\u0142atwia dost\u0119p \u2013 szczeg\u00f3lnie istotny w przypadku os\u00f3b starszych lub z ograniczon\u0105 mobilno\u015bci\u0105. Mo\u017cliwa jest tak\u017ce realizacja konstrukcji z <strong data-start=\"533\" data-end=\"559\">naro\u017cnikiem otwieranym<\/strong>, kt\u00f3ry po otwarciu tworzy spektakularny efekt \u201eotwartego naro\u017cnika\u201d bez widocznego s\u0142upka.<\/p>\n<p data-start=\"400\" data-end=\"915\">Dodatkow\u0105 opcj\u0105 jest zastosowanie <strong data-start=\"685\" data-end=\"716\">ukrytego skrzyd\u0142a ruchomego<\/strong> oraz <strong data-start=\"722\" data-end=\"742\">sta\u0142ego szklenia<\/strong>, co pozwala maksymalnie zwi\u0119kszy\u0107 powierzchni\u0119 przeszklon\u0105 i zredukowa\u0107 widoczno\u015b\u0107 profili. System MasterPatio przystosowany jest do integracji z nap\u0119dami automatycznymi oraz nowoczesnymi systemami<strong data-start=\"923\" data-end=\"947\"> Smart Home<\/strong>, a tak\u017ce jest kompatybilny z okuciami klasy premium, w tym z centralnym ryglowaniem i zabezpieczeniami antyw\u0142amaniowymi, co podnosi poziom bezpiecze\u0144stwa i komfortu obs\u0142ugi.<\/p>\n<p data-start=\"400\" data-end=\"915\"><img fetchpriority=\"high\" decoding=\"async\" width=\"1067\" height=\"600\" class=\"alignnone wp-image-6614\" src=\"https:\/\/bertrand.pl\/wp-content\/uploads\/2025\/05\/0198-reynaers-master-patio-panoramiczne-aluminiowe-drzwi-przesuwne.jpg\" alt=\"&quot;Wybieraj\u0105c\" srcset=\"https:\/\/bertrand.pl\/wp-content\/uploads\/2025\/05\/0198-reynaers-master-patio-panoramiczne-aluminiowe-drzwi-przesuwne.jpg 1067w, https:\/\/bertrand.pl\/wp-content\/uploads\/2025\/05\/0198-reynaers-master-patio-panoramiczne-aluminiowe-drzwi-przesuwne-420x236.jpg 420w, https:\/\/bertrand.pl\/wp-content\/uploads\/2025\/05\/0198-reynaers-master-patio-panoramiczne-aluminiowe-drzwi-przesuwne-768x432.jpg 768w, https:\/\/bertrand.pl\/wp-content\/uploads\/2025\/05\/0198-reynaers-master-patio-panoramiczne-aluminiowe-drzwi-przesuwne-18x10.jpg 18w, https:\/\/bertrand.pl\/wp-content\/uploads\/2025\/05\/0198-reynaers-master-patio-panoramiczne-aluminiowe-drzwi-przesuwne-600x337.jpg 600w\" sizes=\"(max-width: 1067px) 100vw, 1067px\" \/><\/p>\n<h4 data-start=\"1627\" data-end=\"1652\"><\/h4>\n<h4 data-start=\"1627\" data-end=\"1652\">Parametry techniczne MasterPatio:<\/h4>\n<p>&nbsp;<\/p>\n<ul data-start=\"1654\" data-end=\"2393\">\n<li data-start=\"1654\" data-end=\"1723\">\n<p data-start=\"1656\" data-end=\"1723\"><strong data-start=\"1656\" data-end=\"1683\">G\u0142\u0119boko\u015b\u0107 zabudowy ramy<\/strong>: 180 mm (2-szynowy), 278 mm (3-szynowy)<\/p>\n<\/li>\n<li data-start=\"1654\" data-end=\"1723\">\n<p data-start=\"1656\" data-end=\"1723\"><strong data-start=\"1726\" data-end=\"1748\">G\u0142\u0119boko\u015b\u0107 skrzyd\u0142a<\/strong>: 73 mm<\/p>\n<\/li>\n<li data-start=\"1756\" data-end=\"1799\">\n<p data-start=\"1758\" data-end=\"1799\"><strong data-start=\"1758\" data-end=\"1789\">Wysoko\u015b\u0107 profilu o\u015bcie\u017cnicy<\/strong>: od 43 mm<\/p>\n<\/li>\n<li data-start=\"1800\" data-end=\"1838\">\n<p data-start=\"1802\" data-end=\"1838\"><strong data-start=\"1802\" data-end=\"1831\">Wysoko\u015b\u0107 profilu skrzyd\u0142a<\/strong>: 87 mm<\/p>\n<\/li>\n<li data-start=\"1839\" data-end=\"1883\">\n<p data-start=\"1841\" data-end=\"1883\"><strong data-start=\"1841\" data-end=\"1873\">Maksymalna wysoko\u015b\u0107 skrzyd\u0142a<\/strong>: do 3,7 m<\/p>\n<\/li>\n<li data-start=\"1884\" data-end=\"1929\">\n<p data-start=\"1886\" data-end=\"1929\"><strong data-start=\"1886\" data-end=\"1919\">Maksymalna szeroko\u015b\u0107 skrzyd\u0142a dla MasterPatio<\/strong>: do 3,6 m<\/p>\n<\/li>\n<li data-start=\"1930\" data-end=\"2015\">\n<p data-start=\"1932\" data-end=\"2015\"><strong data-start=\"1932\" data-end=\"1962\">Maksymalny ci\u0119\u017car skrzyd\u0142a<\/strong>: do 400 kg (wersja r\u0119czna), do 700 kg (automatyczna)<\/p>\n<\/li>\n<li data-start=\"2016\" data-end=\"2057\">\n<p data-start=\"2018\" data-end=\"2057\"><strong data-start=\"2018\" data-end=\"2038\">Grubo\u015b\u0107 szklenia<\/strong>: od 28 mm do 62 mm<\/p>\n<\/li>\n<li data-start=\"2058\" data-end=\"2112\">\n<p data-start=\"2060\" data-end=\"2112\"><strong data-start=\"2060\" data-end=\"2098\">Wsp\u00f3\u0142czynnik przenikania ciep\u0142a Uf<\/strong>: od 1,2 W\/m\u00b2K<\/p>\n<\/li>\n<li data-start=\"2113\" data-end=\"2225\">\n<p data-start=\"2115\" data-end=\"2225\"><strong data-start=\"2115\" data-end=\"2152\">Izolacyjno\u015b\u0107 ca\u0142ej konstrukcji Uw<\/strong>: nawet &lt; 0,85 W\/m\u00b2K (w zale\u017cno\u015bci od konfiguracji i zastosowanego szk\u0142a)<\/p>\n<\/li>\n<li data-start=\"2226\" data-end=\"2288\">\n<p data-start=\"2228\" data-end=\"2288\"><strong data-start=\"2228\" data-end=\"2258\">Przepuszczalno\u015b\u0107 powietrza<\/strong>: klasa 4 (zgodnie z EN 12207)<\/p>\n<\/li>\n<li data-start=\"2289\" data-end=\"2333\">\n<p data-start=\"2291\" data-end=\"2333\"><strong data-start=\"2291\" data-end=\"2309\">Wodoszczelno\u015b\u0107<\/strong>: do kl. E750 (EN 12208)<\/p>\n<\/li>\n<li data-start=\"2334\" data-end=\"2393\">\n<p data-start=\"2336\" data-end=\"2393\"><strong data-start=\"2336\" data-end=\"2371\">Odporno\u015b\u0107 na obci\u0105\u017cenie wiatrem<\/strong>: do kl. C5 (EN 12210)<\/p>\n<\/li>\n<\/ul>\n<p>&nbsp;<\/p>\n<article class=\"text-token-text-primary w-full\" dir=\"auto\" data-testid=\"conversation-turn-14\" data-scroll-anchor=\"true\">\n<div class=\"text-base my-auto mx-auto py-5 [--thread-content-margin:--spacing(4)] @[37rem]:[--thread-content-margin:--spacing(6)] @[72rem]:[--thread-content-margin:--spacing(16)] px-(--thread-content-margin)\">\n<div class=\"[--thread-content-max-width:32rem] @[34rem]:[--thread-content-max-width:40rem] @[64rem]:[--thread-content-max-width:48rem] mx-auto flex max-w-(--thread-content-max-width) flex-1 text-base gap-4 md:gap-5 lg:gap-6 group\/turn-messages focus-visible:outline-hidden\">\n<div class=\"group\/conversation-turn relative flex w-full min-w-0 flex-col agent-turn\">\n<div class=\"relative flex-col gap-1 md:gap-3\">\n<div class=\"flex max-w-full flex-col grow\">\n<div class=\"min-h-8 text-message relative flex w-full flex-col items-end gap-2 text-start break-words whitespace-normal [.text-message+&amp;]:mt-5\" dir=\"auto\" data-message-author-role=\"assistant\" data-message-id=\"28ff1608-b94d-4f87-82ca-803eb2678d99\" data-message-model-slug=\"gpt-4o\">\n<div class=\"flex w-full flex-col gap-1 empty:hidden first:pt-[3px]\">\n<div class=\"markdown prose dark:prose-invert w-full break-words dark\">\n<p data-start=\"0\" data-end=\"754\">Wybieraj\u0105c MasterPatio, inwestujesz w rozwi\u0105zanie, kt\u00f3re \u0142\u0105czy nowoczesn\u0105 estetyk\u0119 z wyj\u0105tkowym komfortem u\u017cytkowania. Smuk\u0142e profile i minimalistyczny design pozwalaj\u0105 tworzy\u0107 imponuj\u0105ce przeszklenia bez kompromis\u00f3w, wpuszczaj\u0105c do wn\u0119trz maksimum naturalnego \u015bwiat\u0142a. System wyr\u00f3\u017cnia si\u0119 znakomitymi parametrami izolacyjnymi \u2013 spe\u0142nia nie tylko aktualne wymogi, ale r\u00f3wnie\u017c standardy budownictwa pasywnego, co przek\u0142ada si\u0119 na realne oszcz\u0119dno\u015bci energii. Trwa\u0142a, odporna na warunki atmosferyczne konstrukcja aluminiowa nie wymaga konserwacji. Natomiast bogactwo konfiguracji i wariant\u00f3w pozwala idealnie dopasowa\u0107 projekt do potrzeb architekta i oczekiwa\u0144 inwestora. To wszystko sprawia, \u017ce system MasterPatio jest idealnym rozwi\u0105zaniem dla tych, kt\u00f3rzy ceni\u0105 jako\u015b\u0107, funkcjonalno\u015b\u0107 i ponadczasowy styl.<\/p>\n<\/div>\n<\/div>\n<\/div>\n<\/div>\n<\/div>\n<div class=\"absolute\">\n<div class=\"flex items-center justify-center\"><a href=\"https:\/\/www.youtube.com\/watch?v=EnwOhsqrUBA\">Bertrand w Las Vegas &#8211; IBS 2024<\/a><\/div>\n<div><a href=\"https:\/\/bertrand.pl\/produkt\/smoovio\/\">Smoovio &#8211; Bertrand.<\/a><\/div>\n<div><a href=\"https:\/\/bertrand.pl\/produkt\/slimwall-35\/\">https:\/\/bertrand.pl\/produkt\/slimwall-35\/<\/a><\/div>\n<div><\/div>\n<\/div>\n<\/div>\n<\/div>\n<\/div>\n<\/article>\n","protected":false},"excerpt":{"rendered":"<p class=\"ai-optimize-26\"><strong>Vitrage maximal, cadre minimal<\/strong><\/p>\n<p class=\"ai-optimize-27\">Un syst\u00e8me coulissant en aluminium moderne de classe premium, alliant un design \u00e9l\u00e9gant et minimaliste \u00e0 une excellente isolation thermique et \u00e0 la possibilit\u00e9 de r\u00e9aliser de grandes surfaces vitr\u00e9es. Gr\u00e2ce \u00e0 ses profils fins, sa grande \u00e9tanch\u00e9it\u00e9 et sa compatibilit\u00e9 avec les automatismes et les syst\u00e8mes Smart Home, MasterPatio est la solution id\u00e9ale pour les maisons contemporaines et les projets commerciaux de prestige.<\/p>","protected":false},"featured_media":6613,"template":"","meta":{"site-sidebar-layout":"default","site-content-layout":"","ast-site-content-layout":"default","site-content-style":"default","site-sidebar-style":"default","ast-global-header-display":"","ast-banner-title-visibility":"","ast-main-header-display":"","ast-hfb-above-header-display":"","ast-hfb-below-header-display":"","ast-hfb-mobile-header-display":"","site-post-title":"","ast-breadcrumbs-content":"","ast-featured-img":"","footer-sml-layout":"","ast-disable-related-posts":"","theme-transparent-header-meta":"default","adv-header-id-meta":"","stick-header-meta":"","header-above-stick-meta":"","header-main-stick-meta":"","header-below-stick-meta":"","astra-migrate-meta-layouts":"set","ast-page-background-enabled":"default","ast-page-background-meta":{"desktop":{"background-color":"var(--ast-global-color-4)","background-image":"","background-repeat":"repeat","background-position":"center center","background-size":"auto","background-attachment":"scroll","background-type":"","background-media":"","overlay-type":"","overlay-color":"","overlay-opacity":"","overlay-gradient":""},"tablet":{"background-color":"","background-image":"","background-repeat":"repeat","background-position":"center center","background-size":"auto","background-attachment":"scroll","background-type":"","background-media":"","overlay-type":"","overlay-color":"","overlay-opacity":"","overlay-gradient":""},"mobile":{"background-color":"","background-image":"","background-repeat":"repeat","background-position":"center center","background-size":"auto","background-attachment":"scroll","background-type":"","background-media":"","overlay-type":"","overlay-color":"","overlay-opacity":"","overlay-gradient":""}},"ast-content-background-meta":{"desktop":{"background-color":"var(--ast-global-color-5)","background-image":"","background-repeat":"repeat","background-position":"center center","background-size":"auto","background-attachment":"scroll","background-type":"","background-media":"","overlay-type":"","overlay-color":"","overlay-opacity":"","overlay-gradient":""},"tablet":{"background-color":"var(--ast-global-color-5)","background-image":"","background-repeat":"repeat","background-position":"center center","background-size":"auto","background-attachment":"scroll","background-type":"","background-media":"","overlay-type":"","overlay-color":"","overlay-opacity":"","overlay-gradient":""},"mobile":{"background-color":"var(--ast-global-color-5)","background-image":"","background-repeat":"repeat","background-position":"center center","background-size":"auto","background-attachment":"scroll","background-type":"","background-media":"","overlay-type":"","overlay-color":"","overlay-opacity":"","overlay-gradient":""}}},"product_brand":[],"product_cat":[18],"product_tag":[1748,1760,1759,168,1756,195,1764,984,333,1768,1407,408,1752,752,646,1757,997,1751,1770,1767,1762,1765,1769,1758,1750,1761,1749,1754,1753,1766,1763,1755],"class_list":{"0":"post-6612","1":"product","2":"type-product","3":"status-publish","4":"has-post-thumbnail","6":"product_cat-systemy-tarasowe","7":"product_tag-aluminiowy-system-przesuwny","8":"product_tag-architektura-nowoczesna","9":"product_tag-automatyczne-drzwi-przesuwne","10":"product_tag-bertrand","11":"product_tag-dom-pasywny","12":"product_tag-drzwi-aluminiowe","13":"product_tag-drzwi-balkonowe-przesuwne","14":"product_tag-drzwi-panoramiczne","15":"product_tag-drzwi-przesuwne","16":"product_tag-drzwi-przesuwne-do-ogrodu","17":"product_tag-drzwi-z-aluminium","18":"product_tag-duze-przeszklenia","19":"product_tag-energooszczedne-przeszklenia","20":"product_tag-masterpatio","21":"product_tag-minimalistyczny-design","22":"product_tag-narozne-otwieranie","23":"product_tag-niskie-progi","24":"product_tag-nowoczesne-drzwi-tarasowe","25":"product_tag-okna-pomorskie","26":"product_tag-przesuwne-drzwi-tarasowe","27":"product_tag-przeszklenia-wielkogabarytowe","28":"product_tag-rozwiazania-dla-architektow","29":"product_tag-rozwiazania-energooszczedne","30":"product_tag-smart-home","31":"product_tag-stolarka-aluminiowa","32":"product_tag-stolarka-premium","33":"product_tag-system-premium","34":"product_tag-system-przesuwany","35":"product_tag-system-reynaers","36":"product_tag-systemy-dla-rezydencji","37":"product_tag-szklenie-od-podlogi-do-sufitu","38":"product_tag-wysoka-izolacyjnosc","39":"desktop-align-left","40":"tablet-align-left","41":"mobile-align-left","43":"first","44":"instock","45":"shipping-taxable","46":"product-type-simple"},"yoast_head":"<!-- This site is optimized with the Yoast SEO Premium plugin v27.2 (Yoast SEO v27.2) - https:\/\/yoast.com\/product\/yoast-seo-premium-wordpress\/ -->\n<title>MasterPatio - jako\u015b\u0107, funkcjonalno\u015b\u0107 i ponadczasowy styl.<\/title>\n<meta name=\"description\" content=\"MasterPatio to aluminiowy system przesuwny o smuk\u0142ym profilu, wysokiej izolacyjno\u015bci i nowoczesnym designie \u2013 idealny do dom\u00f3w i budownictwa premium.\" \/>\n<meta name=\"robots\" content=\"index, follow, max-snippet:-1, max-image-preview:large, max-video-preview:-1\" \/>\n<link rel=\"canonical\" href=\"https:\/\/bertrand.pl\/fr\/produit\/patio-principal\/\" \/>\n<meta property=\"og:locale\" content=\"fr_FR\" \/>\n<meta property=\"og:type\" content=\"article\" \/>\n<meta property=\"og:title\" content=\"MasterPatio\" \/>\n<meta property=\"og:description\" content=\"MasterPatio to aluminiowy system przesuwny o smuk\u0142ym profilu, wysokiej izolacyjno\u015bci i nowoczesnym designie \u2013 idealny do dom\u00f3w i budownictwa premium.\" \/>\n<meta property=\"og:url\" content=\"https:\/\/bertrand.pl\/fr\/produit\/patio-principal\/\" \/>\n<meta property=\"og:site_name\" content=\"Bertrand. Najwy\u017cszej jako\u015bci okna i drzwi. Certyfikowany producent od 1969 roku.\" \/>\n<meta property=\"article:publisher\" content=\"https:\/\/www.facebook.com\/bertrandpolska\/\" \/>\n<meta property=\"article:modified_time\" content=\"2025-07-10T12:15:52+00:00\" \/>\n<meta property=\"og:image\" content=\"https:\/\/bertrand.pl\/wp-content\/uploads\/2025\/05\/masterpatio.jpg\" \/>\n\t<meta property=\"og:image:width\" content=\"1000\" \/>\n\t<meta property=\"og:image:height\" content=\"1000\" \/>\n\t<meta property=\"og:image:type\" content=\"image\/jpeg\" \/>\n<meta name=\"twitter:card\" content=\"summary_large_image\" \/>\n<meta name=\"twitter:label1\" content=\"Dur\u00e9e de lecture estim\u00e9e\" \/>\n\t<meta name=\"twitter:data1\" content=\"3 minutes\" \/>\n<script type=\"application\/ld+json\" class=\"yoast-schema-graph\">{\"@context\":\"https:\/\/schema.org\",\"@graph\":[{\"@type\":\"WebPage\",\"@id\":\"https:\/\/bertrand.pl\/produkt\/masterpatio\/\",\"url\":\"https:\/\/bertrand.pl\/produkt\/masterpatio\/\",\"name\":\"MasterPatio - jako\u015b\u0107, funkcjonalno\u015b\u0107 i ponadczasowy styl.\",\"isPartOf\":{\"@id\":\"https:\/\/bertrand.pl\/#website\"},\"primaryImageOfPage\":{\"@id\":\"https:\/\/bertrand.pl\/produkt\/masterpatio\/#primaryimage\"},\"image\":{\"@id\":\"https:\/\/bertrand.pl\/produkt\/masterpatio\/#primaryimage\"},\"thumbnailUrl\":\"https:\/\/bertrand.pl\/wp-content\/uploads\/2025\/05\/masterpatio.jpg\",\"datePublished\":\"2025-05-05T07:40:45+00:00\",\"dateModified\":\"2025-07-10T12:15:52+00:00\",\"description\":\"MasterPatio to aluminiowy system przesuwny o smuk\u0142ym profilu, wysokiej izolacyjno\u015bci i nowoczesnym designie \u2013 idealny do dom\u00f3w i budownictwa premium.\",\"breadcrumb\":{\"@id\":\"https:\/\/bertrand.pl\/produkt\/masterpatio\/#breadcrumb\"},\"inLanguage\":\"fr-FR\",\"potentialAction\":[{\"@type\":\"ReadAction\",\"target\":[\"https:\/\/bertrand.pl\/produkt\/masterpatio\/\"]}]},{\"@type\":\"ImageObject\",\"inLanguage\":\"fr-FR\",\"@id\":\"https:\/\/bertrand.pl\/produkt\/masterpatio\/#primaryimage\",\"url\":\"https:\/\/bertrand.pl\/wp-content\/uploads\/2025\/05\/masterpatio.jpg\",\"contentUrl\":\"https:\/\/bertrand.pl\/wp-content\/uploads\/2025\/05\/masterpatio.jpg\",\"width\":1000,\"height\":1000,\"caption\":\"MasterPatio to wyj\u0105tkowy produkt dla wyj\u0105tkowych projekt\u00f3w.\"},{\"@type\":\"BreadcrumbList\",\"@id\":\"https:\/\/bertrand.pl\/produkt\/masterpatio\/#breadcrumb\",\"itemListElement\":[{\"@type\":\"ListItem\",\"position\":1,\"name\":\"Strona g\u0142\u00f3wna\",\"item\":\"https:\/\/bertrand.pl\/\"},{\"@type\":\"ListItem\",\"position\":2,\"name\":\"Produits\",\"item\":\"https:\/\/bertrand.pl\/fr\/shop\/\"},{\"@type\":\"ListItem\",\"position\":3,\"name\":\"MasterPatio\"}]},{\"@type\":\"WebSite\",\"@id\":\"https:\/\/bertrand.pl\/#website\",\"url\":\"https:\/\/bertrand.pl\/\",\"name\":\"Bertrand.pl\",\"description\":\"Firma Bertrand to certyfikowany i uznany producent najwy\u017cszej jako\u015bci okien z PVC, z drewna lub aluminium. Produkcja drzwi, rolet i bram gara\u017cowych.\",\"publisher\":{\"@id\":\"https:\/\/bertrand.pl\/#organization\"},\"potentialAction\":[{\"@type\":\"SearchAction\",\"target\":{\"@type\":\"EntryPoint\",\"urlTemplate\":\"https:\/\/bertrand.pl\/?s={search_term_string}\"},\"query-input\":{\"@type\":\"PropertyValueSpecification\",\"valueRequired\":true,\"valueName\":\"search_term_string\"}}],\"inLanguage\":\"fr-FR\"},{\"@type\":\"Organization\",\"@id\":\"https:\/\/bertrand.pl\/#organization\",\"name\":\"Bertrand.pl\",\"url\":\"https:\/\/bertrand.pl\/\",\"logo\":{\"@type\":\"ImageObject\",\"inLanguage\":\"fr-FR\",\"@id\":\"https:\/\/bertrand.pl\/#\/schema\/logo\/image\/\",\"url\":\"https:\/\/bertrand.pl\/wp-content\/uploads\/2024\/12\/logo_BB_TM_PL_black.png\",\"contentUrl\":\"https:\/\/bertrand.pl\/wp-content\/uploads\/2024\/12\/logo_BB_TM_PL_black.png\",\"width\":1831,\"height\":1831,\"caption\":\"Bertrand.pl\"},\"image\":{\"@id\":\"https:\/\/bertrand.pl\/#\/schema\/logo\/image\/\"},\"sameAs\":[\"https:\/\/www.facebook.com\/bertrandpolska\/\",\"https:\/\/www.instagram.com\/bertrand_okna_i_drzwi\/\",\"https:\/\/www.linkedin.com\/company\/bertrand\/\",\"https:\/\/www.tiktok.com\/@bertrand_okna_drzwi\"]}]}<\/script>\n<!-- \/ Yoast SEO Premium plugin. -->","yoast_head_json":{"title":"MasterPatio - jako\u015b\u0107, funkcjonalno\u015b\u0107 i ponadczasowy styl.","description":"MasterPatio to aluminiowy system przesuwny o smuk\u0142ym profilu, wysokiej izolacyjno\u015bci i nowoczesnym designie \u2013 idealny do dom\u00f3w i budownictwa premium.","robots":{"index":"index","follow":"follow","max-snippet":"max-snippet:-1","max-image-preview":"max-image-preview:large","max-video-preview":"max-video-preview:-1"},"canonical":"https:\/\/bertrand.pl\/fr\/produit\/patio-principal\/","og_locale":"fr_FR","og_type":"article","og_title":"MasterPatio","og_description":"MasterPatio to aluminiowy system przesuwny o smuk\u0142ym profilu, wysokiej izolacyjno\u015bci i nowoczesnym designie \u2013 idealny do dom\u00f3w i budownictwa premium.","og_url":"https:\/\/bertrand.pl\/fr\/produit\/patio-principal\/","og_site_name":"Bertrand. Najwy\u017cszej jako\u015bci okna i drzwi. Certyfikowany producent od 1969 roku.","article_publisher":"https:\/\/www.facebook.com\/bertrandpolska\/","article_modified_time":"2025-07-10T12:15:52+00:00","og_image":[{"width":1000,"height":1000,"url":"https:\/\/bertrand.pl\/wp-content\/uploads\/2025\/05\/masterpatio.jpg","type":"image\/jpeg"}],"twitter_card":"summary_large_image","twitter_misc":{"Dur\u00e9e de lecture estim\u00e9e":"3 minutes"},"schema":{"@context":"https:\/\/schema.org","@graph":[{"@type":"WebPage","@id":"https:\/\/bertrand.pl\/produkt\/masterpatio\/","url":"https:\/\/bertrand.pl\/produkt\/masterpatio\/","name":"MasterPatio - jako\u015b\u0107, funkcjonalno\u015b\u0107 i ponadczasowy styl.","isPartOf":{"@id":"https:\/\/bertrand.pl\/#website"},"primaryImageOfPage":{"@id":"https:\/\/bertrand.pl\/produkt\/masterpatio\/#primaryimage"},"image":{"@id":"https:\/\/bertrand.pl\/produkt\/masterpatio\/#primaryimage"},"thumbnailUrl":"https:\/\/bertrand.pl\/wp-content\/uploads\/2025\/05\/masterpatio.jpg","datePublished":"2025-05-05T07:40:45+00:00","dateModified":"2025-07-10T12:15:52+00:00","description":"MasterPatio to aluminiowy system przesuwny o smuk\u0142ym profilu, wysokiej izolacyjno\u015bci i nowoczesnym designie \u2013 idealny do dom\u00f3w i budownictwa premium.","breadcrumb":{"@id":"https:\/\/bertrand.pl\/produkt\/masterpatio\/#breadcrumb"},"inLanguage":"fr-FR","potentialAction":[{"@type":"ReadAction","target":["https:\/\/bertrand.pl\/produkt\/masterpatio\/"]}]},{"@type":"ImageObject","inLanguage":"fr-FR","@id":"https:\/\/bertrand.pl\/produkt\/masterpatio\/#primaryimage","url":"https:\/\/bertrand.pl\/wp-content\/uploads\/2025\/05\/masterpatio.jpg","contentUrl":"https:\/\/bertrand.pl\/wp-content\/uploads\/2025\/05\/masterpatio.jpg","width":1000,"height":1000,"caption":"MasterPatio to wyj\u0105tkowy produkt dla wyj\u0105tkowych projekt\u00f3w."},{"@type":"BreadcrumbList","@id":"https:\/\/bertrand.pl\/produkt\/masterpatio\/#breadcrumb","itemListElement":[{"@type":"ListItem","position":1,"name":"Strona g\u0142\u00f3wna","item":"https:\/\/bertrand.pl\/"},{"@type":"ListItem","position":2,"name":"Produits","item":"https:\/\/bertrand.pl\/fr\/shop\/"},{"@type":"ListItem","position":3,"name":"MasterPatio"}]},{"@type":"WebSite","@id":"https:\/\/bertrand.pl\/#website","url":"https:\/\/bertrand.pl\/","name":"Bertrand.pl","description":"Firma Bertrand to certyfikowany i uznany producent najwy\u017cszej jako\u015bci okien z PVC, z drewna lub aluminium. Produkcja drzwi, rolet i bram gara\u017cowych.","publisher":{"@id":"https:\/\/bertrand.pl\/#organization"},"potentialAction":[{"@type":"SearchAction","target":{"@type":"EntryPoint","urlTemplate":"https:\/\/bertrand.pl\/?s={search_term_string}"},"query-input":{"@type":"PropertyValueSpecification","valueRequired":true,"valueName":"search_term_string"}}],"inLanguage":"fr-FR"},{"@type":"Organization","@id":"https:\/\/bertrand.pl\/#organization","name":"Bertrand.pl","url":"https:\/\/bertrand.pl\/","logo":{"@type":"ImageObject","inLanguage":"fr-FR","@id":"https:\/\/bertrand.pl\/#\/schema\/logo\/image\/","url":"https:\/\/bertrand.pl\/wp-content\/uploads\/2024\/12\/logo_BB_TM_PL_black.png","contentUrl":"https:\/\/bertrand.pl\/wp-content\/uploads\/2024\/12\/logo_BB_TM_PL_black.png","width":1831,"height":1831,"caption":"Bertrand.pl"},"image":{"@id":"https:\/\/bertrand.pl\/#\/schema\/logo\/image\/"},"sameAs":["https:\/\/www.facebook.com\/bertrandpolska\/","https:\/\/www.instagram.com\/bertrand_okna_i_drzwi\/","https:\/\/www.linkedin.com\/company\/bertrand\/","https:\/\/www.tiktok.com\/@bertrand_okna_drzwi"]}]}},"_links":{"self":[{"href":"https:\/\/bertrand.pl\/fr\/wp-json\/wp\/v2\/product\/6612","targetHints":{"allow":["GET"]}}],"collection":[{"href":"https:\/\/bertrand.pl\/fr\/wp-json\/wp\/v2\/product"}],"about":[{"href":"https:\/\/bertrand.pl\/fr\/wp-json\/wp\/v2\/types\/product"}],"wp:featuredmedia":[{"embeddable":true,"href":"https:\/\/bertrand.pl\/fr\/wp-json\/wp\/v2\/media\/6613"}],"wp:attachment":[{"href":"https:\/\/bertrand.pl\/fr\/wp-json\/wp\/v2\/media?parent=6612"}],"wp:term":[{"taxonomy":"product_brand","embeddable":true,"href":"https:\/\/bertrand.pl\/fr\/wp-json\/wp\/v2\/product_brand?post=6612"},{"taxonomy":"product_cat","embeddable":true,"href":"https:\/\/bertrand.pl\/fr\/wp-json\/wp\/v2\/product_cat?post=6612"},{"taxonomy":"product_tag","embeddable":true,"href":"https:\/\/bertrand.pl\/fr\/wp-json\/wp\/v2\/product_tag?post=6612"}],"curies":[{"name":"wp","href":"https:\/\/api.w.org\/{rel}","templated":true}]}}