{"id":670,"date":"2025-10-10T07:00:21","date_gmt":"2025-10-10T05:00:21","guid":{"rendered":"https:\/\/bertrand.pl\/?post_type=product&#038;p=670"},"modified":"2026-03-04T12:09:59","modified_gmt":"2026-03-04T11:09:59","slug":"contour","status":"publish","type":"product","link":"https:\/\/bertrand.pl\/fr\/produkt\/kontur\/","title":{"rendered":"KONTUR"},"content":{"rendered":"<h4><strong>Kontur \u2013 design moderne et s\u00e9curit\u00e9<\/strong><\/h4>\n<p>&nbsp;<\/p>\n<p>Le syst\u00e8me Kontur se distingue par une combinaison unique d&#039;apparence moderne et de fonctionnalit\u00e9 fiable. Son design, bas\u00e9 sur des contours simples et \u00e9l\u00e9gants, r\u00e9pond aux besoins des utilisateurs modernes. Des param\u00e8tres de protection anti-effraction exceptionnels, les meilleures valeurs d&#039;isolation thermique et acoustique et une automatisation compl\u00e8te de la production sont les caract\u00e9ristiques qui permettent \u00e0 Kontur d&#039;\u00e9tablir de nouvelles normes dans l&#039;industrie.<\/p>\n<p>&nbsp;<\/p>\n<h4>Esth\u00e9tique et maximisation de la lumi\u00e8re<\/h4>\n<p>&nbsp;<\/p>\n<p>Kontur est un syst\u00e8me de profil\u00e9s en plastique qui pr\u00e9sente un langage formel clair et moderne tant de l&#039;ext\u00e9rieur que de l&#039;int\u00e9rieur. Les profils \u00e9troits permettent une part maximale de verre, rendant les pi\u00e8ces plus \u00e9clair\u00e9es et plus spacieuses. De plus, le design fin garantit non seulement l&#039;esth\u00e9tique, mais \u00e9galement une plus grande stabilit\u00e9 et s\u00e9curit\u00e9.<\/p>\n<p>&nbsp;<\/p>\n<h4>La s\u00e9curit\u00e9 avant tout<\/h4>\n<p>&nbsp;<\/p>\n<p>Le syst\u00e8me offre une protection accrue gr\u00e2ce \u00e0 l&#039;utilisation de PVC dur dans les joints. Ce type de solution prot\u00e8ge efficacement les fen\u00eatres, portes de balcons et de terrasses contre le cambriolage, menace courante. La conception bien pens\u00e9e du syst\u00e8me rend impossible la rupture du vantail en utilisant des m\u00e9thodes populaires, telles que l&#039;\u00e9quilibrage. De plus, l&#039;ailette antivol sur le cadre emp\u00eache l&#039;ouverture forc\u00e9e de la porte avec des outils, comme un tournevis.<\/p>\n<p>&nbsp;<\/p>\n<h4>Avantages de la technologie de collage<\/h4>\n<p>&nbsp;<\/p>\n<p>Le syst\u00e8me Kontur permet l&#039;utilisation de techniques de collage modernes, telles que le vitrage statique sec ou le collage humide. Cette technologie permet de se passer de certains \u00e9l\u00e9ments en acier, r\u00e9duisant ainsi les co\u00fbts de maintenance. De plus, le collage humide augmente la protection anti-effraction jusqu&#039;au niveau RC3 et permet une automatisation compl\u00e8te de la production.<\/p>\n<figure id=\"attachment_3493\" aria-describedby=\"caption-attachment-3493\" style=\"width: 420px\" class=\"wp-caption aligncenter\"><img fetchpriority=\"high\" decoding=\"async\" class=\"wp-image-3493 size-medium\" src=\"https:\/\/bertrand.pl\/wp-content\/uploads\/2024\/02\/kontur-420x420.jpg\" alt=\"Le syst\u00e8me Kontur allie design moderne, fonctionnalit\u00e9 et s\u00e9curit\u00e9.\" width=\"420\" height=\"420\" srcset=\"https:\/\/bertrand.pl\/wp-content\/uploads\/2024\/02\/kontur-420x420.jpg 420w, https:\/\/bertrand.pl\/wp-content\/uploads\/2024\/02\/kontur-1360x1360.jpg 1360w, https:\/\/bertrand.pl\/wp-content\/uploads\/2024\/02\/kontur-768x768.jpg 768w, https:\/\/bertrand.pl\/wp-content\/uploads\/2024\/02\/kontur-1536x1536.jpg 1536w, https:\/\/bertrand.pl\/wp-content\/uploads\/2024\/02\/kontur-2048x2048.jpg 2048w, https:\/\/bertrand.pl\/wp-content\/uploads\/2024\/02\/kontur-12x12.jpg 12w, https:\/\/bertrand.pl\/wp-content\/uploads\/2024\/02\/kontur-300x300.jpg 300w, https:\/\/bertrand.pl\/wp-content\/uploads\/2024\/02\/kontur-600x600.jpg 600w, https:\/\/bertrand.pl\/wp-content\/uploads\/2024\/02\/kontur-100x100.jpg 100w\" sizes=\"(max-width: 420px) 100vw, 420px\" \/><figcaption id=\"caption-attachment-3493\" class=\"wp-caption-text\">Kontur<\/figcaption><\/figure>\n<p>&nbsp;<\/p>\n<h4>\u00c9tanch\u00e9it\u00e9 et isolation<\/h4>\n<p>&nbsp;<\/p>\n<p>Le joint central dur, qui offre un niveau de protection plus \u00e9lev\u00e9, fonctionne avec trois niveaux de joints. Cette solution garantit la meilleure \u00e9tanch\u00e9it\u00e9 et une excellente isolation thermique et acoustique. Gr\u00e2ce \u00e0 la profondeur d&#039;installation de 82,5 mm, le syst\u00e8me Kontur r\u00e9pond aux exigences et attentes les plus \u00e9lev\u00e9es des investisseurs.<\/p>\n<h3><\/h3>\n<p>Le syst\u00e8me Kontur est une solution bien pens\u00e9e qui allie design moderne, fonctionnalit\u00e9 et s\u00e9curit\u00e9. C&#039;est un choix id\u00e9al pour les personnes \u00e0 la recherche de solutions innovantes, esth\u00e9tiques et pratiques dans le domaine de la menuiserie.<\/p>\n<p>&nbsp;<\/p>\n<figure id=\"attachment_3168\" aria-describedby=\"caption-attachment-3168\" style=\"width: 420px\" class=\"wp-caption aligncenter\"><img decoding=\"async\" class=\"wp-image-3168 size-medium\" src=\"https:\/\/bertrand.pl\/wp-content\/uploads\/2024\/02\/GEALAN-KONTUR_Einbruchschutz-420x420.jpg\" alt=\"Dans le syst\u00e8me Kontur, une aileron antivol int\u00e9gr\u00e9 au cadre emp\u00eache l&#039;ouverture forc\u00e9e de la porte avec des outils, par exemple un tournevis. \" width=\"420\" height=\"420\" srcset=\"https:\/\/bertrand.pl\/wp-content\/uploads\/2024\/02\/GEALAN-KONTUR_Einbruchschutz-420x420.jpg 420w, https:\/\/bertrand.pl\/wp-content\/uploads\/2024\/02\/GEALAN-KONTUR_Einbruchschutz-1360x1360.jpg 1360w, https:\/\/bertrand.pl\/wp-content\/uploads\/2024\/02\/GEALAN-KONTUR_Einbruchschutz-768x768.jpg 768w, https:\/\/bertrand.pl\/wp-content\/uploads\/2024\/02\/GEALAN-KONTUR_Einbruchschutz-1536x1536.jpg 1536w, https:\/\/bertrand.pl\/wp-content\/uploads\/2024\/02\/GEALAN-KONTUR_Einbruchschutz-12x12.jpg 12w, https:\/\/bertrand.pl\/wp-content\/uploads\/2024\/02\/GEALAN-KONTUR_Einbruchschutz-300x300.jpg 300w, https:\/\/bertrand.pl\/wp-content\/uploads\/2024\/02\/GEALAN-KONTUR_Einbruchschutz-600x600.jpg 600w, https:\/\/bertrand.pl\/wp-content\/uploads\/2024\/02\/GEALAN-KONTUR_Einbruchschutz-100x100.jpg 100w, https:\/\/bertrand.pl\/wp-content\/uploads\/2024\/02\/GEALAN-KONTUR_Einbruchschutz.jpg 1920w\" sizes=\"(max-width: 420px) 100vw, 420px\" \/><figcaption id=\"caption-attachment-3168\" class=\"wp-caption-text\">Aileron antivol.<\/figcaption><\/figure>\n<p>Le syst\u00e8me Kontur permet l&#039;utilisation de diverses techniques de collage, telles que le vitrage statique sec ou le collage humide.<\/p>\n<p>&nbsp;<\/p>\n<p><strong>Avantages des \u00e9l\u00e9ments coll\u00e9s :<\/strong><\/p>\n<ul>\n<li>dimensions de fen\u00eatre plus grandes avec une plus grande part de verre<\/li>\n<li>abandon partiel de l&#039;acier<\/li>\n<li>co\u00fbts d&#039;entretien r\u00e9duits<\/li>\n<\/ul>\n<p>&nbsp;<\/p>\n<p><strong>Avantages suppl\u00e9mentaires pouvant \u00eatre obtenus avec le collage humide\u00a0:<\/strong><\/p>\n<ul>\n<li>Protection anti-effraction niveau RC3<\/li>\n<li>automatisation compl\u00e8te du processus de collage lors de la production de fen\u00eatres<\/li>\n<\/ul>\n<p>&nbsp;<\/p>\n<figure id=\"attachment_3169\" aria-describedby=\"caption-attachment-3169\" style=\"width: 420px\" class=\"wp-caption aligncenter\"><img decoding=\"async\" class=\"wp-image-3169 size-medium\" src=\"https:\/\/bertrand.pl\/wp-content\/uploads\/2024\/02\/gealan-stv-2-420x413.jpg\" alt=\"Dans le syst\u00e8me Kontur, un joint central dur offre un niveau de protection plus \u00e9lev\u00e9.\" width=\"420\" height=\"413\" srcset=\"https:\/\/bertrand.pl\/wp-content\/uploads\/2024\/02\/gealan-stv-2-420x413.jpg 420w, https:\/\/bertrand.pl\/wp-content\/uploads\/2024\/02\/gealan-stv-2-768x755.jpg 768w, https:\/\/bertrand.pl\/wp-content\/uploads\/2024\/02\/gealan-stv-2-12x12.jpg 12w, https:\/\/bertrand.pl\/wp-content\/uploads\/2024\/02\/gealan-stv-2-600x590.jpg 600w, https:\/\/bertrand.pl\/wp-content\/uploads\/2024\/02\/gealan-stv-2.jpg 1001w\" sizes=\"(max-width: 420px) 100vw, 420px\" \/><figcaption id=\"caption-attachment-3169\" class=\"wp-caption-text\">Joint central dur.<\/figcaption><\/figure>\n<p>Dans le syst\u00e8me Kontur, tout s\u2019embo\u00eete parfaitement. Un joint central rigide offre une protection accrue et trois niveaux d&#039;\u00e9tanch\u00e9it\u00e9 garantissent une \u00e9tanch\u00e9it\u00e9 et une isolation thermique maximales. Il r\u00e9pond \u00e9galement \u00e0 toutes les exigences des syst\u00e8mes de profil\u00e9s haut de gamme avec une profondeur de construction de 82,5 mm.<\/p>\n<p>&nbsp;<\/p>\n<p style=\"text-align: center;\"><img loading=\"lazy\" decoding=\"async\" class=\"size-medium wp-image-7960 aligncenter\" src=\"https:\/\/bertrand.pl\/wp-content\/uploads\/2025\/10\/kontur_przekroj-369x420.jpg\" alt=\"\" width=\"369\" height=\"420\" srcset=\"https:\/\/bertrand.pl\/wp-content\/uploads\/2025\/10\/kontur_przekroj-369x420.jpg 369w, https:\/\/bertrand.pl\/wp-content\/uploads\/2025\/10\/kontur_przekroj-11x12.jpg 11w, https:\/\/bertrand.pl\/wp-content\/uploads\/2025\/10\/kontur_przekroj-600x683.jpg 600w, https:\/\/bertrand.pl\/wp-content\/uploads\/2025\/10\/kontur_przekroj.jpg 648w\" sizes=\"(max-width: 369px) 100vw, 369px\" \/>Kontur &#8211; przekr\u00f3j.<\/p>\n<p>&nbsp;<\/p>\n<h4><strong>VOIR AUSSI :\u00a0<\/strong><\/h4>\n<p>&nbsp;<\/p>\n<h4><a href=\"https:\/\/www.youtube.com\/watch?v=h8azi6wOoJY\">\u00c0 quoi ressemble la pose de plus de 500 kg de verre ?<\/a><\/h4>\n<h4><strong><a href=\"https:\/\/bertrand.pl\/fr\/couleur\/\">Couleurs des fen\u00eatres et des portes<\/a><\/strong><\/h4>","protected":false},"excerpt":{"rendered":"<p><strong>BEAUT\u00c9, POLYVALENCE, S\u00c9CURIT\u00c9<\/strong><\/p>\n<p class=\"translation-block\">KONTUR est un syst\u00e8me polyvalent et moderne en mati\u00e8res plastiques. Gr\u00e2ce \u00e0 son design clair et distinct, \u00e0 la fois \u00e0 l'ext\u00e9rieur et \u00e0 l'int\u00e9rieur, le syst\u00e8me cr\u00e9e de <strong>nouvelles tendances<\/strong> dans le design des fen\u00eatres. Les profils \u00e9troits et la surface vitr\u00e9e maximale permettent davantage de lumi\u00e8re naturelle dans les pi\u00e8ces. Contrairement aux apparences, les profils fins de KONTUR offrent une <strong>s\u00fbret\u00e9 accrue<\/strong> et une grande stabilit\u00e9 !<\/p>","protected":false},"featured_media":3493,"template":"","meta":{"site-sidebar-layout":"default","site-content-layout":"","ast-site-content-layout":"default","site-content-style":"default","site-sidebar-style":"default","ast-global-header-display":"","ast-banner-title-visibility":"","ast-main-header-display":"","ast-hfb-above-header-display":"","ast-hfb-below-header-display":"","ast-hfb-mobile-header-display":"","site-post-title":"","ast-breadcrumbs-content":"","ast-featured-img":"","footer-sml-layout":"","ast-disable-related-posts":"","theme-transparent-header-meta":"default","adv-header-id-meta":"","stick-header-meta":"","header-above-stick-meta":"","header-main-stick-meta":"","header-below-stick-meta":"","astra-migrate-meta-layouts":"set","ast-page-background-enabled":"default","ast-page-background-meta":{"desktop":{"background-color":"var(--ast-global-color-4)","background-image":"","background-repeat":"repeat","background-position":"center center","background-size":"auto","background-attachment":"scroll","background-type":"","background-media":"","overlay-type":"","overlay-color":"","overlay-opacity":"","overlay-gradient":""},"tablet":{"background-color":"","background-image":"","background-repeat":"repeat","background-position":"center center","background-size":"auto","background-attachment":"scroll","background-type":"","background-media":"","overlay-type":"","overlay-color":"","overlay-opacity":"","overlay-gradient":""},"mobile":{"background-color":"","background-image":"","background-repeat":"repeat","background-position":"center center","background-size":"auto","background-attachment":"scroll","background-type":"","background-media":"","overlay-type":"","overlay-color":"","overlay-opacity":"","overlay-gradient":""}},"ast-content-background-meta":{"desktop":{"background-color":"var(--ast-global-color-5)","background-image":"","background-repeat":"repeat","background-position":"center center","background-size":"auto","background-attachment":"scroll","background-type":"","background-media":"","overlay-type":"","overlay-color":"","overlay-opacity":"","overlay-gradient":""},"tablet":{"background-color":"var(--ast-global-color-5)","background-image":"","background-repeat":"repeat","background-position":"center center","background-size":"auto","background-attachment":"scroll","background-type":"","background-media":"","overlay-type":"","overlay-color":"","overlay-opacity":"","overlay-gradient":""},"mobile":{"background-color":"var(--ast-global-color-5)","background-image":"","background-repeat":"repeat","background-position":"center center","background-size":"auto","background-attachment":"scroll","background-type":"","background-media":"","overlay-type":"","overlay-color":"","overlay-opacity":"","overlay-gradient":""}}},"product_brand":[],"product_cat":[24],"product_tag":[1340,168,360,339,352,344,661,662,1352,1353,389,398,405,361,1349,353,1342,1355,1329,1339,174,365,310,308,363,313,1346,364,1351,1356,169,1338,362,1343,1354,390,1348,1347,1344,779,1341,348,1345,1350],"class_list":{"0":"post-670","1":"product","2":"type-product","3":"status-publish","4":"has-post-thumbnail","6":"product_cat-okna-pvc","7":"product_tag-automatyzacja-produkcji","8":"product_tag-bertrand","9":"product_tag-bezpieczenstwo","10":"product_tag-design","11":"product_tag-dobreokna","12":"product_tag-duze-okna","13":"product_tag-estetyka","14":"product_tag-funkcjonalnosc","15":"product_tag-glebokosc-zabudowy","16":"product_tag-inwestorzy","17":"product_tag-izolacja-akustyczna","18":"product_tag-izolacja-cieplna","19":"product_tag-izolacja-termiczna","20":"product_tag-jakosc","21":"product_tag-klejenie-na-mokro","22":"product_tag-kontur","23":"product_tag-maksymalny-udzial-szkla","24":"product_tag-nowoczesny-system","25":"product_tag-nowoczesny-wyglad","26":"product_tag-ochrona-przed-wlamaniem","27":"product_tag-okna","28":"product_tag-okna-bertrand","29":"product_tag-okna-plastikowe","30":"product_tag-okna-pvc","31":"product_tag-oknazpolski","32":"product_tag-plastikowy-profil","33":"product_tag-pletwa-antywlamaniowa","34":"product_tag-polskieokna","35":"product_tag-poziom-rc3","36":"product_tag-praktyczne-rozwiazania","37":"product_tag-produkt","38":"product_tag-prosty-design","39":"product_tag-quality","40":"product_tag-stabilnosc","41":"product_tag-stolarka-otworowa","42":"product_tag-szczelnosc","43":"product_tag-szklenie-statyczne","44":"product_tag-technologia-klejenia","45":"product_tag-twarde-pvc","46":"product_tag-uszczelnienia","47":"product_tag-waskie-profile","48":"product_tag-windows","49":"product_tag-zabezpieczenie-antywlamaniowe","50":"product_tag-zmniejszone-koszty-konserwacji","51":"desktop-align-left","52":"tablet-align-left","53":"mobile-align-left","55":"first","56":"instock","57":"shipping-taxable","58":"product-type-simple"},"yoast_head":"<!-- This site is optimized with the Yoast SEO Premium plugin v27.2 (Yoast SEO v27.2) - https:\/\/yoast.com\/product\/yoast-seo-premium-wordpress\/ -->\n<title>KONTUR - Bertrand. Najwy\u017cszej jako\u015bci okna i drzwi. Certyfikowany producent od 1969 roku.<\/title>\n<meta name=\"description\" content=\"System Kontur \u0142\u0105czy nowoczesny design z funkcjonalno\u015bci\u0105 i bezpiecze\u0144stwem. Idealny dla os\u00f3b poszukuj\u0105cych innowacyjnych rozwi\u0105za\u0144.\" \/>\n<meta name=\"robots\" content=\"index, follow, max-snippet:-1, max-image-preview:large, max-video-preview:-1\" \/>\n<link rel=\"canonical\" href=\"https:\/\/bertrand.pl\/fr\/produit\/contour\/\" \/>\n<meta property=\"og:locale\" content=\"fr_FR\" \/>\n<meta property=\"og:type\" content=\"article\" \/>\n<meta property=\"og:title\" content=\"KONTUR\" \/>\n<meta property=\"og:description\" content=\"System Kontur \u0142\u0105czy nowoczesny design z funkcjonalno\u015bci\u0105 i bezpiecze\u0144stwem. Idealny dla os\u00f3b poszukuj\u0105cych innowacyjnych rozwi\u0105za\u0144.\" \/>\n<meta property=\"og:url\" content=\"https:\/\/bertrand.pl\/fr\/produit\/contour\/\" \/>\n<meta property=\"og:site_name\" content=\"Bertrand. Najwy\u017cszej jako\u015bci okna i drzwi. Certyfikowany producent od 1969 roku.\" \/>\n<meta property=\"article:publisher\" content=\"https:\/\/www.facebook.com\/bertrandpolska\/\" \/>\n<meta property=\"article:modified_time\" content=\"2026-03-04T11:09:59+00:00\" \/>\n<meta property=\"og:image\" content=\"https:\/\/bertrand.pl\/wp-content\/uploads\/2024\/02\/kontur-scaled.jpg\" \/>\n\t<meta property=\"og:image:width\" content=\"2560\" \/>\n\t<meta property=\"og:image:height\" content=\"2560\" \/>\n\t<meta property=\"og:image:type\" content=\"image\/jpeg\" \/>\n<meta name=\"twitter:card\" content=\"summary_large_image\" \/>\n<meta name=\"twitter:label1\" content=\"Dur\u00e9e de lecture estim\u00e9e\" \/>\n\t<meta name=\"twitter:data1\" content=\"4 minutes\" \/>\n<script type=\"application\/ld+json\" class=\"yoast-schema-graph\">{\"@context\":\"https:\/\/schema.org\",\"@graph\":[{\"@type\":\"WebPage\",\"@id\":\"https:\/\/bertrand.pl\/produkt\/kontur\/\",\"url\":\"https:\/\/bertrand.pl\/produkt\/kontur\/\",\"name\":\"KONTUR - Bertrand. Najwy\u017cszej jako\u015bci okna i drzwi. Certyfikowany producent od 1969 roku.\",\"isPartOf\":{\"@id\":\"https:\/\/bertrand.pl\/#website\"},\"primaryImageOfPage\":{\"@id\":\"https:\/\/bertrand.pl\/produkt\/kontur\/#primaryimage\"},\"image\":{\"@id\":\"https:\/\/bertrand.pl\/produkt\/kontur\/#primaryimage\"},\"thumbnailUrl\":\"https:\/\/bertrand.pl\/wp-content\/uploads\/2024\/02\/kontur-scaled.jpg\",\"datePublished\":\"2025-10-10T05:00:21+00:00\",\"dateModified\":\"2026-03-04T11:09:59+00:00\",\"description\":\"System Kontur \u0142\u0105czy nowoczesny design z funkcjonalno\u015bci\u0105 i bezpiecze\u0144stwem. Idealny dla os\u00f3b poszukuj\u0105cych innowacyjnych rozwi\u0105za\u0144.\",\"breadcrumb\":{\"@id\":\"https:\/\/bertrand.pl\/produkt\/kontur\/#breadcrumb\"},\"inLanguage\":\"fr-FR\",\"potentialAction\":[{\"@type\":\"ReadAction\",\"target\":[\"https:\/\/bertrand.pl\/produkt\/kontur\/\"]}]},{\"@type\":\"ImageObject\",\"inLanguage\":\"fr-FR\",\"@id\":\"https:\/\/bertrand.pl\/produkt\/kontur\/#primaryimage\",\"url\":\"https:\/\/bertrand.pl\/wp-content\/uploads\/2024\/02\/kontur-scaled.jpg\",\"contentUrl\":\"https:\/\/bertrand.pl\/wp-content\/uploads\/2024\/02\/kontur-scaled.jpg\",\"width\":2560,\"height\":2560,\"caption\":\"Kontur to przemy\u015blane rozwi\u0105zanie, kt\u00f3re \u0142\u0105czy nowoczesny design z funkcjonalno\u015bci\u0105 i bezpiecze\u0144stwem. Jest to wyb\u00f3r idealny dla os\u00f3b poszukuj\u0105cych innowacyjnych, estetycznych oraz praktycznych rozwi\u0105za\u0144.\"},{\"@type\":\"BreadcrumbList\",\"@id\":\"https:\/\/bertrand.pl\/produkt\/kontur\/#breadcrumb\",\"itemListElement\":[{\"@type\":\"ListItem\",\"position\":1,\"name\":\"Strona g\u0142\u00f3wna\",\"item\":\"https:\/\/bertrand.pl\/\"},{\"@type\":\"ListItem\",\"position\":2,\"name\":\"Produits\",\"item\":\"https:\/\/bertrand.pl\/fr\/shop\/\"},{\"@type\":\"ListItem\",\"position\":3,\"name\":\"KONTUR\"}]},{\"@type\":\"WebSite\",\"@id\":\"https:\/\/bertrand.pl\/#website\",\"url\":\"https:\/\/bertrand.pl\/\",\"name\":\"Bertrand.pl\",\"description\":\"Firma Bertrand to certyfikowany i uznany producent najwy\u017cszej jako\u015bci okien z PVC, z drewna lub aluminium. Produkcja drzwi, rolet i bram gara\u017cowych.\",\"publisher\":{\"@id\":\"https:\/\/bertrand.pl\/#organization\"},\"potentialAction\":[{\"@type\":\"SearchAction\",\"target\":{\"@type\":\"EntryPoint\",\"urlTemplate\":\"https:\/\/bertrand.pl\/?s={search_term_string}\"},\"query-input\":{\"@type\":\"PropertyValueSpecification\",\"valueRequired\":true,\"valueName\":\"search_term_string\"}}],\"inLanguage\":\"fr-FR\"},{\"@type\":\"Organization\",\"@id\":\"https:\/\/bertrand.pl\/#organization\",\"name\":\"Bertrand.pl\",\"url\":\"https:\/\/bertrand.pl\/\",\"logo\":{\"@type\":\"ImageObject\",\"inLanguage\":\"fr-FR\",\"@id\":\"https:\/\/bertrand.pl\/#\/schema\/logo\/image\/\",\"url\":\"https:\/\/bertrand.pl\/wp-content\/uploads\/2024\/12\/logo_BB_TM_PL_black.png\",\"contentUrl\":\"https:\/\/bertrand.pl\/wp-content\/uploads\/2024\/12\/logo_BB_TM_PL_black.png\",\"width\":1831,\"height\":1831,\"caption\":\"Bertrand.pl\"},\"image\":{\"@id\":\"https:\/\/bertrand.pl\/#\/schema\/logo\/image\/\"},\"sameAs\":[\"https:\/\/www.facebook.com\/bertrandpolska\/\",\"https:\/\/www.instagram.com\/bertrand_okna_i_drzwi\/\",\"https:\/\/www.linkedin.com\/company\/bertrand\/\",\"https:\/\/www.tiktok.com\/@bertrand_okna_drzwi\"]}]}<\/script>\n<!-- \/ Yoast SEO Premium plugin. -->","yoast_head_json":{"title":"KONTUR - Bertrand. Najwy\u017cszej jako\u015bci okna i drzwi. Certyfikowany producent od 1969 roku.","description":"Le syst\u00e8me Kontur allie design moderne, fonctionnalit\u00e9 et s\u00e9curit\u00e9. Parfait pour les personnes \u00e0 la recherche de solutions innovantes.","robots":{"index":"index","follow":"follow","max-snippet":"max-snippet:-1","max-image-preview":"max-image-preview:large","max-video-preview":"max-video-preview:-1"},"canonical":"https:\/\/bertrand.pl\/fr\/produit\/contour\/","og_locale":"fr_FR","og_type":"article","og_title":"KONTUR","og_description":"System Kontur \u0142\u0105czy nowoczesny design z funkcjonalno\u015bci\u0105 i bezpiecze\u0144stwem. Idealny dla os\u00f3b poszukuj\u0105cych innowacyjnych rozwi\u0105za\u0144.","og_url":"https:\/\/bertrand.pl\/fr\/produit\/contour\/","og_site_name":"Bertrand. Najwy\u017cszej jako\u015bci okna i drzwi. Certyfikowany producent od 1969 roku.","article_publisher":"https:\/\/www.facebook.com\/bertrandpolska\/","article_modified_time":"2026-03-04T11:09:59+00:00","og_image":[{"width":2560,"height":2560,"url":"https:\/\/bertrand.pl\/wp-content\/uploads\/2024\/02\/kontur-scaled.jpg","type":"image\/jpeg"}],"twitter_card":"summary_large_image","twitter_misc":{"Dur\u00e9e de lecture estim\u00e9e":"4 minutes"},"schema":{"@context":"https:\/\/schema.org","@graph":[{"@type":"WebPage","@id":"https:\/\/bertrand.pl\/produkt\/kontur\/","url":"https:\/\/bertrand.pl\/produkt\/kontur\/","name":"KONTUR - Bertrand. Najwy\u017cszej jako\u015bci okna i drzwi. Certyfikowany producent od 1969 roku.","isPartOf":{"@id":"https:\/\/bertrand.pl\/#website"},"primaryImageOfPage":{"@id":"https:\/\/bertrand.pl\/produkt\/kontur\/#primaryimage"},"image":{"@id":"https:\/\/bertrand.pl\/produkt\/kontur\/#primaryimage"},"thumbnailUrl":"https:\/\/bertrand.pl\/wp-content\/uploads\/2024\/02\/kontur-scaled.jpg","datePublished":"2025-10-10T05:00:21+00:00","dateModified":"2026-03-04T11:09:59+00:00","description":"Le syst\u00e8me Kontur allie design moderne, fonctionnalit\u00e9 et s\u00e9curit\u00e9. Parfait pour les personnes \u00e0 la recherche de solutions innovantes.","breadcrumb":{"@id":"https:\/\/bertrand.pl\/produkt\/kontur\/#breadcrumb"},"inLanguage":"fr-FR","potentialAction":[{"@type":"ReadAction","target":["https:\/\/bertrand.pl\/produkt\/kontur\/"]}]},{"@type":"ImageObject","inLanguage":"fr-FR","@id":"https:\/\/bertrand.pl\/produkt\/kontur\/#primaryimage","url":"https:\/\/bertrand.pl\/wp-content\/uploads\/2024\/02\/kontur-scaled.jpg","contentUrl":"https:\/\/bertrand.pl\/wp-content\/uploads\/2024\/02\/kontur-scaled.jpg","width":2560,"height":2560,"caption":"Kontur to przemy\u015blane rozwi\u0105zanie, kt\u00f3re \u0142\u0105czy nowoczesny design z funkcjonalno\u015bci\u0105 i bezpiecze\u0144stwem. Jest to wyb\u00f3r idealny dla os\u00f3b poszukuj\u0105cych innowacyjnych, estetycznych oraz praktycznych rozwi\u0105za\u0144."},{"@type":"BreadcrumbList","@id":"https:\/\/bertrand.pl\/produkt\/kontur\/#breadcrumb","itemListElement":[{"@type":"ListItem","position":1,"name":"Strona g\u0142\u00f3wna","item":"https:\/\/bertrand.pl\/"},{"@type":"ListItem","position":2,"name":"Produits","item":"https:\/\/bertrand.pl\/fr\/shop\/"},{"@type":"ListItem","position":3,"name":"KONTUR"}]},{"@type":"WebSite","@id":"https:\/\/bertrand.pl\/#website","url":"https:\/\/bertrand.pl\/","name":"Bertrand.pl","description":"Firma Bertrand to certyfikowany i uznany producent najwy\u017cszej jako\u015bci okien z PVC, z drewna lub aluminium. Produkcja drzwi, rolet i bram gara\u017cowych.","publisher":{"@id":"https:\/\/bertrand.pl\/#organization"},"potentialAction":[{"@type":"SearchAction","target":{"@type":"EntryPoint","urlTemplate":"https:\/\/bertrand.pl\/?s={search_term_string}"},"query-input":{"@type":"PropertyValueSpecification","valueRequired":true,"valueName":"search_term_string"}}],"inLanguage":"fr-FR"},{"@type":"Organization","@id":"https:\/\/bertrand.pl\/#organization","name":"Bertrand.pl","url":"https:\/\/bertrand.pl\/","logo":{"@type":"ImageObject","inLanguage":"fr-FR","@id":"https:\/\/bertrand.pl\/#\/schema\/logo\/image\/","url":"https:\/\/bertrand.pl\/wp-content\/uploads\/2024\/12\/logo_BB_TM_PL_black.png","contentUrl":"https:\/\/bertrand.pl\/wp-content\/uploads\/2024\/12\/logo_BB_TM_PL_black.png","width":1831,"height":1831,"caption":"Bertrand.pl"},"image":{"@id":"https:\/\/bertrand.pl\/#\/schema\/logo\/image\/"},"sameAs":["https:\/\/www.facebook.com\/bertrandpolska\/","https:\/\/www.instagram.com\/bertrand_okna_i_drzwi\/","https:\/\/www.linkedin.com\/company\/bertrand\/","https:\/\/www.tiktok.com\/@bertrand_okna_drzwi"]}]}},"_links":{"self":[{"href":"https:\/\/bertrand.pl\/fr\/wp-json\/wp\/v2\/product\/670","targetHints":{"allow":["GET"]}}],"collection":[{"href":"https:\/\/bertrand.pl\/fr\/wp-json\/wp\/v2\/product"}],"about":[{"href":"https:\/\/bertrand.pl\/fr\/wp-json\/wp\/v2\/types\/product"}],"wp:featuredmedia":[{"embeddable":true,"href":"https:\/\/bertrand.pl\/fr\/wp-json\/wp\/v2\/media\/3493"}],"wp:attachment":[{"href":"https:\/\/bertrand.pl\/fr\/wp-json\/wp\/v2\/media?parent=670"}],"wp:term":[{"taxonomy":"product_brand","embeddable":true,"href":"https:\/\/bertrand.pl\/fr\/wp-json\/wp\/v2\/product_brand?post=670"},{"taxonomy":"product_cat","embeddable":true,"href":"https:\/\/bertrand.pl\/fr\/wp-json\/wp\/v2\/product_cat?post=670"},{"taxonomy":"product_tag","embeddable":true,"href":"https:\/\/bertrand.pl\/fr\/wp-json\/wp\/v2\/product_tag?post=670"}],"curies":[{"name":"wp","href":"https:\/\/api.w.org\/{rel}","templated":true}]}}