{"id":7789,"date":"2025-02-07T12:42:49","date_gmt":"2025-02-07T11:42:49","guid":{"rendered":"https:\/\/bertrand.pl\/?post_type=product&#038;p=7789"},"modified":"2026-01-20T12:20:45","modified_gmt":"2026-01-20T11:20:45","slug":"ideal-7000-nl","status":"publish","type":"product","link":"https:\/\/bertrand.pl\/fr\/produkt\/ideal-7000-nl\/","title":{"rendered":"IDEAL 7000 NL"},"content":{"rendered":"<p data-start=\"396\" data-end=\"775\"><strong data-start=\"2288\" data-end=\"2389\">Le syst\u00e8me s\u2019int\u00e8gre parfaitement aux fa\u00e7ades en brique et en clinker, couramment pr\u00e9sentes aux Pays-Bas.<\/strong>\u2026o\u00f9 des exigences architecturales et fonctionnelles \u00e9lev\u00e9es sont tout aussi essentielles. Le syst\u00e8me s\u2019int\u00e8gre parfaitement \u00e0 la construction typique en brique et en clinker, ce qui en fait un choix fr\u00e9quent pour les maisons individuelles neuves, les immeubles collectifs et les projets de r\u00e9novation.<\/p>\n<h3 data-start=\"777\" data-end=\"811\"><strong data-start=\"780\" data-end=\"811\">Design inspiriert von der Tradition<\/strong><\/h3>\n<p>&nbsp;<\/p>\n<p data-start=\"2648\" data-end=\"3017\">les fen\u00eatres <strong data-start=\"2653\" data-end=\"2670\">IDEAL 7000 NL<\/strong> distingue <strong data-start=\"2680\" data-end=\"2709\">profondeur d'installation<\/strong>une conception de profil \u00e0 six chambres <strong data-start=\"2767\" data-end=\"2806\">vitrages \u00e9pais jusqu\u2019\u00e0 51 mm<\/strong>ce qui se traduit par une am\u00e9lioration significative de l\u2019isolation thermique et acoustique. La combinaison fine du cadre et de l\u2019ouvrant, avec une largeur visible de seulement 113 mm, permet d\u2019apporter une quantit\u00e9 exceptionnelle de lumi\u00e8re naturelle.<\/p>\n<p data-start=\"3019\" data-end=\"3328\">Profil au caract\u00e8re distinctif <strong data-start=\"3047\" data-end=\"3073\">chanfrein \u00e0 15\u00b0<\/strong> conf\u00e8re aux fen\u00eatres un aspect classique, harmonieusement adapt\u00e9 aux projets de style n\u00e9erlandais. Parall\u00e8lement, le syst\u00e8me permet l\u2019utilisation de solutions modernes, telles que <strong data-start=\"3239\" data-end=\"3270\">habillages en aluminium<\/strong>qui conf\u00e8rent \u00e0 la construction une esth\u00e9tique proche de l\u2019aluminium.<\/p>\n<h3 data-start=\"1145\" data-end=\"1190\"><strong data-start=\"1148\" data-end=\"1190\">Haute performance thermique dans une forme \u00e9lanc\u00e9e<\/strong><\/h3>\n<p>&nbsp;<\/p>\n<p data-start=\"1191\" data-end=\"1539\">Gr\u00e2ce \u00e0 un vitrage jusqu\u2019\u00e0 51 mm, le syst\u00e8me offre une excellente isolation thermique et acoustique. La valeur Uf de 1,2\u20131,3 W\/m\u00b2K r\u00e9pond aux exigences de la construction basse consommation.<\/p>\n<h3 data-start=\"1541\" data-end=\"1569\"><strong data-start=\"1544\" data-end=\"1569\">Solidit\u00e9 et long\u00e9vit\u00e9<\/strong><\/h3>\n<p>&nbsp;<\/p>\n<p data-start=\"3330\" data-end=\"3594\">Garantie de durabilit\u00e9 et de stabilit\u00e9 <strong data-start=\"3363\" data-end=\"3386\">renforts en acier<\/strong>et la structure multicam\u00e9rale des profil\u00e9s garantit une r\u00e9sistance durable aux conditions climatiques. Gr\u00e2ce au syst\u00e8me optionnel \u00e0 trois joints, les fen\u00eatres constituent une barri\u00e8re efficace contre le froid, le vent et le bruit.<\/p>\n<h3 data-start=\"1804\" data-end=\"1845\"><strong data-start=\"1807\" data-end=\"1845\">Caract\u00e9ristiques techniques du syst\u00e8me IDEAL 4000 :<\/strong><\/h3>\n<p>&nbsp;<\/p>\n<ul data-start=\"1846\" data-end=\"2229\">\n<li data-start=\"1846\" data-end=\"1880\">\n<p data-start=\"1848\" data-end=\"1880\"><strong data-start=\"1848\" data-end=\"1871\">Profondeur d&#039;installation<\/strong> 120 mm<\/p>\n<\/li>\n<li data-start=\"1881\" data-end=\"1904\">\n<p data-start=\"1883\" data-end=\"1904\"><strong data-start=\"1883\" data-end=\"1900\">Nombre de chambres dans le cadre<\/strong> 6<\/p>\n<\/li>\n<li data-start=\"1905\" data-end=\"1938\">\n<p data-start=\"1907\" data-end=\"1938\"><strong data-start=\"1907\" data-end=\"1930\">Profondeur de l\u2019ouvrant:<\/strong> 85 mm<\/p>\n<\/li>\n<li data-start=\"1939\" data-end=\"1976\">\n<p data-start=\"1941\" data-end=\"1976\"><strong data-start=\"1941\" data-end=\"1968\">Max. \u00e9paisseur du vitrage<\/strong> 51 mm<\/p>\n<\/li>\n<li data-start=\"1977\" data-end=\"2002\">\n<p data-start=\"1979\" data-end=\"2002\"><strong data-start=\"1979\" data-end=\"1995\">Renforts :<\/strong> acier<\/p>\n<\/li>\n<li data-start=\"2003\" data-end=\"2041\">\n<p data-start=\"2005\" data-end=\"2041\"><strong data-start=\"2005\" data-end=\"2025\">Coefficient Uf :<\/strong> 1,2\u20131,3 W\/m\u00b2K<\/p>\n<\/li>\n<li data-start=\"2042\" data-end=\"2083\">\n<p data-start=\"2044\" data-end=\"2083\"><strong data-start=\"2044\" data-end=\"2067\">Syst\u00e8me d\u2019\u00e9tanch\u00e9it\u00e9 :<\/strong> joints<\/p>\n<\/li>\n<li data-start=\"2084\" data-end=\"2131\">\n<p data-start=\"2086\" data-end=\"2131\"><strong data-start=\"2086\" data-end=\"2104\">Style profili:<\/strong> <em data-start=\"2105\" data-end=\"2113\">verzet<\/em>, <em data-start=\"2115\" data-end=\"2129\">classic line<\/em><\/p>\n<\/li>\n<li data-start=\"2132\" data-end=\"2180\">\n<p data-start=\"2134\" data-end=\"2180\"><strong data-start=\"2134\" data-end=\"2153\">Couleurs de base<\/strong> bia\u0142y, br\u0105zowy, antracyt<\/p>\n<\/li>\n<li data-start=\"2181\" data-end=\"2229\">\n<p data-start=\"2183\" data-end=\"2229\"><strong data-start=\"2183\" data-end=\"2199\">En option :<\/strong> nak\u0142adki aluminiowe aluskin<\/p>\n<\/li>\n<\/ul>\n<h3 data-start=\"2231\" data-end=\"2260\"><\/h3>\n<h3 data-start=\"2231\" data-end=\"2260\"><strong data-start=\"2234\" data-end=\"2260\">Con\u00e7u pour le march\u00e9 n\u00e9erlandais<\/strong><\/h3>\n<p>&nbsp;<\/p>\n<p class=\"yoast-text-mark\" data-s=\"\">IDEAL 7000 NL est une solution appr\u00e9ci\u00e9e par les clients aux Pays-Bas pour son adaptation parfaite aux normes locales de pose et d\u2019esth\u00e9tique. Elle convient aussi bien aux nouvelles constructions qu\u2019aux projets de r\u00e9novation o\u00f9 le respect du style d\u2019origine est primordial.<\/p>","protected":false},"excerpt":{"rendered":"<p data-start=\"134\" data-end=\"214\"><strong>Fen\u00eatres con\u00e7ues pour l\u2019architecture n\u00e9erlandaise<\/strong><\/p>\n<p>Syst\u00e8me de fen\u00eatres en PVC polyvalent, sp\u00e9cialement con\u00e7u pour l\u2019architecture n\u00e9erlandaise. Son design classique avec un chanfrein caract\u00e9ristique \u00e0 15\u00b0, une large gamme de configurations ainsi que la possibilit\u00e9 de vitrage jusqu\u2019\u00e0 51 mm permettent \u00e0 IDEAL 7000 NL d\u2019allier parfaitement esth\u00e9tique traditionnelle et performances modernes. Une solution id\u00e9ale aussi bien pour les constructions neuves que pour les projets de r\u00e9novation n\u00e9cessitant la pr\u00e9servation du style d\u2019origine.<\/p>","protected":false},"featured_media":7796,"template":"","meta":{"site-sidebar-layout":"default","site-content-layout":"","ast-site-content-layout":"default","site-content-style":"default","site-sidebar-style":"default","ast-global-header-display":"","ast-banner-title-visibility":"","ast-main-header-display":"","ast-hfb-above-header-display":"","ast-hfb-below-header-display":"","ast-hfb-mobile-header-display":"","site-post-title":"","ast-breadcrumbs-content":"","ast-featured-img":"","footer-sml-layout":"","ast-disable-related-posts":"","theme-transparent-header-meta":"default","adv-header-id-meta":"","stick-header-meta":"","header-above-stick-meta":"","header-main-stick-meta":"","header-below-stick-meta":"","astra-migrate-meta-layouts":"set","ast-page-background-enabled":"default","ast-page-background-meta":{"desktop":{"background-color":"var(--ast-global-color-4)","background-image":"","background-repeat":"repeat","background-position":"center center","background-size":"auto","background-attachment":"scroll","background-type":"","background-media":"","overlay-type":"","overlay-color":"","overlay-opacity":"","overlay-gradient":""},"tablet":{"background-color":"","background-image":"","background-repeat":"repeat","background-position":"center center","background-size":"auto","background-attachment":"scroll","background-type":"","background-media":"","overlay-type":"","overlay-color":"","overlay-opacity":"","overlay-gradient":""},"mobile":{"background-color":"","background-image":"","background-repeat":"repeat","background-position":"center center","background-size":"auto","background-attachment":"scroll","background-type":"","background-media":"","overlay-type":"","overlay-color":"","overlay-opacity":"","overlay-gradient":""}},"ast-content-background-meta":{"desktop":{"background-color":"var(--ast-global-color-5)","background-image":"","background-repeat":"repeat","background-position":"center center","background-size":"auto","background-attachment":"scroll","background-type":"","background-media":"","overlay-type":"","overlay-color":"","overlay-opacity":"","overlay-gradient":""},"tablet":{"background-color":"var(--ast-global-color-5)","background-image":"","background-repeat":"repeat","background-position":"center center","background-size":"auto","background-attachment":"scroll","background-type":"","background-media":"","overlay-type":"","overlay-color":"","overlay-opacity":"","overlay-gradient":""},"mobile":{"background-color":"var(--ast-global-color-5)","background-image":"","background-repeat":"repeat","background-position":"center center","background-size":"auto","background-attachment":"scroll","background-type":"","background-media":"","overlay-type":"","overlay-color":"","overlay-opacity":"","overlay-gradient":""}}},"product_brand":[],"product_cat":[15,24],"product_tag":[1695,2183,1700,2186,2178,2189,2187,2188,2185,2182,2181,831,365,1696,1476,308,1697,1701,2184,2180,2190,1699,733,1698,2179,2177],"class_list":{"0":"post-7789","1":"product","2":"type-product","3":"status-publish","4":"has-post-thumbnail","6":"product_cat-okna","7":"product_cat-okna-pvc","8":"product_tag-aluplast","9":"product_tag-blokprofiel-nl","10":"product_tag-classic-line","11":"product_tag-energiezuinige-kozijnen","12":"product_tag-ideal-7000-nl","13":"product_tag-isolerende-kunststof-ramen","14":"product_tag-kozijnen-voor-nieuwbouw-nl","15":"product_tag-kozijnen-voor-renovatie-nl","16":"product_tag-kunststof-kozijnen-nederland","17":"product_tag-kunststof-ramen-nl","18":"product_tag-nederlandse-raamprofielen","19":"product_tag-nowoczesne-okna","20":"product_tag-okna-bertrand","21":"product_tag-okna-do-renowacji","22":"product_tag-okna-energooszczedne","23":"product_tag-okna-pvc","24":"product_tag-okna-z-antracytowym-rdzeniem","25":"product_tag-polzlicowane-skrzydlo","26":"product_tag-raamprofiel-120-mm","27":"product_tag-raamsysteem-ideal-7000-nl","28":"product_tag-ramen-met-51-mm-beglazing","29":"product_tag-round-line","30":"product_tag-smukle-profile","31":"product_tag-stolarka-okienna","32":"product_tag-system-holenderski","33":"product_tag-system-ideal-7000-nl","34":"desktop-align-left","35":"tablet-align-left","36":"mobile-align-left","38":"first","39":"instock","40":"shipping-taxable","41":"product-type-simple"},"yoast_head":"<!-- This site is optimized with the Yoast SEO Premium plugin v27.2 (Yoast SEO v27.2) - https:\/\/yoast.com\/product\/yoast-seo-premium-wordpress\/ -->\n<title>IDEAL 7000 NL \u2013 okna PVC do holenderskiej zabudowy<\/title>\n<meta name=\"description\" content=\"Poznaj nowoczesny system okienny PVC, idealnie dopasowany do holenderskiego rynku. Ideal 7000 NL \u0142\u0105czy estetyk\u0119 z funkcjonalno\u015bci\u0105!\" \/>\n<meta name=\"robots\" content=\"index, follow, max-snippet:-1, max-image-preview:large, max-video-preview:-1\" \/>\n<link rel=\"canonical\" href=\"https:\/\/bertrand.pl\/fr\/produit\/ideal-7000-nl\/\" \/>\n<meta property=\"og:locale\" content=\"fr_FR\" \/>\n<meta property=\"og:type\" content=\"article\" \/>\n<meta property=\"og:title\" content=\"IDEAL 7000 NL\" \/>\n<meta property=\"og:description\" content=\"Poznaj nowoczesny system okienny PVC, idealnie dopasowany do holenderskiego rynku. Ideal 7000 NL \u0142\u0105czy estetyk\u0119 z funkcjonalno\u015bci\u0105!\" \/>\n<meta property=\"og:url\" content=\"https:\/\/bertrand.pl\/fr\/produit\/ideal-7000-nl\/\" \/>\n<meta property=\"og:site_name\" content=\"Bertrand. Najwy\u017cszej jako\u015bci okna i drzwi. Certyfikowany producent od 1969 roku.\" \/>\n<meta property=\"article:publisher\" content=\"https:\/\/www.facebook.com\/bertrandpolska\/\" \/>\n<meta property=\"article:modified_time\" content=\"2026-01-20T11:20:45+00:00\" \/>\n<meta property=\"og:image\" content=\"https:\/\/bertrand.pl\/wp-content\/uploads\/2025\/11\/ideal7000_nl-scaled.png\" \/>\n\t<meta property=\"og:image:width\" content=\"2560\" \/>\n\t<meta property=\"og:image:height\" content=\"2560\" \/>\n\t<meta property=\"og:image:type\" content=\"image\/png\" \/>\n<meta name=\"twitter:card\" content=\"summary_large_image\" \/>\n<meta name=\"twitter:label1\" content=\"Dur\u00e9e de lecture estim\u00e9e\" \/>\n\t<meta name=\"twitter:data1\" content=\"2 minutes\" \/>\n<script type=\"application\/ld+json\" class=\"yoast-schema-graph\">{\"@context\":\"https:\/\/schema.org\",\"@graph\":[{\"@type\":\"WebPage\",\"@id\":\"https:\/\/bertrand.pl\/produkt\/ideal-7000-nl\/\",\"url\":\"https:\/\/bertrand.pl\/produkt\/ideal-7000-nl\/\",\"name\":\"IDEAL 7000 NL \u2013 okna PVC do holenderskiej zabudowy\",\"isPartOf\":{\"@id\":\"https:\/\/bertrand.pl\/#website\"},\"primaryImageOfPage\":{\"@id\":\"https:\/\/bertrand.pl\/produkt\/ideal-7000-nl\/#primaryimage\"},\"image\":{\"@id\":\"https:\/\/bertrand.pl\/produkt\/ideal-7000-nl\/#primaryimage\"},\"thumbnailUrl\":\"https:\/\/bertrand.pl\/wp-content\/uploads\/2025\/11\/ideal7000_nl-scaled.png\",\"datePublished\":\"2025-02-07T11:42:49+00:00\",\"dateModified\":\"2026-01-20T11:20:45+00:00\",\"description\":\"Poznaj nowoczesny system okienny PVC, idealnie dopasowany do holenderskiego rynku. Ideal 7000 NL \u0142\u0105czy estetyk\u0119 z funkcjonalno\u015bci\u0105!\",\"breadcrumb\":{\"@id\":\"https:\/\/bertrand.pl\/produkt\/ideal-7000-nl\/#breadcrumb\"},\"inLanguage\":\"fr-FR\",\"potentialAction\":[{\"@type\":\"ReadAction\",\"target\":[\"https:\/\/bertrand.pl\/produkt\/ideal-7000-nl\/\"]}]},{\"@type\":\"ImageObject\",\"inLanguage\":\"fr-FR\",\"@id\":\"https:\/\/bertrand.pl\/produkt\/ideal-7000-nl\/#primaryimage\",\"url\":\"https:\/\/bertrand.pl\/wp-content\/uploads\/2025\/11\/ideal7000_nl-scaled.png\",\"contentUrl\":\"https:\/\/bertrand.pl\/wp-content\/uploads\/2025\/11\/ideal7000_nl-scaled.png\",\"width\":2560,\"height\":2560},{\"@type\":\"BreadcrumbList\",\"@id\":\"https:\/\/bertrand.pl\/produkt\/ideal-7000-nl\/#breadcrumb\",\"itemListElement\":[{\"@type\":\"ListItem\",\"position\":1,\"name\":\"Strona g\u0142\u00f3wna\",\"item\":\"https:\/\/bertrand.pl\/\"},{\"@type\":\"ListItem\",\"position\":2,\"name\":\"Produits\",\"item\":\"https:\/\/bertrand.pl\/fr\/shop\/\"},{\"@type\":\"ListItem\",\"position\":3,\"name\":\"IDEAL 7000 NL\"}]},{\"@type\":\"WebSite\",\"@id\":\"https:\/\/bertrand.pl\/#website\",\"url\":\"https:\/\/bertrand.pl\/\",\"name\":\"Bertrand.pl\",\"description\":\"Firma Bertrand to certyfikowany i uznany producent najwy\u017cszej jako\u015bci okien z PVC, z drewna lub aluminium. Produkcja drzwi, rolet i bram gara\u017cowych.\",\"publisher\":{\"@id\":\"https:\/\/bertrand.pl\/#organization\"},\"potentialAction\":[{\"@type\":\"SearchAction\",\"target\":{\"@type\":\"EntryPoint\",\"urlTemplate\":\"https:\/\/bertrand.pl\/?s={search_term_string}\"},\"query-input\":{\"@type\":\"PropertyValueSpecification\",\"valueRequired\":true,\"valueName\":\"search_term_string\"}}],\"inLanguage\":\"fr-FR\"},{\"@type\":\"Organization\",\"@id\":\"https:\/\/bertrand.pl\/#organization\",\"name\":\"Bertrand.pl\",\"url\":\"https:\/\/bertrand.pl\/\",\"logo\":{\"@type\":\"ImageObject\",\"inLanguage\":\"fr-FR\",\"@id\":\"https:\/\/bertrand.pl\/#\/schema\/logo\/image\/\",\"url\":\"https:\/\/bertrand.pl\/wp-content\/uploads\/2024\/12\/logo_BB_TM_PL_black.png\",\"contentUrl\":\"https:\/\/bertrand.pl\/wp-content\/uploads\/2024\/12\/logo_BB_TM_PL_black.png\",\"width\":1831,\"height\":1831,\"caption\":\"Bertrand.pl\"},\"image\":{\"@id\":\"https:\/\/bertrand.pl\/#\/schema\/logo\/image\/\"},\"sameAs\":[\"https:\/\/www.facebook.com\/bertrandpolska\/\",\"https:\/\/www.instagram.com\/bertrand_okna_i_drzwi\/\",\"https:\/\/www.linkedin.com\/company\/bertrand\/\",\"https:\/\/www.tiktok.com\/@bertrand_okna_drzwi\"]}]}<\/script>\n<!-- \/ Yoast SEO Premium plugin. -->","yoast_head_json":{"title":"IDEAL 7000 NL \u2013 okna PVC do holenderskiej zabudowy","description":"Poznaj nowoczesny system okienny PVC, idealnie dopasowany do holenderskiego rynku. Ideal 7000 NL \u0142\u0105czy estetyk\u0119 z funkcjonalno\u015bci\u0105!","robots":{"index":"index","follow":"follow","max-snippet":"max-snippet:-1","max-image-preview":"max-image-preview:large","max-video-preview":"max-video-preview:-1"},"canonical":"https:\/\/bertrand.pl\/fr\/produit\/ideal-7000-nl\/","og_locale":"fr_FR","og_type":"article","og_title":"IDEAL 7000 NL","og_description":"Poznaj nowoczesny system okienny PVC, idealnie dopasowany do holenderskiego rynku. Ideal 7000 NL \u0142\u0105czy estetyk\u0119 z funkcjonalno\u015bci\u0105!","og_url":"https:\/\/bertrand.pl\/fr\/produit\/ideal-7000-nl\/","og_site_name":"Bertrand. Najwy\u017cszej jako\u015bci okna i drzwi. Certyfikowany producent od 1969 roku.","article_publisher":"https:\/\/www.facebook.com\/bertrandpolska\/","article_modified_time":"2026-01-20T11:20:45+00:00","og_image":[{"width":2560,"height":2560,"url":"https:\/\/bertrand.pl\/wp-content\/uploads\/2025\/11\/ideal7000_nl-scaled.png","type":"image\/png"}],"twitter_card":"summary_large_image","twitter_misc":{"Dur\u00e9e de lecture estim\u00e9e":"2 minutes"},"schema":{"@context":"https:\/\/schema.org","@graph":[{"@type":"WebPage","@id":"https:\/\/bertrand.pl\/produkt\/ideal-7000-nl\/","url":"https:\/\/bertrand.pl\/produkt\/ideal-7000-nl\/","name":"IDEAL 7000 NL \u2013 okna PVC do holenderskiej zabudowy","isPartOf":{"@id":"https:\/\/bertrand.pl\/#website"},"primaryImageOfPage":{"@id":"https:\/\/bertrand.pl\/produkt\/ideal-7000-nl\/#primaryimage"},"image":{"@id":"https:\/\/bertrand.pl\/produkt\/ideal-7000-nl\/#primaryimage"},"thumbnailUrl":"https:\/\/bertrand.pl\/wp-content\/uploads\/2025\/11\/ideal7000_nl-scaled.png","datePublished":"2025-02-07T11:42:49+00:00","dateModified":"2026-01-20T11:20:45+00:00","description":"Poznaj nowoczesny system okienny PVC, idealnie dopasowany do holenderskiego rynku. Ideal 7000 NL \u0142\u0105czy estetyk\u0119 z funkcjonalno\u015bci\u0105!","breadcrumb":{"@id":"https:\/\/bertrand.pl\/produkt\/ideal-7000-nl\/#breadcrumb"},"inLanguage":"fr-FR","potentialAction":[{"@type":"ReadAction","target":["https:\/\/bertrand.pl\/produkt\/ideal-7000-nl\/"]}]},{"@type":"ImageObject","inLanguage":"fr-FR","@id":"https:\/\/bertrand.pl\/produkt\/ideal-7000-nl\/#primaryimage","url":"https:\/\/bertrand.pl\/wp-content\/uploads\/2025\/11\/ideal7000_nl-scaled.png","contentUrl":"https:\/\/bertrand.pl\/wp-content\/uploads\/2025\/11\/ideal7000_nl-scaled.png","width":2560,"height":2560},{"@type":"BreadcrumbList","@id":"https:\/\/bertrand.pl\/produkt\/ideal-7000-nl\/#breadcrumb","itemListElement":[{"@type":"ListItem","position":1,"name":"Strona g\u0142\u00f3wna","item":"https:\/\/bertrand.pl\/"},{"@type":"ListItem","position":2,"name":"Produits","item":"https:\/\/bertrand.pl\/fr\/shop\/"},{"@type":"ListItem","position":3,"name":"IDEAL 7000 NL"}]},{"@type":"WebSite","@id":"https:\/\/bertrand.pl\/#website","url":"https:\/\/bertrand.pl\/","name":"Bertrand.pl","description":"Firma Bertrand to certyfikowany i uznany producent najwy\u017cszej jako\u015bci okien z PVC, z drewna lub aluminium. Produkcja drzwi, rolet i bram gara\u017cowych.","publisher":{"@id":"https:\/\/bertrand.pl\/#organization"},"potentialAction":[{"@type":"SearchAction","target":{"@type":"EntryPoint","urlTemplate":"https:\/\/bertrand.pl\/?s={search_term_string}"},"query-input":{"@type":"PropertyValueSpecification","valueRequired":true,"valueName":"search_term_string"}}],"inLanguage":"fr-FR"},{"@type":"Organization","@id":"https:\/\/bertrand.pl\/#organization","name":"Bertrand.pl","url":"https:\/\/bertrand.pl\/","logo":{"@type":"ImageObject","inLanguage":"fr-FR","@id":"https:\/\/bertrand.pl\/#\/schema\/logo\/image\/","url":"https:\/\/bertrand.pl\/wp-content\/uploads\/2024\/12\/logo_BB_TM_PL_black.png","contentUrl":"https:\/\/bertrand.pl\/wp-content\/uploads\/2024\/12\/logo_BB_TM_PL_black.png","width":1831,"height":1831,"caption":"Bertrand.pl"},"image":{"@id":"https:\/\/bertrand.pl\/#\/schema\/logo\/image\/"},"sameAs":["https:\/\/www.facebook.com\/bertrandpolska\/","https:\/\/www.instagram.com\/bertrand_okna_i_drzwi\/","https:\/\/www.linkedin.com\/company\/bertrand\/","https:\/\/www.tiktok.com\/@bertrand_okna_drzwi"]}]}},"_links":{"self":[{"href":"https:\/\/bertrand.pl\/fr\/wp-json\/wp\/v2\/product\/7789","targetHints":{"allow":["GET"]}}],"collection":[{"href":"https:\/\/bertrand.pl\/fr\/wp-json\/wp\/v2\/product"}],"about":[{"href":"https:\/\/bertrand.pl\/fr\/wp-json\/wp\/v2\/types\/product"}],"wp:featuredmedia":[{"embeddable":true,"href":"https:\/\/bertrand.pl\/fr\/wp-json\/wp\/v2\/media\/7796"}],"wp:attachment":[{"href":"https:\/\/bertrand.pl\/fr\/wp-json\/wp\/v2\/media?parent=7789"}],"wp:term":[{"taxonomy":"product_brand","embeddable":true,"href":"https:\/\/bertrand.pl\/fr\/wp-json\/wp\/v2\/product_brand?post=7789"},{"taxonomy":"product_cat","embeddable":true,"href":"https:\/\/bertrand.pl\/fr\/wp-json\/wp\/v2\/product_cat?post=7789"},{"taxonomy":"product_tag","embeddable":true,"href":"https:\/\/bertrand.pl\/fr\/wp-json\/wp\/v2\/product_tag?post=7789"}],"curies":[{"name":"wp","href":"https:\/\/api.w.org\/{rel}","templated":true}]}}