{"id":806,"date":"2025-10-10T06:56:18","date_gmt":"2025-10-10T04:56:18","guid":{"rendered":"https:\/\/bertrand.pl\/?post_type=product&#038;p=806"},"modified":"2026-03-04T12:38:09","modified_gmt":"2026-03-04T11:38:09","slug":"bb-line-82","status":"publish","type":"product","link":"https:\/\/bertrand.pl\/fr\/produkt\/bb-line-82\/","title":{"rendered":"BB-LINE 82"},"content":{"rendered":"<p>BB Line 82 est un choix id\u00e9al pour les personnes qui appr\u00e9cient d&#039;excellents param\u00e8tres thermiques, conformes aux nouvelles normes de construction, combin\u00e9s \u00e0 un design minimaliste et \u00e0 un prix attractif. Les fen\u00eatres modernes issues de ce syst\u00e8me r\u00e9pondent aux attentes des clients les plus exigeants, tout en offrant une large gamme de solutions fonctionnelles et esth\u00e9tiques.<\/p>\n<p>&nbsp;<\/p>\n<h4>Conception unique et polyvalence<\/h4>\n<p>&nbsp;<\/p>\n<p>L&#039;aspect moderne et minimaliste du BB LINE 82 ajoute de l&#039;\u00e9l\u00e9gance \u00e0 n&#039;importe quel int\u00e9rieur. Ce syst\u00e8me de fen\u00eatre innovant offre une polyvalence dans la s\u00e9lection des packages de verre - des standards aux plus sp\u00e9cialis\u00e9s. Gr\u00e2ce \u00e0 cela, les fen\u00eatres peuvent \u00eatre chaudes, insonorisantes et s\u00fbres. Le choix de diff\u00e9rentes \u00e9paisseurs de verre, de 23 mm \u00e0 54,8 mm, permet au produit de s&#039;adapter \u00e0 toute conception architecturale.<\/p>\n<p>&nbsp;<\/p>\n<h4>Stabilit\u00e9 et technologie<\/h4>\n<p>&nbsp;<\/p>\n<p>Les profil\u00e9s BB LINE 82 se distinguent par une grande stabilit\u00e9 gr\u00e2ce \u00e0 des chambres de renfort \u00e9largies. De plus, la possibilit\u00e9 d&#039;utiliser un insert en polystyr\u00e8ne et une technologie moderne de collage du verre vous permet de cr\u00e9er des structures de grande taille et non standard. Il s&#039;agit d&#039;une solution id\u00e9ale aussi bien pour les maisons unifamiliales que pour les grands b\u00e2timents commerciaux.<\/p>\n<p>&nbsp;<\/p>\n<h4>Les avantages les plus importants du syst\u00e8me :<\/h4>\n<p>&nbsp;<\/p>\n<ul>\n<li><strong>Syst\u00e8me \u00e0 six chambres<\/strong> avec une largeur de construction de 81 mm garantit d&#039;excellents param\u00e8tres thermiques.<\/li>\n<li><strong>Un large choix de forfaits vitrages<\/strong>, du standard au sp\u00e9cialis\u00e9, avec une \u00e9paisseur allant jusqu&#039;\u00e0 54,8 mm.<\/li>\n<li><strong>Scell\u00e9s<\/strong> disponible en deux couleurs - gris et noir - garantissent une finition esth\u00e9tique.<\/li>\n<li><strong>Films d\u00e9coratifs<\/strong> dans une large gamme de couleurs vous permettent d&#039;adapter les fen\u00eatres au style de n&#039;importe quel b\u00e2timent.<\/li>\n<li><strong>Construction stable<\/strong> gr\u00e2ce aux chambres de renfort \u00e9largies et \u00e0 la possibilit\u00e9 de coller du verre.<\/li>\n<li><strong>Hauteur de profil optimale<\/strong>, qui fournit au 5% plus de lumi\u00e8re \u00e0 l&#039;int\u00e9rieur.<\/li>\n<li><strong>Excellente isolation thermique<\/strong>: Le coefficient Uw est de 0,76 W\/m\u00b2K pour la fen\u00eatre de r\u00e9f\u00e9rence.<\/li>\n<li><strong>Normes de qualit\u00e9<\/strong>: les profil\u00e9s r\u00e9pondent aux exigences strictes de la norme PN-EN 12608 : -1:2016-1:2016-04, classe B.<\/li>\n<\/ul>\n<p>&nbsp;<\/p>\n<h4>Offre compl\u00e8te<\/h4>\n<p>&nbsp;<\/p>\n<p>Ce syst\u00e8me comprend non seulement des fen\u00eatres, mais \u00e9galement un syst\u00e8me de portes qui compl\u00e8te parfaitement l&#039;offre. Avec quatre couleurs principales \u2013 blanc, caramel, anthracite et marron fonc\u00e9 \u2013 le syst\u00e8me s&#039;adapte \u00e0 n&#039;importe quel projet, offrant une coh\u00e9rence stylistique.<\/p>\n<p>&nbsp;<\/p>\n<figure id=\"attachment_7964\" aria-describedby=\"caption-attachment-7964\" style=\"width: 493px\" class=\"wp-caption aligncenter\"><img fetchpriority=\"high\" decoding=\"async\" class=\"wp-image-7964 size-full\" src=\"https:\/\/bertrand.pl\/wp-content\/uploads\/2025\/10\/bbline82_przekroj.jpg\" alt=\"\" width=\"493\" height=\"459\" srcset=\"https:\/\/bertrand.pl\/wp-content\/uploads\/2025\/10\/bbline82_przekroj.jpg 493w, https:\/\/bertrand.pl\/wp-content\/uploads\/2025\/10\/bbline82_przekroj-420x391.jpg 420w, https:\/\/bertrand.pl\/wp-content\/uploads\/2025\/10\/bbline82_przekroj-13x12.jpg 13w\" sizes=\"(max-width: 493px) 100vw, 493px\" \/><figcaption id=\"caption-attachment-7964\" class=\"wp-caption-text\">BB Line 82 &#8211; przekr\u00f3j.<\/figcaption><\/figure>\n<p>&nbsp;<\/p>\n<p>En choisissant BB LINE 82, vous investissez dans l\u2019efficacit\u00e9 \u00e9nerg\u00e9tique, la durabilit\u00e9 et le design moderne. Il s\u2019agit d\u2019un syst\u00e8me qui allie technologie avanc\u00e9e, esth\u00e9tique et fonctionnalit\u00e9, r\u00e9pondant aux attentes les plus \u00e9lev\u00e9es des utilisateurs. Parfait pour les designs modernes et classiques.<\/p>\n<h4><\/h4>\n<h4><strong><a href=\"https:\/\/bertrand.pl\/fr\/couleur\/\">Couleurs des fen\u00eatres et des portes<\/a><\/strong><\/h4>","protected":false},"excerpt":{"rendered":"<p><strong>PLUS DE POSSIBILIT\u00c9S<\/strong><\/p>\n<p>La s\u00e9rie de fen\u00eatres BB LINE est une combinaison parfaite de fonctionnalit\u00e9 et d&#039;esth\u00e9tique \u00e0 un prix abordable. Param\u00e8tres thermiques \u00e9lev\u00e9s, excellent design et large gamme de couleurs, le tout \u00e0 un prix raisonnable. Vous vous souciez du temps et de la disponibilit\u00e9 ? Ce mod\u00e8le est parfait pour vous.<\/p>","protected":false},"featured_media":4097,"template":"","meta":{"site-sidebar-layout":"default","site-content-layout":"","ast-site-content-layout":"default","site-content-style":"default","site-sidebar-style":"default","ast-global-header-display":"","ast-banner-title-visibility":"","ast-main-header-display":"","ast-hfb-above-header-display":"","ast-hfb-below-header-display":"","ast-hfb-mobile-header-display":"","site-post-title":"","ast-breadcrumbs-content":"","ast-featured-img":"","footer-sml-layout":"","ast-disable-related-posts":"","theme-transparent-header-meta":"default","adv-header-id-meta":"","stick-header-meta":"","header-above-stick-meta":"","header-main-stick-meta":"","header-below-stick-meta":"","astra-migrate-meta-layouts":"set","ast-page-background-enabled":"default","ast-page-background-meta":{"desktop":{"background-color":"var(--ast-global-color-4)","background-image":"","background-repeat":"repeat","background-position":"center center","background-size":"auto","background-attachment":"scroll","background-type":"","background-media":"","overlay-type":"","overlay-color":"","overlay-opacity":"","overlay-gradient":""},"tablet":{"background-color":"","background-image":"","background-repeat":"repeat","background-position":"center center","background-size":"auto","background-attachment":"scroll","background-type":"","background-media":"","overlay-type":"","overlay-color":"","overlay-opacity":"","overlay-gradient":""},"mobile":{"background-color":"","background-image":"","background-repeat":"repeat","background-position":"center center","background-size":"auto","background-attachment":"scroll","background-type":"","background-media":"","overlay-type":"","overlay-color":"","overlay-opacity":"","overlay-gradient":""}},"ast-content-background-meta":{"desktop":{"background-color":"var(--ast-global-color-5)","background-image":"","background-repeat":"repeat","background-position":"center center","background-size":"auto","background-attachment":"scroll","background-type":"","background-media":"","overlay-type":"","overlay-color":"","overlay-opacity":"","overlay-gradient":""},"tablet":{"background-color":"var(--ast-global-color-5)","background-image":"","background-repeat":"repeat","background-position":"center center","background-size":"auto","background-attachment":"scroll","background-type":"","background-media":"","overlay-type":"","overlay-color":"","overlay-opacity":"","overlay-gradient":""},"mobile":{"background-color":"var(--ast-global-color-5)","background-image":"","background-repeat":"repeat","background-position":"center center","background-size":"auto","background-attachment":"scroll","background-type":"","background-media":"","overlay-type":"","overlay-color":"","overlay-opacity":"","overlay-gradient":""}}},"product_brand":[],"product_cat":[24],"product_tag":[467,307,468,168,360,326,367,368,339,311,352,414,344,408,407,308,323,363,312,169,314,348],"class_list":{"0":"post-806","1":"product","2":"type-product","3":"status-publish","4":"has-post-thumbnail","6":"product_cat-okna-pvc","7":"product_tag-bb-line","8":"product_tag-bb-line-70","9":"product_tag-bb-line-83","10":"product_tag-bertrand","11":"product_tag-bezpieczenstwo","12":"product_tag-budowa-domu","13":"product_tag-budownictwo","14":"product_tag-budownictwo-pasywne","15":"product_tag-design","16":"product_tag-dobre-wlasciwosci-termiczne","17":"product_tag-dobreokna","18":"product_tag-doskonala-izolacja-termiczna","19":"product_tag-duze-okna","20":"product_tag-duze-przeszklenia","21":"product_tag-duzo-swiatla","22":"product_tag-okna-pvc","23":"product_tag-okna-z-polski","24":"product_tag-oknazpolski","25":"product_tag-okno-dla-twojego-domu","26":"product_tag-produkt","27":"product_tag-profil-okienny","28":"product_tag-windows","29":"desktop-align-left","30":"tablet-align-left","31":"mobile-align-left","33":"first","34":"instock","35":"shipping-taxable","36":"product-type-simple"},"yoast_head":"<!-- This site is optimized with the Yoast SEO Premium plugin v27.2 (Yoast SEO v27.2) - https:\/\/yoast.com\/product\/yoast-seo-premium-wordpress\/ -->\n<title>BB LINE 82 - Bertrand. Najwy\u017cszej jako\u015bci okna i drzwi. Certyfikowany producent od 1969 roku.<\/title>\n<meta name=\"description\" content=\"Energooszcz\u0119dne okna BB LINE 82 \u2013 nowoczesny design, doskona\u0142a izolacja termiczna, trwa\u0142o\u015b\u0107 i funkcjonalno\u015b\u0107 w atrakcyjnej cenie.\" \/>\n<meta name=\"robots\" content=\"index, follow, max-snippet:-1, max-image-preview:large, max-video-preview:-1\" \/>\n<link rel=\"canonical\" href=\"https:\/\/bertrand.pl\/fr\/produit\/bb-line-82\/\" \/>\n<meta property=\"og:locale\" content=\"fr_FR\" \/>\n<meta property=\"og:type\" content=\"article\" \/>\n<meta property=\"og:title\" content=\"BB LINE 82\" \/>\n<meta property=\"og:description\" content=\"Energooszcz\u0119dne okna BB LINE 82 \u2013 nowoczesny design, doskona\u0142a izolacja termiczna, trwa\u0142o\u015b\u0107 i funkcjonalno\u015b\u0107 w atrakcyjnej cenie.\" \/>\n<meta property=\"og:url\" content=\"https:\/\/bertrand.pl\/fr\/produit\/bb-line-82\/\" \/>\n<meta property=\"og:site_name\" content=\"Bertrand. Najwy\u017cszej jako\u015bci okna i drzwi. Certyfikowany producent od 1969 roku.\" \/>\n<meta property=\"article:publisher\" content=\"https:\/\/www.facebook.com\/bertrandpolska\/\" \/>\n<meta property=\"article:modified_time\" content=\"2026-03-04T11:38:09+00:00\" \/>\n<meta property=\"og:image\" content=\"https:\/\/bertrand.pl\/wp-content\/uploads\/2023\/12\/bbline82.png\" \/>\n\t<meta property=\"og:image:width\" content=\"726\" \/>\n\t<meta property=\"og:image:height\" content=\"726\" \/>\n\t<meta property=\"og:image:type\" content=\"image\/png\" \/>\n<meta name=\"twitter:card\" content=\"summary_large_image\" \/>\n<meta name=\"twitter:label1\" content=\"Dur\u00e9e de lecture estim\u00e9e\" \/>\n\t<meta name=\"twitter:data1\" content=\"3 minutes\" \/>\n<script type=\"application\/ld+json\" class=\"yoast-schema-graph\">{\"@context\":\"https:\/\/schema.org\",\"@graph\":[{\"@type\":\"WebPage\",\"@id\":\"https:\/\/bertrand.pl\/produkt\/bb-line-82\/\",\"url\":\"https:\/\/bertrand.pl\/produkt\/bb-line-82\/\",\"name\":\"BB LINE 82 - Bertrand. Najwy\u017cszej jako\u015bci okna i drzwi. Certyfikowany producent od 1969 roku.\",\"isPartOf\":{\"@id\":\"https:\/\/bertrand.pl\/#website\"},\"primaryImageOfPage\":{\"@id\":\"https:\/\/bertrand.pl\/produkt\/bb-line-82\/#primaryimage\"},\"image\":{\"@id\":\"https:\/\/bertrand.pl\/produkt\/bb-line-82\/#primaryimage\"},\"thumbnailUrl\":\"https:\/\/bertrand.pl\/wp-content\/uploads\/2023\/12\/bbline82.png\",\"datePublished\":\"2025-10-10T04:56:18+00:00\",\"dateModified\":\"2026-03-04T11:38:09+00:00\",\"description\":\"Energooszcz\u0119dne okna BB LINE 82 \u2013 nowoczesny design, doskona\u0142a izolacja termiczna, trwa\u0142o\u015b\u0107 i funkcjonalno\u015b\u0107 w atrakcyjnej cenie.\",\"breadcrumb\":{\"@id\":\"https:\/\/bertrand.pl\/produkt\/bb-line-82\/#breadcrumb\"},\"inLanguage\":\"fr-FR\",\"potentialAction\":[{\"@type\":\"ReadAction\",\"target\":[\"https:\/\/bertrand.pl\/produkt\/bb-line-82\/\"]}]},{\"@type\":\"ImageObject\",\"inLanguage\":\"fr-FR\",\"@id\":\"https:\/\/bertrand.pl\/produkt\/bb-line-82\/#primaryimage\",\"url\":\"https:\/\/bertrand.pl\/wp-content\/uploads\/2023\/12\/bbline82.png\",\"contentUrl\":\"https:\/\/bertrand.pl\/wp-content\/uploads\/2023\/12\/bbline82.png\",\"width\":726,\"height\":726},{\"@type\":\"BreadcrumbList\",\"@id\":\"https:\/\/bertrand.pl\/produkt\/bb-line-82\/#breadcrumb\",\"itemListElement\":[{\"@type\":\"ListItem\",\"position\":1,\"name\":\"Strona g\u0142\u00f3wna\",\"item\":\"https:\/\/bertrand.pl\/\"},{\"@type\":\"ListItem\",\"position\":2,\"name\":\"Produits\",\"item\":\"https:\/\/bertrand.pl\/fr\/shop\/\"},{\"@type\":\"ListItem\",\"position\":3,\"name\":\"BB LINE 82\"}]},{\"@type\":\"WebSite\",\"@id\":\"https:\/\/bertrand.pl\/#website\",\"url\":\"https:\/\/bertrand.pl\/\",\"name\":\"Bertrand.pl\",\"description\":\"Firma Bertrand to certyfikowany i uznany producent najwy\u017cszej jako\u015bci okien z PVC, z drewna lub aluminium. Produkcja drzwi, rolet i bram gara\u017cowych.\",\"publisher\":{\"@id\":\"https:\/\/bertrand.pl\/#organization\"},\"potentialAction\":[{\"@type\":\"SearchAction\",\"target\":{\"@type\":\"EntryPoint\",\"urlTemplate\":\"https:\/\/bertrand.pl\/?s={search_term_string}\"},\"query-input\":{\"@type\":\"PropertyValueSpecification\",\"valueRequired\":true,\"valueName\":\"search_term_string\"}}],\"inLanguage\":\"fr-FR\"},{\"@type\":\"Organization\",\"@id\":\"https:\/\/bertrand.pl\/#organization\",\"name\":\"Bertrand.pl\",\"url\":\"https:\/\/bertrand.pl\/\",\"logo\":{\"@type\":\"ImageObject\",\"inLanguage\":\"fr-FR\",\"@id\":\"https:\/\/bertrand.pl\/#\/schema\/logo\/image\/\",\"url\":\"https:\/\/bertrand.pl\/wp-content\/uploads\/2024\/12\/logo_BB_TM_PL_black.png\",\"contentUrl\":\"https:\/\/bertrand.pl\/wp-content\/uploads\/2024\/12\/logo_BB_TM_PL_black.png\",\"width\":1831,\"height\":1831,\"caption\":\"Bertrand.pl\"},\"image\":{\"@id\":\"https:\/\/bertrand.pl\/#\/schema\/logo\/image\/\"},\"sameAs\":[\"https:\/\/www.facebook.com\/bertrandpolska\/\",\"https:\/\/www.instagram.com\/bertrand_okna_i_drzwi\/\",\"https:\/\/www.linkedin.com\/company\/bertrand\/\",\"https:\/\/www.tiktok.com\/@bertrand_okna_drzwi\"]}]}<\/script>\n<!-- \/ Yoast SEO Premium plugin. -->","yoast_head_json":{"title":"BB LINE 82 - Bertrand. Najwy\u017cszej jako\u015bci okna i drzwi. Certyfikowany producent od 1969 roku.","description":"Fen\u00eatres BB LINE 82 \u00e0 \u00e9conomie d&#039;\u00e9nergie - design moderne, excellente isolation thermique, durabilit\u00e9 et fonctionnalit\u00e9 \u00e0 un prix attractif.","robots":{"index":"index","follow":"follow","max-snippet":"max-snippet:-1","max-image-preview":"max-image-preview:large","max-video-preview":"max-video-preview:-1"},"canonical":"https:\/\/bertrand.pl\/fr\/produit\/bb-line-82\/","og_locale":"fr_FR","og_type":"article","og_title":"BB LINE 82","og_description":"Energooszcz\u0119dne okna BB LINE 82 \u2013 nowoczesny design, doskona\u0142a izolacja termiczna, trwa\u0142o\u015b\u0107 i funkcjonalno\u015b\u0107 w atrakcyjnej cenie.","og_url":"https:\/\/bertrand.pl\/fr\/produit\/bb-line-82\/","og_site_name":"Bertrand. Najwy\u017cszej jako\u015bci okna i drzwi. Certyfikowany producent od 1969 roku.","article_publisher":"https:\/\/www.facebook.com\/bertrandpolska\/","article_modified_time":"2026-03-04T11:38:09+00:00","og_image":[{"width":726,"height":726,"url":"https:\/\/bertrand.pl\/wp-content\/uploads\/2023\/12\/bbline82.png","type":"image\/png"}],"twitter_card":"summary_large_image","twitter_misc":{"Dur\u00e9e de lecture estim\u00e9e":"3 minutes"},"schema":{"@context":"https:\/\/schema.org","@graph":[{"@type":"WebPage","@id":"https:\/\/bertrand.pl\/produkt\/bb-line-82\/","url":"https:\/\/bertrand.pl\/produkt\/bb-line-82\/","name":"BB LINE 82 - Bertrand. Najwy\u017cszej jako\u015bci okna i drzwi. Certyfikowany producent od 1969 roku.","isPartOf":{"@id":"https:\/\/bertrand.pl\/#website"},"primaryImageOfPage":{"@id":"https:\/\/bertrand.pl\/produkt\/bb-line-82\/#primaryimage"},"image":{"@id":"https:\/\/bertrand.pl\/produkt\/bb-line-82\/#primaryimage"},"thumbnailUrl":"https:\/\/bertrand.pl\/wp-content\/uploads\/2023\/12\/bbline82.png","datePublished":"2025-10-10T04:56:18+00:00","dateModified":"2026-03-04T11:38:09+00:00","description":"Fen\u00eatres BB LINE 82 \u00e0 \u00e9conomie d&#039;\u00e9nergie - design moderne, excellente isolation thermique, durabilit\u00e9 et fonctionnalit\u00e9 \u00e0 un prix attractif.","breadcrumb":{"@id":"https:\/\/bertrand.pl\/produkt\/bb-line-82\/#breadcrumb"},"inLanguage":"fr-FR","potentialAction":[{"@type":"ReadAction","target":["https:\/\/bertrand.pl\/produkt\/bb-line-82\/"]}]},{"@type":"ImageObject","inLanguage":"fr-FR","@id":"https:\/\/bertrand.pl\/produkt\/bb-line-82\/#primaryimage","url":"https:\/\/bertrand.pl\/wp-content\/uploads\/2023\/12\/bbline82.png","contentUrl":"https:\/\/bertrand.pl\/wp-content\/uploads\/2023\/12\/bbline82.png","width":726,"height":726},{"@type":"BreadcrumbList","@id":"https:\/\/bertrand.pl\/produkt\/bb-line-82\/#breadcrumb","itemListElement":[{"@type":"ListItem","position":1,"name":"Strona g\u0142\u00f3wna","item":"https:\/\/bertrand.pl\/"},{"@type":"ListItem","position":2,"name":"Produits","item":"https:\/\/bertrand.pl\/fr\/shop\/"},{"@type":"ListItem","position":3,"name":"BB LINE 82"}]},{"@type":"WebSite","@id":"https:\/\/bertrand.pl\/#website","url":"https:\/\/bertrand.pl\/","name":"Bertrand.pl","description":"Firma Bertrand to certyfikowany i uznany producent najwy\u017cszej jako\u015bci okien z PVC, z drewna lub aluminium. Produkcja drzwi, rolet i bram gara\u017cowych.","publisher":{"@id":"https:\/\/bertrand.pl\/#organization"},"potentialAction":[{"@type":"SearchAction","target":{"@type":"EntryPoint","urlTemplate":"https:\/\/bertrand.pl\/?s={search_term_string}"},"query-input":{"@type":"PropertyValueSpecification","valueRequired":true,"valueName":"search_term_string"}}],"inLanguage":"fr-FR"},{"@type":"Organization","@id":"https:\/\/bertrand.pl\/#organization","name":"Bertrand.pl","url":"https:\/\/bertrand.pl\/","logo":{"@type":"ImageObject","inLanguage":"fr-FR","@id":"https:\/\/bertrand.pl\/#\/schema\/logo\/image\/","url":"https:\/\/bertrand.pl\/wp-content\/uploads\/2024\/12\/logo_BB_TM_PL_black.png","contentUrl":"https:\/\/bertrand.pl\/wp-content\/uploads\/2024\/12\/logo_BB_TM_PL_black.png","width":1831,"height":1831,"caption":"Bertrand.pl"},"image":{"@id":"https:\/\/bertrand.pl\/#\/schema\/logo\/image\/"},"sameAs":["https:\/\/www.facebook.com\/bertrandpolska\/","https:\/\/www.instagram.com\/bertrand_okna_i_drzwi\/","https:\/\/www.linkedin.com\/company\/bertrand\/","https:\/\/www.tiktok.com\/@bertrand_okna_drzwi"]}]}},"_links":{"self":[{"href":"https:\/\/bertrand.pl\/fr\/wp-json\/wp\/v2\/product\/806","targetHints":{"allow":["GET"]}}],"collection":[{"href":"https:\/\/bertrand.pl\/fr\/wp-json\/wp\/v2\/product"}],"about":[{"href":"https:\/\/bertrand.pl\/fr\/wp-json\/wp\/v2\/types\/product"}],"wp:featuredmedia":[{"embeddable":true,"href":"https:\/\/bertrand.pl\/fr\/wp-json\/wp\/v2\/media\/4097"}],"wp:attachment":[{"href":"https:\/\/bertrand.pl\/fr\/wp-json\/wp\/v2\/media?parent=806"}],"wp:term":[{"taxonomy":"product_brand","embeddable":true,"href":"https:\/\/bertrand.pl\/fr\/wp-json\/wp\/v2\/product_brand?post=806"},{"taxonomy":"product_cat","embeddable":true,"href":"https:\/\/bertrand.pl\/fr\/wp-json\/wp\/v2\/product_cat?post=806"},{"taxonomy":"product_tag","embeddable":true,"href":"https:\/\/bertrand.pl\/fr\/wp-json\/wp\/v2\/product_tag?post=806"}],"curies":[{"name":"wp","href":"https:\/\/api.w.org\/{rel}","templated":true}]}}