{"id":825,"date":"2023-12-12T12:45:32","date_gmt":"2023-12-12T11:45:32","guid":{"rendered":"https:\/\/bertrand.pl\/?post_type=product&#038;p=825"},"modified":"2025-03-06T15:30:30","modified_gmt":"2025-03-06T14:30:30","slug":"combisysteme-2","status":"publish","type":"product","link":"https:\/\/bertrand.pl\/fr\/produkt\/kombisystem-2\/","title":{"rendered":"KOMBISYSTEM ALU"},"content":{"rendered":"<div style=\"display: flex; flex-direction: row; align-items: center; justify-content: center;\">\n<div style=\"width: 50%;\">\n<p>&nbsp;<\/p>\n<\/div>\n<\/div>\n<p><strong>KOMBISYSTEM ALU<\/strong> est un produit technologiquement avanc\u00e9 avec une profondeur de construction de 83 mm. Gr\u00e2ce \u00e0 la combinaison unique de technologie, de mat\u00e9riaux et de solutions modernes, ce syst\u00e8me de fen\u00eatres r\u00e9pond parfaitement aux besoins des utilisateurs les plus exigeants.<\/p>\n<p>&nbsp;<\/p>\n<h4>Wyj\u0105tkowa konstrukcja i funkcjonalno\u015b\u0107<\/h4>\n<p>&nbsp;<\/p>\n<p>La largeur du syst\u00e8me et les six chambres dans le cadre et l&#039;ouvrant garantissent d&#039;excellents param\u00e8tres d&#039;isolation. Des mat\u00e9riaux soigneusement s\u00e9lectionn\u00e9s et l&#039;utilisation d&#039;une disposition des joints sur trois plans garantissent non seulement une excellente isolation thermique mais \u00e9galement acoustique. C&#039;est une solution id\u00e9ale pour les personnes qui recherchent paix et confort dans leur propre maison.<\/p>\n<p>KOMBISYSTEM ALU atteint les param\u00e8tres requis dans la construction passive, ce qui le rend extr\u00eamement \u00e9conome en \u00e9nergie. Gr\u00e2ce \u00e0 l&#039;utilisation d&#039;un syst\u00e8me STV moderne, c&#039;est-\u00e0-dire au collage permanent du vitrage sur l&#039;ouvrant \u00e0 l&#039;aide d&#039;un ruban thermique et statique, la fen\u00eatre offre une statique am\u00e9lior\u00e9e et une classe anti-effraction accrue.<\/p>\n<p>&nbsp;<\/p>\n<h4>Nak\u0142adka aluminiowa \u2013 estetyka i wytrzyma\u0142o\u015b\u0107<\/h4>\n<p>&nbsp;<\/p>\n<p>Un rev\u00eatement en aluminium est utilis\u00e9 \u00e0 l&#039;ext\u00e9rieur de la fen\u00eatre, ce qui augmente en outre sa r\u00e9sistance aux facteurs externes et assure la durabilit\u00e9 du produit. De plus, le rev\u00eatement en aluminium offre de nombreuses options de personnalisation, vous permettant d&#039;adapter l&#039;apparence des fen\u00eatres aux besoins individuels et au style du b\u00e2timent.<\/p>\n<p>&nbsp;<\/p>\n<h4>Idealny wyb\u00f3r dla wymagaj\u0105cych<\/h4>\n<p>&nbsp;<\/p>\n<p>C&#039;est une solution pour ceux qui appr\u00e9cient l&#039;innovation, la durabilit\u00e9 et l&#039;esth\u00e9tique. Gr\u00e2ce \u00e0 des technologies avanc\u00e9es, des mat\u00e9riaux de haute qualit\u00e9 et des options de personnalisation, ce produit r\u00e9pond aux normes les plus \u00e9lev\u00e9es. En choisissant KOMBISYSTEM ALU, vous investissez dans le confort, la s\u00e9curit\u00e9 et le design moderne. C&#039;est plus qu&#039;une fen\u00eatre : c&#039;est l&#039;avenir de votre maison !<\/p>\n<p>&nbsp;<\/p>\n<p>&nbsp;<\/p>\n<h4><strong><a href=\"https:\/\/bertrand.pl\/fr\/couleur\/\">Couleurs des fen\u00eatres et des portes<\/a><\/strong><\/h4>","protected":false},"excerpt":{"rendered":"<p><strong>Un syst\u00e8me moderne en PVC et aluminium.<\/strong><\/p>\n<p><span class=\"highlightNode\">KOMBISYSTEM ALU<\/span>\u00a0BERTRAND sont des produits technologiquement avanc\u00e9s d&#039;une profondeur de 83 mm.<\/p>","protected":false},"featured_media":844,"template":"","meta":{"site-sidebar-layout":"default","site-content-layout":"","ast-site-content-layout":"default","site-content-style":"default","site-sidebar-style":"default","ast-global-header-display":"","ast-banner-title-visibility":"","ast-main-header-display":"","ast-hfb-above-header-display":"","ast-hfb-below-header-display":"","ast-hfb-mobile-header-display":"","site-post-title":"","ast-breadcrumbs-content":"","ast-featured-img":"","footer-sml-layout":"","ast-disable-related-posts":"","theme-transparent-header-meta":"default","adv-header-id-meta":"","stick-header-meta":"","header-above-stick-meta":"","header-main-stick-meta":"","header-below-stick-meta":"","astra-migrate-meta-layouts":"set","ast-page-background-enabled":"default","ast-page-background-meta":{"desktop":{"background-color":"var(--ast-global-color-4)","background-image":"","background-repeat":"repeat","background-position":"center center","background-size":"auto","background-attachment":"scroll","background-type":"","background-media":"","overlay-type":"","overlay-color":"","overlay-opacity":"","overlay-gradient":""},"tablet":{"background-color":"","background-image":"","background-repeat":"repeat","background-position":"center center","background-size":"auto","background-attachment":"scroll","background-type":"","background-media":"","overlay-type":"","overlay-color":"","overlay-opacity":"","overlay-gradient":""},"mobile":{"background-color":"","background-image":"","background-repeat":"repeat","background-position":"center center","background-size":"auto","background-attachment":"scroll","background-type":"","background-media":"","overlay-type":"","overlay-color":"","overlay-opacity":"","overlay-gradient":""}},"ast-content-background-meta":{"desktop":{"background-color":"var(--ast-global-color-5)","background-image":"","background-repeat":"repeat","background-position":"center center","background-size":"auto","background-attachment":"scroll","background-type":"","background-media":"","overlay-type":"","overlay-color":"","overlay-opacity":"","overlay-gradient":""},"tablet":{"background-color":"var(--ast-global-color-5)","background-image":"","background-repeat":"repeat","background-position":"center center","background-size":"auto","background-attachment":"scroll","background-type":"","background-media":"","overlay-type":"","overlay-color":"","overlay-opacity":"","overlay-gradient":""},"mobile":{"background-color":"var(--ast-global-color-5)","background-image":"","background-repeat":"repeat","background-position":"center center","background-size":"auto","background-attachment":"scroll","background-type":"","background-media":"","overlay-type":"","overlay-color":"","overlay-opacity":"","overlay-gradient":""}}},"product_brand":[],"product_cat":[25],"product_tag":[469,193,168,360,326,367,368,339,311,352,414,462,463,344,346,408,370,389,371,372,366,174,194,387,355,323,363,324,312,169,314,362,348],"class_list":{"0":"post-825","1":"product","2":"type-product","3":"status-publish","4":"has-post-thumbnail","6":"product_cat-okna-pvc-aluminiowe","7":"product_tag-alu","8":"product_tag-aluminium","9":"product_tag-bertrand","10":"product_tag-bezpieczenstwo","11":"product_tag-budowa-domu","12":"product_tag-budownictwo","13":"product_tag-budownictwo-pasywne","14":"product_tag-design","15":"product_tag-dobre-wlasciwosci-termiczne","16":"product_tag-dobreokna","17":"product_tag-doskonala-izolacja-termiczna","18":"product_tag-drewniane-okna","19":"product_tag-drewniane-okno","20":"product_tag-duze-okna","21":"product_tag-duze-przestrzenie","22":"product_tag-duze-przeszklenia","23":"product_tag-idealne-okna-do-domu","24":"product_tag-izolacja-akustyczna","25":"product_tag-kombisystem","26":"product_tag-kombisystem-plus","27":"product_tag-komfort","28":"product_tag-okna","29":"product_tag-okna-aluminiowe","30":"product_tag-okna-drewniane","31":"product_tag-okna-drewniano-aluminiowe","32":"product_tag-okna-z-polski","33":"product_tag-oknazpolski","34":"product_tag-okno-dla-domu","35":"product_tag-okno-dla-twojego-domu","36":"product_tag-produkt","37":"product_tag-profil-okienny","38":"product_tag-quality","39":"product_tag-windows","40":"desktop-align-left","41":"tablet-align-left","42":"mobile-align-left","44":"first","45":"instock","46":"shipping-taxable","47":"product-type-simple"},"yoast_head":"<!-- This site is optimized with the Yoast SEO Premium plugin v27.2 (Yoast SEO v27.2) - https:\/\/yoast.com\/product\/yoast-seo-premium-wordpress\/ -->\n<title>KOMBISYSTEM ALU - Bertrand. Najwy\u017cszej jako\u015bci okna i drzwi. Certyfikowany producent od 1969 roku.<\/title>\n<meta name=\"description\" content=\"KOMBISYSTEM ALU firmy BERTRAND \u2013 energooszcz\u0119dne okna z nak\u0142adk\u0105 aluminiow\u0105, doskona\u0142a izolacja, trwa\u0142o\u015b\u0107, estetyka i bezpiecze\u0144stwo dla wymagaj\u0105cych.\" \/>\n<meta name=\"robots\" content=\"index, follow, max-snippet:-1, max-image-preview:large, max-video-preview:-1\" \/>\n<link rel=\"canonical\" href=\"https:\/\/bertrand.pl\/fr\/produit\/combisysteme-2\/\" \/>\n<meta property=\"og:locale\" content=\"fr_FR\" \/>\n<meta property=\"og:type\" content=\"article\" \/>\n<meta property=\"og:title\" content=\"KOMBISYSTEM ALU\" \/>\n<meta property=\"og:description\" content=\"KOMBISYSTEM ALU firmy BERTRAND \u2013 energooszcz\u0119dne okna z nak\u0142adk\u0105 aluminiow\u0105, doskona\u0142a izolacja, trwa\u0142o\u015b\u0107, estetyka i bezpiecze\u0144stwo dla wymagaj\u0105cych.\" \/>\n<meta property=\"og:url\" content=\"https:\/\/bertrand.pl\/fr\/produit\/combisysteme-2\/\" \/>\n<meta property=\"og:site_name\" content=\"Bertrand. Najwy\u017cszej jako\u015bci okna i drzwi. Certyfikowany producent od 1969 roku.\" \/>\n<meta property=\"article:publisher\" content=\"https:\/\/www.facebook.com\/bertrandpolska\/\" \/>\n<meta property=\"article:modified_time\" content=\"2025-03-06T14:30:30+00:00\" \/>\n<meta property=\"og:image\" content=\"https:\/\/bertrand.pl\/wp-content\/uploads\/2023\/12\/kombisystem_alu_photo2.jpg\" \/>\n\t<meta property=\"og:image:width\" content=\"450\" \/>\n\t<meta property=\"og:image:height\" content=\"450\" \/>\n\t<meta property=\"og:image:type\" content=\"image\/jpeg\" \/>\n<meta name=\"twitter:card\" content=\"summary_large_image\" \/>\n<meta name=\"twitter:label1\" content=\"Dur\u00e9e de lecture estim\u00e9e\" \/>\n\t<meta name=\"twitter:data1\" content=\"2 minutes\" \/>\n<script type=\"application\/ld+json\" class=\"yoast-schema-graph\">{\"@context\":\"https:\/\/schema.org\",\"@graph\":[{\"@type\":\"WebPage\",\"@id\":\"https:\/\/bertrand.pl\/produkt\/kombisystem-2\/\",\"url\":\"https:\/\/bertrand.pl\/produkt\/kombisystem-2\/\",\"name\":\"KOMBISYSTEM ALU - Bertrand. Najwy\u017cszej jako\u015bci okna i drzwi. Certyfikowany producent od 1969 roku.\",\"isPartOf\":{\"@id\":\"https:\/\/bertrand.pl\/#website\"},\"primaryImageOfPage\":{\"@id\":\"https:\/\/bertrand.pl\/produkt\/kombisystem-2\/#primaryimage\"},\"image\":{\"@id\":\"https:\/\/bertrand.pl\/produkt\/kombisystem-2\/#primaryimage\"},\"thumbnailUrl\":\"https:\/\/bertrand.pl\/wp-content\/uploads\/2023\/12\/kombisystem_alu_photo2.jpg\",\"datePublished\":\"2023-12-12T11:45:32+00:00\",\"dateModified\":\"2025-03-06T14:30:30+00:00\",\"description\":\"KOMBISYSTEM ALU firmy BERTRAND \u2013 energooszcz\u0119dne okna z nak\u0142adk\u0105 aluminiow\u0105, doskona\u0142a izolacja, trwa\u0142o\u015b\u0107, estetyka i bezpiecze\u0144stwo dla wymagaj\u0105cych.\",\"breadcrumb\":{\"@id\":\"https:\/\/bertrand.pl\/produkt\/kombisystem-2\/#breadcrumb\"},\"inLanguage\":\"fr-FR\",\"potentialAction\":[{\"@type\":\"ReadAction\",\"target\":[\"https:\/\/bertrand.pl\/produkt\/kombisystem-2\/\"]}]},{\"@type\":\"ImageObject\",\"inLanguage\":\"fr-FR\",\"@id\":\"https:\/\/bertrand.pl\/produkt\/kombisystem-2\/#primaryimage\",\"url\":\"https:\/\/bertrand.pl\/wp-content\/uploads\/2023\/12\/kombisystem_alu_photo2.jpg\",\"contentUrl\":\"https:\/\/bertrand.pl\/wp-content\/uploads\/2023\/12\/kombisystem_alu_photo2.jpg\",\"width\":450,\"height\":450},{\"@type\":\"BreadcrumbList\",\"@id\":\"https:\/\/bertrand.pl\/produkt\/kombisystem-2\/#breadcrumb\",\"itemListElement\":[{\"@type\":\"ListItem\",\"position\":1,\"name\":\"Strona g\u0142\u00f3wna\",\"item\":\"https:\/\/bertrand.pl\/\"},{\"@type\":\"ListItem\",\"position\":2,\"name\":\"Produits\",\"item\":\"https:\/\/bertrand.pl\/fr\/shop\/\"},{\"@type\":\"ListItem\",\"position\":3,\"name\":\"KOMBISYSTEM ALU\"}]},{\"@type\":\"WebSite\",\"@id\":\"https:\/\/bertrand.pl\/#website\",\"url\":\"https:\/\/bertrand.pl\/\",\"name\":\"Bertrand.pl\",\"description\":\"Firma Bertrand to certyfikowany i uznany producent najwy\u017cszej jako\u015bci okien z PVC, z drewna lub aluminium. Produkcja drzwi, rolet i bram gara\u017cowych.\",\"publisher\":{\"@id\":\"https:\/\/bertrand.pl\/#organization\"},\"potentialAction\":[{\"@type\":\"SearchAction\",\"target\":{\"@type\":\"EntryPoint\",\"urlTemplate\":\"https:\/\/bertrand.pl\/?s={search_term_string}\"},\"query-input\":{\"@type\":\"PropertyValueSpecification\",\"valueRequired\":true,\"valueName\":\"search_term_string\"}}],\"inLanguage\":\"fr-FR\"},{\"@type\":\"Organization\",\"@id\":\"https:\/\/bertrand.pl\/#organization\",\"name\":\"Bertrand.pl\",\"url\":\"https:\/\/bertrand.pl\/\",\"logo\":{\"@type\":\"ImageObject\",\"inLanguage\":\"fr-FR\",\"@id\":\"https:\/\/bertrand.pl\/#\/schema\/logo\/image\/\",\"url\":\"https:\/\/bertrand.pl\/wp-content\/uploads\/2024\/12\/logo_BB_TM_PL_black.png\",\"contentUrl\":\"https:\/\/bertrand.pl\/wp-content\/uploads\/2024\/12\/logo_BB_TM_PL_black.png\",\"width\":1831,\"height\":1831,\"caption\":\"Bertrand.pl\"},\"image\":{\"@id\":\"https:\/\/bertrand.pl\/#\/schema\/logo\/image\/\"},\"sameAs\":[\"https:\/\/www.facebook.com\/bertrandpolska\/\",\"https:\/\/www.instagram.com\/bertrand_okna_i_drzwi\/\",\"https:\/\/www.linkedin.com\/company\/bertrand\/\",\"https:\/\/www.tiktok.com\/@bertrand_okna_drzwi\"]}]}<\/script>\n<!-- \/ Yoast SEO Premium plugin. -->","yoast_head_json":{"title":"KOMBISYSTEM ALU - Bertrand. Najwy\u017cszej jako\u015bci okna i drzwi. Certyfikowany producent od 1969 roku.","description":"KOMBISYSTEM ALU de BERTRAND - fen\u00eatres \u00e0 \u00e9conomie d&#039;\u00e9nergie avec rev\u00eatement en aluminium, excellente isolation, durabilit\u00e9, esth\u00e9tique et s\u00e9curit\u00e9 pour les clients exigeants.","robots":{"index":"index","follow":"follow","max-snippet":"max-snippet:-1","max-image-preview":"max-image-preview:large","max-video-preview":"max-video-preview:-1"},"canonical":"https:\/\/bertrand.pl\/fr\/produit\/combisysteme-2\/","og_locale":"fr_FR","og_type":"article","og_title":"KOMBISYSTEM ALU","og_description":"KOMBISYSTEM ALU firmy BERTRAND \u2013 energooszcz\u0119dne okna z nak\u0142adk\u0105 aluminiow\u0105, doskona\u0142a izolacja, trwa\u0142o\u015b\u0107, estetyka i bezpiecze\u0144stwo dla wymagaj\u0105cych.","og_url":"https:\/\/bertrand.pl\/fr\/produit\/combisysteme-2\/","og_site_name":"Bertrand. Najwy\u017cszej jako\u015bci okna i drzwi. Certyfikowany producent od 1969 roku.","article_publisher":"https:\/\/www.facebook.com\/bertrandpolska\/","article_modified_time":"2025-03-06T14:30:30+00:00","og_image":[{"width":450,"height":450,"url":"https:\/\/bertrand.pl\/wp-content\/uploads\/2023\/12\/kombisystem_alu_photo2.jpg","type":"image\/jpeg"}],"twitter_card":"summary_large_image","twitter_misc":{"Dur\u00e9e de lecture estim\u00e9e":"2 minutes"},"schema":{"@context":"https:\/\/schema.org","@graph":[{"@type":"WebPage","@id":"https:\/\/bertrand.pl\/produkt\/kombisystem-2\/","url":"https:\/\/bertrand.pl\/produkt\/kombisystem-2\/","name":"KOMBISYSTEM ALU - Bertrand. Najwy\u017cszej jako\u015bci okna i drzwi. Certyfikowany producent od 1969 roku.","isPartOf":{"@id":"https:\/\/bertrand.pl\/#website"},"primaryImageOfPage":{"@id":"https:\/\/bertrand.pl\/produkt\/kombisystem-2\/#primaryimage"},"image":{"@id":"https:\/\/bertrand.pl\/produkt\/kombisystem-2\/#primaryimage"},"thumbnailUrl":"https:\/\/bertrand.pl\/wp-content\/uploads\/2023\/12\/kombisystem_alu_photo2.jpg","datePublished":"2023-12-12T11:45:32+00:00","dateModified":"2025-03-06T14:30:30+00:00","description":"KOMBISYSTEM ALU de BERTRAND - fen\u00eatres \u00e0 \u00e9conomie d&#039;\u00e9nergie avec rev\u00eatement en aluminium, excellente isolation, durabilit\u00e9, esth\u00e9tique et s\u00e9curit\u00e9 pour les clients exigeants.","breadcrumb":{"@id":"https:\/\/bertrand.pl\/produkt\/kombisystem-2\/#breadcrumb"},"inLanguage":"fr-FR","potentialAction":[{"@type":"ReadAction","target":["https:\/\/bertrand.pl\/produkt\/kombisystem-2\/"]}]},{"@type":"ImageObject","inLanguage":"fr-FR","@id":"https:\/\/bertrand.pl\/produkt\/kombisystem-2\/#primaryimage","url":"https:\/\/bertrand.pl\/wp-content\/uploads\/2023\/12\/kombisystem_alu_photo2.jpg","contentUrl":"https:\/\/bertrand.pl\/wp-content\/uploads\/2023\/12\/kombisystem_alu_photo2.jpg","width":450,"height":450},{"@type":"BreadcrumbList","@id":"https:\/\/bertrand.pl\/produkt\/kombisystem-2\/#breadcrumb","itemListElement":[{"@type":"ListItem","position":1,"name":"Strona g\u0142\u00f3wna","item":"https:\/\/bertrand.pl\/"},{"@type":"ListItem","position":2,"name":"Produits","item":"https:\/\/bertrand.pl\/fr\/shop\/"},{"@type":"ListItem","position":3,"name":"KOMBISYSTEM ALU"}]},{"@type":"WebSite","@id":"https:\/\/bertrand.pl\/#website","url":"https:\/\/bertrand.pl\/","name":"Bertrand.pl","description":"Firma Bertrand to certyfikowany i uznany producent najwy\u017cszej jako\u015bci okien z PVC, z drewna lub aluminium. Produkcja drzwi, rolet i bram gara\u017cowych.","publisher":{"@id":"https:\/\/bertrand.pl\/#organization"},"potentialAction":[{"@type":"SearchAction","target":{"@type":"EntryPoint","urlTemplate":"https:\/\/bertrand.pl\/?s={search_term_string}"},"query-input":{"@type":"PropertyValueSpecification","valueRequired":true,"valueName":"search_term_string"}}],"inLanguage":"fr-FR"},{"@type":"Organization","@id":"https:\/\/bertrand.pl\/#organization","name":"Bertrand.pl","url":"https:\/\/bertrand.pl\/","logo":{"@type":"ImageObject","inLanguage":"fr-FR","@id":"https:\/\/bertrand.pl\/#\/schema\/logo\/image\/","url":"https:\/\/bertrand.pl\/wp-content\/uploads\/2024\/12\/logo_BB_TM_PL_black.png","contentUrl":"https:\/\/bertrand.pl\/wp-content\/uploads\/2024\/12\/logo_BB_TM_PL_black.png","width":1831,"height":1831,"caption":"Bertrand.pl"},"image":{"@id":"https:\/\/bertrand.pl\/#\/schema\/logo\/image\/"},"sameAs":["https:\/\/www.facebook.com\/bertrandpolska\/","https:\/\/www.instagram.com\/bertrand_okna_i_drzwi\/","https:\/\/www.linkedin.com\/company\/bertrand\/","https:\/\/www.tiktok.com\/@bertrand_okna_drzwi"]}]}},"_links":{"self":[{"href":"https:\/\/bertrand.pl\/fr\/wp-json\/wp\/v2\/product\/825","targetHints":{"allow":["GET"]}}],"collection":[{"href":"https:\/\/bertrand.pl\/fr\/wp-json\/wp\/v2\/product"}],"about":[{"href":"https:\/\/bertrand.pl\/fr\/wp-json\/wp\/v2\/types\/product"}],"wp:featuredmedia":[{"embeddable":true,"href":"https:\/\/bertrand.pl\/fr\/wp-json\/wp\/v2\/media\/844"}],"wp:attachment":[{"href":"https:\/\/bertrand.pl\/fr\/wp-json\/wp\/v2\/media?parent=825"}],"wp:term":[{"taxonomy":"product_brand","embeddable":true,"href":"https:\/\/bertrand.pl\/fr\/wp-json\/wp\/v2\/product_brand?post=825"},{"taxonomy":"product_cat","embeddable":true,"href":"https:\/\/bertrand.pl\/fr\/wp-json\/wp\/v2\/product_cat?post=825"},{"taxonomy":"product_tag","embeddable":true,"href":"https:\/\/bertrand.pl\/fr\/wp-json\/wp\/v2\/product_tag?post=825"}],"curies":[{"name":"wp","href":"https:\/\/api.w.org\/{rel}","templated":true}]}}