{"id":830,"date":"2023-12-12T12:55:34","date_gmt":"2023-12-12T11:55:34","guid":{"rendered":"https:\/\/bertrand.pl\/?post_type=product&#038;p=830"},"modified":"2025-03-06T15:29:51","modified_gmt":"2025-03-06T14:29:51","slug":"strongline","status":"publish","type":"product","link":"https:\/\/bertrand.pl\/fr\/produkt\/strongline\/","title":{"rendered":"STRONGLINE"},"content":{"rendered":"<p>les fen\u00eatres <strong>STRONGLINE<\/strong> est une ligne de produits innovante qui combine harmonieusement les qualit\u00e9s naturelles du bois avec des solutions technologiques modernes. Gr\u00e2ce \u00e0 cela, ces fen\u00eatres sont non seulement esth\u00e9tiques, mais aussi extr\u00eamement fonctionnelles.<\/p>\n<p>&nbsp;<\/p>\n<h4>Conception unique pour une stabilit\u00e9 sup\u00e9rieure<\/h4>\n<p>&nbsp;<\/p>\n<p>La profondeur du cadre et de l&#039;ouvrant de 92 mm fait de STRONGLINE le profil\u00e9 le plus stable et le plus durable disponible sur le march\u00e9. Le coefficient de transfert thermique garantit une excellente isolation thermique, gr\u00e2ce \u00e0 laquelle votre maison sera chaude m\u00eame pendant les hivers les plus rigoureux.<\/p>\n<p>La structure poreuse du bois et le syst\u00e8me de rainures structurelles offrent non seulement une protection contre la pluie, le vent et le bruit, mais \u00e9galement une barri\u00e8re efficace contre la pollution. En m\u00eame temps, ces fen\u00eatres permettent une ventilation optimale, ce qui se traduit par un microclimat sain \u00e0 l&#039;int\u00e9rieur des pi\u00e8ces.<\/p>\n<p>&nbsp;<\/p>\n<h4>Solidit\u00e9 et \u00e9l\u00e9gance en un<\/h4>\n<p>&nbsp;<\/p>\n<p>L&#039;aspect massif et caract\u00e9ristique des fen\u00eatres a \u00e9t\u00e9 subtilement adouci par des bords arrondis et des d\u00e9coupes d\u00e9coratives. Gr\u00e2ce \u00e0 cela, les fen\u00eatres sont \u00e9l\u00e9gantes et harmonieuses dans n&#039;importe quel int\u00e9rieur. Le bois naturel leur conf\u00e8re une chaleur et un caract\u00e8re unique, parfaits pour les agencements classiques et modernes.<\/p>\n<p>&nbsp;<\/p>\n<h4>Possibilit\u00e9 de personnalisation<\/h4>\n<p>&nbsp;<\/p>\n<p>Les fen\u00eatres peuvent \u00eatre \u00e9quip\u00e9es de solutions suppl\u00e9mentaires qui augmentent leur absorption thermique, leur insonorisation et leur r\u00e9sistance \u00e0 l&#039;effraction. Des options de personnalisation sont \u00e9galement disponibles, qui vous permettent d&#039;ajuster l&#039;apparence des fen\u00eatres \u00e0 vos besoins individuels.<\/p>\n<h4><\/h4>\n<h4>Choisissez STRONGLINE<\/h4>\n<p>&nbsp;<\/p>\n<p>STRONGLINE sont des fen\u00eatres destin\u00e9es aux personnes qui recherchent des solutions fiables, durables et esth\u00e9tiques. En investissant dans cette gamme, vous optez pour la qualit\u00e9, l&#039;efficacit\u00e9 \u00e9nerg\u00e9tique et le style. C&#039;est une combinaison parfaite entre la tradition du bois et la technologie moderne.<\/p>\n<p>&nbsp;<\/p>\n<p><em>Bertrand utilise les vernis \u00e0 bois les plus avanc\u00e9s. Notre vernis AQUATOP, que nous utilisons en standard, prot\u00e8ge les surfaces des intemp\u00e9ries et leur assure une protection lisse et durable.<\/em><\/p>\n<p><em>AQUATOP se caract\u00e9rise par une excellente r\u00e9sistance \u00e0 l\u2019humidit\u00e9. Il prot\u00e8ge les surfaces de l\u2019eau, de la pluie et de l\u2019humidit\u00e9, \u00e9vitant ainsi les probl\u00e8mes tels que la pourriture, la moisissure et les dommages au fil du temps. Offre une r\u00e9sistance fiable toute l\u2019ann\u00e9e, quel que soit le climat.\u00a0<\/em><\/p>\n<p><em>Gr\u00e2ce \u00e0 des vernis avanc\u00e9s et innovants et \u00e0 un processus de production soign\u00e9, hybride entre le meulage automatis\u00e9 des surfaces planes et le meulage manuel des surfaces difficiles d&#039;acc\u00e8s, comme la surface int\u00e9rieure du cadre, nos fen\u00eatres en bois ont une finition lisse et impeccable. .<\/em><\/p>\n<p><em>Les fen\u00eatres en bois Bertrand sont parfaites pour les climats chauds gr\u00e2ce \u00e0 l&#039;utilisation de vernis aux pigments froids.<\/em><\/p>\n<p>&nbsp;<\/p>\n<h4><strong><a href=\"https:\/\/bertrand.pl\/fr\/couleur\/\">Couleurs des fen\u00eatres et des portes<\/a><\/strong><\/h4>","protected":false},"excerpt":{"rendered":"<p><strong>UN SYST\u00c8ME MODERNE EN BOIS<\/strong><\/p>\n<p><strong>Fen\u00eatre Strongline<\/strong> est une ligne de fen\u00eatres extr\u00eamement innovante, combinant non seulement la beaut\u00e9 naturelle du bois, mais aussi d&#039;excellents param\u00e8tres techniques. Avec une profondeur de dormant et d&#039;ouvrant de<strong> 92mm<\/strong> et faible coefficient de transfert thermique au niveau <strong>1,0 \u2013 1,2 W\/m2K<\/strong>, ces fen\u00eatres constituent un excellent choix pour les personnes recherchant stabilit\u00e9 et efficacit\u00e9 \u00e9nerg\u00e9tique dans leur maison. Gr\u00e2ce \u00e0 Strongline, vous pourrez profiter non seulement de l\u2019esth\u00e9tique du bois, mais aussi du confort et des \u00e9conomies d\u2019\u00e9nergie.<\/p>","protected":false},"featured_media":831,"template":"","meta":{"site-sidebar-layout":"default","site-content-layout":"","ast-site-content-layout":"default","site-content-style":"default","site-sidebar-style":"default","ast-global-header-display":"","ast-banner-title-visibility":"","ast-main-header-display":"","ast-hfb-above-header-display":"","ast-hfb-below-header-display":"","ast-hfb-mobile-header-display":"","site-post-title":"","ast-breadcrumbs-content":"","ast-featured-img":"","footer-sml-layout":"","ast-disable-related-posts":"","theme-transparent-header-meta":"default","adv-header-id-meta":"","stick-header-meta":"","header-above-stick-meta":"","header-main-stick-meta":"","header-below-stick-meta":"","astra-migrate-meta-layouts":"set","ast-page-background-enabled":"default","ast-page-background-meta":{"desktop":{"background-color":"var(--ast-global-color-4)","background-image":"","background-repeat":"repeat","background-position":"center center","background-size":"auto","background-attachment":"scroll","background-type":"","background-media":"","overlay-type":"","overlay-color":"","overlay-opacity":"","overlay-gradient":""},"tablet":{"background-color":"","background-image":"","background-repeat":"repeat","background-position":"center center","background-size":"auto","background-attachment":"scroll","background-type":"","background-media":"","overlay-type":"","overlay-color":"","overlay-opacity":"","overlay-gradient":""},"mobile":{"background-color":"","background-image":"","background-repeat":"repeat","background-position":"center center","background-size":"auto","background-attachment":"scroll","background-type":"","background-media":"","overlay-type":"","overlay-color":"","overlay-opacity":"","overlay-gradient":""}},"ast-content-background-meta":{"desktop":{"background-color":"var(--ast-global-color-5)","background-image":"","background-repeat":"repeat","background-position":"center center","background-size":"auto","background-attachment":"scroll","background-type":"","background-media":"","overlay-type":"","overlay-color":"","overlay-opacity":"","overlay-gradient":""},"tablet":{"background-color":"var(--ast-global-color-5)","background-image":"","background-repeat":"repeat","background-position":"center center","background-size":"auto","background-attachment":"scroll","background-type":"","background-media":"","overlay-type":"","overlay-color":"","overlay-opacity":"","overlay-gradient":""},"mobile":{"background-color":"var(--ast-global-color-5)","background-image":"","background-repeat":"repeat","background-position":"center center","background-size":"auto","background-attachment":"scroll","background-type":"","background-media":"","overlay-type":"","overlay-color":"","overlay-opacity":"","overlay-gradient":""}}},"product_brand":[],"product_cat":[26],"product_tag":[168,326,367,368,339,311,352,414,462,463,354,344,346,408,407,466,370,389,398,361,366,465,174,387,323,350,363,324,351,362,461,464,348],"class_list":{"0":"post-830","1":"product","2":"type-product","3":"status-publish","4":"has-post-thumbnail","6":"product_cat-okna-drewniane","7":"product_tag-bertrand","8":"product_tag-budowa-domu","9":"product_tag-budownictwo","10":"product_tag-budownictwo-pasywne","11":"product_tag-design","12":"product_tag-dobre-wlasciwosci-termiczne","13":"product_tag-dobreokna","14":"product_tag-doskonala-izolacja-termiczna","15":"product_tag-drewniane-okna","16":"product_tag-drewniane-okno","17":"product_tag-drewno","18":"product_tag-duze-okna","19":"product_tag-duze-przestrzenie","20":"product_tag-duze-przeszklenia","21":"product_tag-duzo-swiatla","22":"product_tag-frezy","23":"product_tag-idealne-okna-do-domu","24":"product_tag-izolacja-akustyczna","25":"product_tag-izolacja-cieplna","26":"product_tag-jakosc","27":"product_tag-komfort","28":"product_tag-krawedzie","29":"product_tag-okna","30":"product_tag-okna-drewniane","31":"product_tag-okna-z-polski","32":"product_tag-oknabertrand","33":"product_tag-oknazpolski","34":"product_tag-okno-dla-domu","35":"product_tag-oknobertrand","36":"product_tag-quality","37":"product_tag-softline","38":"product_tag-strongline","39":"product_tag-windows","40":"desktop-align-left","41":"tablet-align-left","42":"mobile-align-left","44":"first","45":"instock","46":"shipping-taxable","47":"product-type-simple"},"yoast_head":"<!-- This site is optimized with the Yoast SEO Premium plugin v27.2 (Yoast SEO v27.2) - https:\/\/yoast.com\/product\/yoast-seo-premium-wordpress\/ -->\n<title>STRONGLINE - Bertrand. Najwy\u017cszej jako\u015bci okna i drzwi. Certyfikowany producent od 1969 roku.<\/title>\n<meta name=\"description\" content=\"Okna STRONGLINE \u2013 drewno i nowoczesno\u015b\u0107 w jednym. Stabilno\u015b\u0107, energooszcz\u0119dno\u015b\u0107 i elegancja. Idealna izolacja termiczna i akustyczna dla Twojego domu.\" \/>\n<meta name=\"robots\" content=\"index, follow, max-snippet:-1, max-image-preview:large, max-video-preview:-1\" \/>\n<link rel=\"canonical\" href=\"https:\/\/bertrand.pl\/fr\/produit\/strongline\/\" \/>\n<meta property=\"og:locale\" content=\"fr_FR\" \/>\n<meta property=\"og:type\" content=\"article\" \/>\n<meta property=\"og:title\" content=\"STRONGLINE\" \/>\n<meta property=\"og:description\" content=\"Okna STRONGLINE \u2013 drewno i nowoczesno\u015b\u0107 w jednym. Stabilno\u015b\u0107, energooszcz\u0119dno\u015b\u0107 i elegancja. Idealna izolacja termiczna i akustyczna dla Twojego domu.\" \/>\n<meta property=\"og:url\" content=\"https:\/\/bertrand.pl\/fr\/produit\/strongline\/\" \/>\n<meta property=\"og:site_name\" content=\"Bertrand. Najwy\u017cszej jako\u015bci okna i drzwi. Certyfikowany producent od 1969 roku.\" \/>\n<meta property=\"article:publisher\" content=\"https:\/\/www.facebook.com\/bertrandpolska\/\" \/>\n<meta property=\"article:modified_time\" content=\"2025-03-06T14:29:51+00:00\" \/>\n<meta property=\"og:image\" content=\"https:\/\/bertrand.pl\/wp-content\/uploads\/2023\/12\/strongline_big.jpg\" \/>\n\t<meta property=\"og:image:width\" content=\"750\" \/>\n\t<meta property=\"og:image:height\" content=\"750\" \/>\n\t<meta property=\"og:image:type\" content=\"image\/jpeg\" \/>\n<meta name=\"twitter:card\" content=\"summary_large_image\" \/>\n<meta name=\"twitter:label1\" content=\"Dur\u00e9e de lecture estim\u00e9e\" \/>\n\t<meta name=\"twitter:data1\" content=\"3 minutes\" \/>\n<script type=\"application\/ld+json\" class=\"yoast-schema-graph\">{\"@context\":\"https:\/\/schema.org\",\"@graph\":[{\"@type\":\"WebPage\",\"@id\":\"https:\/\/bertrand.pl\/produkt\/strongline\/\",\"url\":\"https:\/\/bertrand.pl\/produkt\/strongline\/\",\"name\":\"STRONGLINE - Bertrand. Najwy\u017cszej jako\u015bci okna i drzwi. Certyfikowany producent od 1969 roku.\",\"isPartOf\":{\"@id\":\"https:\/\/bertrand.pl\/#website\"},\"primaryImageOfPage\":{\"@id\":\"https:\/\/bertrand.pl\/produkt\/strongline\/#primaryimage\"},\"image\":{\"@id\":\"https:\/\/bertrand.pl\/produkt\/strongline\/#primaryimage\"},\"thumbnailUrl\":\"https:\/\/bertrand.pl\/wp-content\/uploads\/2023\/12\/strongline_big.jpg\",\"datePublished\":\"2023-12-12T11:55:34+00:00\",\"dateModified\":\"2025-03-06T14:29:51+00:00\",\"description\":\"Okna STRONGLINE \u2013 drewno i nowoczesno\u015b\u0107 w jednym. Stabilno\u015b\u0107, energooszcz\u0119dno\u015b\u0107 i elegancja. Idealna izolacja termiczna i akustyczna dla Twojego domu.\",\"breadcrumb\":{\"@id\":\"https:\/\/bertrand.pl\/produkt\/strongline\/#breadcrumb\"},\"inLanguage\":\"fr-FR\",\"potentialAction\":[{\"@type\":\"ReadAction\",\"target\":[\"https:\/\/bertrand.pl\/produkt\/strongline\/\"]}]},{\"@type\":\"ImageObject\",\"inLanguage\":\"fr-FR\",\"@id\":\"https:\/\/bertrand.pl\/produkt\/strongline\/#primaryimage\",\"url\":\"https:\/\/bertrand.pl\/wp-content\/uploads\/2023\/12\/strongline_big.jpg\",\"contentUrl\":\"https:\/\/bertrand.pl\/wp-content\/uploads\/2023\/12\/strongline_big.jpg\",\"width\":750,\"height\":750},{\"@type\":\"BreadcrumbList\",\"@id\":\"https:\/\/bertrand.pl\/produkt\/strongline\/#breadcrumb\",\"itemListElement\":[{\"@type\":\"ListItem\",\"position\":1,\"name\":\"Strona g\u0142\u00f3wna\",\"item\":\"https:\/\/bertrand.pl\/\"},{\"@type\":\"ListItem\",\"position\":2,\"name\":\"Produits\",\"item\":\"https:\/\/bertrand.pl\/fr\/shop\/\"},{\"@type\":\"ListItem\",\"position\":3,\"name\":\"STRONGLINE\"}]},{\"@type\":\"WebSite\",\"@id\":\"https:\/\/bertrand.pl\/#website\",\"url\":\"https:\/\/bertrand.pl\/\",\"name\":\"Bertrand.pl\",\"description\":\"Firma Bertrand to certyfikowany i uznany producent najwy\u017cszej jako\u015bci okien z PVC, z drewna lub aluminium. Produkcja drzwi, rolet i bram gara\u017cowych.\",\"publisher\":{\"@id\":\"https:\/\/bertrand.pl\/#organization\"},\"potentialAction\":[{\"@type\":\"SearchAction\",\"target\":{\"@type\":\"EntryPoint\",\"urlTemplate\":\"https:\/\/bertrand.pl\/?s={search_term_string}\"},\"query-input\":{\"@type\":\"PropertyValueSpecification\",\"valueRequired\":true,\"valueName\":\"search_term_string\"}}],\"inLanguage\":\"fr-FR\"},{\"@type\":\"Organization\",\"@id\":\"https:\/\/bertrand.pl\/#organization\",\"name\":\"Bertrand.pl\",\"url\":\"https:\/\/bertrand.pl\/\",\"logo\":{\"@type\":\"ImageObject\",\"inLanguage\":\"fr-FR\",\"@id\":\"https:\/\/bertrand.pl\/#\/schema\/logo\/image\/\",\"url\":\"https:\/\/bertrand.pl\/wp-content\/uploads\/2024\/12\/logo_BB_TM_PL_black.png\",\"contentUrl\":\"https:\/\/bertrand.pl\/wp-content\/uploads\/2024\/12\/logo_BB_TM_PL_black.png\",\"width\":1831,\"height\":1831,\"caption\":\"Bertrand.pl\"},\"image\":{\"@id\":\"https:\/\/bertrand.pl\/#\/schema\/logo\/image\/\"},\"sameAs\":[\"https:\/\/www.facebook.com\/bertrandpolska\/\",\"https:\/\/www.instagram.com\/bertrand_okna_i_drzwi\/\",\"https:\/\/www.linkedin.com\/company\/bertrand\/\",\"https:\/\/www.tiktok.com\/@bertrand_okna_drzwi\"]}]}<\/script>\n<!-- \/ Yoast SEO Premium plugin. -->","yoast_head_json":{"title":"STRONGLINE - Bertrand. Najwy\u017cszej jako\u015bci okna i drzwi. Certyfikowany producent od 1969 roku.","description":"Fen\u00eatres STRONGLINE \u2013 bois et modernit\u00e9 en un. Stabilit\u00e9, efficacit\u00e9 \u00e9nerg\u00e9tique et \u00e9l\u00e9gance. Isolation thermique et acoustique parfaite pour votre maison.","robots":{"index":"index","follow":"follow","max-snippet":"max-snippet:-1","max-image-preview":"max-image-preview:large","max-video-preview":"max-video-preview:-1"},"canonical":"https:\/\/bertrand.pl\/fr\/produit\/strongline\/","og_locale":"fr_FR","og_type":"article","og_title":"STRONGLINE","og_description":"Okna STRONGLINE \u2013 drewno i nowoczesno\u015b\u0107 w jednym. Stabilno\u015b\u0107, energooszcz\u0119dno\u015b\u0107 i elegancja. Idealna izolacja termiczna i akustyczna dla Twojego domu.","og_url":"https:\/\/bertrand.pl\/fr\/produit\/strongline\/","og_site_name":"Bertrand. Najwy\u017cszej jako\u015bci okna i drzwi. Certyfikowany producent od 1969 roku.","article_publisher":"https:\/\/www.facebook.com\/bertrandpolska\/","article_modified_time":"2025-03-06T14:29:51+00:00","og_image":[{"width":750,"height":750,"url":"https:\/\/bertrand.pl\/wp-content\/uploads\/2023\/12\/strongline_big.jpg","type":"image\/jpeg"}],"twitter_card":"summary_large_image","twitter_misc":{"Dur\u00e9e de lecture estim\u00e9e":"3 minutes"},"schema":{"@context":"https:\/\/schema.org","@graph":[{"@type":"WebPage","@id":"https:\/\/bertrand.pl\/produkt\/strongline\/","url":"https:\/\/bertrand.pl\/produkt\/strongline\/","name":"STRONGLINE - Bertrand. Najwy\u017cszej jako\u015bci okna i drzwi. Certyfikowany producent od 1969 roku.","isPartOf":{"@id":"https:\/\/bertrand.pl\/#website"},"primaryImageOfPage":{"@id":"https:\/\/bertrand.pl\/produkt\/strongline\/#primaryimage"},"image":{"@id":"https:\/\/bertrand.pl\/produkt\/strongline\/#primaryimage"},"thumbnailUrl":"https:\/\/bertrand.pl\/wp-content\/uploads\/2023\/12\/strongline_big.jpg","datePublished":"2023-12-12T11:55:34+00:00","dateModified":"2025-03-06T14:29:51+00:00","description":"Fen\u00eatres STRONGLINE \u2013 bois et modernit\u00e9 en un. Stabilit\u00e9, efficacit\u00e9 \u00e9nerg\u00e9tique et \u00e9l\u00e9gance. Isolation thermique et acoustique parfaite pour votre maison.","breadcrumb":{"@id":"https:\/\/bertrand.pl\/produkt\/strongline\/#breadcrumb"},"inLanguage":"fr-FR","potentialAction":[{"@type":"ReadAction","target":["https:\/\/bertrand.pl\/produkt\/strongline\/"]}]},{"@type":"ImageObject","inLanguage":"fr-FR","@id":"https:\/\/bertrand.pl\/produkt\/strongline\/#primaryimage","url":"https:\/\/bertrand.pl\/wp-content\/uploads\/2023\/12\/strongline_big.jpg","contentUrl":"https:\/\/bertrand.pl\/wp-content\/uploads\/2023\/12\/strongline_big.jpg","width":750,"height":750},{"@type":"BreadcrumbList","@id":"https:\/\/bertrand.pl\/produkt\/strongline\/#breadcrumb","itemListElement":[{"@type":"ListItem","position":1,"name":"Strona g\u0142\u00f3wna","item":"https:\/\/bertrand.pl\/"},{"@type":"ListItem","position":2,"name":"Produits","item":"https:\/\/bertrand.pl\/fr\/shop\/"},{"@type":"ListItem","position":3,"name":"STRONGLINE"}]},{"@type":"WebSite","@id":"https:\/\/bertrand.pl\/#website","url":"https:\/\/bertrand.pl\/","name":"Bertrand.pl","description":"Firma Bertrand to certyfikowany i uznany producent najwy\u017cszej jako\u015bci okien z PVC, z drewna lub aluminium. Produkcja drzwi, rolet i bram gara\u017cowych.","publisher":{"@id":"https:\/\/bertrand.pl\/#organization"},"potentialAction":[{"@type":"SearchAction","target":{"@type":"EntryPoint","urlTemplate":"https:\/\/bertrand.pl\/?s={search_term_string}"},"query-input":{"@type":"PropertyValueSpecification","valueRequired":true,"valueName":"search_term_string"}}],"inLanguage":"fr-FR"},{"@type":"Organization","@id":"https:\/\/bertrand.pl\/#organization","name":"Bertrand.pl","url":"https:\/\/bertrand.pl\/","logo":{"@type":"ImageObject","inLanguage":"fr-FR","@id":"https:\/\/bertrand.pl\/#\/schema\/logo\/image\/","url":"https:\/\/bertrand.pl\/wp-content\/uploads\/2024\/12\/logo_BB_TM_PL_black.png","contentUrl":"https:\/\/bertrand.pl\/wp-content\/uploads\/2024\/12\/logo_BB_TM_PL_black.png","width":1831,"height":1831,"caption":"Bertrand.pl"},"image":{"@id":"https:\/\/bertrand.pl\/#\/schema\/logo\/image\/"},"sameAs":["https:\/\/www.facebook.com\/bertrandpolska\/","https:\/\/www.instagram.com\/bertrand_okna_i_drzwi\/","https:\/\/www.linkedin.com\/company\/bertrand\/","https:\/\/www.tiktok.com\/@bertrand_okna_drzwi"]}]}},"_links":{"self":[{"href":"https:\/\/bertrand.pl\/fr\/wp-json\/wp\/v2\/product\/830","targetHints":{"allow":["GET"]}}],"collection":[{"href":"https:\/\/bertrand.pl\/fr\/wp-json\/wp\/v2\/product"}],"about":[{"href":"https:\/\/bertrand.pl\/fr\/wp-json\/wp\/v2\/types\/product"}],"wp:featuredmedia":[{"embeddable":true,"href":"https:\/\/bertrand.pl\/fr\/wp-json\/wp\/v2\/media\/831"}],"wp:attachment":[{"href":"https:\/\/bertrand.pl\/fr\/wp-json\/wp\/v2\/media?parent=830"}],"wp:term":[{"taxonomy":"product_brand","embeddable":true,"href":"https:\/\/bertrand.pl\/fr\/wp-json\/wp\/v2\/product_brand?post=830"},{"taxonomy":"product_cat","embeddable":true,"href":"https:\/\/bertrand.pl\/fr\/wp-json\/wp\/v2\/product_cat?post=830"},{"taxonomy":"product_tag","embeddable":true,"href":"https:\/\/bertrand.pl\/fr\/wp-json\/wp\/v2\/product_tag?post=830"}],"curies":[{"name":"wp","href":"https:\/\/api.w.org\/{rel}","templated":true}]}}