{"id":836,"date":"2023-12-12T13:24:05","date_gmt":"2023-12-12T12:24:05","guid":{"rendered":"https:\/\/bertrand.pl\/?post_type=product&#038;p=836"},"modified":"2025-03-06T15:29:36","modified_gmt":"2025-03-06T14:29:36","slug":"softline","status":"publish","type":"product","link":"https:\/\/bertrand.pl\/fr\/produkt\/softline\/","title":{"rendered":"SOFTLINE"},"content":{"rendered":"<p>Softline est un syst\u00e8me de fen\u00eatre qui se distingue par des propri\u00e9t\u00e9s d&#039;isolation thermique et une durabilit\u00e9 exceptionnelles. Sans aucun doute, gr\u00e2ce \u00e0 des mat\u00e9riaux soigneusement s\u00e9lectionn\u00e9s et \u00e0 des solutions technologiques modernes, ces fen\u00eatres allient parfaitement fonctionnalit\u00e9 et esth\u00e9tique, garantissant confort et efficacit\u00e9 \u00e9nerg\u00e9tique.<\/p>\n<p>&nbsp;<\/p>\n<h4>Isolation thermique avanc\u00e9e<\/h4>\n<p>&nbsp;<\/p>\n<p>L\u2019excellente isolation thermique des fen\u00eatres Softline r\u00e9sulte bien entendu d\u2019une conception bien pens\u00e9e, qui comprend :<\/p>\n<ul>\n<li><strong>Structure poreuse et fibreuse du bois<\/strong>, retenant naturellement la chaleur.<\/li>\n<li><strong>Profil\u00e9 de fen\u00eatre d&#039;une \u00e9paisseur de 68 mm ou 78 mm XL<\/strong>, assurant une protection thermique optimale.<\/li>\n<li><strong>Syst\u00e8me d&#039;encoche structurelle<\/strong> et <strong>joint profil\u00e9<\/strong>, plac\u00e9 entre le vantail et le cadre, ce qui garantit l&#039;\u00e9tanch\u00e9it\u00e9 et la r\u00e9sistance aux intemp\u00e9ries.<\/li>\n<\/ul>\n<p>Gr\u00e2ce \u00e0 ces solutions, l&#039;int\u00e9rieur de la maison est efficacement prot\u00e9g\u00e9 contre le vent, la pluie, le bruit et la pollution, tout en assurant une ventilation ad\u00e9quate.<\/p>\n<p>&nbsp;<\/p>\n<h4>R\u00e9sistance et stabilit\u00e9 du bois<\/h4>\n<p>&nbsp;<\/p>\n<p>Les profil\u00e9s de fen\u00eatre Softline sont constitu\u00e9s de <strong>Carrelage coll\u00e9 3 ou 4 couches<\/strong>. Il s\u2019agit d\u2019une technologie avanc\u00e9e qui \u00e9limine les d\u00e9fauts naturels du bois, comme la d\u00e9formation due \u00e0 l\u2019humidit\u00e9. Le processus de production comprend donc\u00a0:<\/p>\n<ul>\n<li><strong>S\u00e9chage du bois<\/strong> \u2013 adapt\u00e9 \u00e0 la sp\u00e9cificit\u00e9 d\u2019une esp\u00e8ce donn\u00e9e, ce qui assure sa stabilit\u00e9.<\/li>\n<li><strong>Impr\u00e9gnation antifongique et antimoisissure<\/strong>, ce qui augmente la durabilit\u00e9 des profil\u00e9s.<\/li>\n<li>Collage des planches de mani\u00e8re \u00e0 \u00e9liminer les contraintes internes, ce qui permet aux profil\u00e9s de conserver une forme droite m\u00eame dans des conditions changeantes.<\/li>\n<\/ul>\n<p>&nbsp;<\/p>\n<h4>Personnalisation et esth\u00e9tique<\/h4>\n<p>&nbsp;<\/p>\n<p>Softline propose \u00e9galement de nombreuses options de personnalisation. De plus, les fen\u00eatres peuvent \u00eatre enrichies d&#039;\u00e9l\u00e9ments d\u00e9coratifs suppl\u00e9mentaires, tels que :<\/p>\n<ul>\n<li>Divisions et arcs.<\/li>\n<li>Vitraux et \u00e9l\u00e9ments sculpt\u00e9s.<\/li>\n<li>Poign\u00e9es de porte de diff\u00e9rentes formes et couleurs.<\/li>\n<\/ul>\n<p>Gr\u00e2ce \u00e0 ces options, Softline allie le charme naturel du bois avec un design moderne, s&#039;adaptant \u00e0 tout style d&#039;int\u00e9rieur.<\/p>\n<p>&nbsp;<\/p>\n<h4>Choisissez Softline \u2013 confort et style<\/h4>\n<p>&nbsp;<\/p>\n<p>En r\u00e9sum\u00e9, en choisissant le syst\u00e8me Softline, vous b\u00e9n\u00e9ficiez d&#039;une solution durable, \u00e9conome en \u00e9nergie et esth\u00e9tique qui vous apportera confort et beaut\u00e9 pendant de nombreuses ann\u00e9es. C&#039;est le bois naturel, ainsi que la technologie de pointe et la possibilit\u00e9 de personnalisation qui font de ces fen\u00eatres le choix parfait pour votre maison.<\/p>\n<p>&nbsp;<\/p>\n<p><img fetchpriority=\"high\" decoding=\"async\" class=\"alignnone wp-image-840 size-full\" src=\"https:\/\/bertrand.pl\/wp-content\/uploads\/2023\/12\/softline_photo1.jpg\" alt=\"\" width=\"649\" height=\"500\" srcset=\"https:\/\/bertrand.pl\/wp-content\/uploads\/2023\/12\/softline_photo1.jpg 649w, https:\/\/bertrand.pl\/wp-content\/uploads\/2023\/12\/softline_photo1-420x324.jpg 420w, https:\/\/bertrand.pl\/wp-content\/uploads\/2023\/12\/softline_photo1-600x462.jpg 600w\" sizes=\"(max-width: 649px) 100vw, 649px\" \/><\/p>\n<p>&nbsp;<\/p>\n<p><em>Bertrand utilise les vernis \u00e0 bois les plus avanc\u00e9s. Notre vernis AQUATOP, que nous utilisons en standard, prot\u00e8ge les surfaces des intemp\u00e9ries et leur assure une protection lisse et durable.<\/em><\/p>\n<p><em>AQUATOP se caract\u00e9rise par une excellente r\u00e9sistance \u00e0 l\u2019humidit\u00e9. Il prot\u00e8ge les surfaces de l\u2019eau, de la pluie et de l\u2019humidit\u00e9, \u00e9vitant ainsi les probl\u00e8mes tels que la pourriture, la moisissure et les dommages au fil du temps. Offre une r\u00e9sistance fiable toute l\u2019ann\u00e9e, quel que soit le climat.\u00a0<\/em><\/p>\n<p><em>Gr\u00e2ce \u00e0 des vernis avanc\u00e9s et innovants et \u00e0 un processus de production soign\u00e9, hybride entre le meulage automatis\u00e9 des surfaces planes et le meulage manuel des surfaces difficiles d&#039;acc\u00e8s, comme la surface int\u00e9rieure du cadre, nos fen\u00eatres en bois ont une finition lisse et impeccable. .<\/em><\/p>\n<p><em>Les fen\u00eatres en bois Bertrand sont parfaites pour les climats chauds gr\u00e2ce \u00e0 l&#039;utilisation de vernis aux pigments froids.<\/em><\/p>\n<p>&nbsp;<\/p>\n<h4><strong><a href=\"https:\/\/bertrand.pl\/fr\/couleur\/\">Couleurs des fen\u00eatres et des portes<\/a><\/strong><\/h4>","protected":false},"excerpt":{"rendered":"<p><strong>SYST\u00c8ME EN BOIS PRESTIGIEUX<\/strong><\/p>\n<p>Fen\u00eatres SOFTLINE et SOFTLINE XL. Solutions classiques, forme moderne et beaut\u00e9 naturelle du bois - telles sont les caract\u00e9ristiques les plus importantes des fen\u00eatres Softline. Gr\u00e2ce \u00e0 des bords arrondis et des formes douces, nous avons donn\u00e9 \u00e0 nos fen\u00eatres un design esth\u00e9tique tout en conservant de tr\u00e8s bons param\u00e8tres techniques.<\/p>","protected":false},"featured_media":849,"template":"","meta":{"site-sidebar-layout":"default","site-content-layout":"","ast-site-content-layout":"default","site-content-style":"default","site-sidebar-style":"default","ast-global-header-display":"","ast-banner-title-visibility":"","ast-main-header-display":"","ast-hfb-above-header-display":"","ast-hfb-below-header-display":"","ast-hfb-mobile-header-display":"","site-post-title":"","ast-breadcrumbs-content":"","ast-featured-img":"","footer-sml-layout":"","ast-disable-related-posts":"","theme-transparent-header-meta":"default","adv-header-id-meta":"","stick-header-meta":"","header-above-stick-meta":"","header-main-stick-meta":"","header-below-stick-meta":"","astra-migrate-meta-layouts":"set","ast-page-background-enabled":"default","ast-page-background-meta":{"desktop":{"background-color":"var(--ast-global-color-4)","background-image":"","background-repeat":"repeat","background-position":"center center","background-size":"auto","background-attachment":"scroll","background-type":"","background-media":"","overlay-type":"","overlay-color":"","overlay-opacity":"","overlay-gradient":""},"tablet":{"background-color":"","background-image":"","background-repeat":"repeat","background-position":"center center","background-size":"auto","background-attachment":"scroll","background-type":"","background-media":"","overlay-type":"","overlay-color":"","overlay-opacity":"","overlay-gradient":""},"mobile":{"background-color":"","background-image":"","background-repeat":"repeat","background-position":"center center","background-size":"auto","background-attachment":"scroll","background-type":"","background-media":"","overlay-type":"","overlay-color":"","overlay-opacity":"","overlay-gradient":""}},"ast-content-background-meta":{"desktop":{"background-color":"var(--ast-global-color-5)","background-image":"","background-repeat":"repeat","background-position":"center center","background-size":"auto","background-attachment":"scroll","background-type":"","background-media":"","overlay-type":"","overlay-color":"","overlay-opacity":"","overlay-gradient":""},"tablet":{"background-color":"var(--ast-global-color-5)","background-image":"","background-repeat":"repeat","background-position":"center center","background-size":"auto","background-attachment":"scroll","background-type":"","background-media":"","overlay-type":"","overlay-color":"","overlay-opacity":"","overlay-gradient":""},"mobile":{"background-color":"var(--ast-global-color-5)","background-image":"","background-repeat":"repeat","background-position":"center center","background-size":"auto","background-attachment":"scroll","background-type":"","background-media":"","overlay-type":"","overlay-color":"","overlay-opacity":"","overlay-gradient":""}}},"product_brand":[],"product_cat":[26],"product_tag":[326,367,368,339,311,352,414,462,463,354,344,346,408,407,370,389,398,361,366,174,387,323,350,363,324,461,348],"class_list":{"0":"post-836","1":"product","2":"type-product","3":"status-publish","4":"has-post-thumbnail","6":"product_cat-okna-drewniane","7":"product_tag-budowa-domu","8":"product_tag-budownictwo","9":"product_tag-budownictwo-pasywne","10":"product_tag-design","11":"product_tag-dobre-wlasciwosci-termiczne","12":"product_tag-dobreokna","13":"product_tag-doskonala-izolacja-termiczna","14":"product_tag-drewniane-okna","15":"product_tag-drewniane-okno","16":"product_tag-drewno","17":"product_tag-duze-okna","18":"product_tag-duze-przestrzenie","19":"product_tag-duze-przeszklenia","20":"product_tag-duzo-swiatla","21":"product_tag-idealne-okna-do-domu","22":"product_tag-izolacja-akustyczna","23":"product_tag-izolacja-cieplna","24":"product_tag-jakosc","25":"product_tag-komfort","26":"product_tag-okna","27":"product_tag-okna-drewniane","28":"product_tag-okna-z-polski","29":"product_tag-oknabertrand","30":"product_tag-oknazpolski","31":"product_tag-okno-dla-domu","32":"product_tag-softline","33":"product_tag-windows","34":"desktop-align-left","35":"tablet-align-left","36":"mobile-align-left","38":"first","39":"instock","40":"shipping-taxable","41":"product-type-simple"},"yoast_head":"<!-- This site is optimized with the Yoast SEO Premium plugin v27.2 (Yoast SEO v27.2) - https:\/\/yoast.com\/product\/yoast-seo-premium-wordpress\/ -->\n<title>SOFTLINE - Bertrand. Najwy\u017cszej jako\u015bci okna i drzwi. Certyfikowany producent od 1969 roku.<\/title>\n<meta name=\"description\" content=\"Okna Softline \u2013 trwa\u0142o\u015b\u0107 i termoizolacja dzi\u0119ki kant\u00f3wce klejonej, uszczelkom i profilom 68\/78 XL mm. Mo\u017cliwo\u015b\u0107 personalizacji: dzielenia, \u0142uki, witra\u017ce.\" \/>\n<meta name=\"robots\" content=\"index, follow, max-snippet:-1, max-image-preview:large, max-video-preview:-1\" \/>\n<link rel=\"canonical\" href=\"https:\/\/bertrand.pl\/fr\/produit\/softline\/\" \/>\n<meta property=\"og:locale\" content=\"fr_FR\" \/>\n<meta property=\"og:type\" content=\"article\" \/>\n<meta property=\"og:title\" content=\"SOFTLINE\" \/>\n<meta property=\"og:description\" content=\"Okna Softline \u2013 trwa\u0142o\u015b\u0107 i termoizolacja dzi\u0119ki kant\u00f3wce klejonej, uszczelkom i profilom 68\/78 XL mm. Mo\u017cliwo\u015b\u0107 personalizacji: dzielenia, \u0142uki, witra\u017ce.\" \/>\n<meta property=\"og:url\" content=\"https:\/\/bertrand.pl\/fr\/produit\/softline\/\" \/>\n<meta property=\"og:site_name\" content=\"Bertrand. Najwy\u017cszej jako\u015bci okna i drzwi. Certyfikowany producent od 1969 roku.\" \/>\n<meta property=\"article:publisher\" content=\"https:\/\/www.facebook.com\/bertrandpolska\/\" \/>\n<meta property=\"article:modified_time\" content=\"2025-03-06T14:29:36+00:00\" \/>\n<meta property=\"og:image\" content=\"https:\/\/bertrand.pl\/wp-content\/uploads\/2023\/12\/20130709_bb_0234_drewno_softline_prestige_xl_biale_tlo_a_300px.jpg\" \/>\n\t<meta property=\"og:image:width\" content=\"300\" \/>\n\t<meta property=\"og:image:height\" content=\"300\" \/>\n\t<meta property=\"og:image:type\" content=\"image\/jpeg\" \/>\n<meta name=\"twitter:card\" content=\"summary_large_image\" \/>\n<meta name=\"twitter:label1\" content=\"Dur\u00e9e de lecture estim\u00e9e\" \/>\n\t<meta name=\"twitter:data1\" content=\"3 minutes\" \/>\n<script type=\"application\/ld+json\" class=\"yoast-schema-graph\">{\"@context\":\"https:\/\/schema.org\",\"@graph\":[{\"@type\":\"WebPage\",\"@id\":\"https:\/\/bertrand.pl\/produkt\/softline\/\",\"url\":\"https:\/\/bertrand.pl\/produkt\/softline\/\",\"name\":\"SOFTLINE - Bertrand. Najwy\u017cszej jako\u015bci okna i drzwi. Certyfikowany producent od 1969 roku.\",\"isPartOf\":{\"@id\":\"https:\/\/bertrand.pl\/#website\"},\"primaryImageOfPage\":{\"@id\":\"https:\/\/bertrand.pl\/produkt\/softline\/#primaryimage\"},\"image\":{\"@id\":\"https:\/\/bertrand.pl\/produkt\/softline\/#primaryimage\"},\"thumbnailUrl\":\"https:\/\/bertrand.pl\/wp-content\/uploads\/2023\/12\/20130709_bb_0234_drewno_softline_prestige_xl_biale_tlo_a_300px.jpg\",\"datePublished\":\"2023-12-12T12:24:05+00:00\",\"dateModified\":\"2025-03-06T14:29:36+00:00\",\"description\":\"Okna Softline \u2013 trwa\u0142o\u015b\u0107 i termoizolacja dzi\u0119ki kant\u00f3wce klejonej, uszczelkom i profilom 68\/78 XL mm. Mo\u017cliwo\u015b\u0107 personalizacji: dzielenia, \u0142uki, witra\u017ce.\",\"breadcrumb\":{\"@id\":\"https:\/\/bertrand.pl\/produkt\/softline\/#breadcrumb\"},\"inLanguage\":\"fr-FR\",\"potentialAction\":[{\"@type\":\"ReadAction\",\"target\":[\"https:\/\/bertrand.pl\/produkt\/softline\/\"]}]},{\"@type\":\"ImageObject\",\"inLanguage\":\"fr-FR\",\"@id\":\"https:\/\/bertrand.pl\/produkt\/softline\/#primaryimage\",\"url\":\"https:\/\/bertrand.pl\/wp-content\/uploads\/2023\/12\/20130709_bb_0234_drewno_softline_prestige_xl_biale_tlo_a_300px.jpg\",\"contentUrl\":\"https:\/\/bertrand.pl\/wp-content\/uploads\/2023\/12\/20130709_bb_0234_drewno_softline_prestige_xl_biale_tlo_a_300px.jpg\",\"width\":300,\"height\":300},{\"@type\":\"BreadcrumbList\",\"@id\":\"https:\/\/bertrand.pl\/produkt\/softline\/#breadcrumb\",\"itemListElement\":[{\"@type\":\"ListItem\",\"position\":1,\"name\":\"Strona g\u0142\u00f3wna\",\"item\":\"https:\/\/bertrand.pl\/\"},{\"@type\":\"ListItem\",\"position\":2,\"name\":\"Produits\",\"item\":\"https:\/\/bertrand.pl\/fr\/shop\/\"},{\"@type\":\"ListItem\",\"position\":3,\"name\":\"SOFTLINE\"}]},{\"@type\":\"WebSite\",\"@id\":\"https:\/\/bertrand.pl\/#website\",\"url\":\"https:\/\/bertrand.pl\/\",\"name\":\"Bertrand.pl\",\"description\":\"Firma Bertrand to certyfikowany i uznany producent najwy\u017cszej jako\u015bci okien z PVC, z drewna lub aluminium. Produkcja drzwi, rolet i bram gara\u017cowych.\",\"publisher\":{\"@id\":\"https:\/\/bertrand.pl\/#organization\"},\"potentialAction\":[{\"@type\":\"SearchAction\",\"target\":{\"@type\":\"EntryPoint\",\"urlTemplate\":\"https:\/\/bertrand.pl\/?s={search_term_string}\"},\"query-input\":{\"@type\":\"PropertyValueSpecification\",\"valueRequired\":true,\"valueName\":\"search_term_string\"}}],\"inLanguage\":\"fr-FR\"},{\"@type\":\"Organization\",\"@id\":\"https:\/\/bertrand.pl\/#organization\",\"name\":\"Bertrand.pl\",\"url\":\"https:\/\/bertrand.pl\/\",\"logo\":{\"@type\":\"ImageObject\",\"inLanguage\":\"fr-FR\",\"@id\":\"https:\/\/bertrand.pl\/#\/schema\/logo\/image\/\",\"url\":\"https:\/\/bertrand.pl\/wp-content\/uploads\/2024\/12\/logo_BB_TM_PL_black.png\",\"contentUrl\":\"https:\/\/bertrand.pl\/wp-content\/uploads\/2024\/12\/logo_BB_TM_PL_black.png\",\"width\":1831,\"height\":1831,\"caption\":\"Bertrand.pl\"},\"image\":{\"@id\":\"https:\/\/bertrand.pl\/#\/schema\/logo\/image\/\"},\"sameAs\":[\"https:\/\/www.facebook.com\/bertrandpolska\/\",\"https:\/\/www.instagram.com\/bertrand_okna_i_drzwi\/\",\"https:\/\/www.linkedin.com\/company\/bertrand\/\",\"https:\/\/www.tiktok.com\/@bertrand_okna_drzwi\"]}]}<\/script>\n<!-- \/ Yoast SEO Premium plugin. -->","yoast_head_json":{"title":"SOFTLINE - Bertrand. Najwy\u017cszej jako\u015bci okna i drzwi. Certyfikowany producent od 1969 roku.","description":"Fen\u00eatres Softline \u2013 durabilit\u00e9 et isolation thermique gr\u00e2ce au bois coll\u00e9, aux joints et aux profil\u00e9s 68\/78 XL mm. Possibilit\u00e9 de personnalisation : divisions, arches, vitraux.","robots":{"index":"index","follow":"follow","max-snippet":"max-snippet:-1","max-image-preview":"max-image-preview:large","max-video-preview":"max-video-preview:-1"},"canonical":"https:\/\/bertrand.pl\/fr\/produit\/softline\/","og_locale":"fr_FR","og_type":"article","og_title":"SOFTLINE","og_description":"Okna Softline \u2013 trwa\u0142o\u015b\u0107 i termoizolacja dzi\u0119ki kant\u00f3wce klejonej, uszczelkom i profilom 68\/78 XL mm. Mo\u017cliwo\u015b\u0107 personalizacji: dzielenia, \u0142uki, witra\u017ce.","og_url":"https:\/\/bertrand.pl\/fr\/produit\/softline\/","og_site_name":"Bertrand. Najwy\u017cszej jako\u015bci okna i drzwi. Certyfikowany producent od 1969 roku.","article_publisher":"https:\/\/www.facebook.com\/bertrandpolska\/","article_modified_time":"2025-03-06T14:29:36+00:00","og_image":[{"width":300,"height":300,"url":"https:\/\/bertrand.pl\/wp-content\/uploads\/2023\/12\/20130709_bb_0234_drewno_softline_prestige_xl_biale_tlo_a_300px.jpg","type":"image\/jpeg"}],"twitter_card":"summary_large_image","twitter_misc":{"Dur\u00e9e de lecture estim\u00e9e":"3 minutes"},"schema":{"@context":"https:\/\/schema.org","@graph":[{"@type":"WebPage","@id":"https:\/\/bertrand.pl\/produkt\/softline\/","url":"https:\/\/bertrand.pl\/produkt\/softline\/","name":"SOFTLINE - Bertrand. Najwy\u017cszej jako\u015bci okna i drzwi. Certyfikowany producent od 1969 roku.","isPartOf":{"@id":"https:\/\/bertrand.pl\/#website"},"primaryImageOfPage":{"@id":"https:\/\/bertrand.pl\/produkt\/softline\/#primaryimage"},"image":{"@id":"https:\/\/bertrand.pl\/produkt\/softline\/#primaryimage"},"thumbnailUrl":"https:\/\/bertrand.pl\/wp-content\/uploads\/2023\/12\/20130709_bb_0234_drewno_softline_prestige_xl_biale_tlo_a_300px.jpg","datePublished":"2023-12-12T12:24:05+00:00","dateModified":"2025-03-06T14:29:36+00:00","description":"Fen\u00eatres Softline \u2013 durabilit\u00e9 et isolation thermique gr\u00e2ce au bois coll\u00e9, aux joints et aux profil\u00e9s 68\/78 XL mm. Possibilit\u00e9 de personnalisation : divisions, arches, vitraux.","breadcrumb":{"@id":"https:\/\/bertrand.pl\/produkt\/softline\/#breadcrumb"},"inLanguage":"fr-FR","potentialAction":[{"@type":"ReadAction","target":["https:\/\/bertrand.pl\/produkt\/softline\/"]}]},{"@type":"ImageObject","inLanguage":"fr-FR","@id":"https:\/\/bertrand.pl\/produkt\/softline\/#primaryimage","url":"https:\/\/bertrand.pl\/wp-content\/uploads\/2023\/12\/20130709_bb_0234_drewno_softline_prestige_xl_biale_tlo_a_300px.jpg","contentUrl":"https:\/\/bertrand.pl\/wp-content\/uploads\/2023\/12\/20130709_bb_0234_drewno_softline_prestige_xl_biale_tlo_a_300px.jpg","width":300,"height":300},{"@type":"BreadcrumbList","@id":"https:\/\/bertrand.pl\/produkt\/softline\/#breadcrumb","itemListElement":[{"@type":"ListItem","position":1,"name":"Strona g\u0142\u00f3wna","item":"https:\/\/bertrand.pl\/"},{"@type":"ListItem","position":2,"name":"Produits","item":"https:\/\/bertrand.pl\/fr\/shop\/"},{"@type":"ListItem","position":3,"name":"SOFTLINE"}]},{"@type":"WebSite","@id":"https:\/\/bertrand.pl\/#website","url":"https:\/\/bertrand.pl\/","name":"Bertrand.pl","description":"Firma Bertrand to certyfikowany i uznany producent najwy\u017cszej jako\u015bci okien z PVC, z drewna lub aluminium. Produkcja drzwi, rolet i bram gara\u017cowych.","publisher":{"@id":"https:\/\/bertrand.pl\/#organization"},"potentialAction":[{"@type":"SearchAction","target":{"@type":"EntryPoint","urlTemplate":"https:\/\/bertrand.pl\/?s={search_term_string}"},"query-input":{"@type":"PropertyValueSpecification","valueRequired":true,"valueName":"search_term_string"}}],"inLanguage":"fr-FR"},{"@type":"Organization","@id":"https:\/\/bertrand.pl\/#organization","name":"Bertrand.pl","url":"https:\/\/bertrand.pl\/","logo":{"@type":"ImageObject","inLanguage":"fr-FR","@id":"https:\/\/bertrand.pl\/#\/schema\/logo\/image\/","url":"https:\/\/bertrand.pl\/wp-content\/uploads\/2024\/12\/logo_BB_TM_PL_black.png","contentUrl":"https:\/\/bertrand.pl\/wp-content\/uploads\/2024\/12\/logo_BB_TM_PL_black.png","width":1831,"height":1831,"caption":"Bertrand.pl"},"image":{"@id":"https:\/\/bertrand.pl\/#\/schema\/logo\/image\/"},"sameAs":["https:\/\/www.facebook.com\/bertrandpolska\/","https:\/\/www.instagram.com\/bertrand_okna_i_drzwi\/","https:\/\/www.linkedin.com\/company\/bertrand\/","https:\/\/www.tiktok.com\/@bertrand_okna_drzwi"]}]}},"_links":{"self":[{"href":"https:\/\/bertrand.pl\/fr\/wp-json\/wp\/v2\/product\/836","targetHints":{"allow":["GET"]}}],"collection":[{"href":"https:\/\/bertrand.pl\/fr\/wp-json\/wp\/v2\/product"}],"about":[{"href":"https:\/\/bertrand.pl\/fr\/wp-json\/wp\/v2\/types\/product"}],"wp:featuredmedia":[{"embeddable":true,"href":"https:\/\/bertrand.pl\/fr\/wp-json\/wp\/v2\/media\/849"}],"wp:attachment":[{"href":"https:\/\/bertrand.pl\/fr\/wp-json\/wp\/v2\/media?parent=836"}],"wp:term":[{"taxonomy":"product_brand","embeddable":true,"href":"https:\/\/bertrand.pl\/fr\/wp-json\/wp\/v2\/product_brand?post=836"},{"taxonomy":"product_cat","embeddable":true,"href":"https:\/\/bertrand.pl\/fr\/wp-json\/wp\/v2\/product_cat?post=836"},{"taxonomy":"product_tag","embeddable":true,"href":"https:\/\/bertrand.pl\/fr\/wp-json\/wp\/v2\/product_tag?post=836"}],"curies":[{"name":"wp","href":"https:\/\/api.w.org\/{rel}","templated":true}]}}