{"id":852,"date":"2024-08-23T09:27:18","date_gmt":"2024-08-23T07:27:18","guid":{"rendered":"https:\/\/bertrand.pl\/?post_type=product&#038;p=852"},"modified":"2025-07-10T14:06:24","modified_gmt":"2025-07-10T12:06:24","slug":"synergic","status":"publish","type":"product","link":"https:\/\/bertrand.pl\/fr\/produkt\/synergic\/","title":{"rendered":"Synergic"},"content":{"rendered":"<h4>Synergic \u2013 une solution r\u00e9volutionnaire dans l&#039;industrie de la fen\u00eatre<\/h4>\n<p>&nbsp;<\/p>\n<p><strong>Syst\u00e8me Synergic<\/strong> sont des fen\u00eatres innovantes qui allient l&#039;esth\u00e9tique naturelle du bois \u00e0 l&#039;extraordinaire durabilit\u00e9 de l&#039;aluminium. Gr\u00e2ce \u00e0 des cadres extr\u00eamement \u00e9troits, de seulement 90 mm de large, il est possible d&#039;obtenir une surface vitr\u00e9e maximale, ce qui se traduit par des int\u00e9rieurs plus lumineux et plus spacieux. De plus, le design minimaliste fait que seule la vitre est visible de l&#039;ext\u00e9rieur, parfaitement en phase avec les tendances de l&#039;architecture contemporaine.<\/p>\n<p>Un avantage suppl\u00e9mentaire du syst\u00e8me est un poteau mobile \u00e9troit, de seulement 97 mm de large. Gr\u00e2ce \u00e0 cela, la surface vitr\u00e9e est consid\u00e9rablement agrandie et le profil visible est 35% plus petit que dans les solutions de fen\u00eatres traditionnelles. Cela rend l&#039;int\u00e9rieur encore mieux \u00e9clair\u00e9, ce qui am\u00e9liore consid\u00e9rablement le confort d&#039;utilisation.<\/p>\n<p>&nbsp;<\/p>\n<h4>Technologies avanc\u00e9es dans le syst\u00e8me Synergic<\/h4>\n<p>&nbsp;<\/p>\n<p>Le syst\u00e8me Synergic est \u00e9quip\u00e9 de charni\u00e8res cach\u00e9es <strong>Maco Multi-Puissance<\/strong>, qui offrent une durabilit\u00e9 et un confort d&#039;utilisation exceptionnels. Leur utilisation permet de charger le vantail jusqu&#039;\u00e0 150 kg, ce qui permet l&#039;installation de vitrages plus grands et plus lourds. De plus, ces charni\u00e8res am\u00e9liorent les propri\u00e9t\u00e9s thermiques et acoustiques des fen\u00eatres, tout en assurant un aspect moderne et une esth\u00e9tique accrue.<\/p>\n<p>&nbsp;<\/p>\n<h4>Protection exceptionnelle gr\u00e2ce aux vernis AQUATOP<\/h4>\n<p>&nbsp;<\/p>\n<p>Les fen\u00eatres Synergiques de Bertrand se distinguent par l&#039;utilisation des derniers vernis <strong>AQUATOP<\/strong>qui prot\u00e8gent efficacement le bois contre l\u2019humidit\u00e9, la pluie et d\u2019autres facteurs externes. Ces vernis pr\u00e9viennent la pourriture et la moisissure, assurant une protection longue dur\u00e9e et une finition impeccable. Gr\u00e2ce \u00e0 des pigments froids innovants, les fen\u00eatres sont parfaites aussi bien pour les r\u00e9gions aux hivers rigoureux que pour les climats chauds o\u00f9 la lumi\u00e8re solaire intense pourrait causer des dommages.<\/p>\n<p>Le processus de production des fen\u00eatres Bertrand allie technologies avanc\u00e9es et pr\u00e9cision manuelle. Le meulage automatis\u00e9 et le traitement manuel des endroits difficiles d&#039;acc\u00e8s garantissent une esth\u00e9tique impeccable et une durabilit\u00e9 exceptionnelle des produits. De plus, leur r\u00e9sistance exceptionnelle aux conditions climatiques difficiles fait des fen\u00eatres Synergic un choix fiable pendant des ann\u00e9es.<\/p>\n<p>&nbsp;<\/p>\n<p>les fen\u00eatres <strong>Synergic<\/strong> Bertrand est une combinaison de technologies modernes avec la beaut\u00e9 naturelle du bois et la durabilit\u00e9 de l&#039;aluminium. Quoi d&#039;autre? Design minimaliste, charni\u00e8res avanc\u00e9es et vernis AQUATOP innovants. Ils font de ce syst\u00e8me un choix id\u00e9al pour les personnes \u00e0 la recherche de fen\u00eatres durables, esth\u00e9tiques et fonctionnelles.<\/p>\n<p>&nbsp;<\/p>\n<h4><strong>VOIR AUSSI :<\/strong><\/h4>\n<p>&nbsp;<\/p>\n<h4><strong><a href=\"https:\/\/www.youtube.com\/watch?v=iA2PJiINUcU\">Synergic \u2013 Syst\u00e8me moderne bois-aluminium avec ch\u00e2ssis cach\u00e9<\/a><\/strong><\/h4>\n<h4><strong><a href=\"https:\/\/bertrand.pl\/fr\/couleur\/\"><strong>Couleurs des fen\u00eatres et des portes<\/strong><\/a><\/strong><\/h4>","protected":false},"excerpt":{"rendered":"<p><strong>Un syst\u00e8me moderne en bois-aluminium avec un vantail cach\u00e9.<\/strong><\/p>\n<p>Moderne ou traditionnel ? L\u00e9ger ou solide ? Durable ou noble ?<br \/>\nles fen\u00eatres\u00a0<strong>Synergic<\/strong>\u00a0marques<strong>\u00a0Bertrand<\/strong>\u00a0c&#039;est une solution sans compromis. Un profil\u00e9 de fen\u00eatre en bois poli \u00e0 la main apportera une ambiance cosy et chaleureuse \u00e0 votre int\u00e9rieur. L&#039;aluminium durable, r\u00e9sistant \u00e0 la pluie et aux UV, assurera la durabilit\u00e9 et la s\u00e9curit\u00e9 de vos fen\u00eatres.<br \/>\nLorsque les contraires s&#039;attirent, une solution id\u00e9ale na\u00eet : un profil\u00e9 bois-aluminium \u00e9troit et \u00e9l\u00e9gant avec un vantail cach\u00e9, adapt\u00e9 \u00e0 vos besoins.<\/p>","protected":false},"featured_media":854,"template":"","meta":{"site-sidebar-layout":"default","site-content-layout":"","ast-site-content-layout":"default","site-content-style":"default","site-sidebar-style":"default","ast-global-header-display":"","ast-banner-title-visibility":"","ast-main-header-display":"","ast-hfb-above-header-display":"","ast-hfb-below-header-display":"","ast-hfb-mobile-header-display":"","site-post-title":"","ast-breadcrumbs-content":"","ast-featured-img":"","footer-sml-layout":"","ast-disable-related-posts":"","theme-transparent-header-meta":"default","adv-header-id-meta":"","stick-header-meta":"","header-above-stick-meta":"","header-main-stick-meta":"","header-below-stick-meta":"","astra-migrate-meta-layouts":"set","ast-page-background-enabled":"default","ast-page-background-meta":{"desktop":{"background-color":"var(--ast-global-color-4)","background-image":"","background-repeat":"repeat","background-position":"center center","background-size":"auto","background-attachment":"scroll","background-type":"","background-media":"","overlay-type":"","overlay-color":"","overlay-opacity":"","overlay-gradient":""},"tablet":{"background-color":"","background-image":"","background-repeat":"repeat","background-position":"center center","background-size":"auto","background-attachment":"scroll","background-type":"","background-media":"","overlay-type":"","overlay-color":"","overlay-opacity":"","overlay-gradient":""},"mobile":{"background-color":"","background-image":"","background-repeat":"repeat","background-position":"center center","background-size":"auto","background-attachment":"scroll","background-type":"","background-media":"","overlay-type":"","overlay-color":"","overlay-opacity":"","overlay-gradient":""}},"ast-content-background-meta":{"desktop":{"background-color":"var(--ast-global-color-5)","background-image":"","background-repeat":"repeat","background-position":"center center","background-size":"auto","background-attachment":"scroll","background-type":"","background-media":"","overlay-type":"","overlay-color":"","overlay-opacity":"","overlay-gradient":""},"tablet":{"background-color":"var(--ast-global-color-5)","background-image":"","background-repeat":"repeat","background-position":"center center","background-size":"auto","background-attachment":"scroll","background-type":"","background-media":"","overlay-type":"","overlay-color":"","overlay-opacity":"","overlay-gradient":""},"mobile":{"background-color":"var(--ast-global-color-5)","background-image":"","background-repeat":"repeat","background-position":"center center","background-size":"auto","background-attachment":"scroll","background-type":"","background-media":"","overlay-type":"","overlay-color":"","overlay-opacity":"","overlay-gradient":""}}},"product_brand":[],"product_cat":[27],"product_tag":[193,168,311,352,354,1418,195,1219,1255,1420,646,649,1421,812,355,1417,323,350,315,324,351,169,1423,356,1244,1419,1367,1422],"class_list":{"0":"post-852","1":"product","2":"type-product","3":"status-publish","4":"has-post-thumbnail","6":"product_cat-okna-drewniano-aluminiowe","7":"product_tag-aluminium","8":"product_tag-bertrand","9":"product_tag-dobre-wlasciwosci-termiczne","10":"product_tag-dobreokna","11":"product_tag-drewno","12":"product_tag-drewno-i-aluminium","13":"product_tag-drzwi-aluminiowe","14":"product_tag-energooszczedne-okna","15":"product_tag-estetyczne-okna","16":"product_tag-lakier-aquatop","17":"product_tag-minimalistyczny-design","18":"product_tag-nowoczesna-architektura","19":"product_tag-ochrona-przed-wilgocia","20":"product_tag-odpornosc-na-warunki-atmosferyczne","21":"product_tag-okna-drewniano-aluminiowe","22":"product_tag-okna-synergic","23":"product_tag-okna-z-polski","24":"product_tag-oknabertrand","25":"product_tag-okno-aluminiowe","26":"product_tag-okno-dla-domu","27":"product_tag-oknobertrand","28":"product_tag-produkt","29":"product_tag-przeszklone-powierzchnie","30":"product_tag-synergic","31":"product_tag-trwale-okna","32":"product_tag-ukryte-zawiasy-maco-multi-power","33":"product_tag-waskie-ramy","34":"product_tag-zimne-pigmenty","35":"desktop-align-left","36":"tablet-align-left","37":"mobile-align-left","39":"first","40":"instock","41":"shipping-taxable","42":"product-type-simple"},"yoast_head":"<!-- This site is optimized with the Yoast SEO Premium plugin v27.2 (Yoast SEO v27.2) - https:\/\/yoast.com\/product\/yoast-seo-premium-wordpress\/ -->\n<title>Synergic \u2013 okna drewniano\u2011aluminiowe z ukrytym skrzyd\u0142em<\/title>\n<meta name=\"description\" content=\"Synergic to po\u0142\u0105czenie nowoczesnego designu, trwa\u0142o\u015bci i funkcjonalno\u015bci. Idealnym wyb\u00f3r dla os\u00f3b ceni\u0105cych jako\u015b\u0107 i estetyk\u0119 w ka\u017cdym detalu.\" \/>\n<meta name=\"robots\" content=\"index, follow, max-snippet:-1, max-image-preview:large, max-video-preview:-1\" \/>\n<link rel=\"canonical\" href=\"https:\/\/bertrand.pl\/fr\/produit\/synergic\/\" \/>\n<meta property=\"og:locale\" content=\"fr_FR\" \/>\n<meta property=\"og:type\" content=\"article\" \/>\n<meta property=\"og:title\" content=\"Synergic\" \/>\n<meta property=\"og:description\" content=\"Synergic to po\u0142\u0105czenie nowoczesnego designu, trwa\u0142o\u015bci i funkcjonalno\u015bci. Idealnym wyb\u00f3r dla os\u00f3b ceni\u0105cych jako\u015b\u0107 i estetyk\u0119 w ka\u017cdym detalu.\" \/>\n<meta property=\"og:url\" content=\"https:\/\/bertrand.pl\/fr\/produit\/synergic\/\" \/>\n<meta property=\"og:site_name\" content=\"Bertrand. Najwy\u017cszej jako\u015bci okna i drzwi. Certyfikowany producent od 1969 roku.\" \/>\n<meta property=\"article:publisher\" content=\"https:\/\/www.facebook.com\/bertrandpolska\/\" \/>\n<meta property=\"article:modified_time\" content=\"2025-07-10T12:06:24+00:00\" \/>\n<meta property=\"og:image\" content=\"https:\/\/bertrand.pl\/wp-content\/uploads\/2023\/12\/naroznik_synergic_1a.jpg\" \/>\n\t<meta property=\"og:image:width\" content=\"555\" \/>\n\t<meta property=\"og:image:height\" content=\"555\" \/>\n\t<meta property=\"og:image:type\" content=\"image\/jpeg\" \/>\n<meta name=\"twitter:card\" content=\"summary_large_image\" \/>\n<meta name=\"twitter:label1\" content=\"Dur\u00e9e de lecture estim\u00e9e\" \/>\n\t<meta name=\"twitter:data1\" content=\"3 minutes\" \/>\n<script type=\"application\/ld+json\" class=\"yoast-schema-graph\">{\"@context\":\"https:\/\/schema.org\",\"@graph\":[{\"@type\":\"WebPage\",\"@id\":\"https:\/\/bertrand.pl\/produkt\/synergic\/\",\"url\":\"https:\/\/bertrand.pl\/produkt\/synergic\/\",\"name\":\"Synergic \u2013 okna drewniano\u2011aluminiowe z ukrytym skrzyd\u0142em\",\"isPartOf\":{\"@id\":\"https:\/\/bertrand.pl\/#website\"},\"primaryImageOfPage\":{\"@id\":\"https:\/\/bertrand.pl\/produkt\/synergic\/#primaryimage\"},\"image\":{\"@id\":\"https:\/\/bertrand.pl\/produkt\/synergic\/#primaryimage\"},\"thumbnailUrl\":\"https:\/\/bertrand.pl\/wp-content\/uploads\/2023\/12\/naroznik_synergic_1a.jpg\",\"datePublished\":\"2024-08-23T07:27:18+00:00\",\"dateModified\":\"2025-07-10T12:06:24+00:00\",\"description\":\"Synergic to po\u0142\u0105czenie nowoczesnego designu, trwa\u0142o\u015bci i funkcjonalno\u015bci. Idealnym wyb\u00f3r dla os\u00f3b ceni\u0105cych jako\u015b\u0107 i estetyk\u0119 w ka\u017cdym detalu.\",\"breadcrumb\":{\"@id\":\"https:\/\/bertrand.pl\/produkt\/synergic\/#breadcrumb\"},\"inLanguage\":\"fr-FR\",\"potentialAction\":[{\"@type\":\"ReadAction\",\"target\":[\"https:\/\/bertrand.pl\/produkt\/synergic\/\"]}]},{\"@type\":\"ImageObject\",\"inLanguage\":\"fr-FR\",\"@id\":\"https:\/\/bertrand.pl\/produkt\/synergic\/#primaryimage\",\"url\":\"https:\/\/bertrand.pl\/wp-content\/uploads\/2023\/12\/naroznik_synergic_1a.jpg\",\"contentUrl\":\"https:\/\/bertrand.pl\/wp-content\/uploads\/2023\/12\/naroznik_synergic_1a.jpg\",\"width\":555,\"height\":555,\"caption\":\"Synergic to po\u0142\u0105czenie elegancji drewna z trwa\u0142o\u015bci\u0105 aluminium.\"},{\"@type\":\"BreadcrumbList\",\"@id\":\"https:\/\/bertrand.pl\/produkt\/synergic\/#breadcrumb\",\"itemListElement\":[{\"@type\":\"ListItem\",\"position\":1,\"name\":\"Strona g\u0142\u00f3wna\",\"item\":\"https:\/\/bertrand.pl\/\"},{\"@type\":\"ListItem\",\"position\":2,\"name\":\"Produits\",\"item\":\"https:\/\/bertrand.pl\/fr\/shop\/\"},{\"@type\":\"ListItem\",\"position\":3,\"name\":\"Synergic\"}]},{\"@type\":\"WebSite\",\"@id\":\"https:\/\/bertrand.pl\/#website\",\"url\":\"https:\/\/bertrand.pl\/\",\"name\":\"Bertrand.pl\",\"description\":\"Firma Bertrand to certyfikowany i uznany producent najwy\u017cszej jako\u015bci okien z PVC, z drewna lub aluminium. Produkcja drzwi, rolet i bram gara\u017cowych.\",\"publisher\":{\"@id\":\"https:\/\/bertrand.pl\/#organization\"},\"potentialAction\":[{\"@type\":\"SearchAction\",\"target\":{\"@type\":\"EntryPoint\",\"urlTemplate\":\"https:\/\/bertrand.pl\/?s={search_term_string}\"},\"query-input\":{\"@type\":\"PropertyValueSpecification\",\"valueRequired\":true,\"valueName\":\"search_term_string\"}}],\"inLanguage\":\"fr-FR\"},{\"@type\":\"Organization\",\"@id\":\"https:\/\/bertrand.pl\/#organization\",\"name\":\"Bertrand.pl\",\"url\":\"https:\/\/bertrand.pl\/\",\"logo\":{\"@type\":\"ImageObject\",\"inLanguage\":\"fr-FR\",\"@id\":\"https:\/\/bertrand.pl\/#\/schema\/logo\/image\/\",\"url\":\"https:\/\/bertrand.pl\/wp-content\/uploads\/2024\/12\/logo_BB_TM_PL_black.png\",\"contentUrl\":\"https:\/\/bertrand.pl\/wp-content\/uploads\/2024\/12\/logo_BB_TM_PL_black.png\",\"width\":1831,\"height\":1831,\"caption\":\"Bertrand.pl\"},\"image\":{\"@id\":\"https:\/\/bertrand.pl\/#\/schema\/logo\/image\/\"},\"sameAs\":[\"https:\/\/www.facebook.com\/bertrandpolska\/\",\"https:\/\/www.instagram.com\/bertrand_okna_i_drzwi\/\",\"https:\/\/www.linkedin.com\/company\/bertrand\/\",\"https:\/\/www.tiktok.com\/@bertrand_okna_drzwi\"]}]}<\/script>\n<!-- \/ Yoast SEO Premium plugin. -->","yoast_head_json":{"title":"Synergic \u2013 okna drewniano\u2011aluminiowe z ukrytym skrzyd\u0142em","description":"Synergic est une combinaison de design moderne, de durabilit\u00e9 et de fonctionnalit\u00e9. Un choix id\u00e9al pour ceux qui appr\u00e9cient la qualit\u00e9 et l&#039;esth\u00e9tique dans les moindres d\u00e9tails.","robots":{"index":"index","follow":"follow","max-snippet":"max-snippet:-1","max-image-preview":"max-image-preview:large","max-video-preview":"max-video-preview:-1"},"canonical":"https:\/\/bertrand.pl\/fr\/produit\/synergic\/","og_locale":"fr_FR","og_type":"article","og_title":"Synergic","og_description":"Synergic to po\u0142\u0105czenie nowoczesnego designu, trwa\u0142o\u015bci i funkcjonalno\u015bci. Idealnym wyb\u00f3r dla os\u00f3b ceni\u0105cych jako\u015b\u0107 i estetyk\u0119 w ka\u017cdym detalu.","og_url":"https:\/\/bertrand.pl\/fr\/produit\/synergic\/","og_site_name":"Bertrand. Najwy\u017cszej jako\u015bci okna i drzwi. Certyfikowany producent od 1969 roku.","article_publisher":"https:\/\/www.facebook.com\/bertrandpolska\/","article_modified_time":"2025-07-10T12:06:24+00:00","og_image":[{"width":555,"height":555,"url":"https:\/\/bertrand.pl\/wp-content\/uploads\/2023\/12\/naroznik_synergic_1a.jpg","type":"image\/jpeg"}],"twitter_card":"summary_large_image","twitter_misc":{"Dur\u00e9e de lecture estim\u00e9e":"3 minutes"},"schema":{"@context":"https:\/\/schema.org","@graph":[{"@type":"WebPage","@id":"https:\/\/bertrand.pl\/produkt\/synergic\/","url":"https:\/\/bertrand.pl\/produkt\/synergic\/","name":"Synergic \u2013 okna drewniano\u2011aluminiowe z ukrytym skrzyd\u0142em","isPartOf":{"@id":"https:\/\/bertrand.pl\/#website"},"primaryImageOfPage":{"@id":"https:\/\/bertrand.pl\/produkt\/synergic\/#primaryimage"},"image":{"@id":"https:\/\/bertrand.pl\/produkt\/synergic\/#primaryimage"},"thumbnailUrl":"https:\/\/bertrand.pl\/wp-content\/uploads\/2023\/12\/naroznik_synergic_1a.jpg","datePublished":"2024-08-23T07:27:18+00:00","dateModified":"2025-07-10T12:06:24+00:00","description":"Synergic est une combinaison de design moderne, de durabilit\u00e9 et de fonctionnalit\u00e9. Un choix id\u00e9al pour ceux qui appr\u00e9cient la qualit\u00e9 et l&#039;esth\u00e9tique dans les moindres d\u00e9tails.","breadcrumb":{"@id":"https:\/\/bertrand.pl\/produkt\/synergic\/#breadcrumb"},"inLanguage":"fr-FR","potentialAction":[{"@type":"ReadAction","target":["https:\/\/bertrand.pl\/produkt\/synergic\/"]}]},{"@type":"ImageObject","inLanguage":"fr-FR","@id":"https:\/\/bertrand.pl\/produkt\/synergic\/#primaryimage","url":"https:\/\/bertrand.pl\/wp-content\/uploads\/2023\/12\/naroznik_synergic_1a.jpg","contentUrl":"https:\/\/bertrand.pl\/wp-content\/uploads\/2023\/12\/naroznik_synergic_1a.jpg","width":555,"height":555,"caption":"Synergic to po\u0142\u0105czenie elegancji drewna z trwa\u0142o\u015bci\u0105 aluminium."},{"@type":"BreadcrumbList","@id":"https:\/\/bertrand.pl\/produkt\/synergic\/#breadcrumb","itemListElement":[{"@type":"ListItem","position":1,"name":"Strona g\u0142\u00f3wna","item":"https:\/\/bertrand.pl\/"},{"@type":"ListItem","position":2,"name":"Produits","item":"https:\/\/bertrand.pl\/fr\/shop\/"},{"@type":"ListItem","position":3,"name":"Synergic"}]},{"@type":"WebSite","@id":"https:\/\/bertrand.pl\/#website","url":"https:\/\/bertrand.pl\/","name":"Bertrand.pl","description":"Firma Bertrand to certyfikowany i uznany producent najwy\u017cszej jako\u015bci okien z PVC, z drewna lub aluminium. Produkcja drzwi, rolet i bram gara\u017cowych.","publisher":{"@id":"https:\/\/bertrand.pl\/#organization"},"potentialAction":[{"@type":"SearchAction","target":{"@type":"EntryPoint","urlTemplate":"https:\/\/bertrand.pl\/?s={search_term_string}"},"query-input":{"@type":"PropertyValueSpecification","valueRequired":true,"valueName":"search_term_string"}}],"inLanguage":"fr-FR"},{"@type":"Organization","@id":"https:\/\/bertrand.pl\/#organization","name":"Bertrand.pl","url":"https:\/\/bertrand.pl\/","logo":{"@type":"ImageObject","inLanguage":"fr-FR","@id":"https:\/\/bertrand.pl\/#\/schema\/logo\/image\/","url":"https:\/\/bertrand.pl\/wp-content\/uploads\/2024\/12\/logo_BB_TM_PL_black.png","contentUrl":"https:\/\/bertrand.pl\/wp-content\/uploads\/2024\/12\/logo_BB_TM_PL_black.png","width":1831,"height":1831,"caption":"Bertrand.pl"},"image":{"@id":"https:\/\/bertrand.pl\/#\/schema\/logo\/image\/"},"sameAs":["https:\/\/www.facebook.com\/bertrandpolska\/","https:\/\/www.instagram.com\/bertrand_okna_i_drzwi\/","https:\/\/www.linkedin.com\/company\/bertrand\/","https:\/\/www.tiktok.com\/@bertrand_okna_drzwi"]}]}},"_links":{"self":[{"href":"https:\/\/bertrand.pl\/fr\/wp-json\/wp\/v2\/product\/852","targetHints":{"allow":["GET"]}}],"collection":[{"href":"https:\/\/bertrand.pl\/fr\/wp-json\/wp\/v2\/product"}],"about":[{"href":"https:\/\/bertrand.pl\/fr\/wp-json\/wp\/v2\/types\/product"}],"wp:featuredmedia":[{"embeddable":true,"href":"https:\/\/bertrand.pl\/fr\/wp-json\/wp\/v2\/media\/854"}],"wp:attachment":[{"href":"https:\/\/bertrand.pl\/fr\/wp-json\/wp\/v2\/media?parent=852"}],"wp:term":[{"taxonomy":"product_brand","embeddable":true,"href":"https:\/\/bertrand.pl\/fr\/wp-json\/wp\/v2\/product_brand?post=852"},{"taxonomy":"product_cat","embeddable":true,"href":"https:\/\/bertrand.pl\/fr\/wp-json\/wp\/v2\/product_cat?post=852"},{"taxonomy":"product_tag","embeddable":true,"href":"https:\/\/bertrand.pl\/fr\/wp-json\/wp\/v2\/product_tag?post=852"}],"curies":[{"name":"wp","href":"https:\/\/api.w.org\/{rel}","templated":true}]}}