{"id":886,"date":"2023-12-12T14:07:20","date_gmt":"2023-12-12T13:07:20","guid":{"rendered":"https:\/\/bertrand.pl\/?post_type=product&#038;p=886"},"modified":"2025-08-06T12:24:56","modified_gmt":"2025-08-06T10:24:56","slug":"mb-ferroline","status":"publish","type":"product","link":"https:\/\/bertrand.pl\/fr\/produkt\/mb-ferroline\/","title":{"rendered":"MB FERROLINE"},"content":{"rendered":"<p>Le syst\u00e8me MB FERROLINE est avant tout une solution polyvalente qui permet la construction de diff\u00e9rents types de fen\u00eatres. Gr\u00e2ce \u00e0 sa technologie avanc\u00e9e et \u00e0 sa flexibilit\u00e9 de conception, MB FERROLINE est utilis\u00e9 aussi bien dans les b\u00e2timents historiques que dans les projets modernes.<\/p>\n<p>&nbsp;<\/p>\n<h4>Vari\u00e9t\u00e9 de types de fen\u00eatres<\/h4>\n<p>&nbsp;<\/p>\n<p>Le syst\u00e8me permet la production de :<\/p>\n<ul>\n<li><strong>Fen\u00eatres ouvrant vers l&#039;int\u00e9rieur<\/strong>: tourner et tourner, incliner et tourner et incliner et tourner.<\/li>\n<li><strong>Fen\u00eatres qui s&#039;ouvrent vers l&#039;ext\u00e9rieur<\/strong>: articul\u00e9 et inclinable.<\/li>\n<li><strong>Fen\u00eatres fixes<\/strong>, qui constituent une solution id\u00e9ale pour les espaces qui n\u00e9cessitent une \u00e9tanch\u00e9it\u00e9 maximale.<\/li>\n<\/ul>\n<p>Toutes les structures r\u00e9alis\u00e9es avec ce syst\u00e8me se caract\u00e9risent par une excellente isolation thermique et acoustique, ainsi que par une \u00e9tanch\u00e9it\u00e9 \u00e0 l&#039;eau et \u00e0 l&#039;air. Par cons\u00e9quent, une durabilit\u00e9 \u00e9lev\u00e9e garantit une utilisation fiable pendant de nombreuses ann\u00e9es.<\/p>\n<p>&nbsp;<\/p>\n<h4>La solution parfaite pour la r\u00e9novation<\/h4>\n<p>&nbsp;<\/p>\n<p>Le syst\u00e8me offre une opportunit\u00e9 unique d&#039;installer de nouvelles fen\u00eatres sans avoir \u00e0 d\u00e9monter les anciens cadres. Gr\u00e2ce \u00e0 l&#039;utilisation de cadres de r\u00e9novation, le processus d&#039;installation est rapide, pratique et minimise le risque d&#039;endommager le mur autour des fen\u00eatres. C\u2019est pourquoi cela est particuli\u00e8rement important lors de la r\u00e9novation de b\u00e2timents historiques, o\u00f9 l\u2019esth\u00e9tique et le maintien du caract\u00e8re d\u2019origine sont cruciaux.<\/p>\n<h4>Correspondant au style du b\u00e2timent<\/h4>\n<p>&nbsp;<\/p>\n<p>Le syst\u00e8me propose une large gamme de profil\u00e9s en aluminium de formes vari\u00e9es, ce qui permet d&#039;adapter parfaitement l&#039;apparence des fen\u00eatres au caract\u00e8re du b\u00e2timent. Gr\u00e2ce \u00e0 cela, les nouvelles fen\u00eatres s&#039;harmonisent harmonieusement avec l&#039;architecture existante, tant dans le cas de b\u00e2timents historiques que modernes.<\/p>\n<p>&nbsp;<\/p>\n<h4>Pourquoi vaut-il la peine de choisir MB FERROLINE ?<\/h4>\n<p>&nbsp;<\/p>\n<ul>\n<li><strong>Versatilit\u00e9<\/strong>: diff\u00e9rents types de fen\u00eatres adapt\u00e9es aux besoins de chacun.<\/li>\n<li><strong>R\u00e9novation facile<\/strong>: r\u00e9novation des ch\u00e2ssis \u00e9liminant le d\u00e9montage des anciennes fen\u00eatres.<\/li>\n<li><strong>Esth\u00e9tique<\/strong>: subtiles diff\u00e9rences entre les anciennes et les nouvelles fen\u00eatres gr\u00e2ce \u00e0 la largeur adapt\u00e9e des profil\u00e9s.<\/li>\n<li><strong>Durabilit\u00e9 et fonctionnalit\u00e9<\/strong>: \u00e9tanch\u00e9it\u00e9, isolation thermique et acoustique et r\u00e9sistance aux intemp\u00e9ries.<\/li>\n<\/ul>\n<p>&nbsp;<\/p>\n<h4>MB FERROLINE \u2013 Des fen\u00eatres qui allient tradition et modernit\u00e9<\/h4>\n<p>&nbsp;<\/p>\n<p>En choisissant MB FERROLINE, vous investissez dans un syst\u00e8me qui allie technologies modernes, esth\u00e9tique et fonctionnalit\u00e9, r\u00e9pondant aux normes les plus \u00e9lev\u00e9es en termes d&#039;isolation et de durabilit\u00e9.<\/p>\n<p>&nbsp;<\/p>\n<p><img fetchpriority=\"high\" decoding=\"async\" class=\"alignnone wp-image-892 size-full\" src=\"https:\/\/bertrand.pl\/wp-content\/uploads\/2023\/12\/mb_ferroline_photo1.jpg\" alt=\"\" width=\"649\" height=\"500\" srcset=\"https:\/\/bertrand.pl\/wp-content\/uploads\/2023\/12\/mb_ferroline_photo1.jpg 649w, https:\/\/bertrand.pl\/wp-content\/uploads\/2023\/12\/mb_ferroline_photo1-420x324.jpg 420w, https:\/\/bertrand.pl\/wp-content\/uploads\/2023\/12\/mb_ferroline_photo1-600x462.jpg 600w\" sizes=\"(max-width: 649px) 100vw, 649px\" \/><\/p>\n<h3><\/h3>\n<h4>Fonctionnalit\u00e9 et esth\u00e9tique<\/h4>\n<figure id=\"attachment_895\" aria-describedby=\"caption-attachment-895\" style=\"width: 200px\" class=\"wp-caption alignnone\"><img decoding=\"async\" class=\"wp-image-895 size-full\" src=\"https:\/\/bertrand.pl\/wp-content\/uploads\/2023\/12\/przekroj1-1-1.jpg\" alt=\"\" width=\"200\" height=\"200\" srcset=\"https:\/\/bertrand.pl\/wp-content\/uploads\/2023\/12\/przekroj1-1-1.jpg 200w, https:\/\/bertrand.pl\/wp-content\/uploads\/2023\/12\/przekroj1-1-1-100x100.jpg 100w\" sizes=\"(max-width: 200px) 100vw, 200px\" \/><figcaption id=\"caption-attachment-895\" class=\"wp-caption-text\">Coupe transversale d&#039;une fen\u00eatre ouvrante avec un cadre de r\u00e9novation<\/figcaption><\/figure>\n<figure id=\"attachment_896\" aria-describedby=\"caption-attachment-896\" style=\"width: 200px\" class=\"wp-caption alignnone\"><img decoding=\"async\" class=\"wp-image-896 size-full\" src=\"https:\/\/bertrand.pl\/wp-content\/uploads\/2023\/12\/przekroj2-1.jpg\" alt=\"\" width=\"200\" height=\"200\" srcset=\"https:\/\/bertrand.pl\/wp-content\/uploads\/2023\/12\/przekroj2-1.jpg 200w, https:\/\/bertrand.pl\/wp-content\/uploads\/2023\/12\/przekroj2-1-100x100.jpg 100w\" sizes=\"(max-width: 200px) 100vw, 200px\" \/><figcaption id=\"caption-attachment-896\" class=\"wp-caption-text\">Coupe transversale d&#039;un meneau et de fen\u00eatres ouvrantes<\/figcaption><\/figure>\n<p>&nbsp;<\/p>\n<h4><strong><a href=\"https:\/\/bertrand.pl\/fr\/couleur\/\">Couleurs des fen\u00eatres et des portes<\/a><\/strong><\/h4>","protected":false},"excerpt":{"rendered":"<p><strong>SYST\u00c8ME MODERNE EN ALUMINIUM \u00c0 PROFILS \u00c9TROITS<\/strong><\/p>\n<p>Le syst\u00e8me de fen\u00eatres MB-FERROLINE \u00e0 rupture de pont thermique est une solution parfaite pour la r\u00e9novation de b\u00e2timents historiques, tout en conservant l&#039;aspect appropri\u00e9 des fen\u00eatres, qui peuvent imiter la menuiserie en acier et en m\u00eame temps assurer de tr\u00e8s bons param\u00e8tres techniques de la structure.<\/p>\n<p>&nbsp;<\/p>","protected":false},"featured_media":893,"template":"","meta":{"site-sidebar-layout":"default","site-content-layout":"","ast-site-content-layout":"default","site-content-style":"default","site-sidebar-style":"default","ast-global-header-display":"","ast-banner-title-visibility":"","ast-main-header-display":"","ast-hfb-above-header-display":"","ast-hfb-below-header-display":"","ast-hfb-mobile-header-display":"","site-post-title":"","ast-breadcrumbs-content":"","ast-featured-img":"","footer-sml-layout":"","ast-disable-related-posts":"","theme-transparent-header-meta":"default","adv-header-id-meta":"","stick-header-meta":"","header-above-stick-meta":"","header-main-stick-meta":"","header-below-stick-meta":"","astra-migrate-meta-layouts":"set","ast-page-background-enabled":"default","ast-page-background-meta":{"desktop":{"background-color":"var(--ast-global-color-4)","background-image":"","background-repeat":"repeat","background-position":"center center","background-size":"auto","background-attachment":"scroll","background-type":"","background-media":"","overlay-type":"","overlay-color":"","overlay-opacity":"","overlay-gradient":""},"tablet":{"background-color":"","background-image":"","background-repeat":"repeat","background-position":"center center","background-size":"auto","background-attachment":"scroll","background-type":"","background-media":"","overlay-type":"","overlay-color":"","overlay-opacity":"","overlay-gradient":""},"mobile":{"background-color":"","background-image":"","background-repeat":"repeat","background-position":"center center","background-size":"auto","background-attachment":"scroll","background-type":"","background-media":"","overlay-type":"","overlay-color":"","overlay-opacity":"","overlay-gradient":""}},"ast-content-background-meta":{"desktop":{"background-color":"var(--ast-global-color-5)","background-image":"","background-repeat":"repeat","background-position":"center center","background-size":"auto","background-attachment":"scroll","background-type":"","background-media":"","overlay-type":"","overlay-color":"","overlay-opacity":"","overlay-gradient":""},"tablet":{"background-color":"var(--ast-global-color-5)","background-image":"","background-repeat":"repeat","background-position":"center center","background-size":"auto","background-attachment":"scroll","background-type":"","background-media":"","overlay-type":"","overlay-color":"","overlay-opacity":"","overlay-gradient":""},"mobile":{"background-color":"var(--ast-global-color-5)","background-image":"","background-repeat":"repeat","background-position":"center center","background-size":"auto","background-attachment":"scroll","background-type":"","background-media":"","overlay-type":"","overlay-color":"","overlay-opacity":"","overlay-gradient":""}}},"product_brand":[],"product_cat":[28],"product_tag":[193,349,168,360,326,367,368,432,339,311,352,414,195,344,346,456,389,405,361,366,174,194,350,315,324,351,359,169,314,362,348],"class_list":{"0":"post-886","1":"product","2":"type-product","3":"status-publish","4":"has-post-thumbnail","6":"product_cat-okna-aluminiowe","7":"product_tag-aluminium","8":"product_tag-aluprof","9":"product_tag-bertrand","10":"product_tag-bezpieczenstwo","11":"product_tag-budowa-domu","12":"product_tag-budownictwo","13":"product_tag-budownictwo-pasywne","14":"product_tag-certyfikaty","15":"product_tag-design","16":"product_tag-dobre-wlasciwosci-termiczne","17":"product_tag-dobreokna","18":"product_tag-doskonala-izolacja-termiczna","19":"product_tag-drzwi-aluminiowe","20":"product_tag-duze-okna","21":"product_tag-duze-przestrzenie","22":"product_tag-ferroline","23":"product_tag-izolacja-akustyczna","24":"product_tag-izolacja-termiczna","25":"product_tag-jakosc","26":"product_tag-komfort","27":"product_tag-okna","28":"product_tag-okna-aluminiowe","29":"product_tag-oknabertrand","30":"product_tag-okno-aluminiowe","31":"product_tag-okno-dla-domu","32":"product_tag-oknobertrand","33":"product_tag-premiumwindows","34":"product_tag-produkt","35":"product_tag-profil-okienny","36":"product_tag-quality","37":"product_tag-windows","38":"desktop-align-left","39":"tablet-align-left","40":"mobile-align-left","42":"first","43":"instock","44":"shipping-taxable","45":"product-type-simple"},"yoast_head":"<!-- This site is optimized with the Yoast SEO Premium plugin v27.2 (Yoast SEO v27.2) - https:\/\/yoast.com\/product\/yoast-seo-premium-wordpress\/ -->\n<title>MB FERROLINE - Bertrand. Najwy\u017cszej jako\u015bci okna i drzwi. Certyfikowany producent od 1969 roku.<\/title>\n<meta name=\"description\" content=\"System MB FERROLINE \u2013 idealny do renowacji i nowoczesnych projekt\u00f3w. R\u00f3\u017cnorodne typy okien, doskona\u0142a izolacja, trwa\u0142o\u015b\u0107 i \u0142atwy monta\u017c bez demonta\u017cu starych o\u015bcie\u017cnic.\" \/>\n<meta name=\"robots\" content=\"index, follow, max-snippet:-1, max-image-preview:large, max-video-preview:-1\" \/>\n<link rel=\"canonical\" href=\"https:\/\/bertrand.pl\/fr\/produit\/mb-ferroline\/\" \/>\n<meta property=\"og:locale\" content=\"fr_FR\" \/>\n<meta property=\"og:type\" content=\"article\" \/>\n<meta property=\"og:title\" content=\"MB FERROLINE\" \/>\n<meta property=\"og:description\" content=\"System MB FERROLINE \u2013 idealny do renowacji i nowoczesnych projekt\u00f3w. R\u00f3\u017cnorodne typy okien, doskona\u0142a izolacja, trwa\u0142o\u015b\u0107 i \u0142atwy monta\u017c bez demonta\u017cu starych o\u015bcie\u017cnic.\" \/>\n<meta property=\"og:url\" content=\"https:\/\/bertrand.pl\/fr\/produit\/mb-ferroline\/\" \/>\n<meta property=\"og:site_name\" content=\"Bertrand. Najwy\u017cszej jako\u015bci okna i drzwi. Certyfikowany producent od 1969 roku.\" \/>\n<meta property=\"article:publisher\" content=\"https:\/\/www.facebook.com\/bertrandpolska\/\" \/>\n<meta property=\"article:modified_time\" content=\"2025-08-06T10:24:56+00:00\" \/>\n<meta property=\"og:image\" content=\"https:\/\/bertrand.pl\/wp-content\/uploads\/2023\/12\/mb_ferroline_big.webp\" \/>\n\t<meta property=\"og:image:width\" content=\"750\" \/>\n\t<meta property=\"og:image:height\" content=\"750\" \/>\n\t<meta property=\"og:image:type\" content=\"image\/webp\" \/>\n<meta name=\"twitter:card\" content=\"summary_large_image\" \/>\n<meta name=\"twitter:label1\" content=\"Dur\u00e9e de lecture estim\u00e9e\" \/>\n\t<meta name=\"twitter:data1\" content=\"3 minutes\" \/>\n<script type=\"application\/ld+json\" class=\"yoast-schema-graph\">{\"@context\":\"https:\/\/schema.org\",\"@graph\":[{\"@type\":\"WebPage\",\"@id\":\"https:\/\/bertrand.pl\/produkt\/mb-ferroline\/\",\"url\":\"https:\/\/bertrand.pl\/produkt\/mb-ferroline\/\",\"name\":\"MB FERROLINE - Bertrand. Najwy\u017cszej jako\u015bci okna i drzwi. Certyfikowany producent od 1969 roku.\",\"isPartOf\":{\"@id\":\"https:\/\/bertrand.pl\/#website\"},\"primaryImageOfPage\":{\"@id\":\"https:\/\/bertrand.pl\/produkt\/mb-ferroline\/#primaryimage\"},\"image\":{\"@id\":\"https:\/\/bertrand.pl\/produkt\/mb-ferroline\/#primaryimage\"},\"thumbnailUrl\":\"https:\/\/bertrand.pl\/wp-content\/uploads\/2023\/12\/mb_ferroline_big.webp\",\"datePublished\":\"2023-12-12T13:07:20+00:00\",\"dateModified\":\"2025-08-06T10:24:56+00:00\",\"description\":\"System MB FERROLINE \u2013 idealny do renowacji i nowoczesnych projekt\u00f3w. R\u00f3\u017cnorodne typy okien, doskona\u0142a izolacja, trwa\u0142o\u015b\u0107 i \u0142atwy monta\u017c bez demonta\u017cu starych o\u015bcie\u017cnic.\",\"breadcrumb\":{\"@id\":\"https:\/\/bertrand.pl\/produkt\/mb-ferroline\/#breadcrumb\"},\"inLanguage\":\"fr-FR\",\"potentialAction\":[{\"@type\":\"ReadAction\",\"target\":[\"https:\/\/bertrand.pl\/produkt\/mb-ferroline\/\"]}]},{\"@type\":\"ImageObject\",\"inLanguage\":\"fr-FR\",\"@id\":\"https:\/\/bertrand.pl\/produkt\/mb-ferroline\/#primaryimage\",\"url\":\"https:\/\/bertrand.pl\/wp-content\/uploads\/2023\/12\/mb_ferroline_big.webp\",\"contentUrl\":\"https:\/\/bertrand.pl\/wp-content\/uploads\/2023\/12\/mb_ferroline_big.webp\",\"width\":750,\"height\":750},{\"@type\":\"BreadcrumbList\",\"@id\":\"https:\/\/bertrand.pl\/produkt\/mb-ferroline\/#breadcrumb\",\"itemListElement\":[{\"@type\":\"ListItem\",\"position\":1,\"name\":\"Strona g\u0142\u00f3wna\",\"item\":\"https:\/\/bertrand.pl\/\"},{\"@type\":\"ListItem\",\"position\":2,\"name\":\"Produits\",\"item\":\"https:\/\/bertrand.pl\/fr\/shop\/\"},{\"@type\":\"ListItem\",\"position\":3,\"name\":\"MB FERROLINE\"}]},{\"@type\":\"WebSite\",\"@id\":\"https:\/\/bertrand.pl\/#website\",\"url\":\"https:\/\/bertrand.pl\/\",\"name\":\"Bertrand.pl\",\"description\":\"Firma Bertrand to certyfikowany i uznany producent najwy\u017cszej jako\u015bci okien z PVC, z drewna lub aluminium. Produkcja drzwi, rolet i bram gara\u017cowych.\",\"publisher\":{\"@id\":\"https:\/\/bertrand.pl\/#organization\"},\"potentialAction\":[{\"@type\":\"SearchAction\",\"target\":{\"@type\":\"EntryPoint\",\"urlTemplate\":\"https:\/\/bertrand.pl\/?s={search_term_string}\"},\"query-input\":{\"@type\":\"PropertyValueSpecification\",\"valueRequired\":true,\"valueName\":\"search_term_string\"}}],\"inLanguage\":\"fr-FR\"},{\"@type\":\"Organization\",\"@id\":\"https:\/\/bertrand.pl\/#organization\",\"name\":\"Bertrand.pl\",\"url\":\"https:\/\/bertrand.pl\/\",\"logo\":{\"@type\":\"ImageObject\",\"inLanguage\":\"fr-FR\",\"@id\":\"https:\/\/bertrand.pl\/#\/schema\/logo\/image\/\",\"url\":\"https:\/\/bertrand.pl\/wp-content\/uploads\/2024\/12\/logo_BB_TM_PL_black.png\",\"contentUrl\":\"https:\/\/bertrand.pl\/wp-content\/uploads\/2024\/12\/logo_BB_TM_PL_black.png\",\"width\":1831,\"height\":1831,\"caption\":\"Bertrand.pl\"},\"image\":{\"@id\":\"https:\/\/bertrand.pl\/#\/schema\/logo\/image\/\"},\"sameAs\":[\"https:\/\/www.facebook.com\/bertrandpolska\/\",\"https:\/\/www.instagram.com\/bertrand_okna_i_drzwi\/\",\"https:\/\/www.linkedin.com\/company\/bertrand\/\",\"https:\/\/www.tiktok.com\/@bertrand_okna_drzwi\"]}]}<\/script>\n<!-- \/ Yoast SEO Premium plugin. -->","yoast_head_json":{"title":"MB FERROLINE - Bertrand. Najwy\u017cszej jako\u015bci okna i drzwi. Certyfikowany producent od 1969 roku.","description":"Syst\u00e8me MB FERROLINE \u2013 id\u00e9al pour les projets de r\u00e9novation et modernes. Diff\u00e9rents types de fen\u00eatres, excellente isolation, durabilit\u00e9 et installation facile sans d\u00e9monter les anciens cadres de portes.","robots":{"index":"index","follow":"follow","max-snippet":"max-snippet:-1","max-image-preview":"max-image-preview:large","max-video-preview":"max-video-preview:-1"},"canonical":"https:\/\/bertrand.pl\/fr\/produit\/mb-ferroline\/","og_locale":"fr_FR","og_type":"article","og_title":"MB FERROLINE","og_description":"System MB FERROLINE \u2013 idealny do renowacji i nowoczesnych projekt\u00f3w. R\u00f3\u017cnorodne typy okien, doskona\u0142a izolacja, trwa\u0142o\u015b\u0107 i \u0142atwy monta\u017c bez demonta\u017cu starych o\u015bcie\u017cnic.","og_url":"https:\/\/bertrand.pl\/fr\/produit\/mb-ferroline\/","og_site_name":"Bertrand. Najwy\u017cszej jako\u015bci okna i drzwi. Certyfikowany producent od 1969 roku.","article_publisher":"https:\/\/www.facebook.com\/bertrandpolska\/","article_modified_time":"2025-08-06T10:24:56+00:00","og_image":[{"width":750,"height":750,"url":"https:\/\/bertrand.pl\/wp-content\/uploads\/2023\/12\/mb_ferroline_big.webp","type":"image\/webp"}],"twitter_card":"summary_large_image","twitter_misc":{"Dur\u00e9e de lecture estim\u00e9e":"3 minutes"},"schema":{"@context":"https:\/\/schema.org","@graph":[{"@type":"WebPage","@id":"https:\/\/bertrand.pl\/produkt\/mb-ferroline\/","url":"https:\/\/bertrand.pl\/produkt\/mb-ferroline\/","name":"MB FERROLINE - Bertrand. Najwy\u017cszej jako\u015bci okna i drzwi. Certyfikowany producent od 1969 roku.","isPartOf":{"@id":"https:\/\/bertrand.pl\/#website"},"primaryImageOfPage":{"@id":"https:\/\/bertrand.pl\/produkt\/mb-ferroline\/#primaryimage"},"image":{"@id":"https:\/\/bertrand.pl\/produkt\/mb-ferroline\/#primaryimage"},"thumbnailUrl":"https:\/\/bertrand.pl\/wp-content\/uploads\/2023\/12\/mb_ferroline_big.webp","datePublished":"2023-12-12T13:07:20+00:00","dateModified":"2025-08-06T10:24:56+00:00","description":"Syst\u00e8me MB FERROLINE \u2013 id\u00e9al pour les projets de r\u00e9novation et modernes. Diff\u00e9rents types de fen\u00eatres, excellente isolation, durabilit\u00e9 et installation facile sans d\u00e9monter les anciens cadres de portes.","breadcrumb":{"@id":"https:\/\/bertrand.pl\/produkt\/mb-ferroline\/#breadcrumb"},"inLanguage":"fr-FR","potentialAction":[{"@type":"ReadAction","target":["https:\/\/bertrand.pl\/produkt\/mb-ferroline\/"]}]},{"@type":"ImageObject","inLanguage":"fr-FR","@id":"https:\/\/bertrand.pl\/produkt\/mb-ferroline\/#primaryimage","url":"https:\/\/bertrand.pl\/wp-content\/uploads\/2023\/12\/mb_ferroline_big.webp","contentUrl":"https:\/\/bertrand.pl\/wp-content\/uploads\/2023\/12\/mb_ferroline_big.webp","width":750,"height":750},{"@type":"BreadcrumbList","@id":"https:\/\/bertrand.pl\/produkt\/mb-ferroline\/#breadcrumb","itemListElement":[{"@type":"ListItem","position":1,"name":"Strona g\u0142\u00f3wna","item":"https:\/\/bertrand.pl\/"},{"@type":"ListItem","position":2,"name":"Produits","item":"https:\/\/bertrand.pl\/fr\/shop\/"},{"@type":"ListItem","position":3,"name":"MB FERROLINE"}]},{"@type":"WebSite","@id":"https:\/\/bertrand.pl\/#website","url":"https:\/\/bertrand.pl\/","name":"Bertrand.pl","description":"Firma Bertrand to certyfikowany i uznany producent najwy\u017cszej jako\u015bci okien z PVC, z drewna lub aluminium. Produkcja drzwi, rolet i bram gara\u017cowych.","publisher":{"@id":"https:\/\/bertrand.pl\/#organization"},"potentialAction":[{"@type":"SearchAction","target":{"@type":"EntryPoint","urlTemplate":"https:\/\/bertrand.pl\/?s={search_term_string}"},"query-input":{"@type":"PropertyValueSpecification","valueRequired":true,"valueName":"search_term_string"}}],"inLanguage":"fr-FR"},{"@type":"Organization","@id":"https:\/\/bertrand.pl\/#organization","name":"Bertrand.pl","url":"https:\/\/bertrand.pl\/","logo":{"@type":"ImageObject","inLanguage":"fr-FR","@id":"https:\/\/bertrand.pl\/#\/schema\/logo\/image\/","url":"https:\/\/bertrand.pl\/wp-content\/uploads\/2024\/12\/logo_BB_TM_PL_black.png","contentUrl":"https:\/\/bertrand.pl\/wp-content\/uploads\/2024\/12\/logo_BB_TM_PL_black.png","width":1831,"height":1831,"caption":"Bertrand.pl"},"image":{"@id":"https:\/\/bertrand.pl\/#\/schema\/logo\/image\/"},"sameAs":["https:\/\/www.facebook.com\/bertrandpolska\/","https:\/\/www.instagram.com\/bertrand_okna_i_drzwi\/","https:\/\/www.linkedin.com\/company\/bertrand\/","https:\/\/www.tiktok.com\/@bertrand_okna_drzwi"]}]}},"_links":{"self":[{"href":"https:\/\/bertrand.pl\/fr\/wp-json\/wp\/v2\/product\/886","targetHints":{"allow":["GET"]}}],"collection":[{"href":"https:\/\/bertrand.pl\/fr\/wp-json\/wp\/v2\/product"}],"about":[{"href":"https:\/\/bertrand.pl\/fr\/wp-json\/wp\/v2\/types\/product"}],"wp:featuredmedia":[{"embeddable":true,"href":"https:\/\/bertrand.pl\/fr\/wp-json\/wp\/v2\/media\/893"}],"wp:attachment":[{"href":"https:\/\/bertrand.pl\/fr\/wp-json\/wp\/v2\/media?parent=886"}],"wp:term":[{"taxonomy":"product_brand","embeddable":true,"href":"https:\/\/bertrand.pl\/fr\/wp-json\/wp\/v2\/product_brand?post=886"},{"taxonomy":"product_cat","embeddable":true,"href":"https:\/\/bertrand.pl\/fr\/wp-json\/wp\/v2\/product_cat?post=886"},{"taxonomy":"product_tag","embeddable":true,"href":"https:\/\/bertrand.pl\/fr\/wp-json\/wp\/v2\/product_tag?post=886"}],"curies":[{"name":"wp","href":"https:\/\/api.w.org\/{rel}","templated":true}]}}