{"id":897,"date":"2023-12-12T14:15:29","date_gmt":"2023-12-12T13:15:29","guid":{"rendered":"https:\/\/bertrand.pl\/?post_type=product&#038;p=897"},"modified":"2025-08-06T12:19:45","modified_gmt":"2025-08-06T10:19:45","slug":"mo-104","status":"publish","type":"product","link":"https:\/\/bertrand.pl\/fr\/produkt\/mb-104\/","title":{"rendered":"MB 104"},"content":{"rendered":"<p>Syst\u00e8me <strong>MB-104 Passif<\/strong> est une solution avanc\u00e9e d\u00e9di\u00e9e \u00e0 la cr\u00e9ation d&#039;\u00e9l\u00e9ments de d\u00e9veloppement architectural externe. Il est utilis\u00e9 dans la production de diff\u00e9rents types de fen\u00eatres, vestibules, vitrines et structures spatiales, tout en offrant une efficacit\u00e9 \u00e9nerg\u00e9tique in\u00e9gal\u00e9e et une durabilit\u00e9 exceptionnelle.<\/p>\n<p>&nbsp;<\/p>\n<h4>Param\u00e8tres isolants exceptionnels<\/h4>\n<p>&nbsp;<\/p>\n<p>Le syst\u00e8me se caract\u00e9rise par une excellente isolation thermique et acoustique. Gr\u00e2ce \u00e0 cela, les structures r\u00e9alis\u00e9es avec ce syst\u00e8me r\u00e9pondent aux normes d&#039;efficacit\u00e9 \u00e9nerg\u00e9tique les plus \u00e9lev\u00e9es, contribuant ainsi \u00e0 r\u00e9duire les co\u00fbts de chauffage. L\u2019\u00e9tanch\u00e9it\u00e9 \u00e0 l\u2019eau et \u00e0 l\u2019air offre une protection contre les conditions m\u00e9t\u00e9orologiques d\u00e9favorables, ce qui fait de ce syst\u00e8me un choix id\u00e9al pour une construction passive et \u00e9conome en \u00e9nergie.<\/p>\n<p>&nbsp;<\/p>\n<h4>Deux variantes adapt\u00e9es \u00e0 vos besoins<\/h4>\n<p>&nbsp;<\/p>\n<p>La conception des sections passives MB-104 est disponible en deux variantes\u00a0:<\/p>\n<ul>\n<li><strong>SI (super isol\u00e9)<\/strong> \u2013 pour des normes d\u2019isolation exigeantes.<\/li>\n<li><strong>A\u00c9RO<\/strong> \u2013 pour les exigences d\u2019efficacit\u00e9 \u00e9nerg\u00e9tique les plus strictes.<\/li>\n<\/ul>\n<p>Les deux options garantissent des param\u00e8tres qui d\u00e9passent les normes et r\u00e9glementations applicables les plus strictes, ce qui fait de ce syst\u00e8me un investissement pour l\u2019avenir.<\/p>\n<p>&nbsp;<\/p>\n<h4>Polyvalence et durabilit\u00e9<\/h4>\n<p>&nbsp;<\/p>\n<p>Le syst\u00e8me passif MB-104 prot\u00e8ge non seulement contre les pertes de chaleur, mais assure \u00e9galement une grande durabilit\u00e9 de la structure. Il est parfait pour les grands projets, tels que les vitrines ou les \u00e9l\u00e9ments architecturaux spatiaux. Il s\u2019agit d\u2019une solution qui allie fonctionnalit\u00e9 et esth\u00e9tique, garantissant \u00e0 la fois durabilit\u00e9 et fiabilit\u00e9.<\/p>\n<p>&nbsp;<\/p>\n<h4>Choisissez MB-104 Passif<\/h4>\n<p>&nbsp;<\/p>\n<p>En choisissant ce syst\u00e8me, vous investissez dans l&#039;innovation, l&#039;\u00e9conomie d&#039;\u00e9nergie et la durabilit\u00e9. Il s\u2019agit d\u2019un syst\u00e8me cr\u00e9\u00e9 en pensant \u00e0 la construction du futur, garantissant un confort thermique, acoustique et esth\u00e9tique.<\/p>\n<p>&nbsp;<\/p>\n<p><img fetchpriority=\"high\" decoding=\"async\" class=\"alignnone wp-image-902 size-full\" src=\"https:\/\/bertrand.pl\/wp-content\/uploads\/2023\/12\/mb_104_photo1.jpg\" alt=\"\" width=\"649\" height=\"500\" srcset=\"https:\/\/bertrand.pl\/wp-content\/uploads\/2023\/12\/mb_104_photo1.jpg 649w, https:\/\/bertrand.pl\/wp-content\/uploads\/2023\/12\/mb_104_photo1-420x324.jpg 420w, https:\/\/bertrand.pl\/wp-content\/uploads\/2023\/12\/mb_104_photo1-600x462.jpg 600w\" sizes=\"(max-width: 649px) 100vw, 649px\" \/><\/p>\n<p>&nbsp;<\/p>\n<h4><strong><a href=\"https:\/\/bertrand.pl\/fr\/couleur\/\">Couleurs des fen\u00eatres et des portes<\/a><\/strong><\/h4>\n<div id=\"sppb-addon-wrapper-1492161406803\" class=\"sppb-addon-wrapper\">\n<div id=\"sppb-addon-1492161406803\" class=\"clearfix\">\n<div class=\"sppb-addon sppb-addon-text-block sppb-text-center\">\n<div class=\"sppb-addon-content\"><\/div>\n<\/div>\n<\/div>\n<\/div>\n<div id=\"sppb-addon-wrapper-1492161406849\" class=\"sppb-addon-wrapper\">\n<div id=\"sppb-addon-1492161406849\" class=\"clearfix\"><\/div>\n<\/div>","protected":false},"excerpt":{"rendered":"<p><strong>SYST\u00c8ME MODERNE EN ALUMINIUM POUR UNE CONSTRUCTION \u00c0 \u00c9CONOMIE D&#039;\u00c9NERGIE<\/strong><\/p>\n<p>Le syst\u00e8me de fen\u00eatre passive MB-104 \u00e0 rupture de pont thermique, avec la plus haute isolation thermique, r\u00e9pond \u00e0 toutes les exigences des \u00e9l\u00e9ments utilis\u00e9s dans la construction passive.<\/p>","protected":false},"featured_media":909,"template":"","meta":{"site-sidebar-layout":"default","site-content-layout":"","ast-site-content-layout":"default","site-content-style":"default","site-sidebar-style":"default","ast-global-header-display":"","ast-banner-title-visibility":"","ast-main-header-display":"","ast-hfb-above-header-display":"","ast-hfb-below-header-display":"","ast-hfb-mobile-header-display":"","site-post-title":"","ast-breadcrumbs-content":"","ast-featured-img":"","footer-sml-layout":"","ast-disable-related-posts":"","theme-transparent-header-meta":"default","adv-header-id-meta":"","stick-header-meta":"","header-above-stick-meta":"","header-main-stick-meta":"","header-below-stick-meta":"","astra-migrate-meta-layouts":"set","ast-page-background-enabled":"default","ast-page-background-meta":{"desktop":{"background-color":"var(--ast-global-color-4)","background-image":"","background-repeat":"repeat","background-position":"center center","background-size":"auto","background-attachment":"scroll","background-type":"","background-media":"","overlay-type":"","overlay-color":"","overlay-opacity":"","overlay-gradient":""},"tablet":{"background-color":"","background-image":"","background-repeat":"repeat","background-position":"center center","background-size":"auto","background-attachment":"scroll","background-type":"","background-media":"","overlay-type":"","overlay-color":"","overlay-opacity":"","overlay-gradient":""},"mobile":{"background-color":"","background-image":"","background-repeat":"repeat","background-position":"center center","background-size":"auto","background-attachment":"scroll","background-type":"","background-media":"","overlay-type":"","overlay-color":"","overlay-opacity":"","overlay-gradient":""}},"ast-content-background-meta":{"desktop":{"background-color":"var(--ast-global-color-5)","background-image":"","background-repeat":"repeat","background-position":"center center","background-size":"auto","background-attachment":"scroll","background-type":"","background-media":"","overlay-type":"","overlay-color":"","overlay-opacity":"","overlay-gradient":""},"tablet":{"background-color":"var(--ast-global-color-5)","background-image":"","background-repeat":"repeat","background-position":"center center","background-size":"auto","background-attachment":"scroll","background-type":"","background-media":"","overlay-type":"","overlay-color":"","overlay-opacity":"","overlay-gradient":""},"mobile":{"background-color":"var(--ast-global-color-5)","background-image":"","background-repeat":"repeat","background-position":"center center","background-size":"auto","background-attachment":"scroll","background-type":"","background-media":"","overlay-type":"","overlay-color":"","overlay-opacity":"","overlay-gradient":""}}},"product_brand":[],"product_cat":[28],"product_tag":[193,349,168,360,326,367,368,432,339,311,352,414,195,344,346,389,361,366,174,194,350,315,324,351,359,169,314,362,348],"class_list":{"0":"post-897","1":"product","2":"type-product","3":"status-publish","4":"has-post-thumbnail","6":"product_cat-okna-aluminiowe","7":"product_tag-aluminium","8":"product_tag-aluprof","9":"product_tag-bertrand","10":"product_tag-bezpieczenstwo","11":"product_tag-budowa-domu","12":"product_tag-budownictwo","13":"product_tag-budownictwo-pasywne","14":"product_tag-certyfikaty","15":"product_tag-design","16":"product_tag-dobre-wlasciwosci-termiczne","17":"product_tag-dobreokna","18":"product_tag-doskonala-izolacja-termiczna","19":"product_tag-drzwi-aluminiowe","20":"product_tag-duze-okna","21":"product_tag-duze-przestrzenie","22":"product_tag-izolacja-akustyczna","23":"product_tag-jakosc","24":"product_tag-komfort","25":"product_tag-okna","26":"product_tag-okna-aluminiowe","27":"product_tag-oknabertrand","28":"product_tag-okno-aluminiowe","29":"product_tag-okno-dla-domu","30":"product_tag-oknobertrand","31":"product_tag-premiumwindows","32":"product_tag-produkt","33":"product_tag-profil-okienny","34":"product_tag-quality","35":"product_tag-windows","36":"desktop-align-left","37":"tablet-align-left","38":"mobile-align-left","40":"first","41":"instock","42":"shipping-taxable","43":"product-type-simple"},"yoast_head":"<!-- This site is optimized with the Yoast SEO Premium plugin v27.2 (Yoast SEO v27.2) - https:\/\/yoast.com\/product\/yoast-seo-premium-wordpress\/ -->\n<title>MB 104 - Bertrand. Najwy\u017cszej jako\u015bci okna i drzwi. Certyfikowany producent od 1969 roku.<\/title>\n<meta name=\"description\" content=\"System MB-104 \u2013 energooszcz\u0119dne okna, witryny i konstrukcje. Doskona\u0142a izolacja termiczna i akustyczna, trwa\u0142o\u015b\u0107 i szczelno\u015b\u0107 do budownictwa pasywnego.\" \/>\n<meta name=\"robots\" content=\"index, follow, max-snippet:-1, max-image-preview:large, max-video-preview:-1\" \/>\n<link rel=\"canonical\" href=\"https:\/\/bertrand.pl\/fr\/produit\/mo-104\/\" \/>\n<meta property=\"og:locale\" content=\"fr_FR\" \/>\n<meta property=\"og:type\" content=\"article\" \/>\n<meta property=\"og:title\" content=\"MB 104\" \/>\n<meta property=\"og:description\" content=\"System MB-104 \u2013 energooszcz\u0119dne okna, witryny i konstrukcje. Doskona\u0142a izolacja termiczna i akustyczna, trwa\u0142o\u015b\u0107 i szczelno\u015b\u0107 do budownictwa pasywnego.\" \/>\n<meta property=\"og:url\" content=\"https:\/\/bertrand.pl\/fr\/produit\/mo-104\/\" \/>\n<meta property=\"og:site_name\" content=\"Bertrand. Najwy\u017cszej jako\u015bci okna i drzwi. Certyfikowany producent od 1969 roku.\" \/>\n<meta property=\"article:publisher\" content=\"https:\/\/www.facebook.com\/bertrandpolska\/\" \/>\n<meta property=\"article:modified_time\" content=\"2025-08-06T10:19:45+00:00\" \/>\n<meta property=\"og:image\" content=\"https:\/\/bertrand.pl\/wp-content\/uploads\/2023\/12\/mb_104_big.webp\" \/>\n\t<meta property=\"og:image:width\" content=\"750\" \/>\n\t<meta property=\"og:image:height\" content=\"750\" \/>\n\t<meta property=\"og:image:type\" content=\"image\/webp\" \/>\n<meta name=\"twitter:card\" content=\"summary_large_image\" \/>\n<meta name=\"twitter:label1\" content=\"Dur\u00e9e de lecture estim\u00e9e\" \/>\n\t<meta name=\"twitter:data1\" content=\"2 minutes\" \/>\n<script type=\"application\/ld+json\" class=\"yoast-schema-graph\">{\"@context\":\"https:\/\/schema.org\",\"@graph\":[{\"@type\":\"WebPage\",\"@id\":\"https:\/\/bertrand.pl\/produkt\/mb-104\/\",\"url\":\"https:\/\/bertrand.pl\/produkt\/mb-104\/\",\"name\":\"MB 104 - Bertrand. Najwy\u017cszej jako\u015bci okna i drzwi. Certyfikowany producent od 1969 roku.\",\"isPartOf\":{\"@id\":\"https:\/\/bertrand.pl\/#website\"},\"primaryImageOfPage\":{\"@id\":\"https:\/\/bertrand.pl\/produkt\/mb-104\/#primaryimage\"},\"image\":{\"@id\":\"https:\/\/bertrand.pl\/produkt\/mb-104\/#primaryimage\"},\"thumbnailUrl\":\"https:\/\/bertrand.pl\/wp-content\/uploads\/2023\/12\/mb_104_big.webp\",\"datePublished\":\"2023-12-12T13:15:29+00:00\",\"dateModified\":\"2025-08-06T10:19:45+00:00\",\"description\":\"System MB-104 \u2013 energooszcz\u0119dne okna, witryny i konstrukcje. Doskona\u0142a izolacja termiczna i akustyczna, trwa\u0142o\u015b\u0107 i szczelno\u015b\u0107 do budownictwa pasywnego.\",\"breadcrumb\":{\"@id\":\"https:\/\/bertrand.pl\/produkt\/mb-104\/#breadcrumb\"},\"inLanguage\":\"fr-FR\",\"potentialAction\":[{\"@type\":\"ReadAction\",\"target\":[\"https:\/\/bertrand.pl\/produkt\/mb-104\/\"]}]},{\"@type\":\"ImageObject\",\"inLanguage\":\"fr-FR\",\"@id\":\"https:\/\/bertrand.pl\/produkt\/mb-104\/#primaryimage\",\"url\":\"https:\/\/bertrand.pl\/wp-content\/uploads\/2023\/12\/mb_104_big.webp\",\"contentUrl\":\"https:\/\/bertrand.pl\/wp-content\/uploads\/2023\/12\/mb_104_big.webp\",\"width\":750,\"height\":750},{\"@type\":\"BreadcrumbList\",\"@id\":\"https:\/\/bertrand.pl\/produkt\/mb-104\/#breadcrumb\",\"itemListElement\":[{\"@type\":\"ListItem\",\"position\":1,\"name\":\"Strona g\u0142\u00f3wna\",\"item\":\"https:\/\/bertrand.pl\/\"},{\"@type\":\"ListItem\",\"position\":2,\"name\":\"Produits\",\"item\":\"https:\/\/bertrand.pl\/fr\/shop\/\"},{\"@type\":\"ListItem\",\"position\":3,\"name\":\"MB 104\"}]},{\"@type\":\"WebSite\",\"@id\":\"https:\/\/bertrand.pl\/#website\",\"url\":\"https:\/\/bertrand.pl\/\",\"name\":\"Bertrand.pl\",\"description\":\"Firma Bertrand to certyfikowany i uznany producent najwy\u017cszej jako\u015bci okien z PVC, z drewna lub aluminium. Produkcja drzwi, rolet i bram gara\u017cowych.\",\"publisher\":{\"@id\":\"https:\/\/bertrand.pl\/#organization\"},\"potentialAction\":[{\"@type\":\"SearchAction\",\"target\":{\"@type\":\"EntryPoint\",\"urlTemplate\":\"https:\/\/bertrand.pl\/?s={search_term_string}\"},\"query-input\":{\"@type\":\"PropertyValueSpecification\",\"valueRequired\":true,\"valueName\":\"search_term_string\"}}],\"inLanguage\":\"fr-FR\"},{\"@type\":\"Organization\",\"@id\":\"https:\/\/bertrand.pl\/#organization\",\"name\":\"Bertrand.pl\",\"url\":\"https:\/\/bertrand.pl\/\",\"logo\":{\"@type\":\"ImageObject\",\"inLanguage\":\"fr-FR\",\"@id\":\"https:\/\/bertrand.pl\/#\/schema\/logo\/image\/\",\"url\":\"https:\/\/bertrand.pl\/wp-content\/uploads\/2024\/12\/logo_BB_TM_PL_black.png\",\"contentUrl\":\"https:\/\/bertrand.pl\/wp-content\/uploads\/2024\/12\/logo_BB_TM_PL_black.png\",\"width\":1831,\"height\":1831,\"caption\":\"Bertrand.pl\"},\"image\":{\"@id\":\"https:\/\/bertrand.pl\/#\/schema\/logo\/image\/\"},\"sameAs\":[\"https:\/\/www.facebook.com\/bertrandpolska\/\",\"https:\/\/www.instagram.com\/bertrand_okna_i_drzwi\/\",\"https:\/\/www.linkedin.com\/company\/bertrand\/\",\"https:\/\/www.tiktok.com\/@bertrand_okna_drzwi\"]}]}<\/script>\n<!-- \/ Yoast SEO Premium plugin. -->","yoast_head_json":{"title":"MB 104 - Bertrand. Najwy\u017cszej jako\u015bci okna i drzwi. Certyfikowany producent od 1969 roku.","description":"Syst\u00e8me MB-104 \u2013 fen\u00eatres, vitrines et structures \u00e0 \u00e9conomie d\u2019\u00e9nergie. Excellente isolation thermique et acoustique, durabilit\u00e9 et \u00e9tanch\u00e9it\u00e9 pour la construction passive.","robots":{"index":"index","follow":"follow","max-snippet":"max-snippet:-1","max-image-preview":"max-image-preview:large","max-video-preview":"max-video-preview:-1"},"canonical":"https:\/\/bertrand.pl\/fr\/produit\/mo-104\/","og_locale":"fr_FR","og_type":"article","og_title":"MB 104","og_description":"System MB-104 \u2013 energooszcz\u0119dne okna, witryny i konstrukcje. Doskona\u0142a izolacja termiczna i akustyczna, trwa\u0142o\u015b\u0107 i szczelno\u015b\u0107 do budownictwa pasywnego.","og_url":"https:\/\/bertrand.pl\/fr\/produit\/mo-104\/","og_site_name":"Bertrand. Najwy\u017cszej jako\u015bci okna i drzwi. Certyfikowany producent od 1969 roku.","article_publisher":"https:\/\/www.facebook.com\/bertrandpolska\/","article_modified_time":"2025-08-06T10:19:45+00:00","og_image":[{"width":750,"height":750,"url":"https:\/\/bertrand.pl\/wp-content\/uploads\/2023\/12\/mb_104_big.webp","type":"image\/webp"}],"twitter_card":"summary_large_image","twitter_misc":{"Dur\u00e9e de lecture estim\u00e9e":"2 minutes"},"schema":{"@context":"https:\/\/schema.org","@graph":[{"@type":"WebPage","@id":"https:\/\/bertrand.pl\/produkt\/mb-104\/","url":"https:\/\/bertrand.pl\/produkt\/mb-104\/","name":"MB 104 - Bertrand. Najwy\u017cszej jako\u015bci okna i drzwi. Certyfikowany producent od 1969 roku.","isPartOf":{"@id":"https:\/\/bertrand.pl\/#website"},"primaryImageOfPage":{"@id":"https:\/\/bertrand.pl\/produkt\/mb-104\/#primaryimage"},"image":{"@id":"https:\/\/bertrand.pl\/produkt\/mb-104\/#primaryimage"},"thumbnailUrl":"https:\/\/bertrand.pl\/wp-content\/uploads\/2023\/12\/mb_104_big.webp","datePublished":"2023-12-12T13:15:29+00:00","dateModified":"2025-08-06T10:19:45+00:00","description":"Syst\u00e8me MB-104 \u2013 fen\u00eatres, vitrines et structures \u00e0 \u00e9conomie d\u2019\u00e9nergie. Excellente isolation thermique et acoustique, durabilit\u00e9 et \u00e9tanch\u00e9it\u00e9 pour la construction passive.","breadcrumb":{"@id":"https:\/\/bertrand.pl\/produkt\/mb-104\/#breadcrumb"},"inLanguage":"fr-FR","potentialAction":[{"@type":"ReadAction","target":["https:\/\/bertrand.pl\/produkt\/mb-104\/"]}]},{"@type":"ImageObject","inLanguage":"fr-FR","@id":"https:\/\/bertrand.pl\/produkt\/mb-104\/#primaryimage","url":"https:\/\/bertrand.pl\/wp-content\/uploads\/2023\/12\/mb_104_big.webp","contentUrl":"https:\/\/bertrand.pl\/wp-content\/uploads\/2023\/12\/mb_104_big.webp","width":750,"height":750},{"@type":"BreadcrumbList","@id":"https:\/\/bertrand.pl\/produkt\/mb-104\/#breadcrumb","itemListElement":[{"@type":"ListItem","position":1,"name":"Strona g\u0142\u00f3wna","item":"https:\/\/bertrand.pl\/"},{"@type":"ListItem","position":2,"name":"Produits","item":"https:\/\/bertrand.pl\/fr\/shop\/"},{"@type":"ListItem","position":3,"name":"MB 104"}]},{"@type":"WebSite","@id":"https:\/\/bertrand.pl\/#website","url":"https:\/\/bertrand.pl\/","name":"Bertrand.pl","description":"Firma Bertrand to certyfikowany i uznany producent najwy\u017cszej jako\u015bci okien z PVC, z drewna lub aluminium. Produkcja drzwi, rolet i bram gara\u017cowych.","publisher":{"@id":"https:\/\/bertrand.pl\/#organization"},"potentialAction":[{"@type":"SearchAction","target":{"@type":"EntryPoint","urlTemplate":"https:\/\/bertrand.pl\/?s={search_term_string}"},"query-input":{"@type":"PropertyValueSpecification","valueRequired":true,"valueName":"search_term_string"}}],"inLanguage":"fr-FR"},{"@type":"Organization","@id":"https:\/\/bertrand.pl\/#organization","name":"Bertrand.pl","url":"https:\/\/bertrand.pl\/","logo":{"@type":"ImageObject","inLanguage":"fr-FR","@id":"https:\/\/bertrand.pl\/#\/schema\/logo\/image\/","url":"https:\/\/bertrand.pl\/wp-content\/uploads\/2024\/12\/logo_BB_TM_PL_black.png","contentUrl":"https:\/\/bertrand.pl\/wp-content\/uploads\/2024\/12\/logo_BB_TM_PL_black.png","width":1831,"height":1831,"caption":"Bertrand.pl"},"image":{"@id":"https:\/\/bertrand.pl\/#\/schema\/logo\/image\/"},"sameAs":["https:\/\/www.facebook.com\/bertrandpolska\/","https:\/\/www.instagram.com\/bertrand_okna_i_drzwi\/","https:\/\/www.linkedin.com\/company\/bertrand\/","https:\/\/www.tiktok.com\/@bertrand_okna_drzwi"]}]}},"_links":{"self":[{"href":"https:\/\/bertrand.pl\/fr\/wp-json\/wp\/v2\/product\/897","targetHints":{"allow":["GET"]}}],"collection":[{"href":"https:\/\/bertrand.pl\/fr\/wp-json\/wp\/v2\/product"}],"about":[{"href":"https:\/\/bertrand.pl\/fr\/wp-json\/wp\/v2\/types\/product"}],"wp:featuredmedia":[{"embeddable":true,"href":"https:\/\/bertrand.pl\/fr\/wp-json\/wp\/v2\/media\/909"}],"wp:attachment":[{"href":"https:\/\/bertrand.pl\/fr\/wp-json\/wp\/v2\/media?parent=897"}],"wp:term":[{"taxonomy":"product_brand","embeddable":true,"href":"https:\/\/bertrand.pl\/fr\/wp-json\/wp\/v2\/product_brand?post=897"},{"taxonomy":"product_cat","embeddable":true,"href":"https:\/\/bertrand.pl\/fr\/wp-json\/wp\/v2\/product_cat?post=897"},{"taxonomy":"product_tag","embeddable":true,"href":"https:\/\/bertrand.pl\/fr\/wp-json\/wp\/v2\/product_tag?post=897"}],"curies":[{"name":"wp","href":"https:\/\/api.w.org\/{rel}","templated":true}]}}