{"id":912,"date":"2023-12-12T15:00:18","date_gmt":"2023-12-12T14:00:18","guid":{"rendered":"https:\/\/bertrand.pl\/?post_type=product&#038;p=912"},"modified":"2025-08-06T12:13:48","modified_gmt":"2025-08-06T10:13:48","slug":"mb-86-2","status":"publish","type":"product","link":"https:\/\/bertrand.pl\/fr\/produkt\/mb-86-2\/","title":{"rendered":"MB 86"},"content":{"rendered":"<p><strong>MB-86<\/strong> est un syst\u00e8me innovant de fen\u00eatres et de portes en aluminium, le premier au monde \u00e0 utiliser <strong>a\u00e9rogel<\/strong> \u2013 un mat\u00e9riau aux propri\u00e9t\u00e9s d\u2019isolation thermique exceptionnelles. Gr\u00e2ce \u00e0 cela, le syst\u00e8me r\u00e9pond aux exigences les plus \u00e9lev\u00e9es en termes d&#039;efficacit\u00e9 \u00e9nerg\u00e9tique, tout en offrant des possibilit\u00e9s de construction illimit\u00e9es.<\/p>\n<p>&nbsp;<\/p>\n<h4>Isolation thermique exceptionnelle<\/h4>\n<p>&nbsp;<\/p>\n<p>L&#039;utilisation d&#039;a\u00e9rogel dans le syst\u00e8me MB-86 en fait l&#039;une des meilleures solutions de protection thermique disponibles sur le march\u00e9. L\u2019excellente isolation rend ce syst\u00e8me id\u00e9al pour la construction \u00e0 la fois \u00e9conome en \u00e9nergie et passive. Cela vous permet de r\u00e9duire consid\u00e9rablement les co\u00fbts de chauffage et de maintenir une temp\u00e9rature confortable dans la pi\u00e8ce toute l&#039;ann\u00e9e.<\/p>\n<p>&nbsp;<\/p>\n<h4>Haute durabilit\u00e9 et grandes dimensions<\/h4>\n<p>&nbsp;<\/p>\n<p>Le syst\u00e8me MB-86 se d\u00e9marque \u00e9galement <strong>haute r\u00e9sistance des profils<\/strong>, ce qui permet la construction de structures de grandes dimensions et poids. Ceci est particuli\u00e8rement important dans le cas de conceptions architecturales modernes n\u00e9cessitant de grands vitrages. La stabilit\u00e9 de la structure garantit fiabilit\u00e9 et durabilit\u00e9 m\u00eame dans des conditions d&#039;exploitation difficiles.<\/p>\n<p>&nbsp;<\/p>\n<h4>Esth\u00e9tique et solutions modernes<\/h4>\n<p>&nbsp;<\/p>\n<p>Pour ceux qui recherchent des solutions esth\u00e9tiques minimalistes, la version z du syst\u00e8me est disponible <strong>Aile cach\u00e9e du MB-86US<\/strong>. Gr\u00e2ce \u00e0 cela, les structures semblent modernes et l\u00e9g\u00e8res, tout en conservant toutes les propri\u00e9t\u00e9s d&#039;isolation thermique et de durabilit\u00e9.<\/p>\n<p>&nbsp;<\/p>\n<h4>Pourquoi choisir ce syst\u00e8me ?<\/h4>\n<p>&nbsp;<\/p>\n<ul>\n<li><strong>Isolation thermique r\u00e9volutionnaire<\/strong> gr\u00e2ce \u00e0 l&#039;utilisation de l&#039;a\u00e9rogel.<\/li>\n<li><strong>Haute durabilit\u00e9<\/strong> les profils vous permettent de cr\u00e9er des structures grandes et lourdes.<\/li>\n<li><strong>Versatilit\u00e9<\/strong> \u2013 id\u00e9al aussi bien pour la construction passive que pour les projets modernes avec de grands vitrages.<\/li>\n<li><strong>Esth\u00e9tique<\/strong> \u2013 version avec aile cach\u00e9e (MB-86US) pour un design minimaliste.<\/li>\n<\/ul>\n<p>&nbsp;<\/p>\n<h4>Choisissez MB-86 \u2013 Innovation et fonctionnalit\u00e9<\/h4>\n<p>&nbsp;<\/p>\n<p>En choisissant le syst\u00e8me MB-86, vous investissez dans l&#039;avenir : une solution \u00e9conome en \u00e9nergie, durable et esth\u00e9tique qui saura r\u00e9pondre aux attentes des projets architecturaux les plus exigeants.<\/p>\n<p>&nbsp;<\/p>\n<p><img fetchpriority=\"high\" decoding=\"async\" class=\"alignnone wp-image-916 size-full\" src=\"https:\/\/bertrand.pl\/wp-content\/uploads\/2023\/12\/mb_60_photo1.jpg\" alt=\"\" width=\"649\" height=\"500\" srcset=\"https:\/\/bertrand.pl\/wp-content\/uploads\/2023\/12\/mb_60_photo1.jpg 649w, https:\/\/bertrand.pl\/wp-content\/uploads\/2023\/12\/mb_60_photo1-420x324.jpg 420w, https:\/\/bertrand.pl\/wp-content\/uploads\/2023\/12\/mb_60_photo1-600x462.jpg 600w\" sizes=\"(max-width: 649px) 100vw, 649px\" \/><\/p>\n<p>&nbsp;<\/p>\n<h4><strong><a href=\"https:\/\/bertrand.pl\/fr\/couleur\/\">Couleurs des fen\u00eatres et des portes<\/a><\/strong><\/h4>\n<p>&nbsp;<\/p>","protected":false},"excerpt":{"rendered":"<p><strong>FEN\u00caTRES MODERNES EN ALUMINIUM<\/strong><\/p>\n<p>Un syst\u00e8me de fen\u00eatres et de portes avec de tr\u00e8s bons param\u00e8tres qui lui permettent de r\u00e9pondre aux diff\u00e9rents besoins des utilisateurs. La conception de ses sections pr\u00e9sente trois variantes en fonction des exigences d&#039;\u00e9conomie d&#039;\u00e9nergie thermique : ST, SI et AERO.<\/p>","protected":false},"featured_media":920,"template":"","meta":{"site-sidebar-layout":"default","site-content-layout":"","ast-site-content-layout":"default","site-content-style":"default","site-sidebar-style":"default","ast-global-header-display":"","ast-banner-title-visibility":"","ast-main-header-display":"","ast-hfb-above-header-display":"","ast-hfb-below-header-display":"","ast-hfb-mobile-header-display":"","site-post-title":"","ast-breadcrumbs-content":"","ast-featured-img":"","footer-sml-layout":"","ast-disable-related-posts":"","theme-transparent-header-meta":"default","adv-header-id-meta":"","stick-header-meta":"","header-above-stick-meta":"","header-main-stick-meta":"","header-below-stick-meta":"","astra-migrate-meta-layouts":"set","ast-page-background-enabled":"default","ast-page-background-meta":{"desktop":{"background-color":"var(--ast-global-color-4)","background-image":"","background-repeat":"repeat","background-position":"center center","background-size":"auto","background-attachment":"scroll","background-type":"","background-media":"","overlay-type":"","overlay-color":"","overlay-opacity":"","overlay-gradient":""},"tablet":{"background-color":"","background-image":"","background-repeat":"repeat","background-position":"center center","background-size":"auto","background-attachment":"scroll","background-type":"","background-media":"","overlay-type":"","overlay-color":"","overlay-opacity":"","overlay-gradient":""},"mobile":{"background-color":"","background-image":"","background-repeat":"repeat","background-position":"center center","background-size":"auto","background-attachment":"scroll","background-type":"","background-media":"","overlay-type":"","overlay-color":"","overlay-opacity":"","overlay-gradient":""}},"ast-content-background-meta":{"desktop":{"background-color":"var(--ast-global-color-5)","background-image":"","background-repeat":"repeat","background-position":"center center","background-size":"auto","background-attachment":"scroll","background-type":"","background-media":"","overlay-type":"","overlay-color":"","overlay-opacity":"","overlay-gradient":""},"tablet":{"background-color":"var(--ast-global-color-5)","background-image":"","background-repeat":"repeat","background-position":"center center","background-size":"auto","background-attachment":"scroll","background-type":"","background-media":"","overlay-type":"","overlay-color":"","overlay-opacity":"","overlay-gradient":""},"mobile":{"background-color":"var(--ast-global-color-5)","background-image":"","background-repeat":"repeat","background-position":"center center","background-size":"auto","background-attachment":"scroll","background-type":"","background-media":"","overlay-type":"","overlay-color":"","overlay-opacity":"","overlay-gradient":""}}},"product_brand":[],"product_cat":[28],"product_tag":[193,349,168,326,367,368,432,339,311,352,195,344,346,398,361,366,174,194,323,350,363,315,324,351,359,169,314,362,348],"class_list":{"0":"post-912","1":"product","2":"type-product","3":"status-publish","4":"has-post-thumbnail","6":"product_cat-okna-aluminiowe","7":"product_tag-aluminium","8":"product_tag-aluprof","9":"product_tag-bertrand","10":"product_tag-budowa-domu","11":"product_tag-budownictwo","12":"product_tag-budownictwo-pasywne","13":"product_tag-certyfikaty","14":"product_tag-design","15":"product_tag-dobre-wlasciwosci-termiczne","16":"product_tag-dobreokna","17":"product_tag-drzwi-aluminiowe","18":"product_tag-duze-okna","19":"product_tag-duze-przestrzenie","20":"product_tag-izolacja-cieplna","21":"product_tag-jakosc","22":"product_tag-komfort","23":"product_tag-okna","24":"product_tag-okna-aluminiowe","25":"product_tag-okna-z-polski","26":"product_tag-oknabertrand","27":"product_tag-oknazpolski","28":"product_tag-okno-aluminiowe","29":"product_tag-okno-dla-domu","30":"product_tag-oknobertrand","31":"product_tag-premiumwindows","32":"product_tag-produkt","33":"product_tag-profil-okienny","34":"product_tag-quality","35":"product_tag-windows","36":"desktop-align-left","37":"tablet-align-left","38":"mobile-align-left","40":"first","41":"instock","42":"shipping-taxable","43":"product-type-simple"},"yoast_head":"<!-- This site is optimized with the Yoast SEO Premium plugin v27.2 (Yoast SEO v27.2) - https:\/\/yoast.com\/product\/yoast-seo-premium-wordpress\/ -->\n<title>MB 86 - Bertrand. Najwy\u017cszej jako\u015bci okna i drzwi. Certyfikowany producent od 1969 roku.<\/title>\n<meta name=\"description\" content=\"MB-86 \u2013 aluminiowe okna i drzwi z aero\u017celem. Doskona\u0142a izolacja termiczna, wytrzyma\u0142o\u015b\u0107 na du\u017ce gabaryty, ukryte skrzyd\u0142o MB-86US. Nowoczesno\u015b\u0107 i trwa\u0142o\u015b\u0107.\" \/>\n<meta name=\"robots\" content=\"index, follow, max-snippet:-1, max-image-preview:large, max-video-preview:-1\" \/>\n<link rel=\"canonical\" href=\"https:\/\/bertrand.pl\/fr\/produit\/mb-86-2\/\" \/>\n<meta property=\"og:locale\" content=\"fr_FR\" \/>\n<meta property=\"og:type\" content=\"article\" \/>\n<meta property=\"og:title\" content=\"MB 86\" \/>\n<meta property=\"og:description\" content=\"MB-86 \u2013 aluminiowe okna i drzwi z aero\u017celem. Doskona\u0142a izolacja termiczna, wytrzyma\u0142o\u015b\u0107 na du\u017ce gabaryty, ukryte skrzyd\u0142o MB-86US. Nowoczesno\u015b\u0107 i trwa\u0142o\u015b\u0107.\" \/>\n<meta property=\"og:url\" content=\"https:\/\/bertrand.pl\/fr\/produit\/mb-86-2\/\" \/>\n<meta property=\"og:site_name\" content=\"Bertrand. Najwy\u017cszej jako\u015bci okna i drzwi. Certyfikowany producent od 1969 roku.\" \/>\n<meta property=\"article:publisher\" content=\"https:\/\/www.facebook.com\/bertrandpolska\/\" \/>\n<meta property=\"article:modified_time\" content=\"2025-08-06T10:13:48+00:00\" \/>\n<meta property=\"og:image\" content=\"https:\/\/bertrand.pl\/wp-content\/uploads\/2023\/12\/20201127_bb_aluminium_mb-w86_si_czarny_strukturalny_biale_tlo_750px.webp\" \/>\n\t<meta property=\"og:image:width\" content=\"750\" \/>\n\t<meta property=\"og:image:height\" content=\"750\" \/>\n\t<meta property=\"og:image:type\" content=\"image\/webp\" \/>\n<meta name=\"twitter:card\" content=\"summary_large_image\" \/>\n<meta name=\"twitter:label1\" content=\"Dur\u00e9e de lecture estim\u00e9e\" \/>\n\t<meta name=\"twitter:data1\" content=\"2 minutes\" \/>\n<script type=\"application\/ld+json\" class=\"yoast-schema-graph\">{\"@context\":\"https:\/\/schema.org\",\"@graph\":[{\"@type\":\"WebPage\",\"@id\":\"https:\/\/bertrand.pl\/produkt\/mb-86-2\/\",\"url\":\"https:\/\/bertrand.pl\/produkt\/mb-86-2\/\",\"name\":\"MB 86 - Bertrand. Najwy\u017cszej jako\u015bci okna i drzwi. Certyfikowany producent od 1969 roku.\",\"isPartOf\":{\"@id\":\"https:\/\/bertrand.pl\/#website\"},\"primaryImageOfPage\":{\"@id\":\"https:\/\/bertrand.pl\/produkt\/mb-86-2\/#primaryimage\"},\"image\":{\"@id\":\"https:\/\/bertrand.pl\/produkt\/mb-86-2\/#primaryimage\"},\"thumbnailUrl\":\"https:\/\/bertrand.pl\/wp-content\/uploads\/2023\/12\/20201127_bb_aluminium_mb-w86_si_czarny_strukturalny_biale_tlo_750px.webp\",\"datePublished\":\"2023-12-12T14:00:18+00:00\",\"dateModified\":\"2025-08-06T10:13:48+00:00\",\"description\":\"MB-86 \u2013 aluminiowe okna i drzwi z aero\u017celem. Doskona\u0142a izolacja termiczna, wytrzyma\u0142o\u015b\u0107 na du\u017ce gabaryty, ukryte skrzyd\u0142o MB-86US. Nowoczesno\u015b\u0107 i trwa\u0142o\u015b\u0107.\",\"breadcrumb\":{\"@id\":\"https:\/\/bertrand.pl\/produkt\/mb-86-2\/#breadcrumb\"},\"inLanguage\":\"fr-FR\",\"potentialAction\":[{\"@type\":\"ReadAction\",\"target\":[\"https:\/\/bertrand.pl\/produkt\/mb-86-2\/\"]}]},{\"@type\":\"ImageObject\",\"inLanguage\":\"fr-FR\",\"@id\":\"https:\/\/bertrand.pl\/produkt\/mb-86-2\/#primaryimage\",\"url\":\"https:\/\/bertrand.pl\/wp-content\/uploads\/2023\/12\/20201127_bb_aluminium_mb-w86_si_czarny_strukturalny_biale_tlo_750px.webp\",\"contentUrl\":\"https:\/\/bertrand.pl\/wp-content\/uploads\/2023\/12\/20201127_bb_aluminium_mb-w86_si_czarny_strukturalny_biale_tlo_750px.webp\",\"width\":750,\"height\":750},{\"@type\":\"BreadcrumbList\",\"@id\":\"https:\/\/bertrand.pl\/produkt\/mb-86-2\/#breadcrumb\",\"itemListElement\":[{\"@type\":\"ListItem\",\"position\":1,\"name\":\"Strona g\u0142\u00f3wna\",\"item\":\"https:\/\/bertrand.pl\/\"},{\"@type\":\"ListItem\",\"position\":2,\"name\":\"Produits\",\"item\":\"https:\/\/bertrand.pl\/fr\/shop\/\"},{\"@type\":\"ListItem\",\"position\":3,\"name\":\"MB 86\"}]},{\"@type\":\"WebSite\",\"@id\":\"https:\/\/bertrand.pl\/#website\",\"url\":\"https:\/\/bertrand.pl\/\",\"name\":\"Bertrand.pl\",\"description\":\"Firma Bertrand to certyfikowany i uznany producent najwy\u017cszej jako\u015bci okien z PVC, z drewna lub aluminium. Produkcja drzwi, rolet i bram gara\u017cowych.\",\"publisher\":{\"@id\":\"https:\/\/bertrand.pl\/#organization\"},\"potentialAction\":[{\"@type\":\"SearchAction\",\"target\":{\"@type\":\"EntryPoint\",\"urlTemplate\":\"https:\/\/bertrand.pl\/?s={search_term_string}\"},\"query-input\":{\"@type\":\"PropertyValueSpecification\",\"valueRequired\":true,\"valueName\":\"search_term_string\"}}],\"inLanguage\":\"fr-FR\"},{\"@type\":\"Organization\",\"@id\":\"https:\/\/bertrand.pl\/#organization\",\"name\":\"Bertrand.pl\",\"url\":\"https:\/\/bertrand.pl\/\",\"logo\":{\"@type\":\"ImageObject\",\"inLanguage\":\"fr-FR\",\"@id\":\"https:\/\/bertrand.pl\/#\/schema\/logo\/image\/\",\"url\":\"https:\/\/bertrand.pl\/wp-content\/uploads\/2024\/12\/logo_BB_TM_PL_black.png\",\"contentUrl\":\"https:\/\/bertrand.pl\/wp-content\/uploads\/2024\/12\/logo_BB_TM_PL_black.png\",\"width\":1831,\"height\":1831,\"caption\":\"Bertrand.pl\"},\"image\":{\"@id\":\"https:\/\/bertrand.pl\/#\/schema\/logo\/image\/\"},\"sameAs\":[\"https:\/\/www.facebook.com\/bertrandpolska\/\",\"https:\/\/www.instagram.com\/bertrand_okna_i_drzwi\/\",\"https:\/\/www.linkedin.com\/company\/bertrand\/\",\"https:\/\/www.tiktok.com\/@bertrand_okna_drzwi\"]}]}<\/script>\n<!-- \/ Yoast SEO Premium plugin. -->","yoast_head_json":{"title":"MB 86 - Bertrand. Najwy\u017cszej jako\u015bci okna i drzwi. Certyfikowany producent od 1969 roku.","description":"MB-86 \u2013 fen\u00eatres et portes en aluminium avec a\u00e9rogel. Excellente isolation thermique, r\u00e9sistance aux grandes dimensions, vantail de porte cach\u00e9 MB-86US. Modernit\u00e9 et durabilit\u00e9.","robots":{"index":"index","follow":"follow","max-snippet":"max-snippet:-1","max-image-preview":"max-image-preview:large","max-video-preview":"max-video-preview:-1"},"canonical":"https:\/\/bertrand.pl\/fr\/produit\/mb-86-2\/","og_locale":"fr_FR","og_type":"article","og_title":"MB 86","og_description":"MB-86 \u2013 aluminiowe okna i drzwi z aero\u017celem. Doskona\u0142a izolacja termiczna, wytrzyma\u0142o\u015b\u0107 na du\u017ce gabaryty, ukryte skrzyd\u0142o MB-86US. Nowoczesno\u015b\u0107 i trwa\u0142o\u015b\u0107.","og_url":"https:\/\/bertrand.pl\/fr\/produit\/mb-86-2\/","og_site_name":"Bertrand. Najwy\u017cszej jako\u015bci okna i drzwi. Certyfikowany producent od 1969 roku.","article_publisher":"https:\/\/www.facebook.com\/bertrandpolska\/","article_modified_time":"2025-08-06T10:13:48+00:00","og_image":[{"width":750,"height":750,"url":"https:\/\/bertrand.pl\/wp-content\/uploads\/2023\/12\/20201127_bb_aluminium_mb-w86_si_czarny_strukturalny_biale_tlo_750px.webp","type":"image\/webp"}],"twitter_card":"summary_large_image","twitter_misc":{"Dur\u00e9e de lecture estim\u00e9e":"2 minutes"},"schema":{"@context":"https:\/\/schema.org","@graph":[{"@type":"WebPage","@id":"https:\/\/bertrand.pl\/produkt\/mb-86-2\/","url":"https:\/\/bertrand.pl\/produkt\/mb-86-2\/","name":"MB 86 - Bertrand. Najwy\u017cszej jako\u015bci okna i drzwi. Certyfikowany producent od 1969 roku.","isPartOf":{"@id":"https:\/\/bertrand.pl\/#website"},"primaryImageOfPage":{"@id":"https:\/\/bertrand.pl\/produkt\/mb-86-2\/#primaryimage"},"image":{"@id":"https:\/\/bertrand.pl\/produkt\/mb-86-2\/#primaryimage"},"thumbnailUrl":"https:\/\/bertrand.pl\/wp-content\/uploads\/2023\/12\/20201127_bb_aluminium_mb-w86_si_czarny_strukturalny_biale_tlo_750px.webp","datePublished":"2023-12-12T14:00:18+00:00","dateModified":"2025-08-06T10:13:48+00:00","description":"MB-86 \u2013 fen\u00eatres et portes en aluminium avec a\u00e9rogel. Excellente isolation thermique, r\u00e9sistance aux grandes dimensions, vantail de porte cach\u00e9 MB-86US. Modernit\u00e9 et durabilit\u00e9.","breadcrumb":{"@id":"https:\/\/bertrand.pl\/produkt\/mb-86-2\/#breadcrumb"},"inLanguage":"fr-FR","potentialAction":[{"@type":"ReadAction","target":["https:\/\/bertrand.pl\/produkt\/mb-86-2\/"]}]},{"@type":"ImageObject","inLanguage":"fr-FR","@id":"https:\/\/bertrand.pl\/produkt\/mb-86-2\/#primaryimage","url":"https:\/\/bertrand.pl\/wp-content\/uploads\/2023\/12\/20201127_bb_aluminium_mb-w86_si_czarny_strukturalny_biale_tlo_750px.webp","contentUrl":"https:\/\/bertrand.pl\/wp-content\/uploads\/2023\/12\/20201127_bb_aluminium_mb-w86_si_czarny_strukturalny_biale_tlo_750px.webp","width":750,"height":750},{"@type":"BreadcrumbList","@id":"https:\/\/bertrand.pl\/produkt\/mb-86-2\/#breadcrumb","itemListElement":[{"@type":"ListItem","position":1,"name":"Strona g\u0142\u00f3wna","item":"https:\/\/bertrand.pl\/"},{"@type":"ListItem","position":2,"name":"Produits","item":"https:\/\/bertrand.pl\/fr\/shop\/"},{"@type":"ListItem","position":3,"name":"MB 86"}]},{"@type":"WebSite","@id":"https:\/\/bertrand.pl\/#website","url":"https:\/\/bertrand.pl\/","name":"Bertrand.pl","description":"Firma Bertrand to certyfikowany i uznany producent najwy\u017cszej jako\u015bci okien z PVC, z drewna lub aluminium. Produkcja drzwi, rolet i bram gara\u017cowych.","publisher":{"@id":"https:\/\/bertrand.pl\/#organization"},"potentialAction":[{"@type":"SearchAction","target":{"@type":"EntryPoint","urlTemplate":"https:\/\/bertrand.pl\/?s={search_term_string}"},"query-input":{"@type":"PropertyValueSpecification","valueRequired":true,"valueName":"search_term_string"}}],"inLanguage":"fr-FR"},{"@type":"Organization","@id":"https:\/\/bertrand.pl\/#organization","name":"Bertrand.pl","url":"https:\/\/bertrand.pl\/","logo":{"@type":"ImageObject","inLanguage":"fr-FR","@id":"https:\/\/bertrand.pl\/#\/schema\/logo\/image\/","url":"https:\/\/bertrand.pl\/wp-content\/uploads\/2024\/12\/logo_BB_TM_PL_black.png","contentUrl":"https:\/\/bertrand.pl\/wp-content\/uploads\/2024\/12\/logo_BB_TM_PL_black.png","width":1831,"height":1831,"caption":"Bertrand.pl"},"image":{"@id":"https:\/\/bertrand.pl\/#\/schema\/logo\/image\/"},"sameAs":["https:\/\/www.facebook.com\/bertrandpolska\/","https:\/\/www.instagram.com\/bertrand_okna_i_drzwi\/","https:\/\/www.linkedin.com\/company\/bertrand\/","https:\/\/www.tiktok.com\/@bertrand_okna_drzwi"]}]}},"_links":{"self":[{"href":"https:\/\/bertrand.pl\/fr\/wp-json\/wp\/v2\/product\/912","targetHints":{"allow":["GET"]}}],"collection":[{"href":"https:\/\/bertrand.pl\/fr\/wp-json\/wp\/v2\/product"}],"about":[{"href":"https:\/\/bertrand.pl\/fr\/wp-json\/wp\/v2\/types\/product"}],"wp:featuredmedia":[{"embeddable":true,"href":"https:\/\/bertrand.pl\/fr\/wp-json\/wp\/v2\/media\/920"}],"wp:attachment":[{"href":"https:\/\/bertrand.pl\/fr\/wp-json\/wp\/v2\/media?parent=912"}],"wp:term":[{"taxonomy":"product_brand","embeddable":true,"href":"https:\/\/bertrand.pl\/fr\/wp-json\/wp\/v2\/product_brand?post=912"},{"taxonomy":"product_cat","embeddable":true,"href":"https:\/\/bertrand.pl\/fr\/wp-json\/wp\/v2\/product_cat?post=912"},{"taxonomy":"product_tag","embeddable":true,"href":"https:\/\/bertrand.pl\/fr\/wp-json\/wp\/v2\/product_tag?post=912"}],"curies":[{"name":"wp","href":"https:\/\/api.w.org\/{rel}","templated":true}]}}