{"id":921,"date":"2025-08-06T11:22:40","date_gmt":"2025-08-06T09:22:40","guid":{"rendered":"https:\/\/bertrand.pl\/?post_type=product&#038;p=921"},"modified":"2026-02-03T15:48:10","modified_gmt":"2026-02-03T14:48:10","slug":"mb79n","status":"publish","type":"product","link":"https:\/\/bertrand.pl\/fr\/produkt\/mb79n\/","title":{"rendered":"MB 79N"},"content":{"rendered":"<h4><strong>Fen\u00eatre MB79N \u2013 une combinaison parfaite de style, de confort et d\u2019efficacit\u00e9 \u00e9nerg\u00e9tique<\/strong><\/h4>\n<p>&nbsp;<\/p>\n<p>Apportez-le chez vous <strong>fen\u00eatre MB79N<\/strong>, qui allie un design moderne \u00e0 une excellente isolation thermique. Gr\u00e2ce \u00e0 l&#039;utilisation de technologies avanc\u00e9es et de mat\u00e9riaux de haute qualit\u00e9, le syst\u00e8me MB79N SI offre \u00e0 la fois une esth\u00e9tique et une fonctionnalit\u00e9 qui r\u00e9pondront aux exigences de tout projet. De plus, la possibilit\u00e9 de cr\u00e9er diverses structures de fen\u00eatres et de portes en fait une solution extr\u00eamement universelle.<\/p>\n<p>&nbsp;<\/p>\n<h4><strong>\u00c9l\u00e9gance et design moderne<\/strong><\/h4>\n<p>&nbsp;<\/p>\n<h4><strong>1. Forme minimaliste pour n\u2019importe quel int\u00e9rieur<\/strong><\/h4>\n<ul>\n<li>La fen\u00eatre MB79N a \u00e9t\u00e9 con\u00e7ue selon les tendances contemporaines, elle s&#039;int\u00e8gre donc parfaitement dans diff\u00e9rents styles d&#039;int\u00e9rieur.<\/li>\n<li>De plus, des lignes subtiles et une finition soign\u00e9e conf\u00e8rent aux pi\u00e8ces un caract\u00e8re \u00e9l\u00e9gant et raffin\u00e9.<\/li>\n<\/ul>\n<h4><strong>2. Durabilit\u00e9 et r\u00e9sistance pendant des ann\u00e9es<\/strong><\/h4>\n<ul>\n<li>L&#039;utilisation de mat\u00e9riaux de la plus haute qualit\u00e9 garantit la durabilit\u00e9 et la r\u00e9sistance de la fen\u00eatre aux intemp\u00e9ries.<\/li>\n<li>De plus, la construction solide minimise le besoin d\u2019entretien fr\u00e9quent, ce qui augmente \u00e9galement la commodit\u00e9 d\u2019utilisation.<\/li>\n<\/ul>\n<h4><\/h4>\n<h4><strong>Efficacit\u00e9 \u00e9nerg\u00e9tique au plus haut niveau<\/strong><\/h4>\n<p>&nbsp;<\/p>\n<h4><strong>1. Excellentes propri\u00e9t\u00e9s d&#039;isolation thermique<\/strong><\/h4>\n<ul>\n<li>Gr\u00e2ce \u00e0 l&#039;utilisation de technologies d&#039;isolation avanc\u00e9es, le MB79N r\u00e9duit efficacement les pertes de chaleur.<\/li>\n<li>De plus, une installation \u00e9tanche et un r\u00e9glage pr\u00e9cis de la fen\u00eatre r\u00e9duisent les risques de courants d&#039;air, ce qui assure un confort thermique toute l&#039;ann\u00e9e.<\/li>\n<\/ul>\n<h4><strong>2. \u00c9conomie d&#039;\u00e9nergie et protection de l&#039;environnement<\/strong><\/h4>\n<ul>\n<li>R\u00e9duire les d\u00e9perditions de chaleur se traduit par une baisse des factures de chauffage, ce qui signifie de r\u00e9elles \u00e9conomies.<\/li>\n<li>De plus, les propri\u00e9t\u00e9s d&#039;\u00e9conomie d&#039;\u00e9nergie de la fen\u00eatre soutiennent une approche \u00e9cologique de la gestion de l&#039;\u00e9nergie, ce qui la rend respectueuse de l&#039;environnement.<\/li>\n<\/ul>\n<h3><\/h3>\n<h4><strong>Pourquoi vaut-il la peine de choisir la fen\u00eatre MB79N ?<\/strong><\/h4>\n<p>&nbsp;<\/p>\n<ol>\n<li><strong>Style et modernit\u00e9<\/strong> \u2013 le design minimaliste donne \u00e0 l\u2019int\u00e9rieur un caract\u00e8re unique.<\/li>\n<li><strong>\u00c9conomie d&#039;\u00e9nergie<\/strong> \u2013 d&#039;excellentes propri\u00e9t\u00e9s d&#039;isolation thermique r\u00e9duisent les co\u00fbts de chauffage et de refroidissement des b\u00e2timents.<\/li>\n<li><strong>Confort thermique<\/strong> \u2013 une finition pr\u00e9cise \u00e9limine les courants d&#039;air, ce qui assure un microclimat agr\u00e9able dans les pi\u00e8ces.<\/li>\n<li><strong>Durabilit\u00e9 et fiabilit\u00e9<\/strong> \u2013 des mat\u00e9riaux solides garantissent long\u00e9vit\u00e9 et r\u00e9sistance aux conditions climatiques difficiles.<\/li>\n<li><strong>Polyvalence des applications<\/strong> \u2013 vous permet de cr\u00e9er une vari\u00e9t\u00e9 de structures de fen\u00eatres et de portes, ce qui vous permet de les adapter \u00e0 n&#039;importe quel design.<\/li>\n<\/ol>\n<h3><\/h3>\n<p>&nbsp;<\/p>\n<p><strong>Fen\u00eatre MB79N<\/strong> est une combinaison harmonieuse de style moderne, de durabilit\u00e9 et d\u2019excellente efficacit\u00e9 \u00e9nerg\u00e9tique. Gr\u00e2ce \u00e0 l&#039;utilisation de solutions innovantes, \u00e0 une forme minimaliste et \u00e0 une isolation thermique avanc\u00e9e, ce syst\u00e8me r\u00e9pond aux attentes tant en termes d&#039;esth\u00e9tique que de fonctionnalit\u00e9. Choisissez MB79N et profitez du confort, des \u00e9conomies et d&#039;un design unique dans votre maison.<\/p>\n<p>&nbsp;<\/p>\n<p><img fetchpriority=\"high\" decoding=\"async\" class=\"alignnone size-medium wp-image-7942\" src=\"https:\/\/bertrand.pl\/wp-content\/uploads\/2025\/08\/mb79_rys-420x391.png\" alt=\"\" width=\"420\" height=\"391\" srcset=\"https:\/\/bertrand.pl\/wp-content\/uploads\/2025\/08\/mb79_rys-420x391.png 420w, https:\/\/bertrand.pl\/wp-content\/uploads\/2025\/08\/mb79_rys-13x12.png 13w, https:\/\/bertrand.pl\/wp-content\/uploads\/2025\/08\/mb79_rys.png 493w\" sizes=\"(max-width: 420px) 100vw, 420px\" \/><\/p>\n<p>&nbsp;<\/p>\n<p><strong>Choisissez MB79N - une fen\u00eatre qui allie style et chaleur en parfaite harmonie !<\/strong><\/p>\n<p>&nbsp;<\/p>\n<figure id=\"attachment_3262\" aria-describedby=\"caption-attachment-3262\" style=\"width: 2560px\" class=\"wp-caption aligncenter\"><img decoding=\"async\" class=\"wp-image-3262 size-full\" title=\"MB 79N\" src=\"https:\/\/bertrand.pl\/wp-content\/uploads\/2023\/12\/montecasino-3-1-scaled.jpg\" alt=\"MB 79N est la combinaison parfaite de style, d\u2019efficacit\u00e9 \u00e9nerg\u00e9tique et de durabilit\u00e9. \" width=\"2560\" height=\"1707\" srcset=\"https:\/\/bertrand.pl\/wp-content\/uploads\/2023\/12\/montecasino-3-1-scaled.jpg 2560w, https:\/\/bertrand.pl\/wp-content\/uploads\/2023\/12\/montecasino-3-1-420x280.jpg 420w, https:\/\/bertrand.pl\/wp-content\/uploads\/2023\/12\/montecasino-3-1-1360x907.jpg 1360w, https:\/\/bertrand.pl\/wp-content\/uploads\/2023\/12\/montecasino-3-1-768x512.jpg 768w, https:\/\/bertrand.pl\/wp-content\/uploads\/2023\/12\/montecasino-3-1-1536x1024.jpg 1536w, https:\/\/bertrand.pl\/wp-content\/uploads\/2023\/12\/montecasino-3-1-2048x1365.jpg 2048w, https:\/\/bertrand.pl\/wp-content\/uploads\/2023\/12\/montecasino-3-1-18x12.jpg 18w, https:\/\/bertrand.pl\/wp-content\/uploads\/2023\/12\/montecasino-3-1-600x400.jpg 600w\" sizes=\"(max-width: 2560px) 100vw, 2560px\" \/><figcaption id=\"caption-attachment-3262\" class=\"wp-caption-text\">R\u00e9alisation par Bertrand avec fen\u00eatres MB 79N.<\/figcaption><\/figure>\n<p>&nbsp;<\/p>\n<p>Veuillez contacter notre service commercial pour obtenir plus d&#039;informations sur ce produit et pour discuter des options de personnalisation disponibles adapt\u00e9es \u00e0 vos besoins et pr\u00e9f\u00e9rences individuels.<\/p>\n<p>&nbsp;<\/p>\n<h4><strong>VOIR AUSSI :\u00a0<\/strong><\/h4>\n<p>&nbsp;<\/p>\n<h4><a href=\"https:\/\/www.youtube.com\/watch?v=vzA4OHyNgz8&amp;t=3s\">Fen\u00eatre MB79N avec technologie Infratherm par Bertrand<\/a><\/h4>\n<h4><strong><a href=\"https:\/\/bertrand.pl\/fr\/couleur\/\">Couleurs des fen\u00eatres et des portes<\/a><\/strong><\/h4>\n<p>&nbsp;<\/p>","protected":false},"excerpt":{"rendered":"<p><strong>SYST\u00c8ME DE FEN\u00caTRES ET DE PORTES AVEC ISOLATION THERMIQUE<\/strong><\/p>\n<p>MB 79N SI est un syst\u00e8me de portes et fen\u00eatres moderne. Il a \u00e9t\u00e9 introduit pour r\u00e9pondre aux exigences accrues en mati\u00e8re d&#039;isolation thermique. Il est utilis\u00e9 pour r\u00e9aliser des structures comprenant : des fen\u00eatres fixes, des fen\u00eatres \u00e0 battants, des fen\u00eatres basculantes, des fen\u00eatres oscillo-battantes, des fen\u00eatres oscillo-coulissantes, ainsi que des portes ext\u00e9rieures \u00e0 un et deux vantaux et des solutions vitrines avec portes. MB-79N SI est la variante avec la meilleure isolation thermique, avec des profil\u00e9s \u00e9quip\u00e9s d&#039;inserts isolants et d&#039;un joint central \u00e0 deux composants.<\/p>\n<p>&nbsp;<\/p>","protected":false},"featured_media":922,"template":"","meta":{"site-sidebar-layout":"default","site-content-layout":"","ast-site-content-layout":"default","site-content-style":"default","site-sidebar-style":"default","ast-global-header-display":"","ast-banner-title-visibility":"","ast-main-header-display":"","ast-hfb-above-header-display":"","ast-hfb-below-header-display":"","ast-hfb-mobile-header-display":"","site-post-title":"","ast-breadcrumbs-content":"","ast-featured-img":"","footer-sml-layout":"","ast-disable-related-posts":"","theme-transparent-header-meta":"default","adv-header-id-meta":"","stick-header-meta":"","header-above-stick-meta":"","header-main-stick-meta":"","header-below-stick-meta":"","astra-migrate-meta-layouts":"set","ast-page-background-enabled":"default","ast-page-background-meta":{"desktop":{"background-color":"var(--ast-global-color-4)","background-image":"","background-repeat":"repeat","background-position":"center center","background-size":"auto","background-attachment":"scroll","background-type":"","background-media":"","overlay-type":"","overlay-color":"","overlay-opacity":"","overlay-gradient":""},"tablet":{"background-color":"","background-image":"","background-repeat":"repeat","background-position":"center center","background-size":"auto","background-attachment":"scroll","background-type":"","background-media":"","overlay-type":"","overlay-color":"","overlay-opacity":"","overlay-gradient":""},"mobile":{"background-color":"","background-image":"","background-repeat":"repeat","background-position":"center center","background-size":"auto","background-attachment":"scroll","background-type":"","background-media":"","overlay-type":"","overlay-color":"","overlay-opacity":"","overlay-gradient":""}},"ast-content-background-meta":{"desktop":{"background-color":"var(--ast-global-color-5)","background-image":"","background-repeat":"repeat","background-position":"center center","background-size":"auto","background-attachment":"scroll","background-type":"","background-media":"","overlay-type":"","overlay-color":"","overlay-opacity":"","overlay-gradient":""},"tablet":{"background-color":"var(--ast-global-color-5)","background-image":"","background-repeat":"repeat","background-position":"center center","background-size":"auto","background-attachment":"scroll","background-type":"","background-media":"","overlay-type":"","overlay-color":"","overlay-opacity":"","overlay-gradient":""},"mobile":{"background-color":"var(--ast-global-color-5)","background-image":"","background-repeat":"repeat","background-position":"center center","background-size":"auto","background-attachment":"scroll","background-type":"","background-media":"","overlay-type":"","overlay-color":"","overlay-opacity":"","overlay-gradient":""}}},"product_brand":[],"product_cat":[28],"product_tag":[193,349,168,311,352,195,344,1245,1219,405,722,1241,646,649,1243,174,194,1248,350,315,324,1240,351,169,314,1242,1247,1246,1244,348],"class_list":{"0":"post-921","1":"product","2":"type-product","3":"status-publish","4":"has-post-thumbnail","6":"product_cat-okna-aluminiowe","7":"product_tag-aluminium","8":"product_tag-aluprof","9":"product_tag-bertrand","10":"product_tag-dobre-wlasciwosci-termiczne","11":"product_tag-dobreokna","12":"product_tag-drzwi-aluminiowe","13":"product_tag-duze-okna","14":"product_tag-ekologiczne-zarzadzanie-energia","15":"product_tag-energooszczedne-okna","16":"product_tag-izolacja-termiczna","17":"product_tag-komfort-cieplny","18":"product_tag-mb79n-si","19":"product_tag-minimalistyczny-design","20":"product_tag-nowoczesna-architektura","21":"product_tag-nowoczesny-design-okien","22":"product_tag-okna","23":"product_tag-okna-aluminiowe","24":"product_tag-okna-o-wysokiej-efektywnosci-energetycznej","25":"product_tag-oknabertrand","26":"product_tag-okno-aluminiowe","27":"product_tag-okno-dla-domu","28":"product_tag-okno-mb79n","29":"product_tag-oknobertrand","30":"product_tag-produkt","31":"product_tag-profil-okienny","32":"product_tag-redukcja-kosztow-energii","33":"product_tag-stylowe-okna","34":"product_tag-szczelny-montaz-okien","35":"product_tag-trwale-okna","36":"product_tag-windows","37":"desktop-align-left","38":"tablet-align-left","39":"mobile-align-left","41":"first","42":"instock","43":"shipping-taxable","44":"product-type-simple"},"yoast_head":"<!-- This site is optimized with the Yoast SEO Premium plugin v27.2 (Yoast SEO v27.2) - https:\/\/yoast.com\/product\/yoast-seo-premium-wordpress\/ -->\n<title>MB 79N - Bertrand. Najwy\u017cszej jako\u015bci okna i drzwi. Certyfikowany producent od 1969 roku.<\/title>\n<meta name=\"description\" content=\"Okno MB79N \u0142\u0105czy nowoczesny design z doskona\u0142\u0105 izolacj\u0105 termiczn\u0105. To po\u0142\u0105czenie nowoczesnego stylu, trwa\u0142o\u015bci i doskona\u0142ej efektywno\u015bci energetycznej.\" \/>\n<meta name=\"robots\" content=\"index, follow, max-snippet:-1, max-image-preview:large, max-video-preview:-1\" \/>\n<link rel=\"canonical\" href=\"https:\/\/bertrand.pl\/fr\/produit\/mb79n\/\" \/>\n<meta property=\"og:locale\" content=\"fr_FR\" \/>\n<meta property=\"og:type\" content=\"article\" \/>\n<meta property=\"og:title\" content=\"MB 79N\" \/>\n<meta property=\"og:description\" content=\"Okno MB79N \u0142\u0105czy nowoczesny design z doskona\u0142\u0105 izolacj\u0105 termiczn\u0105. To po\u0142\u0105czenie nowoczesnego stylu, trwa\u0142o\u015bci i doskona\u0142ej efektywno\u015bci energetycznej.\" \/>\n<meta property=\"og:url\" content=\"https:\/\/bertrand.pl\/fr\/produit\/mb79n\/\" \/>\n<meta property=\"og:site_name\" content=\"Bertrand. Najwy\u017cszej jako\u015bci okna i drzwi. Certyfikowany producent od 1969 roku.\" \/>\n<meta property=\"article:publisher\" content=\"https:\/\/www.facebook.com\/bertrandpolska\/\" \/>\n<meta property=\"article:modified_time\" content=\"2026-02-03T14:48:10+00:00\" \/>\n<meta property=\"og:image\" content=\"https:\/\/bertrand.pl\/wp-content\/uploads\/2023\/12\/20210416_bb_aluminium_mb-79n_si_czarny_strukturalny_750px.webp\" \/>\n\t<meta property=\"og:image:width\" content=\"750\" \/>\n\t<meta property=\"og:image:height\" content=\"750\" \/>\n\t<meta property=\"og:image:type\" content=\"image\/webp\" \/>\n<meta name=\"twitter:card\" content=\"summary_large_image\" \/>\n<meta name=\"twitter:label1\" content=\"Dur\u00e9e de lecture estim\u00e9e\" \/>\n\t<meta name=\"twitter:data1\" content=\"3 minutes\" \/>\n<script type=\"application\/ld+json\" class=\"yoast-schema-graph\">{\"@context\":\"https:\/\/schema.org\",\"@graph\":[{\"@type\":\"WebPage\",\"@id\":\"https:\/\/bertrand.pl\/produkt\/mb79n\/\",\"url\":\"https:\/\/bertrand.pl\/produkt\/mb79n\/\",\"name\":\"MB 79N - Bertrand. Najwy\u017cszej jako\u015bci okna i drzwi. Certyfikowany producent od 1969 roku.\",\"isPartOf\":{\"@id\":\"https:\/\/bertrand.pl\/#website\"},\"primaryImageOfPage\":{\"@id\":\"https:\/\/bertrand.pl\/produkt\/mb79n\/#primaryimage\"},\"image\":{\"@id\":\"https:\/\/bertrand.pl\/produkt\/mb79n\/#primaryimage\"},\"thumbnailUrl\":\"https:\/\/bertrand.pl\/wp-content\/uploads\/2023\/12\/20210416_bb_aluminium_mb-79n_si_czarny_strukturalny_750px.webp\",\"datePublished\":\"2025-08-06T09:22:40+00:00\",\"dateModified\":\"2026-02-03T14:48:10+00:00\",\"description\":\"Okno MB79N \u0142\u0105czy nowoczesny design z doskona\u0142\u0105 izolacj\u0105 termiczn\u0105. To po\u0142\u0105czenie nowoczesnego stylu, trwa\u0142o\u015bci i doskona\u0142ej efektywno\u015bci energetycznej.\",\"breadcrumb\":{\"@id\":\"https:\/\/bertrand.pl\/produkt\/mb79n\/#breadcrumb\"},\"inLanguage\":\"fr-FR\",\"potentialAction\":[{\"@type\":\"ReadAction\",\"target\":[\"https:\/\/bertrand.pl\/produkt\/mb79n\/\"]}]},{\"@type\":\"ImageObject\",\"inLanguage\":\"fr-FR\",\"@id\":\"https:\/\/bertrand.pl\/produkt\/mb79n\/#primaryimage\",\"url\":\"https:\/\/bertrand.pl\/wp-content\/uploads\/2023\/12\/20210416_bb_aluminium_mb-79n_si_czarny_strukturalny_750px.webp\",\"contentUrl\":\"https:\/\/bertrand.pl\/wp-content\/uploads\/2023\/12\/20210416_bb_aluminium_mb-79n_si_czarny_strukturalny_750px.webp\",\"width\":750,\"height\":750},{\"@type\":\"BreadcrumbList\",\"@id\":\"https:\/\/bertrand.pl\/produkt\/mb79n\/#breadcrumb\",\"itemListElement\":[{\"@type\":\"ListItem\",\"position\":1,\"name\":\"Strona g\u0142\u00f3wna\",\"item\":\"https:\/\/bertrand.pl\/\"},{\"@type\":\"ListItem\",\"position\":2,\"name\":\"Produits\",\"item\":\"https:\/\/bertrand.pl\/fr\/shop\/\"},{\"@type\":\"ListItem\",\"position\":3,\"name\":\"MB 79N\"}]},{\"@type\":\"WebSite\",\"@id\":\"https:\/\/bertrand.pl\/#website\",\"url\":\"https:\/\/bertrand.pl\/\",\"name\":\"Bertrand.pl\",\"description\":\"Firma Bertrand to certyfikowany i uznany producent najwy\u017cszej jako\u015bci okien z PVC, z drewna lub aluminium. Produkcja drzwi, rolet i bram gara\u017cowych.\",\"publisher\":{\"@id\":\"https:\/\/bertrand.pl\/#organization\"},\"potentialAction\":[{\"@type\":\"SearchAction\",\"target\":{\"@type\":\"EntryPoint\",\"urlTemplate\":\"https:\/\/bertrand.pl\/?s={search_term_string}\"},\"query-input\":{\"@type\":\"PropertyValueSpecification\",\"valueRequired\":true,\"valueName\":\"search_term_string\"}}],\"inLanguage\":\"fr-FR\"},{\"@type\":\"Organization\",\"@id\":\"https:\/\/bertrand.pl\/#organization\",\"name\":\"Bertrand.pl\",\"url\":\"https:\/\/bertrand.pl\/\",\"logo\":{\"@type\":\"ImageObject\",\"inLanguage\":\"fr-FR\",\"@id\":\"https:\/\/bertrand.pl\/#\/schema\/logo\/image\/\",\"url\":\"https:\/\/bertrand.pl\/wp-content\/uploads\/2024\/12\/logo_BB_TM_PL_black.png\",\"contentUrl\":\"https:\/\/bertrand.pl\/wp-content\/uploads\/2024\/12\/logo_BB_TM_PL_black.png\",\"width\":1831,\"height\":1831,\"caption\":\"Bertrand.pl\"},\"image\":{\"@id\":\"https:\/\/bertrand.pl\/#\/schema\/logo\/image\/\"},\"sameAs\":[\"https:\/\/www.facebook.com\/bertrandpolska\/\",\"https:\/\/www.instagram.com\/bertrand_okna_i_drzwi\/\",\"https:\/\/www.linkedin.com\/company\/bertrand\/\",\"https:\/\/www.tiktok.com\/@bertrand_okna_drzwi\"]}]}<\/script>\n<!-- \/ Yoast SEO Premium plugin. -->","yoast_head_json":{"title":"MB 79N - Bertrand. Najwy\u017cszej jako\u015bci okna i drzwi. Certyfikowany producent od 1969 roku.","description":"La fen\u00eatre MB79N allie un design moderne \u00e0 une excellente isolation thermique. C&#039;est une combinaison de style moderne, de durabilit\u00e9 et d&#039;excellente efficacit\u00e9 \u00e9nerg\u00e9tique.","robots":{"index":"index","follow":"follow","max-snippet":"max-snippet:-1","max-image-preview":"max-image-preview:large","max-video-preview":"max-video-preview:-1"},"canonical":"https:\/\/bertrand.pl\/fr\/produit\/mb79n\/","og_locale":"fr_FR","og_type":"article","og_title":"MB 79N","og_description":"Okno MB79N \u0142\u0105czy nowoczesny design z doskona\u0142\u0105 izolacj\u0105 termiczn\u0105. To po\u0142\u0105czenie nowoczesnego stylu, trwa\u0142o\u015bci i doskona\u0142ej efektywno\u015bci energetycznej.","og_url":"https:\/\/bertrand.pl\/fr\/produit\/mb79n\/","og_site_name":"Bertrand. Najwy\u017cszej jako\u015bci okna i drzwi. Certyfikowany producent od 1969 roku.","article_publisher":"https:\/\/www.facebook.com\/bertrandpolska\/","article_modified_time":"2026-02-03T14:48:10+00:00","og_image":[{"width":750,"height":750,"url":"https:\/\/bertrand.pl\/wp-content\/uploads\/2023\/12\/20210416_bb_aluminium_mb-79n_si_czarny_strukturalny_750px.webp","type":"image\/webp"}],"twitter_card":"summary_large_image","twitter_misc":{"Dur\u00e9e de lecture estim\u00e9e":"3 minutes"},"schema":{"@context":"https:\/\/schema.org","@graph":[{"@type":"WebPage","@id":"https:\/\/bertrand.pl\/produkt\/mb79n\/","url":"https:\/\/bertrand.pl\/produkt\/mb79n\/","name":"MB 79N - Bertrand. Najwy\u017cszej jako\u015bci okna i drzwi. Certyfikowany producent od 1969 roku.","isPartOf":{"@id":"https:\/\/bertrand.pl\/#website"},"primaryImageOfPage":{"@id":"https:\/\/bertrand.pl\/produkt\/mb79n\/#primaryimage"},"image":{"@id":"https:\/\/bertrand.pl\/produkt\/mb79n\/#primaryimage"},"thumbnailUrl":"https:\/\/bertrand.pl\/wp-content\/uploads\/2023\/12\/20210416_bb_aluminium_mb-79n_si_czarny_strukturalny_750px.webp","datePublished":"2025-08-06T09:22:40+00:00","dateModified":"2026-02-03T14:48:10+00:00","description":"La fen\u00eatre MB79N allie un design moderne \u00e0 une excellente isolation thermique. C&#039;est une combinaison de style moderne, de durabilit\u00e9 et d&#039;excellente efficacit\u00e9 \u00e9nerg\u00e9tique.","breadcrumb":{"@id":"https:\/\/bertrand.pl\/produkt\/mb79n\/#breadcrumb"},"inLanguage":"fr-FR","potentialAction":[{"@type":"ReadAction","target":["https:\/\/bertrand.pl\/produkt\/mb79n\/"]}]},{"@type":"ImageObject","inLanguage":"fr-FR","@id":"https:\/\/bertrand.pl\/produkt\/mb79n\/#primaryimage","url":"https:\/\/bertrand.pl\/wp-content\/uploads\/2023\/12\/20210416_bb_aluminium_mb-79n_si_czarny_strukturalny_750px.webp","contentUrl":"https:\/\/bertrand.pl\/wp-content\/uploads\/2023\/12\/20210416_bb_aluminium_mb-79n_si_czarny_strukturalny_750px.webp","width":750,"height":750},{"@type":"BreadcrumbList","@id":"https:\/\/bertrand.pl\/produkt\/mb79n\/#breadcrumb","itemListElement":[{"@type":"ListItem","position":1,"name":"Strona g\u0142\u00f3wna","item":"https:\/\/bertrand.pl\/"},{"@type":"ListItem","position":2,"name":"Produits","item":"https:\/\/bertrand.pl\/fr\/shop\/"},{"@type":"ListItem","position":3,"name":"MB 79N"}]},{"@type":"WebSite","@id":"https:\/\/bertrand.pl\/#website","url":"https:\/\/bertrand.pl\/","name":"Bertrand.pl","description":"Firma Bertrand to certyfikowany i uznany producent najwy\u017cszej jako\u015bci okien z PVC, z drewna lub aluminium. Produkcja drzwi, rolet i bram gara\u017cowych.","publisher":{"@id":"https:\/\/bertrand.pl\/#organization"},"potentialAction":[{"@type":"SearchAction","target":{"@type":"EntryPoint","urlTemplate":"https:\/\/bertrand.pl\/?s={search_term_string}"},"query-input":{"@type":"PropertyValueSpecification","valueRequired":true,"valueName":"search_term_string"}}],"inLanguage":"fr-FR"},{"@type":"Organization","@id":"https:\/\/bertrand.pl\/#organization","name":"Bertrand.pl","url":"https:\/\/bertrand.pl\/","logo":{"@type":"ImageObject","inLanguage":"fr-FR","@id":"https:\/\/bertrand.pl\/#\/schema\/logo\/image\/","url":"https:\/\/bertrand.pl\/wp-content\/uploads\/2024\/12\/logo_BB_TM_PL_black.png","contentUrl":"https:\/\/bertrand.pl\/wp-content\/uploads\/2024\/12\/logo_BB_TM_PL_black.png","width":1831,"height":1831,"caption":"Bertrand.pl"},"image":{"@id":"https:\/\/bertrand.pl\/#\/schema\/logo\/image\/"},"sameAs":["https:\/\/www.facebook.com\/bertrandpolska\/","https:\/\/www.instagram.com\/bertrand_okna_i_drzwi\/","https:\/\/www.linkedin.com\/company\/bertrand\/","https:\/\/www.tiktok.com\/@bertrand_okna_drzwi"]}]}},"_links":{"self":[{"href":"https:\/\/bertrand.pl\/fr\/wp-json\/wp\/v2\/product\/921","targetHints":{"allow":["GET"]}}],"collection":[{"href":"https:\/\/bertrand.pl\/fr\/wp-json\/wp\/v2\/product"}],"about":[{"href":"https:\/\/bertrand.pl\/fr\/wp-json\/wp\/v2\/types\/product"}],"wp:featuredmedia":[{"embeddable":true,"href":"https:\/\/bertrand.pl\/fr\/wp-json\/wp\/v2\/media\/922"}],"wp:attachment":[{"href":"https:\/\/bertrand.pl\/fr\/wp-json\/wp\/v2\/media?parent=921"}],"wp:term":[{"taxonomy":"product_brand","embeddable":true,"href":"https:\/\/bertrand.pl\/fr\/wp-json\/wp\/v2\/product_brand?post=921"},{"taxonomy":"product_cat","embeddable":true,"href":"https:\/\/bertrand.pl\/fr\/wp-json\/wp\/v2\/product_cat?post=921"},{"taxonomy":"product_tag","embeddable":true,"href":"https:\/\/bertrand.pl\/fr\/wp-json\/wp\/v2\/product_tag?post=921"}],"curies":[{"name":"wp","href":"https:\/\/api.w.org\/{rel}","templated":true}]}}