{"id":954,"date":"2023-12-13T08:49:04","date_gmt":"2023-12-13T07:49:04","guid":{"rendered":"https:\/\/bertrand.pl\/?post_type=product&#038;p=954"},"modified":"2025-08-06T11:54:45","modified_gmt":"2025-08-06T09:54:45","slug":"mo-45","status":"publish","type":"product","link":"https:\/\/bertrand.pl\/fr\/produkt\/mb-45\/","title":{"rendered":"MB 45"},"content":{"rendered":"<p>Syst\u00e8me <strong>MB-45<\/strong> est une base compl\u00e8te pour la mise en \u0153uvre de solutions sp\u00e9ciales, telles que les cloisons et portes anti-fum\u00e9e MB-45D, ainsi que ce qu&#039;on appelle &quot;encoche&quot; MB-45S. Sa flexibilit\u00e9 et sa fonctionnalit\u00e9 en font un choix id\u00e9al pour les applications int\u00e9rieures et ext\u00e9rieures. Gr\u00e2ce \u00e0 ses profil\u00e9s fins et durables, le syst\u00e8me MB-45 est parfait pour diff\u00e9rents types de structures.<\/p>\n<p>&nbsp;<\/p>\n<h4>Utilisation universelle<\/h4>\n<p>&nbsp;<\/p>\n<p>Le syst\u00e8me MB-45 permet la construction de portes et de vitrages ext\u00e9rieurs qui ne n\u00e9cessitent pas d&#039;isolation thermique des profil\u00e9s. Il est donc particuli\u00e8rement recommand\u00e9 pour les b\u00e2timents publics, les halls de production et les bureaux. La conception \u00e9lanc\u00e9e des profil\u00e9s donne aux structures un aspect moderne et esth\u00e9tique.<\/p>\n<p>&nbsp;<\/p>\n<h4>Principaux param\u00e8tres techniques<\/h4>\n<p>&nbsp;<\/p>\n<ul>\n<li><strong>Profondeur de construction des profils\u00a0:<\/strong>\n<ul>\n<li>Fen\u00eatres : 45 mm (cadre), 54 mm (ouvrant).<\/li>\n<li>Porte : 45 mm (cadre et vantail).<\/li>\n<\/ul>\n<\/li>\n<li><strong>Effet visuel\u00a0:<\/strong> Apr\u00e8s avoir ferm\u00e9 la fen\u00eatre, nous obtenons une surface \u00e0 l&#039;ext\u00e9rieur et, dans le cas des portes, des surfaces affleurantes des battants et du cadre.<\/li>\n<li><strong>Epaisseur du vitrage :<\/strong>\n<ul>\n<li>Ch\u00e2ssis de fen\u00eatre : de 2 mm \u00e0 35 mm.<\/li>\n<li>Fen\u00eatres et vantaux fixes : de 2 mm \u00e0 26 mm.<\/li>\n<\/ul>\n<\/li>\n<\/ul>\n<p>&nbsp;<\/p>\n<h4>Principaux avantages du syst\u00e8me MB-45<\/h4>\n<p>&nbsp;<\/p>\n<ol>\n<li><strong>Etanch\u00e9it\u00e9 aux fum\u00e9es\u00a0:<\/strong> Possibilit\u00e9 de mettre en \u0153uvre des portes anti-fum\u00e9e MB-45D pour augmenter la s\u00e9curit\u00e9.<\/li>\n<li><strong>Versatilit\u00e9:<\/strong> Prise en charge de diverses solutions, y compris les portes \u00e0 feuillure MB-45S.<\/li>\n<li><strong>Design moderne:<\/strong> Les profils minces vous permettent de cr\u00e9er des structures esth\u00e9tiques et durables.<\/li>\n<li><strong>Flexibilit\u00e9 du vitrage :<\/strong> Une large gamme d&#039;\u00e9paisseurs de verre permet d&#039;adapter le produit \u00e0 des exigences sp\u00e9cifiques.<\/li>\n<li><strong>Facilit\u00e9 de montage :<\/strong> Les structures conviennent aux fa\u00e7ades int\u00e9rieures et ext\u00e9rieures sans n\u00e9cessiter d\u2019isolation thermique.<\/li>\n<\/ol>\n<p>&nbsp;<\/p>\n<p>Le syst\u00e8me MB-45 est avant tout une solution moderne et universelle pour les applications int\u00e9rieures et ext\u00e9rieures. Il offre sans aucun doute une combinaison de solidit\u00e9, d\u2019esth\u00e9tique et de flexibilit\u00e9 dans la conception des cloisons, fen\u00eatres et portes. Id\u00e9al pour les investisseurs \u00e0 la recherche de solutions offrant une fonctionnalit\u00e9 \u00e9lev\u00e9e et une apparence attrayante.<\/p>\n<p>&nbsp;<\/p>\n<p><img fetchpriority=\"high\" decoding=\"async\" class=\"alignnone wp-image-955 size-full\" src=\"https:\/\/bertrand.pl\/wp-content\/uploads\/2023\/12\/mb_45_photo1.jpg\" alt=\"\" width=\"649\" height=\"500\" srcset=\"https:\/\/bertrand.pl\/wp-content\/uploads\/2023\/12\/mb_45_photo1.jpg 649w, https:\/\/bertrand.pl\/wp-content\/uploads\/2023\/12\/mb_45_photo1-420x324.jpg 420w, https:\/\/bertrand.pl\/wp-content\/uploads\/2023\/12\/mb_45_photo1-600x462.jpg 600w\" sizes=\"(max-width: 649px) 100vw, 649px\" \/><\/p>\n<p>&nbsp;<\/p>\n<h4><strong><a href=\"https:\/\/bertrand.pl\/fr\/couleur\/\">Couleurs des fen\u00eatres et des portes<\/a><\/strong><\/h4>","protected":false},"excerpt":{"rendered":"<p><strong>SYST\u00c8ME MODERNE EN ALUMINIUM<\/strong><\/p>\n<p>Syst\u00e8me utilis\u00e9 principalement pour r\u00e9aliser des \u00e9l\u00e9ments de construction internes - divers types de cloisons, fen\u00eatres, portes - notamment coulissants, battants, automatiques, vestibules, vitrines, caisses enregistreuses, vitrines, etc.<\/p>","protected":false},"featured_media":956,"template":"","meta":{"site-sidebar-layout":"default","site-content-layout":"","ast-site-content-layout":"default","site-content-style":"default","site-sidebar-style":"default","ast-global-header-display":"","ast-banner-title-visibility":"","ast-main-header-display":"","ast-hfb-above-header-display":"","ast-hfb-below-header-display":"","ast-hfb-mobile-header-display":"","site-post-title":"","ast-breadcrumbs-content":"","ast-featured-img":"","footer-sml-layout":"","ast-disable-related-posts":"","theme-transparent-header-meta":"default","adv-header-id-meta":"","stick-header-meta":"","header-above-stick-meta":"","header-main-stick-meta":"","header-below-stick-meta":"","astra-migrate-meta-layouts":"set","ast-page-background-enabled":"default","ast-page-background-meta":{"desktop":{"background-color":"var(--ast-global-color-4)","background-image":"","background-repeat":"repeat","background-position":"center center","background-size":"auto","background-attachment":"scroll","background-type":"","background-media":"","overlay-type":"","overlay-color":"","overlay-opacity":"","overlay-gradient":""},"tablet":{"background-color":"","background-image":"","background-repeat":"repeat","background-position":"center center","background-size":"auto","background-attachment":"scroll","background-type":"","background-media":"","overlay-type":"","overlay-color":"","overlay-opacity":"","overlay-gradient":""},"mobile":{"background-color":"","background-image":"","background-repeat":"repeat","background-position":"center center","background-size":"auto","background-attachment":"scroll","background-type":"","background-media":"","overlay-type":"","overlay-color":"","overlay-opacity":"","overlay-gradient":""}},"ast-content-background-meta":{"desktop":{"background-color":"var(--ast-global-color-5)","background-image":"","background-repeat":"repeat","background-position":"center center","background-size":"auto","background-attachment":"scroll","background-type":"","background-media":"","overlay-type":"","overlay-color":"","overlay-opacity":"","overlay-gradient":""},"tablet":{"background-color":"var(--ast-global-color-5)","background-image":"","background-repeat":"repeat","background-position":"center center","background-size":"auto","background-attachment":"scroll","background-type":"","background-media":"","overlay-type":"","overlay-color":"","overlay-opacity":"","overlay-gradient":""},"mobile":{"background-color":"var(--ast-global-color-5)","background-image":"","background-repeat":"repeat","background-position":"center center","background-size":"auto","background-attachment":"scroll","background-type":"","background-media":"","overlay-type":"","overlay-color":"","overlay-opacity":"","overlay-gradient":""}}},"product_brand":[],"product_cat":[28],"product_tag":[193,349,168,326,367,368,432,339,311,352,195,344,346,361,174,194,350,315,324,351,359,169,314,348],"class_list":{"0":"post-954","1":"product","2":"type-product","3":"status-publish","4":"has-post-thumbnail","6":"product_cat-okna-aluminiowe","7":"product_tag-aluminium","8":"product_tag-aluprof","9":"product_tag-bertrand","10":"product_tag-budowa-domu","11":"product_tag-budownictwo","12":"product_tag-budownictwo-pasywne","13":"product_tag-certyfikaty","14":"product_tag-design","15":"product_tag-dobre-wlasciwosci-termiczne","16":"product_tag-dobreokna","17":"product_tag-drzwi-aluminiowe","18":"product_tag-duze-okna","19":"product_tag-duze-przestrzenie","20":"product_tag-jakosc","21":"product_tag-okna","22":"product_tag-okna-aluminiowe","23":"product_tag-oknabertrand","24":"product_tag-okno-aluminiowe","25":"product_tag-okno-dla-domu","26":"product_tag-oknobertrand","27":"product_tag-premiumwindows","28":"product_tag-produkt","29":"product_tag-profil-okienny","30":"product_tag-windows","31":"desktop-align-left","32":"tablet-align-left","33":"mobile-align-left","35":"first","36":"instock","37":"shipping-taxable","38":"product-type-simple"},"yoast_head":"<!-- This site is optimized with the Yoast SEO Premium plugin v27.2 (Yoast SEO v27.2) - https:\/\/yoast.com\/product\/yoast-seo-premium-wordpress\/ -->\n<title>MB 45 - Bertrand. Najwy\u017cszej jako\u015bci okna i drzwi. Certyfikowany producent od 1969 roku.<\/title>\n<meta name=\"description\" content=\"MB-45 \u2013 uniwersalny wyb\u00f3r do drzwi, przegr\u00f3d i okien. Dymoszczelno\u015b\u0107, smuk\u0142e profile i szeroki zakres szklenia w nowoczesnym wydaniu.\" \/>\n<meta name=\"robots\" content=\"index, follow, max-snippet:-1, max-image-preview:large, max-video-preview:-1\" \/>\n<link rel=\"canonical\" href=\"https:\/\/bertrand.pl\/fr\/produit\/mo-45\/\" \/>\n<meta property=\"og:locale\" content=\"fr_FR\" \/>\n<meta property=\"og:type\" content=\"article\" \/>\n<meta property=\"og:title\" content=\"MB 45\" \/>\n<meta property=\"og:description\" content=\"MB-45 \u2013 uniwersalny wyb\u00f3r do drzwi, przegr\u00f3d i okien. Dymoszczelno\u015b\u0107, smuk\u0142e profile i szeroki zakres szklenia w nowoczesnym wydaniu.\" \/>\n<meta property=\"og:url\" content=\"https:\/\/bertrand.pl\/fr\/produit\/mo-45\/\" \/>\n<meta property=\"og:site_name\" content=\"Bertrand. Najwy\u017cszej jako\u015bci okna i drzwi. Certyfikowany producent od 1969 roku.\" \/>\n<meta property=\"article:publisher\" content=\"https:\/\/www.facebook.com\/bertrandpolska\/\" \/>\n<meta property=\"article:modified_time\" content=\"2025-08-06T09:54:45+00:00\" \/>\n<meta property=\"og:image\" content=\"https:\/\/bertrand.pl\/wp-content\/uploads\/2023\/12\/mb_45_1_big.jpg\" \/>\n\t<meta property=\"og:image:width\" content=\"600\" \/>\n\t<meta property=\"og:image:height\" content=\"600\" \/>\n\t<meta property=\"og:image:type\" content=\"image\/jpeg\" \/>\n<meta name=\"twitter:card\" content=\"summary_large_image\" \/>\n<meta name=\"twitter:label1\" content=\"Dur\u00e9e de lecture estim\u00e9e\" \/>\n\t<meta name=\"twitter:data1\" content=\"2 minutes\" \/>\n<script type=\"application\/ld+json\" class=\"yoast-schema-graph\">{\"@context\":\"https:\/\/schema.org\",\"@graph\":[{\"@type\":\"WebPage\",\"@id\":\"https:\/\/bertrand.pl\/produkt\/mb-45\/\",\"url\":\"https:\/\/bertrand.pl\/produkt\/mb-45\/\",\"name\":\"MB 45 - Bertrand. Najwy\u017cszej jako\u015bci okna i drzwi. Certyfikowany producent od 1969 roku.\",\"isPartOf\":{\"@id\":\"https:\/\/bertrand.pl\/#website\"},\"primaryImageOfPage\":{\"@id\":\"https:\/\/bertrand.pl\/produkt\/mb-45\/#primaryimage\"},\"image\":{\"@id\":\"https:\/\/bertrand.pl\/produkt\/mb-45\/#primaryimage\"},\"thumbnailUrl\":\"https:\/\/bertrand.pl\/wp-content\/uploads\/2023\/12\/mb_45_1_big.jpg\",\"datePublished\":\"2023-12-13T07:49:04+00:00\",\"dateModified\":\"2025-08-06T09:54:45+00:00\",\"description\":\"MB-45 \u2013 uniwersalny wyb\u00f3r do drzwi, przegr\u00f3d i okien. Dymoszczelno\u015b\u0107, smuk\u0142e profile i szeroki zakres szklenia w nowoczesnym wydaniu.\",\"breadcrumb\":{\"@id\":\"https:\/\/bertrand.pl\/produkt\/mb-45\/#breadcrumb\"},\"inLanguage\":\"fr-FR\",\"potentialAction\":[{\"@type\":\"ReadAction\",\"target\":[\"https:\/\/bertrand.pl\/produkt\/mb-45\/\"]}]},{\"@type\":\"ImageObject\",\"inLanguage\":\"fr-FR\",\"@id\":\"https:\/\/bertrand.pl\/produkt\/mb-45\/#primaryimage\",\"url\":\"https:\/\/bertrand.pl\/wp-content\/uploads\/2023\/12\/mb_45_1_big.jpg\",\"contentUrl\":\"https:\/\/bertrand.pl\/wp-content\/uploads\/2023\/12\/mb_45_1_big.jpg\",\"width\":600,\"height\":600},{\"@type\":\"BreadcrumbList\",\"@id\":\"https:\/\/bertrand.pl\/produkt\/mb-45\/#breadcrumb\",\"itemListElement\":[{\"@type\":\"ListItem\",\"position\":1,\"name\":\"Strona g\u0142\u00f3wna\",\"item\":\"https:\/\/bertrand.pl\/\"},{\"@type\":\"ListItem\",\"position\":2,\"name\":\"Produits\",\"item\":\"https:\/\/bertrand.pl\/fr\/shop\/\"},{\"@type\":\"ListItem\",\"position\":3,\"name\":\"MB 45\"}]},{\"@type\":\"WebSite\",\"@id\":\"https:\/\/bertrand.pl\/#website\",\"url\":\"https:\/\/bertrand.pl\/\",\"name\":\"Bertrand.pl\",\"description\":\"Firma Bertrand to certyfikowany i uznany producent najwy\u017cszej jako\u015bci okien z PVC, z drewna lub aluminium. Produkcja drzwi, rolet i bram gara\u017cowych.\",\"publisher\":{\"@id\":\"https:\/\/bertrand.pl\/#organization\"},\"potentialAction\":[{\"@type\":\"SearchAction\",\"target\":{\"@type\":\"EntryPoint\",\"urlTemplate\":\"https:\/\/bertrand.pl\/?s={search_term_string}\"},\"query-input\":{\"@type\":\"PropertyValueSpecification\",\"valueRequired\":true,\"valueName\":\"search_term_string\"}}],\"inLanguage\":\"fr-FR\"},{\"@type\":\"Organization\",\"@id\":\"https:\/\/bertrand.pl\/#organization\",\"name\":\"Bertrand.pl\",\"url\":\"https:\/\/bertrand.pl\/\",\"logo\":{\"@type\":\"ImageObject\",\"inLanguage\":\"fr-FR\",\"@id\":\"https:\/\/bertrand.pl\/#\/schema\/logo\/image\/\",\"url\":\"https:\/\/bertrand.pl\/wp-content\/uploads\/2024\/12\/logo_BB_TM_PL_black.png\",\"contentUrl\":\"https:\/\/bertrand.pl\/wp-content\/uploads\/2024\/12\/logo_BB_TM_PL_black.png\",\"width\":1831,\"height\":1831,\"caption\":\"Bertrand.pl\"},\"image\":{\"@id\":\"https:\/\/bertrand.pl\/#\/schema\/logo\/image\/\"},\"sameAs\":[\"https:\/\/www.facebook.com\/bertrandpolska\/\",\"https:\/\/www.instagram.com\/bertrand_okna_i_drzwi\/\",\"https:\/\/www.linkedin.com\/company\/bertrand\/\",\"https:\/\/www.tiktok.com\/@bertrand_okna_drzwi\"]}]}<\/script>\n<!-- \/ Yoast SEO Premium plugin. -->","yoast_head_json":{"title":"MB 45 - Bertrand. Najwy\u017cszej jako\u015bci okna i drzwi. Certyfikowany producent od 1969 roku.","description":"MB-45 \u2013 choix universel pour portes, cloisons et fen\u00eatres. Etanch\u00e9it\u00e9 \u00e0 la fum\u00e9e, profils fins et large gamme de vitrages dans une version moderne.","robots":{"index":"index","follow":"follow","max-snippet":"max-snippet:-1","max-image-preview":"max-image-preview:large","max-video-preview":"max-video-preview:-1"},"canonical":"https:\/\/bertrand.pl\/fr\/produit\/mo-45\/","og_locale":"fr_FR","og_type":"article","og_title":"MB 45","og_description":"MB-45 \u2013 uniwersalny wyb\u00f3r do drzwi, przegr\u00f3d i okien. Dymoszczelno\u015b\u0107, smuk\u0142e profile i szeroki zakres szklenia w nowoczesnym wydaniu.","og_url":"https:\/\/bertrand.pl\/fr\/produit\/mo-45\/","og_site_name":"Bertrand. Najwy\u017cszej jako\u015bci okna i drzwi. Certyfikowany producent od 1969 roku.","article_publisher":"https:\/\/www.facebook.com\/bertrandpolska\/","article_modified_time":"2025-08-06T09:54:45+00:00","og_image":[{"width":600,"height":600,"url":"https:\/\/bertrand.pl\/wp-content\/uploads\/2023\/12\/mb_45_1_big.jpg","type":"image\/jpeg"}],"twitter_card":"summary_large_image","twitter_misc":{"Dur\u00e9e de lecture estim\u00e9e":"2 minutes"},"schema":{"@context":"https:\/\/schema.org","@graph":[{"@type":"WebPage","@id":"https:\/\/bertrand.pl\/produkt\/mb-45\/","url":"https:\/\/bertrand.pl\/produkt\/mb-45\/","name":"MB 45 - Bertrand. Najwy\u017cszej jako\u015bci okna i drzwi. Certyfikowany producent od 1969 roku.","isPartOf":{"@id":"https:\/\/bertrand.pl\/#website"},"primaryImageOfPage":{"@id":"https:\/\/bertrand.pl\/produkt\/mb-45\/#primaryimage"},"image":{"@id":"https:\/\/bertrand.pl\/produkt\/mb-45\/#primaryimage"},"thumbnailUrl":"https:\/\/bertrand.pl\/wp-content\/uploads\/2023\/12\/mb_45_1_big.jpg","datePublished":"2023-12-13T07:49:04+00:00","dateModified":"2025-08-06T09:54:45+00:00","description":"MB-45 \u2013 choix universel pour portes, cloisons et fen\u00eatres. Etanch\u00e9it\u00e9 \u00e0 la fum\u00e9e, profils fins et large gamme de vitrages dans une version moderne.","breadcrumb":{"@id":"https:\/\/bertrand.pl\/produkt\/mb-45\/#breadcrumb"},"inLanguage":"fr-FR","potentialAction":[{"@type":"ReadAction","target":["https:\/\/bertrand.pl\/produkt\/mb-45\/"]}]},{"@type":"ImageObject","inLanguage":"fr-FR","@id":"https:\/\/bertrand.pl\/produkt\/mb-45\/#primaryimage","url":"https:\/\/bertrand.pl\/wp-content\/uploads\/2023\/12\/mb_45_1_big.jpg","contentUrl":"https:\/\/bertrand.pl\/wp-content\/uploads\/2023\/12\/mb_45_1_big.jpg","width":600,"height":600},{"@type":"BreadcrumbList","@id":"https:\/\/bertrand.pl\/produkt\/mb-45\/#breadcrumb","itemListElement":[{"@type":"ListItem","position":1,"name":"Strona g\u0142\u00f3wna","item":"https:\/\/bertrand.pl\/"},{"@type":"ListItem","position":2,"name":"Produits","item":"https:\/\/bertrand.pl\/fr\/shop\/"},{"@type":"ListItem","position":3,"name":"MB 45"}]},{"@type":"WebSite","@id":"https:\/\/bertrand.pl\/#website","url":"https:\/\/bertrand.pl\/","name":"Bertrand.pl","description":"Firma Bertrand to certyfikowany i uznany producent najwy\u017cszej jako\u015bci okien z PVC, z drewna lub aluminium. Produkcja drzwi, rolet i bram gara\u017cowych.","publisher":{"@id":"https:\/\/bertrand.pl\/#organization"},"potentialAction":[{"@type":"SearchAction","target":{"@type":"EntryPoint","urlTemplate":"https:\/\/bertrand.pl\/?s={search_term_string}"},"query-input":{"@type":"PropertyValueSpecification","valueRequired":true,"valueName":"search_term_string"}}],"inLanguage":"fr-FR"},{"@type":"Organization","@id":"https:\/\/bertrand.pl\/#organization","name":"Bertrand.pl","url":"https:\/\/bertrand.pl\/","logo":{"@type":"ImageObject","inLanguage":"fr-FR","@id":"https:\/\/bertrand.pl\/#\/schema\/logo\/image\/","url":"https:\/\/bertrand.pl\/wp-content\/uploads\/2024\/12\/logo_BB_TM_PL_black.png","contentUrl":"https:\/\/bertrand.pl\/wp-content\/uploads\/2024\/12\/logo_BB_TM_PL_black.png","width":1831,"height":1831,"caption":"Bertrand.pl"},"image":{"@id":"https:\/\/bertrand.pl\/#\/schema\/logo\/image\/"},"sameAs":["https:\/\/www.facebook.com\/bertrandpolska\/","https:\/\/www.instagram.com\/bertrand_okna_i_drzwi\/","https:\/\/www.linkedin.com\/company\/bertrand\/","https:\/\/www.tiktok.com\/@bertrand_okna_drzwi"]}]}},"_links":{"self":[{"href":"https:\/\/bertrand.pl\/fr\/wp-json\/wp\/v2\/product\/954","targetHints":{"allow":["GET"]}}],"collection":[{"href":"https:\/\/bertrand.pl\/fr\/wp-json\/wp\/v2\/product"}],"about":[{"href":"https:\/\/bertrand.pl\/fr\/wp-json\/wp\/v2\/types\/product"}],"wp:featuredmedia":[{"embeddable":true,"href":"https:\/\/bertrand.pl\/fr\/wp-json\/wp\/v2\/media\/956"}],"wp:attachment":[{"href":"https:\/\/bertrand.pl\/fr\/wp-json\/wp\/v2\/media?parent=954"}],"wp:term":[{"taxonomy":"product_brand","embeddable":true,"href":"https:\/\/bertrand.pl\/fr\/wp-json\/wp\/v2\/product_brand?post=954"},{"taxonomy":"product_cat","embeddable":true,"href":"https:\/\/bertrand.pl\/fr\/wp-json\/wp\/v2\/product_cat?post=954"},{"taxonomy":"product_tag","embeddable":true,"href":"https:\/\/bertrand.pl\/fr\/wp-json\/wp\/v2\/product_tag?post=954"}],"curies":[{"name":"wp","href":"https:\/\/api.w.org\/{rel}","templated":true}]}}