{"id":971,"date":"2023-12-13T09:18:10","date_gmt":"2023-12-13T08:18:10","guid":{"rendered":"https:\/\/bertrand.pl\/?post_type=product&#038;p=971"},"modified":"2025-08-06T11:46:30","modified_gmt":"2025-08-06T09:46:30","slug":"ligne-maitresse-8","status":"publish","type":"product","link":"https:\/\/bertrand.pl\/fr\/produkt\/masterline-8\/","title":{"rendered":"MASTERLINE 8"},"content":{"rendered":"<p>Syst\u00e8me <strong>MasterLine 8<\/strong> est une solution avanc\u00e9e pour les b\u00e2timents o\u00f9 des normes \u00e9lev\u00e9es d&#039;isolation thermique et un design moderne sont essentiels. Gr\u00e2ce \u00e0 des technologies innovantes, il offre de larges options de configuration, ce qui en fait un choix id\u00e9al pour les maisons \u00e9conomes en \u00e9nergie et passives. MasterLine 8 allie fonctionnalit\u00e9, esth\u00e9tique et efficacit\u00e9 \u00e9nerg\u00e9tique, s&#039;adaptant \u00e0 une vari\u00e9t\u00e9 d&#039;exigences architecturales.<\/p>\n<p>&nbsp;<\/p>\n<h4>Trois niveaux d&#039;isolation<\/h4>\n<p>&nbsp;<\/p>\n<p>MasterLine 8 se distingue par la possibilit\u00e9 d&#039;ajuster le niveau d&#039;isolation aux besoins d&#039;un projet sp\u00e9cifique. Gr\u00e2ce \u00e0 l&#039;utilisation de mat\u00e9riaux avanc\u00e9s, le syst\u00e8me r\u00e9pond aux exigences :<\/p>\n<ul>\n<li>B\u00e2timents avec un haut niveau d&#039;isolation.<\/li>\n<li>Maisons \u00e9conomes en \u00e9nergie.<\/li>\n<li>B\u00e2timents passifs, o\u00f9 minimiser les pertes de chaleur est une priorit\u00e9.<\/li>\n<\/ul>\n<p>&nbsp;<\/p>\n<h4>Options d&#039;ouverture modernes<\/h4>\n<p>&nbsp;<\/p>\n<p>Le syst\u00e8me offre une vari\u00e9t\u00e9 d&#039;options d&#039;ouverture, notamment\u00a0:<\/p>\n<ul>\n<li>Portes-fen\u00eatres \u00e0 un ou deux vantaux.<\/li>\n<li>Seuil bas, augmentant le confort d&#039;utilisation, disponible aussi bien pour les portes ouvrant vers l&#039;int\u00e9rieur que vers l&#039;ext\u00e9rieur.<\/li>\n<\/ul>\n<p>&nbsp;<\/p>\n<h4>Conception universelle MasterLine 8<\/h4>\n<p>&nbsp;<\/p>\n<p>Le syst\u00e8me vous permet d\u2019adapter l\u2019apparence du syst\u00e8me \u00e0 n\u2019importe quel style architectural. Gr\u00e2ce \u00e0 une large gamme de variantes esth\u00e9tiques, il peut \u00eatre utilis\u00e9 aussi bien dans des b\u00e2timents modernes et minimalistes que dans des conceptions traditionnelles.<\/p>\n<p>&nbsp;<\/p>\n<p>&nbsp;<\/p>\n<h4>Principaux avantages du syst\u00e8me<\/h4>\n<p>&nbsp;<\/p>\n<ol>\n<li><strong>Efficacit\u00e9 \u00e9nerg\u00e9tique\u00a0:<\/strong> Un choix id\u00e9al pour les b\u00e2timents passifs et \u00e9conomes en \u00e9nergie.<\/li>\n<li><strong>Flexibilit\u00e9 de conception\u00a0:<\/strong> Possibilit\u00e9 de choisir les options d&#039;ouverture et de configuration en fonction des besoins individuels.<\/li>\n<li><strong>Esth\u00e9tique:<\/strong> Conception universelle, s&#039;adaptant \u00e0 diff\u00e9rents styles architecturaux.<\/li>\n<li><strong>Confort d&#039;utilisation :<\/strong> Seuil bas et diverses variantes d&#039;ouverture des vantaux pour une plus grande fonctionnalit\u00e9.<\/li>\n<\/ol>\n<p>&nbsp;<\/p>\n<h4>Pourquoi choisir MasterLine 8 ?<\/h4>\n<p>&nbsp;<\/p>\n<p>Ce syst\u00e8me est avant tout une combinaison parfaite entre innovation technologique et esth\u00e9tique. Gr\u00e2ce \u00e0 sa polyvalence, son efficacit\u00e9 \u00e9nerg\u00e9tique et son design \u00e9l\u00e9gant, il s&#039;adapte aussi bien aux designs modernes que classiques, \u00e9levant les normes de confort et d&#039;isolation dans chaque b\u00e2timent.<\/p>\n<p>&nbsp;<\/p>\n<h4><strong><a href=\"https:\/\/bertrand.pl\/fr\/couleur\/\">Couleurs des fen\u00eatres et des portes<\/a><\/strong><\/h4>","protected":false},"excerpt":{"rendered":"<p><strong>CON\u00c7U POUR LES CHAMPIONS<\/strong><\/p>\n<p>MasterLine 8 est un syst\u00e8me de fen\u00eatre unique qui offre d&#039;innombrables possibilit\u00e9s de conception et d&#039;excellents param\u00e8tres en mati\u00e8re d&#039;isolation thermique, de perm\u00e9abilit\u00e9 \u00e0 l&#039;air, d&#039;\u00e9tanch\u00e9it\u00e9 \u00e0 l&#039;eau et de r\u00e9sistance aux charges de vent. La nouvelle g\u00e9n\u00e9ration de solutions de fen\u00eatres innovantes refl\u00e8te les tendances architecturales actuelles, qui visent \u00e0 maximiser l&#039;utilisation de la lumi\u00e8re du jour tout en maintenant le plus haut niveau d&#039;isolation thermique.<\/p>","protected":false},"featured_media":973,"template":"","meta":{"site-sidebar-layout":"default","site-content-layout":"","ast-site-content-layout":"default","site-content-style":"default","site-sidebar-style":"default","ast-global-header-display":"","ast-banner-title-visibility":"","ast-main-header-display":"","ast-hfb-above-header-display":"","ast-hfb-below-header-display":"","ast-hfb-mobile-header-display":"","site-post-title":"","ast-breadcrumbs-content":"","ast-featured-img":"","footer-sml-layout":"","ast-disable-related-posts":"","theme-transparent-header-meta":"default","adv-header-id-meta":"","stick-header-meta":"","header-above-stick-meta":"","header-main-stick-meta":"","header-below-stick-meta":"","astra-migrate-meta-layouts":"set","ast-page-background-enabled":"default","ast-page-background-meta":{"desktop":{"background-color":"var(--ast-global-color-4)","background-image":"","background-repeat":"repeat","background-position":"center center","background-size":"auto","background-attachment":"scroll","background-type":"","background-media":"","overlay-type":"","overlay-color":"","overlay-opacity":"","overlay-gradient":""},"tablet":{"background-color":"","background-image":"","background-repeat":"repeat","background-position":"center center","background-size":"auto","background-attachment":"scroll","background-type":"","background-media":"","overlay-type":"","overlay-color":"","overlay-opacity":"","overlay-gradient":""},"mobile":{"background-color":"","background-image":"","background-repeat":"repeat","background-position":"center center","background-size":"auto","background-attachment":"scroll","background-type":"","background-media":"","overlay-type":"","overlay-color":"","overlay-opacity":"","overlay-gradient":""}},"ast-content-background-meta":{"desktop":{"background-color":"var(--ast-global-color-5)","background-image":"","background-repeat":"repeat","background-position":"center center","background-size":"auto","background-attachment":"scroll","background-type":"","background-media":"","overlay-type":"","overlay-color":"","overlay-opacity":"","overlay-gradient":""},"tablet":{"background-color":"var(--ast-global-color-5)","background-image":"","background-repeat":"repeat","background-position":"center center","background-size":"auto","background-attachment":"scroll","background-type":"","background-media":"","overlay-type":"","overlay-color":"","overlay-opacity":"","overlay-gradient":""},"mobile":{"background-color":"var(--ast-global-color-5)","background-image":"","background-repeat":"repeat","background-position":"center center","background-size":"auto","background-attachment":"scroll","background-type":"","background-media":"","overlay-type":"","overlay-color":"","overlay-opacity":"","overlay-gradient":""}}},"product_brand":[],"product_cat":[28],"product_tag":[316,193,168,360,326,367,368,339,352,414,345,344,346,408,453,370,389,398,405,361,366,454,455,323,315,324,447,169,362,348],"class_list":{"0":"post-971","1":"product","2":"type-product","3":"status-publish","4":"has-post-thumbnail","6":"product_cat-okna-aluminiowe","7":"product_tag-aluminiowe-okno","8":"product_tag-aluminium","9":"product_tag-bertrand","10":"product_tag-bezpieczenstwo","11":"product_tag-budowa-domu","12":"product_tag-budownictwo","13":"product_tag-budownictwo-pasywne","14":"product_tag-design","15":"product_tag-dobreokna","16":"product_tag-doskonala-izolacja-termiczna","17":"product_tag-drzwi-balkonowe","18":"product_tag-duze-okna","19":"product_tag-duze-przestrzenie","20":"product_tag-duze-przeszklenia","21":"product_tag-energooszczednosc","22":"product_tag-idealne-okna-do-domu","23":"product_tag-izolacja-akustyczna","24":"product_tag-izolacja-cieplna","25":"product_tag-izolacja-termiczna","26":"product_tag-jakosc","27":"product_tag-komfort","28":"product_tag-masterline","29":"product_tag-masterline-8","30":"product_tag-okna-z-polski","31":"product_tag-okno-aluminiowe","32":"product_tag-okno-dla-domu","33":"product_tag-oszczednosc","34":"product_tag-produkt","35":"product_tag-quality","36":"product_tag-windows","37":"desktop-align-left","38":"tablet-align-left","39":"mobile-align-left","41":"first","42":"instock","43":"shipping-taxable","44":"product-type-simple"},"yoast_head":"<!-- This site is optimized with the Yoast SEO Premium plugin v27.2 (Yoast SEO v27.2) - https:\/\/yoast.com\/product\/yoast-seo-premium-wordpress\/ -->\n<title>MASTERLINE 8 - Bertrand. Najwy\u017cszej jako\u015bci okna i drzwi. Certyfikowany producent od 1969 roku.<\/title>\n<meta name=\"description\" content=\"MasterLine 8 \u2013 system o trzech poziomach izolacyjno\u015bci, idealny do budynk\u00f3w pasywnych i energooszcz\u0119dnych. Nowoczesny design i szerokie opcje konfiguracji.\" \/>\n<meta name=\"robots\" content=\"index, follow, max-snippet:-1, max-image-preview:large, max-video-preview:-1\" \/>\n<link rel=\"canonical\" href=\"https:\/\/bertrand.pl\/fr\/produit\/ligne-maitresse-8\/\" \/>\n<meta property=\"og:locale\" content=\"fr_FR\" \/>\n<meta property=\"og:type\" content=\"article\" \/>\n<meta property=\"og:title\" content=\"MASTERLINE 8\" \/>\n<meta property=\"og:description\" content=\"MasterLine 8 \u2013 system o trzech poziomach izolacyjno\u015bci, idealny do budynk\u00f3w pasywnych i energooszcz\u0119dnych. Nowoczesny design i szerokie opcje konfiguracji.\" \/>\n<meta property=\"og:url\" content=\"https:\/\/bertrand.pl\/fr\/produit\/ligne-maitresse-8\/\" \/>\n<meta property=\"og:site_name\" content=\"Bertrand. Najwy\u017cszej jako\u015bci okna i drzwi. Certyfikowany producent od 1969 roku.\" \/>\n<meta property=\"article:publisher\" content=\"https:\/\/www.facebook.com\/bertrandpolska\/\" \/>\n<meta property=\"article:modified_time\" content=\"2025-08-06T09:46:30+00:00\" \/>\n<meta property=\"og:image\" content=\"https:\/\/bertrand.pl\/wp-content\/uploads\/2023\/12\/masterline-8.png\" \/>\n\t<meta property=\"og:image:width\" content=\"750\" \/>\n\t<meta property=\"og:image:height\" content=\"750\" \/>\n\t<meta property=\"og:image:type\" content=\"image\/png\" \/>\n<meta name=\"twitter:card\" content=\"summary_large_image\" \/>\n<meta name=\"twitter:label1\" content=\"Dur\u00e9e de lecture estim\u00e9e\" \/>\n\t<meta name=\"twitter:data1\" content=\"2 minutes\" \/>\n<script type=\"application\/ld+json\" class=\"yoast-schema-graph\">{\"@context\":\"https:\/\/schema.org\",\"@graph\":[{\"@type\":\"WebPage\",\"@id\":\"https:\/\/bertrand.pl\/produkt\/masterline-8\/\",\"url\":\"https:\/\/bertrand.pl\/produkt\/masterline-8\/\",\"name\":\"MASTERLINE 8 - Bertrand. Najwy\u017cszej jako\u015bci okna i drzwi. Certyfikowany producent od 1969 roku.\",\"isPartOf\":{\"@id\":\"https:\/\/bertrand.pl\/#website\"},\"primaryImageOfPage\":{\"@id\":\"https:\/\/bertrand.pl\/produkt\/masterline-8\/#primaryimage\"},\"image\":{\"@id\":\"https:\/\/bertrand.pl\/produkt\/masterline-8\/#primaryimage\"},\"thumbnailUrl\":\"https:\/\/bertrand.pl\/wp-content\/uploads\/2023\/12\/masterline-8.png\",\"datePublished\":\"2023-12-13T08:18:10+00:00\",\"dateModified\":\"2025-08-06T09:46:30+00:00\",\"description\":\"MasterLine 8 \u2013 system o trzech poziomach izolacyjno\u015bci, idealny do budynk\u00f3w pasywnych i energooszcz\u0119dnych. Nowoczesny design i szerokie opcje konfiguracji.\",\"breadcrumb\":{\"@id\":\"https:\/\/bertrand.pl\/produkt\/masterline-8\/#breadcrumb\"},\"inLanguage\":\"fr-FR\",\"potentialAction\":[{\"@type\":\"ReadAction\",\"target\":[\"https:\/\/bertrand.pl\/produkt\/masterline-8\/\"]}]},{\"@type\":\"ImageObject\",\"inLanguage\":\"fr-FR\",\"@id\":\"https:\/\/bertrand.pl\/produkt\/masterline-8\/#primaryimage\",\"url\":\"https:\/\/bertrand.pl\/wp-content\/uploads\/2023\/12\/masterline-8.png\",\"contentUrl\":\"https:\/\/bertrand.pl\/wp-content\/uploads\/2023\/12\/masterline-8.png\",\"width\":750,\"height\":750},{\"@type\":\"BreadcrumbList\",\"@id\":\"https:\/\/bertrand.pl\/produkt\/masterline-8\/#breadcrumb\",\"itemListElement\":[{\"@type\":\"ListItem\",\"position\":1,\"name\":\"Strona g\u0142\u00f3wna\",\"item\":\"https:\/\/bertrand.pl\/\"},{\"@type\":\"ListItem\",\"position\":2,\"name\":\"Produits\",\"item\":\"https:\/\/bertrand.pl\/fr\/shop\/\"},{\"@type\":\"ListItem\",\"position\":3,\"name\":\"MASTERLINE 8\"}]},{\"@type\":\"WebSite\",\"@id\":\"https:\/\/bertrand.pl\/#website\",\"url\":\"https:\/\/bertrand.pl\/\",\"name\":\"Bertrand.pl\",\"description\":\"Firma Bertrand to certyfikowany i uznany producent najwy\u017cszej jako\u015bci okien z PVC, z drewna lub aluminium. Produkcja drzwi, rolet i bram gara\u017cowych.\",\"publisher\":{\"@id\":\"https:\/\/bertrand.pl\/#organization\"},\"potentialAction\":[{\"@type\":\"SearchAction\",\"target\":{\"@type\":\"EntryPoint\",\"urlTemplate\":\"https:\/\/bertrand.pl\/?s={search_term_string}\"},\"query-input\":{\"@type\":\"PropertyValueSpecification\",\"valueRequired\":true,\"valueName\":\"search_term_string\"}}],\"inLanguage\":\"fr-FR\"},{\"@type\":\"Organization\",\"@id\":\"https:\/\/bertrand.pl\/#organization\",\"name\":\"Bertrand.pl\",\"url\":\"https:\/\/bertrand.pl\/\",\"logo\":{\"@type\":\"ImageObject\",\"inLanguage\":\"fr-FR\",\"@id\":\"https:\/\/bertrand.pl\/#\/schema\/logo\/image\/\",\"url\":\"https:\/\/bertrand.pl\/wp-content\/uploads\/2024\/12\/logo_BB_TM_PL_black.png\",\"contentUrl\":\"https:\/\/bertrand.pl\/wp-content\/uploads\/2024\/12\/logo_BB_TM_PL_black.png\",\"width\":1831,\"height\":1831,\"caption\":\"Bertrand.pl\"},\"image\":{\"@id\":\"https:\/\/bertrand.pl\/#\/schema\/logo\/image\/\"},\"sameAs\":[\"https:\/\/www.facebook.com\/bertrandpolska\/\",\"https:\/\/www.instagram.com\/bertrand_okna_i_drzwi\/\",\"https:\/\/www.linkedin.com\/company\/bertrand\/\",\"https:\/\/www.tiktok.com\/@bertrand_okna_drzwi\"]}]}<\/script>\n<!-- \/ Yoast SEO Premium plugin. -->","yoast_head_json":{"title":"MASTERLINE 8 - Bertrand. Najwy\u017cszej jako\u015bci okna i drzwi. Certyfikowany producent od 1969 roku.","description":"MasterLine 8 \u2013 un syst\u00e8me \u00e0 trois niveaux d\u2019isolation, id\u00e9al pour les b\u00e2timents passifs et \u00e9conomes en \u00e9nergie. Conception moderne et larges options de configuration.","robots":{"index":"index","follow":"follow","max-snippet":"max-snippet:-1","max-image-preview":"max-image-preview:large","max-video-preview":"max-video-preview:-1"},"canonical":"https:\/\/bertrand.pl\/fr\/produit\/ligne-maitresse-8\/","og_locale":"fr_FR","og_type":"article","og_title":"MASTERLINE 8","og_description":"MasterLine 8 \u2013 system o trzech poziomach izolacyjno\u015bci, idealny do budynk\u00f3w pasywnych i energooszcz\u0119dnych. Nowoczesny design i szerokie opcje konfiguracji.","og_url":"https:\/\/bertrand.pl\/fr\/produit\/ligne-maitresse-8\/","og_site_name":"Bertrand. Najwy\u017cszej jako\u015bci okna i drzwi. Certyfikowany producent od 1969 roku.","article_publisher":"https:\/\/www.facebook.com\/bertrandpolska\/","article_modified_time":"2025-08-06T09:46:30+00:00","og_image":[{"width":750,"height":750,"url":"https:\/\/bertrand.pl\/wp-content\/uploads\/2023\/12\/masterline-8.png","type":"image\/png"}],"twitter_card":"summary_large_image","twitter_misc":{"Dur\u00e9e de lecture estim\u00e9e":"2 minutes"},"schema":{"@context":"https:\/\/schema.org","@graph":[{"@type":"WebPage","@id":"https:\/\/bertrand.pl\/produkt\/masterline-8\/","url":"https:\/\/bertrand.pl\/produkt\/masterline-8\/","name":"MASTERLINE 8 - Bertrand. Najwy\u017cszej jako\u015bci okna i drzwi. Certyfikowany producent od 1969 roku.","isPartOf":{"@id":"https:\/\/bertrand.pl\/#website"},"primaryImageOfPage":{"@id":"https:\/\/bertrand.pl\/produkt\/masterline-8\/#primaryimage"},"image":{"@id":"https:\/\/bertrand.pl\/produkt\/masterline-8\/#primaryimage"},"thumbnailUrl":"https:\/\/bertrand.pl\/wp-content\/uploads\/2023\/12\/masterline-8.png","datePublished":"2023-12-13T08:18:10+00:00","dateModified":"2025-08-06T09:46:30+00:00","description":"MasterLine 8 \u2013 un syst\u00e8me \u00e0 trois niveaux d\u2019isolation, id\u00e9al pour les b\u00e2timents passifs et \u00e9conomes en \u00e9nergie. Conception moderne et larges options de configuration.","breadcrumb":{"@id":"https:\/\/bertrand.pl\/produkt\/masterline-8\/#breadcrumb"},"inLanguage":"fr-FR","potentialAction":[{"@type":"ReadAction","target":["https:\/\/bertrand.pl\/produkt\/masterline-8\/"]}]},{"@type":"ImageObject","inLanguage":"fr-FR","@id":"https:\/\/bertrand.pl\/produkt\/masterline-8\/#primaryimage","url":"https:\/\/bertrand.pl\/wp-content\/uploads\/2023\/12\/masterline-8.png","contentUrl":"https:\/\/bertrand.pl\/wp-content\/uploads\/2023\/12\/masterline-8.png","width":750,"height":750},{"@type":"BreadcrumbList","@id":"https:\/\/bertrand.pl\/produkt\/masterline-8\/#breadcrumb","itemListElement":[{"@type":"ListItem","position":1,"name":"Strona g\u0142\u00f3wna","item":"https:\/\/bertrand.pl\/"},{"@type":"ListItem","position":2,"name":"Produits","item":"https:\/\/bertrand.pl\/fr\/shop\/"},{"@type":"ListItem","position":3,"name":"MASTERLINE 8"}]},{"@type":"WebSite","@id":"https:\/\/bertrand.pl\/#website","url":"https:\/\/bertrand.pl\/","name":"Bertrand.pl","description":"Firma Bertrand to certyfikowany i uznany producent najwy\u017cszej jako\u015bci okien z PVC, z drewna lub aluminium. Produkcja drzwi, rolet i bram gara\u017cowych.","publisher":{"@id":"https:\/\/bertrand.pl\/#organization"},"potentialAction":[{"@type":"SearchAction","target":{"@type":"EntryPoint","urlTemplate":"https:\/\/bertrand.pl\/?s={search_term_string}"},"query-input":{"@type":"PropertyValueSpecification","valueRequired":true,"valueName":"search_term_string"}}],"inLanguage":"fr-FR"},{"@type":"Organization","@id":"https:\/\/bertrand.pl\/#organization","name":"Bertrand.pl","url":"https:\/\/bertrand.pl\/","logo":{"@type":"ImageObject","inLanguage":"fr-FR","@id":"https:\/\/bertrand.pl\/#\/schema\/logo\/image\/","url":"https:\/\/bertrand.pl\/wp-content\/uploads\/2024\/12\/logo_BB_TM_PL_black.png","contentUrl":"https:\/\/bertrand.pl\/wp-content\/uploads\/2024\/12\/logo_BB_TM_PL_black.png","width":1831,"height":1831,"caption":"Bertrand.pl"},"image":{"@id":"https:\/\/bertrand.pl\/#\/schema\/logo\/image\/"},"sameAs":["https:\/\/www.facebook.com\/bertrandpolska\/","https:\/\/www.instagram.com\/bertrand_okna_i_drzwi\/","https:\/\/www.linkedin.com\/company\/bertrand\/","https:\/\/www.tiktok.com\/@bertrand_okna_drzwi"]}]}},"_links":{"self":[{"href":"https:\/\/bertrand.pl\/fr\/wp-json\/wp\/v2\/product\/971","targetHints":{"allow":["GET"]}}],"collection":[{"href":"https:\/\/bertrand.pl\/fr\/wp-json\/wp\/v2\/product"}],"about":[{"href":"https:\/\/bertrand.pl\/fr\/wp-json\/wp\/v2\/types\/product"}],"wp:featuredmedia":[{"embeddable":true,"href":"https:\/\/bertrand.pl\/fr\/wp-json\/wp\/v2\/media\/973"}],"wp:attachment":[{"href":"https:\/\/bertrand.pl\/fr\/wp-json\/wp\/v2\/media?parent=971"}],"wp:term":[{"taxonomy":"product_brand","embeddable":true,"href":"https:\/\/bertrand.pl\/fr\/wp-json\/wp\/v2\/product_brand?post=971"},{"taxonomy":"product_cat","embeddable":true,"href":"https:\/\/bertrand.pl\/fr\/wp-json\/wp\/v2\/product_cat?post=971"},{"taxonomy":"product_tag","embeddable":true,"href":"https:\/\/bertrand.pl\/fr\/wp-json\/wp\/v2\/product_tag?post=971"}],"curies":[{"name":"wp","href":"https:\/\/api.w.org\/{rel}","templated":true}]}}