{"id":978,"date":"2023-12-13T09:28:33","date_gmt":"2023-12-13T08:28:33","guid":{"rendered":"https:\/\/bertrand.pl\/?post_type=product&#038;p=978"},"modified":"2025-03-06T15:26:44","modified_gmt":"2025-03-06T14:26:44","slug":"infrarouge","status":"publish","type":"product","link":"https:\/\/bertrand.pl\/fr\/produkt\/infratherm\/","title":{"rendered":"INFRATHERM"},"content":{"rendered":"<p><img decoding=\"async\" class=\"wp-image-3361 aligncenter\" src=\"https:\/\/bertrand.pl\/wp-content\/uploads\/2023\/12\/best_of_ibs-420x420.png\" alt=\"\" width=\"130\" height=\"130\" srcset=\"https:\/\/bertrand.pl\/wp-content\/uploads\/2023\/12\/best_of_ibs-420x420.png 420w, https:\/\/bertrand.pl\/wp-content\/uploads\/2023\/12\/best_of_ibs-12x12.png 12w, https:\/\/bertrand.pl\/wp-content\/uploads\/2023\/12\/best_of_ibs-300x300.png 300w, https:\/\/bertrand.pl\/wp-content\/uploads\/2023\/12\/best_of_ibs-600x600.png 600w, https:\/\/bertrand.pl\/wp-content\/uploads\/2023\/12\/best_of_ibs-100x100.png 100w, https:\/\/bertrand.pl\/wp-content\/uploads\/2023\/12\/best_of_ibs.png 702w\" sizes=\"(max-width: 130px) 100vw, 130px\" \/><\/p>\n<p>&nbsp;<\/p>\n<p>Fen\u00eatre <strong><a href=\"https:\/\/bertrand.pl\/fr\/produit\/mb-79n\/\">MB79N<\/a> avec la technologie Infratherm avanc\u00e9e<\/strong>a \u00e9t\u00e9 unanimement reconnu vainqueur dans la cat\u00e9gorie prestigieuse <strong>Meilleur produit de technologie domestique<\/strong>lors des foires mondiales<strong>IBS 2024 <\/strong>Dans<strong> Las Vegas !<\/strong><\/p>\n<p>&nbsp;<\/p>\n<p>Les fen\u00eatres Infratherm se caract\u00e9risent par une solution innovante sous la forme de verre isol\u00e9 ou feuillet\u00e9 \u00e0 commande \u00e9lectronique qui \u00e9met de la chaleur. Gr\u00e2ce \u00e0 cela, ils assurent non seulement la transparence du verre, mais \u00e9galement le confort thermique \u00e0 l\u2019int\u00e9rieur des b\u00e2timents, crucial pour les utilisateurs des diff\u00e9rentes zones climatiques.<\/p>\n<p>&nbsp;<\/p>\n<p>De plus, la technologie <strong>Infrathermie<\/strong> r\u00e9sout efficacement le probl\u00e8me de la condensation de la vapeur d&#039;eau ou du gel, qui compliquent souvent l&#039;utilisation de surfaces difficiles d&#039;acc\u00e8s. Ainsi, gr\u00e2ce \u00e0 Infratherm, vos fen\u00eatres garantiront une temp\u00e9rature confortable dans chaque pi\u00e8ce toute l\u2019ann\u00e9e.<\/p>\n<p>&nbsp;<\/p>\n<h4>A qui s&#039;adresse cette solution ?<\/h4>\n<p>&nbsp;<\/p>\n<p>Que vous viviez dans un climat chaud ou frais, cette technologie signifie que la vapeur d\u2019eau n\u2019obscurcira plus votre vue ext\u00e9rieure. De plus, le nombre de jours pendant lesquels vous pourrez profiter d\u2019une belle lumi\u00e8re naturelle augmentera consid\u00e9rablement. Et comme nous le savons, cela est b\u00e9n\u00e9fique non seulement pour notre bien-\u00eatre, mais aussi pour notre sant\u00e9. De plus, nos experts se feront un plaisir de vous conseiller sur la meilleure fa\u00e7on d\u2019utiliser le syst\u00e8me Infratherm dans votre maison.<\/p>\n<p><strong>Infrathermie<\/strong> il peut \u00eatre utilis\u00e9 aussi bien comme syst\u00e8me de chauffage principal qu&#039;en combinaison avec des installations existantes. Initialement d\u00e9velopp\u00e9 pour les pays scandinaves et les r\u00e9gions aux climats froids, il est d\u00e9sormais utilis\u00e9 dans la plupart des zones climatiques du monde. Il s&#039;agit d&#039;une solution particuli\u00e8rement int\u00e9ressante pour les projets d&#039;architecture moderne, r\u00e9sidentiels et commerciaux avec de grands vitrages. Il est important de noter que cette technologie fonctionne parfaitement dans les endroits qui ne sont pas habit\u00e9s en permanence et n\u00e9cessitent un chauffage rapide, comme les maisons de vacances ou les installations saisonni\u00e8res.<\/p>\n<p>&nbsp;<\/p>\n<p><img fetchpriority=\"high\" decoding=\"async\" class=\"aligncenter wp-image-3187\" src=\"https:\/\/bertrand.pl\/wp-content\/uploads\/2023\/12\/infratherm2-scaled.jpg\" alt=\"\" width=\"682\" height=\"455\" srcset=\"https:\/\/bertrand.pl\/wp-content\/uploads\/2023\/12\/infratherm2-scaled.jpg 2560w, https:\/\/bertrand.pl\/wp-content\/uploads\/2023\/12\/infratherm2-420x280.jpg 420w, https:\/\/bertrand.pl\/wp-content\/uploads\/2023\/12\/infratherm2-1360x907.jpg 1360w, https:\/\/bertrand.pl\/wp-content\/uploads\/2023\/12\/infratherm2-768x512.jpg 768w, https:\/\/bertrand.pl\/wp-content\/uploads\/2023\/12\/infratherm2-1536x1024.jpg 1536w, https:\/\/bertrand.pl\/wp-content\/uploads\/2023\/12\/infratherm2-2048x1365.jpg 2048w, https:\/\/bertrand.pl\/wp-content\/uploads\/2023\/12\/infratherm2-18x12.jpg 18w, https:\/\/bertrand.pl\/wp-content\/uploads\/2023\/12\/infratherm2-600x400.jpg 600w\" sizes=\"(max-width: 682px) 100vw, 682px\" \/><\/p>\n<p>&nbsp;<\/p>\n<h4><strong>Exemples d&#039;applications du syst\u00e8me Infratherm :<\/strong><\/h4>\n<p>&nbsp;<\/p>\n<ul>\n<li>Chauffage des b\u00e2timents r\u00e9sidentiels<\/li>\n<li>Jardins d&#039;hiver<\/li>\n<li>Piscines couvertes (chauffage et \u00e9limination de la condensation)<\/li>\n<li>H\u00f4pitaux, cliniques, salles d&#039;attente<\/li>\n<li>Maisons de vacances (chaleur saine et propre, pas de courants d&#039;air)<\/li>\n<li>Restaurants (chauffage principal et confort accru pr\u00e8s des vitrages)<\/li>\n<li>Bureaux<\/li>\n<\/ul>\n<p><img decoding=\"async\" class=\"size-medium wp-image-980 aligncenter\" style=\"font-weight: inherit;\" src=\"https:\/\/bertrand.pl\/wp-content\/uploads\/2023\/12\/infratherm_okna_grzewcze_okno-420x315.jpg\" alt=\"\" width=\"420\" height=\"315\" srcset=\"https:\/\/bertrand.pl\/wp-content\/uploads\/2023\/12\/infratherm_okna_grzewcze_okno-420x315.jpg 420w, https:\/\/bertrand.pl\/wp-content\/uploads\/2023\/12\/infratherm_okna_grzewcze_okno.jpg 600w\" sizes=\"(max-width: 420px) 100vw, 420px\" \/><\/p>\n<p>&nbsp;<\/p>\n<h4><strong>Les avantages les plus importants du syst\u00e8me Infratherm :<\/strong><\/h4>\n<p>&nbsp;<\/p>\n<ul>\n<li>Invisible, transparent et esth\u00e9tique, tout comme le vitrage isolant haute performance<\/li>\n<li>Ne n\u00e9cessite pas d&#039;espace d&#039;installation suppl\u00e9mentaire<\/li>\n<li>Facile \u00e0 nettoyer et aucun entretien requis<\/li>\n<li>Chaleur saine et rayonnante qui \u00e9limine l\u2019effet \u00ab paroi froide \u00bb<\/li>\n<li>Sensation imm\u00e9diate de confort thermique<\/li>\n<li>Temp\u00e9rature constante et uniforme dans la pi\u00e8ce sans mouvement d&#039;air<\/li>\n<li>Efficacit\u00e9 \u00e9nerg\u00e9tique et \u00e9conomies sur les co\u00fbts de chauffage<\/li>\n<li>Chauffage rapide des pi\u00e8ces m\u00eame par temps froid<\/li>\n<\/ul>\n<p><strong>Infrathermie<\/strong> est une technologie qui non seulement am\u00e9liore le confort de vie, mais augmente \u00e9galement consid\u00e9rablement l&#039;efficacit\u00e9 \u00e9nerg\u00e9tique des b\u00e2timents. Ainsi, en choisissant cette solution, vous investissez dans la modernit\u00e9, l\u2019\u00e9pargne et la sant\u00e9 de votre famille.<\/p>\n<p>&nbsp;<\/p>\n<h4><strong><a href=\"https:\/\/bertrand.pl\/fr\/couleur\/\">Couleurs des fen\u00eatres et des portes<\/a><\/strong><\/h4>","protected":false},"excerpt":{"rendered":"<p><strong>IMAGINEZ QUE VOS FEN\u00caTRES DEVIENNENT UNE SOURCE DE CHALEUR<\/strong><\/p>\n<p>INFRATHERM fournit la chaleur circulant du verre, am\u00e9liorant ainsi le confort thermique \u00e0 l&#039;int\u00e9rieur du b\u00e2timent. INFRATHERM est une solution de chauffage moderne qui assure le confort thermique \u00e0 l&#039;int\u00e9rieur des pi\u00e8ces, \u00e9limine les courants d&#039;air et la sensation de froid.<\/p>","protected":false},"featured_media":3369,"template":"","meta":{"site-sidebar-layout":"default","site-content-layout":"","ast-site-content-layout":"default","site-content-style":"default","site-sidebar-style":"default","ast-global-header-display":"","ast-banner-title-visibility":"","ast-main-header-display":"","ast-hfb-above-header-display":"","ast-hfb-below-header-display":"","ast-hfb-mobile-header-display":"","site-post-title":"","ast-breadcrumbs-content":"","ast-featured-img":"","footer-sml-layout":"","ast-disable-related-posts":"","theme-transparent-header-meta":"default","adv-header-id-meta":"","stick-header-meta":"","header-above-stick-meta":"","header-main-stick-meta":"","header-below-stick-meta":"","astra-migrate-meta-layouts":"set","ast-page-background-enabled":"default","ast-page-background-meta":{"desktop":{"background-color":"var(--ast-global-color-4)","background-image":"","background-repeat":"repeat","background-position":"center center","background-size":"auto","background-attachment":"scroll","background-type":"","background-media":"","overlay-type":"","overlay-color":"","overlay-opacity":"","overlay-gradient":""},"tablet":{"background-color":"","background-image":"","background-repeat":"repeat","background-position":"center center","background-size":"auto","background-attachment":"scroll","background-type":"","background-media":"","overlay-type":"","overlay-color":"","overlay-opacity":"","overlay-gradient":""},"mobile":{"background-color":"","background-image":"","background-repeat":"repeat","background-position":"center center","background-size":"auto","background-attachment":"scroll","background-type":"","background-media":"","overlay-type":"","overlay-color":"","overlay-opacity":"","overlay-gradient":""}},"ast-content-background-meta":{"desktop":{"background-color":"var(--ast-global-color-5)","background-image":"","background-repeat":"repeat","background-position":"center center","background-size":"auto","background-attachment":"scroll","background-type":"","background-media":"","overlay-type":"","overlay-color":"","overlay-opacity":"","overlay-gradient":""},"tablet":{"background-color":"var(--ast-global-color-5)","background-image":"","background-repeat":"repeat","background-position":"center center","background-size":"auto","background-attachment":"scroll","background-type":"","background-media":"","overlay-type":"","overlay-color":"","overlay-opacity":"","overlay-gradient":""},"mobile":{"background-color":"var(--ast-global-color-5)","background-image":"","background-repeat":"repeat","background-position":"center center","background-size":"auto","background-attachment":"scroll","background-type":"","background-media":"","overlay-type":"","overlay-color":"","overlay-opacity":"","overlay-gradient":""}}},"product_brand":[],"product_cat":[29],"product_tag":[352,420,327,346,408,448,370,444,450,446,451,452,449,174,441,442,443,447,445],"class_list":{"0":"post-978","1":"product","2":"type-product","3":"status-publish","4":"has-post-thumbnail","6":"product_cat-okna-grzewcze","7":"product_tag-dobreokna","8":"product_tag-duza-powierzchnia-szkla","9":"product_tag-duza-powierzchnia-szklenia","10":"product_tag-duze-przestrzenie","11":"product_tag-duze-przeszklenia","12":"product_tag-elektryczna-szyba","13":"product_tag-idealne-okna-do-domu","14":"product_tag-infratherm","15":"product_tag-ogrody-zimowe","16":"product_tag-ogrzewanie","17":"product_tag-ogrzewanie-budynkow","18":"product_tag-ogrzewanie-budynku","19":"product_tag-ogrzewanie-domu","20":"product_tag-okna","21":"product_tag-okna-grzewcze","22":"product_tag-okno-grzewcze","23":"product_tag-oknogrzewcze","24":"product_tag-oszczednosc","25":"product_tag-technologie","26":"desktop-align-left","27":"tablet-align-left","28":"mobile-align-left","30":"first","31":"instock","32":"shipping-taxable","33":"product-type-simple"},"yoast_head":"<!-- This site is optimized with the Yoast SEO Premium plugin v27.2 (Yoast SEO v27.2) - https:\/\/yoast.com\/product\/yoast-seo-premium-wordpress\/ -->\n<title>INFRATHERM - Bertrand. Najwy\u017cszej jako\u015bci okna i drzwi. Certyfikowany producent od 1969 roku.<\/title>\n<meta name=\"description\" content=\"Okno MB79N z technologi\u0105 Infratherm \u2013 nagrodzone za innowacyjno\u015b\u0107 na IBS 2024! Komfort cieplny, eliminacja kondensacji i efektywne ogrzewanie.\" \/>\n<meta name=\"robots\" content=\"index, follow, max-snippet:-1, max-image-preview:large, max-video-preview:-1\" \/>\n<link rel=\"canonical\" href=\"https:\/\/bertrand.pl\/fr\/produit\/infrarouge\/\" \/>\n<meta property=\"og:locale\" content=\"fr_FR\" \/>\n<meta property=\"og:type\" content=\"article\" \/>\n<meta property=\"og:title\" content=\"INFRATHERM\" \/>\n<meta property=\"og:description\" content=\"Okno MB79N z technologi\u0105 Infratherm \u2013 nagrodzone za innowacyjno\u015b\u0107 na IBS 2024! Komfort cieplny, eliminacja kondensacji i efektywne ogrzewanie.\" \/>\n<meta property=\"og:url\" content=\"https:\/\/bertrand.pl\/fr\/produit\/infrarouge\/\" \/>\n<meta property=\"og:site_name\" content=\"Bertrand. Najwy\u017cszej jako\u015bci okna i drzwi. Certyfikowany producent od 1969 roku.\" \/>\n<meta property=\"article:publisher\" content=\"https:\/\/www.facebook.com\/bertrandpolska\/\" \/>\n<meta property=\"article:modified_time\" content=\"2025-03-06T14:26:44+00:00\" \/>\n<meta property=\"og:image\" content=\"https:\/\/bertrand.pl\/wp-content\/uploads\/2023\/12\/infratherm_www-scaled.jpg\" \/>\n\t<meta property=\"og:image:width\" content=\"2560\" \/>\n\t<meta property=\"og:image:height\" content=\"2560\" \/>\n\t<meta property=\"og:image:type\" content=\"image\/jpeg\" \/>\n<meta name=\"twitter:card\" content=\"summary_large_image\" \/>\n<meta name=\"twitter:label1\" content=\"Dur\u00e9e de lecture estim\u00e9e\" \/>\n\t<meta name=\"twitter:data1\" content=\"4 minutes\" \/>\n<script type=\"application\/ld+json\" class=\"yoast-schema-graph\">{\"@context\":\"https:\/\/schema.org\",\"@graph\":[{\"@type\":\"WebPage\",\"@id\":\"https:\/\/bertrand.pl\/produkt\/infratherm\/\",\"url\":\"https:\/\/bertrand.pl\/produkt\/infratherm\/\",\"name\":\"INFRATHERM - Bertrand. Najwy\u017cszej jako\u015bci okna i drzwi. Certyfikowany producent od 1969 roku.\",\"isPartOf\":{\"@id\":\"https:\/\/bertrand.pl\/#website\"},\"primaryImageOfPage\":{\"@id\":\"https:\/\/bertrand.pl\/produkt\/infratherm\/#primaryimage\"},\"image\":{\"@id\":\"https:\/\/bertrand.pl\/produkt\/infratherm\/#primaryimage\"},\"thumbnailUrl\":\"https:\/\/bertrand.pl\/wp-content\/uploads\/2023\/12\/infratherm_www-scaled.jpg\",\"datePublished\":\"2023-12-13T08:28:33+00:00\",\"dateModified\":\"2025-03-06T14:26:44+00:00\",\"description\":\"Okno MB79N z technologi\u0105 Infratherm \u2013 nagrodzone za innowacyjno\u015b\u0107 na IBS 2024! Komfort cieplny, eliminacja kondensacji i efektywne ogrzewanie.\",\"breadcrumb\":{\"@id\":\"https:\/\/bertrand.pl\/produkt\/infratherm\/#breadcrumb\"},\"inLanguage\":\"fr-FR\",\"potentialAction\":[{\"@type\":\"ReadAction\",\"target\":[\"https:\/\/bertrand.pl\/produkt\/infratherm\/\"]}]},{\"@type\":\"ImageObject\",\"inLanguage\":\"fr-FR\",\"@id\":\"https:\/\/bertrand.pl\/produkt\/infratherm\/#primaryimage\",\"url\":\"https:\/\/bertrand.pl\/wp-content\/uploads\/2023\/12\/infratherm_www-scaled.jpg\",\"contentUrl\":\"https:\/\/bertrand.pl\/wp-content\/uploads\/2023\/12\/infratherm_www-scaled.jpg\",\"width\":2560,\"height\":2560},{\"@type\":\"BreadcrumbList\",\"@id\":\"https:\/\/bertrand.pl\/produkt\/infratherm\/#breadcrumb\",\"itemListElement\":[{\"@type\":\"ListItem\",\"position\":1,\"name\":\"Strona g\u0142\u00f3wna\",\"item\":\"https:\/\/bertrand.pl\/\"},{\"@type\":\"ListItem\",\"position\":2,\"name\":\"Produits\",\"item\":\"https:\/\/bertrand.pl\/fr\/shop\/\"},{\"@type\":\"ListItem\",\"position\":3,\"name\":\"INFRATHERM\"}]},{\"@type\":\"WebSite\",\"@id\":\"https:\/\/bertrand.pl\/#website\",\"url\":\"https:\/\/bertrand.pl\/\",\"name\":\"Bertrand.pl\",\"description\":\"Firma Bertrand to certyfikowany i uznany producent najwy\u017cszej jako\u015bci okien z PVC, z drewna lub aluminium. Produkcja drzwi, rolet i bram gara\u017cowych.\",\"publisher\":{\"@id\":\"https:\/\/bertrand.pl\/#organization\"},\"potentialAction\":[{\"@type\":\"SearchAction\",\"target\":{\"@type\":\"EntryPoint\",\"urlTemplate\":\"https:\/\/bertrand.pl\/?s={search_term_string}\"},\"query-input\":{\"@type\":\"PropertyValueSpecification\",\"valueRequired\":true,\"valueName\":\"search_term_string\"}}],\"inLanguage\":\"fr-FR\"},{\"@type\":\"Organization\",\"@id\":\"https:\/\/bertrand.pl\/#organization\",\"name\":\"Bertrand.pl\",\"url\":\"https:\/\/bertrand.pl\/\",\"logo\":{\"@type\":\"ImageObject\",\"inLanguage\":\"fr-FR\",\"@id\":\"https:\/\/bertrand.pl\/#\/schema\/logo\/image\/\",\"url\":\"https:\/\/bertrand.pl\/wp-content\/uploads\/2024\/12\/logo_BB_TM_PL_black.png\",\"contentUrl\":\"https:\/\/bertrand.pl\/wp-content\/uploads\/2024\/12\/logo_BB_TM_PL_black.png\",\"width\":1831,\"height\":1831,\"caption\":\"Bertrand.pl\"},\"image\":{\"@id\":\"https:\/\/bertrand.pl\/#\/schema\/logo\/image\/\"},\"sameAs\":[\"https:\/\/www.facebook.com\/bertrandpolska\/\",\"https:\/\/www.instagram.com\/bertrand_okna_i_drzwi\/\",\"https:\/\/www.linkedin.com\/company\/bertrand\/\",\"https:\/\/www.tiktok.com\/@bertrand_okna_drzwi\"]}]}<\/script>\n<!-- \/ Yoast SEO Premium plugin. -->","yoast_head_json":{"title":"INFRATHERM - Bertrand. Najwy\u017cszej jako\u015bci okna i drzwi. Certyfikowany producent od 1969 roku.","description":"Fen\u00eatre MB79N avec technologie Infratherm \u2013 r\u00e9compens\u00e9e pour son innovation \u00e0 l&#039;IBS 2024 ! Confort thermique, \u00e9limination de la condensation et chauffage efficace.","robots":{"index":"index","follow":"follow","max-snippet":"max-snippet:-1","max-image-preview":"max-image-preview:large","max-video-preview":"max-video-preview:-1"},"canonical":"https:\/\/bertrand.pl\/fr\/produit\/infrarouge\/","og_locale":"fr_FR","og_type":"article","og_title":"INFRATHERM","og_description":"Okno MB79N z technologi\u0105 Infratherm \u2013 nagrodzone za innowacyjno\u015b\u0107 na IBS 2024! Komfort cieplny, eliminacja kondensacji i efektywne ogrzewanie.","og_url":"https:\/\/bertrand.pl\/fr\/produit\/infrarouge\/","og_site_name":"Bertrand. Najwy\u017cszej jako\u015bci okna i drzwi. Certyfikowany producent od 1969 roku.","article_publisher":"https:\/\/www.facebook.com\/bertrandpolska\/","article_modified_time":"2025-03-06T14:26:44+00:00","og_image":[{"width":2560,"height":2560,"url":"https:\/\/bertrand.pl\/wp-content\/uploads\/2023\/12\/infratherm_www-scaled.jpg","type":"image\/jpeg"}],"twitter_card":"summary_large_image","twitter_misc":{"Dur\u00e9e de lecture estim\u00e9e":"4 minutes"},"schema":{"@context":"https:\/\/schema.org","@graph":[{"@type":"WebPage","@id":"https:\/\/bertrand.pl\/produkt\/infratherm\/","url":"https:\/\/bertrand.pl\/produkt\/infratherm\/","name":"INFRATHERM - Bertrand. Najwy\u017cszej jako\u015bci okna i drzwi. Certyfikowany producent od 1969 roku.","isPartOf":{"@id":"https:\/\/bertrand.pl\/#website"},"primaryImageOfPage":{"@id":"https:\/\/bertrand.pl\/produkt\/infratherm\/#primaryimage"},"image":{"@id":"https:\/\/bertrand.pl\/produkt\/infratherm\/#primaryimage"},"thumbnailUrl":"https:\/\/bertrand.pl\/wp-content\/uploads\/2023\/12\/infratherm_www-scaled.jpg","datePublished":"2023-12-13T08:28:33+00:00","dateModified":"2025-03-06T14:26:44+00:00","description":"Fen\u00eatre MB79N avec technologie Infratherm \u2013 r\u00e9compens\u00e9e pour son innovation \u00e0 l&#039;IBS 2024 ! Confort thermique, \u00e9limination de la condensation et chauffage efficace.","breadcrumb":{"@id":"https:\/\/bertrand.pl\/produkt\/infratherm\/#breadcrumb"},"inLanguage":"fr-FR","potentialAction":[{"@type":"ReadAction","target":["https:\/\/bertrand.pl\/produkt\/infratherm\/"]}]},{"@type":"ImageObject","inLanguage":"fr-FR","@id":"https:\/\/bertrand.pl\/produkt\/infratherm\/#primaryimage","url":"https:\/\/bertrand.pl\/wp-content\/uploads\/2023\/12\/infratherm_www-scaled.jpg","contentUrl":"https:\/\/bertrand.pl\/wp-content\/uploads\/2023\/12\/infratherm_www-scaled.jpg","width":2560,"height":2560},{"@type":"BreadcrumbList","@id":"https:\/\/bertrand.pl\/produkt\/infratherm\/#breadcrumb","itemListElement":[{"@type":"ListItem","position":1,"name":"Strona g\u0142\u00f3wna","item":"https:\/\/bertrand.pl\/"},{"@type":"ListItem","position":2,"name":"Produits","item":"https:\/\/bertrand.pl\/fr\/shop\/"},{"@type":"ListItem","position":3,"name":"INFRATHERM"}]},{"@type":"WebSite","@id":"https:\/\/bertrand.pl\/#website","url":"https:\/\/bertrand.pl\/","name":"Bertrand.pl","description":"Firma Bertrand to certyfikowany i uznany producent najwy\u017cszej jako\u015bci okien z PVC, z drewna lub aluminium. Produkcja drzwi, rolet i bram gara\u017cowych.","publisher":{"@id":"https:\/\/bertrand.pl\/#organization"},"potentialAction":[{"@type":"SearchAction","target":{"@type":"EntryPoint","urlTemplate":"https:\/\/bertrand.pl\/?s={search_term_string}"},"query-input":{"@type":"PropertyValueSpecification","valueRequired":true,"valueName":"search_term_string"}}],"inLanguage":"fr-FR"},{"@type":"Organization","@id":"https:\/\/bertrand.pl\/#organization","name":"Bertrand.pl","url":"https:\/\/bertrand.pl\/","logo":{"@type":"ImageObject","inLanguage":"fr-FR","@id":"https:\/\/bertrand.pl\/#\/schema\/logo\/image\/","url":"https:\/\/bertrand.pl\/wp-content\/uploads\/2024\/12\/logo_BB_TM_PL_black.png","contentUrl":"https:\/\/bertrand.pl\/wp-content\/uploads\/2024\/12\/logo_BB_TM_PL_black.png","width":1831,"height":1831,"caption":"Bertrand.pl"},"image":{"@id":"https:\/\/bertrand.pl\/#\/schema\/logo\/image\/"},"sameAs":["https:\/\/www.facebook.com\/bertrandpolska\/","https:\/\/www.instagram.com\/bertrand_okna_i_drzwi\/","https:\/\/www.linkedin.com\/company\/bertrand\/","https:\/\/www.tiktok.com\/@bertrand_okna_drzwi"]}]}},"_links":{"self":[{"href":"https:\/\/bertrand.pl\/fr\/wp-json\/wp\/v2\/product\/978","targetHints":{"allow":["GET"]}}],"collection":[{"href":"https:\/\/bertrand.pl\/fr\/wp-json\/wp\/v2\/product"}],"about":[{"href":"https:\/\/bertrand.pl\/fr\/wp-json\/wp\/v2\/types\/product"}],"wp:featuredmedia":[{"embeddable":true,"href":"https:\/\/bertrand.pl\/fr\/wp-json\/wp\/v2\/media\/3369"}],"wp:attachment":[{"href":"https:\/\/bertrand.pl\/fr\/wp-json\/wp\/v2\/media?parent=978"}],"wp:term":[{"taxonomy":"product_brand","embeddable":true,"href":"https:\/\/bertrand.pl\/fr\/wp-json\/wp\/v2\/product_brand?post=978"},{"taxonomy":"product_cat","embeddable":true,"href":"https:\/\/bertrand.pl\/fr\/wp-json\/wp\/v2\/product_cat?post=978"},{"taxonomy":"product_tag","embeddable":true,"href":"https:\/\/bertrand.pl\/fr\/wp-json\/wp\/v2\/product_tag?post=978"}],"curies":[{"name":"wp","href":"https:\/\/api.w.org\/{rel}","templated":true}]}}