{"id":982,"date":"2024-06-30T09:41:32","date_gmt":"2024-06-30T07:41:32","guid":{"rendered":"https:\/\/bertrand.pl\/?post_type=product&#038;p=982"},"modified":"2024-12-13T13:59:05","modified_gmt":"2024-12-13T12:59:05","slug":"porte-dentree-bertrand","status":"publish","type":"product","link":"https:\/\/bertrand.pl\/fr\/produkt\/drzwi-wejsciowe-bertrand\/","title":{"rendered":"Porte d&#039;entr\u00e9e"},"content":{"rendered":"<h1><strong>Portes d\u2019entr\u00e9e \u2013 choisir la combinaison parfaite entre fonctionnalit\u00e9 et style<\/strong><\/h1>\n<p>&nbsp;<\/p>\n<p>La porte d&#039;entr\u00e9e n&#039;est pas seulement la vitrine de votre maison, mais aussi un \u00e9l\u00e9ment cl\u00e9 assurant la s\u00e9curit\u00e9, l&#039;isolation thermique et acoustique. Le choix du bon mat\u00e9riau est extr\u00eamement important car il affecte \u00e0 la fois leur durabilit\u00e9 et leur esth\u00e9tique.<\/p>\n<p>&nbsp;<\/p>\n<hr \/>\n<h3><strong>Portes en PVC \u2013 praticit\u00e9 et prix abordable<\/strong><\/h3>\n<p>Les portes en PVC, c&#039;est-\u00e0-dire en polychlorure de vinyle, sont extr\u00eamement populaires. Pourquoi? Principalement en raison de leur durabilit\u00e9 et de leur r\u00e9sistance aux diverses conditions m\u00e9t\u00e9orologiques. De plus, le PVC est un mat\u00e9riau facile \u00e0 entretenir : il ne n\u00e9cessite pas d\u2019entretien compliqu\u00e9. Gr\u00e2ce aux technologies modernes, les portes en PVC sont disponibles dans de nombreuses couleurs et styles, imitant souvent d&#039;autres mat\u00e9riaux comme le bois. De plus, leurs excellentes propri\u00e9t\u00e9s isolantes contribuent \u00e0 maintenir une temp\u00e9rature optimale dans la maison, ce qui affecte le confort thermique des r\u00e9sidents.<\/p>\n<hr \/>\n<h3><strong>Portes en aluminium \u2013 modernit\u00e9 et durabilit\u00e9 en un<\/strong><\/h3>\n<p>Pour les amateurs de design moderne, les portes en aluminium seront le choix parfait. L&#039;aluminium est exceptionnellement l\u00e9ger et durable, ce qui rend les portes fabriqu\u00e9es dans ce mat\u00e9riau r\u00e9sistantes \u00e0 la corrosion et aux dommages m\u00e9caniques. De plus, l\u2019utilisation de ruptures de pont thermique modernes dans les portes en aluminium garantit d\u2019excellentes propri\u00e9t\u00e9s isolantes. Les profils fins et \u00e9l\u00e9gants de ces portes s\u2019int\u00e8grent parfaitement aux conceptions architecturales minimalistes, conf\u00e9rant aux b\u00e2timents un caract\u00e8re prestigieux.<\/p>\n<hr \/>\n<h3><strong>Portes en bois \u2013 chaleur et \u00e9l\u00e9gance classique<\/strong><\/h3>\n<p>Les portes en bois sont associ\u00e9es depuis des ann\u00e9es au luxe et \u00e0 la beaut\u00e9 naturelle. Le bois apporte de la chaleur \u00e0 la maison et son grain unique rend chaque porte unique. Les portes contemporaines en bois allient esth\u00e9tique et fonctionnalit\u00e9 gr\u00e2ce \u00e0 des technologies de traitement avanc\u00e9es qui augmentent leur r\u00e9sistance aux conditions m\u00e9t\u00e9orologiques. De plus, le bois offre une excellente isolation thermique et acoustique, ce qui rend ce choix \u00e0 la fois pratique et \u00e9l\u00e9gant.<\/p>\n<p><a href=\"https:\/\/www.youtube.com\/watch?v=HrJnbzId9FI\">Bois bross\u00e9 dans les fen\u00eatres et portes Bertrand<\/a><\/p>\n<p>&nbsp;<\/p>\n<hr \/>\n<h3><strong>Confort, s\u00e9curit\u00e9 et technologies modernes<\/strong><\/h3>\n<p>Les portes BERTRAND sont un exemple de combinaison de technologies modernes et de fonctionnalit\u00e9. L&#039;utilisation de solutions telles que l&#039;\u00e9clairage LED dans la poign\u00e9e, les scanners d&#039;empreintes digitales ou les viseurs num\u00e9riques augmentent le confort d&#039;utilisation. De plus, les panneaux de porte peuvent \u00eatre \u00e9quip\u00e9s d&#039;interphones et de vid\u00e9ophones, ce qui garantit une plus grande s\u00e9curit\u00e9 aux r\u00e9sidents.<\/p>\n<hr \/>\n<h3><strong>Un design adapt\u00e9 \u00e0 tous les styles<\/strong><\/h3>\n<p>Le design vari\u00e9 des portes permet de les adapter parfaitement au caract\u00e8re de la maison. Les d\u00e9tails pr\u00e9cis ajoutent \u00e9l\u00e9gance et prestige, faisant des portes BERTRAND une d\u00e9coration de n&#039;importe quelle fa\u00e7ade.<\/p>\n<hr \/>\n<h3><strong>Pourquoi vaut-il la peine de choisir les portes BERTRAND ?<\/strong><\/h3>\n<p>&nbsp;<\/p>\n<ol>\n<li><strong>Mat\u00e9riaux de haute qualit\u00e9<\/strong> \u2013 Du PVC, de l\u2019aluminium et du bois r\u00e9pondant aux normes les plus \u00e9lev\u00e9es.<\/li>\n<li><strong>Technologies modernes<\/strong> \u2013 scanners d\u2019empreintes digitales, interphones vid\u00e9o et viseurs num\u00e9riques.<\/li>\n<li><strong>Esth\u00e9tique et fonctionnalit\u00e9<\/strong> \u2013 des portes adapt\u00e9es \u00e0 chaque conception architecturale.<\/li>\n<li><strong>Isolation parfaite<\/strong> \u2013 thermique et acoustique, garantissant un confort de vie.<\/li>\n<\/ol>\n<hr \/>\n<h3><\/h3>\n<p>La porte d&#039;entr\u00e9e est un \u00e9l\u00e9ment cl\u00e9 de votre maison. Que vous optiez pour des portes durables en PVC, des portes modernes en aluminium ou des portes classiques en bois, la marque BERTRAND garantit qualit\u00e9, fonctionnalit\u00e9 et \u00e9l\u00e9gance. Investissez dans des portes qui seront \u00e0 la fois une vitrine de votre maison et un gage de s\u00e9curit\u00e9 et de confort.<\/p>\n<p><strong>D\u00e9couvrez les portes BERTRAND et cr\u00e9ez une entr\u00e9e unique dans votre maison ! <\/strong><\/p>\n<p><strong><a href=\"https:\/\/bertrand.pl\/fr\/portes-en-bois-tradition-et-qualite-depuis-1969\/\">En savoir plus sur les portes Bertrand sur notre blog : Portes en bois \u2013 Tradition et qualit\u00e9 depuis 1969 \u2013 Bertrand.pl<\/a><\/strong><\/p>\n<figure id=\"attachment_984\" aria-describedby=\"caption-attachment-984\" style=\"width: 1920px\" class=\"wp-caption alignnone\"><img fetchpriority=\"high\" decoding=\"async\" class=\"wp-image-984 size-full\" title=\"Porte d&#039;entr\u00e9e\" src=\"https:\/\/bertrand.pl\/wp-content\/uploads\/2023\/12\/klasyczne-drzwi-zewntrzne.png\" alt=\"Porte d&#039;entr\u00e9e Bertrand. D\u00e9coration de votre maison! \" width=\"1920\" height=\"600\" srcset=\"https:\/\/bertrand.pl\/wp-content\/uploads\/2023\/12\/klasyczne-drzwi-zewntrzne.png 1920w, https:\/\/bertrand.pl\/wp-content\/uploads\/2023\/12\/klasyczne-drzwi-zewntrzne-420x131.png 420w, https:\/\/bertrand.pl\/wp-content\/uploads\/2023\/12\/klasyczne-drzwi-zewntrzne-1360x425.png 1360w, https:\/\/bertrand.pl\/wp-content\/uploads\/2023\/12\/klasyczne-drzwi-zewntrzne-768x240.png 768w, https:\/\/bertrand.pl\/wp-content\/uploads\/2023\/12\/klasyczne-drzwi-zewntrzne-1536x480.png 1536w, https:\/\/bertrand.pl\/wp-content\/uploads\/2023\/12\/klasyczne-drzwi-zewntrzne-600x188.png 600w\" sizes=\"(max-width: 1920px) 100vw, 1920px\" \/><figcaption id=\"caption-attachment-984\" class=\"wp-caption-text\">Porte d&#039;entr\u00e9e<\/figcaption><\/figure>\n<h3><\/h3>\n<h3><img decoding=\"async\" class=\"wp-image-4163 aligncenter\" src=\"https:\/\/bertrand.pl\/wp-content\/uploads\/2024\/06\/3873060771543238855-128.png\" alt=\"\" width=\"50\" height=\"50\" srcset=\"https:\/\/bertrand.pl\/wp-content\/uploads\/2024\/06\/3873060771543238855-128.png 128w, https:\/\/bertrand.pl\/wp-content\/uploads\/2024\/06\/3873060771543238855-128-12x12.png 12w, https:\/\/bertrand.pl\/wp-content\/uploads\/2024\/06\/3873060771543238855-128-100x100.png 100w\" sizes=\"(max-width: 50px) 100vw, 50px\" \/><\/h3>\n<h3 style=\"text-align: center;\"><a href=\"https:\/\/bertrand-en.traumtuer-konfigurator.de\/?conf=361b0875\"><strong>Cliquez ici et configurez la porte de vos r\u00eaves !<\/strong><\/a><\/h3>\n<h3><img decoding=\"async\" class=\"wp-image-4162 aligncenter\" src=\"https:\/\/bertrand.pl\/wp-content\/uploads\/2024\/06\/16637225141543238859-128.png\" alt=\"\" width=\"50\" height=\"50\" srcset=\"https:\/\/bertrand.pl\/wp-content\/uploads\/2024\/06\/16637225141543238859-128.png 128w, https:\/\/bertrand.pl\/wp-content\/uploads\/2024\/06\/16637225141543238859-128-12x12.png 12w, https:\/\/bertrand.pl\/wp-content\/uploads\/2024\/06\/16637225141543238859-128-100x100.png 100w\" sizes=\"(max-width: 50px) 100vw, 50px\" \/><\/h3>\n<p>&nbsp;<\/p>\n<p>&nbsp;<\/p>\n<h3 style=\"text-align: center;\">Accessoires modernes<\/h3>\n<p>&nbsp;<\/p>\n<div id='gallery-1' class='gallery galleryid-982 gallery-columns-3 gallery-size-thumbnail'><figure class='gallery-item'>\n\t\t\t<div class='gallery-icon landscape'>\n\t\t\t\t<a href='https:\/\/bertrand.pl\/fr\/?attachment_id=987'><img loading=\"lazy\" decoding=\"async\" width=\"360\" height=\"250\" src=\"https:\/\/bertrand.pl\/wp-content\/uploads\/2023\/12\/accessories5-360x250.jpg\" class=\"attachment-thumbnail size-thumbnail\" alt=\"\" aria-describedby=\"gallery-1-987\" \/><\/a>\n\t\t\t<\/div>\n\t\t\t\t<figcaption class='wp-caption-text gallery-caption' id='gallery-1-987'>\n\t\t\t\tPOIGN\u00c9E AVEC SCANNER DE DOIGTS INT\u00c9GR\u00c9\n\t\t\t\t<\/figcaption><\/figure><figure class='gallery-item'>\n\t\t\t<div class='gallery-icon landscape'>\n\t\t\t\t<a href='https:\/\/bertrand.pl\/fr\/?attachment_id=986'><img loading=\"lazy\" decoding=\"async\" width=\"360\" height=\"250\" src=\"https:\/\/bertrand.pl\/wp-content\/uploads\/2023\/12\/accessories2-360x250.jpg\" class=\"attachment-thumbnail size-thumbnail\" alt=\"\" aria-describedby=\"gallery-1-986\" \/><\/a>\n\t\t\t<\/div>\n\t\t\t\t<figcaption class='wp-caption-text gallery-caption' id='gallery-1-986'>\n\t\t\t\tPOIGN\u00c9E AVEC VISEUR NUM\u00c9RIQUE INT\u00c9GR\u00c9\n\t\t\t\t<\/figcaption><\/figure><figure class='gallery-item'>\n\t\t\t<div class='gallery-icon landscape'>\n\t\t\t\t<a href='https:\/\/bertrand.pl\/fr\/?attachment_id=985'><img loading=\"lazy\" decoding=\"async\" width=\"360\" height=\"250\" src=\"https:\/\/bertrand.pl\/wp-content\/uploads\/2023\/12\/accessories1-360x250.jpg\" class=\"attachment-thumbnail size-thumbnail\" alt=\"\" aria-describedby=\"gallery-1-985\" \/><\/a>\n\t\t\t<\/div>\n\t\t\t\t<figcaption class='wp-caption-text gallery-caption' id='gallery-1-985'>\n\t\t\t\tPOIGN\u00c9E AVEC \u00c9CLAIRAGE LED INT\u00c9GR\u00c9\n\t\t\t\t<\/figcaption><\/figure>\n\t\t<\/div>\n\n<p>&nbsp;<\/p>\n<p>&nbsp;<\/p>\n<p style=\"text-align: center;\">","protected":false},"excerpt":{"rendered":"<p>DESIGN UNIQUE<\/p>\n<p>En tant que fabricant de fen\u00eatres et de portes poss\u00e9dant une vaste exp\u00e9rience dans l\u2019industrie, nous proposons un certain nombre de solutions \u00e9prouv\u00e9es. L&#039;offre de Bertrand comprend des portes ext\u00e9rieures en acier, en aluminium, en bois et en PVC - toutes ces variantes se caract\u00e9risent par une production de haute qualit\u00e9, l&#039;utilisation de mat\u00e9riaux durables et une fonctionnalit\u00e9. Il existe de nombreux designs, solutions techniques et accessoires parmi lesquels choisir qui influencent l&#039;esth\u00e9tique, la s\u00e9curit\u00e9 et le confort d&#039;utilisation.<\/p>","protected":false},"featured_media":4733,"template":"","meta":{"site-sidebar-layout":"default","site-content-layout":"","ast-site-content-layout":"default","site-content-style":"default","site-sidebar-style":"default","ast-global-header-display":"","ast-banner-title-visibility":"","ast-main-header-display":"","ast-hfb-above-header-display":"","ast-hfb-below-header-display":"","ast-hfb-mobile-header-display":"","site-post-title":"","ast-breadcrumbs-content":"","ast-featured-img":"","footer-sml-layout":"","ast-disable-related-posts":"","theme-transparent-header-meta":"default","adv-header-id-meta":"","stick-header-meta":"","header-above-stick-meta":"","header-main-stick-meta":"","header-below-stick-meta":"","astra-migrate-meta-layouts":"set","ast-page-background-enabled":"default","ast-page-background-meta":{"desktop":{"background-color":"var(--ast-global-color-4)","background-image":"","background-repeat":"repeat","background-position":"center center","background-size":"auto","background-attachment":"scroll","background-type":"","background-media":"","overlay-type":"","overlay-color":"","overlay-opacity":"","overlay-gradient":""},"tablet":{"background-color":"","background-image":"","background-repeat":"repeat","background-position":"center center","background-size":"auto","background-attachment":"scroll","background-type":"","background-media":"","overlay-type":"","overlay-color":"","overlay-opacity":"","overlay-gradient":""},"mobile":{"background-color":"","background-image":"","background-repeat":"repeat","background-position":"center center","background-size":"auto","background-attachment":"scroll","background-type":"","background-media":"","overlay-type":"","overlay-color":"","overlay-opacity":"","overlay-gradient":""}},"ast-content-background-meta":{"desktop":{"background-color":"var(--ast-global-color-5)","background-image":"","background-repeat":"repeat","background-position":"center center","background-size":"auto","background-attachment":"scroll","background-type":"","background-media":"","overlay-type":"","overlay-color":"","overlay-opacity":"","overlay-gradient":""},"tablet":{"background-color":"var(--ast-global-color-5)","background-image":"","background-repeat":"repeat","background-position":"center center","background-size":"auto","background-attachment":"scroll","background-type":"","background-media":"","overlay-type":"","overlay-color":"","overlay-opacity":"","overlay-gradient":""},"mobile":{"background-color":"var(--ast-global-color-5)","background-image":"","background-repeat":"repeat","background-position":"center center","background-size":"auto","background-attachment":"scroll","background-type":"","background-media":"","overlay-type":"","overlay-color":"","overlay-opacity":"","overlay-gradient":""}}},"product_brand":[],"product_cat":[38],"product_tag":[168,360,326,367,368,339,377,175,195,400,460,343,383,1006,1195,1200,1201,1196,1197,1186,342,1202,1199,1191,458,1194,1198,1189,1188,361,366,459,1187,169,362,1192,1190,1193],"class_list":{"0":"post-982","1":"product","2":"type-product","3":"status-publish","4":"has-post-thumbnail","6":"product_cat-drzwi-zewnetrzne","7":"product_tag-bertrand","8":"product_tag-bezpieczenstwo","9":"product_tag-budowa-domu","10":"product_tag-budownictwo","11":"product_tag-budownictwo-pasywne","12":"product_tag-design","13":"product_tag-dobre-drzwi","14":"product_tag-drzwi","15":"product_tag-drzwi-aluminiowe","16":"product_tag-drzwi-antywlamaniowe","17":"product_tag-drzwi-bertrand","18":"product_tag-drzwi-do-domu","19":"product_tag-drzwi-drewniane","20":"product_tag-drzwi-energooszczedne","21":"product_tag-drzwi-klasyczne","22":"product_tag-drzwi-minimalistyczne","23":"product_tag-drzwi-na-wymiar","24":"product_tag-drzwi-nowoczesne","25":"product_tag-drzwi-odporne-na-warunki-atmosferyczne","26":"product_tag-drzwi-pvc","27":"product_tag-drzwi-wejsciowe","28":"product_tag-drzwi-wejsciowe-do-domu","29":"product_tag-drzwi-z-naturalnego-drewna","30":"product_tag-drzwi-z-pochwytem-led","31":"product_tag-drzwi-zewnetrzne","32":"product_tag-eleganckie-drzwi-wejsciowe","33":"product_tag-estetyczne-drzwi-zewnetrzne","34":"product_tag-izolacja-akustyczna-drzwi","35":"product_tag-izolacja-termiczna-drzwi","36":"product_tag-jakosc","37":"product_tag-komfort","38":"product_tag-nowoczesne-drzwi","39":"product_tag-nowoczesne-drzwi-wejsciowe","40":"product_tag-produkt","41":"product_tag-quality","42":"product_tag-skanery-linii-papilarnych-w-drzwiach","43":"product_tag-trwale-drzwi-wejsciowe","44":"product_tag-wideodomofony-w-drzwiach","45":"desktop-align-left","46":"tablet-align-left","47":"mobile-align-left","49":"first","50":"instock","51":"shipping-taxable","52":"product-type-simple"},"yoast_head":"<!-- This site is optimized with the Yoast SEO Premium plugin v27.2 (Yoast SEO v27.2) - https:\/\/yoast.com\/product\/yoast-seo-premium-wordpress\/ -->\n<title>Drzwi wej\u015bciowe - Bertrand. Najwy\u017cszej jako\u015bci okna i drzwi. Certyfikowany producent od 1969 roku.<\/title>\n<meta name=\"description\" content=\"Drzwi wej\u015bciowe Bertrand stanowi\u0105 to wizyt\u00f3wka Twojego domu. To gwarancja estetyki, bezpiecze\u0144stwa oraz komfortu. Sprawd\u017a nasz\u0105 ofert\u0119!\" \/>\n<meta name=\"robots\" content=\"index, follow, max-snippet:-1, max-image-preview:large, max-video-preview:-1\" \/>\n<link rel=\"canonical\" href=\"https:\/\/bertrand.pl\/fr\/produit\/porte-dentree-bertrand\/\" \/>\n<meta property=\"og:locale\" content=\"fr_FR\" \/>\n<meta property=\"og:type\" content=\"article\" \/>\n<meta property=\"og:title\" content=\"Drzwi wej\u015bciowe\" \/>\n<meta property=\"og:description\" content=\"Drzwi wej\u015bciowe Bertrand stanowi\u0105 to wizyt\u00f3wka Twojego domu. To gwarancja estetyki, bezpiecze\u0144stwa oraz komfortu. Sprawd\u017a nasz\u0105 ofert\u0119!\" \/>\n<meta property=\"og:url\" content=\"https:\/\/bertrand.pl\/fr\/produit\/porte-dentree-bertrand\/\" \/>\n<meta property=\"og:site_name\" content=\"Bertrand. Najwy\u017cszej jako\u015bci okna i drzwi. Certyfikowany producent od 1969 roku.\" \/>\n<meta property=\"article:publisher\" content=\"https:\/\/www.facebook.com\/bertrandpolska\/\" \/>\n<meta property=\"article:modified_time\" content=\"2024-12-13T12:59:05+00:00\" \/>\n<meta property=\"og:image\" content=\"https:\/\/bertrand.pl\/wp-content\/uploads\/2024\/06\/20201103_Bertrand_Lignum_PL_1.jpg\" \/>\n\t<meta property=\"og:image:width\" content=\"1311\" \/>\n\t<meta property=\"og:image:height\" content=\"2460\" \/>\n\t<meta property=\"og:image:type\" content=\"image\/jpeg\" \/>\n<meta name=\"twitter:card\" content=\"summary_large_image\" \/>\n<meta name=\"twitter:label1\" content=\"Dur\u00e9e de lecture estim\u00e9e\" \/>\n\t<meta name=\"twitter:data1\" content=\"4 minutes\" \/>\n<script type=\"application\/ld+json\" class=\"yoast-schema-graph\">{\"@context\":\"https:\/\/schema.org\",\"@graph\":[{\"@type\":\"WebPage\",\"@id\":\"https:\/\/bertrand.pl\/produkt\/drzwi-wejsciowe-bertrand\/\",\"url\":\"https:\/\/bertrand.pl\/produkt\/drzwi-wejsciowe-bertrand\/\",\"name\":\"Drzwi wej\u015bciowe - Bertrand. Najwy\u017cszej jako\u015bci okna i drzwi. Certyfikowany producent od 1969 roku.\",\"isPartOf\":{\"@id\":\"https:\/\/bertrand.pl\/#website\"},\"primaryImageOfPage\":{\"@id\":\"https:\/\/bertrand.pl\/produkt\/drzwi-wejsciowe-bertrand\/#primaryimage\"},\"image\":{\"@id\":\"https:\/\/bertrand.pl\/produkt\/drzwi-wejsciowe-bertrand\/#primaryimage\"},\"thumbnailUrl\":\"https:\/\/bertrand.pl\/wp-content\/uploads\/2024\/06\/20201103_Bertrand_Lignum_PL_1.jpg\",\"datePublished\":\"2024-06-30T07:41:32+00:00\",\"dateModified\":\"2024-12-13T12:59:05+00:00\",\"description\":\"Drzwi wej\u015bciowe Bertrand stanowi\u0105 to wizyt\u00f3wka Twojego domu. To gwarancja estetyki, bezpiecze\u0144stwa oraz komfortu. Sprawd\u017a nasz\u0105 ofert\u0119!\",\"breadcrumb\":{\"@id\":\"https:\/\/bertrand.pl\/produkt\/drzwi-wejsciowe-bertrand\/#breadcrumb\"},\"inLanguage\":\"fr-FR\",\"potentialAction\":[{\"@type\":\"ReadAction\",\"target\":[\"https:\/\/bertrand.pl\/produkt\/drzwi-wejsciowe-bertrand\/\"]}]},{\"@type\":\"ImageObject\",\"inLanguage\":\"fr-FR\",\"@id\":\"https:\/\/bertrand.pl\/produkt\/drzwi-wejsciowe-bertrand\/#primaryimage\",\"url\":\"https:\/\/bertrand.pl\/wp-content\/uploads\/2024\/06\/20201103_Bertrand_Lignum_PL_1.jpg\",\"contentUrl\":\"https:\/\/bertrand.pl\/wp-content\/uploads\/2024\/06\/20201103_Bertrand_Lignum_PL_1.jpg\",\"width\":1311,\"height\":2460,\"caption\":\"Drzwi zewn\u0119trzne Bertrand Lignum.\"},{\"@type\":\"BreadcrumbList\",\"@id\":\"https:\/\/bertrand.pl\/produkt\/drzwi-wejsciowe-bertrand\/#breadcrumb\",\"itemListElement\":[{\"@type\":\"ListItem\",\"position\":1,\"name\":\"Strona g\u0142\u00f3wna\",\"item\":\"https:\/\/bertrand.pl\/\"},{\"@type\":\"ListItem\",\"position\":2,\"name\":\"Produits\",\"item\":\"https:\/\/bertrand.pl\/fr\/shop\/\"},{\"@type\":\"ListItem\",\"position\":3,\"name\":\"Drzwi wej\u015bciowe\"}]},{\"@type\":\"WebSite\",\"@id\":\"https:\/\/bertrand.pl\/#website\",\"url\":\"https:\/\/bertrand.pl\/\",\"name\":\"Bertrand.pl\",\"description\":\"Firma Bertrand to certyfikowany i uznany producent najwy\u017cszej jako\u015bci okien z PVC, z drewna lub aluminium. Produkcja drzwi, rolet i bram gara\u017cowych.\",\"publisher\":{\"@id\":\"https:\/\/bertrand.pl\/#organization\"},\"potentialAction\":[{\"@type\":\"SearchAction\",\"target\":{\"@type\":\"EntryPoint\",\"urlTemplate\":\"https:\/\/bertrand.pl\/?s={search_term_string}\"},\"query-input\":{\"@type\":\"PropertyValueSpecification\",\"valueRequired\":true,\"valueName\":\"search_term_string\"}}],\"inLanguage\":\"fr-FR\"},{\"@type\":\"Organization\",\"@id\":\"https:\/\/bertrand.pl\/#organization\",\"name\":\"Bertrand.pl\",\"url\":\"https:\/\/bertrand.pl\/\",\"logo\":{\"@type\":\"ImageObject\",\"inLanguage\":\"fr-FR\",\"@id\":\"https:\/\/bertrand.pl\/#\/schema\/logo\/image\/\",\"url\":\"https:\/\/bertrand.pl\/wp-content\/uploads\/2024\/12\/logo_BB_TM_PL_black.png\",\"contentUrl\":\"https:\/\/bertrand.pl\/wp-content\/uploads\/2024\/12\/logo_BB_TM_PL_black.png\",\"width\":1831,\"height\":1831,\"caption\":\"Bertrand.pl\"},\"image\":{\"@id\":\"https:\/\/bertrand.pl\/#\/schema\/logo\/image\/\"},\"sameAs\":[\"https:\/\/www.facebook.com\/bertrandpolska\/\",\"https:\/\/www.instagram.com\/bertrand_okna_i_drzwi\/\",\"https:\/\/www.linkedin.com\/company\/bertrand\/\",\"https:\/\/www.tiktok.com\/@bertrand_okna_drzwi\"]}]}<\/script>\n<!-- \/ Yoast SEO Premium plugin. -->","yoast_head_json":{"title":"Drzwi wej\u015bciowe - Bertrand. Najwy\u017cszej jako\u015bci okna i drzwi. Certyfikowany producent od 1969 roku.","description":"Les portes d&#039;entr\u00e9e Bertrand sont la vitrine de votre maison. C&#039;est un gage d&#039;esth\u00e9tique, de s\u00e9curit\u00e9 et de confort. Consultez notre offre !","robots":{"index":"index","follow":"follow","max-snippet":"max-snippet:-1","max-image-preview":"max-image-preview:large","max-video-preview":"max-video-preview:-1"},"canonical":"https:\/\/bertrand.pl\/fr\/produit\/porte-dentree-bertrand\/","og_locale":"fr_FR","og_type":"article","og_title":"Drzwi wej\u015bciowe","og_description":"Drzwi wej\u015bciowe Bertrand stanowi\u0105 to wizyt\u00f3wka Twojego domu. To gwarancja estetyki, bezpiecze\u0144stwa oraz komfortu. Sprawd\u017a nasz\u0105 ofert\u0119!","og_url":"https:\/\/bertrand.pl\/fr\/produit\/porte-dentree-bertrand\/","og_site_name":"Bertrand. Najwy\u017cszej jako\u015bci okna i drzwi. Certyfikowany producent od 1969 roku.","article_publisher":"https:\/\/www.facebook.com\/bertrandpolska\/","article_modified_time":"2024-12-13T12:59:05+00:00","og_image":[{"width":1311,"height":2460,"url":"https:\/\/bertrand.pl\/wp-content\/uploads\/2024\/06\/20201103_Bertrand_Lignum_PL_1.jpg","type":"image\/jpeg"}],"twitter_card":"summary_large_image","twitter_misc":{"Dur\u00e9e de lecture estim\u00e9e":"4 minutes"},"schema":{"@context":"https:\/\/schema.org","@graph":[{"@type":"WebPage","@id":"https:\/\/bertrand.pl\/produkt\/drzwi-wejsciowe-bertrand\/","url":"https:\/\/bertrand.pl\/produkt\/drzwi-wejsciowe-bertrand\/","name":"Drzwi wej\u015bciowe - Bertrand. Najwy\u017cszej jako\u015bci okna i drzwi. Certyfikowany producent od 1969 roku.","isPartOf":{"@id":"https:\/\/bertrand.pl\/#website"},"primaryImageOfPage":{"@id":"https:\/\/bertrand.pl\/produkt\/drzwi-wejsciowe-bertrand\/#primaryimage"},"image":{"@id":"https:\/\/bertrand.pl\/produkt\/drzwi-wejsciowe-bertrand\/#primaryimage"},"thumbnailUrl":"https:\/\/bertrand.pl\/wp-content\/uploads\/2024\/06\/20201103_Bertrand_Lignum_PL_1.jpg","datePublished":"2024-06-30T07:41:32+00:00","dateModified":"2024-12-13T12:59:05+00:00","description":"Les portes d&#039;entr\u00e9e Bertrand sont la vitrine de votre maison. C&#039;est un gage d&#039;esth\u00e9tique, de s\u00e9curit\u00e9 et de confort. Consultez notre offre !","breadcrumb":{"@id":"https:\/\/bertrand.pl\/produkt\/drzwi-wejsciowe-bertrand\/#breadcrumb"},"inLanguage":"fr-FR","potentialAction":[{"@type":"ReadAction","target":["https:\/\/bertrand.pl\/produkt\/drzwi-wejsciowe-bertrand\/"]}]},{"@type":"ImageObject","inLanguage":"fr-FR","@id":"https:\/\/bertrand.pl\/produkt\/drzwi-wejsciowe-bertrand\/#primaryimage","url":"https:\/\/bertrand.pl\/wp-content\/uploads\/2024\/06\/20201103_Bertrand_Lignum_PL_1.jpg","contentUrl":"https:\/\/bertrand.pl\/wp-content\/uploads\/2024\/06\/20201103_Bertrand_Lignum_PL_1.jpg","width":1311,"height":2460,"caption":"Drzwi zewn\u0119trzne Bertrand Lignum."},{"@type":"BreadcrumbList","@id":"https:\/\/bertrand.pl\/produkt\/drzwi-wejsciowe-bertrand\/#breadcrumb","itemListElement":[{"@type":"ListItem","position":1,"name":"Strona g\u0142\u00f3wna","item":"https:\/\/bertrand.pl\/"},{"@type":"ListItem","position":2,"name":"Produits","item":"https:\/\/bertrand.pl\/fr\/shop\/"},{"@type":"ListItem","position":3,"name":"Drzwi wej\u015bciowe"}]},{"@type":"WebSite","@id":"https:\/\/bertrand.pl\/#website","url":"https:\/\/bertrand.pl\/","name":"Bertrand.pl","description":"Firma Bertrand to certyfikowany i uznany producent najwy\u017cszej jako\u015bci okien z PVC, z drewna lub aluminium. Produkcja drzwi, rolet i bram gara\u017cowych.","publisher":{"@id":"https:\/\/bertrand.pl\/#organization"},"potentialAction":[{"@type":"SearchAction","target":{"@type":"EntryPoint","urlTemplate":"https:\/\/bertrand.pl\/?s={search_term_string}"},"query-input":{"@type":"PropertyValueSpecification","valueRequired":true,"valueName":"search_term_string"}}],"inLanguage":"fr-FR"},{"@type":"Organization","@id":"https:\/\/bertrand.pl\/#organization","name":"Bertrand.pl","url":"https:\/\/bertrand.pl\/","logo":{"@type":"ImageObject","inLanguage":"fr-FR","@id":"https:\/\/bertrand.pl\/#\/schema\/logo\/image\/","url":"https:\/\/bertrand.pl\/wp-content\/uploads\/2024\/12\/logo_BB_TM_PL_black.png","contentUrl":"https:\/\/bertrand.pl\/wp-content\/uploads\/2024\/12\/logo_BB_TM_PL_black.png","width":1831,"height":1831,"caption":"Bertrand.pl"},"image":{"@id":"https:\/\/bertrand.pl\/#\/schema\/logo\/image\/"},"sameAs":["https:\/\/www.facebook.com\/bertrandpolska\/","https:\/\/www.instagram.com\/bertrand_okna_i_drzwi\/","https:\/\/www.linkedin.com\/company\/bertrand\/","https:\/\/www.tiktok.com\/@bertrand_okna_drzwi"]}]}},"_links":{"self":[{"href":"https:\/\/bertrand.pl\/fr\/wp-json\/wp\/v2\/product\/982","targetHints":{"allow":["GET"]}}],"collection":[{"href":"https:\/\/bertrand.pl\/fr\/wp-json\/wp\/v2\/product"}],"about":[{"href":"https:\/\/bertrand.pl\/fr\/wp-json\/wp\/v2\/types\/product"}],"wp:featuredmedia":[{"embeddable":true,"href":"https:\/\/bertrand.pl\/fr\/wp-json\/wp\/v2\/media\/4733"}],"wp:attachment":[{"href":"https:\/\/bertrand.pl\/fr\/wp-json\/wp\/v2\/media?parent=982"}],"wp:term":[{"taxonomy":"product_brand","embeddable":true,"href":"https:\/\/bertrand.pl\/fr\/wp-json\/wp\/v2\/product_brand?post=982"},{"taxonomy":"product_cat","embeddable":true,"href":"https:\/\/bertrand.pl\/fr\/wp-json\/wp\/v2\/product_cat?post=982"},{"taxonomy":"product_tag","embeddable":true,"href":"https:\/\/bertrand.pl\/fr\/wp-json\/wp\/v2\/product_tag?post=982"}],"curies":[{"name":"wp","href":"https:\/\/api.w.org\/{rel}","templated":true}]}}