{"id":1477,"date":"2024-01-08T14:29:17","date_gmt":"2024-01-08T13:29:17","guid":{"rendered":"https:\/\/bertrand.pl\/?page_id=1477"},"modified":"2025-02-14T08:46:43","modified_gmt":"2025-02-14T07:46:43","slug":"service-verzoek","status":"publish","type":"page","link":"https:\/\/bertrand.pl\/nl\/zgloszenie-serwisowe\/","title":{"rendered":"Serviceverzoek"},"content":{"rendered":"<div data-elementor-type=\"wp-page\" data-elementor-id=\"1477\" class=\"elementor elementor-1477\" data-elementor-post-type=\"page\">\n\t\t\t\t<div class=\"elementor-element elementor-element-c840a67 e-flex e-con-boxed e-con e-parent\" data-id=\"c840a67\" data-element_type=\"container\" data-e-type=\"container\" data-settings=\"{&quot;background_background&quot;:&quot;classic&quot;}\">\n\t\t\t\t\t<div class=\"e-con-inner\">\n\t\t<div class=\"elementor-element elementor-element-18f0d5b e-con-full e-flex e-con e-child\" data-id=\"18f0d5b\" data-element_type=\"container\" data-e-type=\"container\">\n\t\t\t\t<div class=\"elementor-element elementor-element-7a86935 elementor-widget elementor-widget-heading\" data-id=\"7a86935\" data-element_type=\"widget\" data-e-type=\"widget\" data-widget_type=\"heading.default\">\n\t\t\t\t<div class=\"elementor-widget-container\">\n\t\t\t\t\t<h1 class=\"elementor-heading-title elementor-size-default\">Registratie <span class=\"color\">dienst<\/span><\/h1>\t\t\t\t<\/div>\n\t\t\t\t<\/div>\n\t\t\t\t<div class=\"elementor-element elementor-element-e369c70 elementor-widget elementor-widget-text-editor\" data-id=\"e369c70\" data-element_type=\"widget\" data-e-type=\"widget\" data-widget_type=\"text-editor.default\">\n\t\t\t\t<div class=\"elementor-widget-container\">\n\t\t\t\t\t\t\t\t\t<h4>Voordat u een serviceverzoek verzendt: belangrijke informatie<\/h4><p class=\"translation-block\">Voordat u <strong>een serviceaanvraag verzendt,<\/strong> raden wij u aan de informatie te lezen die we over dit onderwerp hebben opgesteld. Hierdoor wordt uw aanvraag snel en effectief afgehandeld, bespaart u tijd en voorkomt u misverstanden.<\/p><p>In ons informatiemateriaal vindt u tips over het melden van problemen en veelgestelde vragen en antwoorden waarmee u sommige problemen zelf kunt oplossen. Voorbereiding gedetailleerd <strong>service verzoek<\/strong> met de juiste informatie, zoals een beschrijving van het probleem, het bestelnummer of het apparaatmodel, versnelt het serviceproces aanzienlijk.<\/p>\t\t\t\t\t\t\t\t<\/div>\n\t\t\t\t<\/div>\n\t\t\t\t<\/div>\n\t\t<div class=\"elementor-element elementor-element-357890a e-con-full elementor-hidden-mobile e-flex e-con e-child\" data-id=\"357890a\" data-element_type=\"container\" data-e-type=\"container\">\n\t\t\t\t<div class=\"elementor-element elementor-element-76131b8 img-dots elementor-widget elementor-widget-image\" data-id=\"76131b8\" data-element_type=\"widget\" data-e-type=\"widget\" data-widget_type=\"image.default\">\n\t\t\t\t<div class=\"elementor-widget-container\">\n\t\t\t\t\t\t\t\t\t\t\t\t\t\t\t<img fetchpriority=\"high\" decoding=\"async\" width=\"1320\" height=\"881\" src=\"https:\/\/bertrand.pl\/wp-content\/uploads\/2024\/01\/hand-opens-white-plastic-window-1360x908.webp\" class=\"attachment-large size-large wp-image-1491\" alt=\"\" srcset=\"https:\/\/bertrand.pl\/wp-content\/uploads\/2024\/01\/hand-opens-white-plastic-window-1360x908.webp 1360w, https:\/\/bertrand.pl\/wp-content\/uploads\/2024\/01\/hand-opens-white-plastic-window-420x280.webp 420w, https:\/\/bertrand.pl\/wp-content\/uploads\/2024\/01\/hand-opens-white-plastic-window-768x513.webp 768w, https:\/\/bertrand.pl\/wp-content\/uploads\/2024\/01\/hand-opens-white-plastic-window-600x400.webp 600w, https:\/\/bertrand.pl\/wp-content\/uploads\/2024\/01\/hand-opens-white-plastic-window.webp 1500w\" sizes=\"(max-width: 1320px) 100vw, 1320px\" \/>\t\t\t\t\t\t\t\t\t\t\t\t\t\t\t<\/div>\n\t\t\t\t<\/div>\n\t\t\t\t<\/div>\n\t\t\t\t\t<\/div>\n\t\t\t\t<\/div>\n\t\t<div class=\"elementor-element elementor-element-008cbc9 e-flex e-con-boxed e-con e-parent\" data-id=\"008cbc9\" data-element_type=\"container\" data-e-type=\"container\">\n\t\t\t\t\t<div class=\"e-con-inner\">\n\t\t<div class=\"elementor-element elementor-element-1047f13 e-con-full e-flex e-con e-child\" data-id=\"1047f13\" data-element_type=\"container\" data-e-type=\"container\">\n\t\t\t\t<div class=\"elementor-element elementor-element-2425f4c elementor-widget elementor-widget-text-editor\" data-id=\"2425f4c\" data-element_type=\"widget\" data-e-type=\"widget\" data-widget_type=\"text-editor.default\">\n\t\t\t\t<div class=\"elementor-widget-container\">\n\t\t\t\t\t\t\t\t\t<h4>Waarom is het de moeite waard om informatiemateriaal te gebruiken?<\/h4>\n<p class=\"translation-block\">Voordat u een rapport verzendt, moet u zich ervan vergewissen of het probleem service-interventie vereist of dat het op een andere manier kan worden opgelost. Op onze website vindt u <a href=\"https:\/\/bertrand.pl\/nl\/instrukcje\/\" target=\"_self\">instructies en tips<\/a> die nuttig kunnen zijn. Veel kleine technische problemen kunt u zelf oplossen, waardoor u tijd bespaart en u geen <strong>serviceaanvraag<\/strong> hoeft te sturen.<\/p>\n<p>Als er echter technische assistentie nodig is, kan het zorgvuldig doornemen van onze richtlijnen ons helpen effectief op uw behoeften te reageren.<\/p>\n<h4>Onze klantenservice - uw tevredenheid<\/h4>\n<p class=\"translation-block\">Bij Bertrand is klantenservice een prioriteit. We proberen altijd om het proces voor het afhandelen van serviceaanvragen snel, effici\u00ebnt en bevredigend te laten verlopen. Wij zorgen ervoor dat elke <strong>serviceaanvraag<\/strong> individueel en met de grootste zorg wordt beoordeeld.<\/p>\n<p>Bedankt voor uw vertrouwen en medewerking! Vergeet niet dat u altijd op onze steun en hulp kunt rekenen.<\/p>\t\t\t\t\t\t\t\t<\/div>\n\t\t\t\t<\/div>\n\t\t\t\t<\/div>\n\t\t\t\t\t<\/div>\n\t\t\t\t<\/div>\n\t\t<div class=\"elementor-element elementor-element-ca40337 e-flex e-con-boxed e-con e-parent\" data-id=\"ca40337\" data-element_type=\"container\" data-e-type=\"container\">\n\t\t\t\t\t<div class=\"e-con-inner\">\n\t\t<div class=\"elementor-element elementor-element-9e17369 e-con-full e-flex e-con e-child\" data-id=\"9e17369\" data-element_type=\"container\" data-e-type=\"container\">\n\t\t\t\t<div class=\"elementor-element elementor-element-b2719bc elementor-widget__width-inherit elementor-widget elementor-widget-heading\" data-id=\"b2719bc\" data-element_type=\"widget\" data-e-type=\"widget\" data-widget_type=\"heading.default\">\n\t\t\t\t<div class=\"elementor-widget-container\">\n\t\t\t\t\t<h2 class=\"elementor-heading-title elementor-size-default\">Vraag naar de dienst<\/h2>\t\t\t\t<\/div>\n\t\t\t\t<\/div>\n\t\t\t\t<div class=\"elementor-element elementor-element-2ff8b60 elementor-widget elementor-widget-text-editor\" data-id=\"2ff8b60\" data-element_type=\"widget\" data-e-type=\"widget\" data-widget_type=\"text-editor.default\">\n\t\t\t\t<div class=\"elementor-widget-container\">\n\t\t\t\t\t\t\t\t\t<p>Het document wordt ingevuld wanneer de garantieperiode is verstreken of niet is verlengd in overeenstemming met het contract, evenals wanneer het artikel mechanisch beschadigd is. In dat geval wordt het defect\/de fout tegen betaling verholpen.<\/p>\t\t\t\t\t\t\t\t<\/div>\n\t\t\t\t<\/div>\n\t\t\t\t<div class=\"elementor-element elementor-element-4e52cda action-button elementor-mobile-align-justify elementor-align-left elementor-widget elementor-widget-button\" data-id=\"4e52cda\" data-element_type=\"widget\" data-e-type=\"widget\" data-widget_type=\"button.default\">\n\t\t\t\t<div class=\"elementor-widget-container\">\n\t\t\t\t\t\t\t\t\t<div class=\"elementor-button-wrapper\">\n\t\t\t\t\t<a class=\"elementor-button elementor-button-link elementor-size-sm\" href=\"http:\/\/formularz.bertrand.pl\/servicerequestform\">\n\t\t\t\t\t\t<span class=\"elementor-button-content-wrapper\">\n\t\t\t\t\t\t\t\t\t<span class=\"elementor-button-text\">Aanvraagformulier<\/span>\n\t\t\t\t\t<\/span>\n\t\t\t\t\t<\/a>\n\t\t\t\t<\/div>\n\t\t\t\t\t\t\t\t<\/div>\n\t\t\t\t<\/div>\n\t\t\t\t<\/div>\n\t\t<div class=\"elementor-element elementor-element-394968b e-con-full e-flex e-con e-child\" data-id=\"394968b\" data-element_type=\"container\" data-e-type=\"container\">\n\t\t\t\t<div class=\"elementor-element elementor-element-b14a5b8 elementor-widget__width-inherit elementor-widget elementor-widget-heading\" data-id=\"b14a5b8\" data-element_type=\"widget\" data-e-type=\"widget\" data-widget_type=\"heading.default\">\n\t\t\t\t<div class=\"elementor-widget-container\">\n\t\t\t\t\t<h2 class=\"elementor-heading-title elementor-size-default\">Klachtenformulier<\/h2>\t\t\t\t<\/div>\n\t\t\t\t<\/div>\n\t\t\t\t<div class=\"elementor-element elementor-element-ce4c9e8 elementor-widget elementor-widget-text-editor\" data-id=\"ce4c9e8\" data-element_type=\"widget\" data-e-type=\"widget\" data-widget_type=\"text-editor.default\">\n\t\t\t\t<div class=\"elementor-widget-container\">\n\t\t\t\t\t\t\t\t\t<p>Een document dat wordt ingevuld wanneer de consument van mening is dat het ontvangen product niet overeenkomt met de beschrijving of defect is. Na bestudering van de melding wordt, indien de melding gerechtvaardigd en geautoriseerd is, het gebrek opgeheven.\u00a0<\/p>\t\t\t\t\t\t\t\t<\/div>\n\t\t\t\t<\/div>\n\t\t\t\t<div class=\"elementor-element elementor-element-974ca9d action-button elementor-mobile-align-justify elementor-align-left elementor-widget elementor-widget-button\" data-id=\"974ca9d\" data-element_type=\"widget\" data-e-type=\"widget\" data-widget_type=\"button.default\">\n\t\t\t\t<div class=\"elementor-widget-container\">\n\t\t\t\t\t\t\t\t\t<div class=\"elementor-button-wrapper\">\n\t\t\t\t\t<a class=\"elementor-button elementor-button-link elementor-size-sm\" href=\"http:\/\/formularz.bertrand.pl\/\">\n\t\t\t\t\t\t<span class=\"elementor-button-content-wrapper\">\n\t\t\t\t\t\t\t\t\t<span class=\"elementor-button-text\">klachtenformulier<\/span>\n\t\t\t\t\t<\/span>\n\t\t\t\t\t<\/a>\n\t\t\t\t<\/div>\n\t\t\t\t\t\t\t\t<\/div>\n\t\t\t\t<\/div>\n\t\t\t\t<\/div>\n\t\t\t\t\t<\/div>\n\t\t\t\t<\/div>\n\t\t\t\t<\/div>","protected":false},"excerpt":{"rendered":"<p>Zg\u0142oszenie serwisowe Zanim wy\u015blesz zg\u0142oszenie serwisowe \u2013 wa\u017cne informacje Przed wys\u0142aniem zg\u0142oszenia serwisowego zach\u0119camy do zapoznania si\u0119 z przygotowanymi przez nas informacjami na ten temat. Dzi\u0119ki temu Twoje zg\u0142oszenie zostanie obs\u0142u\u017cone szybko i skutecznie, a Ty oszcz\u0119dzisz czas i unikniesz nieporozumie\u0144. Nasze materia\u0142y informacyjne zawieraj\u0105 wskaz\u00f3wki dotycz\u0105ce zg\u0142aszania problem\u00f3w oraz najcz\u0119stsze pytania i odpowiedzi, kt\u00f3re [&hellip;]<\/p>\n","protected":false},"author":7,"featured_media":0,"parent":0,"menu_order":0,"comment_status":"closed","ping_status":"closed","template":"","meta":{"site-sidebar-layout":"no-sidebar","site-content-layout":"","ast-site-content-layout":"full-width-container","site-content-style":"default","site-sidebar-style":"default","ast-global-header-display":"","ast-banner-title-visibility":"","ast-main-header-display":"","ast-hfb-above-header-display":"","ast-hfb-below-header-display":"","ast-hfb-mobile-header-display":"","site-post-title":"disabled","ast-breadcrumbs-content":"","ast-featured-img":"disabled","footer-sml-layout":"","ast-disable-related-posts":"","theme-transparent-header-meta":"","adv-header-id-meta":"","stick-header-meta":"","header-above-stick-meta":"","header-main-stick-meta":"","header-below-stick-meta":"","astra-migrate-meta-layouts":"default","ast-page-background-enabled":"default","ast-page-background-meta":{"desktop":{"background-color":"var(--ast-global-color-4)","background-image":"","background-repeat":"repeat","background-position":"center center","background-size":"auto","background-attachment":"scroll","background-type":"","background-media":"","overlay-type":"","overlay-color":"","overlay-opacity":"","overlay-gradient":""},"tablet":{"background-color":"","background-image":"","background-repeat":"repeat","background-position":"center center","background-size":"auto","background-attachment":"scroll","background-type":"","background-media":"","overlay-type":"","overlay-color":"","overlay-opacity":"","overlay-gradient":""},"mobile":{"background-color":"","background-image":"","background-repeat":"repeat","background-position":"center center","background-size":"auto","background-attachment":"scroll","background-type":"","background-media":"","overlay-type":"","overlay-color":"","overlay-opacity":"","overlay-gradient":""}},"ast-content-background-meta":{"desktop":{"background-color":"var(--ast-global-color-5)","background-image":"","background-repeat":"repeat","background-position":"center center","background-size":"auto","background-attachment":"scroll","background-type":"","background-media":"","overlay-type":"","overlay-color":"","overlay-opacity":"","overlay-gradient":""},"tablet":{"background-color":"var(--ast-global-color-5)","background-image":"","background-repeat":"repeat","background-position":"center center","background-size":"auto","background-attachment":"scroll","background-type":"","background-media":"","overlay-type":"","overlay-color":"","overlay-opacity":"","overlay-gradient":""},"mobile":{"background-color":"var(--ast-global-color-5)","background-image":"","background-repeat":"repeat","background-position":"center center","background-size":"auto","background-attachment":"scroll","background-type":"","background-media":"","overlay-type":"","overlay-color":"","overlay-opacity":"","overlay-gradient":""}},"footnotes":""},"class_list":["post-1477","page","type-page","status-publish","hentry"],"yoast_head":"<!-- This site is optimized with the Yoast SEO Premium plugin v27.2 (Yoast SEO v27.2) - https:\/\/yoast.com\/product\/yoast-seo-premium-wordpress\/ -->\n<title>Zg\u0142oszenie serwisowe - Bertrand. Najwy\u017cszej jako\u015bci okna i drzwi. Certyfikowany producent od 1969 roku.<\/title>\n<meta name=\"description\" content=\"Zanim wy\u015blesz zg\u0142oszenie serwisowe, sprawd\u017a nasze wskaz\u00f3wki. Szybkie i skuteczne wsparcie to nasz priorytet!\" \/>\n<meta name=\"robots\" content=\"index, follow, max-snippet:-1, max-image-preview:large, max-video-preview:-1\" \/>\n<link rel=\"canonical\" href=\"https:\/\/bertrand.pl\/nl\/service-verzoek\/\" \/>\n<meta property=\"og:locale\" content=\"nl_NL\" \/>\n<meta property=\"og:type\" content=\"article\" \/>\n<meta property=\"og:title\" content=\"Zg\u0142oszenie serwisowe\" \/>\n<meta property=\"og:description\" content=\"Zanim wy\u015blesz zg\u0142oszenie serwisowe, sprawd\u017a nasze wskaz\u00f3wki. Szybkie i skuteczne wsparcie to nasz priorytet!\" \/>\n<meta property=\"og:url\" content=\"https:\/\/bertrand.pl\/nl\/service-verzoek\/\" \/>\n<meta property=\"og:site_name\" content=\"Bertrand. Najwy\u017cszej jako\u015bci okna i drzwi. Certyfikowany producent od 1969 roku.\" \/>\n<meta property=\"article:publisher\" content=\"https:\/\/www.facebook.com\/bertrandpolska\/\" \/>\n<meta property=\"article:modified_time\" content=\"2025-02-14T07:46:43+00:00\" \/>\n<meta property=\"og:image\" content=\"https:\/\/bertrand.pl\/wp-content\/uploads\/2024\/01\/hand-opens-white-plastic-window.webp\" \/>\n\t<meta property=\"og:image:width\" content=\"1500\" \/>\n\t<meta property=\"og:image:height\" content=\"1001\" \/>\n\t<meta property=\"og:image:type\" content=\"image\/webp\" \/>\n<meta name=\"twitter:card\" content=\"summary_large_image\" \/>\n<meta name=\"twitter:label1\" content=\"Geschatte leestijd\" \/>\n\t<meta name=\"twitter:data1\" content=\"2 minuten\" \/>\n<script type=\"application\/ld+json\" class=\"yoast-schema-graph\">{\"@context\":\"https:\/\/schema.org\",\"@graph\":[{\"@type\":\"Article\",\"@id\":\"https:\/\/bertrand.pl\/zgloszenie-serwisowe\/#article\",\"isPartOf\":{\"@id\":\"https:\/\/bertrand.pl\/zgloszenie-serwisowe\/\"},\"author\":{\"name\":\"w.wachnik\",\"@id\":\"https:\/\/bertrand.pl\/#\/schema\/person\/767d70e891d700b2e3c19083f31a484c\"},\"headline\":\"Zg\u0142oszenie serwisowe\",\"datePublished\":\"2024-01-08T13:29:17+00:00\",\"dateModified\":\"2025-02-14T07:46:43+00:00\",\"mainEntityOfPage\":{\"@id\":\"https:\/\/bertrand.pl\/zgloszenie-serwisowe\/\"},\"wordCount\":341,\"publisher\":{\"@id\":\"https:\/\/bertrand.pl\/#organization\"},\"image\":{\"@id\":\"https:\/\/bertrand.pl\/zgloszenie-serwisowe\/#primaryimage\"},\"thumbnailUrl\":\"https:\/\/bertrand.pl\/wp-content\/uploads\/2024\/01\/hand-opens-white-plastic-window-1360x908.webp\",\"inLanguage\":\"nl-NL\"},{\"@type\":\"WebPage\",\"@id\":\"https:\/\/bertrand.pl\/zgloszenie-serwisowe\/\",\"url\":\"https:\/\/bertrand.pl\/zgloszenie-serwisowe\/\",\"name\":\"Zg\u0142oszenie serwisowe - Bertrand. Najwy\u017cszej jako\u015bci okna i drzwi. Certyfikowany producent od 1969 roku.\",\"isPartOf\":{\"@id\":\"https:\/\/bertrand.pl\/#website\"},\"primaryImageOfPage\":{\"@id\":\"https:\/\/bertrand.pl\/zgloszenie-serwisowe\/#primaryimage\"},\"image\":{\"@id\":\"https:\/\/bertrand.pl\/zgloszenie-serwisowe\/#primaryimage\"},\"thumbnailUrl\":\"https:\/\/bertrand.pl\/wp-content\/uploads\/2024\/01\/hand-opens-white-plastic-window-1360x908.webp\",\"datePublished\":\"2024-01-08T13:29:17+00:00\",\"dateModified\":\"2025-02-14T07:46:43+00:00\",\"description\":\"Zanim wy\u015blesz zg\u0142oszenie serwisowe, sprawd\u017a nasze wskaz\u00f3wki. Szybkie i skuteczne wsparcie to nasz priorytet!\",\"breadcrumb\":{\"@id\":\"https:\/\/bertrand.pl\/zgloszenie-serwisowe\/#breadcrumb\"},\"inLanguage\":\"nl-NL\",\"potentialAction\":[{\"@type\":\"ReadAction\",\"target\":[\"https:\/\/bertrand.pl\/zgloszenie-serwisowe\/\"]}]},{\"@type\":\"ImageObject\",\"inLanguage\":\"nl-NL\",\"@id\":\"https:\/\/bertrand.pl\/zgloszenie-serwisowe\/#primaryimage\",\"url\":\"https:\/\/bertrand.pl\/wp-content\/uploads\/2024\/01\/hand-opens-white-plastic-window-1360x908.webp\",\"contentUrl\":\"https:\/\/bertrand.pl\/wp-content\/uploads\/2024\/01\/hand-opens-white-plastic-window-1360x908.webp\"},{\"@type\":\"BreadcrumbList\",\"@id\":\"https:\/\/bertrand.pl\/zgloszenie-serwisowe\/#breadcrumb\",\"itemListElement\":[{\"@type\":\"ListItem\",\"position\":1,\"name\":\"Strona g\u0142\u00f3wna\",\"item\":\"https:\/\/bertrand.pl\/\"},{\"@type\":\"ListItem\",\"position\":2,\"name\":\"Zg\u0142oszenie serwisowe\"}]},{\"@type\":\"WebSite\",\"@id\":\"https:\/\/bertrand.pl\/#website\",\"url\":\"https:\/\/bertrand.pl\/\",\"name\":\"Bertrand.pl\",\"description\":\"Firma Bertrand to certyfikowany i uznany producent najwy\u017cszej jako\u015bci okien z PVC, z drewna lub aluminium. Produkcja drzwi, rolet i bram gara\u017cowych.\",\"publisher\":{\"@id\":\"https:\/\/bertrand.pl\/#organization\"},\"potentialAction\":[{\"@type\":\"SearchAction\",\"target\":{\"@type\":\"EntryPoint\",\"urlTemplate\":\"https:\/\/bertrand.pl\/?s={search_term_string}\"},\"query-input\":{\"@type\":\"PropertyValueSpecification\",\"valueRequired\":true,\"valueName\":\"search_term_string\"}}],\"inLanguage\":\"nl-NL\"},{\"@type\":\"Organization\",\"@id\":\"https:\/\/bertrand.pl\/#organization\",\"name\":\"Bertrand.pl\",\"url\":\"https:\/\/bertrand.pl\/\",\"logo\":{\"@type\":\"ImageObject\",\"inLanguage\":\"nl-NL\",\"@id\":\"https:\/\/bertrand.pl\/#\/schema\/logo\/image\/\",\"url\":\"https:\/\/bertrand.pl\/wp-content\/uploads\/2024\/12\/logo_BB_TM_PL_black.png\",\"contentUrl\":\"https:\/\/bertrand.pl\/wp-content\/uploads\/2024\/12\/logo_BB_TM_PL_black.png\",\"width\":1831,\"height\":1831,\"caption\":\"Bertrand.pl\"},\"image\":{\"@id\":\"https:\/\/bertrand.pl\/#\/schema\/logo\/image\/\"},\"sameAs\":[\"https:\/\/www.facebook.com\/bertrandpolska\/\",\"https:\/\/www.instagram.com\/bertrand_okna_i_drzwi\/\",\"https:\/\/www.linkedin.com\/company\/bertrand\/\",\"https:\/\/www.tiktok.com\/@bertrand_okna_drzwi\"]},{\"@type\":\"Person\",\"@id\":\"https:\/\/bertrand.pl\/#\/schema\/person\/767d70e891d700b2e3c19083f31a484c\",\"name\":\"w.wachnik\"}]}<\/script>\n<!-- \/ Yoast SEO Premium plugin. -->","yoast_head_json":{"title":"Zg\u0142oszenie serwisowe - Bertrand. Najwy\u017cszej jako\u015bci okna i drzwi. Certyfikowany producent od 1969 roku.","description":"Bekijk eerst onze tips voordat u een serviceaanvraag indient. Snelle en effectieve ondersteuning is onze prioriteit!","robots":{"index":"index","follow":"follow","max-snippet":"max-snippet:-1","max-image-preview":"max-image-preview:large","max-video-preview":"max-video-preview:-1"},"canonical":"https:\/\/bertrand.pl\/nl\/service-verzoek\/","og_locale":"nl_NL","og_type":"article","og_title":"Zg\u0142oszenie serwisowe","og_description":"Zanim wy\u015blesz zg\u0142oszenie serwisowe, sprawd\u017a nasze wskaz\u00f3wki. Szybkie i skuteczne wsparcie to nasz priorytet!","og_url":"https:\/\/bertrand.pl\/nl\/service-verzoek\/","og_site_name":"Bertrand. Najwy\u017cszej jako\u015bci okna i drzwi. Certyfikowany producent od 1969 roku.","article_publisher":"https:\/\/www.facebook.com\/bertrandpolska\/","article_modified_time":"2025-02-14T07:46:43+00:00","og_image":[{"width":1500,"height":1001,"url":"https:\/\/bertrand.pl\/wp-content\/uploads\/2024\/01\/hand-opens-white-plastic-window.webp","type":"image\/webp"}],"twitter_card":"summary_large_image","twitter_misc":{"Geschatte leestijd":"2 minuten"},"schema":{"@context":"https:\/\/schema.org","@graph":[{"@type":"Article","@id":"https:\/\/bertrand.pl\/zgloszenie-serwisowe\/#article","isPartOf":{"@id":"https:\/\/bertrand.pl\/zgloszenie-serwisowe\/"},"author":{"name":"w.wachnik","@id":"https:\/\/bertrand.pl\/#\/schema\/person\/767d70e891d700b2e3c19083f31a484c"},"headline":"Zg\u0142oszenie serwisowe","datePublished":"2024-01-08T13:29:17+00:00","dateModified":"2025-02-14T07:46:43+00:00","mainEntityOfPage":{"@id":"https:\/\/bertrand.pl\/zgloszenie-serwisowe\/"},"wordCount":341,"publisher":{"@id":"https:\/\/bertrand.pl\/#organization"},"image":{"@id":"https:\/\/bertrand.pl\/zgloszenie-serwisowe\/#primaryimage"},"thumbnailUrl":"https:\/\/bertrand.pl\/wp-content\/uploads\/2024\/01\/hand-opens-white-plastic-window-1360x908.webp","inLanguage":"nl-NL"},{"@type":"WebPage","@id":"https:\/\/bertrand.pl\/zgloszenie-serwisowe\/","url":"https:\/\/bertrand.pl\/zgloszenie-serwisowe\/","name":"Zg\u0142oszenie serwisowe - Bertrand. Najwy\u017cszej jako\u015bci okna i drzwi. Certyfikowany producent od 1969 roku.","isPartOf":{"@id":"https:\/\/bertrand.pl\/#website"},"primaryImageOfPage":{"@id":"https:\/\/bertrand.pl\/zgloszenie-serwisowe\/#primaryimage"},"image":{"@id":"https:\/\/bertrand.pl\/zgloszenie-serwisowe\/#primaryimage"},"thumbnailUrl":"https:\/\/bertrand.pl\/wp-content\/uploads\/2024\/01\/hand-opens-white-plastic-window-1360x908.webp","datePublished":"2024-01-08T13:29:17+00:00","dateModified":"2025-02-14T07:46:43+00:00","description":"Bekijk eerst onze tips voordat u een serviceaanvraag indient. Snelle en effectieve ondersteuning is onze prioriteit!","breadcrumb":{"@id":"https:\/\/bertrand.pl\/zgloszenie-serwisowe\/#breadcrumb"},"inLanguage":"nl-NL","potentialAction":[{"@type":"ReadAction","target":["https:\/\/bertrand.pl\/zgloszenie-serwisowe\/"]}]},{"@type":"ImageObject","inLanguage":"nl-NL","@id":"https:\/\/bertrand.pl\/zgloszenie-serwisowe\/#primaryimage","url":"https:\/\/bertrand.pl\/wp-content\/uploads\/2024\/01\/hand-opens-white-plastic-window-1360x908.webp","contentUrl":"https:\/\/bertrand.pl\/wp-content\/uploads\/2024\/01\/hand-opens-white-plastic-window-1360x908.webp"},{"@type":"BreadcrumbList","@id":"https:\/\/bertrand.pl\/zgloszenie-serwisowe\/#breadcrumb","itemListElement":[{"@type":"ListItem","position":1,"name":"Strona g\u0142\u00f3wna","item":"https:\/\/bertrand.pl\/"},{"@type":"ListItem","position":2,"name":"Zg\u0142oszenie serwisowe"}]},{"@type":"WebSite","@id":"https:\/\/bertrand.pl\/#website","url":"https:\/\/bertrand.pl\/","name":"Bertrand.pl","description":"Firma Bertrand to certyfikowany i uznany producent najwy\u017cszej jako\u015bci okien z PVC, z drewna lub aluminium. Produkcja drzwi, rolet i bram gara\u017cowych.","publisher":{"@id":"https:\/\/bertrand.pl\/#organization"},"potentialAction":[{"@type":"SearchAction","target":{"@type":"EntryPoint","urlTemplate":"https:\/\/bertrand.pl\/?s={search_term_string}"},"query-input":{"@type":"PropertyValueSpecification","valueRequired":true,"valueName":"search_term_string"}}],"inLanguage":"nl-NL"},{"@type":"Organization","@id":"https:\/\/bertrand.pl\/#organization","name":"Bertrand.pl","url":"https:\/\/bertrand.pl\/","logo":{"@type":"ImageObject","inLanguage":"nl-NL","@id":"https:\/\/bertrand.pl\/#\/schema\/logo\/image\/","url":"https:\/\/bertrand.pl\/wp-content\/uploads\/2024\/12\/logo_BB_TM_PL_black.png","contentUrl":"https:\/\/bertrand.pl\/wp-content\/uploads\/2024\/12\/logo_BB_TM_PL_black.png","width":1831,"height":1831,"caption":"Bertrand.pl"},"image":{"@id":"https:\/\/bertrand.pl\/#\/schema\/logo\/image\/"},"sameAs":["https:\/\/www.facebook.com\/bertrandpolska\/","https:\/\/www.instagram.com\/bertrand_okna_i_drzwi\/","https:\/\/www.linkedin.com\/company\/bertrand\/","https:\/\/www.tiktok.com\/@bertrand_okna_drzwi"]},{"@type":"Person","@id":"https:\/\/bertrand.pl\/#\/schema\/person\/767d70e891d700b2e3c19083f31a484c","name":"w.achnik"}]}},"_links":{"self":[{"href":"https:\/\/bertrand.pl\/nl\/wp-json\/wp\/v2\/pages\/1477","targetHints":{"allow":["GET"]}}],"collection":[{"href":"https:\/\/bertrand.pl\/nl\/wp-json\/wp\/v2\/pages"}],"about":[{"href":"https:\/\/bertrand.pl\/nl\/wp-json\/wp\/v2\/types\/page"}],"author":[{"embeddable":true,"href":"https:\/\/bertrand.pl\/nl\/wp-json\/wp\/v2\/users\/7"}],"replies":[{"embeddable":true,"href":"https:\/\/bertrand.pl\/nl\/wp-json\/wp\/v2\/comments?post=1477"}],"version-history":[{"count":24,"href":"https:\/\/bertrand.pl\/nl\/wp-json\/wp\/v2\/pages\/1477\/revisions"}],"predecessor-version":[{"id":6279,"href":"https:\/\/bertrand.pl\/nl\/wp-json\/wp\/v2\/pages\/1477\/revisions\/6279"}],"wp:attachment":[{"href":"https:\/\/bertrand.pl\/nl\/wp-json\/wp\/v2\/media?parent=1477"}],"curies":[{"name":"wp","href":"https:\/\/api.w.org\/{rel}","templated":true}]}}