{"id":1762,"date":"2024-01-09T12:40:09","date_gmt":"2024-01-09T11:40:09","guid":{"rendered":"https:\/\/bertrand.pl\/?page_id=1762"},"modified":"2024-12-16T08:04:09","modified_gmt":"2024-12-16T07:04:09","slug":"koekjes","status":"publish","type":"page","link":"https:\/\/bertrand.pl\/nl\/pliki-cookies\/","title":{"rendered":"Cookies en websitereglement"},"content":{"rendered":"<div data-elementor-type=\"wp-page\" data-elementor-id=\"1762\" class=\"elementor elementor-1762\" data-elementor-post-type=\"page\">\n\t\t\t\t<div class=\"elementor-element elementor-element-fcc143f e-flex e-con-boxed e-con e-parent\" data-id=\"fcc143f\" data-element_type=\"container\" data-e-type=\"container\" data-settings=\"{&quot;background_background&quot;:&quot;classic&quot;}\">\n\t\t\t\t\t<div class=\"e-con-inner\">\n\t\t<div class=\"elementor-element elementor-element-18dcb75 e-con-full e-flex e-con e-child\" data-id=\"18dcb75\" data-element_type=\"container\" data-e-type=\"container\">\n\t\t\t\t<div class=\"elementor-element elementor-element-970106e elementor-widget elementor-widget-heading\" data-id=\"970106e\" data-element_type=\"widget\" data-e-type=\"widget\" data-widget_type=\"heading.default\">\n\t\t\t\t<div class=\"elementor-widget-container\">\n\t\t\t\t\t<h1 class=\"elementor-heading-title elementor-size-default\">Cookies en websitereglement<\/h1>\t\t\t\t<\/div>\n\t\t\t\t<\/div>\n\t\t\t\t<div class=\"elementor-element elementor-element-6c433bc elementor-widget elementor-widget-text-editor\" data-id=\"6c433bc\" data-element_type=\"widget\" data-e-type=\"widget\" data-widget_type=\"text-editor.default\">\n\t\t\t\t<div class=\"elementor-widget-container\">\n\t\t\t\t\t\t\t\t\t<p data-pm-slice=\"1 1 []\">Onze website verzamelt niet automatisch informatie, behalve de gegevens die zijn opgeslagen in cookies. Cookies, ook wel &quot;<a href=\"https:\/\/pl.wikipedia.org\/wiki\/HTTP_cookie\">koekjes<\/a>&quot;, zijn kleine tekstbestanden die op het eindapparaat van de gebruiker worden opgeslagen en die een effectief gebruik van de website mogelijk maken. Elke cookie bevat de naam van de website waar hij vandaan komt, de bewaartijd en een uniek nummer.<\/p>\n<h3>Wie beheert cookies?<\/h3>\n<p>Cookies worden geplaatst en gelezen door de websitebeheerder - <strong>Bertrand Brothers Sp. z o<\/strong> gevestigd in Loezin, ul. Wejherowska 12, 84-242 Luzino. Het bedrijf is ingeschreven in het Ondernemersregister van het Nationaal Rechtbankregister onder nummer 1076593, NIP: 5881946629, REGON: 192042297.<\/p>\n<h3>Doel van het gebruik van cookies<\/h3>\n<p>Cookies stellen ons in staat om:<\/p>\n<ul data-spread=\"false\">\n<li>\n<p>Ten eerste: de inhoud van de website aanpassen aan de voorkeuren van gebruikers en het gebruik van de website optimaliseren. Dankzij hen herkennen wij het apparaat en tonen we de website in de juiste versie.<\/p>\n<\/li>\n<li>\n<p>Ten tweede: cre\u00eber statistieken die helpen begrijpen hoe de website wordt gebruikt en de functionaliteit ervan kunnen verbeteren.<\/p>\n<\/li>\n<li>\n<p>Ten derde: behoud de gebruikerssessie zodat u na het inloggen niet op elke subpagina herhaaldelijk gegevens hoeft in te voeren.<\/p>\n<\/li>\n<\/ul>\n<h3>Soorten cookies die worden gebruikt<\/h3>\n<p>Wij gebruiken de volgende soorten cookies op onze website:<\/p>\n<ol start=\"1\" data-spread=\"false\">\n<li>\n<p><strong>Essentieel<\/strong> \u2013 het mogelijk maken van het gebruik van basisfuncties, bijvoorbeeld inloggen.<\/p>\n<\/li>\n<li>\n<p><strong>Beveiliging<\/strong> \u2013 het opsporen van misbruiken in authenticatieprocessen.<\/p>\n<\/li>\n<li>\n<p><strong>Prestatie<\/strong> \u2013 het monitoren van het gebruik van de website.<\/p>\n<\/li>\n<li>\n<p><strong>Functioneel<\/strong> \u2013 het onthouden van gebruikersinstellingen, bijvoorbeeld taal of lettergrootte.<\/p>\n<\/li>\n<li>\n<p><strong>Reclame<\/strong> \u2013 het aanbieden van advertentie-inhoud die is afgestemd op de interesses van de gebruiker.<\/p>\n<\/li>\n<\/ol>\n<h3>Cookies beheren<\/h3>\n<p>De standaardinstellingen van webbrowsers staan het opslaan van cookies toe. U kunt ze echter op elk moment wijzigen. Browsers maken bovendien het volgende mogelijk:<\/p>\n<ul data-spread=\"false\">\n<li>\n<p>Cookies blokkeren.<\/p>\n<\/li>\n<li>\n<p>Melding van elke poging om een cookie op te slaan.<\/p>\n<\/li>\n<li>\n<p>Opgeslagen cookies verwijderen.<\/p>\n<\/li>\n<\/ul>\n<p>Gedetailleerde informatie over het wijzigen van instellingen vindt u in het gedeelte &quot;Help&quot; van uw webbrowser.<\/p>\n<h3>Gevolgen van het beperken van het gebruik van cookies<\/h3>\n<p>Het beperken of uitschakelen van cookies kan de functionaliteit van de website be\u00efnvloeden. Sommige componenten werken mogelijk niet correct of zijn niet beschikbaar.<\/p>\n<h3>Cookies van derden<\/h3>\n<p>Cookies kunnen ook worden gebruikt door onze partners en adverteerders. Deze informatie is in overeenstemming met de wettelijke voorschriften en wordt gebruikt om de advertentie-inhoud aan te passen aan de gebruikers.<\/p>\n<h3>Meer informatie<\/h3>\n<p>Meer informatie over cookies kunt u vinden in uw browserinstellingen of door contact met ons op te nemen op het volgende e-mailadres: <a><strong>export@bertrand.pl<\/strong><\/a>.<\/p>\n<div>\n<hr>\n<\/div>\n<h3>Websitereglement<\/h3>\n<h4>Algemene bepalingen<\/h4>\n<p>In dit reglement, hierna het \u201cReglement\u201d genoemd, worden de regels vastgelegd voor het gebruik van de website die wordt ge\u00ebxploiteerd door <strong>Bertrand Brothers Sp. z o<\/strong> (hierna de &quot;Dienstverlener&quot; genoemd). De Verordeningen beschrijven ook de principes van de bescherming van persoonsgegevens in overeenstemming met de bepalingen van de AVG.<\/p>\n<h4>Regels voor het gebruik van de Website<\/h4>\n<p>Door de Website te gebruiken, verbinden de Ontvangers van de Dienst zich ertoe de wet en de beginselen uiteengezet in het Reglement na te leven. Elke Gebruiker heeft recht op toegang tot de inhoud van de website onder de voorwaarden gespecificeerd in het Reglement.<\/p>\n<h4>Contact<\/h4>\n<p>Als u vragen of problemen heeft bij het gebruik van de website, ga dan naar <a href=\"https:\/\/bertrand.pl\/nl\/contact\/\">contact<\/a> op het e-mailadres: <a><strong>export@bertrand.pl<\/strong><\/a>.<\/p>\t\t\t\t\t\t\t\t<\/div>\n\t\t\t\t<\/div>\n\t\t\t\t<\/div>\n\t\t\t\t\t<\/div>\n\t\t\t\t<\/div>\n\t\t\t\t<\/div>","protected":false},"excerpt":{"rendered":"<p>Pliki cookies i Regulamin Serwisu Nasza strona internetowa nie gromadzi automatycznie \u017cadnych informacji, z wyj\u0105tkiem danych zapisanych w plikach cookies. Pliki cookies, zwane tak\u017ce &#8222;ciasteczkami&#8222;, to niewielkie pliki tekstowe przechowywane na urz\u0105dzeniu ko\u0144cowym u\u017cytkownika, kt\u00f3re umo\u017cliwiaj\u0105 efektywne korzystanie z serwisu. Ka\u017cdy plik cookie zawiera nazw\u0119 strony, z kt\u00f3rej pochodzi, czas przechowywania oraz unikalny numer. Kto [&hellip;]<\/p>\n","protected":false},"author":7,"featured_media":0,"parent":0,"menu_order":0,"comment_status":"closed","ping_status":"closed","template":"","meta":{"site-sidebar-layout":"no-sidebar","site-content-layout":"","ast-site-content-layout":"full-width-container","site-content-style":"default","site-sidebar-style":"default","ast-global-header-display":"","ast-banner-title-visibility":"","ast-main-header-display":"","ast-hfb-above-header-display":"","ast-hfb-below-header-display":"","ast-hfb-mobile-header-display":"","site-post-title":"disabled","ast-breadcrumbs-content":"","ast-featured-img":"disabled","footer-sml-layout":"","ast-disable-related-posts":"","theme-transparent-header-meta":"","adv-header-id-meta":"","stick-header-meta":"","header-above-stick-meta":"","header-main-stick-meta":"","header-below-stick-meta":"","astra-migrate-meta-layouts":"default","ast-page-background-enabled":"default","ast-page-background-meta":{"desktop":{"background-color":"var(--ast-global-color-4)","background-image":"","background-repeat":"repeat","background-position":"center center","background-size":"auto","background-attachment":"scroll","background-type":"","background-media":"","overlay-type":"","overlay-color":"","overlay-opacity":"","overlay-gradient":""},"tablet":{"background-color":"","background-image":"","background-repeat":"repeat","background-position":"center center","background-size":"auto","background-attachment":"scroll","background-type":"","background-media":"","overlay-type":"","overlay-color":"","overlay-opacity":"","overlay-gradient":""},"mobile":{"background-color":"","background-image":"","background-repeat":"repeat","background-position":"center center","background-size":"auto","background-attachment":"scroll","background-type":"","background-media":"","overlay-type":"","overlay-color":"","overlay-opacity":"","overlay-gradient":""}},"ast-content-background-meta":{"desktop":{"background-color":"var(--ast-global-color-5)","background-image":"","background-repeat":"repeat","background-position":"center center","background-size":"auto","background-attachment":"scroll","background-type":"","background-media":"","overlay-type":"","overlay-color":"","overlay-opacity":"","overlay-gradient":""},"tablet":{"background-color":"var(--ast-global-color-5)","background-image":"","background-repeat":"repeat","background-position":"center center","background-size":"auto","background-attachment":"scroll","background-type":"","background-media":"","overlay-type":"","overlay-color":"","overlay-opacity":"","overlay-gradient":""},"mobile":{"background-color":"var(--ast-global-color-5)","background-image":"","background-repeat":"repeat","background-position":"center center","background-size":"auto","background-attachment":"scroll","background-type":"","background-media":"","overlay-type":"","overlay-color":"","overlay-opacity":"","overlay-gradient":""}},"footnotes":""},"class_list":["post-1762","page","type-page","status-publish","hentry"],"yoast_head":"<!-- This site is optimized with the Yoast SEO Premium plugin v27.2 (Yoast SEO v27.2) - https:\/\/yoast.com\/product\/yoast-seo-premium-wordpress\/ -->\n<title>Pliki cookies i regulamin serwisu - Bertrand. Najwy\u017cszej jako\u015bci okna i drzwi. Certyfikowany producent od 1969 roku.<\/title>\n<meta name=\"description\" content=\"Dowiedz si\u0119, jak zarz\u0105dzamy pliki cookies i chronimy Twoje dane. Przejrzyste zasady korzystania z serwisu Bertrand \u2013 sprawd\u017a szczeg\u00f3\u0142y.\" \/>\n<meta name=\"robots\" content=\"index, follow, max-snippet:-1, max-image-preview:large, max-video-preview:-1\" \/>\n<link rel=\"canonical\" href=\"https:\/\/bertrand.pl\/nl\/koekjes\/\" \/>\n<meta property=\"og:locale\" content=\"nl_NL\" \/>\n<meta property=\"og:type\" content=\"article\" \/>\n<meta property=\"og:title\" content=\"Pliki cookies i regulamin serwisu\" \/>\n<meta property=\"og:description\" content=\"Dowiedz si\u0119, jak zarz\u0105dzamy pliki cookies i chronimy Twoje dane. Przejrzyste zasady korzystania z serwisu Bertrand \u2013 sprawd\u017a szczeg\u00f3\u0142y.\" \/>\n<meta property=\"og:url\" content=\"https:\/\/bertrand.pl\/nl\/koekjes\/\" \/>\n<meta property=\"og:site_name\" content=\"Bertrand. Najwy\u017cszej jako\u015bci okna i drzwi. Certyfikowany producent od 1969 roku.\" \/>\n<meta property=\"article:publisher\" content=\"https:\/\/www.facebook.com\/bertrandpolska\/\" \/>\n<meta property=\"article:modified_time\" content=\"2024-12-16T07:04:09+00:00\" \/>\n<meta property=\"og:image\" content=\"https:\/\/bertrand.pl\/wp-content\/uploads\/2024\/01\/bertrand-blog.jpg\" \/>\n\t<meta property=\"og:image:width\" content=\"1280\" \/>\n\t<meta property=\"og:image:height\" content=\"720\" \/>\n\t<meta property=\"og:image:type\" content=\"image\/jpeg\" \/>\n<meta name=\"twitter:card\" content=\"summary_large_image\" \/>\n<meta name=\"twitter:label1\" content=\"Geschatte leestijd\" \/>\n\t<meta name=\"twitter:data1\" content=\"3 minuten\" \/>\n<script type=\"application\/ld+json\" class=\"yoast-schema-graph\">{\"@context\":\"https:\/\/schema.org\",\"@graph\":[{\"@type\":\"Article\",\"@id\":\"https:\/\/bertrand.pl\/pliki-cookies\/#article\",\"isPartOf\":{\"@id\":\"https:\/\/bertrand.pl\/pliki-cookies\/\"},\"author\":{\"name\":\"w.wachnik\",\"@id\":\"https:\/\/bertrand.pl\/#\/schema\/person\/767d70e891d700b2e3c19083f31a484c\"},\"headline\":\"Pliki cookies i regulamin serwisu\",\"datePublished\":\"2024-01-09T11:40:09+00:00\",\"dateModified\":\"2024-12-16T07:04:09+00:00\",\"mainEntityOfPage\":{\"@id\":\"https:\/\/bertrand.pl\/pliki-cookies\/\"},\"wordCount\":511,\"publisher\":{\"@id\":\"https:\/\/bertrand.pl\/#organization\"},\"inLanguage\":\"nl-NL\"},{\"@type\":\"WebPage\",\"@id\":\"https:\/\/bertrand.pl\/pliki-cookies\/\",\"url\":\"https:\/\/bertrand.pl\/pliki-cookies\/\",\"name\":\"Pliki cookies i regulamin serwisu - Bertrand. Najwy\u017cszej jako\u015bci okna i drzwi. Certyfikowany producent od 1969 roku.\",\"isPartOf\":{\"@id\":\"https:\/\/bertrand.pl\/#website\"},\"datePublished\":\"2024-01-09T11:40:09+00:00\",\"dateModified\":\"2024-12-16T07:04:09+00:00\",\"description\":\"Dowiedz si\u0119, jak zarz\u0105dzamy pliki cookies i chronimy Twoje dane. Przejrzyste zasady korzystania z serwisu Bertrand \u2013 sprawd\u017a szczeg\u00f3\u0142y.\",\"breadcrumb\":{\"@id\":\"https:\/\/bertrand.pl\/pliki-cookies\/#breadcrumb\"},\"inLanguage\":\"nl-NL\",\"potentialAction\":[{\"@type\":\"ReadAction\",\"target\":[\"https:\/\/bertrand.pl\/pliki-cookies\/\"]}]},{\"@type\":\"BreadcrumbList\",\"@id\":\"https:\/\/bertrand.pl\/pliki-cookies\/#breadcrumb\",\"itemListElement\":[{\"@type\":\"ListItem\",\"position\":1,\"name\":\"Strona g\u0142\u00f3wna\",\"item\":\"https:\/\/bertrand.pl\/\"},{\"@type\":\"ListItem\",\"position\":2,\"name\":\"Pliki cookies i regulamin serwisu\"}]},{\"@type\":\"WebSite\",\"@id\":\"https:\/\/bertrand.pl\/#website\",\"url\":\"https:\/\/bertrand.pl\/\",\"name\":\"Bertrand.pl\",\"description\":\"Firma Bertrand to certyfikowany i uznany producent najwy\u017cszej jako\u015bci okien z PVC, z drewna lub aluminium. Produkcja drzwi, rolet i bram gara\u017cowych.\",\"publisher\":{\"@id\":\"https:\/\/bertrand.pl\/#organization\"},\"potentialAction\":[{\"@type\":\"SearchAction\",\"target\":{\"@type\":\"EntryPoint\",\"urlTemplate\":\"https:\/\/bertrand.pl\/?s={search_term_string}\"},\"query-input\":{\"@type\":\"PropertyValueSpecification\",\"valueRequired\":true,\"valueName\":\"search_term_string\"}}],\"inLanguage\":\"nl-NL\"},{\"@type\":\"Organization\",\"@id\":\"https:\/\/bertrand.pl\/#organization\",\"name\":\"Bertrand.pl\",\"url\":\"https:\/\/bertrand.pl\/\",\"logo\":{\"@type\":\"ImageObject\",\"inLanguage\":\"nl-NL\",\"@id\":\"https:\/\/bertrand.pl\/#\/schema\/logo\/image\/\",\"url\":\"https:\/\/bertrand.pl\/wp-content\/uploads\/2024\/12\/logo_BB_TM_PL_black.png\",\"contentUrl\":\"https:\/\/bertrand.pl\/wp-content\/uploads\/2024\/12\/logo_BB_TM_PL_black.png\",\"width\":1831,\"height\":1831,\"caption\":\"Bertrand.pl\"},\"image\":{\"@id\":\"https:\/\/bertrand.pl\/#\/schema\/logo\/image\/\"},\"sameAs\":[\"https:\/\/www.facebook.com\/bertrandpolska\/\",\"https:\/\/www.instagram.com\/bertrand_okna_i_drzwi\/\",\"https:\/\/www.linkedin.com\/company\/bertrand\/\",\"https:\/\/www.tiktok.com\/@bertrand_okna_drzwi\"]},{\"@type\":\"Person\",\"@id\":\"https:\/\/bertrand.pl\/#\/schema\/person\/767d70e891d700b2e3c19083f31a484c\",\"name\":\"w.wachnik\"}]}<\/script>\n<!-- \/ Yoast SEO Premium plugin. -->","yoast_head_json":{"title":"Pliki cookies i regulamin serwisu - Bertrand. Najwy\u017cszej jako\u015bci okna i drzwi. Certyfikowany producent od 1969 roku.","description":"Ontdek hoe wij cookies beheren en uw gegevens beschermen. Transparante regels voor het gebruik van de Bertrand-website - bekijk de details.","robots":{"index":"index","follow":"follow","max-snippet":"max-snippet:-1","max-image-preview":"max-image-preview:large","max-video-preview":"max-video-preview:-1"},"canonical":"https:\/\/bertrand.pl\/nl\/koekjes\/","og_locale":"nl_NL","og_type":"article","og_title":"Pliki cookies i regulamin serwisu","og_description":"Dowiedz si\u0119, jak zarz\u0105dzamy pliki cookies i chronimy Twoje dane. Przejrzyste zasady korzystania z serwisu Bertrand \u2013 sprawd\u017a szczeg\u00f3\u0142y.","og_url":"https:\/\/bertrand.pl\/nl\/koekjes\/","og_site_name":"Bertrand. Najwy\u017cszej jako\u015bci okna i drzwi. Certyfikowany producent od 1969 roku.","article_publisher":"https:\/\/www.facebook.com\/bertrandpolska\/","article_modified_time":"2024-12-16T07:04:09+00:00","og_image":[{"width":1280,"height":720,"url":"https:\/\/bertrand.pl\/wp-content\/uploads\/2024\/01\/bertrand-blog.jpg","type":"image\/jpeg"}],"twitter_card":"summary_large_image","twitter_misc":{"Geschatte leestijd":"3 minuten"},"schema":{"@context":"https:\/\/schema.org","@graph":[{"@type":"Article","@id":"https:\/\/bertrand.pl\/pliki-cookies\/#article","isPartOf":{"@id":"https:\/\/bertrand.pl\/pliki-cookies\/"},"author":{"name":"w.wachnik","@id":"https:\/\/bertrand.pl\/#\/schema\/person\/767d70e891d700b2e3c19083f31a484c"},"headline":"Pliki cookies i regulamin serwisu","datePublished":"2024-01-09T11:40:09+00:00","dateModified":"2024-12-16T07:04:09+00:00","mainEntityOfPage":{"@id":"https:\/\/bertrand.pl\/pliki-cookies\/"},"wordCount":511,"publisher":{"@id":"https:\/\/bertrand.pl\/#organization"},"inLanguage":"nl-NL"},{"@type":"WebPage","@id":"https:\/\/bertrand.pl\/pliki-cookies\/","url":"https:\/\/bertrand.pl\/pliki-cookies\/","name":"Pliki cookies i regulamin serwisu - Bertrand. Najwy\u017cszej jako\u015bci okna i drzwi. Certyfikowany producent od 1969 roku.","isPartOf":{"@id":"https:\/\/bertrand.pl\/#website"},"datePublished":"2024-01-09T11:40:09+00:00","dateModified":"2024-12-16T07:04:09+00:00","description":"Ontdek hoe wij cookies beheren en uw gegevens beschermen. Transparante regels voor het gebruik van de Bertrand-website - bekijk de details.","breadcrumb":{"@id":"https:\/\/bertrand.pl\/pliki-cookies\/#breadcrumb"},"inLanguage":"nl-NL","potentialAction":[{"@type":"ReadAction","target":["https:\/\/bertrand.pl\/pliki-cookies\/"]}]},{"@type":"BreadcrumbList","@id":"https:\/\/bertrand.pl\/pliki-cookies\/#breadcrumb","itemListElement":[{"@type":"ListItem","position":1,"name":"Strona g\u0142\u00f3wna","item":"https:\/\/bertrand.pl\/"},{"@type":"ListItem","position":2,"name":"Pliki cookies i regulamin serwisu"}]},{"@type":"WebSite","@id":"https:\/\/bertrand.pl\/#website","url":"https:\/\/bertrand.pl\/","name":"Bertrand.pl","description":"Firma Bertrand to certyfikowany i uznany producent najwy\u017cszej jako\u015bci okien z PVC, z drewna lub aluminium. Produkcja drzwi, rolet i bram gara\u017cowych.","publisher":{"@id":"https:\/\/bertrand.pl\/#organization"},"potentialAction":[{"@type":"SearchAction","target":{"@type":"EntryPoint","urlTemplate":"https:\/\/bertrand.pl\/?s={search_term_string}"},"query-input":{"@type":"PropertyValueSpecification","valueRequired":true,"valueName":"search_term_string"}}],"inLanguage":"nl-NL"},{"@type":"Organization","@id":"https:\/\/bertrand.pl\/#organization","name":"Bertrand.pl","url":"https:\/\/bertrand.pl\/","logo":{"@type":"ImageObject","inLanguage":"nl-NL","@id":"https:\/\/bertrand.pl\/#\/schema\/logo\/image\/","url":"https:\/\/bertrand.pl\/wp-content\/uploads\/2024\/12\/logo_BB_TM_PL_black.png","contentUrl":"https:\/\/bertrand.pl\/wp-content\/uploads\/2024\/12\/logo_BB_TM_PL_black.png","width":1831,"height":1831,"caption":"Bertrand.pl"},"image":{"@id":"https:\/\/bertrand.pl\/#\/schema\/logo\/image\/"},"sameAs":["https:\/\/www.facebook.com\/bertrandpolska\/","https:\/\/www.instagram.com\/bertrand_okna_i_drzwi\/","https:\/\/www.linkedin.com\/company\/bertrand\/","https:\/\/www.tiktok.com\/@bertrand_okna_drzwi"]},{"@type":"Person","@id":"https:\/\/bertrand.pl\/#\/schema\/person\/767d70e891d700b2e3c19083f31a484c","name":"w.achnik"}]}},"_links":{"self":[{"href":"https:\/\/bertrand.pl\/nl\/wp-json\/wp\/v2\/pages\/1762","targetHints":{"allow":["GET"]}}],"collection":[{"href":"https:\/\/bertrand.pl\/nl\/wp-json\/wp\/v2\/pages"}],"about":[{"href":"https:\/\/bertrand.pl\/nl\/wp-json\/wp\/v2\/types\/page"}],"author":[{"embeddable":true,"href":"https:\/\/bertrand.pl\/nl\/wp-json\/wp\/v2\/users\/7"}],"replies":[{"embeddable":true,"href":"https:\/\/bertrand.pl\/nl\/wp-json\/wp\/v2\/comments?post=1762"}],"version-history":[{"count":16,"href":"https:\/\/bertrand.pl\/nl\/wp-json\/wp\/v2\/pages\/1762\/revisions"}],"predecessor-version":[{"id":5671,"href":"https:\/\/bertrand.pl\/nl\/wp-json\/wp\/v2\/pages\/1762\/revisions\/5671"}],"wp:attachment":[{"href":"https:\/\/bertrand.pl\/nl\/wp-json\/wp\/v2\/media?parent=1762"}],"curies":[{"name":"wp","href":"https:\/\/api.w.org\/{rel}","templated":true}]}}