{"id":1783,"date":"2024-01-09T12:49:44","date_gmt":"2024-01-09T11:49:44","guid":{"rendered":"https:\/\/bertrand.pl\/?page_id=1783"},"modified":"2026-01-09T08:59:15","modified_gmt":"2026-01-09T07:59:15","slug":"rodo","status":"publish","type":"page","link":"https:\/\/bertrand.pl\/nl\/rodo\/","title":{"rendered":"Informatie over de bescherming van persoonsgegevens"},"content":{"rendered":"<div data-elementor-type=\"wp-page\" data-elementor-id=\"1783\" class=\"elementor elementor-1783\" data-elementor-post-type=\"page\">\n\t\t\t\t<div class=\"elementor-element elementor-element-ff4da73 e-flex e-con-boxed e-con e-parent\" data-id=\"ff4da73\" data-element_type=\"container\" data-e-type=\"container\" data-settings=\"{&quot;background_background&quot;:&quot;classic&quot;}\">\n\t\t\t\t\t<div class=\"e-con-inner\">\n\t\t<div class=\"elementor-element elementor-element-e16b941 e-con-full e-flex e-con e-child\" data-id=\"e16b941\" data-element_type=\"container\" data-e-type=\"container\">\n\t\t\t\t<div class=\"elementor-element elementor-element-e62673f elementor-widget elementor-widget-heading\" data-id=\"e62673f\" data-element_type=\"widget\" data-e-type=\"widget\" data-widget_type=\"heading.default\">\n\t\t\t\t<div class=\"elementor-widget-container\">\n\t\t\t\t\t<h1 class=\"elementor-heading-title elementor-size-default\">Algemene Verordening Gegevensbescherming<\/h1>\t\t\t\t<\/div>\n\t\t\t\t<\/div>\n\t\t\t\t<div class=\"elementor-element elementor-element-083e881 elementor-widget elementor-widget-text-editor\" data-id=\"083e881\" data-element_type=\"widget\" data-e-type=\"widget\" data-widget_type=\"text-editor.default\">\n\t\t\t\t<div class=\"elementor-widget-container\">\n\t\t\t\t\t\t\t\t\t<h4>INFORMATIE OVER DE BESCHERMING VAN PERSOONSGEGEVENS - IN OVEREENSTEMMING MET AVG<\/h4>\n<p><\/p>\n<p><span style=\"font-style: inherit; font-weight: inherit; text-align: var(--text-align); background-color: var(--ast-global-color-5);\">Informatie over de bescherming van persoonsgegevens. Sinds 25 mei 2018 is de EU-verordening 2016\/679 (AVG) van kracht, die de bescherming van persoonsgegevens regelt. Het doel van deze wet is om de bescherming van de gegevens van natuurlijke personen te verbeteren en om te zorgen voor meer controle op de verwerking ervan door entiteiten die actief zijn in de Europese Unie. Daarom geven wij u uitgebreide informatie over hoe wij uw persoonsgegevens beschermen.<\/span><\/p>\n<h3><strong>Onze aanpak van de bescherming van persoonsgegevens<\/strong><\/h3><div><strong><br><\/strong><\/div>\n<p>Het bedrijf Bracia Bertrand sp. z o. o. met statutaire zetel in Luzino, ul. Wejherowska 12, 84-242 Luzino, werkt volgens de hoogste normen voor gegevensbescherming. Daarom doen wij er alles aan om de veiligheid ervan te waarborgen en ervoor te zorgen dat deze voldoen aan de bepalingen van de AVG. Het bedrijf is geregistreerd onder KRS-nummer: 1076593, NIP: 5881946629, REGON: 192042297.<\/p>\n<h3><strong>Doeleinden en grondslagen van de gegevensverwerking<\/strong><\/h3><div><strong><br><\/strong><\/div>\n<p>Wij verwerken persoonsgegevens voor de volgende doeleinden:<\/p>\n<ul>\n<li>Om de met u gesloten overeenkomsten uit te voeren, bijvoorbeeld dienstverlenings- of bouwcontracten (artikel 6 lid 1 sub b AVG).<\/li>\n<li>Om te voldoen aan wettelijke vereisten, zoals fiscale of boekhoudkundige vereisten (artikel 6 (1) (c) van de AVG).<\/li>\n<li>Om onze legitieme belangen te beschermen, bijvoorbeeld om claims in te dienen (artikel 6 (1) (f) van de AVG).<\/li>\n<li>Indien u uw toestemming heeft gegeven, ook voor de in die toestemming genoemde doeleinden (artikel 6 (1) (a) AVG).<\/li>\n<\/ul>\n<h3><strong>Hoe lang bewaren wij gegevens?<\/strong><\/h3><div><strong><br><\/strong><\/div>\n<p>Wij bewaren gegevens totdat wettelijke verplichtingen zijn vervuld, contracten zijn verlopen, toestemming is ingetrokken of vorderingen zijn verjaard. De maximale bewaartermijn bedraagt echter 10 jaar vanaf de datum waarop de vorderingen opeisbaar zijn geworden.<\/p>\n<h3><strong>Ontvangers van persoonsgegevens<\/strong><\/h3><div><strong><br><\/strong><\/div>\n<p>Uw gegevens kunnen worden doorgegeven aan instanties die onze activiteiten ondersteunen, zoals banken, betalingsinstellingen of onderaannemers.<\/p>\n<h3><strong>Rechten onder de AVG<\/strong><\/h3><div><strong><br><\/strong><\/div>\n<p>Volgens de AVG heeft u het recht om:<\/p>\n<ul>\n<li>Krijg toegang tot uw gegevens en ontvang een kopie ervan.<\/li>\n<li>Het verwijderen van uw gegevens wanneer de verwerking ervan niet langer noodzakelijk is (\u201crecht om vergeten te worden\u201d).<\/li>\n<li>Gegevens overdragen in een gestructureerd formaat.<\/li>\n<li>Beperkingen op de verwerking in bepaalde gevallen.<\/li>\n<li>Corrigeer uw gegevens als deze verouderd of onjuist zijn.<\/li>\n<li>Bezwaar tegen verwerking, ook voor marketingdoeleinden.<\/li>\n<li>U kunt uw toestemming voor verwerking op elk gewenst moment intrekken.<\/li>\n<\/ul>\n<h3><strong>Gegevensbeveiliging<\/strong><\/h3><div><strong><br><\/strong><\/div>\n<p>Gegevens worden beschermd door geavanceerde technische en organisatorische maatregelen. Wij behandelen informatie over klantrelaties als bedrijfsgeheim.<\/p>\n<h3><strong>Contact met de Functionaris Gegevensbescherming<\/strong><\/h3><div><strong><br><\/strong><\/div>\n<p>Indien u vragen heeft, kunt u contact opnemen met de Functionaris Gegevensbescherming. U kunt contact met hem opnemen via het volgende e-mailadres: <a rel=\"noopener\">iod@bertrand.pl<\/a> of per post, door correspondentie te sturen naar het adres van het bedrijf, met de aantekening &quot;Inspecteur Gegevensbescherming&quot;.<\/p>\n<h3><strong>Gegevensoverdracht buiten de Europese Unie<\/strong><\/h3><div><strong><br><\/strong><\/div>\n<p>Wij informeren u dat persoonsgegevens niet buiten de Europese Unie worden overgedragen. Bovendien omvat de gegevensverwerking geen profilering.<\/p>\n<p>Als u vragen heeft over gegevensbescherming, neem dan contact met ons op.<\/p>\t\t\t\t\t\t\t\t<\/div>\n\t\t\t\t<\/div>\n\t\t\t\t<\/div>\n\t\t\t\t\t<\/div>\n\t\t\t\t<\/div>\n\t\t\t\t<\/div>","protected":false},"excerpt":{"rendered":"<p>Rozporz\u0105dzenie Og\u00f3lne o Ochronie Danych Osobowych INFORMACJA O OCHRONIE DANYCH OSOBOWYCH \u2013 ZGODNIE Z RODO Informacja o ochronie danych osobowych. Od 25 maja 2018 roku obowi\u0105zuje rozporz\u0105dzenie UE 2016\/679 (RODO), kt\u00f3re reguluje kwestie ochrony danych osobowych. Celem tego aktu jest zwi\u0119kszenie ochrony danych os\u00f3b fizycznych oraz zapewnienie wi\u0119kszej kontroli nad ich przetwarzaniem przez podmioty dzia\u0142aj\u0105ce [&hellip;]<\/p>\n","protected":false},"author":7,"featured_media":0,"parent":0,"menu_order":0,"comment_status":"closed","ping_status":"closed","template":"elementor_header_footer","meta":{"site-sidebar-layout":"no-sidebar","site-content-layout":"","ast-site-content-layout":"full-width-container","site-content-style":"default","site-sidebar-style":"default","ast-global-header-display":"","ast-banner-title-visibility":"","ast-main-header-display":"","ast-hfb-above-header-display":"","ast-hfb-below-header-display":"","ast-hfb-mobile-header-display":"","site-post-title":"disabled","ast-breadcrumbs-content":"","ast-featured-img":"disabled","footer-sml-layout":"","ast-disable-related-posts":"","theme-transparent-header-meta":"","adv-header-id-meta":"","stick-header-meta":"","header-above-stick-meta":"","header-main-stick-meta":"","header-below-stick-meta":"","astra-migrate-meta-layouts":"default","ast-page-background-enabled":"default","ast-page-background-meta":{"desktop":{"background-color":"var(--ast-global-color-4)","background-image":"","background-repeat":"repeat","background-position":"center center","background-size":"auto","background-attachment":"scroll","background-type":"","background-media":"","overlay-type":"","overlay-color":"","overlay-opacity":"","overlay-gradient":""},"tablet":{"background-color":"","background-image":"","background-repeat":"repeat","background-position":"center center","background-size":"auto","background-attachment":"scroll","background-type":"","background-media":"","overlay-type":"","overlay-color":"","overlay-opacity":"","overlay-gradient":""},"mobile":{"background-color":"","background-image":"","background-repeat":"repeat","background-position":"center center","background-size":"auto","background-attachment":"scroll","background-type":"","background-media":"","overlay-type":"","overlay-color":"","overlay-opacity":"","overlay-gradient":""}},"ast-content-background-meta":{"desktop":{"background-color":"var(--ast-global-color-5)","background-image":"","background-repeat":"repeat","background-position":"center center","background-size":"auto","background-attachment":"scroll","background-type":"","background-media":"","overlay-type":"","overlay-color":"","overlay-opacity":"","overlay-gradient":""},"tablet":{"background-color":"var(--ast-global-color-5)","background-image":"","background-repeat":"repeat","background-position":"center center","background-size":"auto","background-attachment":"scroll","background-type":"","background-media":"","overlay-type":"","overlay-color":"","overlay-opacity":"","overlay-gradient":""},"mobile":{"background-color":"var(--ast-global-color-5)","background-image":"","background-repeat":"repeat","background-position":"center center","background-size":"auto","background-attachment":"scroll","background-type":"","background-media":"","overlay-type":"","overlay-color":"","overlay-opacity":"","overlay-gradient":""}},"footnotes":""},"class_list":["post-1783","page","type-page","status-publish","hentry"],"yoast_head":"<!-- This site is optimized with the Yoast SEO Premium plugin v27.2 (Yoast SEO v27.2) - https:\/\/yoast.com\/product\/yoast-seo-premium-wordpress\/ -->\n<title>Informacja o ochronie danych osobowych - Bertrand. Najwy\u017cszej jako\u015bci okna i drzwi. Certyfikowany producent od 1969 roku.<\/title>\n<meta name=\"description\" content=\"Informacja o ochronie danych osobowych. Pe\u0142na zgodno\u015b\u0107, bezpiecze\u0144stwo i prawa do Twoich danych w firmie BERTRAND.\" \/>\n<meta name=\"robots\" content=\"index, follow, max-snippet:-1, max-image-preview:large, max-video-preview:-1\" \/>\n<link rel=\"canonical\" href=\"https:\/\/bertrand.pl\/nl\/rodo\/\" \/>\n<meta property=\"og:locale\" content=\"nl_NL\" \/>\n<meta property=\"og:type\" content=\"article\" \/>\n<meta property=\"og:title\" content=\"Informacja o ochronie danych osobowych\" \/>\n<meta property=\"og:description\" content=\"Informacja o ochronie danych osobowych. Pe\u0142na zgodno\u015b\u0107, bezpiecze\u0144stwo i prawa do Twoich danych w firmie BERTRAND.\" \/>\n<meta property=\"og:url\" content=\"https:\/\/bertrand.pl\/nl\/rodo\/\" \/>\n<meta property=\"og:site_name\" content=\"Bertrand. Najwy\u017cszej jako\u015bci okna i drzwi. Certyfikowany producent od 1969 roku.\" \/>\n<meta property=\"article:publisher\" content=\"https:\/\/www.facebook.com\/bertrandpolska\/\" \/>\n<meta property=\"article:modified_time\" content=\"2026-01-09T07:59:15+00:00\" \/>\n<meta property=\"og:image\" content=\"https:\/\/bertrand.pl\/wp-content\/uploads\/2024\/01\/bertrand-blog.jpg\" \/>\n\t<meta property=\"og:image:width\" content=\"1280\" \/>\n\t<meta property=\"og:image:height\" content=\"720\" \/>\n\t<meta property=\"og:image:type\" content=\"image\/jpeg\" \/>\n<meta name=\"twitter:card\" content=\"summary_large_image\" \/>\n<meta name=\"twitter:label1\" content=\"Geschatte leestijd\" \/>\n\t<meta name=\"twitter:data1\" content=\"3 minuten\" \/>\n<script type=\"application\/ld+json\" class=\"yoast-schema-graph\">{\"@context\":\"https:\/\/schema.org\",\"@graph\":[{\"@type\":\"Article\",\"@id\":\"https:\/\/bertrand.pl\/rodo\/#article\",\"isPartOf\":{\"@id\":\"https:\/\/bertrand.pl\/rodo\/\"},\"author\":{\"name\":\"w.wachnik\",\"@id\":\"https:\/\/bertrand.pl\/#\/schema\/person\/767d70e891d700b2e3c19083f31a484c\"},\"headline\":\"Informacja o ochronie danych osobowych\",\"datePublished\":\"2024-01-09T11:49:44+00:00\",\"dateModified\":\"2026-01-09T07:59:15+00:00\",\"mainEntityOfPage\":{\"@id\":\"https:\/\/bertrand.pl\/rodo\/\"},\"wordCount\":454,\"publisher\":{\"@id\":\"https:\/\/bertrand.pl\/#organization\"},\"inLanguage\":\"nl-NL\"},{\"@type\":\"WebPage\",\"@id\":\"https:\/\/bertrand.pl\/rodo\/\",\"url\":\"https:\/\/bertrand.pl\/rodo\/\",\"name\":\"Informacja o ochronie danych osobowych - Bertrand. Najwy\u017cszej jako\u015bci okna i drzwi. Certyfikowany producent od 1969 roku.\",\"isPartOf\":{\"@id\":\"https:\/\/bertrand.pl\/#website\"},\"datePublished\":\"2024-01-09T11:49:44+00:00\",\"dateModified\":\"2026-01-09T07:59:15+00:00\",\"description\":\"Informacja o ochronie danych osobowych. Pe\u0142na zgodno\u015b\u0107, bezpiecze\u0144stwo i prawa do Twoich danych w firmie BERTRAND.\",\"breadcrumb\":{\"@id\":\"https:\/\/bertrand.pl\/rodo\/#breadcrumb\"},\"inLanguage\":\"nl-NL\",\"potentialAction\":[{\"@type\":\"ReadAction\",\"target\":[\"https:\/\/bertrand.pl\/rodo\/\"]}]},{\"@type\":\"BreadcrumbList\",\"@id\":\"https:\/\/bertrand.pl\/rodo\/#breadcrumb\",\"itemListElement\":[{\"@type\":\"ListItem\",\"position\":1,\"name\":\"Strona g\u0142\u00f3wna\",\"item\":\"https:\/\/bertrand.pl\/\"},{\"@type\":\"ListItem\",\"position\":2,\"name\":\"Informacja o ochronie danych osobowych\"}]},{\"@type\":\"WebSite\",\"@id\":\"https:\/\/bertrand.pl\/#website\",\"url\":\"https:\/\/bertrand.pl\/\",\"name\":\"Bertrand.pl\",\"description\":\"Firma Bertrand to certyfikowany i uznany producent najwy\u017cszej jako\u015bci okien z PVC, z drewna lub aluminium. Produkcja drzwi, rolet i bram gara\u017cowych.\",\"publisher\":{\"@id\":\"https:\/\/bertrand.pl\/#organization\"},\"potentialAction\":[{\"@type\":\"SearchAction\",\"target\":{\"@type\":\"EntryPoint\",\"urlTemplate\":\"https:\/\/bertrand.pl\/?s={search_term_string}\"},\"query-input\":{\"@type\":\"PropertyValueSpecification\",\"valueRequired\":true,\"valueName\":\"search_term_string\"}}],\"inLanguage\":\"nl-NL\"},{\"@type\":\"Organization\",\"@id\":\"https:\/\/bertrand.pl\/#organization\",\"name\":\"Bertrand.pl\",\"url\":\"https:\/\/bertrand.pl\/\",\"logo\":{\"@type\":\"ImageObject\",\"inLanguage\":\"nl-NL\",\"@id\":\"https:\/\/bertrand.pl\/#\/schema\/logo\/image\/\",\"url\":\"https:\/\/bertrand.pl\/wp-content\/uploads\/2024\/12\/logo_BB_TM_PL_black.png\",\"contentUrl\":\"https:\/\/bertrand.pl\/wp-content\/uploads\/2024\/12\/logo_BB_TM_PL_black.png\",\"width\":1831,\"height\":1831,\"caption\":\"Bertrand.pl\"},\"image\":{\"@id\":\"https:\/\/bertrand.pl\/#\/schema\/logo\/image\/\"},\"sameAs\":[\"https:\/\/www.facebook.com\/bertrandpolska\/\",\"https:\/\/www.instagram.com\/bertrand_okna_i_drzwi\/\",\"https:\/\/www.linkedin.com\/company\/bertrand\/\",\"https:\/\/www.tiktok.com\/@bertrand_okna_drzwi\"]},{\"@type\":\"Person\",\"@id\":\"https:\/\/bertrand.pl\/#\/schema\/person\/767d70e891d700b2e3c19083f31a484c\",\"name\":\"w.wachnik\"}]}<\/script>\n<!-- \/ Yoast SEO Premium plugin. -->","yoast_head_json":{"title":"Informacja o ochronie danych osobowych - Bertrand. Najwy\u017cszej jako\u015bci okna i drzwi. Certyfikowany producent od 1969 roku.","description":"Informatie over de bescherming van persoonsgegevens. Volledige naleving, beveiliging en rechten met betrekking tot uw gegevens bij BERTRAND.","robots":{"index":"index","follow":"follow","max-snippet":"max-snippet:-1","max-image-preview":"max-image-preview:large","max-video-preview":"max-video-preview:-1"},"canonical":"https:\/\/bertrand.pl\/nl\/rodo\/","og_locale":"nl_NL","og_type":"article","og_title":"Informacja o ochronie danych osobowych","og_description":"Informacja o ochronie danych osobowych. Pe\u0142na zgodno\u015b\u0107, bezpiecze\u0144stwo i prawa do Twoich danych w firmie BERTRAND.","og_url":"https:\/\/bertrand.pl\/nl\/rodo\/","og_site_name":"Bertrand. Najwy\u017cszej jako\u015bci okna i drzwi. Certyfikowany producent od 1969 roku.","article_publisher":"https:\/\/www.facebook.com\/bertrandpolska\/","article_modified_time":"2026-01-09T07:59:15+00:00","og_image":[{"width":1280,"height":720,"url":"https:\/\/bertrand.pl\/wp-content\/uploads\/2024\/01\/bertrand-blog.jpg","type":"image\/jpeg"}],"twitter_card":"summary_large_image","twitter_misc":{"Geschatte leestijd":"3 minuten"},"schema":{"@context":"https:\/\/schema.org","@graph":[{"@type":"Article","@id":"https:\/\/bertrand.pl\/rodo\/#article","isPartOf":{"@id":"https:\/\/bertrand.pl\/rodo\/"},"author":{"name":"w.wachnik","@id":"https:\/\/bertrand.pl\/#\/schema\/person\/767d70e891d700b2e3c19083f31a484c"},"headline":"Informacja o ochronie danych osobowych","datePublished":"2024-01-09T11:49:44+00:00","dateModified":"2026-01-09T07:59:15+00:00","mainEntityOfPage":{"@id":"https:\/\/bertrand.pl\/rodo\/"},"wordCount":454,"publisher":{"@id":"https:\/\/bertrand.pl\/#organization"},"inLanguage":"nl-NL"},{"@type":"WebPage","@id":"https:\/\/bertrand.pl\/rodo\/","url":"https:\/\/bertrand.pl\/rodo\/","name":"Informacja o ochronie danych osobowych - Bertrand. Najwy\u017cszej jako\u015bci okna i drzwi. Certyfikowany producent od 1969 roku.","isPartOf":{"@id":"https:\/\/bertrand.pl\/#website"},"datePublished":"2024-01-09T11:49:44+00:00","dateModified":"2026-01-09T07:59:15+00:00","description":"Informatie over de bescherming van persoonsgegevens. Volledige naleving, beveiliging en rechten met betrekking tot uw gegevens bij BERTRAND.","breadcrumb":{"@id":"https:\/\/bertrand.pl\/rodo\/#breadcrumb"},"inLanguage":"nl-NL","potentialAction":[{"@type":"ReadAction","target":["https:\/\/bertrand.pl\/rodo\/"]}]},{"@type":"BreadcrumbList","@id":"https:\/\/bertrand.pl\/rodo\/#breadcrumb","itemListElement":[{"@type":"ListItem","position":1,"name":"Strona g\u0142\u00f3wna","item":"https:\/\/bertrand.pl\/"},{"@type":"ListItem","position":2,"name":"Informacja o ochronie danych osobowych"}]},{"@type":"WebSite","@id":"https:\/\/bertrand.pl\/#website","url":"https:\/\/bertrand.pl\/","name":"Bertrand.pl","description":"Firma Bertrand to certyfikowany i uznany producent najwy\u017cszej jako\u015bci okien z PVC, z drewna lub aluminium. Produkcja drzwi, rolet i bram gara\u017cowych.","publisher":{"@id":"https:\/\/bertrand.pl\/#organization"},"potentialAction":[{"@type":"SearchAction","target":{"@type":"EntryPoint","urlTemplate":"https:\/\/bertrand.pl\/?s={search_term_string}"},"query-input":{"@type":"PropertyValueSpecification","valueRequired":true,"valueName":"search_term_string"}}],"inLanguage":"nl-NL"},{"@type":"Organization","@id":"https:\/\/bertrand.pl\/#organization","name":"Bertrand.pl","url":"https:\/\/bertrand.pl\/","logo":{"@type":"ImageObject","inLanguage":"nl-NL","@id":"https:\/\/bertrand.pl\/#\/schema\/logo\/image\/","url":"https:\/\/bertrand.pl\/wp-content\/uploads\/2024\/12\/logo_BB_TM_PL_black.png","contentUrl":"https:\/\/bertrand.pl\/wp-content\/uploads\/2024\/12\/logo_BB_TM_PL_black.png","width":1831,"height":1831,"caption":"Bertrand.pl"},"image":{"@id":"https:\/\/bertrand.pl\/#\/schema\/logo\/image\/"},"sameAs":["https:\/\/www.facebook.com\/bertrandpolska\/","https:\/\/www.instagram.com\/bertrand_okna_i_drzwi\/","https:\/\/www.linkedin.com\/company\/bertrand\/","https:\/\/www.tiktok.com\/@bertrand_okna_drzwi"]},{"@type":"Person","@id":"https:\/\/bertrand.pl\/#\/schema\/person\/767d70e891d700b2e3c19083f31a484c","name":"w.achnik"}]}},"_links":{"self":[{"href":"https:\/\/bertrand.pl\/nl\/wp-json\/wp\/v2\/pages\/1783","targetHints":{"allow":["GET"]}}],"collection":[{"href":"https:\/\/bertrand.pl\/nl\/wp-json\/wp\/v2\/pages"}],"about":[{"href":"https:\/\/bertrand.pl\/nl\/wp-json\/wp\/v2\/types\/page"}],"author":[{"embeddable":true,"href":"https:\/\/bertrand.pl\/nl\/wp-json\/wp\/v2\/users\/7"}],"replies":[{"embeddable":true,"href":"https:\/\/bertrand.pl\/nl\/wp-json\/wp\/v2\/comments?post=1783"}],"version-history":[{"count":25,"href":"https:\/\/bertrand.pl\/nl\/wp-json\/wp\/v2\/pages\/1783\/revisions"}],"predecessor-version":[{"id":6419,"href":"https:\/\/bertrand.pl\/nl\/wp-json\/wp\/v2\/pages\/1783\/revisions\/6419"}],"wp:attachment":[{"href":"https:\/\/bertrand.pl\/nl\/wp-json\/wp\/v2\/media?parent=1783"}],"curies":[{"name":"wp","href":"https:\/\/api.w.org\/{rel}","templated":true}]}}