{"id":1802,"date":"2024-01-09T13:00:29","date_gmt":"2024-01-09T12:00:29","guid":{"rendered":"https:\/\/bertrand.pl\/?page_id=1802"},"modified":"2024-12-12T08:30:42","modified_gmt":"2024-12-12T07:30:42","slug":"algemene-verkoop-en-leveringsvoorwaarden","status":"publish","type":"page","link":"https:\/\/bertrand.pl\/nl\/ogolne-warunki-sprzedazy-i-dostaw\/","title":{"rendered":"Algemene verkoop- en leveringsvoorwaarden"},"content":{"rendered":"<div data-elementor-type=\"wp-page\" data-elementor-id=\"1802\" class=\"elementor elementor-1802\" data-elementor-post-type=\"page\">\n\t\t\t\t<div class=\"elementor-element elementor-element-f0b0d6e e-flex e-con-boxed e-con e-parent\" data-id=\"f0b0d6e\" data-element_type=\"container\" data-e-type=\"container\" data-settings=\"{&quot;background_background&quot;:&quot;classic&quot;}\">\n\t\t\t\t\t<div class=\"e-con-inner\">\n\t\t<div class=\"elementor-element elementor-element-d0ee6fa e-con-full e-flex e-con e-child\" data-id=\"d0ee6fa\" data-element_type=\"container\" data-e-type=\"container\">\n\t\t\t\t<div class=\"elementor-element elementor-element-7727a4a elementor-widget elementor-widget-heading\" data-id=\"7727a4a\" data-element_type=\"widget\" data-e-type=\"widget\" data-widget_type=\"heading.default\">\n\t\t\t\t<div class=\"elementor-widget-container\">\n\t\t\t\t\t<h1 class=\"elementor-heading-title elementor-size-default\">Algemene verkoop- en leveringsvoorwaarden<\/h1>\t\t\t\t<\/div>\n\t\t\t\t<\/div>\n\t\t\t\t<div class=\"elementor-element elementor-element-2beb4b1 elementor-widget elementor-widget-text-editor\" data-id=\"2beb4b1\" data-element_type=\"widget\" data-e-type=\"widget\" data-widget_type=\"text-editor.default\">\n\t\t\t\t<div class=\"elementor-widget-container\">\n\t\t\t\t\t\t\t\t\t<p>Het PDF-bestand &quot;Algemene verkoop- en leveringsvoorwaarden&quot; dat u tot uw beschikking heeft, bevat gedetailleerde informatie die van cruciaal belang is voor elke zakelijke transactie. Het document is een onschatbare bron van kennis over verschillende aspecten van het contract. Een grondige kennis ervan kan de inkoop- en logistieke processen aanzienlijk verbeteren.<\/p><h4>Definities van kernbegrippen in het contract<\/h4><p>In het document worden de belangrijkste termen uit het contract vermeld, zodat misverstanden en misverstanden worden voorkomen. Door begrippen als &#039;bestelling&#039;, &#039;levering&#039; en &#039;afhalen&#039; duidelijk te defini\u00ebren, verloopt de communicatie tussen partijen effectiever.<\/p><h4>Bestelproces<\/h4><p>Er wordt een gedetailleerde stapsgewijze handleiding meegeleverd over hoe u bestellingen kunt plaatsen om ervoor te zorgen dat deze voldoen aan de contractvereisten. Hierdoor kunnen transacties effici\u00ebnt worden uitgevoerd en wordt het risico op vertragingen als gevolg van onvolledige gegevens vermeden.<\/p><h4>Bezorging en afhalen binnen en buiten de EU<\/h4><p>Hier vindt u gedetailleerde richtlijnen voor het vervoer van goederen binnen en buiten de Europese Unie. In dit hoofdstuk worden ook de douaneformaliteiten besproken, die van groot belang zijn bij internationale logistiek.<\/p><h4>Informatie over stands en heftrucks<\/h4><p>U leert op welke stellingen en heftrucks de goederen worden afgeleverd, waardoor u het opslag- en interne transportproces beter kunt plannen.<\/p><h4>Klachten over leveringsvoorwaarden<\/h4><p>In het document is de procedure voor het indienen van klachten bij leveringsafwijkingen duidelijk vastgelegd. Hierdoor kunnen problemen snel worden opgelost en verliezen tot een minimum worden beperkt.<\/p><h4>Formulier Specifieke Leveringsvoorwaarden<\/h4><p>Aan het einde van het document vindt u een formulier waarmee u individuele leveringsvoorwaarden kunt specificeren. Hiermee kunt u de regels voor samenwerking aanpassen aan uw specifieke behoeften.<\/p><p><a href=\"https:\/\/bertrand.pl\/nl\/contact\/\"><strong>Bertrand-bedrijf<\/strong><\/a> hecht veel waarde aan transparantie en duidelijkheid in de zakelijke betrekkingen, hetgeen tot uiting komt in de gedetailleerde contractvoorwaarden die zij heeft opgesteld. Het document dat het biedt, is niet alleen een verzameling formele documenten, maar ook een praktische gids voor de partners en klanten van het bedrijf. De definities van de belangrijkste termen in het document helpen misverstanden te voorkomen en de gedetailleerde beschrijving van de bestelprocessen verbetert de samenwerking in elke fase.<\/p>\t\t\t\t\t\t\t\t<\/div>\n\t\t\t\t<\/div>\n\t\t\t\t<div class=\"elementor-element elementor-element-4f75002 action-button elementor-mobile-align-justify elementor-widget elementor-widget-button\" data-id=\"4f75002\" data-element_type=\"widget\" data-e-type=\"widget\" data-widget_type=\"button.default\">\n\t\t\t\t<div class=\"elementor-widget-container\">\n\t\t\t\t\t\t\t\t\t<div class=\"elementor-button-wrapper\">\n\t\t\t\t\t<a class=\"elementor-button elementor-button-link elementor-size-sm\" href=\"https:\/\/bertrand.pl\/wp-content\/uploads\/2024\/01\/Ogolne_warunki_sprzedazy_i_dostaw_01_06_2018_PL.pdf\">\n\t\t\t\t\t\t<span class=\"elementor-button-content-wrapper\">\n\t\t\t\t\t\t\t\t\t<span class=\"elementor-button-text\">Algemene voorwaarden<\/span>\n\t\t\t\t\t<\/span>\n\t\t\t\t\t<\/a>\n\t\t\t\t<\/div>\n\t\t\t\t\t\t\t\t<\/div>\n\t\t\t\t<\/div>\n\t\t\t\t<\/div>\n\t\t\t\t\t<\/div>\n\t\t\t\t<\/div>\n\t\t\t\t<\/div>","protected":false},"excerpt":{"rendered":"<p>Og\u00f3lne Warunki Sprzeda\u017cy i Dostaw Plik PDF &#8222;Og\u00f3lne warunki sprzeda\u017cy i dostaw&#8221;, kt\u00f3ry masz do dyspozycji, zawiera szczeg\u00f3\u0142owe informacje kluczowe dla ka\u017cdej transakcji handlowej. Dokument jest nieocenionym \u017ar\u00f3d\u0142em wiedzy na temat r\u00f3\u017cnych aspekt\u00f3w umowy, a jego dok\u0142adne zrozumienie mo\u017ce znacz\u0105co usprawni\u0107 procesy zakupowe i logistyczne. Definicje kluczowych poj\u0119\u0107 w umowie Dokument precyzuje najwa\u017cniejsze terminy u\u017cywane [&hellip;]<\/p>\n","protected":false},"author":7,"featured_media":0,"parent":0,"menu_order":0,"comment_status":"closed","ping_status":"closed","template":"","meta":{"site-sidebar-layout":"no-sidebar","site-content-layout":"","ast-site-content-layout":"full-width-container","site-content-style":"default","site-sidebar-style":"default","ast-global-header-display":"","ast-banner-title-visibility":"","ast-main-header-display":"","ast-hfb-above-header-display":"","ast-hfb-below-header-display":"","ast-hfb-mobile-header-display":"","site-post-title":"disabled","ast-breadcrumbs-content":"","ast-featured-img":"disabled","footer-sml-layout":"","ast-disable-related-posts":"","theme-transparent-header-meta":"","adv-header-id-meta":"","stick-header-meta":"","header-above-stick-meta":"","header-main-stick-meta":"","header-below-stick-meta":"","astra-migrate-meta-layouts":"default","ast-page-background-enabled":"default","ast-page-background-meta":{"desktop":{"background-color":"var(--ast-global-color-4)","background-image":"","background-repeat":"repeat","background-position":"center center","background-size":"auto","background-attachment":"scroll","background-type":"","background-media":"","overlay-type":"","overlay-color":"","overlay-opacity":"","overlay-gradient":""},"tablet":{"background-color":"","background-image":"","background-repeat":"repeat","background-position":"center center","background-size":"auto","background-attachment":"scroll","background-type":"","background-media":"","overlay-type":"","overlay-color":"","overlay-opacity":"","overlay-gradient":""},"mobile":{"background-color":"","background-image":"","background-repeat":"repeat","background-position":"center center","background-size":"auto","background-attachment":"scroll","background-type":"","background-media":"","overlay-type":"","overlay-color":"","overlay-opacity":"","overlay-gradient":""}},"ast-content-background-meta":{"desktop":{"background-color":"var(--ast-global-color-5)","background-image":"","background-repeat":"repeat","background-position":"center center","background-size":"auto","background-attachment":"scroll","background-type":"","background-media":"","overlay-type":"","overlay-color":"","overlay-opacity":"","overlay-gradient":""},"tablet":{"background-color":"var(--ast-global-color-5)","background-image":"","background-repeat":"repeat","background-position":"center center","background-size":"auto","background-attachment":"scroll","background-type":"","background-media":"","overlay-type":"","overlay-color":"","overlay-opacity":"","overlay-gradient":""},"mobile":{"background-color":"var(--ast-global-color-5)","background-image":"","background-repeat":"repeat","background-position":"center center","background-size":"auto","background-attachment":"scroll","background-type":"","background-media":"","overlay-type":"","overlay-color":"","overlay-opacity":"","overlay-gradient":""}},"footnotes":""},"class_list":["post-1802","page","type-page","status-publish","hentry"],"yoast_head":"<!-- This site is optimized with the Yoast SEO Premium plugin v27.2 (Yoast SEO v27.2) - https:\/\/yoast.com\/product\/yoast-seo-premium-wordpress\/ -->\n<title>Og\u00f3lne warunki sprzeda\u017cy i dostaw - Bertrand. Najwy\u017cszej jako\u015bci okna i drzwi. Certyfikowany producent od 1969 roku.<\/title>\n<meta name=\"description\" content=\"Poznaj kluczowe informacje o definicjach, zam\u00f3wieniach, cenach, dostawach, reklamacjach i warunkach umowy. Og\u00f3lne warunki sprzeda\u017cy i dostaw.\" \/>\n<meta name=\"robots\" content=\"index, follow, max-snippet:-1, max-image-preview:large, max-video-preview:-1\" \/>\n<link rel=\"canonical\" href=\"https:\/\/bertrand.pl\/nl\/algemene-verkoop-en-leveringsvoorwaarden\/\" \/>\n<meta property=\"og:locale\" content=\"nl_NL\" \/>\n<meta property=\"og:type\" content=\"article\" \/>\n<meta property=\"og:title\" content=\"Og\u00f3lne warunki sprzeda\u017cy i dostaw\" \/>\n<meta property=\"og:description\" content=\"Poznaj kluczowe informacje o definicjach, zam\u00f3wieniach, cenach, dostawach, reklamacjach i warunkach umowy. Og\u00f3lne warunki sprzeda\u017cy i dostaw.\" \/>\n<meta property=\"og:url\" content=\"https:\/\/bertrand.pl\/nl\/algemene-verkoop-en-leveringsvoorwaarden\/\" \/>\n<meta property=\"og:site_name\" content=\"Bertrand. Najwy\u017cszej jako\u015bci okna i drzwi. Certyfikowany producent od 1969 roku.\" \/>\n<meta property=\"article:publisher\" content=\"https:\/\/www.facebook.com\/bertrandpolska\/\" \/>\n<meta property=\"article:modified_time\" content=\"2024-12-12T07:30:42+00:00\" \/>\n<meta property=\"og:image\" content=\"https:\/\/bertrand.pl\/wp-content\/uploads\/2024\/01\/bertrand-blog.jpg\" \/>\n\t<meta property=\"og:image:width\" content=\"1280\" \/>\n\t<meta property=\"og:image:height\" content=\"720\" \/>\n\t<meta property=\"og:image:type\" content=\"image\/jpeg\" \/>\n<meta name=\"twitter:card\" content=\"summary_large_image\" \/>\n<meta name=\"twitter:label1\" content=\"Geschatte leestijd\" \/>\n\t<meta name=\"twitter:data1\" content=\"2 minuten\" \/>\n<script type=\"application\/ld+json\" class=\"yoast-schema-graph\">{\"@context\":\"https:\/\/schema.org\",\"@graph\":[{\"@type\":\"Article\",\"@id\":\"https:\/\/bertrand.pl\/ogolne-warunki-sprzedazy-i-dostaw\/#article\",\"isPartOf\":{\"@id\":\"https:\/\/bertrand.pl\/ogolne-warunki-sprzedazy-i-dostaw\/\"},\"author\":{\"name\":\"w.wachnik\",\"@id\":\"https:\/\/bertrand.pl\/#\/schema\/person\/767d70e891d700b2e3c19083f31a484c\"},\"headline\":\"Og\u00f3lne warunki sprzeda\u017cy i dostaw\",\"datePublished\":\"2024-01-09T12:00:29+00:00\",\"dateModified\":\"2024-12-12T07:30:42+00:00\",\"mainEntityOfPage\":{\"@id\":\"https:\/\/bertrand.pl\/ogolne-warunki-sprzedazy-i-dostaw\/\"},\"wordCount\":366,\"publisher\":{\"@id\":\"https:\/\/bertrand.pl\/#organization\"},\"inLanguage\":\"nl-NL\"},{\"@type\":\"WebPage\",\"@id\":\"https:\/\/bertrand.pl\/ogolne-warunki-sprzedazy-i-dostaw\/\",\"url\":\"https:\/\/bertrand.pl\/ogolne-warunki-sprzedazy-i-dostaw\/\",\"name\":\"Og\u00f3lne warunki sprzeda\u017cy i dostaw - Bertrand. Najwy\u017cszej jako\u015bci okna i drzwi. Certyfikowany producent od 1969 roku.\",\"isPartOf\":{\"@id\":\"https:\/\/bertrand.pl\/#website\"},\"datePublished\":\"2024-01-09T12:00:29+00:00\",\"dateModified\":\"2024-12-12T07:30:42+00:00\",\"description\":\"Poznaj kluczowe informacje o definicjach, zam\u00f3wieniach, cenach, dostawach, reklamacjach i warunkach umowy. Og\u00f3lne warunki sprzeda\u017cy i dostaw.\",\"breadcrumb\":{\"@id\":\"https:\/\/bertrand.pl\/ogolne-warunki-sprzedazy-i-dostaw\/#breadcrumb\"},\"inLanguage\":\"nl-NL\",\"potentialAction\":[{\"@type\":\"ReadAction\",\"target\":[\"https:\/\/bertrand.pl\/ogolne-warunki-sprzedazy-i-dostaw\/\"]}]},{\"@type\":\"BreadcrumbList\",\"@id\":\"https:\/\/bertrand.pl\/ogolne-warunki-sprzedazy-i-dostaw\/#breadcrumb\",\"itemListElement\":[{\"@type\":\"ListItem\",\"position\":1,\"name\":\"Strona g\u0142\u00f3wna\",\"item\":\"https:\/\/bertrand.pl\/\"},{\"@type\":\"ListItem\",\"position\":2,\"name\":\"Og\u00f3lne warunki sprzeda\u017cy i dostaw\"}]},{\"@type\":\"WebSite\",\"@id\":\"https:\/\/bertrand.pl\/#website\",\"url\":\"https:\/\/bertrand.pl\/\",\"name\":\"Bertrand.pl\",\"description\":\"Firma Bertrand to certyfikowany i uznany producent najwy\u017cszej jako\u015bci okien z PVC, z drewna lub aluminium. Produkcja drzwi, rolet i bram gara\u017cowych.\",\"publisher\":{\"@id\":\"https:\/\/bertrand.pl\/#organization\"},\"potentialAction\":[{\"@type\":\"SearchAction\",\"target\":{\"@type\":\"EntryPoint\",\"urlTemplate\":\"https:\/\/bertrand.pl\/?s={search_term_string}\"},\"query-input\":{\"@type\":\"PropertyValueSpecification\",\"valueRequired\":true,\"valueName\":\"search_term_string\"}}],\"inLanguage\":\"nl-NL\"},{\"@type\":\"Organization\",\"@id\":\"https:\/\/bertrand.pl\/#organization\",\"name\":\"Bertrand.pl\",\"url\":\"https:\/\/bertrand.pl\/\",\"logo\":{\"@type\":\"ImageObject\",\"inLanguage\":\"nl-NL\",\"@id\":\"https:\/\/bertrand.pl\/#\/schema\/logo\/image\/\",\"url\":\"https:\/\/bertrand.pl\/wp-content\/uploads\/2024\/12\/logo_BB_TM_PL_black.png\",\"contentUrl\":\"https:\/\/bertrand.pl\/wp-content\/uploads\/2024\/12\/logo_BB_TM_PL_black.png\",\"width\":1831,\"height\":1831,\"caption\":\"Bertrand.pl\"},\"image\":{\"@id\":\"https:\/\/bertrand.pl\/#\/schema\/logo\/image\/\"},\"sameAs\":[\"https:\/\/www.facebook.com\/bertrandpolska\/\",\"https:\/\/www.instagram.com\/bertrand_okna_i_drzwi\/\",\"https:\/\/www.linkedin.com\/company\/bertrand\/\",\"https:\/\/www.tiktok.com\/@bertrand_okna_drzwi\"]},{\"@type\":\"Person\",\"@id\":\"https:\/\/bertrand.pl\/#\/schema\/person\/767d70e891d700b2e3c19083f31a484c\",\"name\":\"w.wachnik\"}]}<\/script>\n<!-- \/ Yoast SEO Premium plugin. -->","yoast_head_json":{"title":"Og\u00f3lne warunki sprzeda\u017cy i dostaw - Bertrand. Najwy\u017cszej jako\u015bci okna i drzwi. Certyfikowany producent od 1969 roku.","description":"Ontdek belangrijke informatie over definities, bestellingen, prijzen, leveringen, klachten en contractvoorwaarden. Algemene verkoop- en leveringsvoorwaarden.","robots":{"index":"index","follow":"follow","max-snippet":"max-snippet:-1","max-image-preview":"max-image-preview:large","max-video-preview":"max-video-preview:-1"},"canonical":"https:\/\/bertrand.pl\/nl\/algemene-verkoop-en-leveringsvoorwaarden\/","og_locale":"nl_NL","og_type":"article","og_title":"Og\u00f3lne warunki sprzeda\u017cy i dostaw","og_description":"Poznaj kluczowe informacje o definicjach, zam\u00f3wieniach, cenach, dostawach, reklamacjach i warunkach umowy. Og\u00f3lne warunki sprzeda\u017cy i dostaw.","og_url":"https:\/\/bertrand.pl\/nl\/algemene-verkoop-en-leveringsvoorwaarden\/","og_site_name":"Bertrand. Najwy\u017cszej jako\u015bci okna i drzwi. Certyfikowany producent od 1969 roku.","article_publisher":"https:\/\/www.facebook.com\/bertrandpolska\/","article_modified_time":"2024-12-12T07:30:42+00:00","og_image":[{"width":1280,"height":720,"url":"https:\/\/bertrand.pl\/wp-content\/uploads\/2024\/01\/bertrand-blog.jpg","type":"image\/jpeg"}],"twitter_card":"summary_large_image","twitter_misc":{"Geschatte leestijd":"2 minuten"},"schema":{"@context":"https:\/\/schema.org","@graph":[{"@type":"Article","@id":"https:\/\/bertrand.pl\/ogolne-warunki-sprzedazy-i-dostaw\/#article","isPartOf":{"@id":"https:\/\/bertrand.pl\/ogolne-warunki-sprzedazy-i-dostaw\/"},"author":{"name":"w.wachnik","@id":"https:\/\/bertrand.pl\/#\/schema\/person\/767d70e891d700b2e3c19083f31a484c"},"headline":"Og\u00f3lne warunki sprzeda\u017cy i dostaw","datePublished":"2024-01-09T12:00:29+00:00","dateModified":"2024-12-12T07:30:42+00:00","mainEntityOfPage":{"@id":"https:\/\/bertrand.pl\/ogolne-warunki-sprzedazy-i-dostaw\/"},"wordCount":366,"publisher":{"@id":"https:\/\/bertrand.pl\/#organization"},"inLanguage":"nl-NL"},{"@type":"WebPage","@id":"https:\/\/bertrand.pl\/ogolne-warunki-sprzedazy-i-dostaw\/","url":"https:\/\/bertrand.pl\/ogolne-warunki-sprzedazy-i-dostaw\/","name":"Og\u00f3lne warunki sprzeda\u017cy i dostaw - Bertrand. Najwy\u017cszej jako\u015bci okna i drzwi. Certyfikowany producent od 1969 roku.","isPartOf":{"@id":"https:\/\/bertrand.pl\/#website"},"datePublished":"2024-01-09T12:00:29+00:00","dateModified":"2024-12-12T07:30:42+00:00","description":"Ontdek belangrijke informatie over definities, bestellingen, prijzen, leveringen, klachten en contractvoorwaarden. Algemene verkoop- en leveringsvoorwaarden.","breadcrumb":{"@id":"https:\/\/bertrand.pl\/ogolne-warunki-sprzedazy-i-dostaw\/#breadcrumb"},"inLanguage":"nl-NL","potentialAction":[{"@type":"ReadAction","target":["https:\/\/bertrand.pl\/ogolne-warunki-sprzedazy-i-dostaw\/"]}]},{"@type":"BreadcrumbList","@id":"https:\/\/bertrand.pl\/ogolne-warunki-sprzedazy-i-dostaw\/#breadcrumb","itemListElement":[{"@type":"ListItem","position":1,"name":"Strona g\u0142\u00f3wna","item":"https:\/\/bertrand.pl\/"},{"@type":"ListItem","position":2,"name":"Og\u00f3lne warunki sprzeda\u017cy i dostaw"}]},{"@type":"WebSite","@id":"https:\/\/bertrand.pl\/#website","url":"https:\/\/bertrand.pl\/","name":"Bertrand.pl","description":"Firma Bertrand to certyfikowany i uznany producent najwy\u017cszej jako\u015bci okien z PVC, z drewna lub aluminium. Produkcja drzwi, rolet i bram gara\u017cowych.","publisher":{"@id":"https:\/\/bertrand.pl\/#organization"},"potentialAction":[{"@type":"SearchAction","target":{"@type":"EntryPoint","urlTemplate":"https:\/\/bertrand.pl\/?s={search_term_string}"},"query-input":{"@type":"PropertyValueSpecification","valueRequired":true,"valueName":"search_term_string"}}],"inLanguage":"nl-NL"},{"@type":"Organization","@id":"https:\/\/bertrand.pl\/#organization","name":"Bertrand.pl","url":"https:\/\/bertrand.pl\/","logo":{"@type":"ImageObject","inLanguage":"nl-NL","@id":"https:\/\/bertrand.pl\/#\/schema\/logo\/image\/","url":"https:\/\/bertrand.pl\/wp-content\/uploads\/2024\/12\/logo_BB_TM_PL_black.png","contentUrl":"https:\/\/bertrand.pl\/wp-content\/uploads\/2024\/12\/logo_BB_TM_PL_black.png","width":1831,"height":1831,"caption":"Bertrand.pl"},"image":{"@id":"https:\/\/bertrand.pl\/#\/schema\/logo\/image\/"},"sameAs":["https:\/\/www.facebook.com\/bertrandpolska\/","https:\/\/www.instagram.com\/bertrand_okna_i_drzwi\/","https:\/\/www.linkedin.com\/company\/bertrand\/","https:\/\/www.tiktok.com\/@bertrand_okna_drzwi"]},{"@type":"Person","@id":"https:\/\/bertrand.pl\/#\/schema\/person\/767d70e891d700b2e3c19083f31a484c","name":"w.achnik"}]}},"_links":{"self":[{"href":"https:\/\/bertrand.pl\/nl\/wp-json\/wp\/v2\/pages\/1802","targetHints":{"allow":["GET"]}}],"collection":[{"href":"https:\/\/bertrand.pl\/nl\/wp-json\/wp\/v2\/pages"}],"about":[{"href":"https:\/\/bertrand.pl\/nl\/wp-json\/wp\/v2\/types\/page"}],"author":[{"embeddable":true,"href":"https:\/\/bertrand.pl\/nl\/wp-json\/wp\/v2\/users\/7"}],"replies":[{"embeddable":true,"href":"https:\/\/bertrand.pl\/nl\/wp-json\/wp\/v2\/comments?post=1802"}],"version-history":[{"count":6,"href":"https:\/\/bertrand.pl\/nl\/wp-json\/wp\/v2\/pages\/1802\/revisions"}],"predecessor-version":[{"id":5574,"href":"https:\/\/bertrand.pl\/nl\/wp-json\/wp\/v2\/pages\/1802\/revisions\/5574"}],"wp:attachment":[{"href":"https:\/\/bertrand.pl\/nl\/wp-json\/wp\/v2\/media?parent=1802"}],"curies":[{"name":"wp","href":"https:\/\/api.w.org\/{rel}","templated":true}]}}