{"id":1028,"date":"2023-12-13T10:23:59","date_gmt":"2023-12-13T09:23:59","guid":{"rendered":"https:\/\/bertrand.pl\/?post_type=product&#038;p=1028"},"modified":"2025-01-07T12:28:32","modified_gmt":"2025-01-07T11:28:32","slug":"masterline-8-pivot","status":"publish","type":"product","link":"https:\/\/bertrand.pl\/nl\/produkt\/masterline-8-pivot\/","title":{"rendered":"Masterline 8 Pivot"},"content":{"rendered":"<p class=\"translation-block\"><strong>Het MasterLine 8 Pivot<\/strong> draaideursysteem is een innovatieve oplossing die de normen van voordeuren opnieuw definieert. Dankzij de mogelijkheid om grote, beglaasde of paneelconstructies te cre\u00ebren, past dit systeem perfect in moderne architectuurtrends. Deurvarianten bieden een breed scala aan ontwerpmogelijkheden, zowel in particuliere woningen als in commerci\u00eble gebouwen.<\/p>\n<p>&nbsp;<\/p>\n<h3>Doordacht ontwerp en functionaliteit<\/h3>\n<p class=\"translation-block\">MasterLine 8 draaideuren bieden een brede personalisatie, waardoor u vulling, kleur en beslag kunt kiezen op maat van uw individuele behoeften. In de standaarduitvoering kunt u kiezen voor paneel- of glasvulling. Bij de <strong style=\"font-size: 16px\">Pivot XL<\/strong> <span style=\"font-size: 16px\">-variant<\/span> <span style=\"font-size: 16px\">is het gebruik van uitsluitend glasvulling mogelijk, waardoor een opvallende, moderne beglazing ontstaat.<\/span><\/p>\n<p class=\"translation-block\">Dankzij het rijke RAL-kleurenpalet en diverse afwerkingen (mat, satijn, structuur, anode, houtachtig) passen MasterLine 8 Pivot deuren harmonieus in elke bouwstijl. Een extra element dat de esthetiek van de deur benadrukt zijn handgrepen. Afhankelijk van de uitvoering kun je kiezen uit verschillende modellen, waaronder <strong>Vierkant<\/strong> , <strong>Fin<\/strong> , <strong>Haak<\/strong> en ronde handgrepen. Bij Pivot XL is een haakhandgreep of een cassette gemonteerd in het verstevigingsprofiel leverbaar.<\/p>\n<p>&nbsp;<\/p>\n<h3>Hoge kwaliteit en veiligheid<\/h3>\n<p>Het MasterLine 8 Pivot-systeem biedt uitstekende isolerende eigenschappen en een hoge dichtheid, waardoor het een ideale keuze is voor mensen die op zoek zijn naar duurzaamheid en energie-effici\u00ebntie. Daarnaast kunnen deze deuren voorzien worden van anti-inbraakbeveiliging en ge\u00efntegreerd worden met domoticasystemen. Functies zoals openen via code of vingerscan verhogen het comfort en de gebruiksveiligheid.<\/p>\n<p>&nbsp;<\/p>\n<h3>Afmetingen en duurzaamheid<\/h3>\n<p>Draaideuren onderscheiden zich door de mogelijkheid om grote, massieve constructies te implementeren:<\/p>\n<p><strong>Min. bladhoogte:<\/strong> 2000 mm<br \/>\n<strong>Max. vleugelhoogte:<\/strong> 4000 mm<br \/>\n<strong>Min. bladbreedte:<\/strong> 1150 mm<br \/>\n<strong>Max. bladbreedte:<\/strong> 2500 mm<br \/>\n<strong>Max. bladgewicht:<\/strong> 500 kg<br \/>\n<strong>Max. glasgewicht:<\/strong> 1200 kg<\/p>\n<p>Met deze indrukwekkende parameters kunt u deuren ontwerpen met een uitzonderlijke esthetiek en functionaliteit die zowel duurzaam als elegant zijn.<\/p>\n<p>&nbsp;<\/p>\n<p><img fetchpriority=\"high\" decoding=\"async\" class=\"alignnone wp-image-5018\" src=\"https:\/\/bertrand.pl\/wp-content\/uploads\/2023\/12\/3b6807de1eae21c576670c9837881ac5-1-scaled.webp\" alt=\"\" width=\"652\" height=\"382\" srcset=\"https:\/\/bertrand.pl\/wp-content\/uploads\/2023\/12\/3b6807de1eae21c576670c9837881ac5-1-scaled.webp 2560w, https:\/\/bertrand.pl\/wp-content\/uploads\/2023\/12\/3b6807de1eae21c576670c9837881ac5-1-420x246.webp 420w, https:\/\/bertrand.pl\/wp-content\/uploads\/2023\/12\/3b6807de1eae21c576670c9837881ac5-1-1360x797.webp 1360w, https:\/\/bertrand.pl\/wp-content\/uploads\/2023\/12\/3b6807de1eae21c576670c9837881ac5-1-768x450.webp 768w, https:\/\/bertrand.pl\/wp-content\/uploads\/2023\/12\/3b6807de1eae21c576670c9837881ac5-1-1536x901.webp 1536w, https:\/\/bertrand.pl\/wp-content\/uploads\/2023\/12\/3b6807de1eae21c576670c9837881ac5-1-2048x1201.webp 2048w, https:\/\/bertrand.pl\/wp-content\/uploads\/2023\/12\/3b6807de1eae21c576670c9837881ac5-1-18x12.webp 18w, https:\/\/bertrand.pl\/wp-content\/uploads\/2023\/12\/3b6807de1eae21c576670c9837881ac5-1-600x352.webp 600w\" sizes=\"(max-width: 652px) 100vw, 652px\" \/><\/p>\n<p>&nbsp;<\/p>\n<div class=\"specifications__right\">\n<div class=\"specifications__property\">\n<h3>Draaideuren als alternatief voor terrasdeuren<\/h3>\n<p>Het MasterLine 8 Pivot systeem is niet alleen een voordeur, maar ook een uitstekend alternatief voor traditionele schuif- of openslaande terrasdeuren. Dankzij de mogelijkheid om sets draaideuren te maken, kunt u unieke ontwerpen implementeren die zich zowel qua functionaliteit als qua uiterlijk onderscheiden.<\/p>\n<p>&nbsp;<\/p>\n<h3>Voordelen MasterLine 8 Draaideuren:<\/h3>\n<ol>\n<li class=\"translation-block\"><strong>Modern design:<\/strong> perfecte oplossing voor moderne gebouwen en projecten.<\/li>\n<li class=\"translation-block\"><strong>Personalisatie:<\/strong> Ruime keuze aan kleuren, afwerkingen en accessoires.<\/li>\n<li class=\"translation-block\"><strong>Functionaliteit:<\/strong> Integratie met domotica en openingsmogelijkheden met code of vingerscan.<\/li>\n<li class=\"translation-block\"><strong>Perfecte isolatie:<\/strong> hoge dichtheids- en thermische isolatieparameters.<\/li>\n<li class=\"translation-block\"><strong>Beveiliging:<\/strong> Optionele antidiefstalbeveiliging.<\/li>\n<li class=\"translation-block\"><strong>Veelzijdigheid:<\/strong> kan worden gebruikt als entree-, glas- of terrasdeur.<\/li>\n<\/ol>\n<h3><\/h3>\n<p>De MasterLine 8 Draaideur is een innovatieve oplossing voor veeleisende gebruikers die waarde hechten aan functionaliteit, veiligheid en modern design. Dankzij de ruime personalisatiemogelijkheden en indrukwekkende afmetingen zullen deze deuren voldoen aan de verwachtingen van zelfs de meest veeleisende klanten.<\/p>\n<p>&nbsp;<\/p>\n<\/div>\n<h4><strong><a href=\"https:\/\/bertrand.pl\/nl\/kolorystyka-okien-i-drzwi\/\">Kleuren van ramen en deuren<\/a><\/strong><\/h4>\n<div class=\"specifications__property\">\n<p>&nbsp;<\/p>\n<\/div>\n<\/div>","protected":false},"excerpt":{"rendered":"<p><strong>UNIEKE ENTREEDEUREN<\/strong><\/p>\n<p>Het MasterLine Bertrand draaideursysteem is een unieke benadering van voordeuren. Hiermee kunt u zeer grote structuren cre\u00ebren, geglazuurd of met paneelvulling. Binnen het systeem zijn meerdere uitvoeringen beschikbaar, waaronder de MasterLine Pivot XL glazen deur. Met het systeem kunt u ook sets draaideuren cre\u00ebren, wat een interessant alternatief kan zijn voor schuif- of vouwdeuren.<\/p>","protected":false},"featured_media":4731,"template":"","meta":{"site-sidebar-layout":"default","site-content-layout":"","ast-site-content-layout":"default","site-content-style":"default","site-sidebar-style":"default","ast-global-header-display":"","ast-banner-title-visibility":"","ast-main-header-display":"","ast-hfb-above-header-display":"","ast-hfb-below-header-display":"","ast-hfb-mobile-header-display":"","site-post-title":"","ast-breadcrumbs-content":"","ast-featured-img":"","footer-sml-layout":"","ast-disable-related-posts":"","theme-transparent-header-meta":"default","adv-header-id-meta":"","stick-header-meta":"","header-above-stick-meta":"","header-main-stick-meta":"","header-below-stick-meta":"","astra-migrate-meta-layouts":"set","ast-page-background-enabled":"default","ast-page-background-meta":{"desktop":{"background-color":"var(--ast-global-color-4)","background-image":"","background-repeat":"repeat","background-position":"center center","background-size":"auto","background-attachment":"scroll","background-type":"","background-media":"","overlay-type":"","overlay-color":"","overlay-opacity":"","overlay-gradient":""},"tablet":{"background-color":"","background-image":"","background-repeat":"repeat","background-position":"center center","background-size":"auto","background-attachment":"scroll","background-type":"","background-media":"","overlay-type":"","overlay-color":"","overlay-opacity":"","overlay-gradient":""},"mobile":{"background-color":"","background-image":"","background-repeat":"repeat","background-position":"center center","background-size":"auto","background-attachment":"scroll","background-type":"","background-media":"","overlay-type":"","overlay-color":"","overlay-opacity":"","overlay-gradient":""}},"ast-content-background-meta":{"desktop":{"background-color":"var(--ast-global-color-5)","background-image":"","background-repeat":"repeat","background-position":"center center","background-size":"auto","background-attachment":"scroll","background-type":"","background-media":"","overlay-type":"","overlay-color":"","overlay-opacity":"","overlay-gradient":""},"tablet":{"background-color":"var(--ast-global-color-5)","background-image":"","background-repeat":"repeat","background-position":"center center","background-size":"auto","background-attachment":"scroll","background-type":"","background-media":"","overlay-type":"","overlay-color":"","overlay-opacity":"","overlay-gradient":""},"mobile":{"background-color":"var(--ast-global-color-5)","background-image":"","background-repeat":"repeat","background-position":"center center","background-size":"auto","background-attachment":"scroll","background-type":"","background-media":"","overlay-type":"","overlay-color":"","overlay-opacity":"","overlay-gradient":""}}},"product_brand":[],"product_cat":[40],"product_tag":[425,168,360,326,367,339,377,378,414,345,343,333,346,408,407,389,398,405,361,366,392,169,416,362,406,390],"class_list":{"0":"post-1028","1":"product","2":"type-product","3":"status-publish","4":"has-post-thumbnail","6":"product_cat-drzwi-pivot","7":"product_tag-automatyka","8":"product_tag-bertrand","9":"product_tag-bezpieczenstwo","10":"product_tag-budowa-domu","11":"product_tag-budownictwo","12":"product_tag-design","13":"product_tag-dobre-drzwi","14":"product_tag-doors","15":"product_tag-doskonala-izolacja-termiczna","16":"product_tag-drzwi-balkonowe","17":"product_tag-drzwi-do-domu","18":"product_tag-drzwi-przesuwne","19":"product_tag-duze-przestrzenie","20":"product_tag-duze-przeszklenia","21":"product_tag-duzo-swiatla","22":"product_tag-izolacja-akustyczna","23":"product_tag-izolacja-cieplna","24":"product_tag-izolacja-termiczna","25":"product_tag-jakosc","26":"product_tag-komfort","27":"product_tag-otwarta-przestrzen","28":"product_tag-produkt","29":"product_tag-przestrzen","30":"product_tag-quality","31":"product_tag-swiatlo","32":"product_tag-szczelnosc","33":"desktop-align-left","34":"tablet-align-left","35":"mobile-align-left","37":"first","38":"instock","39":"shipping-taxable","40":"product-type-simple"},"yoast_head":"<!-- This site is optimized with the Yoast SEO Premium plugin v27.2 (Yoast SEO v27.2) - https:\/\/yoast.com\/product\/yoast-seo-premium-wordpress\/ -->\n<title>Masterline 8 Pivot - Bertrand. Najwy\u017cszej jako\u015bci okna i drzwi. Certyfikowany producent od 1969 roku.<\/title>\n<meta name=\"description\" content=\"MasterLine 8 Pivot \u2013 nowoczesne drzwi obrotowe. Doskona\u0142a izolacja, personalizacja i integracja z automatyk\u0105. Idealne do nowoczesnych projekt\u00f3w.\" \/>\n<meta name=\"robots\" content=\"index, follow, max-snippet:-1, max-image-preview:large, max-video-preview:-1\" \/>\n<link rel=\"canonical\" href=\"https:\/\/bertrand.pl\/nl\/product-2\/masterline-8-pivot\/\" \/>\n<meta property=\"og:locale\" content=\"nl_NL\" \/>\n<meta property=\"og:type\" content=\"article\" \/>\n<meta property=\"og:title\" content=\"Masterline 8 Pivot\" \/>\n<meta property=\"og:description\" content=\"MasterLine 8 Pivot \u2013 nowoczesne drzwi obrotowe. Doskona\u0142a izolacja, personalizacja i integracja z automatyk\u0105. Idealne do nowoczesnych projekt\u00f3w.\" \/>\n<meta property=\"og:url\" content=\"https:\/\/bertrand.pl\/nl\/product-2\/masterline-8-pivot\/\" \/>\n<meta property=\"og:site_name\" content=\"Bertrand. Najwy\u017cszej jako\u015bci okna i drzwi. Certyfikowany producent od 1969 roku.\" \/>\n<meta property=\"article:publisher\" content=\"https:\/\/www.facebook.com\/bertrandpolska\/\" \/>\n<meta property=\"article:modified_time\" content=\"2025-01-07T11:28:32+00:00\" \/>\n<meta property=\"og:image\" content=\"https:\/\/bertrand.pl\/wp-content\/uploads\/2024\/08\/MasterLine-8-Residential-Pivot-Door-panel-full-element-scaled.jpg\" \/>\n\t<meta property=\"og:image:width\" content=\"2011\" \/>\n\t<meta property=\"og:image:height\" content=\"2560\" \/>\n\t<meta property=\"og:image:type\" content=\"image\/jpeg\" \/>\n<meta name=\"twitter:card\" content=\"summary_large_image\" \/>\n<meta name=\"twitter:label1\" content=\"Geschatte leestijd\" \/>\n\t<meta name=\"twitter:data1\" content=\"3 minuten\" \/>\n<script type=\"application\/ld+json\" class=\"yoast-schema-graph\">{\"@context\":\"https:\/\/schema.org\",\"@graph\":[{\"@type\":\"WebPage\",\"@id\":\"https:\/\/bertrand.pl\/produkt\/masterline-8-pivot\/\",\"url\":\"https:\/\/bertrand.pl\/produkt\/masterline-8-pivot\/\",\"name\":\"Masterline 8 Pivot - Bertrand. Najwy\u017cszej jako\u015bci okna i drzwi. Certyfikowany producent od 1969 roku.\",\"isPartOf\":{\"@id\":\"https:\/\/bertrand.pl\/#website\"},\"primaryImageOfPage\":{\"@id\":\"https:\/\/bertrand.pl\/produkt\/masterline-8-pivot\/#primaryimage\"},\"image\":{\"@id\":\"https:\/\/bertrand.pl\/produkt\/masterline-8-pivot\/#primaryimage\"},\"thumbnailUrl\":\"https:\/\/bertrand.pl\/wp-content\/uploads\/2024\/08\/MasterLine-8-Residential-Pivot-Door-panel-full-element-scaled.jpg\",\"datePublished\":\"2023-12-13T09:23:59+00:00\",\"dateModified\":\"2025-01-07T11:28:32+00:00\",\"description\":\"MasterLine 8 Pivot \u2013 nowoczesne drzwi obrotowe. Doskona\u0142a izolacja, personalizacja i integracja z automatyk\u0105. Idealne do nowoczesnych projekt\u00f3w.\",\"breadcrumb\":{\"@id\":\"https:\/\/bertrand.pl\/produkt\/masterline-8-pivot\/#breadcrumb\"},\"inLanguage\":\"nl-NL\",\"potentialAction\":[{\"@type\":\"ReadAction\",\"target\":[\"https:\/\/bertrand.pl\/produkt\/masterline-8-pivot\/\"]}]},{\"@type\":\"ImageObject\",\"inLanguage\":\"nl-NL\",\"@id\":\"https:\/\/bertrand.pl\/produkt\/masterline-8-pivot\/#primaryimage\",\"url\":\"https:\/\/bertrand.pl\/wp-content\/uploads\/2024\/08\/MasterLine-8-Residential-Pivot-Door-panel-full-element-scaled.jpg\",\"contentUrl\":\"https:\/\/bertrand.pl\/wp-content\/uploads\/2024\/08\/MasterLine-8-Residential-Pivot-Door-panel-full-element-scaled.jpg\",\"width\":2011,\"height\":2560},{\"@type\":\"BreadcrumbList\",\"@id\":\"https:\/\/bertrand.pl\/produkt\/masterline-8-pivot\/#breadcrumb\",\"itemListElement\":[{\"@type\":\"ListItem\",\"position\":1,\"name\":\"Strona g\u0142\u00f3wna\",\"item\":\"https:\/\/bertrand.pl\/\"},{\"@type\":\"ListItem\",\"position\":2,\"name\":\"Produits\",\"item\":\"https:\/\/bertrand.pl\/fr\/shop\/\"},{\"@type\":\"ListItem\",\"position\":3,\"name\":\"Masterline 8 Pivot\"}]},{\"@type\":\"WebSite\",\"@id\":\"https:\/\/bertrand.pl\/#website\",\"url\":\"https:\/\/bertrand.pl\/\",\"name\":\"Bertrand.pl\",\"description\":\"Firma Bertrand to certyfikowany i uznany producent najwy\u017cszej jako\u015bci okien z PVC, z drewna lub aluminium. Produkcja drzwi, rolet i bram gara\u017cowych.\",\"publisher\":{\"@id\":\"https:\/\/bertrand.pl\/#organization\"},\"potentialAction\":[{\"@type\":\"SearchAction\",\"target\":{\"@type\":\"EntryPoint\",\"urlTemplate\":\"https:\/\/bertrand.pl\/?s={search_term_string}\"},\"query-input\":{\"@type\":\"PropertyValueSpecification\",\"valueRequired\":true,\"valueName\":\"search_term_string\"}}],\"inLanguage\":\"nl-NL\"},{\"@type\":\"Organization\",\"@id\":\"https:\/\/bertrand.pl\/#organization\",\"name\":\"Bertrand.pl\",\"url\":\"https:\/\/bertrand.pl\/\",\"logo\":{\"@type\":\"ImageObject\",\"inLanguage\":\"nl-NL\",\"@id\":\"https:\/\/bertrand.pl\/#\/schema\/logo\/image\/\",\"url\":\"https:\/\/bertrand.pl\/wp-content\/uploads\/2024\/12\/logo_BB_TM_PL_black.png\",\"contentUrl\":\"https:\/\/bertrand.pl\/wp-content\/uploads\/2024\/12\/logo_BB_TM_PL_black.png\",\"width\":1831,\"height\":1831,\"caption\":\"Bertrand.pl\"},\"image\":{\"@id\":\"https:\/\/bertrand.pl\/#\/schema\/logo\/image\/\"},\"sameAs\":[\"https:\/\/www.facebook.com\/bertrandpolska\/\",\"https:\/\/www.instagram.com\/bertrand_okna_i_drzwi\/\",\"https:\/\/www.linkedin.com\/company\/bertrand\/\",\"https:\/\/www.tiktok.com\/@bertrand_okna_drzwi\"]}]}<\/script>\n<!-- \/ Yoast SEO Premium plugin. -->","yoast_head_json":{"title":"Masterline 8 Pivot - Bertrand. Najwy\u017cszej jako\u015bci okna i drzwi. Certyfikowany producent od 1969 roku.","description":"MasterLine 8 Pivot \u2013 moderne draaideuren. Perfecte isolatie, personalisatie en integratie met automatisering. Ideaal voor moderne projecten.","robots":{"index":"index","follow":"follow","max-snippet":"max-snippet:-1","max-image-preview":"max-image-preview:large","max-video-preview":"max-video-preview:-1"},"canonical":"https:\/\/bertrand.pl\/nl\/product-2\/masterline-8-pivot\/","og_locale":"nl_NL","og_type":"article","og_title":"Masterline 8 Pivot","og_description":"MasterLine 8 Pivot \u2013 nowoczesne drzwi obrotowe. Doskona\u0142a izolacja, personalizacja i integracja z automatyk\u0105. Idealne do nowoczesnych projekt\u00f3w.","og_url":"https:\/\/bertrand.pl\/nl\/product-2\/masterline-8-pivot\/","og_site_name":"Bertrand. Najwy\u017cszej jako\u015bci okna i drzwi. Certyfikowany producent od 1969 roku.","article_publisher":"https:\/\/www.facebook.com\/bertrandpolska\/","article_modified_time":"2025-01-07T11:28:32+00:00","og_image":[{"width":2011,"height":2560,"url":"https:\/\/bertrand.pl\/wp-content\/uploads\/2024\/08\/MasterLine-8-Residential-Pivot-Door-panel-full-element-scaled.jpg","type":"image\/jpeg"}],"twitter_card":"summary_large_image","twitter_misc":{"Geschatte leestijd":"3 minuten"},"schema":{"@context":"https:\/\/schema.org","@graph":[{"@type":"WebPage","@id":"https:\/\/bertrand.pl\/produkt\/masterline-8-pivot\/","url":"https:\/\/bertrand.pl\/produkt\/masterline-8-pivot\/","name":"Masterline 8 Pivot - Bertrand. Najwy\u017cszej jako\u015bci okna i drzwi. Certyfikowany producent od 1969 roku.","isPartOf":{"@id":"https:\/\/bertrand.pl\/#website"},"primaryImageOfPage":{"@id":"https:\/\/bertrand.pl\/produkt\/masterline-8-pivot\/#primaryimage"},"image":{"@id":"https:\/\/bertrand.pl\/produkt\/masterline-8-pivot\/#primaryimage"},"thumbnailUrl":"https:\/\/bertrand.pl\/wp-content\/uploads\/2024\/08\/MasterLine-8-Residential-Pivot-Door-panel-full-element-scaled.jpg","datePublished":"2023-12-13T09:23:59+00:00","dateModified":"2025-01-07T11:28:32+00:00","description":"MasterLine 8 Pivot \u2013 moderne draaideuren. Perfecte isolatie, personalisatie en integratie met automatisering. Ideaal voor moderne projecten.","breadcrumb":{"@id":"https:\/\/bertrand.pl\/produkt\/masterline-8-pivot\/#breadcrumb"},"inLanguage":"nl-NL","potentialAction":[{"@type":"ReadAction","target":["https:\/\/bertrand.pl\/produkt\/masterline-8-pivot\/"]}]},{"@type":"ImageObject","inLanguage":"nl-NL","@id":"https:\/\/bertrand.pl\/produkt\/masterline-8-pivot\/#primaryimage","url":"https:\/\/bertrand.pl\/wp-content\/uploads\/2024\/08\/MasterLine-8-Residential-Pivot-Door-panel-full-element-scaled.jpg","contentUrl":"https:\/\/bertrand.pl\/wp-content\/uploads\/2024\/08\/MasterLine-8-Residential-Pivot-Door-panel-full-element-scaled.jpg","width":2011,"height":2560},{"@type":"BreadcrumbList","@id":"https:\/\/bertrand.pl\/produkt\/masterline-8-pivot\/#breadcrumb","itemListElement":[{"@type":"ListItem","position":1,"name":"Strona g\u0142\u00f3wna","item":"https:\/\/bertrand.pl\/"},{"@type":"ListItem","position":2,"name":"Produits","item":"https:\/\/bertrand.pl\/fr\/shop\/"},{"@type":"ListItem","position":3,"name":"Masterline 8 Pivot"}]},{"@type":"WebSite","@id":"https:\/\/bertrand.pl\/#website","url":"https:\/\/bertrand.pl\/","name":"Bertrand.pl","description":"Firma Bertrand to certyfikowany i uznany producent najwy\u017cszej jako\u015bci okien z PVC, z drewna lub aluminium. Produkcja drzwi, rolet i bram gara\u017cowych.","publisher":{"@id":"https:\/\/bertrand.pl\/#organization"},"potentialAction":[{"@type":"SearchAction","target":{"@type":"EntryPoint","urlTemplate":"https:\/\/bertrand.pl\/?s={search_term_string}"},"query-input":{"@type":"PropertyValueSpecification","valueRequired":true,"valueName":"search_term_string"}}],"inLanguage":"nl-NL"},{"@type":"Organization","@id":"https:\/\/bertrand.pl\/#organization","name":"Bertrand.pl","url":"https:\/\/bertrand.pl\/","logo":{"@type":"ImageObject","inLanguage":"nl-NL","@id":"https:\/\/bertrand.pl\/#\/schema\/logo\/image\/","url":"https:\/\/bertrand.pl\/wp-content\/uploads\/2024\/12\/logo_BB_TM_PL_black.png","contentUrl":"https:\/\/bertrand.pl\/wp-content\/uploads\/2024\/12\/logo_BB_TM_PL_black.png","width":1831,"height":1831,"caption":"Bertrand.pl"},"image":{"@id":"https:\/\/bertrand.pl\/#\/schema\/logo\/image\/"},"sameAs":["https:\/\/www.facebook.com\/bertrandpolska\/","https:\/\/www.instagram.com\/bertrand_okna_i_drzwi\/","https:\/\/www.linkedin.com\/company\/bertrand\/","https:\/\/www.tiktok.com\/@bertrand_okna_drzwi"]}]}},"_links":{"self":[{"href":"https:\/\/bertrand.pl\/nl\/wp-json\/wp\/v2\/product\/1028","targetHints":{"allow":["GET"]}}],"collection":[{"href":"https:\/\/bertrand.pl\/nl\/wp-json\/wp\/v2\/product"}],"about":[{"href":"https:\/\/bertrand.pl\/nl\/wp-json\/wp\/v2\/types\/product"}],"wp:featuredmedia":[{"embeddable":true,"href":"https:\/\/bertrand.pl\/nl\/wp-json\/wp\/v2\/media\/4731"}],"wp:attachment":[{"href":"https:\/\/bertrand.pl\/nl\/wp-json\/wp\/v2\/media?parent=1028"}],"wp:term":[{"taxonomy":"product_brand","embeddable":true,"href":"https:\/\/bertrand.pl\/nl\/wp-json\/wp\/v2\/product_brand?post=1028"},{"taxonomy":"product_cat","embeddable":true,"href":"https:\/\/bertrand.pl\/nl\/wp-json\/wp\/v2\/product_cat?post=1028"},{"taxonomy":"product_tag","embeddable":true,"href":"https:\/\/bertrand.pl\/nl\/wp-json\/wp\/v2\/product_tag?post=1028"}],"curies":[{"name":"wp","href":"https:\/\/api.w.org\/{rel}","templated":true}]}}