{"id":1030,"date":"2023-12-13T11:11:19","date_gmt":"2023-12-13T10:11:19","guid":{"rendered":"https:\/\/bertrand.pl\/?post_type=product&#038;p=1030"},"modified":"2024-12-13T14:16:22","modified_gmt":"2024-12-13T13:16:22","slug":"sectionale-garagedeuren","status":"publish","type":"product","link":"https:\/\/bertrand.pl\/nl\/produkt\/bramy-garazowe-segmentowe\/","title":{"rendered":"SECTIONELE GARAGEDEUREN"},"content":{"rendered":"<p>Sectionale deuren <strong>Bertrand<\/strong> is een combinatie van het hoogste niveau van veiligheid, gebruiksgemak en esthetisch design. Dankzij voortdurende verbeteringen voldoen onze producten daarom aan de meest veeleisende gebruikersverwachtingen, bieden ze een betrouwbare werking en voldoen ze aan moderne normen.<\/p>\n<p>&nbsp;<\/p>\n<h3>Dagelijkse veiligheid<\/h3>\n<p>Onze sectionaaldeuren zijn ontworpen met maximale gebruikersveiligheid in gedachten. In elke poort plaatsen wij een extra beveiliging die voorkomt dat de poort valt bij een voorjaarsbreuk. Hierdoor weet u zeker dat de poort veilig en betrouwbaar werkt.<\/p>\n<p>De poortaandrijvingen zijn voorzien van een overbelastingsschakelaar die de poort bij weerstand ongeveer 10 cm omhoog brengt. U kunt uw poort ook uitrusten met <strong>fotocellen<\/strong>, die voorkomen dat de poort sluit als er een obstakel op zijn pad staat. Extra afdekkingen op de rollen beschermen de vingers en garanderen de veiligheid van alle gebruikers, inclusief kinderen. De deurpanelen zijn speciaal ontworpen om het risico op beknelling te elimineren.<\/p>\n<p>&nbsp;<\/p>\n<p>&nbsp;<\/p>\n<figure id=\"attachment_1048\" aria-describedby=\"caption-attachment-1048\" style=\"width: 600px\" class=\"wp-caption aligncenter\"><img fetchpriority=\"high\" decoding=\"async\" class=\"wp-image-1048 size-full\" src=\"https:\/\/bertrand.pl\/wp-content\/uploads\/2023\/12\/bezpieczne_panele.jpg\" alt=\"\" width=\"600\" height=\"300\" srcset=\"https:\/\/bertrand.pl\/wp-content\/uploads\/2023\/12\/bezpieczne_panele.jpg 600w, https:\/\/bertrand.pl\/wp-content\/uploads\/2023\/12\/bezpieczne_panele-420x210.jpg 420w\" sizes=\"(max-width: 600px) 100vw, 600px\" \/><figcaption id=\"caption-attachment-1048\" class=\"wp-caption-text\">Veilige panelen<\/figcaption><\/figure>\n<figure id=\"attachment_1049\" aria-describedby=\"caption-attachment-1049\" style=\"width: 600px\" class=\"wp-caption aligncenter\"><img decoding=\"async\" class=\"wp-image-1049 size-full\" src=\"https:\/\/bertrand.pl\/wp-content\/uploads\/2023\/12\/fotokomorka.jpg\" alt=\"\" width=\"600\" height=\"300\" srcset=\"https:\/\/bertrand.pl\/wp-content\/uploads\/2023\/12\/fotokomorka.jpg 600w, https:\/\/bertrand.pl\/wp-content\/uploads\/2023\/12\/fotokomorka-420x210.jpg 420w\" sizes=\"(max-width: 600px) 100vw, 600px\" \/><figcaption id=\"caption-attachment-1049\" class=\"wp-caption-text\">Fotocel<\/figcaption><\/figure>\n<h3><\/h3>\n<h3>Comfortabele bediening<\/h3>\n<p>Het comfort van het gebruik van Bertrand sectionaaldeuren is het resultaat van het gebruik van de beste automatisering en doordachte oplossingen. Mechanismen van gerenommeerde fabrikanten garanderen een eenvoudige bediening en betrouwbaarheid. Gateways kunnen worden ge\u00efntegreerd met systemen <strong>slim huis<\/strong> of alarminstallaties, wat de functionaliteit bovendien vergroot.<\/p>\n<ul>\n<li><strong>Rollen met kogellagers<\/strong> en het minimale aantal aansluitingen op de geleidingen zorgen voor een stille en soepele werking van de poort.<\/li>\n<li>Elke poort kan eenvoudig met \u00e9\u00e9n hand worden geopend dankzij twee torsieveren die voor een optimale balans zorgen.<\/li>\n<li>Poortautomatisering maakt een intu\u00eftieve bediening mogelijk, wat het dagelijks gebruik nog comfortabeler maakt.<\/li>\n<\/ul>\n<p>&nbsp;<\/p>\n<figure id=\"attachment_1051\" aria-describedby=\"caption-attachment-1051\" style=\"width: 600px\" class=\"wp-caption aligncenter\"><img decoding=\"async\" class=\"wp-image-1051 size-full\" src=\"https:\/\/bertrand.pl\/wp-content\/uploads\/2023\/12\/rolka.png\" alt=\"\" width=\"600\" height=\"300\" srcset=\"https:\/\/bertrand.pl\/wp-content\/uploads\/2023\/12\/rolka.png 600w, https:\/\/bertrand.pl\/wp-content\/uploads\/2023\/12\/rolka-420x210.png 420w\" sizes=\"(max-width: 600px) 100vw, 600px\" \/><figcaption id=\"caption-attachment-1051\" class=\"wp-caption-text\">Kogelgelagerde rollen met deksel<\/figcaption><\/figure>\n<p>&nbsp;<\/p>\n<figure id=\"attachment_1052\" aria-describedby=\"caption-attachment-1052\" style=\"width: 719px\" class=\"wp-caption aligncenter\"><img loading=\"lazy\" decoding=\"async\" class=\"wp-image-1052 size-full\" src=\"https:\/\/bertrand.pl\/wp-content\/uploads\/2023\/12\/naped1.png\" alt=\"\" width=\"719\" height=\"360\" srcset=\"https:\/\/bertrand.pl\/wp-content\/uploads\/2023\/12\/naped1.png 719w, https:\/\/bertrand.pl\/wp-content\/uploads\/2023\/12\/naped1-420x210.png 420w, https:\/\/bertrand.pl\/wp-content\/uploads\/2023\/12\/naped1-600x300.png 600w\" sizes=\"(max-width: 719px) 100vw, 719px\" \/><figcaption id=\"caption-attachment-1052\" class=\"wp-caption-text\">Automatisering<\/figcaption><\/figure>\n<h3>Breed scala aan kleuren<\/h3>\n<p>Bertrand sectionaaldeuren zijn verkrijgbaar in meer dan <strong>200 RAL-kleuren<\/strong> en enkele tientallen fineren, waardoor een perfecte afstemming mogelijk is met de gevel van het gebouw en andere schrijnwerkelementen. Dankzij deze diversiteit kunt u de uitstraling van de poort aanpassen aan de individuele stijl van uw woning.<\/p>\n<p>&nbsp;<\/p>\n<h4><strong><a href=\"https:\/\/bertrand.pl\/nl\/kolorystyka-okien-i-drzwi\/\">Kleuren van ramen en deuren<\/a><\/strong><\/h4>\n<p>&nbsp;<\/p>\n<p><img loading=\"lazy\" decoding=\"async\" class=\"aligncenter wp-image-1062 size-full\" src=\"https:\/\/bertrand.pl\/wp-content\/uploads\/2023\/12\/wzornik_oklein_i_ral.jpg\" alt=\"\" width=\"800\" height=\"300\" srcset=\"https:\/\/bertrand.pl\/wp-content\/uploads\/2023\/12\/wzornik_oklein_i_ral.jpg 800w, https:\/\/bertrand.pl\/wp-content\/uploads\/2023\/12\/wzornik_oklein_i_ral-420x158.jpg 420w, https:\/\/bertrand.pl\/wp-content\/uploads\/2023\/12\/wzornik_oklein_i_ral-768x288.jpg 768w, https:\/\/bertrand.pl\/wp-content\/uploads\/2023\/12\/wzornik_oklein_i_ral-600x225.jpg 600w\" sizes=\"(max-width: 800px) 100vw, 800px\" \/><\/p>\n<p>&nbsp;<\/p>\n<h3>Belangrijkste voordelen van Bertrand sectionaaldeuren:<\/h3>\n<ol>\n<li><strong>Beveiliging:<\/strong> Valbeveiliging, fotocellen en rolafdekkingen.<\/li>\n<li><strong>Comfort:<\/strong> Stille, soepele werking en eenvoudige bediening dankzij de beste mechanismen.<\/li>\n<li><strong>Automatisering:<\/strong> Integratie met smart home systemen en alarminstallaties.<\/li>\n<li><strong>Weerstand:<\/strong> Balanceren met twee veren zorgt voor duurzaamheid en eenvoudig gebruik.<\/li>\n<li><strong>Esthetiek:<\/strong> Een breed scala aan kleuren en fineersoorten voor volledige personalisatie.<\/li>\n<\/ol>\n<p>&nbsp;<\/p>\n<p>Sectionale deuren <strong>Bertrand<\/strong> is een garantie voor veiligheid, comfort en esthetiek. Dankzij geavanceerde technologie\u00ebn en een breed kleurenpalet zijn ze een ideale keuze voor veeleisende klanten die op zoek zijn naar duurzame en functionele oplossingen voor hun huis.<\/p>","protected":false},"excerpt":{"rendered":"<p><strong>FUNCTIONEEL, SOLID, VEILIG<\/strong><\/p>\n<p>De manier waarop ze werken maakt het mogelijk om maximale ruimte te verkrijgen voor de auto die in de garage en op de oprit geparkeerd staat. Dankzij vrijwel onbeperkte afwerkingsmogelijkheden kunt u innovatieve en unieke oplossingen cre\u00ebren. Sectionaaldeuren kunnen worden aangepast aan verschillende soorten garages en ingangsbreedtes \u2013 ook aan dubbele garages. De hoge afwerkingsstandaard garandeert comfort, veiligheid en gebruiksgemak en een uitstekende thermische isolatie.<\/p>\n<p>&nbsp;<\/p>","protected":false},"featured_media":1039,"template":"","meta":{"site-sidebar-layout":"default","site-content-layout":"","ast-site-content-layout":"default","site-content-style":"default","site-sidebar-style":"default","ast-global-header-display":"","ast-banner-title-visibility":"","ast-main-header-display":"","ast-hfb-above-header-display":"","ast-hfb-below-header-display":"","ast-hfb-mobile-header-display":"","site-post-title":"","ast-breadcrumbs-content":"","ast-featured-img":"","footer-sml-layout":"","ast-disable-related-posts":"","theme-transparent-header-meta":"default","adv-header-id-meta":"","stick-header-meta":"","header-above-stick-meta":"","header-main-stick-meta":"","header-below-stick-meta":"","astra-migrate-meta-layouts":"set","ast-page-background-enabled":"default","ast-page-background-meta":{"desktop":{"background-color":"var(--ast-global-color-4)","background-image":"","background-repeat":"repeat","background-position":"center center","background-size":"auto","background-attachment":"scroll","background-type":"","background-media":"","overlay-type":"","overlay-color":"","overlay-opacity":"","overlay-gradient":""},"tablet":{"background-color":"","background-image":"","background-repeat":"repeat","background-position":"center center","background-size":"auto","background-attachment":"scroll","background-type":"","background-media":"","overlay-type":"","overlay-color":"","overlay-opacity":"","overlay-gradient":""},"mobile":{"background-color":"","background-image":"","background-repeat":"repeat","background-position":"center center","background-size":"auto","background-attachment":"scroll","background-type":"","background-media":"","overlay-type":"","overlay-color":"","overlay-opacity":"","overlay-gradient":""}},"ast-content-background-meta":{"desktop":{"background-color":"var(--ast-global-color-5)","background-image":"","background-repeat":"repeat","background-position":"center center","background-size":"auto","background-attachment":"scroll","background-type":"","background-media":"","overlay-type":"","overlay-color":"","overlay-opacity":"","overlay-gradient":""},"tablet":{"background-color":"var(--ast-global-color-5)","background-image":"","background-repeat":"repeat","background-position":"center center","background-size":"auto","background-attachment":"scroll","background-type":"","background-media":"","overlay-type":"","overlay-color":"","overlay-opacity":"","overlay-gradient":""},"mobile":{"background-color":"var(--ast-global-color-5)","background-image":"","background-repeat":"repeat","background-position":"center center","background-size":"auto","background-attachment":"scroll","background-type":"","background-media":"","overlay-type":"","overlay-color":"","overlay-opacity":"","overlay-gradient":""}}},"product_brand":[],"product_cat":[19],"product_tag":[],"class_list":{"0":"post-1030","1":"product","2":"type-product","3":"status-publish","4":"has-post-thumbnail","6":"product_cat-bramy-garazowe","7":"desktop-align-left","8":"tablet-align-left","9":"mobile-align-left","11":"first","12":"instock","13":"shipping-taxable","14":"product-type-simple"},"yoast_head":"<!-- This site is optimized with the Yoast SEO Premium plugin v27.2 (Yoast SEO v27.2) - https:\/\/yoast.com\/product\/yoast-seo-premium-wordpress\/ -->\n<title>BRAMY GARA\u017bOWE SEGMENTOWE - Bertrand. Najwy\u017cszej jako\u015bci okna i drzwi. Certyfikowany producent od 1969 roku.<\/title>\n<meta name=\"description\" content=\"Bramy segmentowe Bertrand \u2013 wygodna obs\u0142uga, cicha praca, fotokom\u00f3rki, wy\u0142\u0105cznik przeci\u0105\u017ceniowy. Ponad 200 kolor\u00f3w RAL. Idealne dla ka\u017cdego domu.\" \/>\n<meta name=\"robots\" content=\"index, follow, max-snippet:-1, max-image-preview:large, max-video-preview:-1\" \/>\n<link rel=\"canonical\" href=\"https:\/\/bertrand.pl\/nl\/product-2\/sectionale-garagedeuren\/\" \/>\n<meta property=\"og:locale\" content=\"nl_NL\" \/>\n<meta property=\"og:type\" content=\"article\" \/>\n<meta property=\"og:title\" content=\"BRAMY GARA\u017bOWE SEGMENTOWE\" \/>\n<meta property=\"og:description\" content=\"Bramy segmentowe Bertrand \u2013 wygodna obs\u0142uga, cicha praca, fotokom\u00f3rki, wy\u0142\u0105cznik przeci\u0105\u017ceniowy. Ponad 200 kolor\u00f3w RAL. Idealne dla ka\u017cdego domu.\" \/>\n<meta property=\"og:url\" content=\"https:\/\/bertrand.pl\/nl\/product-2\/sectionale-garagedeuren\/\" \/>\n<meta property=\"og:site_name\" content=\"Bertrand. Najwy\u017cszej jako\u015bci okna i drzwi. Certyfikowany producent od 1969 roku.\" \/>\n<meta property=\"article:publisher\" content=\"https:\/\/www.facebook.com\/bertrandpolska\/\" \/>\n<meta property=\"article:modified_time\" content=\"2024-12-13T13:16:22+00:00\" \/>\n<meta property=\"og:image\" content=\"https:\/\/bertrand.pl\/wp-content\/uploads\/2023\/12\/k2_rc-680x720-1.png\" \/>\n\t<meta property=\"og:image:width\" content=\"500\" \/>\n\t<meta property=\"og:image:height\" content=\"529\" \/>\n\t<meta property=\"og:image:type\" content=\"image\/png\" \/>\n<meta name=\"twitter:card\" content=\"summary_large_image\" \/>\n<meta name=\"twitter:label1\" content=\"Geschatte leestijd\" \/>\n\t<meta name=\"twitter:data1\" content=\"4 minuten\" \/>\n<script type=\"application\/ld+json\" class=\"yoast-schema-graph\">{\"@context\":\"https:\/\/schema.org\",\"@graph\":[{\"@type\":\"WebPage\",\"@id\":\"https:\/\/bertrand.pl\/produkt\/bramy-garazowe-segmentowe\/\",\"url\":\"https:\/\/bertrand.pl\/produkt\/bramy-garazowe-segmentowe\/\",\"name\":\"BRAMY GARA\u017bOWE SEGMENTOWE - Bertrand. Najwy\u017cszej jako\u015bci okna i drzwi. Certyfikowany producent od 1969 roku.\",\"isPartOf\":{\"@id\":\"https:\/\/bertrand.pl\/#website\"},\"primaryImageOfPage\":{\"@id\":\"https:\/\/bertrand.pl\/produkt\/bramy-garazowe-segmentowe\/#primaryimage\"},\"image\":{\"@id\":\"https:\/\/bertrand.pl\/produkt\/bramy-garazowe-segmentowe\/#primaryimage\"},\"thumbnailUrl\":\"https:\/\/bertrand.pl\/wp-content\/uploads\/2023\/12\/k2_rc-680x720-1.png\",\"datePublished\":\"2023-12-13T10:11:19+00:00\",\"dateModified\":\"2024-12-13T13:16:22+00:00\",\"description\":\"Bramy segmentowe Bertrand \u2013 wygodna obs\u0142uga, cicha praca, fotokom\u00f3rki, wy\u0142\u0105cznik przeci\u0105\u017ceniowy. Ponad 200 kolor\u00f3w RAL. Idealne dla ka\u017cdego domu.\",\"breadcrumb\":{\"@id\":\"https:\/\/bertrand.pl\/produkt\/bramy-garazowe-segmentowe\/#breadcrumb\"},\"inLanguage\":\"nl-NL\",\"potentialAction\":[{\"@type\":\"ReadAction\",\"target\":[\"https:\/\/bertrand.pl\/produkt\/bramy-garazowe-segmentowe\/\"]}]},{\"@type\":\"ImageObject\",\"inLanguage\":\"nl-NL\",\"@id\":\"https:\/\/bertrand.pl\/produkt\/bramy-garazowe-segmentowe\/#primaryimage\",\"url\":\"https:\/\/bertrand.pl\/wp-content\/uploads\/2023\/12\/k2_rc-680x720-1.png\",\"contentUrl\":\"https:\/\/bertrand.pl\/wp-content\/uploads\/2023\/12\/k2_rc-680x720-1.png\",\"width\":500,\"height\":529},{\"@type\":\"BreadcrumbList\",\"@id\":\"https:\/\/bertrand.pl\/produkt\/bramy-garazowe-segmentowe\/#breadcrumb\",\"itemListElement\":[{\"@type\":\"ListItem\",\"position\":1,\"name\":\"Strona g\u0142\u00f3wna\",\"item\":\"https:\/\/bertrand.pl\/\"},{\"@type\":\"ListItem\",\"position\":2,\"name\":\"Produits\",\"item\":\"https:\/\/bertrand.pl\/fr\/shop\/\"},{\"@type\":\"ListItem\",\"position\":3,\"name\":\"BRAMY GARA\u017bOWE SEGMENTOWE\"}]},{\"@type\":\"WebSite\",\"@id\":\"https:\/\/bertrand.pl\/#website\",\"url\":\"https:\/\/bertrand.pl\/\",\"name\":\"Bertrand.pl\",\"description\":\"Firma Bertrand to certyfikowany i uznany producent najwy\u017cszej jako\u015bci okien z PVC, z drewna lub aluminium. Produkcja drzwi, rolet i bram gara\u017cowych.\",\"publisher\":{\"@id\":\"https:\/\/bertrand.pl\/#organization\"},\"potentialAction\":[{\"@type\":\"SearchAction\",\"target\":{\"@type\":\"EntryPoint\",\"urlTemplate\":\"https:\/\/bertrand.pl\/?s={search_term_string}\"},\"query-input\":{\"@type\":\"PropertyValueSpecification\",\"valueRequired\":true,\"valueName\":\"search_term_string\"}}],\"inLanguage\":\"nl-NL\"},{\"@type\":\"Organization\",\"@id\":\"https:\/\/bertrand.pl\/#organization\",\"name\":\"Bertrand.pl\",\"url\":\"https:\/\/bertrand.pl\/\",\"logo\":{\"@type\":\"ImageObject\",\"inLanguage\":\"nl-NL\",\"@id\":\"https:\/\/bertrand.pl\/#\/schema\/logo\/image\/\",\"url\":\"https:\/\/bertrand.pl\/wp-content\/uploads\/2024\/12\/logo_BB_TM_PL_black.png\",\"contentUrl\":\"https:\/\/bertrand.pl\/wp-content\/uploads\/2024\/12\/logo_BB_TM_PL_black.png\",\"width\":1831,\"height\":1831,\"caption\":\"Bertrand.pl\"},\"image\":{\"@id\":\"https:\/\/bertrand.pl\/#\/schema\/logo\/image\/\"},\"sameAs\":[\"https:\/\/www.facebook.com\/bertrandpolska\/\",\"https:\/\/www.instagram.com\/bertrand_okna_i_drzwi\/\",\"https:\/\/www.linkedin.com\/company\/bertrand\/\",\"https:\/\/www.tiktok.com\/@bertrand_okna_drzwi\"]}]}<\/script>\n<!-- \/ Yoast SEO Premium plugin. -->","yoast_head_json":{"title":"BRAMY GARA\u017bOWE SEGMENTOWE - Bertrand. Najwy\u017cszej jako\u015bci okna i drzwi. Certyfikowany producent od 1969 roku.","description":"Bertrand sectionaaldeuren \u2013 comfortabele bediening, stille werking, fotocellen, overbelastingsschakelaar. Meer dan 200 RAL-kleuren. Perfect voor elk huis.","robots":{"index":"index","follow":"follow","max-snippet":"max-snippet:-1","max-image-preview":"max-image-preview:large","max-video-preview":"max-video-preview:-1"},"canonical":"https:\/\/bertrand.pl\/nl\/product-2\/sectionale-garagedeuren\/","og_locale":"nl_NL","og_type":"article","og_title":"BRAMY GARA\u017bOWE SEGMENTOWE","og_description":"Bramy segmentowe Bertrand \u2013 wygodna obs\u0142uga, cicha praca, fotokom\u00f3rki, wy\u0142\u0105cznik przeci\u0105\u017ceniowy. Ponad 200 kolor\u00f3w RAL. Idealne dla ka\u017cdego domu.","og_url":"https:\/\/bertrand.pl\/nl\/product-2\/sectionale-garagedeuren\/","og_site_name":"Bertrand. Najwy\u017cszej jako\u015bci okna i drzwi. Certyfikowany producent od 1969 roku.","article_publisher":"https:\/\/www.facebook.com\/bertrandpolska\/","article_modified_time":"2024-12-13T13:16:22+00:00","og_image":[{"width":500,"height":529,"url":"https:\/\/bertrand.pl\/wp-content\/uploads\/2023\/12\/k2_rc-680x720-1.png","type":"image\/png"}],"twitter_card":"summary_large_image","twitter_misc":{"Geschatte leestijd":"4 minuten"},"schema":{"@context":"https:\/\/schema.org","@graph":[{"@type":"WebPage","@id":"https:\/\/bertrand.pl\/produkt\/bramy-garazowe-segmentowe\/","url":"https:\/\/bertrand.pl\/produkt\/bramy-garazowe-segmentowe\/","name":"BRAMY GARA\u017bOWE SEGMENTOWE - Bertrand. Najwy\u017cszej jako\u015bci okna i drzwi. Certyfikowany producent od 1969 roku.","isPartOf":{"@id":"https:\/\/bertrand.pl\/#website"},"primaryImageOfPage":{"@id":"https:\/\/bertrand.pl\/produkt\/bramy-garazowe-segmentowe\/#primaryimage"},"image":{"@id":"https:\/\/bertrand.pl\/produkt\/bramy-garazowe-segmentowe\/#primaryimage"},"thumbnailUrl":"https:\/\/bertrand.pl\/wp-content\/uploads\/2023\/12\/k2_rc-680x720-1.png","datePublished":"2023-12-13T10:11:19+00:00","dateModified":"2024-12-13T13:16:22+00:00","description":"Bertrand sectionaaldeuren \u2013 comfortabele bediening, stille werking, fotocellen, overbelastingsschakelaar. Meer dan 200 RAL-kleuren. Perfect voor elk huis.","breadcrumb":{"@id":"https:\/\/bertrand.pl\/produkt\/bramy-garazowe-segmentowe\/#breadcrumb"},"inLanguage":"nl-NL","potentialAction":[{"@type":"ReadAction","target":["https:\/\/bertrand.pl\/produkt\/bramy-garazowe-segmentowe\/"]}]},{"@type":"ImageObject","inLanguage":"nl-NL","@id":"https:\/\/bertrand.pl\/produkt\/bramy-garazowe-segmentowe\/#primaryimage","url":"https:\/\/bertrand.pl\/wp-content\/uploads\/2023\/12\/k2_rc-680x720-1.png","contentUrl":"https:\/\/bertrand.pl\/wp-content\/uploads\/2023\/12\/k2_rc-680x720-1.png","width":500,"height":529},{"@type":"BreadcrumbList","@id":"https:\/\/bertrand.pl\/produkt\/bramy-garazowe-segmentowe\/#breadcrumb","itemListElement":[{"@type":"ListItem","position":1,"name":"Strona g\u0142\u00f3wna","item":"https:\/\/bertrand.pl\/"},{"@type":"ListItem","position":2,"name":"Produits","item":"https:\/\/bertrand.pl\/fr\/shop\/"},{"@type":"ListItem","position":3,"name":"BRAMY GARA\u017bOWE SEGMENTOWE"}]},{"@type":"WebSite","@id":"https:\/\/bertrand.pl\/#website","url":"https:\/\/bertrand.pl\/","name":"Bertrand.pl","description":"Firma Bertrand to certyfikowany i uznany producent najwy\u017cszej jako\u015bci okien z PVC, z drewna lub aluminium. Produkcja drzwi, rolet i bram gara\u017cowych.","publisher":{"@id":"https:\/\/bertrand.pl\/#organization"},"potentialAction":[{"@type":"SearchAction","target":{"@type":"EntryPoint","urlTemplate":"https:\/\/bertrand.pl\/?s={search_term_string}"},"query-input":{"@type":"PropertyValueSpecification","valueRequired":true,"valueName":"search_term_string"}}],"inLanguage":"nl-NL"},{"@type":"Organization","@id":"https:\/\/bertrand.pl\/#organization","name":"Bertrand.pl","url":"https:\/\/bertrand.pl\/","logo":{"@type":"ImageObject","inLanguage":"nl-NL","@id":"https:\/\/bertrand.pl\/#\/schema\/logo\/image\/","url":"https:\/\/bertrand.pl\/wp-content\/uploads\/2024\/12\/logo_BB_TM_PL_black.png","contentUrl":"https:\/\/bertrand.pl\/wp-content\/uploads\/2024\/12\/logo_BB_TM_PL_black.png","width":1831,"height":1831,"caption":"Bertrand.pl"},"image":{"@id":"https:\/\/bertrand.pl\/#\/schema\/logo\/image\/"},"sameAs":["https:\/\/www.facebook.com\/bertrandpolska\/","https:\/\/www.instagram.com\/bertrand_okna_i_drzwi\/","https:\/\/www.linkedin.com\/company\/bertrand\/","https:\/\/www.tiktok.com\/@bertrand_okna_drzwi"]}]}},"_links":{"self":[{"href":"https:\/\/bertrand.pl\/nl\/wp-json\/wp\/v2\/product\/1030","targetHints":{"allow":["GET"]}}],"collection":[{"href":"https:\/\/bertrand.pl\/nl\/wp-json\/wp\/v2\/product"}],"about":[{"href":"https:\/\/bertrand.pl\/nl\/wp-json\/wp\/v2\/types\/product"}],"wp:featuredmedia":[{"embeddable":true,"href":"https:\/\/bertrand.pl\/nl\/wp-json\/wp\/v2\/media\/1039"}],"wp:attachment":[{"href":"https:\/\/bertrand.pl\/nl\/wp-json\/wp\/v2\/media?parent=1030"}],"wp:term":[{"taxonomy":"product_brand","embeddable":true,"href":"https:\/\/bertrand.pl\/nl\/wp-json\/wp\/v2\/product_brand?post=1030"},{"taxonomy":"product_cat","embeddable":true,"href":"https:\/\/bertrand.pl\/nl\/wp-json\/wp\/v2\/product_cat?post=1030"},{"taxonomy":"product_tag","embeddable":true,"href":"https:\/\/bertrand.pl\/nl\/wp-json\/wp\/v2\/product_tag?post=1030"}],"curies":[{"name":"wp","href":"https:\/\/api.w.org\/{rel}","templated":true}]}}