{"id":1040,"date":"2023-12-13T10:51:07","date_gmt":"2023-12-13T09:51:07","guid":{"rendered":"https:\/\/bertrand.pl\/?post_type=product&#038;p=1040"},"modified":"2025-03-06T15:26:26","modified_gmt":"2025-03-06T14:26:26","slug":"alutrend-kwadraat","status":"publish","type":"product","link":"https:\/\/bertrand.pl\/nl\/produkt\/alutrend-quadrat\/","title":{"rendered":"Alutrend Quadrat"},"content":{"rendered":"<div class=\"row\">\n<div class=\"col\">\n<p>Houten en aluminium ramen<strong> Alutrend<\/strong> <strong>Vierkant<\/strong> is een ideale oplossing voor klanten die waarde hechten aan de natuurlijke schoonheid van hout en de duurzaamheid van moderne materialen. Het ontwerp combineert elegant hout aan de binnenkant met weerbestendig aluminium aan de buitenkant, waardoor duurzaamheid met minimaal onderhoud wordt gegarandeerd. Dankzij de gebruikte oplossingen beschikken de ramen over uitstekende thermische isolatie en akoestische parameters.<\/p>\n<p>&nbsp;<\/p>\n<h4>Constructie en thermische eigenschappen<\/h4>\n<p>&nbsp;<\/p>\n<p>Alutrend Quadrat ramen kenmerken zich door een totale kozijndiepte van <strong>maar liefst 90mm<\/strong>. Daarom fungeert de extra luchtruimte tussen de houten en aluminium frames als een natuurlijke isolator, waardoor een betere warmteoverdrachtsco\u00ebffici\u00ebnt (1,1-1,2 W\/m\u00b2K) kan worden bereikt. Hierdoor minimaliseren de ramen effectief energieverliezen, wat zich vertaalt in lagere verwarmingskosten. De verhoogde akoestische isolatie maakt dit systeem dan ook een uitstekende keuze voor mensen die op zoek zijn naar rust in huis.<\/p>\n<p>&nbsp;<\/p>\n<h4>Esthetiek en personalisatie<\/h4>\n<p>&nbsp;<\/p>\n<p>Systeem <strong>Alutrend<\/strong> biedt ruime personalisatiemogelijkheden, zowel qua esthetiek als qua kleuren:<\/p>\n<ul>\n<li><strong>Binnenkant van het raam:<\/strong> Verkrijgbaar in grenen-, meranti- of eikenhout, afgewerkt met transparante verven (met nadruk op de houtstructuur) of dekkende verven, afhankelijk van het RAL-kleurenpalet.<\/li>\n<li><strong>Buiten het raam:<\/strong> Aluminium overlays kunnen worden geverfd in uniforme kleuren uit het RAL-palet of worden afgewerkt met een decoratieve techniek die verschillende houtsoorten imiteert.<\/li>\n<\/ul>\n<p>&nbsp;<\/p>\n<h4>Alutrend Quadrat \u2013 moderniteit in minimalistische stijl<\/h4>\n<p>&nbsp;<\/p>\n<p>Voor klanten die de voorkeur geven aan eenvoudige formulieren, system <strong>Alutrend Quadrat<\/strong> biedt een moderne, minimalistische vorm. Hieronder vindt u de varianten die beschikbaar zijn in deze lijn:<\/p>\n<ol>\n<li><strong>Alutrend XL 78 Kwadrat:<\/strong> Een vleugel met een diepte van 78 mm zorgt voor betere thermische isolatieparameters.<\/li>\n<li><strong>Alutrend Qube 68 Kwadrat:<\/strong> Hoekige afwerking van de binnenbladstrook, waardoor het moderne karakter wordt benadrukt.<\/li>\n<li><strong>Alutrend XL Qube 78 Quadrat:<\/strong> Een combinatie van 78 mm diepte en hoekige afwerking voor de meest veeleisende klanten.<\/li>\n<\/ol>\n<p>&nbsp;<\/p>\n<h4>Belangrijkste voordelen van Alutrend Quadrat-ramen:<\/h4>\n<p>&nbsp;<\/p>\n<ol>\n<li><strong>Duurzaamheid:<\/strong> Aluminium aan de buitenkant biedt bescherming tegen weersomstandigheden.<\/li>\n<li><strong>Thermische isolatie:<\/strong> Warmteoverdrachtsco\u00ebffici\u00ebnt van 1,1-1,2 W\/m\u00b2K.<\/li>\n<li><strong>Akoestiek:<\/strong> Verhoogde geluidsisolatie voor meer comfort.<\/li>\n<li><strong>Personalisatie:<\/strong> Ruime keuze in hout, kleuren en afwerkingen.<\/li>\n<li><strong>Modern ontwerp:<\/strong> Quadrat-opties voor liefhebbers van eenvoudige, minimalistische vormen.<\/li>\n<\/ol>\n<h3><\/h3>\n<p>Houten en aluminium ramen <strong>Alutrend<\/strong> is in de eerste plaats een combinatie van esthetiek, duurzaamheid en functionaliteit. Dankzij uitgebreide personalisatiemogelijkheden en moderne technologische oplossingen voldoen ze daarom aan de verwachtingen van zelfs de meest veeleisende klanten. Kortom: ongeacht de gekozen variant is Alutrend zeker een garantie voor comfort, energiebesparing en modern design.<\/p>\n<p>&nbsp;<\/p>\n<\/div>\n<div class=\"col\"><img decoding=\"async\" src=\"https:\/\/bertrand.pl\/wp-content\/uploads\/2023\/12\/strongline_photo1-1.jpg\" \/><\/div>\n<\/div>\n<div>\n<p>&nbsp;<\/p>\n<p><em>Bertrand maakt gebruik van de meest geavanceerde houtvernissen. Onze AQUATOP lak, die wij standaard gebruiken, beschermt oppervlakken tegen weersinvloeden en geeft ze een gladde en langdurige bescherming.<\/em><\/p>\n<p><em>AQUATOP wordt gekenmerkt door een uitstekende weerstand tegen vocht. Het beschermt oppervlakken tegen water, regen en vocht en voorkomt problemen zoals rot, schimmel en schade na verloop van tijd. Biedt het hele jaar door betrouwbare weerstand, in elk klimaat.\u00a0<\/em><\/p>\n<p><em>Dankzij geavanceerde en innovatieve vernissen en een zorgvuldig productieproces, dat een hybride is van automatisch slijpen van vlakke oppervlakken en handmatig slijpen van moeilijk bereikbare oppervlakken, zoals het oppervlak binnen het kozijn, hebben onze houten ramen een gladde en onberispelijke afwerking .<\/em><\/p>\n<p><em>Houten ramen van Bertrand zijn perfect voor warme klimaten dankzij het gebruik van vernis met koude pigmenten.<\/em><\/p>\n<h4><strong><a href=\"https:\/\/bertrand.pl\/nl\/kleur\/\">Kleuren van ramen en deuren<\/a><\/strong><\/h4>\n<\/div>","protected":false},"excerpt":{"rendered":"<p><strong>Een modern systeem gemaakt van hout en aluminium<\/strong><\/p>\n<p><strong>Alutrend Quadrat<\/strong>\u00a0is een product voor klanten die waarde hechten aan eenvoudige vormen. Het wordt gekenmerkt door een moderne vorm.<\/p>","protected":false},"featured_media":1042,"template":"","meta":{"site-sidebar-layout":"default","site-content-layout":"","ast-site-content-layout":"default","site-content-style":"default","site-sidebar-style":"default","ast-global-header-display":"","ast-banner-title-visibility":"","ast-main-header-display":"","ast-hfb-above-header-display":"","ast-hfb-below-header-display":"","ast-hfb-mobile-header-display":"","site-post-title":"","ast-breadcrumbs-content":"","ast-featured-img":"","footer-sml-layout":"","ast-disable-related-posts":"","theme-transparent-header-meta":"default","adv-header-id-meta":"","stick-header-meta":"","header-above-stick-meta":"","header-main-stick-meta":"","header-below-stick-meta":"","astra-migrate-meta-layouts":"set","ast-page-background-enabled":"default","ast-page-background-meta":{"desktop":{"background-color":"var(--ast-global-color-4)","background-image":"","background-repeat":"repeat","background-position":"center center","background-size":"auto","background-attachment":"scroll","background-type":"","background-media":"","overlay-type":"","overlay-color":"","overlay-opacity":"","overlay-gradient":""},"tablet":{"background-color":"","background-image":"","background-repeat":"repeat","background-position":"center center","background-size":"auto","background-attachment":"scroll","background-type":"","background-media":"","overlay-type":"","overlay-color":"","overlay-opacity":"","overlay-gradient":""},"mobile":{"background-color":"","background-image":"","background-repeat":"repeat","background-position":"center center","background-size":"auto","background-attachment":"scroll","background-type":"","background-media":"","overlay-type":"","overlay-color":"","overlay-opacity":"","overlay-gradient":""}},"ast-content-background-meta":{"desktop":{"background-color":"var(--ast-global-color-5)","background-image":"","background-repeat":"repeat","background-position":"center center","background-size":"auto","background-attachment":"scroll","background-type":"","background-media":"","overlay-type":"","overlay-color":"","overlay-opacity":"","overlay-gradient":""},"tablet":{"background-color":"var(--ast-global-color-5)","background-image":"","background-repeat":"repeat","background-position":"center center","background-size":"auto","background-attachment":"scroll","background-type":"","background-media":"","overlay-type":"","overlay-color":"","overlay-opacity":"","overlay-gradient":""},"mobile":{"background-color":"var(--ast-global-color-5)","background-image":"","background-repeat":"repeat","background-position":"center center","background-size":"auto","background-attachment":"scroll","background-type":"","background-media":"","overlay-type":"","overlay-color":"","overlay-opacity":"","overlay-gradient":""}}},"product_brand":[],"product_cat":[27],"product_tag":[316,193,384,168,326,367,368,339,311,352,354,344,346,408,370,389,398,405,361,366,397,174,355,323,363,324,423,424,351,359,169,422,362],"class_list":{"0":"post-1040","1":"product","2":"type-product","3":"status-publish","4":"has-post-thumbnail","6":"product_cat-okna-drewniano-aluminiowe","7":"product_tag-aluminiowe-okno","8":"product_tag-aluminium","9":"product_tag-alutrend","10":"product_tag-bertrand","11":"product_tag-budowa-domu","12":"product_tag-budownictwo","13":"product_tag-budownictwo-pasywne","14":"product_tag-design","15":"product_tag-dobre-wlasciwosci-termiczne","16":"product_tag-dobreokna","17":"product_tag-drewno","18":"product_tag-duze-okna","19":"product_tag-duze-przestrzenie","20":"product_tag-duze-przeszklenia","21":"product_tag-idealne-okna-do-domu","22":"product_tag-izolacja-akustyczna","23":"product_tag-izolacja-cieplna","24":"product_tag-izolacja-termiczna","25":"product_tag-jakosc","26":"product_tag-komfort","27":"product_tag-light","28":"product_tag-okna","29":"product_tag-okna-drewniano-aluminiowe","30":"product_tag-okna-z-polski","31":"product_tag-oknazpolski","32":"product_tag-okno-dla-domu","33":"product_tag-okno-drewniane","34":"product_tag-okno-drewniano-aluminiowe","35":"product_tag-oknobertrand","36":"product_tag-premiumwindows","37":"product_tag-produkt","38":"product_tag-quadrat","39":"product_tag-quality","40":"desktop-align-left","41":"tablet-align-left","42":"mobile-align-left","44":"first","45":"instock","46":"shipping-taxable","47":"product-type-simple"},"yoast_head":"<!-- This site is optimized with the Yoast SEO Premium plugin v27.2 (Yoast SEO v27.2) - https:\/\/yoast.com\/product\/yoast-seo-premium-wordpress\/ -->\n<title>Alutrend Quadrat - Bertrand. Najwy\u017cszej jako\u015bci okna i drzwi. Certyfikowany producent od 1969 roku.<\/title>\n<meta name=\"description\" content=\"Okna drewniano-aluminiowe Alutrend Quadrat \u2013 trwa\u0142o\u015b\u0107, termoizolacja i nowoczesny design. Naturalne drewno wewn\u0105trz, aluminium na zewn\u0105trz.\" \/>\n<meta name=\"robots\" content=\"index, follow, max-snippet:-1, max-image-preview:large, max-video-preview:-1\" \/>\n<link rel=\"canonical\" href=\"https:\/\/bertrand.pl\/nl\/product-2\/alutrend-kwadraat\/\" \/>\n<meta property=\"og:locale\" content=\"nl_NL\" \/>\n<meta property=\"og:type\" content=\"article\" \/>\n<meta property=\"og:title\" content=\"Alutrend Quadrat\" \/>\n<meta property=\"og:description\" content=\"Okna drewniano-aluminiowe Alutrend Quadrat \u2013 trwa\u0142o\u015b\u0107, termoizolacja i nowoczesny design. Naturalne drewno wewn\u0105trz, aluminium na zewn\u0105trz.\" \/>\n<meta property=\"og:url\" content=\"https:\/\/bertrand.pl\/nl\/product-2\/alutrend-kwadraat\/\" \/>\n<meta property=\"og:site_name\" content=\"Bertrand. Najwy\u017cszej jako\u015bci okna i drzwi. Certyfikowany producent od 1969 roku.\" \/>\n<meta property=\"article:publisher\" content=\"https:\/\/www.facebook.com\/bertrandpolska\/\" \/>\n<meta property=\"article:modified_time\" content=\"2025-03-06T14:26:26+00:00\" \/>\n<meta property=\"og:image\" content=\"https:\/\/bertrand.pl\/wp-content\/uploads\/2023\/12\/alutrend_quadrat_big.jpg\" \/>\n\t<meta property=\"og:image:width\" content=\"750\" \/>\n\t<meta property=\"og:image:height\" content=\"750\" \/>\n\t<meta property=\"og:image:type\" content=\"image\/jpeg\" \/>\n<meta name=\"twitter:card\" content=\"summary_large_image\" \/>\n<meta name=\"twitter:label1\" content=\"Geschatte leestijd\" \/>\n\t<meta name=\"twitter:data1\" content=\"4 minuten\" \/>\n<script type=\"application\/ld+json\" class=\"yoast-schema-graph\">{\"@context\":\"https:\/\/schema.org\",\"@graph\":[{\"@type\":\"WebPage\",\"@id\":\"https:\/\/bertrand.pl\/produkt\/alutrend-quadrat\/\",\"url\":\"https:\/\/bertrand.pl\/produkt\/alutrend-quadrat\/\",\"name\":\"Alutrend Quadrat - Bertrand. Najwy\u017cszej jako\u015bci okna i drzwi. Certyfikowany producent od 1969 roku.\",\"isPartOf\":{\"@id\":\"https:\/\/bertrand.pl\/#website\"},\"primaryImageOfPage\":{\"@id\":\"https:\/\/bertrand.pl\/produkt\/alutrend-quadrat\/#primaryimage\"},\"image\":{\"@id\":\"https:\/\/bertrand.pl\/produkt\/alutrend-quadrat\/#primaryimage\"},\"thumbnailUrl\":\"https:\/\/bertrand.pl\/wp-content\/uploads\/2023\/12\/alutrend_quadrat_big.jpg\",\"datePublished\":\"2023-12-13T09:51:07+00:00\",\"dateModified\":\"2025-03-06T14:26:26+00:00\",\"description\":\"Okna drewniano-aluminiowe Alutrend Quadrat \u2013 trwa\u0142o\u015b\u0107, termoizolacja i nowoczesny design. Naturalne drewno wewn\u0105trz, aluminium na zewn\u0105trz.\",\"breadcrumb\":{\"@id\":\"https:\/\/bertrand.pl\/produkt\/alutrend-quadrat\/#breadcrumb\"},\"inLanguage\":\"nl-NL\",\"potentialAction\":[{\"@type\":\"ReadAction\",\"target\":[\"https:\/\/bertrand.pl\/produkt\/alutrend-quadrat\/\"]}]},{\"@type\":\"ImageObject\",\"inLanguage\":\"nl-NL\",\"@id\":\"https:\/\/bertrand.pl\/produkt\/alutrend-quadrat\/#primaryimage\",\"url\":\"https:\/\/bertrand.pl\/wp-content\/uploads\/2023\/12\/alutrend_quadrat_big.jpg\",\"contentUrl\":\"https:\/\/bertrand.pl\/wp-content\/uploads\/2023\/12\/alutrend_quadrat_big.jpg\",\"width\":750,\"height\":750},{\"@type\":\"BreadcrumbList\",\"@id\":\"https:\/\/bertrand.pl\/produkt\/alutrend-quadrat\/#breadcrumb\",\"itemListElement\":[{\"@type\":\"ListItem\",\"position\":1,\"name\":\"Strona g\u0142\u00f3wna\",\"item\":\"https:\/\/bertrand.pl\/\"},{\"@type\":\"ListItem\",\"position\":2,\"name\":\"Produits\",\"item\":\"https:\/\/bertrand.pl\/fr\/shop\/\"},{\"@type\":\"ListItem\",\"position\":3,\"name\":\"Alutrend Quadrat\"}]},{\"@type\":\"WebSite\",\"@id\":\"https:\/\/bertrand.pl\/#website\",\"url\":\"https:\/\/bertrand.pl\/\",\"name\":\"Bertrand.pl\",\"description\":\"Firma Bertrand to certyfikowany i uznany producent najwy\u017cszej jako\u015bci okien z PVC, z drewna lub aluminium. Produkcja drzwi, rolet i bram gara\u017cowych.\",\"publisher\":{\"@id\":\"https:\/\/bertrand.pl\/#organization\"},\"potentialAction\":[{\"@type\":\"SearchAction\",\"target\":{\"@type\":\"EntryPoint\",\"urlTemplate\":\"https:\/\/bertrand.pl\/?s={search_term_string}\"},\"query-input\":{\"@type\":\"PropertyValueSpecification\",\"valueRequired\":true,\"valueName\":\"search_term_string\"}}],\"inLanguage\":\"nl-NL\"},{\"@type\":\"Organization\",\"@id\":\"https:\/\/bertrand.pl\/#organization\",\"name\":\"Bertrand.pl\",\"url\":\"https:\/\/bertrand.pl\/\",\"logo\":{\"@type\":\"ImageObject\",\"inLanguage\":\"nl-NL\",\"@id\":\"https:\/\/bertrand.pl\/#\/schema\/logo\/image\/\",\"url\":\"https:\/\/bertrand.pl\/wp-content\/uploads\/2024\/12\/logo_BB_TM_PL_black.png\",\"contentUrl\":\"https:\/\/bertrand.pl\/wp-content\/uploads\/2024\/12\/logo_BB_TM_PL_black.png\",\"width\":1831,\"height\":1831,\"caption\":\"Bertrand.pl\"},\"image\":{\"@id\":\"https:\/\/bertrand.pl\/#\/schema\/logo\/image\/\"},\"sameAs\":[\"https:\/\/www.facebook.com\/bertrandpolska\/\",\"https:\/\/www.instagram.com\/bertrand_okna_i_drzwi\/\",\"https:\/\/www.linkedin.com\/company\/bertrand\/\",\"https:\/\/www.tiktok.com\/@bertrand_okna_drzwi\"]}]}<\/script>\n<!-- \/ Yoast SEO Premium plugin. -->","yoast_head_json":{"title":"Alutrend Quadrat - Bertrand. Najwy\u017cszej jako\u015bci okna i drzwi. Certyfikowany producent od 1969 roku.","description":"Alutrend Quadrat houten-aluminium ramen \u2013 duurzaamheid, thermische isolatie en modern design. Natuurlijk hout binnen, aluminium buiten.","robots":{"index":"index","follow":"follow","max-snippet":"max-snippet:-1","max-image-preview":"max-image-preview:large","max-video-preview":"max-video-preview:-1"},"canonical":"https:\/\/bertrand.pl\/nl\/product-2\/alutrend-kwadraat\/","og_locale":"nl_NL","og_type":"article","og_title":"Alutrend Quadrat","og_description":"Okna drewniano-aluminiowe Alutrend Quadrat \u2013 trwa\u0142o\u015b\u0107, termoizolacja i nowoczesny design. Naturalne drewno wewn\u0105trz, aluminium na zewn\u0105trz.","og_url":"https:\/\/bertrand.pl\/nl\/product-2\/alutrend-kwadraat\/","og_site_name":"Bertrand. Najwy\u017cszej jako\u015bci okna i drzwi. Certyfikowany producent od 1969 roku.","article_publisher":"https:\/\/www.facebook.com\/bertrandpolska\/","article_modified_time":"2025-03-06T14:26:26+00:00","og_image":[{"width":750,"height":750,"url":"https:\/\/bertrand.pl\/wp-content\/uploads\/2023\/12\/alutrend_quadrat_big.jpg","type":"image\/jpeg"}],"twitter_card":"summary_large_image","twitter_misc":{"Geschatte leestijd":"4 minuten"},"schema":{"@context":"https:\/\/schema.org","@graph":[{"@type":"WebPage","@id":"https:\/\/bertrand.pl\/produkt\/alutrend-quadrat\/","url":"https:\/\/bertrand.pl\/produkt\/alutrend-quadrat\/","name":"Alutrend Quadrat - Bertrand. Najwy\u017cszej jako\u015bci okna i drzwi. Certyfikowany producent od 1969 roku.","isPartOf":{"@id":"https:\/\/bertrand.pl\/#website"},"primaryImageOfPage":{"@id":"https:\/\/bertrand.pl\/produkt\/alutrend-quadrat\/#primaryimage"},"image":{"@id":"https:\/\/bertrand.pl\/produkt\/alutrend-quadrat\/#primaryimage"},"thumbnailUrl":"https:\/\/bertrand.pl\/wp-content\/uploads\/2023\/12\/alutrend_quadrat_big.jpg","datePublished":"2023-12-13T09:51:07+00:00","dateModified":"2025-03-06T14:26:26+00:00","description":"Alutrend Quadrat houten-aluminium ramen \u2013 duurzaamheid, thermische isolatie en modern design. Natuurlijk hout binnen, aluminium buiten.","breadcrumb":{"@id":"https:\/\/bertrand.pl\/produkt\/alutrend-quadrat\/#breadcrumb"},"inLanguage":"nl-NL","potentialAction":[{"@type":"ReadAction","target":["https:\/\/bertrand.pl\/produkt\/alutrend-quadrat\/"]}]},{"@type":"ImageObject","inLanguage":"nl-NL","@id":"https:\/\/bertrand.pl\/produkt\/alutrend-quadrat\/#primaryimage","url":"https:\/\/bertrand.pl\/wp-content\/uploads\/2023\/12\/alutrend_quadrat_big.jpg","contentUrl":"https:\/\/bertrand.pl\/wp-content\/uploads\/2023\/12\/alutrend_quadrat_big.jpg","width":750,"height":750},{"@type":"BreadcrumbList","@id":"https:\/\/bertrand.pl\/produkt\/alutrend-quadrat\/#breadcrumb","itemListElement":[{"@type":"ListItem","position":1,"name":"Strona g\u0142\u00f3wna","item":"https:\/\/bertrand.pl\/"},{"@type":"ListItem","position":2,"name":"Produits","item":"https:\/\/bertrand.pl\/fr\/shop\/"},{"@type":"ListItem","position":3,"name":"Alutrend Quadrat"}]},{"@type":"WebSite","@id":"https:\/\/bertrand.pl\/#website","url":"https:\/\/bertrand.pl\/","name":"Bertrand.pl","description":"Firma Bertrand to certyfikowany i uznany producent najwy\u017cszej jako\u015bci okien z PVC, z drewna lub aluminium. Produkcja drzwi, rolet i bram gara\u017cowych.","publisher":{"@id":"https:\/\/bertrand.pl\/#organization"},"potentialAction":[{"@type":"SearchAction","target":{"@type":"EntryPoint","urlTemplate":"https:\/\/bertrand.pl\/?s={search_term_string}"},"query-input":{"@type":"PropertyValueSpecification","valueRequired":true,"valueName":"search_term_string"}}],"inLanguage":"nl-NL"},{"@type":"Organization","@id":"https:\/\/bertrand.pl\/#organization","name":"Bertrand.pl","url":"https:\/\/bertrand.pl\/","logo":{"@type":"ImageObject","inLanguage":"nl-NL","@id":"https:\/\/bertrand.pl\/#\/schema\/logo\/image\/","url":"https:\/\/bertrand.pl\/wp-content\/uploads\/2024\/12\/logo_BB_TM_PL_black.png","contentUrl":"https:\/\/bertrand.pl\/wp-content\/uploads\/2024\/12\/logo_BB_TM_PL_black.png","width":1831,"height":1831,"caption":"Bertrand.pl"},"image":{"@id":"https:\/\/bertrand.pl\/#\/schema\/logo\/image\/"},"sameAs":["https:\/\/www.facebook.com\/bertrandpolska\/","https:\/\/www.instagram.com\/bertrand_okna_i_drzwi\/","https:\/\/www.linkedin.com\/company\/bertrand\/","https:\/\/www.tiktok.com\/@bertrand_okna_drzwi"]}]}},"_links":{"self":[{"href":"https:\/\/bertrand.pl\/nl\/wp-json\/wp\/v2\/product\/1040","targetHints":{"allow":["GET"]}}],"collection":[{"href":"https:\/\/bertrand.pl\/nl\/wp-json\/wp\/v2\/product"}],"about":[{"href":"https:\/\/bertrand.pl\/nl\/wp-json\/wp\/v2\/types\/product"}],"wp:featuredmedia":[{"embeddable":true,"href":"https:\/\/bertrand.pl\/nl\/wp-json\/wp\/v2\/media\/1042"}],"wp:attachment":[{"href":"https:\/\/bertrand.pl\/nl\/wp-json\/wp\/v2\/media?parent=1040"}],"wp:term":[{"taxonomy":"product_brand","embeddable":true,"href":"https:\/\/bertrand.pl\/nl\/wp-json\/wp\/v2\/product_brand?post=1040"},{"taxonomy":"product_cat","embeddable":true,"href":"https:\/\/bertrand.pl\/nl\/wp-json\/wp\/v2\/product_cat?post=1040"},{"taxonomy":"product_tag","embeddable":true,"href":"https:\/\/bertrand.pl\/nl\/wp-json\/wp\/v2\/product_tag?post=1040"}],"curies":[{"name":"wp","href":"https:\/\/api.w.org\/{rel}","templated":true}]}}