{"id":1054,"date":"2023-12-13T11:09:29","date_gmt":"2023-12-13T10:09:29","guid":{"rendered":"https:\/\/bertrand.pl\/?post_type=product&#038;p=1054"},"modified":"2025-03-06T15:26:04","modified_gmt":"2025-03-06T14:26:04","slug":"alutrend-kwadrat-fb","status":"publish","type":"product","link":"https:\/\/bertrand.pl\/nl\/produkt\/alutrend-quadrat-fb\/","title":{"rendered":"Alutrend Quadrat FB"},"content":{"rendered":"<div id=\"column-wrap-id-1499432946\" class=\"sppb-col-sm-6\">\n<div id=\"column-id-1499432946\" class=\"sppb-column\">\n<div class=\"sppb-column-addons\">\n<div id=\"sppb-addon-wrapper-1499432947\" class=\"sppb-addon-wrapper\">\n<div id=\"sppb-addon-1499432947\" class=\"clearfix\">\n<div class=\"sppb-addon sppb-addon-text-block sppb-text-left\">\n<div class=\"sppb-addon-content\">\n<p><strong>Alutrend Quadrat FB<\/strong> is een modern houten-aluminium raamsysteem dat zich onderscheidt door rechthoekige vormen en een elegant design. De bladafdekking, gelijk met de frameafdekking, benadrukt de minimalistische stijl, perfect passend bij moderne interieurs en gevels. Bovendien is Alutrend Quadrat FB dankzij geavanceerde technologische oplossingen en hoge esthetiek ongetwijfeld een uitstekende keuze voor mensen die waarde hechten aan duurzaamheid, functionaliteit en design.<\/p>\n<p>&nbsp;<\/p>\n<h4>Aanpassing aan verschillende vereisten<\/h4>\n<p>&nbsp;<\/p>\n<p>Het Alutrend Quadrat FB systeem is verkrijgbaar in twee dieptevarianten:<\/p>\n<ul>\n<li><strong>XL (88 mm)<\/strong> \u2013 ideaal voor standaard isolatievereisten,<\/li>\n<li><strong>MAX (102 mm)<\/strong> \u2013 zorgen voor nog betere thermische en akoestische parameters.<\/li>\n<\/ul>\n<p>Hierdoor kan het product perfect worden afgestemd op verschillende architecturale ontwerpen, zowel in moderne gebouwen als in meer klassieke gebouwen.<\/p>\n<p>&nbsp;<\/p>\n<h4>Ruime keuze aan materialen en beglazing<\/h4>\n<p>&nbsp;<\/p>\n<p>Alutrend Quadrat FB biedt een ruime keuze aan houtsoorten, zoals grenen, eiken of meranti, waardoor u de uitstraling van de ramen harmonieus kunt afstemmen op de stijl van het interieur. Het systeem maakt het gebruik mogelijk van:<\/p>\n<ul>\n<li><strong>Driedubbele beglazing<\/strong> \u2013 zorgen voor een optimale isolatie,<\/li>\n<li><strong>Vierruits beglazing<\/strong> \u2013 het hoogste thermische en akoestische comfort garanderen.<\/li>\n<\/ul>\n<p>Deze oplossing zorgt ervoor dat de ramen in dit systeem energiebesparend zijn en in elke klimaatzone comfortabel te gebruiken zijn.<\/p>\n<p>&nbsp;<\/p>\n<h4>Alutrend Quadrat FB \u2013 Duurzaamheid en bescherming<\/h4>\n<p>&nbsp;<\/p>\n<p>Het systeem is voorzien van <strong>drie zeehondenlijnen<\/strong>, die vooral effectief beschermen tegen vocht, maar ook tegen wind en andere weersinvloeden. Bovendien geeft de mogelijkheid om opbouw- of verborgen scharnieren te gebruiken u volledige vrijheid bij het personaliseren van het product. Hierdoor zijn deze ramen niet alleen duurzaam, maar ook flexibel in gebruik.<\/p>\n<p>&nbsp;<\/p>\n<h4>Belangrijkste voordelen van het Alutrend Quadrat FB-systeem:<\/h4>\n<p>&nbsp;<\/p>\n<ol>\n<li><strong>Minimalistisch ontwerp:<\/strong> Gelijkliggende deurblad- en kozijnoverlays benadrukken de moderne uitstraling.<\/li>\n<li><strong>Flexibiliteit:<\/strong> Twee profieldieptes (88 mm en 102 mm) aangepast aan verschillende projecten.<\/li>\n<li><strong>Energie-effici\u00ebntie:<\/strong> Drie- en vierdubbele beglazing voor optimale thermische en akoestische isolatie.<\/li>\n<li><strong>Duurzaamheid:<\/strong> Drie afdichtingslijnen bieden langdurige bescherming tegen weersomstandigheden.<\/li>\n<li><strong>Personalisatie:<\/strong> Selectie van houtsoorten en scharnieren voor individuele behoeften.<\/li>\n<\/ol>\n<p>&nbsp;<\/p>\n<h4>Al jaren de perfecte oplossing<\/h4>\n<p>&nbsp;<\/p>\n<p>Alutrend Quadrat FB is een combinatie van moderniteit, duurzaamheid en geavanceerde technologie\u00ebn. Het systeem voldoet aan de verwachtingen van zelfs de meest veeleisende gebruikers en biedt niet alleen uitstekende functionaliteit, maar ook een tijdloos ontwerp dat het karakter van elk project benadrukt.<\/p>\n<p>&nbsp;<\/p>\n<\/div>\n<p><em>Bertrand maakt gebruik van de meest geavanceerde houtvernissen. Onze AQUATOP lak, die wij standaard gebruiken, beschermt oppervlakken tegen weersinvloeden en geeft ze een gladde en langdurige bescherming.<\/em><\/p>\n<p><em>AQUATOP wordt gekenmerkt door een uitstekende weerstand tegen vocht. Het beschermt oppervlakken tegen water, regen en vocht en voorkomt problemen zoals rot, schimmel en schade na verloop van tijd. Biedt het hele jaar door betrouwbare weerstand, in elk klimaat.\u00a0<\/em><\/p>\n<p><em>Dankzij geavanceerde en innovatieve vernissen en een zorgvuldig productieproces, dat een hybride is van automatisch slijpen van vlakke oppervlakken en handmatig slijpen van moeilijk bereikbare oppervlakken, zoals het oppervlak binnen het kozijn, hebben onze houten ramen een gladde en onberispelijke afwerking .<\/em><\/p>\n<p><em>Houten ramen van Bertrand zijn perfect voor warme klimaten dankzij het gebruik van vernis met koude pigmenten.<\/em><\/p>\n<p>&nbsp;<\/p>\n<h4><strong><a href=\"https:\/\/bertrand.pl\/nl\/kleur\/\">Kleuren van ramen en deuren<\/a><\/strong><\/h4>\n<\/div>\n<\/div>\n<\/div>\n<\/div>\n<\/div>\n<\/div>","protected":false},"excerpt":{"rendered":"<p><strong>De schoonheid van natuurlijk hout<\/strong>.<\/p>\n<p>Quadrat FB is een modern hout-aluminium systeem dat zich onderscheidt door rechthoekige vormen en een elegant design, waarbij de vleugelafdekking gelijk ligt met de deurkozijnafdekking.<\/p>","protected":false},"featured_media":1055,"template":"","meta":{"site-sidebar-layout":"default","site-content-layout":"","ast-site-content-layout":"default","site-content-style":"default","site-sidebar-style":"default","ast-global-header-display":"","ast-banner-title-visibility":"","ast-main-header-display":"","ast-hfb-above-header-display":"","ast-hfb-below-header-display":"","ast-hfb-mobile-header-display":"","site-post-title":"","ast-breadcrumbs-content":"","ast-featured-img":"","footer-sml-layout":"","ast-disable-related-posts":"","theme-transparent-header-meta":"default","adv-header-id-meta":"","stick-header-meta":"","header-above-stick-meta":"","header-main-stick-meta":"","header-below-stick-meta":"","astra-migrate-meta-layouts":"set","ast-page-background-enabled":"default","ast-page-background-meta":{"desktop":{"background-color":"var(--ast-global-color-4)","background-image":"","background-repeat":"repeat","background-position":"center center","background-size":"auto","background-attachment":"scroll","background-type":"","background-media":"","overlay-type":"","overlay-color":"","overlay-opacity":"","overlay-gradient":""},"tablet":{"background-color":"","background-image":"","background-repeat":"repeat","background-position":"center center","background-size":"auto","background-attachment":"scroll","background-type":"","background-media":"","overlay-type":"","overlay-color":"","overlay-opacity":"","overlay-gradient":""},"mobile":{"background-color":"","background-image":"","background-repeat":"repeat","background-position":"center center","background-size":"auto","background-attachment":"scroll","background-type":"","background-media":"","overlay-type":"","overlay-color":"","overlay-opacity":"","overlay-gradient":""}},"ast-content-background-meta":{"desktop":{"background-color":"var(--ast-global-color-5)","background-image":"","background-repeat":"repeat","background-position":"center center","background-size":"auto","background-attachment":"scroll","background-type":"","background-media":"","overlay-type":"","overlay-color":"","overlay-opacity":"","overlay-gradient":""},"tablet":{"background-color":"var(--ast-global-color-5)","background-image":"","background-repeat":"repeat","background-position":"center center","background-size":"auto","background-attachment":"scroll","background-type":"","background-media":"","overlay-type":"","overlay-color":"","overlay-opacity":"","overlay-gradient":""},"mobile":{"background-color":"var(--ast-global-color-5)","background-image":"","background-repeat":"repeat","background-position":"center center","background-size":"auto","background-attachment":"scroll","background-type":"","background-media":"","overlay-type":"","overlay-color":"","overlay-opacity":"","overlay-gradient":""}}},"product_brand":[],"product_cat":[27],"product_tag":[316,193,384,168,326,367,368,339,311,352,354,344,346,408,370,389,398,405,361,366,397,174,355,323,363,324,423,424,351,169,422,362,348],"class_list":{"0":"post-1054","1":"product","2":"type-product","3":"status-publish","4":"has-post-thumbnail","6":"product_cat-okna-drewniano-aluminiowe","7":"product_tag-aluminiowe-okno","8":"product_tag-aluminium","9":"product_tag-alutrend","10":"product_tag-bertrand","11":"product_tag-budowa-domu","12":"product_tag-budownictwo","13":"product_tag-budownictwo-pasywne","14":"product_tag-design","15":"product_tag-dobre-wlasciwosci-termiczne","16":"product_tag-dobreokna","17":"product_tag-drewno","18":"product_tag-duze-okna","19":"product_tag-duze-przestrzenie","20":"product_tag-duze-przeszklenia","21":"product_tag-idealne-okna-do-domu","22":"product_tag-izolacja-akustyczna","23":"product_tag-izolacja-cieplna","24":"product_tag-izolacja-termiczna","25":"product_tag-jakosc","26":"product_tag-komfort","27":"product_tag-light","28":"product_tag-okna","29":"product_tag-okna-drewniano-aluminiowe","30":"product_tag-okna-z-polski","31":"product_tag-oknazpolski","32":"product_tag-okno-dla-domu","33":"product_tag-okno-drewniane","34":"product_tag-okno-drewniano-aluminiowe","35":"product_tag-oknobertrand","36":"product_tag-produkt","37":"product_tag-quadrat","38":"product_tag-quality","39":"product_tag-windows","40":"desktop-align-left","41":"tablet-align-left","42":"mobile-align-left","44":"first","45":"instock","46":"shipping-taxable","47":"product-type-simple"},"yoast_head":"<!-- This site is optimized with the Yoast SEO Premium plugin v27.2 (Yoast SEO v27.2) - https:\/\/yoast.com\/product\/yoast-seo-premium-wordpress\/ -->\n<title>Alutrend Quadrat FB - Bertrand. Najwy\u017cszej jako\u015bci okna i drzwi. Certyfikowany producent od 1969 roku.<\/title>\n<meta name=\"description\" content=\"Alutrend Quadrat FB \u2013 nowoczesny system drewniano-aluminiowy od Bertrand. Design, trwa\u0142o\u015b\u0107 i funkcjonalno\u015b\u0107 w jednym produkcie.\" \/>\n<meta name=\"robots\" content=\"index, follow, max-snippet:-1, max-image-preview:large, max-video-preview:-1\" \/>\n<link rel=\"canonical\" href=\"https:\/\/bertrand.pl\/nl\/product-2\/alutrend-kwadrat-fb\/\" \/>\n<meta property=\"og:locale\" content=\"nl_NL\" \/>\n<meta property=\"og:type\" content=\"article\" \/>\n<meta property=\"og:title\" content=\"Alutrend Quadrat FB\" \/>\n<meta property=\"og:description\" content=\"Alutrend Quadrat FB \u2013 nowoczesny system drewniano-aluminiowy od Bertrand. Design, trwa\u0142o\u015b\u0107 i funkcjonalno\u015b\u0107 w jednym produkcie.\" \/>\n<meta property=\"og:url\" content=\"https:\/\/bertrand.pl\/nl\/product-2\/alutrend-kwadrat-fb\/\" \/>\n<meta property=\"og:site_name\" content=\"Bertrand. Najwy\u017cszej jako\u015bci okna i drzwi. Certyfikowany producent od 1969 roku.\" \/>\n<meta property=\"article:publisher\" content=\"https:\/\/www.facebook.com\/bertrandpolska\/\" \/>\n<meta property=\"article:modified_time\" content=\"2025-03-06T14:26:04+00:00\" \/>\n<meta property=\"og:image\" content=\"https:\/\/bertrand.pl\/wp-content\/uploads\/2023\/12\/wood_alu_Alutrend_Quadrat_FB_big.jpg\" \/>\n\t<meta property=\"og:image:width\" content=\"600\" \/>\n\t<meta property=\"og:image:height\" content=\"600\" \/>\n\t<meta property=\"og:image:type\" content=\"image\/jpeg\" \/>\n<meta name=\"twitter:card\" content=\"summary_large_image\" \/>\n<meta name=\"twitter:label1\" content=\"Geschatte leestijd\" \/>\n\t<meta name=\"twitter:data1\" content=\"3 minuten\" \/>\n<script type=\"application\/ld+json\" class=\"yoast-schema-graph\">{\"@context\":\"https:\/\/schema.org\",\"@graph\":[{\"@type\":\"WebPage\",\"@id\":\"https:\/\/bertrand.pl\/produkt\/alutrend-quadrat-fb\/\",\"url\":\"https:\/\/bertrand.pl\/produkt\/alutrend-quadrat-fb\/\",\"name\":\"Alutrend Quadrat FB - Bertrand. Najwy\u017cszej jako\u015bci okna i drzwi. Certyfikowany producent od 1969 roku.\",\"isPartOf\":{\"@id\":\"https:\/\/bertrand.pl\/#website\"},\"primaryImageOfPage\":{\"@id\":\"https:\/\/bertrand.pl\/produkt\/alutrend-quadrat-fb\/#primaryimage\"},\"image\":{\"@id\":\"https:\/\/bertrand.pl\/produkt\/alutrend-quadrat-fb\/#primaryimage\"},\"thumbnailUrl\":\"https:\/\/bertrand.pl\/wp-content\/uploads\/2023\/12\/wood_alu_Alutrend_Quadrat_FB_big.jpg\",\"datePublished\":\"2023-12-13T10:09:29+00:00\",\"dateModified\":\"2025-03-06T14:26:04+00:00\",\"description\":\"Alutrend Quadrat FB \u2013 nowoczesny system drewniano-aluminiowy od Bertrand. Design, trwa\u0142o\u015b\u0107 i funkcjonalno\u015b\u0107 w jednym produkcie.\",\"breadcrumb\":{\"@id\":\"https:\/\/bertrand.pl\/produkt\/alutrend-quadrat-fb\/#breadcrumb\"},\"inLanguage\":\"nl-NL\",\"potentialAction\":[{\"@type\":\"ReadAction\",\"target\":[\"https:\/\/bertrand.pl\/produkt\/alutrend-quadrat-fb\/\"]}]},{\"@type\":\"ImageObject\",\"inLanguage\":\"nl-NL\",\"@id\":\"https:\/\/bertrand.pl\/produkt\/alutrend-quadrat-fb\/#primaryimage\",\"url\":\"https:\/\/bertrand.pl\/wp-content\/uploads\/2023\/12\/wood_alu_Alutrend_Quadrat_FB_big.jpg\",\"contentUrl\":\"https:\/\/bertrand.pl\/wp-content\/uploads\/2023\/12\/wood_alu_Alutrend_Quadrat_FB_big.jpg\",\"width\":600,\"height\":600},{\"@type\":\"BreadcrumbList\",\"@id\":\"https:\/\/bertrand.pl\/produkt\/alutrend-quadrat-fb\/#breadcrumb\",\"itemListElement\":[{\"@type\":\"ListItem\",\"position\":1,\"name\":\"Strona g\u0142\u00f3wna\",\"item\":\"https:\/\/bertrand.pl\/\"},{\"@type\":\"ListItem\",\"position\":2,\"name\":\"Produits\",\"item\":\"https:\/\/bertrand.pl\/fr\/shop\/\"},{\"@type\":\"ListItem\",\"position\":3,\"name\":\"Alutrend Quadrat FB\"}]},{\"@type\":\"WebSite\",\"@id\":\"https:\/\/bertrand.pl\/#website\",\"url\":\"https:\/\/bertrand.pl\/\",\"name\":\"Bertrand.pl\",\"description\":\"Firma Bertrand to certyfikowany i uznany producent najwy\u017cszej jako\u015bci okien z PVC, z drewna lub aluminium. Produkcja drzwi, rolet i bram gara\u017cowych.\",\"publisher\":{\"@id\":\"https:\/\/bertrand.pl\/#organization\"},\"potentialAction\":[{\"@type\":\"SearchAction\",\"target\":{\"@type\":\"EntryPoint\",\"urlTemplate\":\"https:\/\/bertrand.pl\/?s={search_term_string}\"},\"query-input\":{\"@type\":\"PropertyValueSpecification\",\"valueRequired\":true,\"valueName\":\"search_term_string\"}}],\"inLanguage\":\"nl-NL\"},{\"@type\":\"Organization\",\"@id\":\"https:\/\/bertrand.pl\/#organization\",\"name\":\"Bertrand.pl\",\"url\":\"https:\/\/bertrand.pl\/\",\"logo\":{\"@type\":\"ImageObject\",\"inLanguage\":\"nl-NL\",\"@id\":\"https:\/\/bertrand.pl\/#\/schema\/logo\/image\/\",\"url\":\"https:\/\/bertrand.pl\/wp-content\/uploads\/2024\/12\/logo_BB_TM_PL_black.png\",\"contentUrl\":\"https:\/\/bertrand.pl\/wp-content\/uploads\/2024\/12\/logo_BB_TM_PL_black.png\",\"width\":1831,\"height\":1831,\"caption\":\"Bertrand.pl\"},\"image\":{\"@id\":\"https:\/\/bertrand.pl\/#\/schema\/logo\/image\/\"},\"sameAs\":[\"https:\/\/www.facebook.com\/bertrandpolska\/\",\"https:\/\/www.instagram.com\/bertrand_okna_i_drzwi\/\",\"https:\/\/www.linkedin.com\/company\/bertrand\/\",\"https:\/\/www.tiktok.com\/@bertrand_okna_drzwi\"]}]}<\/script>\n<!-- \/ Yoast SEO Premium plugin. -->","yoast_head_json":{"title":"Alutrend Quadrat FB - Bertrand. Najwy\u017cszej jako\u015bci okna i drzwi. Certyfikowany producent od 1969 roku.","description":"Alutrend Quadrat FB \u2013 een modern hout-aluminiumsysteem van Bertrand. Design, duurzaamheid en functionaliteit in \u00e9\u00e9n product.","robots":{"index":"index","follow":"follow","max-snippet":"max-snippet:-1","max-image-preview":"max-image-preview:large","max-video-preview":"max-video-preview:-1"},"canonical":"https:\/\/bertrand.pl\/nl\/product-2\/alutrend-kwadrat-fb\/","og_locale":"nl_NL","og_type":"article","og_title":"Alutrend Quadrat FB","og_description":"Alutrend Quadrat FB \u2013 nowoczesny system drewniano-aluminiowy od Bertrand. Design, trwa\u0142o\u015b\u0107 i funkcjonalno\u015b\u0107 w jednym produkcie.","og_url":"https:\/\/bertrand.pl\/nl\/product-2\/alutrend-kwadrat-fb\/","og_site_name":"Bertrand. Najwy\u017cszej jako\u015bci okna i drzwi. Certyfikowany producent od 1969 roku.","article_publisher":"https:\/\/www.facebook.com\/bertrandpolska\/","article_modified_time":"2025-03-06T14:26:04+00:00","og_image":[{"width":600,"height":600,"url":"https:\/\/bertrand.pl\/wp-content\/uploads\/2023\/12\/wood_alu_Alutrend_Quadrat_FB_big.jpg","type":"image\/jpeg"}],"twitter_card":"summary_large_image","twitter_misc":{"Geschatte leestijd":"3 minuten"},"schema":{"@context":"https:\/\/schema.org","@graph":[{"@type":"WebPage","@id":"https:\/\/bertrand.pl\/produkt\/alutrend-quadrat-fb\/","url":"https:\/\/bertrand.pl\/produkt\/alutrend-quadrat-fb\/","name":"Alutrend Quadrat FB - Bertrand. Najwy\u017cszej jako\u015bci okna i drzwi. Certyfikowany producent od 1969 roku.","isPartOf":{"@id":"https:\/\/bertrand.pl\/#website"},"primaryImageOfPage":{"@id":"https:\/\/bertrand.pl\/produkt\/alutrend-quadrat-fb\/#primaryimage"},"image":{"@id":"https:\/\/bertrand.pl\/produkt\/alutrend-quadrat-fb\/#primaryimage"},"thumbnailUrl":"https:\/\/bertrand.pl\/wp-content\/uploads\/2023\/12\/wood_alu_Alutrend_Quadrat_FB_big.jpg","datePublished":"2023-12-13T10:09:29+00:00","dateModified":"2025-03-06T14:26:04+00:00","description":"Alutrend Quadrat FB \u2013 een modern hout-aluminiumsysteem van Bertrand. Design, duurzaamheid en functionaliteit in \u00e9\u00e9n product.","breadcrumb":{"@id":"https:\/\/bertrand.pl\/produkt\/alutrend-quadrat-fb\/#breadcrumb"},"inLanguage":"nl-NL","potentialAction":[{"@type":"ReadAction","target":["https:\/\/bertrand.pl\/produkt\/alutrend-quadrat-fb\/"]}]},{"@type":"ImageObject","inLanguage":"nl-NL","@id":"https:\/\/bertrand.pl\/produkt\/alutrend-quadrat-fb\/#primaryimage","url":"https:\/\/bertrand.pl\/wp-content\/uploads\/2023\/12\/wood_alu_Alutrend_Quadrat_FB_big.jpg","contentUrl":"https:\/\/bertrand.pl\/wp-content\/uploads\/2023\/12\/wood_alu_Alutrend_Quadrat_FB_big.jpg","width":600,"height":600},{"@type":"BreadcrumbList","@id":"https:\/\/bertrand.pl\/produkt\/alutrend-quadrat-fb\/#breadcrumb","itemListElement":[{"@type":"ListItem","position":1,"name":"Strona g\u0142\u00f3wna","item":"https:\/\/bertrand.pl\/"},{"@type":"ListItem","position":2,"name":"Produits","item":"https:\/\/bertrand.pl\/fr\/shop\/"},{"@type":"ListItem","position":3,"name":"Alutrend Quadrat FB"}]},{"@type":"WebSite","@id":"https:\/\/bertrand.pl\/#website","url":"https:\/\/bertrand.pl\/","name":"Bertrand.pl","description":"Firma Bertrand to certyfikowany i uznany producent najwy\u017cszej jako\u015bci okien z PVC, z drewna lub aluminium. Produkcja drzwi, rolet i bram gara\u017cowych.","publisher":{"@id":"https:\/\/bertrand.pl\/#organization"},"potentialAction":[{"@type":"SearchAction","target":{"@type":"EntryPoint","urlTemplate":"https:\/\/bertrand.pl\/?s={search_term_string}"},"query-input":{"@type":"PropertyValueSpecification","valueRequired":true,"valueName":"search_term_string"}}],"inLanguage":"nl-NL"},{"@type":"Organization","@id":"https:\/\/bertrand.pl\/#organization","name":"Bertrand.pl","url":"https:\/\/bertrand.pl\/","logo":{"@type":"ImageObject","inLanguage":"nl-NL","@id":"https:\/\/bertrand.pl\/#\/schema\/logo\/image\/","url":"https:\/\/bertrand.pl\/wp-content\/uploads\/2024\/12\/logo_BB_TM_PL_black.png","contentUrl":"https:\/\/bertrand.pl\/wp-content\/uploads\/2024\/12\/logo_BB_TM_PL_black.png","width":1831,"height":1831,"caption":"Bertrand.pl"},"image":{"@id":"https:\/\/bertrand.pl\/#\/schema\/logo\/image\/"},"sameAs":["https:\/\/www.facebook.com\/bertrandpolska\/","https:\/\/www.instagram.com\/bertrand_okna_i_drzwi\/","https:\/\/www.linkedin.com\/company\/bertrand\/","https:\/\/www.tiktok.com\/@bertrand_okna_drzwi"]}]}},"_links":{"self":[{"href":"https:\/\/bertrand.pl\/nl\/wp-json\/wp\/v2\/product\/1054","targetHints":{"allow":["GET"]}}],"collection":[{"href":"https:\/\/bertrand.pl\/nl\/wp-json\/wp\/v2\/product"}],"about":[{"href":"https:\/\/bertrand.pl\/nl\/wp-json\/wp\/v2\/types\/product"}],"wp:featuredmedia":[{"embeddable":true,"href":"https:\/\/bertrand.pl\/nl\/wp-json\/wp\/v2\/media\/1055"}],"wp:attachment":[{"href":"https:\/\/bertrand.pl\/nl\/wp-json\/wp\/v2\/media?parent=1054"}],"wp:term":[{"taxonomy":"product_brand","embeddable":true,"href":"https:\/\/bertrand.pl\/nl\/wp-json\/wp\/v2\/product_brand?post=1054"},{"taxonomy":"product_cat","embeddable":true,"href":"https:\/\/bertrand.pl\/nl\/wp-json\/wp\/v2\/product_cat?post=1054"},{"taxonomy":"product_tag","embeddable":true,"href":"https:\/\/bertrand.pl\/nl\/wp-json\/wp\/v2\/product_tag?post=1054"}],"curies":[{"name":"wp","href":"https:\/\/api.w.org\/{rel}","templated":true}]}}