{"id":1070,"date":"2024-09-18T08:34:06","date_gmt":"2024-09-18T06:34:06","guid":{"rendered":"https:\/\/bertrand.pl\/?post_type=product&#038;p=1070"},"modified":"2025-07-14T15:05:57","modified_gmt":"2025-07-14T13:05:57","slug":"mb-tt50","status":"publish","type":"product","link":"https:\/\/bertrand.pl\/nl\/produkt\/mb-tt50\/","title":{"rendered":"MBTT50"},"content":{"rendered":"<h3>System budowlany MB-TT50 \u2013 innowacyjne podej\u015bcie do \u015bcian os\u0142onowych<\/h3>\n<p>&nbsp;<\/p>\n<p>System budowlany <strong>MB-TT50<\/strong> to nowoczesne rozwi\u0105zanie do konstrukcji \u015bcian os\u0142onowych. Odpowiada na potrzeby wsp\u00f3\u0142czesnego budownictwa, \u0142\u0105cz\u0105c innowacyjne technologie z praktyczn\u0105 funkcjonalno\u015bci\u0105. Dzi\u0119ki temu wyb\u00f3r tego systemu staje si\u0119 idealnym rozwi\u0105zaniem dla projektant\u00f3w i inwestor\u00f3w.<\/p>\n<p>&nbsp;<\/p>\n<h3>Kluczowe cechy systemu<\/h3>\n<p>&nbsp;<\/p>\n<p>Najwa\u017cniejsz\u0105 zalet\u0105 <strong>MB-TT50<\/strong> jest wysoka izolacyjno\u015b\u0107 termiczna. System pozwala na realizacj\u0119 projekt\u00f3w nastawionych na energooszcz\u0119dno\u015b\u0107. To czyni go odpowiednim zar\u00f3wno dla budynk\u00f3w komercyjnych, jak i mieszkalnych. Spe\u0142nia r\u00f3wnie\u017c wszystkie aktualne normy dotycz\u0105ce oszcz\u0119dzania energii, co sprzyja zr\u00f3wnowa\u017conemu rozwojowi.<\/p>\n<p>Konstrukcja no\u015bna sk\u0142ada si\u0119 z pionowych i poziomych profili o przekroju skrzynkowym. Akcesoria \u0142\u0105cz\u0105 elementy, zapewniaj\u0105c tak\u017ce ich szczelno\u015b\u0107. Dzi\u0119ki elastycznej konstrukcji mo\u017cliwe jest dopasowanie systemu do uk\u0142adu s\u0142upowo-ryglowego lub bardziej zoptymalizowanego uk\u0142adu ryglowego.<\/p>\n<p>&nbsp;<\/p>\n<h3>Nowoczesny design i trwa\u0142o\u015b\u0107 systemy MB-TT50<\/h3>\n<p>&nbsp;<\/p>\n<p>\u00d3w system umo\u017cliwia tworzenie estetycznych fasad, poniewa\u017c listwy maskuj\u0105ce o r\u00f3\u017cnorodnych kszta\u0142tach pozwalaj\u0105 uzyska\u0107 nowoczesny wygl\u0105d budynk\u00f3w. Szyby podtrzymuj\u0105 listwy dociskowe, co zapewnia ich stabilno\u015b\u0107 i trwa\u0142o\u015b\u0107. Elegancka forma fasad nadaje projektom wyj\u0105tkowy charakter.<\/p>\n<p>System \u015bciany os\u0142onowej \u0142\u0105czy si\u0119 z obiektem za pomoc\u0105 wspornik\u00f3w. Te elementy maj\u0105 wysok\u0105 no\u015bno\u015b\u0107 i gwarantuj\u0105 trwa\u0142o\u015b\u0107 konstrukcji. Wsporniki spe\u0142niaj\u0105 wszystkie wymagania wsp\u00f3\u0142czesnych projekt\u00f3w, dbaj\u0105c o bezpiecze\u0144stwo i funkcjonalno\u015b\u0107.<\/p>\n<p>&nbsp;<\/p>\n<h3>Optymalne rozwi\u0105zanie dla wymagaj\u0105cych projekt\u00f3w<\/h3>\n<p>&nbsp;<\/p>\n<p>Ten system to doskona\u0142e rozwi\u0105zanie dla nowoczesnych projekt\u00f3w. Albowiem \u0142\u0105czy efektywno\u015b\u0107 energetyczn\u0105, estetyk\u0119 i trwa\u0142o\u015b\u0107, za\u015b ponadto \u015bwietnie sprawdza si\u0119 w du\u017cych budynkach komercyjnych i nowoczesnych obiektach mieszkalnych.<\/p>\n<p>&nbsp;<\/p>\n<figure id=\"attachment_5110\" aria-describedby=\"caption-attachment-5110\" style=\"width: 600px\" class=\"wp-caption alignnone\"><img fetchpriority=\"high\" decoding=\"async\" class=\"wp-image-5110\" src=\"https:\/\/bertrand.pl\/wp-content\/uploads\/2023\/12\/mb_tt50.webp\" alt=\"Fasada MB TT50 to rozwi\u0105zanie, kt\u00f3re \u0142\u0105czy efektywno\u015b\u0107 energetyczn\u0105, estetyk\u0119 i trwa\u0142o\u015b\u0107.\" width=\"600\" height=\"535\" srcset=\"https:\/\/bertrand.pl\/wp-content\/uploads\/2023\/12\/mb_tt50.webp 800w, https:\/\/bertrand.pl\/wp-content\/uploads\/2023\/12\/mb_tt50-420x374.webp 420w, https:\/\/bertrand.pl\/wp-content\/uploads\/2023\/12\/mb_tt50-768x684.webp 768w, https:\/\/bertrand.pl\/wp-content\/uploads\/2023\/12\/mb_tt50-13x12.webp 13w, https:\/\/bertrand.pl\/wp-content\/uploads\/2023\/12\/mb_tt50-600x535.webp 600w\" sizes=\"(max-width: 600px) 100vw, 600px\" \/><figcaption id=\"caption-attachment-5110\" class=\"wp-caption-text\">Fasada MB TT50<\/figcaption><\/figure>\n<div class=\"flex-shrink-0 flex flex-col relative items-end\">\n<div>\n<div class=\"pt-0\">\n<div class=\"gizmo-bot-avatar flex h-8 w-8 items-center justify-center overflow-hidden rounded-full\">\n<div class=\"relative p-1 rounded-sm flex items-center justify-center bg-token-main-surface-primary text-token-text-primary h-8 w-8\"><\/div>\n<\/div>\n<\/div>\n<\/div>\n<\/div>\n<div class=\"group\/conversation-turn relative flex w-full min-w-0 flex-col agent-turn\">\n<div class=\"flex-col gap-1 md:gap-3\">\n<div class=\"flex max-w-full flex-col flex-grow\">\n<div class=\"min-h-8 text-message flex w-full flex-col items-end gap-2 whitespace-normal break-words text-start [.text-message+&amp;]:mt-5\" dir=\"auto\" data-message-author-role=\"assistant\" data-message-id=\"96140086-b4af-4b98-b2b7-1879f52f607f\" data-message-model-slug=\"gpt-4o\">\n<div class=\"flex w-full flex-col gap-1 empty:hidden first:pt-[3px]\">\n<div class=\"markdown prose w-full break-words dark:prose-invert light\">\n<h3>Kluczowe zalety systemu MB-TT50:<\/h3>\n<p>&nbsp;<\/p>\n<ul>\n<li><strong>Wysoka izolacyjno\u015b\u0107 termiczna<\/strong> \u2013 pozwala na oszcz\u0119dno\u015b\u0107 energii i realizacj\u0119 projekt\u00f3w energooszcz\u0119dnych.<\/li>\n<li><strong>Wszechstronno\u015b\u0107 konstrukcji<\/strong> \u2013 mo\u017cliwo\u015b\u0107 monta\u017cu w uk\u0142adzie s\u0142upowo-ryglowym lub zoptymalizowanym uk\u0142adzie ryglowym.<\/li>\n<li><strong>Nowoczesny design<\/strong> \u2013 zastosowanie listew maskuj\u0105cych o r\u00f3\u017cnorodnych kszta\u0142tach dla estetycznych fasad.<\/li>\n<li><strong>Trwa\u0142o\u015b\u0107 i stabilno\u015b\u0107<\/strong> \u2013 profile skrzynkowe oraz listwy dociskowe gwarantuj\u0105 solidno\u015b\u0107 konstrukcji.<\/li>\n<li><strong>Elastyczno\u015b\u0107 projektowa<\/strong> \u2013 dopasowanie systemu do r\u00f3\u017cnorodnych projekt\u00f3w, zar\u00f3wno mieszkalnych, jak i komercyjnych.<\/li>\n<li><strong>Efektywno\u015b\u0107 energetyczna<\/strong> \u2013 spe\u0142nia normy dotycz\u0105ce oszcz\u0119dzania energii, wspieraj\u0105c zr\u00f3wnowa\u017cony rozw\u00f3j.<\/li>\n<li><strong>Bezpieczne \u0142\u0105czenie element\u00f3w<\/strong> \u2013 wsporniki o wysokiej no\u015bno\u015bci zapewniaj\u0105 trwa\u0142o\u015b\u0107 i bezpiecze\u0144stwo.<\/li>\n<li><strong>\u0141atwo\u015b\u0107 monta\u017cu<\/strong> \u2013 konstrukcja u\u0142atwia szybkie i efektywne wykonanie \u015bcian os\u0142onowych.<\/li>\n<li><strong>Trwa\u0142o\u015b\u0107 materia\u0142\u00f3w<\/strong> \u2013 wysoka jako\u015b\u0107 u\u017cytych komponent\u00f3w zwi\u0119ksza odporno\u015b\u0107 na czynniki zewn\u0119trzne.<\/li>\n<li style=\"text-align: left;\"><strong>Zastosowanie w r\u00f3\u017cnych typach budynk\u00f3w<\/strong> \u2013 system idealny do nowoczesnych biurowc\u00f3w, obiekt\u00f3w mieszkalnych i komercyjnych.<br \/>\n<h4><strong>ZOBACZ TAK\u017bE:<\/strong><\/h4>\n<\/li>\n<\/ul>\n<p><a href=\"https:\/\/www.youtube.com\/watch?v=vzA4OHyNgz8&amp;t=5s\">MB79N Window with Infratherm Technology by Bertrand<\/a><\/p>\n<p><a href=\"https:\/\/bertrand.pl\/nietypowe-projekty-i-realizacje\/\">Nietypowe projekty i realizacje &#8211; Bertrand.pl<\/a><\/p>\n<p>&nbsp;<\/p>\n<\/div>\n<\/div>\n<\/div>\n<\/div>\n<\/div>\n<\/div>\n<p>&nbsp;<\/p>\n","protected":false},"excerpt":{"rendered":"<p><strong>MODERN ALUMINIUM GEVELSYSTEEM<\/strong><\/p>\n<p>Dit systeem maakt gebruik van een innovatieve aanpak, zowel op het gebied van de constructie van profielen en accessoires die verantwoordelijk zijn voor de dichtheid, als op het gebied van montagetechnologie. Daarom worden aluminium gevels in het MB-TT50-systeem gekenmerkt door enkele van de beste parameters op de markt, die zelfs voldoen aan de hoogste eisen die bij passiefbouw worden gesteld.<\/p>","protected":false},"featured_media":5109,"template":"","meta":{"site-sidebar-layout":"default","site-content-layout":"","ast-site-content-layout":"default","site-content-style":"default","site-sidebar-style":"default","ast-global-header-display":"","ast-banner-title-visibility":"","ast-main-header-display":"","ast-hfb-above-header-display":"","ast-hfb-below-header-display":"","ast-hfb-mobile-header-display":"","site-post-title":"","ast-breadcrumbs-content":"","ast-featured-img":"","footer-sml-layout":"","ast-disable-related-posts":"","theme-transparent-header-meta":"default","adv-header-id-meta":"","stick-header-meta":"","header-above-stick-meta":"","header-main-stick-meta":"","header-below-stick-meta":"","astra-migrate-meta-layouts":"set","ast-page-background-enabled":"default","ast-page-background-meta":{"desktop":{"background-color":"var(--ast-global-color-4)","background-image":"","background-repeat":"repeat","background-position":"center center","background-size":"auto","background-attachment":"scroll","background-type":"","background-media":"","overlay-type":"","overlay-color":"","overlay-opacity":"","overlay-gradient":""},"tablet":{"background-color":"","background-image":"","background-repeat":"repeat","background-position":"center center","background-size":"auto","background-attachment":"scroll","background-type":"","background-media":"","overlay-type":"","overlay-color":"","overlay-opacity":"","overlay-gradient":""},"mobile":{"background-color":"","background-image":"","background-repeat":"repeat","background-position":"center center","background-size":"auto","background-attachment":"scroll","background-type":"","background-media":"","overlay-type":"","overlay-color":"","overlay-opacity":"","overlay-gradient":""}},"ast-content-background-meta":{"desktop":{"background-color":"var(--ast-global-color-5)","background-image":"","background-repeat":"repeat","background-position":"center center","background-size":"auto","background-attachment":"scroll","background-type":"","background-media":"","overlay-type":"","overlay-color":"","overlay-opacity":"","overlay-gradient":""},"tablet":{"background-color":"var(--ast-global-color-5)","background-image":"","background-repeat":"repeat","background-position":"center center","background-size":"auto","background-attachment":"scroll","background-type":"","background-media":"","overlay-type":"","overlay-color":"","overlay-opacity":"","overlay-gradient":""},"mobile":{"background-color":"var(--ast-global-color-5)","background-image":"","background-repeat":"repeat","background-position":"center center","background-size":"auto","background-attachment":"scroll","background-type":"","background-media":"","overlay-type":"","overlay-color":"","overlay-opacity":"","overlay-gradient":""}}},"product_brand":[],"product_cat":[20],"product_tag":[193,806,168,326,367,368,339,414,420,344,346,408,1238,419,418,417,969,389,398,405,825,361,1379,1382,1383,1377,1381,1262,1386,1380,1385,1378,1384,754],"class_list":{"0":"post-1070","1":"product","2":"type-product","3":"status-publish","4":"has-post-thumbnail","6":"product_cat-fasady","7":"product_tag-aluminium","8":"product_tag-architektura","9":"product_tag-bertrand","10":"product_tag-budowa-domu","11":"product_tag-budownictwo","12":"product_tag-budownictwo-pasywne","13":"product_tag-design","14":"product_tag-doskonala-izolacja-termiczna","15":"product_tag-duza-powierzchnia-szkla","16":"product_tag-duze-okna","17":"product_tag-duze-przestrzenie","18":"product_tag-duze-przeszklenia","19":"product_tag-efektywnosc-energetyczna","20":"product_tag-fasada","21":"product_tag-fasada-aluminowa","22":"product_tag-fasady","23":"product_tag-fasady-aluminiowe","24":"product_tag-izolacja-akustyczna","25":"product_tag-izolacja-cieplna","26":"product_tag-izolacja-termiczna","27":"product_tag-izolacyjnosc-termiczna","28":"product_tag-jakosc","29":"product_tag-konstrukcja-fasad","30":"product_tag-listwy-dociskowe","31":"product_tag-listwy-maskujace","32":"product_tag-mb-tt50","33":"product_tag-montaz-slupowo-ryglowy","34":"product_tag-nowoczesne-budownictwo","35":"product_tag-nowoczesne-systemy-budowlane","36":"product_tag-profile-skrzynkowe","37":"product_tag-projektowanie-budynkow","38":"product_tag-system-scian-oslonowych","39":"product_tag-wsporniki-nosne","40":"product_tag-zrownowazony-rozwoj","41":"desktop-align-left","42":"tablet-align-left","43":"mobile-align-left","45":"first","46":"instock","47":"shipping-taxable","48":"product-type-simple"},"yoast_head":"<!-- This site is optimized with the Yoast SEO Premium plugin v27.2 (Yoast SEO v27.2) - https:\/\/yoast.com\/product\/yoast-seo-premium-wordpress\/ -->\n<title>MB-TT50 \u2013 fasada energooszcz\u0119dnej przysz\u0142o\u015bci<\/title>\n<meta name=\"description\" content=\"MB TT50 to nowoczesna konstrukcja. Wysoka izolacyjno\u015b\u0107 termiczna stanowi kluczow\u0105 zalet\u0119. Znakomicie wp\u0142ywa na na efektywno\u015bci energetycznej budynk\u00f3w.\" \/>\n<meta name=\"robots\" content=\"index, follow, max-snippet:-1, max-image-preview:large, max-video-preview:-1\" \/>\n<link rel=\"canonical\" href=\"https:\/\/bertrand.pl\/nl\/product-2\/mb-tt50\/\" \/>\n<meta property=\"og:locale\" content=\"nl_NL\" \/>\n<meta property=\"og:type\" content=\"article\" \/>\n<meta property=\"og:title\" content=\"MB TT50\" \/>\n<meta property=\"og:description\" content=\"MB TT50 to nowoczesna konstrukcja. Wysoka izolacyjno\u015b\u0107 termiczna stanowi kluczow\u0105 zalet\u0119. Znakomicie wp\u0142ywa na na efektywno\u015bci energetycznej budynk\u00f3w.\" \/>\n<meta property=\"og:url\" content=\"https:\/\/bertrand.pl\/nl\/product-2\/mb-tt50\/\" \/>\n<meta property=\"og:site_name\" content=\"Bertrand. Najwy\u017cszej jako\u015bci okna i drzwi. Certyfikowany producent od 1969 roku.\" \/>\n<meta property=\"article:publisher\" content=\"https:\/\/www.facebook.com\/bertrandpolska\/\" \/>\n<meta property=\"article:modified_time\" content=\"2025-07-14T13:05:57+00:00\" \/>\n<meta property=\"og:image\" content=\"https:\/\/bertrand.pl\/wp-content\/uploads\/2023\/12\/mb-tt50-3-pl.webp\" \/>\n\t<meta property=\"og:image:width\" content=\"558\" \/>\n\t<meta property=\"og:image:height\" content=\"614\" \/>\n\t<meta property=\"og:image:type\" content=\"image\/webp\" \/>\n<meta name=\"twitter:card\" content=\"summary_large_image\" \/>\n<meta name=\"twitter:label1\" content=\"Geschatte leestijd\" \/>\n\t<meta name=\"twitter:data1\" content=\"3 minuten\" \/>\n<script type=\"application\/ld+json\" class=\"yoast-schema-graph\">{\"@context\":\"https:\/\/schema.org\",\"@graph\":[{\"@type\":\"WebPage\",\"@id\":\"https:\/\/bertrand.pl\/produkt\/mb-tt50\/\",\"url\":\"https:\/\/bertrand.pl\/produkt\/mb-tt50\/\",\"name\":\"MB-TT50 \u2013 fasada energooszcz\u0119dnej przysz\u0142o\u015bci\",\"isPartOf\":{\"@id\":\"https:\/\/bertrand.pl\/#website\"},\"primaryImageOfPage\":{\"@id\":\"https:\/\/bertrand.pl\/produkt\/mb-tt50\/#primaryimage\"},\"image\":{\"@id\":\"https:\/\/bertrand.pl\/produkt\/mb-tt50\/#primaryimage\"},\"thumbnailUrl\":\"https:\/\/bertrand.pl\/wp-content\/uploads\/2023\/12\/mb-tt50-3-pl.webp\",\"datePublished\":\"2024-09-18T06:34:06+00:00\",\"dateModified\":\"2025-07-14T13:05:57+00:00\",\"description\":\"MB TT50 to nowoczesna konstrukcja. Wysoka izolacyjno\u015b\u0107 termiczna stanowi kluczow\u0105 zalet\u0119. Znakomicie wp\u0142ywa na na efektywno\u015bci energetycznej budynk\u00f3w.\",\"breadcrumb\":{\"@id\":\"https:\/\/bertrand.pl\/produkt\/mb-tt50\/#breadcrumb\"},\"inLanguage\":\"nl-NL\",\"potentialAction\":[{\"@type\":\"ReadAction\",\"target\":[\"https:\/\/bertrand.pl\/produkt\/mb-tt50\/\"]}]},{\"@type\":\"ImageObject\",\"inLanguage\":\"nl-NL\",\"@id\":\"https:\/\/bertrand.pl\/produkt\/mb-tt50\/#primaryimage\",\"url\":\"https:\/\/bertrand.pl\/wp-content\/uploads\/2023\/12\/mb-tt50-3-pl.webp\",\"contentUrl\":\"https:\/\/bertrand.pl\/wp-content\/uploads\/2023\/12\/mb-tt50-3-pl.webp\",\"width\":558,\"height\":614},{\"@type\":\"BreadcrumbList\",\"@id\":\"https:\/\/bertrand.pl\/produkt\/mb-tt50\/#breadcrumb\",\"itemListElement\":[{\"@type\":\"ListItem\",\"position\":1,\"name\":\"Strona g\u0142\u00f3wna\",\"item\":\"https:\/\/bertrand.pl\/\"},{\"@type\":\"ListItem\",\"position\":2,\"name\":\"Produits\",\"item\":\"https:\/\/bertrand.pl\/fr\/shop\/\"},{\"@type\":\"ListItem\",\"position\":3,\"name\":\"MB TT50\"}]},{\"@type\":\"WebSite\",\"@id\":\"https:\/\/bertrand.pl\/#website\",\"url\":\"https:\/\/bertrand.pl\/\",\"name\":\"Bertrand.pl\",\"description\":\"Firma Bertrand to certyfikowany i uznany producent najwy\u017cszej jako\u015bci okien z PVC, z drewna lub aluminium. Produkcja drzwi, rolet i bram gara\u017cowych.\",\"publisher\":{\"@id\":\"https:\/\/bertrand.pl\/#organization\"},\"potentialAction\":[{\"@type\":\"SearchAction\",\"target\":{\"@type\":\"EntryPoint\",\"urlTemplate\":\"https:\/\/bertrand.pl\/?s={search_term_string}\"},\"query-input\":{\"@type\":\"PropertyValueSpecification\",\"valueRequired\":true,\"valueName\":\"search_term_string\"}}],\"inLanguage\":\"nl-NL\"},{\"@type\":\"Organization\",\"@id\":\"https:\/\/bertrand.pl\/#organization\",\"name\":\"Bertrand.pl\",\"url\":\"https:\/\/bertrand.pl\/\",\"logo\":{\"@type\":\"ImageObject\",\"inLanguage\":\"nl-NL\",\"@id\":\"https:\/\/bertrand.pl\/#\/schema\/logo\/image\/\",\"url\":\"https:\/\/bertrand.pl\/wp-content\/uploads\/2024\/12\/logo_BB_TM_PL_black.png\",\"contentUrl\":\"https:\/\/bertrand.pl\/wp-content\/uploads\/2024\/12\/logo_BB_TM_PL_black.png\",\"width\":1831,\"height\":1831,\"caption\":\"Bertrand.pl\"},\"image\":{\"@id\":\"https:\/\/bertrand.pl\/#\/schema\/logo\/image\/\"},\"sameAs\":[\"https:\/\/www.facebook.com\/bertrandpolska\/\",\"https:\/\/www.instagram.com\/bertrand_okna_i_drzwi\/\",\"https:\/\/www.linkedin.com\/company\/bertrand\/\",\"https:\/\/www.tiktok.com\/@bertrand_okna_drzwi\"]}]}<\/script>\n<!-- \/ Yoast SEO Premium plugin. -->","yoast_head_json":{"title":"MB-TT50 \u2013 fasada energooszcz\u0119dnej przysz\u0142o\u015bci","description":"MB TT50 is een modern ontwerp. Hoge thermische isolatie is een belangrijk voordeel. Het heeft een grote impact op de energie-effici\u00ebntie van gebouwen.","robots":{"index":"index","follow":"follow","max-snippet":"max-snippet:-1","max-image-preview":"max-image-preview:large","max-video-preview":"max-video-preview:-1"},"canonical":"https:\/\/bertrand.pl\/nl\/product-2\/mb-tt50\/","og_locale":"nl_NL","og_type":"article","og_title":"MB TT50","og_description":"MB TT50 to nowoczesna konstrukcja. Wysoka izolacyjno\u015b\u0107 termiczna stanowi kluczow\u0105 zalet\u0119. Znakomicie wp\u0142ywa na na efektywno\u015bci energetycznej budynk\u00f3w.","og_url":"https:\/\/bertrand.pl\/nl\/product-2\/mb-tt50\/","og_site_name":"Bertrand. Najwy\u017cszej jako\u015bci okna i drzwi. Certyfikowany producent od 1969 roku.","article_publisher":"https:\/\/www.facebook.com\/bertrandpolska\/","article_modified_time":"2025-07-14T13:05:57+00:00","og_image":[{"width":558,"height":614,"url":"https:\/\/bertrand.pl\/wp-content\/uploads\/2023\/12\/mb-tt50-3-pl.webp","type":"image\/webp"}],"twitter_card":"summary_large_image","twitter_misc":{"Geschatte leestijd":"3 minuten"},"schema":{"@context":"https:\/\/schema.org","@graph":[{"@type":"WebPage","@id":"https:\/\/bertrand.pl\/produkt\/mb-tt50\/","url":"https:\/\/bertrand.pl\/produkt\/mb-tt50\/","name":"MB-TT50 \u2013 fasada energooszcz\u0119dnej przysz\u0142o\u015bci","isPartOf":{"@id":"https:\/\/bertrand.pl\/#website"},"primaryImageOfPage":{"@id":"https:\/\/bertrand.pl\/produkt\/mb-tt50\/#primaryimage"},"image":{"@id":"https:\/\/bertrand.pl\/produkt\/mb-tt50\/#primaryimage"},"thumbnailUrl":"https:\/\/bertrand.pl\/wp-content\/uploads\/2023\/12\/mb-tt50-3-pl.webp","datePublished":"2024-09-18T06:34:06+00:00","dateModified":"2025-07-14T13:05:57+00:00","description":"MB TT50 is een modern ontwerp. Hoge thermische isolatie is een belangrijk voordeel. Het heeft een grote impact op de energie-effici\u00ebntie van gebouwen.","breadcrumb":{"@id":"https:\/\/bertrand.pl\/produkt\/mb-tt50\/#breadcrumb"},"inLanguage":"nl-NL","potentialAction":[{"@type":"ReadAction","target":["https:\/\/bertrand.pl\/produkt\/mb-tt50\/"]}]},{"@type":"ImageObject","inLanguage":"nl-NL","@id":"https:\/\/bertrand.pl\/produkt\/mb-tt50\/#primaryimage","url":"https:\/\/bertrand.pl\/wp-content\/uploads\/2023\/12\/mb-tt50-3-pl.webp","contentUrl":"https:\/\/bertrand.pl\/wp-content\/uploads\/2023\/12\/mb-tt50-3-pl.webp","width":558,"height":614},{"@type":"BreadcrumbList","@id":"https:\/\/bertrand.pl\/produkt\/mb-tt50\/#breadcrumb","itemListElement":[{"@type":"ListItem","position":1,"name":"Strona g\u0142\u00f3wna","item":"https:\/\/bertrand.pl\/"},{"@type":"ListItem","position":2,"name":"Produits","item":"https:\/\/bertrand.pl\/fr\/shop\/"},{"@type":"ListItem","position":3,"name":"MB TT50"}]},{"@type":"WebSite","@id":"https:\/\/bertrand.pl\/#website","url":"https:\/\/bertrand.pl\/","name":"Bertrand.pl","description":"Firma Bertrand to certyfikowany i uznany producent najwy\u017cszej jako\u015bci okien z PVC, z drewna lub aluminium. Produkcja drzwi, rolet i bram gara\u017cowych.","publisher":{"@id":"https:\/\/bertrand.pl\/#organization"},"potentialAction":[{"@type":"SearchAction","target":{"@type":"EntryPoint","urlTemplate":"https:\/\/bertrand.pl\/?s={search_term_string}"},"query-input":{"@type":"PropertyValueSpecification","valueRequired":true,"valueName":"search_term_string"}}],"inLanguage":"nl-NL"},{"@type":"Organization","@id":"https:\/\/bertrand.pl\/#organization","name":"Bertrand.pl","url":"https:\/\/bertrand.pl\/","logo":{"@type":"ImageObject","inLanguage":"nl-NL","@id":"https:\/\/bertrand.pl\/#\/schema\/logo\/image\/","url":"https:\/\/bertrand.pl\/wp-content\/uploads\/2024\/12\/logo_BB_TM_PL_black.png","contentUrl":"https:\/\/bertrand.pl\/wp-content\/uploads\/2024\/12\/logo_BB_TM_PL_black.png","width":1831,"height":1831,"caption":"Bertrand.pl"},"image":{"@id":"https:\/\/bertrand.pl\/#\/schema\/logo\/image\/"},"sameAs":["https:\/\/www.facebook.com\/bertrandpolska\/","https:\/\/www.instagram.com\/bertrand_okna_i_drzwi\/","https:\/\/www.linkedin.com\/company\/bertrand\/","https:\/\/www.tiktok.com\/@bertrand_okna_drzwi"]}]}},"_links":{"self":[{"href":"https:\/\/bertrand.pl\/nl\/wp-json\/wp\/v2\/product\/1070","targetHints":{"allow":["GET"]}}],"collection":[{"href":"https:\/\/bertrand.pl\/nl\/wp-json\/wp\/v2\/product"}],"about":[{"href":"https:\/\/bertrand.pl\/nl\/wp-json\/wp\/v2\/types\/product"}],"wp:featuredmedia":[{"embeddable":true,"href":"https:\/\/bertrand.pl\/nl\/wp-json\/wp\/v2\/media\/5109"}],"wp:attachment":[{"href":"https:\/\/bertrand.pl\/nl\/wp-json\/wp\/v2\/media?parent=1070"}],"wp:term":[{"taxonomy":"product_brand","embeddable":true,"href":"https:\/\/bertrand.pl\/nl\/wp-json\/wp\/v2\/product_brand?post=1070"},{"taxonomy":"product_cat","embeddable":true,"href":"https:\/\/bertrand.pl\/nl\/wp-json\/wp\/v2\/product_cat?post=1070"},{"taxonomy":"product_tag","embeddable":true,"href":"https:\/\/bertrand.pl\/nl\/wp-json\/wp\/v2\/product_tag?post=1070"}],"curies":[{"name":"wp","href":"https:\/\/api.w.org\/{rel}","templated":true}]}}