{"id":1113,"date":"2025-03-13T13:18:56","date_gmt":"2025-03-13T12:18:56","guid":{"rendered":"https:\/\/bertrand.pl\/?post_type=product&#038;p=1113"},"modified":"2025-07-10T14:32:07","modified_gmt":"2025-07-10T12:32:07","slug":"smoovi","status":"publish","type":"product","link":"https:\/\/bertrand.pl\/nl\/produkt\/smoovio\/","title":{"rendered":"Smoovio"},"content":{"rendered":"<p class=\"translation-block\">Het <strong>SMOOVIO<\/strong> schuifsysteem is een moderne oplossing die gebruikscomfort combineert met het hoogste niveau van dichtheid. Bij traditionele schuifsystemen was er vaak een probleem waarbij het bedieningscomfort gepaard ging met een verminderde dichtheid. Dankzij het gebruik van het innovatieve sluitmechanisme in het SMOOVIO-systeem is het lekkageprobleem echter volledig ge\u00eblimineerd. Deze oplossing zorgt voor een soepele bediening van schuifelementen en een sterke en veilige sluiting, waardoor een uitstekende bescherming tegen tocht, vocht en geluid wordt gegarandeerd.<\/p>\n<p>&nbsp;<\/p>\n<h4><strong>Nog meer ruimte in uw interieur<\/strong><\/h4>\n<p>&nbsp;<\/p>\n<p>Schuifsystemen zoals SMOOVIO zijn uiterst praktisch, vooral in kleine ruimtes. Traditionele ramen en deuren vereisen een vrije openingszone van de vleugel, wat de opstellingsmogelijkheden beperkt. Het schuifsysteem elimineert dit probleem echter, waardoor de ruimte direct onder het raam of nabij de schuifdeur volledig kan worden benut. Hierdoor krijgt u meer vrije ruimte in uw interieur, wat vooral belangrijk is in kleine appartementen, waar elke centimeter ruimte goud waard is.<\/p>\n<p>&nbsp;<\/p>\n<h4><strong>Functionaliteit en esthetiek in \u00e9\u00e9n<\/strong><\/h4>\n<p>&nbsp;<\/p>\n<p>SMOOVIO is niet alleen een praktische oplossing, maar ook een systeem dat perfect past in een modern interieurontwerp. Dankzij schuifmechanismen zien ramen en deuren er esthetisch aantrekkelijk uit en is het gebruik ervan uiterst handig. Bovendien werkt het schuifsysteem soepel, wat het comfort van het dagelijks gebruik aanzienlijk vergroot.<\/p>\n<p>&nbsp;<\/p>\n<h4><strong>Waarom is het de moeite waard om voor het SMOOVIO-systeem te kiezen?<\/strong><\/h4>\n<p>&nbsp;<\/p>\n<ul>\n<li class=\"translation-block\"><strong>Dichtheid:<\/strong> Het innovatieve sluitmechanisme garandeert volledige bescherming tegen tocht, vocht en geluid.<\/li>\n<li class=\"translation-block\"><strong>Meer ruimte:<\/strong> Mogelijkheid om de ruimte direct onder of bij het raam te gebruiken.<\/li>\n<li class=\"translation-block\"><strong>Modern design:<\/strong> perfect geschikt voor hedendaagse interieurs, waarbij esthetiek wordt gecombineerd met functionaliteit.<\/li>\n<li class=\"translation-block\"><strong>Gebruikscomfort:<\/strong> Soepele bediening van schuifelementen zorgt voor gebruiksgemak in het dagelijks leven.<\/li>\n<li class=\"translation-block\"><strong>Veelzijdigheid:<\/strong> een perfecte oplossing voor zowel kleine als grote ruimtes die effici\u00ebnt ruimtegebruik vereisen.<\/li>\n<\/ul>\n<p>&nbsp;<\/p>\n<p>Het SMOOVIO-schuifsysteem is een revolutionaire oplossing die het compromis tussen comfort en strakheid elimineert. Dankzij moderne mechanismen kunt u genieten van een soepele bediening, meer ruimte binnenin en een uitstekend ontwerp. Het is een ideale keuze voor mensen die waarde hechten aan moderniteit, functionaliteit en de hoogste kwaliteit.<\/p>\n<p>&nbsp;<\/p>\n<p>&nbsp;<\/p>\n<p>&nbsp;<\/p>\n<h4><strong><a href=\"https:\/\/bertrand.pl\/nl\/kleur\/\">Kleuren van ramen en deuren<\/a><\/strong><\/h4>","protected":false},"excerpt":{"rendered":"<p><strong>MODERN BERTRAND SCHUIFSYSTEEM<\/strong><\/p>\n<p>De ruimte in een appartement is zeer kostbaar en moet optimaal worden benut. Het SMOOVIO-schuifsysteem zorgt voor gebruikscomfort, ruimtebesparing en een uitzonderlijke dichtheid. De unieke eigenschappen van dit nieuwe schuifsysteem zijn het resultaat van de synergetische combinatie van elementen zoals een nieuw beslagontwerp, innovatieve profielgeometrie en een doordachte vorm van de afdichtingen.<\/p>","protected":false},"featured_media":1115,"template":"","meta":{"site-sidebar-layout":"default","site-content-layout":"","ast-site-content-layout":"default","site-content-style":"default","site-sidebar-style":"default","ast-global-header-display":"","ast-banner-title-visibility":"","ast-main-header-display":"","ast-hfb-above-header-display":"","ast-hfb-below-header-display":"","ast-hfb-mobile-header-display":"","site-post-title":"","ast-breadcrumbs-content":"","ast-featured-img":"","footer-sml-layout":"","ast-disable-related-posts":"","theme-transparent-header-meta":"default","adv-header-id-meta":"","stick-header-meta":"","header-above-stick-meta":"","header-main-stick-meta":"","header-below-stick-meta":"","astra-migrate-meta-layouts":"set","ast-page-background-enabled":"default","ast-page-background-meta":{"desktop":{"background-color":"var(--ast-global-color-4)","background-image":"","background-repeat":"repeat","background-position":"center center","background-size":"auto","background-attachment":"scroll","background-type":"","background-media":"","overlay-type":"","overlay-color":"","overlay-opacity":"","overlay-gradient":""},"tablet":{"background-color":"","background-image":"","background-repeat":"repeat","background-position":"center center","background-size":"auto","background-attachment":"scroll","background-type":"","background-media":"","overlay-type":"","overlay-color":"","overlay-opacity":"","overlay-gradient":""},"mobile":{"background-color":"","background-image":"","background-repeat":"repeat","background-position":"center center","background-size":"auto","background-attachment":"scroll","background-type":"","background-media":"","overlay-type":"","overlay-color":"","overlay-opacity":"","overlay-gradient":""}},"ast-content-background-meta":{"desktop":{"background-color":"var(--ast-global-color-5)","background-image":"","background-repeat":"repeat","background-position":"center center","background-size":"auto","background-attachment":"scroll","background-type":"","background-media":"","overlay-type":"","overlay-color":"","overlay-opacity":"","overlay-gradient":""},"tablet":{"background-color":"var(--ast-global-color-5)","background-image":"","background-repeat":"repeat","background-position":"center center","background-size":"auto","background-attachment":"scroll","background-type":"","background-media":"","overlay-type":"","overlay-color":"","overlay-opacity":"","overlay-gradient":""},"mobile":{"background-color":"var(--ast-global-color-5)","background-image":"","background-repeat":"repeat","background-position":"center center","background-size":"auto","background-attachment":"scroll","background-type":"","background-media":"","overlay-type":"","overlay-color":"","overlay-opacity":"","overlay-gradient":""}}},"product_brand":[],"product_cat":[18],"product_tag":[168,326,367,377,343,338,333,344,358,370,393,394,361,366,174,351,392,364,169,362,391,390],"class_list":{"0":"post-1113","1":"product","2":"type-product","3":"status-publish","4":"has-post-thumbnail","6":"product_cat-systemy-tarasowe","7":"product_tag-bertrand","8":"product_tag-budowa-domu","9":"product_tag-budownictwo","10":"product_tag-dobre-drzwi","11":"product_tag-drzwi-do-domu","12":"product_tag-drzwi-podnoszono-przesuwne","13":"product_tag-drzwi-przesuwne","14":"product_tag-duze-okna","15":"product_tag-gealan","16":"product_tag-idealne-okna-do-domu","17":"product_tag-innowacje","18":"product_tag-innowacyjne-drzwi","19":"product_tag-jakosc","20":"product_tag-komfort","21":"product_tag-okna","22":"product_tag-oknobertrand","23":"product_tag-otwarta-przestrzen","24":"product_tag-polskieokna","25":"product_tag-produkt","26":"product_tag-quality","27":"product_tag-smoovio","28":"product_tag-szczelnosc","29":"desktop-align-left","30":"tablet-align-left","31":"mobile-align-left","33":"first","34":"instock","35":"shipping-taxable","36":"product-type-simple"},"yoast_head":"<!-- This site is optimized with the Yoast SEO Premium plugin v27.2 (Yoast SEO v27.2) - https:\/\/yoast.com\/product\/yoast-seo-premium-wordpress\/ -->\n<title>SMOOVIO \u2013 wi\u0119cej miejsca, wi\u0119cej mo\u017cliwo\u015bci.<\/title>\n<meta name=\"description\" content=\"SMOOVIO \u2013 nowoczesny system przesuwny \u0142\u0105cz\u0105cy szczelno\u015b\u0107, p\u0142ynno\u015b\u0107 pracy i oszcz\u0119dno\u015b\u0107 miejsca. Wi\u0119ksza przestrze\u0144, wygoda i doskona\u0142y design w jednym!\" \/>\n<meta name=\"robots\" content=\"index, follow, max-snippet:-1, max-image-preview:large, max-video-preview:-1\" \/>\n<link rel=\"canonical\" href=\"https:\/\/bertrand.pl\/nl\/product-2\/smoovi\/\" \/>\n<meta property=\"og:locale\" content=\"nl_NL\" \/>\n<meta property=\"og:type\" content=\"article\" \/>\n<meta property=\"og:title\" content=\"Smoovio\" \/>\n<meta property=\"og:description\" content=\"SMOOVIO \u2013 nowoczesny system przesuwny \u0142\u0105cz\u0105cy szczelno\u015b\u0107, p\u0142ynno\u015b\u0107 pracy i oszcz\u0119dno\u015b\u0107 miejsca. Wi\u0119ksza przestrze\u0144, wygoda i doskona\u0142y design w jednym!\" \/>\n<meta property=\"og:url\" content=\"https:\/\/bertrand.pl\/nl\/product-2\/smoovi\/\" \/>\n<meta property=\"og:site_name\" content=\"Bertrand. Najwy\u017cszej jako\u015bci okna i drzwi. Certyfikowany producent od 1969 roku.\" \/>\n<meta property=\"article:publisher\" content=\"https:\/\/www.facebook.com\/bertrandpolska\/\" \/>\n<meta property=\"article:modified_time\" content=\"2025-07-10T12:32:07+00:00\" \/>\n<meta property=\"og:image\" content=\"https:\/\/bertrand.pl\/wp-content\/uploads\/2023\/12\/Schema_2.jpg\" \/>\n\t<meta property=\"og:image:width\" content=\"900\" \/>\n\t<meta property=\"og:image:height\" content=\"600\" \/>\n\t<meta property=\"og:image:type\" content=\"image\/jpeg\" \/>\n<meta name=\"twitter:card\" content=\"summary_large_image\" \/>\n<meta name=\"twitter:label1\" content=\"Geschatte leestijd\" \/>\n\t<meta name=\"twitter:data1\" content=\"3 minuten\" \/>\n<script type=\"application\/ld+json\" class=\"yoast-schema-graph\">{\"@context\":\"https:\/\/schema.org\",\"@graph\":[{\"@type\":\"WebPage\",\"@id\":\"https:\/\/bertrand.pl\/produkt\/smoovio\/\",\"url\":\"https:\/\/bertrand.pl\/produkt\/smoovio\/\",\"name\":\"SMOOVIO \u2013 wi\u0119cej miejsca, wi\u0119cej mo\u017cliwo\u015bci.\",\"isPartOf\":{\"@id\":\"https:\/\/bertrand.pl\/#website\"},\"primaryImageOfPage\":{\"@id\":\"https:\/\/bertrand.pl\/produkt\/smoovio\/#primaryimage\"},\"image\":{\"@id\":\"https:\/\/bertrand.pl\/produkt\/smoovio\/#primaryimage\"},\"thumbnailUrl\":\"https:\/\/bertrand.pl\/wp-content\/uploads\/2023\/12\/Schema_2.jpg\",\"datePublished\":\"2025-03-13T12:18:56+00:00\",\"dateModified\":\"2025-07-10T12:32:07+00:00\",\"description\":\"SMOOVIO \u2013 nowoczesny system przesuwny \u0142\u0105cz\u0105cy szczelno\u015b\u0107, p\u0142ynno\u015b\u0107 pracy i oszcz\u0119dno\u015b\u0107 miejsca. Wi\u0119ksza przestrze\u0144, wygoda i doskona\u0142y design w jednym!\",\"breadcrumb\":{\"@id\":\"https:\/\/bertrand.pl\/produkt\/smoovio\/#breadcrumb\"},\"inLanguage\":\"nl-NL\",\"potentialAction\":[{\"@type\":\"ReadAction\",\"target\":[\"https:\/\/bertrand.pl\/produkt\/smoovio\/\"]}]},{\"@type\":\"ImageObject\",\"inLanguage\":\"nl-NL\",\"@id\":\"https:\/\/bertrand.pl\/produkt\/smoovio\/#primaryimage\",\"url\":\"https:\/\/bertrand.pl\/wp-content\/uploads\/2023\/12\/Schema_2.jpg\",\"contentUrl\":\"https:\/\/bertrand.pl\/wp-content\/uploads\/2023\/12\/Schema_2.jpg\",\"width\":900,\"height\":600},{\"@type\":\"BreadcrumbList\",\"@id\":\"https:\/\/bertrand.pl\/produkt\/smoovio\/#breadcrumb\",\"itemListElement\":[{\"@type\":\"ListItem\",\"position\":1,\"name\":\"Strona g\u0142\u00f3wna\",\"item\":\"https:\/\/bertrand.pl\/\"},{\"@type\":\"ListItem\",\"position\":2,\"name\":\"Produits\",\"item\":\"https:\/\/bertrand.pl\/fr\/shop\/\"},{\"@type\":\"ListItem\",\"position\":3,\"name\":\"Smoovio\"}]},{\"@type\":\"WebSite\",\"@id\":\"https:\/\/bertrand.pl\/#website\",\"url\":\"https:\/\/bertrand.pl\/\",\"name\":\"Bertrand.pl\",\"description\":\"Firma Bertrand to certyfikowany i uznany producent najwy\u017cszej jako\u015bci okien z PVC, z drewna lub aluminium. Produkcja drzwi, rolet i bram gara\u017cowych.\",\"publisher\":{\"@id\":\"https:\/\/bertrand.pl\/#organization\"},\"potentialAction\":[{\"@type\":\"SearchAction\",\"target\":{\"@type\":\"EntryPoint\",\"urlTemplate\":\"https:\/\/bertrand.pl\/?s={search_term_string}\"},\"query-input\":{\"@type\":\"PropertyValueSpecification\",\"valueRequired\":true,\"valueName\":\"search_term_string\"}}],\"inLanguage\":\"nl-NL\"},{\"@type\":\"Organization\",\"@id\":\"https:\/\/bertrand.pl\/#organization\",\"name\":\"Bertrand.pl\",\"url\":\"https:\/\/bertrand.pl\/\",\"logo\":{\"@type\":\"ImageObject\",\"inLanguage\":\"nl-NL\",\"@id\":\"https:\/\/bertrand.pl\/#\/schema\/logo\/image\/\",\"url\":\"https:\/\/bertrand.pl\/wp-content\/uploads\/2024\/12\/logo_BB_TM_PL_black.png\",\"contentUrl\":\"https:\/\/bertrand.pl\/wp-content\/uploads\/2024\/12\/logo_BB_TM_PL_black.png\",\"width\":1831,\"height\":1831,\"caption\":\"Bertrand.pl\"},\"image\":{\"@id\":\"https:\/\/bertrand.pl\/#\/schema\/logo\/image\/\"},\"sameAs\":[\"https:\/\/www.facebook.com\/bertrandpolska\/\",\"https:\/\/www.instagram.com\/bertrand_okna_i_drzwi\/\",\"https:\/\/www.linkedin.com\/company\/bertrand\/\",\"https:\/\/www.tiktok.com\/@bertrand_okna_drzwi\"]}]}<\/script>\n<!-- \/ Yoast SEO Premium plugin. -->","yoast_head_json":{"title":"SMOOVIO \u2013 wi\u0119cej miejsca, wi\u0119cej mo\u017cliwo\u015bci.","description":"SMOOVIO \u2013 een modern schuifsysteem dat dichtheid, soepele bediening en ruimtebesparing combineert. Meer ruimte, comfort en perfect design in \u00e9\u00e9n!","robots":{"index":"index","follow":"follow","max-snippet":"max-snippet:-1","max-image-preview":"max-image-preview:large","max-video-preview":"max-video-preview:-1"},"canonical":"https:\/\/bertrand.pl\/nl\/product-2\/smoovi\/","og_locale":"nl_NL","og_type":"article","og_title":"Smoovio","og_description":"SMOOVIO \u2013 nowoczesny system przesuwny \u0142\u0105cz\u0105cy szczelno\u015b\u0107, p\u0142ynno\u015b\u0107 pracy i oszcz\u0119dno\u015b\u0107 miejsca. Wi\u0119ksza przestrze\u0144, wygoda i doskona\u0142y design w jednym!","og_url":"https:\/\/bertrand.pl\/nl\/product-2\/smoovi\/","og_site_name":"Bertrand. Najwy\u017cszej jako\u015bci okna i drzwi. Certyfikowany producent od 1969 roku.","article_publisher":"https:\/\/www.facebook.com\/bertrandpolska\/","article_modified_time":"2025-07-10T12:32:07+00:00","og_image":[{"width":900,"height":600,"url":"https:\/\/bertrand.pl\/wp-content\/uploads\/2023\/12\/Schema_2.jpg","type":"image\/jpeg"}],"twitter_card":"summary_large_image","twitter_misc":{"Geschatte leestijd":"3 minuten"},"schema":{"@context":"https:\/\/schema.org","@graph":[{"@type":"WebPage","@id":"https:\/\/bertrand.pl\/produkt\/smoovio\/","url":"https:\/\/bertrand.pl\/produkt\/smoovio\/","name":"SMOOVIO \u2013 wi\u0119cej miejsca, wi\u0119cej mo\u017cliwo\u015bci.","isPartOf":{"@id":"https:\/\/bertrand.pl\/#website"},"primaryImageOfPage":{"@id":"https:\/\/bertrand.pl\/produkt\/smoovio\/#primaryimage"},"image":{"@id":"https:\/\/bertrand.pl\/produkt\/smoovio\/#primaryimage"},"thumbnailUrl":"https:\/\/bertrand.pl\/wp-content\/uploads\/2023\/12\/Schema_2.jpg","datePublished":"2025-03-13T12:18:56+00:00","dateModified":"2025-07-10T12:32:07+00:00","description":"SMOOVIO \u2013 een modern schuifsysteem dat dichtheid, soepele bediening en ruimtebesparing combineert. Meer ruimte, comfort en perfect design in \u00e9\u00e9n!","breadcrumb":{"@id":"https:\/\/bertrand.pl\/produkt\/smoovio\/#breadcrumb"},"inLanguage":"nl-NL","potentialAction":[{"@type":"ReadAction","target":["https:\/\/bertrand.pl\/produkt\/smoovio\/"]}]},{"@type":"ImageObject","inLanguage":"nl-NL","@id":"https:\/\/bertrand.pl\/produkt\/smoovio\/#primaryimage","url":"https:\/\/bertrand.pl\/wp-content\/uploads\/2023\/12\/Schema_2.jpg","contentUrl":"https:\/\/bertrand.pl\/wp-content\/uploads\/2023\/12\/Schema_2.jpg","width":900,"height":600},{"@type":"BreadcrumbList","@id":"https:\/\/bertrand.pl\/produkt\/smoovio\/#breadcrumb","itemListElement":[{"@type":"ListItem","position":1,"name":"Strona g\u0142\u00f3wna","item":"https:\/\/bertrand.pl\/"},{"@type":"ListItem","position":2,"name":"Produits","item":"https:\/\/bertrand.pl\/fr\/shop\/"},{"@type":"ListItem","position":3,"name":"Smoovio"}]},{"@type":"WebSite","@id":"https:\/\/bertrand.pl\/#website","url":"https:\/\/bertrand.pl\/","name":"Bertrand.pl","description":"Firma Bertrand to certyfikowany i uznany producent najwy\u017cszej jako\u015bci okien z PVC, z drewna lub aluminium. Produkcja drzwi, rolet i bram gara\u017cowych.","publisher":{"@id":"https:\/\/bertrand.pl\/#organization"},"potentialAction":[{"@type":"SearchAction","target":{"@type":"EntryPoint","urlTemplate":"https:\/\/bertrand.pl\/?s={search_term_string}"},"query-input":{"@type":"PropertyValueSpecification","valueRequired":true,"valueName":"search_term_string"}}],"inLanguage":"nl-NL"},{"@type":"Organization","@id":"https:\/\/bertrand.pl\/#organization","name":"Bertrand.pl","url":"https:\/\/bertrand.pl\/","logo":{"@type":"ImageObject","inLanguage":"nl-NL","@id":"https:\/\/bertrand.pl\/#\/schema\/logo\/image\/","url":"https:\/\/bertrand.pl\/wp-content\/uploads\/2024\/12\/logo_BB_TM_PL_black.png","contentUrl":"https:\/\/bertrand.pl\/wp-content\/uploads\/2024\/12\/logo_BB_TM_PL_black.png","width":1831,"height":1831,"caption":"Bertrand.pl"},"image":{"@id":"https:\/\/bertrand.pl\/#\/schema\/logo\/image\/"},"sameAs":["https:\/\/www.facebook.com\/bertrandpolska\/","https:\/\/www.instagram.com\/bertrand_okna_i_drzwi\/","https:\/\/www.linkedin.com\/company\/bertrand\/","https:\/\/www.tiktok.com\/@bertrand_okna_drzwi"]}]}},"_links":{"self":[{"href":"https:\/\/bertrand.pl\/nl\/wp-json\/wp\/v2\/product\/1113","targetHints":{"allow":["GET"]}}],"collection":[{"href":"https:\/\/bertrand.pl\/nl\/wp-json\/wp\/v2\/product"}],"about":[{"href":"https:\/\/bertrand.pl\/nl\/wp-json\/wp\/v2\/types\/product"}],"wp:featuredmedia":[{"embeddable":true,"href":"https:\/\/bertrand.pl\/nl\/wp-json\/wp\/v2\/media\/1115"}],"wp:attachment":[{"href":"https:\/\/bertrand.pl\/nl\/wp-json\/wp\/v2\/media?parent=1113"}],"wp:term":[{"taxonomy":"product_brand","embeddable":true,"href":"https:\/\/bertrand.pl\/nl\/wp-json\/wp\/v2\/product_brand?post=1113"},{"taxonomy":"product_cat","embeddable":true,"href":"https:\/\/bertrand.pl\/nl\/wp-json\/wp\/v2\/product_cat?post=1113"},{"taxonomy":"product_tag","embeddable":true,"href":"https:\/\/bertrand.pl\/nl\/wp-json\/wp\/v2\/product_tag?post=1113"}],"curies":[{"name":"wp","href":"https:\/\/api.w.org\/{rel}","templated":true}]}}