{"id":2139,"date":"2024-01-18T14:44:39","date_gmt":"2024-01-18T13:44:39","guid":{"rendered":"https:\/\/bertrand.pl\/?post_type=product&#038;p=2139"},"modified":"2025-03-06T15:24:35","modified_gmt":"2025-03-06T14:24:35","slug":"alutrend-lineair","status":"publish","type":"product","link":"https:\/\/bertrand.pl\/nl\/produkt\/alutrend-linear\/","title":{"rendered":"Alutrend Linear"},"content":{"rendered":"<h4>Alutrend Linear \u2013 Idealne okna drewniano-aluminiowe dla Twojego Domu<\/h4>\n<h3><\/h3>\n<p>Het Alutrend Linear raamsysteem is een oplossing die functionaliteit, duurzaamheid en esthetiek combineert. <strong>Belangrijk<\/strong>Het gebruik van hout binnen en aluminium buiten zorgt niet alleen voor een prachtige uitstraling, maar ook voor een uitzonderlijke weerstand tegen weersomstandigheden. <strong>Dat is waarom<\/strong> het is een keuze die onder alle omstandigheden zal werken.<\/p>\n<p>&nbsp;<\/p>\n<h4>Belangrijkste kenmerken van het Alutrend-systeem:<\/h4>\n<p>&nbsp;<\/p>\n<ul>\n<li><strong>Natuurlijk hout binnen<\/strong>: Ramen zijn verkrijgbaar in de uitvoering grenen, meranti of eiken. <strong>Wat meer is<\/strong>kunt u kiezen voor een transparante afwerking die de natuurlijke structuur van het hout benadrukt, of voor een dekkende afwerking volgens het RAL-palet.<\/li>\n<li><strong>Duurzame aluminium buitenkant<\/strong>: Aluminium afdekkingen beschermen ramen tegen regen, wind en andere weersomstandigheden. <strong>Ook het vermelden waard<\/strong>dat aluminium geen ingewikkeld onderhoud vereist.<\/li>\n<li><strong>Uitstekende thermische en akoestische isolatie<\/strong>: De luchtruimte tussen het houten en aluminium frame verbetert de warmteoverdrachtsco\u00ebffici\u00ebnt (1,1-1,2 W\/m\u00b2K). <strong>Dankzij dit<\/strong> Ramen helpen de verwarmingskosten te verlagen en geluid effectief te dempen.<\/li>\n<li><strong>Een ruime keuze aan kleuren<\/strong>: Aluminium deklagen kunnen worden geverfd met een houtimiterende techniek of in uniforme RAL-kleuren. <strong>Wat meer is<\/strong>, interieurhout is ook verkrijgbaar in een breed scala aan afwerkingen.<\/li>\n<li><strong>Modern ontwerp<\/strong>: Het Alutrend Linear systeem kenmerkt zich door een vlak oppervlak van kozijn en vleugel, waardoor het een minimalistische en elegante uitstraling krijgt.<\/li>\n<li><strong>Verschillende versies om uit te kiezen<\/strong>:\n<ul>\n<li>Alutrend XL 78 Lineair \u2013 78 mm diepere vleugel, zorgt voor betere isolatie,<\/li>\n<li>Alutrend Qube 68 Linear \u2013 binnenstrip met hoekige afwerking voor mensen die waarde hechten aan moderne stijl,<\/li>\n<li>Alutrend XL Qube 78 Linear \u2013 een combinatie van beide bovenstaande oplossingen.<\/li>\n<\/ul>\n<\/li>\n<\/ul>\n<p>&nbsp;<\/p>\n<p><img fetchpriority=\"high\" decoding=\"async\" class=\"wp-image-2133 size-medium\" src=\"https:\/\/bertrand.pl\/wp-content\/uploads\/2024\/01\/strongline_photo1-420x324.webp\" alt=\"Ramen in het Alutrend Linear systeem zijn esthetisch en zeer duurzaam. \" width=\"420\" height=\"324\" srcset=\"https:\/\/bertrand.pl\/wp-content\/uploads\/2024\/01\/strongline_photo1-420x324.webp 420w, https:\/\/bertrand.pl\/wp-content\/uploads\/2024\/01\/strongline_photo1-16x12.webp 16w, https:\/\/bertrand.pl\/wp-content\/uploads\/2024\/01\/strongline_photo1-600x462.webp 600w, https:\/\/bertrand.pl\/wp-content\/uploads\/2024\/01\/strongline_photo1.webp 649w\" sizes=\"(max-width: 420px) 100vw, 420px\" \/><\/p>\n<p>&nbsp;<\/p>\n<p>Het Alutrend Linear systeem biedt geweldige kleur- en esthetische mogelijkheden. Van binnenuit kunnen ramen worden gemaakt van grenen-, meranti- en eikenhout, geverfd met transparante verven (met zichtbare houtstructuur) of dekkende verven (volgens het RAL-kleurenpalet). Aluminium overlays (de buitenkant van het raam) kunnen worden geverfd met een speciale techniek waarbij verschillende houtsoorten worden nagebootst (het zogenaamde decor) of uniform in kleuren uit het RAL-palet.<\/p>\n<p>&nbsp;<\/p>\n<h4>Wat onderscheidt Bertrand houten ramen?<\/h4>\n<p>&nbsp;<\/p>\n<ul>\n<li><strong>AQUATOP-vernis<\/strong>: Een innovatieve formule die:\n<ul>\n<li>Beschermt hout tegen vocht, regen en extreme weersomstandigheden,<\/li>\n<li>Voorkomt schimmel, rot en andere schade,<\/li>\n<li>Het garandeert een gladde, esthetische afwerking.<\/li>\n<\/ul>\n<\/li>\n<li><strong>Geschikt voor elk klimaat<\/strong>: Vernis met koude pigmenten maakt ramen perfect, zelfs in warme klimaten.<\/li>\n<li><strong>Zorgvuldige productie<\/strong>: Het productieproces omvat het automatisch slijpen van vlakke oppervlakken en het handmatig afwerken van moeilijker bereikbare plaatsen.<\/li>\n<li><strong>Duurzaamheid en esthetiek<\/strong>: Onze ramen zijn glad, onberispelijk en duurzaam bestand tegen de tijd.<\/li>\n<\/ul>\n<p>&nbsp;<\/p>\n<p><strong>ZIE OOK:<\/strong><\/p>\n<h4><strong><a href=\"https:\/\/www.youtube.com\/watch?v=6SyJjsGOovg&amp;t=3s\">Alutrend \u2013 Modern systeem van hout en aluminium<\/a><\/strong><\/h4>\n<h4><strong><a href=\"https:\/\/bertrand.pl\/nl\/kleur\/\">Kleuren van ramen en deuren<\/a><\/strong><\/h4>","protected":false},"excerpt":{"rendered":"<p><strong>Een modern systeem gemaakt van hout en aluminium<\/strong><\/p>\n<p>Wij bieden ramen voor klanten die waarde hechten aan natuurlijk hout en tegelijkertijd maximale duurzaamheid van hun ramen willen garanderen met minimale onderhoudskosten. <strong>hout-aluminium Alutrend<\/strong>.<\/p>","protected":false},"featured_media":2140,"template":"","meta":{"site-sidebar-layout":"default","site-content-layout":"","ast-site-content-layout":"default","site-content-style":"default","site-sidebar-style":"default","ast-global-header-display":"","ast-banner-title-visibility":"","ast-main-header-display":"","ast-hfb-above-header-display":"","ast-hfb-below-header-display":"","ast-hfb-mobile-header-display":"","site-post-title":"","ast-breadcrumbs-content":"","ast-featured-img":"","footer-sml-layout":"","ast-disable-related-posts":"","theme-transparent-header-meta":"default","adv-header-id-meta":"","stick-header-meta":"","header-above-stick-meta":"","header-main-stick-meta":"","header-below-stick-meta":"","astra-migrate-meta-layouts":"set","ast-page-background-enabled":"default","ast-page-background-meta":{"desktop":{"background-color":"var(--ast-global-color-4)","background-image":"","background-repeat":"repeat","background-position":"center center","background-size":"auto","background-attachment":"scroll","background-type":"","background-media":"","overlay-type":"","overlay-color":"","overlay-opacity":"","overlay-gradient":""},"tablet":{"background-color":"","background-image":"","background-repeat":"repeat","background-position":"center center","background-size":"auto","background-attachment":"scroll","background-type":"","background-media":"","overlay-type":"","overlay-color":"","overlay-opacity":"","overlay-gradient":""},"mobile":{"background-color":"","background-image":"","background-repeat":"repeat","background-position":"center center","background-size":"auto","background-attachment":"scroll","background-type":"","background-media":"","overlay-type":"","overlay-color":"","overlay-opacity":"","overlay-gradient":""}},"ast-content-background-meta":{"desktop":{"background-color":"var(--ast-global-color-5)","background-image":"","background-repeat":"repeat","background-position":"center center","background-size":"auto","background-attachment":"scroll","background-type":"","background-media":"","overlay-type":"","overlay-color":"","overlay-opacity":"","overlay-gradient":""},"tablet":{"background-color":"var(--ast-global-color-5)","background-image":"","background-repeat":"repeat","background-position":"center center","background-size":"auto","background-attachment":"scroll","background-type":"","background-media":"","overlay-type":"","overlay-color":"","overlay-opacity":"","overlay-gradient":""},"mobile":{"background-color":"var(--ast-global-color-5)","background-image":"","background-repeat":"repeat","background-position":"center center","background-size":"auto","background-attachment":"scroll","background-type":"","background-media":"","overlay-type":"","overlay-color":"","overlay-opacity":"","overlay-gradient":""}}},"product_brand":[],"product_cat":[27],"product_tag":[193,384,1455,1457,1456,1458,1472,168,360,326,367,368,339,1474,311,352,354,1461,1460,1459,344,1475,1219,1255,1467,389,405,1463,1420,1468,357,388,646,385,386,831,758,1432,1466,812,1431,369,1469,387,355,1476,1464,1452,363,324,312,351,1471,1470,362,1473,1453,1465,1244,309,348,1462,1454],"class_list":{"0":"post-2139","1":"product","2":"type-product","3":"status-publish","4":"has-post-thumbnail","6":"product_cat-okna-drewniano-aluminiowe","7":"product_tag-aluminium","8":"product_tag-alutrend","9":"product_tag-alutrend-linear","10":"product_tag-alutrend-qube-68-linear","11":"product_tag-alutrend-xl-78-linear","12":"product_tag-alutrend-xl-qube-78-linear","13":"product_tag-automatyczne-szlifowanie","14":"product_tag-bertrand","15":"product_tag-bezpieczenstwo","16":"product_tag-budowa-domu","17":"product_tag-budownictwo","18":"product_tag-budownictwo-pasywne","19":"product_tag-design","20":"product_tag-dlugotrwala-odpornosc","21":"product_tag-dobre-wlasciwosci-termiczne","22":"product_tag-dobreokna","23":"product_tag-drewno","24":"product_tag-drewno-debowe","25":"product_tag-drewno-meranti","26":"product_tag-drewno-sosnowe","27":"product_tag-duze-okna","28":"product_tag-ekologiczne-okna","29":"product_tag-energooszczedne-okna","30":"product_tag-estetyczne-okna","31":"product_tag-gladkie-wykonczenie","32":"product_tag-izolacja-akustyczna","33":"product_tag-izolacja-termiczna","34":"product_tag-kolory-ral","35":"product_tag-lakier-aquatop","36":"product_tag-lakier-z-zimnymi-pigmentami","37":"product_tag-linear","38":"product_tag-meranti","39":"product_tag-minimalistyczny-design","40":"product_tag-nakladki","41":"product_tag-nakladki-aluminiowe","42":"product_tag-nowoczesne-okna","43":"product_tag-nowoczesne-technologie","44":"product_tag-ochrona-drewna","45":"product_tag-odpornosc-na-deszcz","46":"product_tag-odpornosc-na-warunki-atmosferyczne","47":"product_tag-odpornosc-na-wilgoc","48":"product_tag-okna-do-domu","49":"product_tag-okna-do-goracego-klimatu","50":"product_tag-okna-drewniane","51":"product_tag-okna-drewniano-aluminiowe","52":"product_tag-okna-energooszczedne","53":"product_tag-okna-na-wymiar","54":"product_tag-okna-z-drewna-i-aluminium","55":"product_tag-oknazpolski","56":"product_tag-okno-dla-domu","57":"product_tag-okno-dla-twojego-domu","58":"product_tag-oknobertrand","59":"product_tag-precyzyjne-wykonczenie","60":"product_tag-proces-produkcji","61":"product_tag-quality","62":"product_tag-reczne-wykanczanie","63":"product_tag-szeroki-wybor-kolorow","64":"product_tag-trwale-drewno","65":"product_tag-trwale-okna","66":"product_tag-upvc","67":"product_tag-windows","68":"product_tag-wykonczenie-transparentne","69":"product_tag-zlicowana-powierzchnia-ramy-i-skrzydla","70":"desktop-align-left","71":"tablet-align-left","72":"mobile-align-left","74":"first","75":"instock","76":"shipping-taxable","77":"product-type-simple"},"yoast_head":"<!-- This site is optimized with the Yoast SEO Premium plugin v27.2 (Yoast SEO v27.2) - https:\/\/yoast.com\/product\/yoast-seo-premium-wordpress\/ -->\n<title>Alutrend Linear - Bertrand. Najwy\u017cszej jako\u015bci okna i drzwi. Certyfikowany producent od 1969 roku.<\/title>\n<meta name=\"description\" content=\"System Alutrend Linear to rozwi\u0105zanie \u0142\u0105cz\u0105ce funkcjonalno\u015b\u0107, trwa\u0142o\u015b\u0107 i estetyk\u0119. Nasze okna s\u0105 nieskazitelne i d\u0142ugotrwale odporne na dzia\u0142anie czasu.\" \/>\n<meta name=\"robots\" content=\"index, follow, max-snippet:-1, max-image-preview:large, max-video-preview:-1\" \/>\n<link rel=\"canonical\" href=\"https:\/\/bertrand.pl\/nl\/product-2\/alutrend-lineair\/\" \/>\n<meta property=\"og:locale\" content=\"nl_NL\" \/>\n<meta property=\"og:type\" content=\"article\" \/>\n<meta property=\"og:title\" content=\"Alutrend Linear\" \/>\n<meta property=\"og:description\" content=\"System Alutrend Linear to rozwi\u0105zanie \u0142\u0105cz\u0105ce funkcjonalno\u015b\u0107, trwa\u0142o\u015b\u0107 i estetyk\u0119. Nasze okna s\u0105 nieskazitelne i d\u0142ugotrwale odporne na dzia\u0142anie czasu.\" \/>\n<meta property=\"og:url\" content=\"https:\/\/bertrand.pl\/nl\/product-2\/alutrend-lineair\/\" \/>\n<meta property=\"og:site_name\" content=\"Bertrand. Najwy\u017cszej jako\u015bci okna i drzwi. Certyfikowany producent od 1969 roku.\" \/>\n<meta property=\"article:publisher\" content=\"https:\/\/www.facebook.com\/bertrandpolska\/\" \/>\n<meta property=\"article:modified_time\" content=\"2025-03-06T14:24:35+00:00\" \/>\n<meta property=\"og:image\" content=\"https:\/\/bertrand.pl\/wp-content\/uploads\/2024\/01\/alutrend_linear_big.webp\" \/>\n\t<meta property=\"og:image:width\" content=\"750\" \/>\n\t<meta property=\"og:image:height\" content=\"750\" \/>\n\t<meta property=\"og:image:type\" content=\"image\/webp\" \/>\n<meta name=\"twitter:card\" content=\"summary_large_image\" \/>\n<meta name=\"twitter:label1\" content=\"Geschatte leestijd\" \/>\n\t<meta name=\"twitter:data1\" content=\"3 minuten\" \/>\n<script type=\"application\/ld+json\" class=\"yoast-schema-graph\">{\"@context\":\"https:\/\/schema.org\",\"@graph\":[{\"@type\":\"WebPage\",\"@id\":\"https:\/\/bertrand.pl\/produkt\/alutrend-linear\/\",\"url\":\"https:\/\/bertrand.pl\/produkt\/alutrend-linear\/\",\"name\":\"Alutrend Linear - Bertrand. Najwy\u017cszej jako\u015bci okna i drzwi. Certyfikowany producent od 1969 roku.\",\"isPartOf\":{\"@id\":\"https:\/\/bertrand.pl\/#website\"},\"primaryImageOfPage\":{\"@id\":\"https:\/\/bertrand.pl\/produkt\/alutrend-linear\/#primaryimage\"},\"image\":{\"@id\":\"https:\/\/bertrand.pl\/produkt\/alutrend-linear\/#primaryimage\"},\"thumbnailUrl\":\"https:\/\/bertrand.pl\/wp-content\/uploads\/2024\/01\/alutrend_linear_big.webp\",\"datePublished\":\"2024-01-18T13:44:39+00:00\",\"dateModified\":\"2025-03-06T14:24:35+00:00\",\"description\":\"System Alutrend Linear to rozwi\u0105zanie \u0142\u0105cz\u0105ce funkcjonalno\u015b\u0107, trwa\u0142o\u015b\u0107 i estetyk\u0119. Nasze okna s\u0105 nieskazitelne i d\u0142ugotrwale odporne na dzia\u0142anie czasu.\",\"breadcrumb\":{\"@id\":\"https:\/\/bertrand.pl\/produkt\/alutrend-linear\/#breadcrumb\"},\"inLanguage\":\"nl-NL\",\"potentialAction\":[{\"@type\":\"ReadAction\",\"target\":[\"https:\/\/bertrand.pl\/produkt\/alutrend-linear\/\"]}]},{\"@type\":\"ImageObject\",\"inLanguage\":\"nl-NL\",\"@id\":\"https:\/\/bertrand.pl\/produkt\/alutrend-linear\/#primaryimage\",\"url\":\"https:\/\/bertrand.pl\/wp-content\/uploads\/2024\/01\/alutrend_linear_big.webp\",\"contentUrl\":\"https:\/\/bertrand.pl\/wp-content\/uploads\/2024\/01\/alutrend_linear_big.webp\",\"width\":750,\"height\":750,\"caption\":\"Alutrend Linear - estetyka i pi\u0119kno.\"},{\"@type\":\"BreadcrumbList\",\"@id\":\"https:\/\/bertrand.pl\/produkt\/alutrend-linear\/#breadcrumb\",\"itemListElement\":[{\"@type\":\"ListItem\",\"position\":1,\"name\":\"Strona g\u0142\u00f3wna\",\"item\":\"https:\/\/bertrand.pl\/\"},{\"@type\":\"ListItem\",\"position\":2,\"name\":\"Produits\",\"item\":\"https:\/\/bertrand.pl\/fr\/shop\/\"},{\"@type\":\"ListItem\",\"position\":3,\"name\":\"Alutrend Linear\"}]},{\"@type\":\"WebSite\",\"@id\":\"https:\/\/bertrand.pl\/#website\",\"url\":\"https:\/\/bertrand.pl\/\",\"name\":\"Bertrand.pl\",\"description\":\"Firma Bertrand to certyfikowany i uznany producent najwy\u017cszej jako\u015bci okien z PVC, z drewna lub aluminium. Produkcja drzwi, rolet i bram gara\u017cowych.\",\"publisher\":{\"@id\":\"https:\/\/bertrand.pl\/#organization\"},\"potentialAction\":[{\"@type\":\"SearchAction\",\"target\":{\"@type\":\"EntryPoint\",\"urlTemplate\":\"https:\/\/bertrand.pl\/?s={search_term_string}\"},\"query-input\":{\"@type\":\"PropertyValueSpecification\",\"valueRequired\":true,\"valueName\":\"search_term_string\"}}],\"inLanguage\":\"nl-NL\"},{\"@type\":\"Organization\",\"@id\":\"https:\/\/bertrand.pl\/#organization\",\"name\":\"Bertrand.pl\",\"url\":\"https:\/\/bertrand.pl\/\",\"logo\":{\"@type\":\"ImageObject\",\"inLanguage\":\"nl-NL\",\"@id\":\"https:\/\/bertrand.pl\/#\/schema\/logo\/image\/\",\"url\":\"https:\/\/bertrand.pl\/wp-content\/uploads\/2024\/12\/logo_BB_TM_PL_black.png\",\"contentUrl\":\"https:\/\/bertrand.pl\/wp-content\/uploads\/2024\/12\/logo_BB_TM_PL_black.png\",\"width\":1831,\"height\":1831,\"caption\":\"Bertrand.pl\"},\"image\":{\"@id\":\"https:\/\/bertrand.pl\/#\/schema\/logo\/image\/\"},\"sameAs\":[\"https:\/\/www.facebook.com\/bertrandpolska\/\",\"https:\/\/www.instagram.com\/bertrand_okna_i_drzwi\/\",\"https:\/\/www.linkedin.com\/company\/bertrand\/\",\"https:\/\/www.tiktok.com\/@bertrand_okna_drzwi\"]}]}<\/script>\n<!-- \/ Yoast SEO Premium plugin. -->","yoast_head_json":{"title":"Alutrend Linear - Bertrand. Najwy\u017cszej jako\u015bci okna i drzwi. Certyfikowany producent od 1969 roku.","description":"Het Alutrend Linear systeem is een oplossing die functionaliteit, duurzaamheid en esthetiek combineert. Onze ramen zijn brandschoon en langdurig bestand tegen de invloeden van de tijd.","robots":{"index":"index","follow":"follow","max-snippet":"max-snippet:-1","max-image-preview":"max-image-preview:large","max-video-preview":"max-video-preview:-1"},"canonical":"https:\/\/bertrand.pl\/nl\/product-2\/alutrend-lineair\/","og_locale":"nl_NL","og_type":"article","og_title":"Alutrend Linear","og_description":"System Alutrend Linear to rozwi\u0105zanie \u0142\u0105cz\u0105ce funkcjonalno\u015b\u0107, trwa\u0142o\u015b\u0107 i estetyk\u0119. Nasze okna s\u0105 nieskazitelne i d\u0142ugotrwale odporne na dzia\u0142anie czasu.","og_url":"https:\/\/bertrand.pl\/nl\/product-2\/alutrend-lineair\/","og_site_name":"Bertrand. Najwy\u017cszej jako\u015bci okna i drzwi. Certyfikowany producent od 1969 roku.","article_publisher":"https:\/\/www.facebook.com\/bertrandpolska\/","article_modified_time":"2025-03-06T14:24:35+00:00","og_image":[{"width":750,"height":750,"url":"https:\/\/bertrand.pl\/wp-content\/uploads\/2024\/01\/alutrend_linear_big.webp","type":"image\/webp"}],"twitter_card":"summary_large_image","twitter_misc":{"Geschatte leestijd":"3 minuten"},"schema":{"@context":"https:\/\/schema.org","@graph":[{"@type":"WebPage","@id":"https:\/\/bertrand.pl\/produkt\/alutrend-linear\/","url":"https:\/\/bertrand.pl\/produkt\/alutrend-linear\/","name":"Alutrend Linear - Bertrand. Najwy\u017cszej jako\u015bci okna i drzwi. Certyfikowany producent od 1969 roku.","isPartOf":{"@id":"https:\/\/bertrand.pl\/#website"},"primaryImageOfPage":{"@id":"https:\/\/bertrand.pl\/produkt\/alutrend-linear\/#primaryimage"},"image":{"@id":"https:\/\/bertrand.pl\/produkt\/alutrend-linear\/#primaryimage"},"thumbnailUrl":"https:\/\/bertrand.pl\/wp-content\/uploads\/2024\/01\/alutrend_linear_big.webp","datePublished":"2024-01-18T13:44:39+00:00","dateModified":"2025-03-06T14:24:35+00:00","description":"Het Alutrend Linear systeem is een oplossing die functionaliteit, duurzaamheid en esthetiek combineert. Onze ramen zijn brandschoon en langdurig bestand tegen de invloeden van de tijd.","breadcrumb":{"@id":"https:\/\/bertrand.pl\/produkt\/alutrend-linear\/#breadcrumb"},"inLanguage":"nl-NL","potentialAction":[{"@type":"ReadAction","target":["https:\/\/bertrand.pl\/produkt\/alutrend-linear\/"]}]},{"@type":"ImageObject","inLanguage":"nl-NL","@id":"https:\/\/bertrand.pl\/produkt\/alutrend-linear\/#primaryimage","url":"https:\/\/bertrand.pl\/wp-content\/uploads\/2024\/01\/alutrend_linear_big.webp","contentUrl":"https:\/\/bertrand.pl\/wp-content\/uploads\/2024\/01\/alutrend_linear_big.webp","width":750,"height":750,"caption":"Alutrend Linear - estetyka i pi\u0119kno."},{"@type":"BreadcrumbList","@id":"https:\/\/bertrand.pl\/produkt\/alutrend-linear\/#breadcrumb","itemListElement":[{"@type":"ListItem","position":1,"name":"Strona g\u0142\u00f3wna","item":"https:\/\/bertrand.pl\/"},{"@type":"ListItem","position":2,"name":"Produits","item":"https:\/\/bertrand.pl\/fr\/shop\/"},{"@type":"ListItem","position":3,"name":"Alutrend Linear"}]},{"@type":"WebSite","@id":"https:\/\/bertrand.pl\/#website","url":"https:\/\/bertrand.pl\/","name":"Bertrand.pl","description":"Firma Bertrand to certyfikowany i uznany producent najwy\u017cszej jako\u015bci okien z PVC, z drewna lub aluminium. Produkcja drzwi, rolet i bram gara\u017cowych.","publisher":{"@id":"https:\/\/bertrand.pl\/#organization"},"potentialAction":[{"@type":"SearchAction","target":{"@type":"EntryPoint","urlTemplate":"https:\/\/bertrand.pl\/?s={search_term_string}"},"query-input":{"@type":"PropertyValueSpecification","valueRequired":true,"valueName":"search_term_string"}}],"inLanguage":"nl-NL"},{"@type":"Organization","@id":"https:\/\/bertrand.pl\/#organization","name":"Bertrand.pl","url":"https:\/\/bertrand.pl\/","logo":{"@type":"ImageObject","inLanguage":"nl-NL","@id":"https:\/\/bertrand.pl\/#\/schema\/logo\/image\/","url":"https:\/\/bertrand.pl\/wp-content\/uploads\/2024\/12\/logo_BB_TM_PL_black.png","contentUrl":"https:\/\/bertrand.pl\/wp-content\/uploads\/2024\/12\/logo_BB_TM_PL_black.png","width":1831,"height":1831,"caption":"Bertrand.pl"},"image":{"@id":"https:\/\/bertrand.pl\/#\/schema\/logo\/image\/"},"sameAs":["https:\/\/www.facebook.com\/bertrandpolska\/","https:\/\/www.instagram.com\/bertrand_okna_i_drzwi\/","https:\/\/www.linkedin.com\/company\/bertrand\/","https:\/\/www.tiktok.com\/@bertrand_okna_drzwi"]}]}},"_links":{"self":[{"href":"https:\/\/bertrand.pl\/nl\/wp-json\/wp\/v2\/product\/2139","targetHints":{"allow":["GET"]}}],"collection":[{"href":"https:\/\/bertrand.pl\/nl\/wp-json\/wp\/v2\/product"}],"about":[{"href":"https:\/\/bertrand.pl\/nl\/wp-json\/wp\/v2\/types\/product"}],"wp:featuredmedia":[{"embeddable":true,"href":"https:\/\/bertrand.pl\/nl\/wp-json\/wp\/v2\/media\/2140"}],"wp:attachment":[{"href":"https:\/\/bertrand.pl\/nl\/wp-json\/wp\/v2\/media?parent=2139"}],"wp:term":[{"taxonomy":"product_brand","embeddable":true,"href":"https:\/\/bertrand.pl\/nl\/wp-json\/wp\/v2\/product_brand?post=2139"},{"taxonomy":"product_cat","embeddable":true,"href":"https:\/\/bertrand.pl\/nl\/wp-json\/wp\/v2\/product_cat?post=2139"},{"taxonomy":"product_tag","embeddable":true,"href":"https:\/\/bertrand.pl\/nl\/wp-json\/wp\/v2\/product_tag?post=2139"}],"curies":[{"name":"wp","href":"https:\/\/api.w.org\/{rel}","templated":true}]}}