{"id":2144,"date":"2023-12-14T13:00:13","date_gmt":"2023-12-14T12:00:13","guid":{"rendered":"https:\/\/bertrand.pl\/?post_type=product&#038;p=2144"},"modified":"2024-12-13T11:58:54","modified_gmt":"2024-12-13T10:58:54","slug":"psk-kantel-en-schuifsysteem","status":"publish","type":"product","link":"https:\/\/bertrand.pl\/nl\/produkt\/system-uchylno-przesuwny-psk\/","title":{"rendered":"PSK kantel- en schuifsysteem"},"content":{"rendered":"<p><strong>PSK kantel- en schuifsysteem<\/strong> is een moderne oplossing voor mensen die op zoek zijn naar functionele en esthetische terrasdeuren. Het is perfect voor moderne woningen waar ruimte een sleutelrol speelt. Dankzij de mogelijkheid om grote beglazing toe te passen, wordt het interieur optisch groter, lichter en opener naar de omgeving. PSK-deuren combineren in de eerste plaats gebruikscomfort met een aantrekkelijk uiterlijk, waardoor ze een uitstekende keuze zijn voor appartementen en huizen.<\/p>\n<p>&nbsp;<\/p>\n<h3>Het gebruik van grote beglazing<\/h3>\n<p>Het PSK-systeem maakt de introductie van grote glasoppervlakken mogelijk, tot wel 8 m\u00b2. Door deze oplossing ontstaat er een vloeiende overgang tussen binnen- en buitenruimte, waardoor het terras of de tuin een natuurlijk verlengstuk van de woning wordt. Dit is een ideale oplossing voor mensen die nauw contact met de natuur willen benadrukken en van panoramische uitzichten willen genieten.<\/p>\n<p>&nbsp;<\/p>\n<h3>Comfort en functionaliteit<\/h3>\n<p>De draai-schuifdeuren in het PSK-systeem zijn tot 1,6 meter breed, wat een comfortabele doorgang naar terras of tuin oplevert. Bovendien is het kantel- en schuifmechanisme eenvoudig te gebruiken, waardoor het gemakkelijk kan worden geopend en gesloten, zelfs bij grote deurformaten. Hierdoor zijn PSK-deuren praktisch en comfortabel in het dagelijks gebruik.<\/p>\n<p>&nbsp;<\/p>\n<h3>Voordelen van het PSK-systeem<\/h3>\n<ul>\n<li><strong>Ruimtebesparend:<\/strong> De deuren nemen bij het openen geen ruimte in de kamer in beslag, waardoor het interieur beter benut kan worden.<\/li>\n<li><strong>Stabiliteit:<\/strong> Het mechanisme voorkomt dat de deur dichtslaat door wind.<\/li>\n<li><strong>Esthetiek en personalisatie:<\/strong> Dankzij de beschikbaarheid in verschillende technologie\u00ebn (PVC, hout, aluminium, hout-aluminium) en een breed scala aan kleuren past het product bij elk interieur.<\/li>\n<li><strong>Betaalbare prijs:<\/strong> Het PSK-systeem is zuiniger dan de populaire HST-systeemdeuren.<\/li>\n<\/ul>\n<h3><\/h3>\n<p>Het PSK kantel-schuifsysteem is een perfecte combinatie van esthetiek, functionaliteit en ruimtebesparing. Dankzij het universele gebruik, de mogelijkheid tot personalisatie en een betaalbare prijs is het een ideale oplossing voor veeleisende klanten die waarde hechten aan comfort en modern design.<\/p>\n<p>&nbsp;<\/p>\n<p><img fetchpriority=\"high\" decoding=\"async\" class=\"wp-image-4995 aligncenter\" src=\"https:\/\/bertrand.pl\/wp-content\/uploads\/2023\/12\/borzestowo-28-scaled.jpg\" alt=\"\" width=\"601\" height=\"902\" srcset=\"https:\/\/bertrand.pl\/wp-content\/uploads\/2023\/12\/borzestowo-28-scaled.jpg 1707w, https:\/\/bertrand.pl\/wp-content\/uploads\/2023\/12\/borzestowo-28-280x420.jpg 280w, https:\/\/bertrand.pl\/wp-content\/uploads\/2023\/12\/borzestowo-28-907x1360.jpg 907w, https:\/\/bertrand.pl\/wp-content\/uploads\/2023\/12\/borzestowo-28-768x1152.jpg 768w, https:\/\/bertrand.pl\/wp-content\/uploads\/2023\/12\/borzestowo-28-1024x1536.jpg 1024w, https:\/\/bertrand.pl\/wp-content\/uploads\/2023\/12\/borzestowo-28-1365x2048.jpg 1365w, https:\/\/bertrand.pl\/wp-content\/uploads\/2023\/12\/borzestowo-28-8x12.jpg 8w, https:\/\/bertrand.pl\/wp-content\/uploads\/2023\/12\/borzestowo-28-600x900.jpg 600w\" sizes=\"(max-width: 601px) 100vw, 601px\" \/><\/p>\n<p>&nbsp;<\/p>\n<h4><strong><a href=\"https:\/\/bertrand.pl\/nl\/kolorystyka-okien-i-drzwi\/\">Kleuren van ramen en deuren<\/a><\/strong><\/h4>","protected":false},"excerpt":{"rendered":"<p><strong>KANTEL- EN SCHUIFTERRASSYSTEEM<\/strong><\/p>\n<p>PSK terrasdeuren zijn een verkorte naam voor kantel-schuifdeuren. Dit systeem is uitgevoerd met een vast blad en een schuifblad. Bij het openen van een deur of raam in het PSK-systeem zorgt het montagemechanisme ervoor dat het beweegbare blad eerst kantelt, vervolgens weg beweegt en vervolgens langs de geleider beweegt die zich in het onderste deel van de constructie bevindt.<\/p>","protected":false},"featured_media":4999,"template":"","meta":{"site-sidebar-layout":"default","site-content-layout":"","ast-site-content-layout":"default","site-content-style":"default","site-sidebar-style":"default","ast-global-header-display":"","ast-banner-title-visibility":"","ast-main-header-display":"","ast-hfb-above-header-display":"","ast-hfb-below-header-display":"","ast-hfb-mobile-header-display":"","site-post-title":"","ast-breadcrumbs-content":"","ast-featured-img":"","footer-sml-layout":"","ast-disable-related-posts":"","theme-transparent-header-meta":"default","adv-header-id-meta":"","stick-header-meta":"","header-above-stick-meta":"","header-main-stick-meta":"","header-below-stick-meta":"","astra-migrate-meta-layouts":"set","ast-page-background-enabled":"default","ast-page-background-meta":{"desktop":{"background-color":"var(--ast-global-color-4)","background-image":"","background-repeat":"repeat","background-position":"center center","background-size":"auto","background-attachment":"scroll","background-type":"","background-media":"","overlay-type":"","overlay-color":"","overlay-opacity":"","overlay-gradient":""},"tablet":{"background-color":"","background-image":"","background-repeat":"repeat","background-position":"center center","background-size":"auto","background-attachment":"scroll","background-type":"","background-media":"","overlay-type":"","overlay-color":"","overlay-opacity":"","overlay-gradient":""},"mobile":{"background-color":"","background-image":"","background-repeat":"repeat","background-position":"center center","background-size":"auto","background-attachment":"scroll","background-type":"","background-media":"","overlay-type":"","overlay-color":"","overlay-opacity":"","overlay-gradient":""}},"ast-content-background-meta":{"desktop":{"background-color":"var(--ast-global-color-5)","background-image":"","background-repeat":"repeat","background-position":"center center","background-size":"auto","background-attachment":"scroll","background-type":"","background-media":"","overlay-type":"","overlay-color":"","overlay-opacity":"","overlay-gradient":""},"tablet":{"background-color":"var(--ast-global-color-5)","background-image":"","background-repeat":"repeat","background-position":"center center","background-size":"auto","background-attachment":"scroll","background-type":"","background-media":"","overlay-type":"","overlay-color":"","overlay-opacity":"","overlay-gradient":""},"mobile":{"background-color":"var(--ast-global-color-5)","background-image":"","background-repeat":"repeat","background-position":"center center","background-size":"auto","background-attachment":"scroll","background-type":"","background-media":"","overlay-type":"","overlay-color":"","overlay-opacity":"","overlay-gradient":""}}},"product_brand":[],"product_cat":[18],"product_tag":[168,326,367,339,377,378,414,345,343,333,718,719,346,408,407,389,398,405,361,366,392,169,416,362,406],"class_list":{"0":"post-2144","1":"product","2":"type-product","3":"status-publish","4":"has-post-thumbnail","6":"product_cat-systemy-tarasowe","7":"product_tag-bertrand","8":"product_tag-budowa-domu","9":"product_tag-budownictwo","10":"product_tag-design","11":"product_tag-dobre-drzwi","12":"product_tag-doors","13":"product_tag-doskonala-izolacja-termiczna","14":"product_tag-drzwi-balkonowe","15":"product_tag-drzwi-do-domu","16":"product_tag-drzwi-przesuwne","17":"product_tag-drzwi-psk","18":"product_tag-drzwi-uchylno-przesuwne","19":"product_tag-duze-przestrzenie","20":"product_tag-duze-przeszklenia","21":"product_tag-duzo-swiatla","22":"product_tag-izolacja-akustyczna","23":"product_tag-izolacja-cieplna","24":"product_tag-izolacja-termiczna","25":"product_tag-jakosc","26":"product_tag-komfort","27":"product_tag-otwarta-przestrzen","28":"product_tag-produkt","29":"product_tag-przestrzen","30":"product_tag-quality","31":"product_tag-swiatlo","32":"desktop-align-left","33":"tablet-align-left","34":"mobile-align-left","36":"first","37":"instock","38":"shipping-taxable","39":"product-type-simple"},"yoast_head":"<!-- This site is optimized with the Yoast SEO Premium plugin v27.2 (Yoast SEO v27.2) - https:\/\/yoast.com\/product\/yoast-seo-premium-wordpress\/ -->\n<title>System uchylno-przesuwny PSK - Bertrand. Najwy\u017cszej jako\u015bci okna i drzwi. Certyfikowany producent od 1969 roku.<\/title>\n<meta name=\"description\" content=\"System uchylno-przesuwny PSK \u2013 estetyczne, funkcjonalne drzwi tarasowe. Du\u017ce przeszklenia, oszcz\u0119dno\u015b\u0107 miejsca i wygoda w nowoczesnym wydaniu.\" \/>\n<meta name=\"robots\" content=\"index, follow, max-snippet:-1, max-image-preview:large, max-video-preview:-1\" \/>\n<link rel=\"canonical\" href=\"https:\/\/bertrand.pl\/nl\/product-2\/psk-kantel-en-schuifsysteem\/\" \/>\n<meta property=\"og:locale\" content=\"nl_NL\" \/>\n<meta property=\"og:type\" content=\"article\" \/>\n<meta property=\"og:title\" content=\"System uchylno-przesuwny PSK\" \/>\n<meta property=\"og:description\" content=\"System uchylno-przesuwny PSK \u2013 estetyczne, funkcjonalne drzwi tarasowe. Du\u017ce przeszklenia, oszcz\u0119dno\u015b\u0107 miejsca i wygoda w nowoczesnym wydaniu.\" \/>\n<meta property=\"og:url\" content=\"https:\/\/bertrand.pl\/nl\/product-2\/psk-kantel-en-schuifsysteem\/\" \/>\n<meta property=\"og:site_name\" content=\"Bertrand. Najwy\u017cszej jako\u015bci okna i drzwi. Certyfikowany producent od 1969 roku.\" \/>\n<meta property=\"article:publisher\" content=\"https:\/\/www.facebook.com\/bertrandpolska\/\" \/>\n<meta property=\"article:modified_time\" content=\"2024-12-13T10:58:54+00:00\" \/>\n<meta property=\"og:image\" content=\"https:\/\/bertrand.pl\/wp-content\/uploads\/2023\/12\/4130_PSK-sliding-C_aluminium-1-700x700-1.png\" \/>\n\t<meta property=\"og:image:width\" content=\"700\" \/>\n\t<meta property=\"og:image:height\" content=\"700\" \/>\n\t<meta property=\"og:image:type\" content=\"image\/png\" \/>\n<meta name=\"twitter:card\" content=\"summary_large_image\" \/>\n<meta name=\"twitter:label1\" content=\"Geschatte leestijd\" \/>\n\t<meta name=\"twitter:data1\" content=\"2 minuten\" \/>\n<script type=\"application\/ld+json\" class=\"yoast-schema-graph\">{\"@context\":\"https:\/\/schema.org\",\"@graph\":[{\"@type\":\"WebPage\",\"@id\":\"https:\/\/bertrand.pl\/produkt\/system-uchylno-przesuwny-psk\/\",\"url\":\"https:\/\/bertrand.pl\/produkt\/system-uchylno-przesuwny-psk\/\",\"name\":\"System uchylno-przesuwny PSK - Bertrand. Najwy\u017cszej jako\u015bci okna i drzwi. Certyfikowany producent od 1969 roku.\",\"isPartOf\":{\"@id\":\"https:\/\/bertrand.pl\/#website\"},\"primaryImageOfPage\":{\"@id\":\"https:\/\/bertrand.pl\/produkt\/system-uchylno-przesuwny-psk\/#primaryimage\"},\"image\":{\"@id\":\"https:\/\/bertrand.pl\/produkt\/system-uchylno-przesuwny-psk\/#primaryimage\"},\"thumbnailUrl\":\"https:\/\/bertrand.pl\/wp-content\/uploads\/2023\/12\/4130_PSK-sliding-C_aluminium-1-700x700-1.png\",\"datePublished\":\"2023-12-14T12:00:13+00:00\",\"dateModified\":\"2024-12-13T10:58:54+00:00\",\"description\":\"System uchylno-przesuwny PSK \u2013 estetyczne, funkcjonalne drzwi tarasowe. Du\u017ce przeszklenia, oszcz\u0119dno\u015b\u0107 miejsca i wygoda w nowoczesnym wydaniu.\",\"breadcrumb\":{\"@id\":\"https:\/\/bertrand.pl\/produkt\/system-uchylno-przesuwny-psk\/#breadcrumb\"},\"inLanguage\":\"nl-NL\",\"potentialAction\":[{\"@type\":\"ReadAction\",\"target\":[\"https:\/\/bertrand.pl\/produkt\/system-uchylno-przesuwny-psk\/\"]}]},{\"@type\":\"ImageObject\",\"inLanguage\":\"nl-NL\",\"@id\":\"https:\/\/bertrand.pl\/produkt\/system-uchylno-przesuwny-psk\/#primaryimage\",\"url\":\"https:\/\/bertrand.pl\/wp-content\/uploads\/2023\/12\/4130_PSK-sliding-C_aluminium-1-700x700-1.png\",\"contentUrl\":\"https:\/\/bertrand.pl\/wp-content\/uploads\/2023\/12\/4130_PSK-sliding-C_aluminium-1-700x700-1.png\",\"width\":700,\"height\":700},{\"@type\":\"BreadcrumbList\",\"@id\":\"https:\/\/bertrand.pl\/produkt\/system-uchylno-przesuwny-psk\/#breadcrumb\",\"itemListElement\":[{\"@type\":\"ListItem\",\"position\":1,\"name\":\"Strona g\u0142\u00f3wna\",\"item\":\"https:\/\/bertrand.pl\/\"},{\"@type\":\"ListItem\",\"position\":2,\"name\":\"Produits\",\"item\":\"https:\/\/bertrand.pl\/fr\/shop\/\"},{\"@type\":\"ListItem\",\"position\":3,\"name\":\"System uchylno-przesuwny PSK\"}]},{\"@type\":\"WebSite\",\"@id\":\"https:\/\/bertrand.pl\/#website\",\"url\":\"https:\/\/bertrand.pl\/\",\"name\":\"Bertrand.pl\",\"description\":\"Firma Bertrand to certyfikowany i uznany producent najwy\u017cszej jako\u015bci okien z PVC, z drewna lub aluminium. Produkcja drzwi, rolet i bram gara\u017cowych.\",\"publisher\":{\"@id\":\"https:\/\/bertrand.pl\/#organization\"},\"potentialAction\":[{\"@type\":\"SearchAction\",\"target\":{\"@type\":\"EntryPoint\",\"urlTemplate\":\"https:\/\/bertrand.pl\/?s={search_term_string}\"},\"query-input\":{\"@type\":\"PropertyValueSpecification\",\"valueRequired\":true,\"valueName\":\"search_term_string\"}}],\"inLanguage\":\"nl-NL\"},{\"@type\":\"Organization\",\"@id\":\"https:\/\/bertrand.pl\/#organization\",\"name\":\"Bertrand.pl\",\"url\":\"https:\/\/bertrand.pl\/\",\"logo\":{\"@type\":\"ImageObject\",\"inLanguage\":\"nl-NL\",\"@id\":\"https:\/\/bertrand.pl\/#\/schema\/logo\/image\/\",\"url\":\"https:\/\/bertrand.pl\/wp-content\/uploads\/2024\/12\/logo_BB_TM_PL_black.png\",\"contentUrl\":\"https:\/\/bertrand.pl\/wp-content\/uploads\/2024\/12\/logo_BB_TM_PL_black.png\",\"width\":1831,\"height\":1831,\"caption\":\"Bertrand.pl\"},\"image\":{\"@id\":\"https:\/\/bertrand.pl\/#\/schema\/logo\/image\/\"},\"sameAs\":[\"https:\/\/www.facebook.com\/bertrandpolska\/\",\"https:\/\/www.instagram.com\/bertrand_okna_i_drzwi\/\",\"https:\/\/www.linkedin.com\/company\/bertrand\/\",\"https:\/\/www.tiktok.com\/@bertrand_okna_drzwi\"]}]}<\/script>\n<!-- \/ Yoast SEO Premium plugin. -->","yoast_head_json":{"title":"System uchylno-przesuwny PSK - Bertrand. Najwy\u017cszej jako\u015bci okna i drzwi. Certyfikowany producent od 1969 roku.","description":"PSK kantel-schuifsysteem \u2013 esthetische, functionele terrasdeuren. Grote beglazing, ruimtebesparend en modern comfort.","robots":{"index":"index","follow":"follow","max-snippet":"max-snippet:-1","max-image-preview":"max-image-preview:large","max-video-preview":"max-video-preview:-1"},"canonical":"https:\/\/bertrand.pl\/nl\/product-2\/psk-kantel-en-schuifsysteem\/","og_locale":"nl_NL","og_type":"article","og_title":"System uchylno-przesuwny PSK","og_description":"System uchylno-przesuwny PSK \u2013 estetyczne, funkcjonalne drzwi tarasowe. Du\u017ce przeszklenia, oszcz\u0119dno\u015b\u0107 miejsca i wygoda w nowoczesnym wydaniu.","og_url":"https:\/\/bertrand.pl\/nl\/product-2\/psk-kantel-en-schuifsysteem\/","og_site_name":"Bertrand. Najwy\u017cszej jako\u015bci okna i drzwi. Certyfikowany producent od 1969 roku.","article_publisher":"https:\/\/www.facebook.com\/bertrandpolska\/","article_modified_time":"2024-12-13T10:58:54+00:00","og_image":[{"width":700,"height":700,"url":"https:\/\/bertrand.pl\/wp-content\/uploads\/2023\/12\/4130_PSK-sliding-C_aluminium-1-700x700-1.png","type":"image\/png"}],"twitter_card":"summary_large_image","twitter_misc":{"Geschatte leestijd":"2 minuten"},"schema":{"@context":"https:\/\/schema.org","@graph":[{"@type":"WebPage","@id":"https:\/\/bertrand.pl\/produkt\/system-uchylno-przesuwny-psk\/","url":"https:\/\/bertrand.pl\/produkt\/system-uchylno-przesuwny-psk\/","name":"System uchylno-przesuwny PSK - Bertrand. Najwy\u017cszej jako\u015bci okna i drzwi. Certyfikowany producent od 1969 roku.","isPartOf":{"@id":"https:\/\/bertrand.pl\/#website"},"primaryImageOfPage":{"@id":"https:\/\/bertrand.pl\/produkt\/system-uchylno-przesuwny-psk\/#primaryimage"},"image":{"@id":"https:\/\/bertrand.pl\/produkt\/system-uchylno-przesuwny-psk\/#primaryimage"},"thumbnailUrl":"https:\/\/bertrand.pl\/wp-content\/uploads\/2023\/12\/4130_PSK-sliding-C_aluminium-1-700x700-1.png","datePublished":"2023-12-14T12:00:13+00:00","dateModified":"2024-12-13T10:58:54+00:00","description":"PSK kantel-schuifsysteem \u2013 esthetische, functionele terrasdeuren. Grote beglazing, ruimtebesparend en modern comfort.","breadcrumb":{"@id":"https:\/\/bertrand.pl\/produkt\/system-uchylno-przesuwny-psk\/#breadcrumb"},"inLanguage":"nl-NL","potentialAction":[{"@type":"ReadAction","target":["https:\/\/bertrand.pl\/produkt\/system-uchylno-przesuwny-psk\/"]}]},{"@type":"ImageObject","inLanguage":"nl-NL","@id":"https:\/\/bertrand.pl\/produkt\/system-uchylno-przesuwny-psk\/#primaryimage","url":"https:\/\/bertrand.pl\/wp-content\/uploads\/2023\/12\/4130_PSK-sliding-C_aluminium-1-700x700-1.png","contentUrl":"https:\/\/bertrand.pl\/wp-content\/uploads\/2023\/12\/4130_PSK-sliding-C_aluminium-1-700x700-1.png","width":700,"height":700},{"@type":"BreadcrumbList","@id":"https:\/\/bertrand.pl\/produkt\/system-uchylno-przesuwny-psk\/#breadcrumb","itemListElement":[{"@type":"ListItem","position":1,"name":"Strona g\u0142\u00f3wna","item":"https:\/\/bertrand.pl\/"},{"@type":"ListItem","position":2,"name":"Produits","item":"https:\/\/bertrand.pl\/fr\/shop\/"},{"@type":"ListItem","position":3,"name":"System uchylno-przesuwny PSK"}]},{"@type":"WebSite","@id":"https:\/\/bertrand.pl\/#website","url":"https:\/\/bertrand.pl\/","name":"Bertrand.pl","description":"Firma Bertrand to certyfikowany i uznany producent najwy\u017cszej jako\u015bci okien z PVC, z drewna lub aluminium. Produkcja drzwi, rolet i bram gara\u017cowych.","publisher":{"@id":"https:\/\/bertrand.pl\/#organization"},"potentialAction":[{"@type":"SearchAction","target":{"@type":"EntryPoint","urlTemplate":"https:\/\/bertrand.pl\/?s={search_term_string}"},"query-input":{"@type":"PropertyValueSpecification","valueRequired":true,"valueName":"search_term_string"}}],"inLanguage":"nl-NL"},{"@type":"Organization","@id":"https:\/\/bertrand.pl\/#organization","name":"Bertrand.pl","url":"https:\/\/bertrand.pl\/","logo":{"@type":"ImageObject","inLanguage":"nl-NL","@id":"https:\/\/bertrand.pl\/#\/schema\/logo\/image\/","url":"https:\/\/bertrand.pl\/wp-content\/uploads\/2024\/12\/logo_BB_TM_PL_black.png","contentUrl":"https:\/\/bertrand.pl\/wp-content\/uploads\/2024\/12\/logo_BB_TM_PL_black.png","width":1831,"height":1831,"caption":"Bertrand.pl"},"image":{"@id":"https:\/\/bertrand.pl\/#\/schema\/logo\/image\/"},"sameAs":["https:\/\/www.facebook.com\/bertrandpolska\/","https:\/\/www.instagram.com\/bertrand_okna_i_drzwi\/","https:\/\/www.linkedin.com\/company\/bertrand\/","https:\/\/www.tiktok.com\/@bertrand_okna_drzwi"]}]}},"_links":{"self":[{"href":"https:\/\/bertrand.pl\/nl\/wp-json\/wp\/v2\/product\/2144","targetHints":{"allow":["GET"]}}],"collection":[{"href":"https:\/\/bertrand.pl\/nl\/wp-json\/wp\/v2\/product"}],"about":[{"href":"https:\/\/bertrand.pl\/nl\/wp-json\/wp\/v2\/types\/product"}],"wp:featuredmedia":[{"embeddable":true,"href":"https:\/\/bertrand.pl\/nl\/wp-json\/wp\/v2\/media\/4999"}],"wp:attachment":[{"href":"https:\/\/bertrand.pl\/nl\/wp-json\/wp\/v2\/media?parent=2144"}],"wp:term":[{"taxonomy":"product_brand","embeddable":true,"href":"https:\/\/bertrand.pl\/nl\/wp-json\/wp\/v2\/product_brand?post=2144"},{"taxonomy":"product_cat","embeddable":true,"href":"https:\/\/bertrand.pl\/nl\/wp-json\/wp\/v2\/product_cat?post=2144"},{"taxonomy":"product_tag","embeddable":true,"href":"https:\/\/bertrand.pl\/nl\/wp-json\/wp\/v2\/product_tag?post=2144"}],"curies":[{"name":"wp","href":"https:\/\/api.w.org\/{rel}","templated":true}]}}