{"id":3170,"date":"2024-02-06T13:54:12","date_gmt":"2024-02-06T12:54:12","guid":{"rendered":"https:\/\/bertrand.pl\/?post_type=product&#038;p=3170"},"modified":"2025-08-06T14:50:25","modified_gmt":"2025-08-06T12:50:25","slug":"contour-met-aluminium-deksel","status":"publish","type":"product","link":"https:\/\/bertrand.pl\/nl\/produkt\/kontur-z-nakladka-aluminiowa\/","title":{"rendered":"KONTUR met aluminium bovenlaag"},"content":{"rendered":"<h4 data-pm-slice=\"1 1 []\"><strong>Kontur-systeem \u2013 een combinatie van moderniteit en functionaliteit<\/strong><\/h4>\n<p>&nbsp;<\/p>\n<h4><strong>Innovatief ontwerp<\/strong><\/h4>\n<p>&nbsp;<\/p>\n<p>Het Kontur-systeem met overlay is een moderne oplossing die het potentieel van aluminium overlays maximaliseert. Hierdoor krijgen ontwerpers vrijwel onbeperkte creatieve mogelijkheden. Een uniek element van het systeem is het vleugelprofiel met een gereduceerde hoogte, speciaal ontworpen voor aluminium overlays. Deze oplossing combineert esthetiek met functionaliteit, waardoor deze zich onderscheidt op de markt.<\/p>\n<p>&nbsp;<\/p>\n<h4><strong>Moderne uitstraling en duurzaamheid<\/strong><\/h4>\n<p>&nbsp;<\/p>\n<p>De externe aluminiumafwerking past perfect in de hedendaagse architecturale trends. Duidelijke contouren geven de ramen een elegant en modern karakter. Aluminium benadrukt niet alleen de esthetiek, maar garandeert ook een hoge weerstand tegen moeilijke weersomstandigheden. Dankzij dit zijn ramen uit het Kontur-systeem jarenlang duurzaam en betrouwbaar en voldoen ze aan de verwachtingen van de meest veeleisende gebruikers.<\/p>\n<p>&nbsp;<\/p>\n<h4><strong>Kleurpersonalisatie<\/strong><\/h4>\n<p>&nbsp;<\/p>\n<p>Het Kontur-systeem biedt een breed scala aan kleuren uit het RAL-palet en metallic tinten aluminium. Deze vari\u00ebteit maakt een volledige personalisatie van het uiterlijk van de ramen mogelijk. Zowel minimalistische als expressieve ontwerpen kunnen perfect worden aangepast aan de individuele voorkeuren van gebruikers. Door de juiste kleur te kiezen, kunt u zelfs de meest veeleisende concepten implementeren.<\/p>\n<p>&nbsp;<\/p>\n<h4><strong>Voordelen van het kiezen van het Kontur-systeem<\/strong><\/h4>\n<p>&nbsp;<\/p>\n<p>Een ander onderscheidend kenmerk van KONTUR met een aluminium deksel is de veiligheid, die wordt bereikt dankzij de harde PVC-afdichting. Het is al langer bekend dat ramen, balkondeuren en terrassen een zwak punt zijn in het kader van inbraakbeveiliging. De contour beantwoordt uitstekend aan deze behoefte, omdat de anti-inbraakvin van hard PVC op het kozijn het onmogelijk maakt om de vleugel uit balans te brengen door een schroevendraaier tussen kozijn en vleugel te steken, en extra verstevigingen van de profielstructuur ondersteunen de algemeen anti-inbraakconcept.<\/p>\n<p>&nbsp;<\/p>\n<p>Door voor het Kontur-systeem te kiezen, ontvangt u niet alleen esthetische ramen, maar ook hun unieke functionaliteit. De combinatie van modern design met duurzaamheid en bestendigheid maakt het een ideale keuze voor iedereen die waarde hecht aan kwaliteit en unieke uitstraling. Een bezoek waard voor meer informatie<a href=\"https:\/\/bertrand.pl\/nl\/categorie\/bloggen\/\"> Bertrands blog<\/a> of Bertrand Okna i Drzwi-kanaal op YouTube.<\/p>\n<p>&nbsp;<\/p>\n<figure id=\"attachment_3171\" aria-describedby=\"caption-attachment-3171\" style=\"width: 534px\" class=\"wp-caption aligncenter\"><img fetchpriority=\"high\" decoding=\"async\" class=\"wp-image-3171\" title=\"Kontur\" src=\"https:\/\/bertrand.pl\/wp-content\/uploads\/2024\/02\/Headerbild-GEALAN-KONTUR-mit-Alu-Deck_1920px-420x280.jpg\" alt=\"Door voor het Kontur-systeem te kiezen, winnen we niet alleen aan esthetiek en duurzaamheid, maar ook aan functionaliteit\" width=\"534\" height=\"356\" srcset=\"https:\/\/bertrand.pl\/wp-content\/uploads\/2024\/02\/Headerbild-GEALAN-KONTUR-mit-Alu-Deck_1920px-420x280.jpg 420w, https:\/\/bertrand.pl\/wp-content\/uploads\/2024\/02\/Headerbild-GEALAN-KONTUR-mit-Alu-Deck_1920px-1360x907.jpg 1360w, https:\/\/bertrand.pl\/wp-content\/uploads\/2024\/02\/Headerbild-GEALAN-KONTUR-mit-Alu-Deck_1920px-768x512.jpg 768w, https:\/\/bertrand.pl\/wp-content\/uploads\/2024\/02\/Headerbild-GEALAN-KONTUR-mit-Alu-Deck_1920px-1536x1024.jpg 1536w, https:\/\/bertrand.pl\/wp-content\/uploads\/2024\/02\/Headerbild-GEALAN-KONTUR-mit-Alu-Deck_1920px-18x12.jpg 18w, https:\/\/bertrand.pl\/wp-content\/uploads\/2024\/02\/Headerbild-GEALAN-KONTUR-mit-Alu-Deck_1920px-600x400.jpg 600w, https:\/\/bertrand.pl\/wp-content\/uploads\/2024\/02\/Headerbild-GEALAN-KONTUR-mit-Alu-Deck_1920px.jpg 1920w\" sizes=\"(max-width: 534px) 100vw, 534px\" \/><figcaption id=\"caption-attachment-3171\" class=\"wp-caption-text\">Venster in het Kontur-systeem<\/figcaption><\/figure>\n<p>&nbsp;<\/p>\n<p>De moderne aluminium afwerking van de buitenkant benadrukt trends en duidelijke contouren van de ramen en zorgt niet alleen voor elegantie, maar ook voor weerstand tegen weersomstandigheden.<\/p>\n<p>&nbsp;<\/p>\n<figure id=\"attachment_3173\" aria-describedby=\"caption-attachment-3173\" style=\"width: 506px\" class=\"wp-caption aligncenter\"><img decoding=\"async\" class=\"wp-image-3173\" src=\"https:\/\/bertrand.pl\/wp-content\/uploads\/2024\/02\/1-420x280.jpg\" alt=\"De heldere contouren van de ramen geven ze een elegante, moderne uitstraling. \" width=\"506\" height=\"337\" srcset=\"https:\/\/bertrand.pl\/wp-content\/uploads\/2024\/02\/1-420x280.jpg 420w, https:\/\/bertrand.pl\/wp-content\/uploads\/2024\/02\/1-768x512.jpg 768w, https:\/\/bertrand.pl\/wp-content\/uploads\/2024\/02\/1-18x12.jpg 18w, https:\/\/bertrand.pl\/wp-content\/uploads\/2024\/02\/1-600x400.jpg 600w, https:\/\/bertrand.pl\/wp-content\/uploads\/2024\/02\/1.jpg 1200w\" sizes=\"(max-width: 506px) 100vw, 506px\" \/><figcaption id=\"caption-attachment-3173\" class=\"wp-caption-text\">Venster in het Kontur-systeem<\/figcaption><\/figure>\n<p>&nbsp;<\/p>\n<p>Dankzij een rijk RAL-kleurenpalet en metallic aluminiumtinten kunt u de afwerking afstemmen op uw individuele esthetische voorkeuren.<\/p>\n<p>&nbsp;<\/p>\n<figure id=\"attachment_3172\" aria-describedby=\"caption-attachment-3172\" style=\"width: 420px\" class=\"wp-caption aligncenter\"><img decoding=\"async\" class=\"wp-image-3172 size-medium\" src=\"https:\/\/bertrand.pl\/wp-content\/uploads\/2024\/02\/gealan-kontur-vorsatzschalen-420x294.jpg\" alt=\"Dankzij een rijk RAL-kleurenpalet en metallic aluminiumtinten kunt u de afwerking afstemmen op uw individuele esthetische voorkeuren.\" width=\"420\" height=\"294\" srcset=\"https:\/\/bertrand.pl\/wp-content\/uploads\/2024\/02\/gealan-kontur-vorsatzschalen-420x294.jpg 420w, https:\/\/bertrand.pl\/wp-content\/uploads\/2024\/02\/gealan-kontur-vorsatzschalen-768x538.jpg 768w, https:\/\/bertrand.pl\/wp-content\/uploads\/2024\/02\/gealan-kontur-vorsatzschalen-18x12.jpg 18w, https:\/\/bertrand.pl\/wp-content\/uploads\/2024\/02\/gealan-kontur-vorsatzschalen-600x421.jpg 600w, https:\/\/bertrand.pl\/wp-content\/uploads\/2024\/02\/gealan-kontur-vorsatzschalen.jpg 1000w\" sizes=\"(max-width: 420px) 100vw, 420px\" \/><figcaption id=\"caption-attachment-3172\" class=\"wp-caption-text\">Kleur<\/figcaption><\/figure>\n<h4><strong>ZIE OOK:<\/strong><\/h4>\n<h3><\/h3>\n<h4><strong><a href=\"https:\/\/bertrand.pl\/nl\/kleur\/\">Kleuren van ramen en deuren<\/a><\/strong><\/h4>","protected":false},"excerpt":{"rendered":"<p><strong>Voor speciale eisen \u2013 duurzame aluminium afwerking<\/strong><\/p>\n<p>De versie van het Kontur-systeem met de optie van aluminium overlays is een uiterst duurzame, elegante en effectieve oplossing. Een speciaal ontworpen vleugelprofiel met een beperkte hoogte, uitsluitend bedoeld voor het bevestigen van aluminium overlays, is een uniek kenmerk van dit systeem, waardoor werkelijk unieke ontwerpen mogelijk zijn.<\/p>","protected":false},"featured_media":3167,"template":"","meta":{"site-sidebar-layout":"default","site-content-layout":"","ast-site-content-layout":"default","site-content-style":"default","site-sidebar-style":"default","ast-global-header-display":"","ast-banner-title-visibility":"","ast-main-header-display":"","ast-hfb-above-header-display":"","ast-hfb-below-header-display":"","ast-hfb-mobile-header-display":"","site-post-title":"","ast-breadcrumbs-content":"","ast-featured-img":"","footer-sml-layout":"","ast-disable-related-posts":"","theme-transparent-header-meta":"default","adv-header-id-meta":"","stick-header-meta":"","header-above-stick-meta":"","header-main-stick-meta":"","header-below-stick-meta":"","astra-migrate-meta-layouts":"set","ast-page-background-enabled":"default","ast-page-background-meta":{"desktop":{"background-color":"var(--ast-global-color-4)","background-image":"","background-repeat":"repeat","background-position":"center center","background-size":"auto","background-attachment":"scroll","background-type":"","background-media":"","overlay-type":"","overlay-color":"","overlay-opacity":"","overlay-gradient":""},"tablet":{"background-color":"","background-image":"","background-repeat":"repeat","background-position":"center center","background-size":"auto","background-attachment":"scroll","background-type":"","background-media":"","overlay-type":"","overlay-color":"","overlay-opacity":"","overlay-gradient":""},"mobile":{"background-color":"","background-image":"","background-repeat":"repeat","background-position":"center center","background-size":"auto","background-attachment":"scroll","background-type":"","background-media":"","overlay-type":"","overlay-color":"","overlay-opacity":"","overlay-gradient":""}},"ast-content-background-meta":{"desktop":{"background-color":"var(--ast-global-color-5)","background-image":"","background-repeat":"repeat","background-position":"center center","background-size":"auto","background-attachment":"scroll","background-type":"","background-media":"","overlay-type":"","overlay-color":"","overlay-opacity":"","overlay-gradient":""},"tablet":{"background-color":"var(--ast-global-color-5)","background-image":"","background-repeat":"repeat","background-position":"center center","background-size":"auto","background-attachment":"scroll","background-type":"","background-media":"","overlay-type":"","overlay-color":"","overlay-opacity":"","overlay-gradient":""},"mobile":{"background-color":"var(--ast-global-color-5)","background-image":"","background-repeat":"repeat","background-position":"center center","background-size":"auto","background-attachment":"scroll","background-type":"","background-media":"","overlay-type":"","overlay-color":"","overlay-opacity":"","overlay-gradient":""}}},"product_brand":[],"product_cat":[25],"product_tag":[193,1316,311,352,344,603,1318,353,1311,1317,1315,812,174,194,308,1312,350,315,324,312,351,169,314,1313,1314,309,348],"class_list":{"0":"post-3170","1":"product","2":"type-product","3":"status-publish","4":"has-post-thumbnail","6":"product_cat-okna-pvc-aluminiowe","7":"product_tag-aluminium","8":"product_tag-bogata-paleta-kolorow-ral","9":"product_tag-dobre-wlasciwosci-termiczne","10":"product_tag-dobreokna","11":"product_tag-duze-okna","12":"product_tag-elegancki-design","13":"product_tag-indywidualne-preferencje-estetyczne","14":"product_tag-kontur","15":"product_tag-kontur-z-nakladka-aluminiowa","16":"product_tag-metaliczne-odcienie-aluminium","17":"product_tag-nowoczesne-wykonczenie","18":"product_tag-odpornosc-na-warunki-atmosferyczne","19":"product_tag-okna","20":"product_tag-okna-aluminiowe","21":"product_tag-okna-pvc","22":"product_tag-okna-pvc-aluminiowe","23":"product_tag-oknabertrand","24":"product_tag-okno-aluminiowe","25":"product_tag-okno-dla-domu","26":"product_tag-okno-dla-twojego-domu","27":"product_tag-oknobertrand","28":"product_tag-produkt","29":"product_tag-profil-okienny","30":"product_tag-trwale-wykonczenie-aluminiowe","31":"product_tag-unikalne-projekty","32":"product_tag-upvc","33":"product_tag-windows","34":"desktop-align-left","35":"tablet-align-left","36":"mobile-align-left","38":"first","39":"instock","40":"shipping-taxable","41":"product-type-simple"},"yoast_head":"<!-- This site is optimized with the Yoast SEO Premium plugin v27.2 (Yoast SEO v27.2) - https:\/\/yoast.com\/product\/yoast-seo-premium-wordpress\/ -->\n<title>KONTUR z nak\u0142adk\u0105 aluminiow\u0105 - Bertrand. Najwy\u017cszej jako\u015bci okna i drzwi. Certyfikowany producent od 1969 roku.<\/title>\n<meta name=\"description\" content=\"System Kontur z nak\u0142adk\u0105 to innowacyjne rozwi\u0105zanie, kt\u00f3re optymalnie wykorzystuje nak\u0142adki aluminiowe. Umo\u017cliwia to nieograniczone mo\u017cliwo\u015bci projektowe.\" \/>\n<meta name=\"robots\" content=\"index, follow, max-snippet:-1, max-image-preview:large, max-video-preview:-1\" \/>\n<link rel=\"canonical\" href=\"https:\/\/bertrand.pl\/nl\/product-2\/contour-met-aluminium-deksel\/\" \/>\n<meta property=\"og:locale\" content=\"nl_NL\" \/>\n<meta property=\"og:type\" content=\"article\" \/>\n<meta property=\"og:title\" content=\"KONTUR z nak\u0142adk\u0105 aluminiow\u0105\" \/>\n<meta property=\"og:description\" content=\"System Kontur z nak\u0142adk\u0105 to innowacyjne rozwi\u0105zanie, kt\u00f3re optymalnie wykorzystuje nak\u0142adki aluminiowe. Umo\u017cliwia to nieograniczone mo\u017cliwo\u015bci projektowe.\" \/>\n<meta property=\"og:url\" content=\"https:\/\/bertrand.pl\/nl\/product-2\/contour-met-aluminium-deksel\/\" \/>\n<meta property=\"og:site_name\" content=\"Bertrand. Najwy\u017cszej jako\u015bci okna i drzwi. Certyfikowany producent od 1969 roku.\" \/>\n<meta property=\"article:publisher\" content=\"https:\/\/www.facebook.com\/bertrandpolska\/\" \/>\n<meta property=\"article:modified_time\" content=\"2025-08-06T12:50:25+00:00\" \/>\n<meta property=\"og:image\" content=\"https:\/\/bertrand.pl\/wp-content\/uploads\/2024\/02\/gealan-kontur-aluschale-ecke.png\" \/>\n\t<meta property=\"og:image:width\" content=\"800\" \/>\n\t<meta property=\"og:image:height\" content=\"800\" \/>\n\t<meta property=\"og:image:type\" content=\"image\/png\" \/>\n<meta name=\"twitter:card\" content=\"summary_large_image\" \/>\n<meta name=\"twitter:label1\" content=\"Geschatte leestijd\" \/>\n\t<meta name=\"twitter:data1\" content=\"3 minuten\" \/>\n<script type=\"application\/ld+json\" class=\"yoast-schema-graph\">{\"@context\":\"https:\/\/schema.org\",\"@graph\":[{\"@type\":\"WebPage\",\"@id\":\"https:\/\/bertrand.pl\/produkt\/kontur-z-nakladka-aluminiowa\/\",\"url\":\"https:\/\/bertrand.pl\/produkt\/kontur-z-nakladka-aluminiowa\/\",\"name\":\"KONTUR z nak\u0142adk\u0105 aluminiow\u0105 - Bertrand. Najwy\u017cszej jako\u015bci okna i drzwi. Certyfikowany producent od 1969 roku.\",\"isPartOf\":{\"@id\":\"https:\/\/bertrand.pl\/#website\"},\"primaryImageOfPage\":{\"@id\":\"https:\/\/bertrand.pl\/produkt\/kontur-z-nakladka-aluminiowa\/#primaryimage\"},\"image\":{\"@id\":\"https:\/\/bertrand.pl\/produkt\/kontur-z-nakladka-aluminiowa\/#primaryimage\"},\"thumbnailUrl\":\"https:\/\/bertrand.pl\/wp-content\/uploads\/2024\/02\/gealan-kontur-aluschale-ecke.png\",\"datePublished\":\"2024-02-06T12:54:12+00:00\",\"dateModified\":\"2025-08-06T12:50:25+00:00\",\"description\":\"System Kontur z nak\u0142adk\u0105 to innowacyjne rozwi\u0105zanie, kt\u00f3re optymalnie wykorzystuje nak\u0142adki aluminiowe. Umo\u017cliwia to nieograniczone mo\u017cliwo\u015bci projektowe.\",\"breadcrumb\":{\"@id\":\"https:\/\/bertrand.pl\/produkt\/kontur-z-nakladka-aluminiowa\/#breadcrumb\"},\"inLanguage\":\"nl-NL\",\"potentialAction\":[{\"@type\":\"ReadAction\",\"target\":[\"https:\/\/bertrand.pl\/produkt\/kontur-z-nakladka-aluminiowa\/\"]}]},{\"@type\":\"ImageObject\",\"inLanguage\":\"nl-NL\",\"@id\":\"https:\/\/bertrand.pl\/produkt\/kontur-z-nakladka-aluminiowa\/#primaryimage\",\"url\":\"https:\/\/bertrand.pl\/wp-content\/uploads\/2024\/02\/gealan-kontur-aluschale-ecke.png\",\"contentUrl\":\"https:\/\/bertrand.pl\/wp-content\/uploads\/2024\/02\/gealan-kontur-aluschale-ecke.png\",\"width\":800,\"height\":800},{\"@type\":\"BreadcrumbList\",\"@id\":\"https:\/\/bertrand.pl\/produkt\/kontur-z-nakladka-aluminiowa\/#breadcrumb\",\"itemListElement\":[{\"@type\":\"ListItem\",\"position\":1,\"name\":\"Strona g\u0142\u00f3wna\",\"item\":\"https:\/\/bertrand.pl\/\"},{\"@type\":\"ListItem\",\"position\":2,\"name\":\"Produits\",\"item\":\"https:\/\/bertrand.pl\/fr\/shop\/\"},{\"@type\":\"ListItem\",\"position\":3,\"name\":\"KONTUR z nak\u0142adk\u0105 aluminiow\u0105\"}]},{\"@type\":\"WebSite\",\"@id\":\"https:\/\/bertrand.pl\/#website\",\"url\":\"https:\/\/bertrand.pl\/\",\"name\":\"Bertrand.pl\",\"description\":\"Firma Bertrand to certyfikowany i uznany producent najwy\u017cszej jako\u015bci okien z PVC, z drewna lub aluminium. Produkcja drzwi, rolet i bram gara\u017cowych.\",\"publisher\":{\"@id\":\"https:\/\/bertrand.pl\/#organization\"},\"potentialAction\":[{\"@type\":\"SearchAction\",\"target\":{\"@type\":\"EntryPoint\",\"urlTemplate\":\"https:\/\/bertrand.pl\/?s={search_term_string}\"},\"query-input\":{\"@type\":\"PropertyValueSpecification\",\"valueRequired\":true,\"valueName\":\"search_term_string\"}}],\"inLanguage\":\"nl-NL\"},{\"@type\":\"Organization\",\"@id\":\"https:\/\/bertrand.pl\/#organization\",\"name\":\"Bertrand.pl\",\"url\":\"https:\/\/bertrand.pl\/\",\"logo\":{\"@type\":\"ImageObject\",\"inLanguage\":\"nl-NL\",\"@id\":\"https:\/\/bertrand.pl\/#\/schema\/logo\/image\/\",\"url\":\"https:\/\/bertrand.pl\/wp-content\/uploads\/2024\/12\/logo_BB_TM_PL_black.png\",\"contentUrl\":\"https:\/\/bertrand.pl\/wp-content\/uploads\/2024\/12\/logo_BB_TM_PL_black.png\",\"width\":1831,\"height\":1831,\"caption\":\"Bertrand.pl\"},\"image\":{\"@id\":\"https:\/\/bertrand.pl\/#\/schema\/logo\/image\/\"},\"sameAs\":[\"https:\/\/www.facebook.com\/bertrandpolska\/\",\"https:\/\/www.instagram.com\/bertrand_okna_i_drzwi\/\",\"https:\/\/www.linkedin.com\/company\/bertrand\/\",\"https:\/\/www.tiktok.com\/@bertrand_okna_drzwi\"]}]}<\/script>\n<!-- \/ Yoast SEO Premium plugin. -->","yoast_head_json":{"title":"KONTUR z nak\u0142adk\u0105 aluminiow\u0105 - Bertrand. Najwy\u017cszej jako\u015bci okna i drzwi. Certyfikowany producent od 1969 roku.","description":"Het Kontur systeem met overlay is een innovatieve oplossing die optimaal gebruik maakt van aluminium overlays. Dit zorgt voor onbeperkte ontwerpmogelijkheden.","robots":{"index":"index","follow":"follow","max-snippet":"max-snippet:-1","max-image-preview":"max-image-preview:large","max-video-preview":"max-video-preview:-1"},"canonical":"https:\/\/bertrand.pl\/nl\/product-2\/contour-met-aluminium-deksel\/","og_locale":"nl_NL","og_type":"article","og_title":"KONTUR z nak\u0142adk\u0105 aluminiow\u0105","og_description":"System Kontur z nak\u0142adk\u0105 to innowacyjne rozwi\u0105zanie, kt\u00f3re optymalnie wykorzystuje nak\u0142adki aluminiowe. Umo\u017cliwia to nieograniczone mo\u017cliwo\u015bci projektowe.","og_url":"https:\/\/bertrand.pl\/nl\/product-2\/contour-met-aluminium-deksel\/","og_site_name":"Bertrand. Najwy\u017cszej jako\u015bci okna i drzwi. Certyfikowany producent od 1969 roku.","article_publisher":"https:\/\/www.facebook.com\/bertrandpolska\/","article_modified_time":"2025-08-06T12:50:25+00:00","og_image":[{"width":800,"height":800,"url":"https:\/\/bertrand.pl\/wp-content\/uploads\/2024\/02\/gealan-kontur-aluschale-ecke.png","type":"image\/png"}],"twitter_card":"summary_large_image","twitter_misc":{"Geschatte leestijd":"3 minuten"},"schema":{"@context":"https:\/\/schema.org","@graph":[{"@type":"WebPage","@id":"https:\/\/bertrand.pl\/produkt\/kontur-z-nakladka-aluminiowa\/","url":"https:\/\/bertrand.pl\/produkt\/kontur-z-nakladka-aluminiowa\/","name":"KONTUR z nak\u0142adk\u0105 aluminiow\u0105 - Bertrand. Najwy\u017cszej jako\u015bci okna i drzwi. Certyfikowany producent od 1969 roku.","isPartOf":{"@id":"https:\/\/bertrand.pl\/#website"},"primaryImageOfPage":{"@id":"https:\/\/bertrand.pl\/produkt\/kontur-z-nakladka-aluminiowa\/#primaryimage"},"image":{"@id":"https:\/\/bertrand.pl\/produkt\/kontur-z-nakladka-aluminiowa\/#primaryimage"},"thumbnailUrl":"https:\/\/bertrand.pl\/wp-content\/uploads\/2024\/02\/gealan-kontur-aluschale-ecke.png","datePublished":"2024-02-06T12:54:12+00:00","dateModified":"2025-08-06T12:50:25+00:00","description":"Het Kontur systeem met overlay is een innovatieve oplossing die optimaal gebruik maakt van aluminium overlays. Dit zorgt voor onbeperkte ontwerpmogelijkheden.","breadcrumb":{"@id":"https:\/\/bertrand.pl\/produkt\/kontur-z-nakladka-aluminiowa\/#breadcrumb"},"inLanguage":"nl-NL","potentialAction":[{"@type":"ReadAction","target":["https:\/\/bertrand.pl\/produkt\/kontur-z-nakladka-aluminiowa\/"]}]},{"@type":"ImageObject","inLanguage":"nl-NL","@id":"https:\/\/bertrand.pl\/produkt\/kontur-z-nakladka-aluminiowa\/#primaryimage","url":"https:\/\/bertrand.pl\/wp-content\/uploads\/2024\/02\/gealan-kontur-aluschale-ecke.png","contentUrl":"https:\/\/bertrand.pl\/wp-content\/uploads\/2024\/02\/gealan-kontur-aluschale-ecke.png","width":800,"height":800},{"@type":"BreadcrumbList","@id":"https:\/\/bertrand.pl\/produkt\/kontur-z-nakladka-aluminiowa\/#breadcrumb","itemListElement":[{"@type":"ListItem","position":1,"name":"Strona g\u0142\u00f3wna","item":"https:\/\/bertrand.pl\/"},{"@type":"ListItem","position":2,"name":"Produits","item":"https:\/\/bertrand.pl\/fr\/shop\/"},{"@type":"ListItem","position":3,"name":"KONTUR z nak\u0142adk\u0105 aluminiow\u0105"}]},{"@type":"WebSite","@id":"https:\/\/bertrand.pl\/#website","url":"https:\/\/bertrand.pl\/","name":"Bertrand.pl","description":"Firma Bertrand to certyfikowany i uznany producent najwy\u017cszej jako\u015bci okien z PVC, z drewna lub aluminium. Produkcja drzwi, rolet i bram gara\u017cowych.","publisher":{"@id":"https:\/\/bertrand.pl\/#organization"},"potentialAction":[{"@type":"SearchAction","target":{"@type":"EntryPoint","urlTemplate":"https:\/\/bertrand.pl\/?s={search_term_string}"},"query-input":{"@type":"PropertyValueSpecification","valueRequired":true,"valueName":"search_term_string"}}],"inLanguage":"nl-NL"},{"@type":"Organization","@id":"https:\/\/bertrand.pl\/#organization","name":"Bertrand.pl","url":"https:\/\/bertrand.pl\/","logo":{"@type":"ImageObject","inLanguage":"nl-NL","@id":"https:\/\/bertrand.pl\/#\/schema\/logo\/image\/","url":"https:\/\/bertrand.pl\/wp-content\/uploads\/2024\/12\/logo_BB_TM_PL_black.png","contentUrl":"https:\/\/bertrand.pl\/wp-content\/uploads\/2024\/12\/logo_BB_TM_PL_black.png","width":1831,"height":1831,"caption":"Bertrand.pl"},"image":{"@id":"https:\/\/bertrand.pl\/#\/schema\/logo\/image\/"},"sameAs":["https:\/\/www.facebook.com\/bertrandpolska\/","https:\/\/www.instagram.com\/bertrand_okna_i_drzwi\/","https:\/\/www.linkedin.com\/company\/bertrand\/","https:\/\/www.tiktok.com\/@bertrand_okna_drzwi"]}]}},"_links":{"self":[{"href":"https:\/\/bertrand.pl\/nl\/wp-json\/wp\/v2\/product\/3170","targetHints":{"allow":["GET"]}}],"collection":[{"href":"https:\/\/bertrand.pl\/nl\/wp-json\/wp\/v2\/product"}],"about":[{"href":"https:\/\/bertrand.pl\/nl\/wp-json\/wp\/v2\/types\/product"}],"wp:featuredmedia":[{"embeddable":true,"href":"https:\/\/bertrand.pl\/nl\/wp-json\/wp\/v2\/media\/3167"}],"wp:attachment":[{"href":"https:\/\/bertrand.pl\/nl\/wp-json\/wp\/v2\/media?parent=3170"}],"wp:term":[{"taxonomy":"product_brand","embeddable":true,"href":"https:\/\/bertrand.pl\/nl\/wp-json\/wp\/v2\/product_brand?post=3170"},{"taxonomy":"product_cat","embeddable":true,"href":"https:\/\/bertrand.pl\/nl\/wp-json\/wp\/v2\/product_cat?post=3170"},{"taxonomy":"product_tag","embeddable":true,"href":"https:\/\/bertrand.pl\/nl\/wp-json\/wp\/v2\/product_tag?post=3170"}],"curies":[{"name":"wp","href":"https:\/\/api.w.org\/{rel}","templated":true}]}}