{"id":3281,"date":"2024-02-20T10:51:29","date_gmt":"2024-02-20T09:51:29","guid":{"rendered":"https:\/\/bertrand.pl\/?post_type=product&#038;p=3281"},"modified":"2024-12-13T14:35:16","modified_gmt":"2024-12-13T13:35:16","slug":"schermjaloezieen","status":"publish","type":"product","link":"https:\/\/bertrand.pl\/nl\/produkt\/rolety-screen\/","title":{"rendered":"Schermjaloezie\u00ebn"},"content":{"rendered":"<p data-pm-slice=\"1 1 []\">Schermzonwering is een innovatieve oplossing die het interieur effectief beschermt tegen overmatige blootstelling aan zonlicht en stijgende temperaturen. Wanneer de zonnestralen het oppervlak van het rolgordijn bereiken, wordt een deel ervan gereflecteerd en de rest geabsorbeerd en vrijgegeven. Dankzij het gebruik van dit materiaal kan de transmissie van verblindend licht en UV-straling worden geminimaliseerd, wat leidt tot een verlaging van de temperatuur in de kamers tot enkele graden.<\/p>\n<p data-pm-slice=\"1 1 []\">Schermjaloezie\u00ebn zijn gemaakt van duurzaam PVC-gecoat glasvezel, wat hun duurzaamheid en weerstand tegen externe factoren garandeert. Het rolluiksysteem omvat kasten en geleiders die buiten gebouwen zijn gemonteerd. Wij bieden:<\/p>\n<ul data-spread=\"false\">\n<li class=\"translation-block\"><strong>Inbouwdozen<\/strong> verkrijgbaar in twee maten: 105 mm en 125 mm.<\/li>\n<li class=\"translation-block\"><strong>Adapterdozen (zichtbaar)<\/strong> in drie maten: 95 mm, 105 mm en 125 mm.<\/li>\n<\/ul>\n<p>Doosvarianten:<\/p>\n<ul data-spread=\"false\">\n<li class=\"translation-block\"><strong>Vierkant<\/strong> (hoek van 90\u00b0).<\/li>\n<li class=\"translation-block\"><strong>Met gebogen kop<\/strong> (in een hoek van 45\u00b0).<\/li>\n<li><strong>Ovaal<\/strong>.<\/li>\n<\/ul>\n<p>Met de inbouwdoos kunt u meer dan de helft van de geleiding in de muur verbergen, wat zowel de functionaliteit als de esthetiek positief be\u00efnvloedt. Hierdoor passen horgordijnen perfect bij de gevel van het gebouw.<\/p>\n<p>&nbsp;<\/p>\n<h3>Afmetingen en ontwerpopties<\/h3>\n<p>&nbsp;<\/p>\n<p>Screen-rolgordijnen kunnen maximale afmetingen bereiken van maximaal 6 meter breed en 5 meter hoog, met een totale oppervlakte van maximaal 18 m\u00b2. Bij grotere oplossingen is het mogelijk om rolgordijnverdelingen en speciale staanders te gebruiken, wat flexibiliteit in het ontwerp mogelijk maakt.<\/p>\n<p>&nbsp;<\/p>\n<figure id=\"attachment_3285\" aria-describedby=\"caption-attachment-3285\" style=\"width: 420px\" class=\"wp-caption aligncenter\"><img fetchpriority=\"high\" decoding=\"async\" class=\"wp-image-3285 size-medium\" src=\"https:\/\/bertrand.pl\/wp-content\/uploads\/2024\/02\/l_4831-420x308.jpg\" alt=\"Screen-rolgordijnen zijn een functionele en esthetische oplossing die niet alleen het interieur beschermt tegen overmatig licht en hitte. \" width=\"420\" height=\"308\" srcset=\"https:\/\/bertrand.pl\/wp-content\/uploads\/2024\/02\/l_4831-420x308.jpg 420w, https:\/\/bertrand.pl\/wp-content\/uploads\/2024\/02\/l_4831-768x564.jpg 768w, https:\/\/bertrand.pl\/wp-content\/uploads\/2024\/02\/l_4831-16x12.jpg 16w, https:\/\/bertrand.pl\/wp-content\/uploads\/2024\/02\/l_4831-600x440.jpg 600w, https:\/\/bertrand.pl\/wp-content\/uploads\/2024\/02\/l_4831.jpg 800w\" sizes=\"(max-width: 420px) 100vw, 420px\" \/><figcaption id=\"caption-attachment-3285\" class=\"wp-caption-text\">Schermjaloezie\u00ebn<\/figcaption><\/figure>\n<h3 data-pm-slice=\"1 1 []\">Geavanceerde bedieningselementen<\/h3>\n<p>&nbsp;<\/p>\n<p>De bediening van de screenjaloezie kan worden aangepast aan de wensen van de gebruiker. Afhankelijk van het motortype zijn de volgende opties beschikbaar:<\/p>\n<ul data-spread=\"false\">\n<li><strong>Wandknop<\/strong>.<\/li>\n<li class=\"translation-block\"><strong>Draadloze bediening<\/strong> (Bluetooth, Wi-Fi).<\/li>\n<li class=\"translation-block\"><strong>Een zonnepaneel<\/strong> dat het mechanisme automatisch oplaadt, waardoor er geen extra componenten nodig zijn.<\/li>\n<\/ul>\n<p>Bovendien verhoogt het gebruik van een ritssluiting in de geleiders de dichtheid en weerstand van het systeem tegen externe factoren.<\/p>\n<p>&nbsp;<\/p>\n<h3>Drie doorschijnendheidsvarianten<\/h3>\n<p>&nbsp;<\/p>\n<p>Screenjaloezie\u00ebn zijn verkrijgbaar in drie doorschijnendheidsvarianten:<\/p>\n<ul data-spread=\"false\">\n<li class=\"translation-block\"><strong>Basic<\/strong> (1%, 3%, 5%, 10%) \u2013 zorgt voor zichtbaarheid en beperkt de blootstelling.<\/li>\n<li class=\"translation-block\"><strong>Lunar<\/strong> (0%) \u2013 garandeert volledige verduistering van de kamers.<\/li>\n<li class=\"translation-block\"><strong>Zonne-energie<\/strong> (3%) \u2013 beschermt niet alleen tegen licht, maar maakt ook vochtafvoer mogelijk.<\/li>\n<\/ul>\n<p>De Lunar- en Solar-varianten zijn ideaal voor ruimtes die volledige verduistering vereisen.<\/p>\n<p>&nbsp;<\/p>\n<h3>Eenvoudig onderhoud en service<\/h3>\n<p>&nbsp;<\/p>\n<p>Screen-rolgordijnen zijn eenvoudig te monteren, demonteren en onderhouden. Om schoon te maken heb je alleen een zachte borstel of spons en schoon water nodig. Bij hardnekkige vlekken kunt u zeep zonder geurolie gebruiken, opgelost in water van 20-40\u00b0C. Het wordt aanbevolen om de stof strak en volledig neergelaten te reinigen en vervolgens in de open lucht te drogen.<\/p>\n<p>&nbsp;<\/p>\n<h3>Een breed scala aan kleuren<\/h3>\n<p>&nbsp;<\/p>\n<p>Het rolluikmateriaal, de kasten en de geleiders zijn verkrijgbaar in een breed scala aan RAL-kleuren, waardoor een perfecte afstemming op de gevel van het gebouw mogelijk is. Bovendien kun je aan beide zijden van het gordijn verschillende stofkleuren kiezen.<\/p>\n<h4>Kortom: screenrolgordijnen zijn een functionele en esthetische oplossing die niet alleen het interieur beschermt tegen overmatig licht en hitte, maar ook het comfort van het gebruik van gebouwen verhoogt. Neem contact met ons op om het beste systeem voor uw huis of kantoor te kiezen!<\/h4>\n<p><strong>ZIE OOK:<\/strong><\/p>\n<p>&nbsp;<\/p>\n<p><a href=\"https:\/\/bertrand.pl\/nl\/product-2\/verborgen-rolgordijnen-sp-en-sp-e-systemen\/\">Inbouwrolgordijnen \u2013 SP- en SP-E-systemen \u2013 Bertrand.pl<\/a><\/p>\n<p><a href=\"https:\/\/www.youtube.com\/watch?v=EgW3vu6V69U\">Modern huis aan de vijver - Bertrand designs - YouTube<\/a><\/p>","protected":false},"excerpt":{"rendered":"<p>Een functionele en esthetische oplossing die overmatige blootstelling aan licht en verwarming van kamers voorkomt. Verkrijgbaar in verschillende varianten van montage, bediening, materiaaltransparantie en kleur volgens individuele voorkeuren.<\/p>","protected":false},"featured_media":3284,"template":"","meta":{"site-sidebar-layout":"default","site-content-layout":"","ast-site-content-layout":"default","site-content-style":"default","site-sidebar-style":"default","ast-global-header-display":"","ast-banner-title-visibility":"","ast-main-header-display":"","ast-hfb-above-header-display":"","ast-hfb-below-header-display":"","ast-hfb-mobile-header-display":"","site-post-title":"","ast-breadcrumbs-content":"","ast-featured-img":"","footer-sml-layout":"","ast-disable-related-posts":"","theme-transparent-header-meta":"default","adv-header-id-meta":"","stick-header-meta":"","header-above-stick-meta":"","header-main-stick-meta":"","header-below-stick-meta":"","astra-migrate-meta-layouts":"set","ast-page-background-enabled":"default","ast-page-background-meta":{"desktop":{"background-color":"var(--ast-global-color-4)","background-image":"","background-repeat":"repeat","background-position":"center center","background-size":"auto","background-attachment":"scroll","background-type":"","background-media":"","overlay-type":"","overlay-color":"","overlay-opacity":"","overlay-gradient":""},"tablet":{"background-color":"","background-image":"","background-repeat":"repeat","background-position":"center center","background-size":"auto","background-attachment":"scroll","background-type":"","background-media":"","overlay-type":"","overlay-color":"","overlay-opacity":"","overlay-gradient":""},"mobile":{"background-color":"","background-image":"","background-repeat":"repeat","background-position":"center center","background-size":"auto","background-attachment":"scroll","background-type":"","background-media":"","overlay-type":"","overlay-color":"","overlay-opacity":"","overlay-gradient":""}},"ast-content-background-meta":{"desktop":{"background-color":"var(--ast-global-color-5)","background-image":"","background-repeat":"repeat","background-position":"center center","background-size":"auto","background-attachment":"scroll","background-type":"","background-media":"","overlay-type":"","overlay-color":"","overlay-opacity":"","overlay-gradient":""},"tablet":{"background-color":"var(--ast-global-color-5)","background-image":"","background-repeat":"repeat","background-position":"center center","background-size":"auto","background-attachment":"scroll","background-type":"","background-media":"","overlay-type":"","overlay-color":"","overlay-opacity":"","overlay-gradient":""},"mobile":{"background-color":"var(--ast-global-color-5)","background-image":"","background-repeat":"repeat","background-position":"center center","background-size":"auto","background-attachment":"scroll","background-type":"","background-media":"","overlay-type":"","overlay-color":"","overlay-opacity":"","overlay-gradient":""}}},"product_brand":[],"product_cat":[21],"product_tag":[168,1297,661,662,737,1290,1306,1305,1293,1283,1310,1282,1309,1301,1304,1292,742,1299,1303,1294,1287,169,1284,1285,1302,170,173,171,172,1308,1289,1288,1291,1296,1295,390,1307,1298,1286,1300],"class_list":{"0":"post-3281","1":"product","2":"type-product","3":"status-publish","4":"has-post-thumbnail","6":"product_cat-rolety-zewnetrzne","7":"product_tag-bertrand","8":"product_tag-bluetooth","9":"product_tag-estetyka","10":"product_tag-funkcjonalnosc","11":"product_tag-komfort-uzytkowania","12":"product_tag-kwadratowe-skrzynki","13":"product_tag-latwa-konserwacja","14":"product_tag-latwy-montaz","15":"product_tag-maksymalne-wymiary-rolet","16":"product_tag-obnizenie-temperatury","17":"product_tag-ochrona-przed-cieplem","18":"product_tag-ochrona-przed-naswietlaniem","19":"product_tag-ochrona-przed-swiatlem","20":"product_tag-odpornosc-na-czynniki-zewnetrzne","21":"product_tag-odprowadzanie-wilgoci","22":"product_tag-owalne-skrzynki","23":"product_tag-paleta-ral","24":"product_tag-panel-sloneczny","25":"product_tag-pelne-zaciemnienie","26":"product_tag-podzial-rolet","27":"product_tag-powloka-pvc","28":"product_tag-produkt","29":"product_tag-promienie-sloneczne","30":"product_tag-promienie-uv","31":"product_tag-przeziernosc","32":"product_tag-rolety","33":"product_tag-rolety-bertrand","34":"product_tag-rolety-screen","35":"product_tag-rolety-zewnetrzne","36":"product_tag-rozne-kolory-tkaniny","37":"product_tag-skrzynki-adaptacyjne","38":"product_tag-skrzynki-podtynkowe","39":"product_tag-skrzynki-z-gietym-czolem","40":"product_tag-sterowanie-bezprzewodowe","41":"product_tag-sterowanie-przyciskiem","42":"product_tag-szczelnosc","43":"product_tag-szeroka-gama-kolorow","44":"product_tag-wi-fi","45":"product_tag-wlokno-szklane","46":"product_tag-zamek-blyskawiczny","47":"desktop-align-left","48":"tablet-align-left","49":"mobile-align-left","51":"first","52":"instock","53":"shipping-taxable","54":"product-type-simple"},"yoast_head":"<!-- This site is optimized with the Yoast SEO Premium plugin v27.2 (Yoast SEO v27.2) - https:\/\/yoast.com\/product\/yoast-seo-premium-wordpress\/ -->\n<title>Rolety screen - Bertrand. Najwy\u017cszej jako\u015bci okna i drzwi. Certyfikowany producent od 1969 roku.<\/title>\n<meta name=\"description\" content=\"Rolety screen to funkcjonalne i estetyczne rozwi\u0105zanie, kt\u00f3re chroni wn\u0119trza przed nadmiernym \u015bwiat\u0142em i ciep\u0142em, podnosi te\u017c komfort u\u017cytkowania budynk\u00f3w.\" \/>\n<meta name=\"robots\" content=\"index, follow, max-snippet:-1, max-image-preview:large, max-video-preview:-1\" \/>\n<link rel=\"canonical\" href=\"https:\/\/bertrand.pl\/nl\/product-2\/schermjaloezieen\/\" \/>\n<meta property=\"og:locale\" content=\"nl_NL\" \/>\n<meta property=\"og:type\" content=\"article\" \/>\n<meta property=\"og:title\" content=\"Rolety screen\" \/>\n<meta property=\"og:description\" content=\"Rolety screen to funkcjonalne i estetyczne rozwi\u0105zanie, kt\u00f3re chroni wn\u0119trza przed nadmiernym \u015bwiat\u0142em i ciep\u0142em, podnosi te\u017c komfort u\u017cytkowania budynk\u00f3w.\" \/>\n<meta property=\"og:url\" content=\"https:\/\/bertrand.pl\/nl\/product-2\/schermjaloezieen\/\" \/>\n<meta property=\"og:site_name\" content=\"Bertrand. Najwy\u017cszej jako\u015bci okna i drzwi. Certyfikowany producent od 1969 roku.\" \/>\n<meta property=\"article:publisher\" content=\"https:\/\/www.facebook.com\/bertrandpolska\/\" \/>\n<meta property=\"article:modified_time\" content=\"2024-12-13T13:35:16+00:00\" \/>\n<meta property=\"og:image\" content=\"https:\/\/bertrand.pl\/wp-content\/uploads\/2024\/02\/screeny.png\" \/>\n\t<meta property=\"og:image:width\" content=\"1181\" \/>\n\t<meta property=\"og:image:height\" content=\"1181\" \/>\n\t<meta property=\"og:image:type\" content=\"image\/png\" \/>\n<meta name=\"twitter:card\" content=\"summary_large_image\" \/>\n<meta name=\"twitter:label1\" content=\"Geschatte leestijd\" \/>\n\t<meta name=\"twitter:data1\" content=\"4 minuten\" \/>\n<script type=\"application\/ld+json\" class=\"yoast-schema-graph\">{\"@context\":\"https:\/\/schema.org\",\"@graph\":[{\"@type\":\"WebPage\",\"@id\":\"https:\/\/bertrand.pl\/produkt\/rolety-screen\/\",\"url\":\"https:\/\/bertrand.pl\/produkt\/rolety-screen\/\",\"name\":\"Rolety screen - Bertrand. Najwy\u017cszej jako\u015bci okna i drzwi. Certyfikowany producent od 1969 roku.\",\"isPartOf\":{\"@id\":\"https:\/\/bertrand.pl\/#website\"},\"primaryImageOfPage\":{\"@id\":\"https:\/\/bertrand.pl\/produkt\/rolety-screen\/#primaryimage\"},\"image\":{\"@id\":\"https:\/\/bertrand.pl\/produkt\/rolety-screen\/#primaryimage\"},\"thumbnailUrl\":\"https:\/\/bertrand.pl\/wp-content\/uploads\/2024\/02\/screeny.png\",\"datePublished\":\"2024-02-20T09:51:29+00:00\",\"dateModified\":\"2024-12-13T13:35:16+00:00\",\"description\":\"Rolety screen to funkcjonalne i estetyczne rozwi\u0105zanie, kt\u00f3re chroni wn\u0119trza przed nadmiernym \u015bwiat\u0142em i ciep\u0142em, podnosi te\u017c komfort u\u017cytkowania budynk\u00f3w.\",\"breadcrumb\":{\"@id\":\"https:\/\/bertrand.pl\/produkt\/rolety-screen\/#breadcrumb\"},\"inLanguage\":\"nl-NL\",\"potentialAction\":[{\"@type\":\"ReadAction\",\"target\":[\"https:\/\/bertrand.pl\/produkt\/rolety-screen\/\"]}]},{\"@type\":\"ImageObject\",\"inLanguage\":\"nl-NL\",\"@id\":\"https:\/\/bertrand.pl\/produkt\/rolety-screen\/#primaryimage\",\"url\":\"https:\/\/bertrand.pl\/wp-content\/uploads\/2024\/02\/screeny.png\",\"contentUrl\":\"https:\/\/bertrand.pl\/wp-content\/uploads\/2024\/02\/screeny.png\",\"width\":1181,\"height\":1181,\"caption\":\"Rolety screen\"},{\"@type\":\"BreadcrumbList\",\"@id\":\"https:\/\/bertrand.pl\/produkt\/rolety-screen\/#breadcrumb\",\"itemListElement\":[{\"@type\":\"ListItem\",\"position\":1,\"name\":\"Strona g\u0142\u00f3wna\",\"item\":\"https:\/\/bertrand.pl\/\"},{\"@type\":\"ListItem\",\"position\":2,\"name\":\"Produits\",\"item\":\"https:\/\/bertrand.pl\/fr\/shop\/\"},{\"@type\":\"ListItem\",\"position\":3,\"name\":\"Rolety screen\"}]},{\"@type\":\"WebSite\",\"@id\":\"https:\/\/bertrand.pl\/#website\",\"url\":\"https:\/\/bertrand.pl\/\",\"name\":\"Bertrand.pl\",\"description\":\"Firma Bertrand to certyfikowany i uznany producent najwy\u017cszej jako\u015bci okien z PVC, z drewna lub aluminium. Produkcja drzwi, rolet i bram gara\u017cowych.\",\"publisher\":{\"@id\":\"https:\/\/bertrand.pl\/#organization\"},\"potentialAction\":[{\"@type\":\"SearchAction\",\"target\":{\"@type\":\"EntryPoint\",\"urlTemplate\":\"https:\/\/bertrand.pl\/?s={search_term_string}\"},\"query-input\":{\"@type\":\"PropertyValueSpecification\",\"valueRequired\":true,\"valueName\":\"search_term_string\"}}],\"inLanguage\":\"nl-NL\"},{\"@type\":\"Organization\",\"@id\":\"https:\/\/bertrand.pl\/#organization\",\"name\":\"Bertrand.pl\",\"url\":\"https:\/\/bertrand.pl\/\",\"logo\":{\"@type\":\"ImageObject\",\"inLanguage\":\"nl-NL\",\"@id\":\"https:\/\/bertrand.pl\/#\/schema\/logo\/image\/\",\"url\":\"https:\/\/bertrand.pl\/wp-content\/uploads\/2024\/12\/logo_BB_TM_PL_black.png\",\"contentUrl\":\"https:\/\/bertrand.pl\/wp-content\/uploads\/2024\/12\/logo_BB_TM_PL_black.png\",\"width\":1831,\"height\":1831,\"caption\":\"Bertrand.pl\"},\"image\":{\"@id\":\"https:\/\/bertrand.pl\/#\/schema\/logo\/image\/\"},\"sameAs\":[\"https:\/\/www.facebook.com\/bertrandpolska\/\",\"https:\/\/www.instagram.com\/bertrand_okna_i_drzwi\/\",\"https:\/\/www.linkedin.com\/company\/bertrand\/\",\"https:\/\/www.tiktok.com\/@bertrand_okna_drzwi\"]}]}<\/script>\n<!-- \/ Yoast SEO Premium plugin. -->","yoast_head_json":{"title":"Rolety screen - Bertrand. Najwy\u017cszej jako\u015bci okna i drzwi. Certyfikowany producent od 1969 roku.","description":"Screen-rolgordijnen zijn een functionele en esthetische oplossing die het interieur beschermt tegen overmatig licht en hitte en het gebruikscomfort in gebouwen verhoogt.","robots":{"index":"index","follow":"follow","max-snippet":"max-snippet:-1","max-image-preview":"max-image-preview:large","max-video-preview":"max-video-preview:-1"},"canonical":"https:\/\/bertrand.pl\/nl\/product-2\/schermjaloezieen\/","og_locale":"nl_NL","og_type":"article","og_title":"Rolety screen","og_description":"Rolety screen to funkcjonalne i estetyczne rozwi\u0105zanie, kt\u00f3re chroni wn\u0119trza przed nadmiernym \u015bwiat\u0142em i ciep\u0142em, podnosi te\u017c komfort u\u017cytkowania budynk\u00f3w.","og_url":"https:\/\/bertrand.pl\/nl\/product-2\/schermjaloezieen\/","og_site_name":"Bertrand. Najwy\u017cszej jako\u015bci okna i drzwi. Certyfikowany producent od 1969 roku.","article_publisher":"https:\/\/www.facebook.com\/bertrandpolska\/","article_modified_time":"2024-12-13T13:35:16+00:00","og_image":[{"width":1181,"height":1181,"url":"https:\/\/bertrand.pl\/wp-content\/uploads\/2024\/02\/screeny.png","type":"image\/png"}],"twitter_card":"summary_large_image","twitter_misc":{"Geschatte leestijd":"4 minuten"},"schema":{"@context":"https:\/\/schema.org","@graph":[{"@type":"WebPage","@id":"https:\/\/bertrand.pl\/produkt\/rolety-screen\/","url":"https:\/\/bertrand.pl\/produkt\/rolety-screen\/","name":"Rolety screen - Bertrand. Najwy\u017cszej jako\u015bci okna i drzwi. Certyfikowany producent od 1969 roku.","isPartOf":{"@id":"https:\/\/bertrand.pl\/#website"},"primaryImageOfPage":{"@id":"https:\/\/bertrand.pl\/produkt\/rolety-screen\/#primaryimage"},"image":{"@id":"https:\/\/bertrand.pl\/produkt\/rolety-screen\/#primaryimage"},"thumbnailUrl":"https:\/\/bertrand.pl\/wp-content\/uploads\/2024\/02\/screeny.png","datePublished":"2024-02-20T09:51:29+00:00","dateModified":"2024-12-13T13:35:16+00:00","description":"Screen-rolgordijnen zijn een functionele en esthetische oplossing die het interieur beschermt tegen overmatig licht en hitte en het gebruikscomfort in gebouwen verhoogt.","breadcrumb":{"@id":"https:\/\/bertrand.pl\/produkt\/rolety-screen\/#breadcrumb"},"inLanguage":"nl-NL","potentialAction":[{"@type":"ReadAction","target":["https:\/\/bertrand.pl\/produkt\/rolety-screen\/"]}]},{"@type":"ImageObject","inLanguage":"nl-NL","@id":"https:\/\/bertrand.pl\/produkt\/rolety-screen\/#primaryimage","url":"https:\/\/bertrand.pl\/wp-content\/uploads\/2024\/02\/screeny.png","contentUrl":"https:\/\/bertrand.pl\/wp-content\/uploads\/2024\/02\/screeny.png","width":1181,"height":1181,"caption":"Rolety screen"},{"@type":"BreadcrumbList","@id":"https:\/\/bertrand.pl\/produkt\/rolety-screen\/#breadcrumb","itemListElement":[{"@type":"ListItem","position":1,"name":"Strona g\u0142\u00f3wna","item":"https:\/\/bertrand.pl\/"},{"@type":"ListItem","position":2,"name":"Produits","item":"https:\/\/bertrand.pl\/fr\/shop\/"},{"@type":"ListItem","position":3,"name":"Rolety screen"}]},{"@type":"WebSite","@id":"https:\/\/bertrand.pl\/#website","url":"https:\/\/bertrand.pl\/","name":"Bertrand.pl","description":"Firma Bertrand to certyfikowany i uznany producent najwy\u017cszej jako\u015bci okien z PVC, z drewna lub aluminium. Produkcja drzwi, rolet i bram gara\u017cowych.","publisher":{"@id":"https:\/\/bertrand.pl\/#organization"},"potentialAction":[{"@type":"SearchAction","target":{"@type":"EntryPoint","urlTemplate":"https:\/\/bertrand.pl\/?s={search_term_string}"},"query-input":{"@type":"PropertyValueSpecification","valueRequired":true,"valueName":"search_term_string"}}],"inLanguage":"nl-NL"},{"@type":"Organization","@id":"https:\/\/bertrand.pl\/#organization","name":"Bertrand.pl","url":"https:\/\/bertrand.pl\/","logo":{"@type":"ImageObject","inLanguage":"nl-NL","@id":"https:\/\/bertrand.pl\/#\/schema\/logo\/image\/","url":"https:\/\/bertrand.pl\/wp-content\/uploads\/2024\/12\/logo_BB_TM_PL_black.png","contentUrl":"https:\/\/bertrand.pl\/wp-content\/uploads\/2024\/12\/logo_BB_TM_PL_black.png","width":1831,"height":1831,"caption":"Bertrand.pl"},"image":{"@id":"https:\/\/bertrand.pl\/#\/schema\/logo\/image\/"},"sameAs":["https:\/\/www.facebook.com\/bertrandpolska\/","https:\/\/www.instagram.com\/bertrand_okna_i_drzwi\/","https:\/\/www.linkedin.com\/company\/bertrand\/","https:\/\/www.tiktok.com\/@bertrand_okna_drzwi"]}]}},"_links":{"self":[{"href":"https:\/\/bertrand.pl\/nl\/wp-json\/wp\/v2\/product\/3281","targetHints":{"allow":["GET"]}}],"collection":[{"href":"https:\/\/bertrand.pl\/nl\/wp-json\/wp\/v2\/product"}],"about":[{"href":"https:\/\/bertrand.pl\/nl\/wp-json\/wp\/v2\/types\/product"}],"wp:featuredmedia":[{"embeddable":true,"href":"https:\/\/bertrand.pl\/nl\/wp-json\/wp\/v2\/media\/3284"}],"wp:attachment":[{"href":"https:\/\/bertrand.pl\/nl\/wp-json\/wp\/v2\/media?parent=3281"}],"wp:term":[{"taxonomy":"product_brand","embeddable":true,"href":"https:\/\/bertrand.pl\/nl\/wp-json\/wp\/v2\/product_brand?post=3281"},{"taxonomy":"product_cat","embeddable":true,"href":"https:\/\/bertrand.pl\/nl\/wp-json\/wp\/v2\/product_cat?post=3281"},{"taxonomy":"product_tag","embeddable":true,"href":"https:\/\/bertrand.pl\/nl\/wp-json\/wp\/v2\/product_tag?post=3281"}],"curies":[{"name":"wp","href":"https:\/\/api.w.org\/{rel}","templated":true}]}}