{"id":3407,"date":"2025-08-06T11:21:25","date_gmt":"2025-08-06T09:21:25","guid":{"rendered":"https:\/\/bertrand.pl\/?post_type=product&#038;p=3407"},"modified":"2025-08-06T11:57:43","modified_gmt":"2025-08-06T09:57:43","slug":"mb-79n-ons","status":"publish","type":"product","link":"https:\/\/bertrand.pl\/nl\/produkt\/mb-79n-us\/","title":{"rendered":"MB 79N US (verborgen vleugel)"},"content":{"rendered":"<h4><strong>MB 79N US systeem \u2013 moderne ramen met verborgen vleugel voor een samenhangende gevel<\/strong><\/h4>\n<p>&nbsp;<\/p>\n<p>Dit is een geavanceerde oplossing die functionaliteit, esthetiek en moderne technologie\u00ebn combineert. Dankzij de mogelijkheid om de vleugels te verbergen, bieden deze ramen van buitenaf een uniform glasoppervlak. Bovendien is de constructie zo ontworpen dat het onmogelijk is om visueel onderscheid te maken tussen vaste en openslaande ramen. Dit geeft de gevel een samenhangend en elegant uiterlijk.<\/p>\n<p>&nbsp;<\/p>\n<p><img fetchpriority=\"high\" decoding=\"async\" class=\"wp-image-3408\" src=\"https:\/\/bertrand.pl\/wp-content\/uploads\/2024\/03\/rysunek_MB-79N_US_SI_2_kopia-291x420.jpg\" alt=\"MB 79N US is een oplossing die innovatieve technologie\u00ebn, elegant design en de hoogste functionaliteit combineert.\" width=\"266\" height=\"384\" srcset=\"https:\/\/bertrand.pl\/wp-content\/uploads\/2024\/03\/rysunek_MB-79N_US_SI_2_kopia-291x420.jpg 291w, https:\/\/bertrand.pl\/wp-content\/uploads\/2024\/03\/rysunek_MB-79N_US_SI_2_kopia-8x12.jpg 8w, https:\/\/bertrand.pl\/wp-content\/uploads\/2024\/03\/rysunek_MB-79N_US_SI_2_kopia.jpg 371w\" sizes=\"(max-width: 266px) 100vw, 266px\" \/><\/p>\n<h4><strong>Najwa\u017cniejsze cechy systemu:<\/strong><\/h4>\n<p>&nbsp;<\/p>\n<h4><strong>1. Uniform gevelontwerp<\/strong><\/h4>\n<ul>\n<li>De glasvlakken in vaste en openslaande ramen liggen in hetzelfde vlak, wat zorgt voor een harmonieus uiterlijk van de gevel.<\/li>\n<li>Bovendien kan de gebruiker een van de twee versies van de korting kiezen:\n<ul>\n<li><strong>Type A deurkozijn<\/strong>, die de vleugel gedeeltelijk bedekt,<\/li>\n<li>of <strong>deurkozijn type B<\/strong>, die de vleugel volledig verbergt en het uiterlijk van vaste ramen imiteert.<\/li>\n<\/ul>\n<\/li>\n<\/ul>\n<h4><strong>2. Veelzijdigheid van toepassingen<\/strong><\/h4>\n<ul>\n<li>Het MB 79N US-systeem maakt het gebruik van speciale adaptieve profielen mogelijk, waardoor elementen uit het basis MB79N-systeem kunnen worden gebruikt.<\/li>\n<li>Zo kunnen zowel grote als zware ramen worden gerealiseerd, waardoor dit systeem ideaal is voor woon-, kantoor- en bedrijfsgebouwen.<\/li>\n<\/ul>\n<h4><strong>3. Uitzonderlijke technische parameters<\/strong><\/h4>\n<ul>\n<li><strong>Thermische isolatie<\/strong>: Het systeem voldoet aan strenge eisen op het gebied van energie-effici\u00ebntie, waardoor de bedrijfskosten worden verlaagd.<\/li>\n<li><strong>Akoestische isolatie<\/strong>: Dankzij de juiste materialen biedt het een uitstekende geluidsisolatie, wat het gebruikerscomfort aanzienlijk verbetert.<\/li>\n<li><strong>Weerstand tegen weersomstandigheden<\/strong>: De hoge water- en luchtdichtheid garandeert bijvoorbeeld betrouwbaarheid, zelfs onder extreme weersomstandigheden.<\/li>\n<\/ul>\n<h4><\/h4>\n<h4><strong>Waarom is het de moeite waard om voor dit systeem te kiezen?<\/strong><\/h4>\n<p>&nbsp;<\/p>\n<ol>\n<li><strong>Harmonieus ontwerp<\/strong> \u2013 Verborgen vleugel en uniform glasoppervlak zorgen voor een minimalistische, moderne uitstraling van de gevel.<\/li>\n<li><strong>Ontwerpflexibiliteit<\/strong> \u2013 Met het systeem kunt u kiezen tussen twee versies van de sponning, waardoor u meer ontwerpmogelijkheden heeft.<\/li>\n<li><strong>Energiebesparing<\/strong> \u2013 Hoge thermische isolatie ondersteunt energiebesparingen, wat belangrijk is voor de bescherming van het milieu.<\/li>\n<li><strong>Akoestisch comfort<\/strong> \u2013 Het systeem vermindert effectief geluid, waardoor interieurs comfortabeler worden, bijvoorbeeld in luidruchtige omgevingen.<\/li>\n<li><strong>Duurzaamheid en betrouwbaarheid<\/strong> \u2013 Dankzij de uitstekende water- en luchtdichtheid garandeert het systeem een lange levensduur, zelfs in moeilijke klimatologische omstandigheden.<\/li>\n<\/ol>\n<h3><\/h3>\n<p><b>Dit systeem <\/b>is een oplossing gecre\u00eberd voor de moderne bouw, die innovatieve technologie\u00ebn, elegant design en de hoogste functionaliteit combineert. Dankzij de verborgen vleugel en uniforme gevels voldoet dit systeem niet alleen aan de esthetische verwachtingen, maar biedt het ook uitstekende technische parameters. Bovendien maakt de ontwerpflexibiliteit het mogelijk om het aan de verschillende behoeften van investeerders aan te passen.<\/p>\n<p>&nbsp;<\/p>\n<p><strong>Kies MB 79N US - een systeem dat esthetiek, duurzaamheid en moderniteit in perfecte harmonie combineert!<\/strong><\/p>\n<p>&nbsp;<\/p>\n<p><img decoding=\"async\" class=\"wp-image-3411\" src=\"https:\/\/bertrand.pl\/wp-content\/uploads\/2024\/03\/rysunek_MB-79N_US_E_kopia-420x406.jpg\" alt=\"Met het MB79 US-systeem kunt u kiezen tussen twee versies van de korting, waardoor u meer ontwerpmogelijkheden heeft. Het is een elegant ontwerp en de hoogste functionaliteit. \" width=\"288\" height=\"278\" srcset=\"https:\/\/bertrand.pl\/wp-content\/uploads\/2024\/03\/rysunek_MB-79N_US_E_kopia-420x406.jpg 420w, https:\/\/bertrand.pl\/wp-content\/uploads\/2024\/03\/rysunek_MB-79N_US_E_kopia-12x12.jpg 12w, https:\/\/bertrand.pl\/wp-content\/uploads\/2024\/03\/rysunek_MB-79N_US_E_kopia-600x580.jpg 600w, https:\/\/bertrand.pl\/wp-content\/uploads\/2024\/03\/rysunek_MB-79N_US_E_kopia.jpg 604w\" sizes=\"(max-width: 288px) 100vw, 288px\" \/><\/p>\n<p><img decoding=\"async\" class=\"wp-image-3409\" src=\"https:\/\/bertrand.pl\/wp-content\/uploads\/2024\/03\/rysunek_MB-79N_US_SI_kopia-420x406.jpg\" alt=\"Het MB 79N US-systeem heeft een hoge thermische isolatie, wat energiebesparingen ondersteunt, wat belangrijk is voor de bescherming van het milieu.\" width=\"293\" height=\"283\" srcset=\"https:\/\/bertrand.pl\/wp-content\/uploads\/2024\/03\/rysunek_MB-79N_US_SI_kopia-420x406.jpg 420w, https:\/\/bertrand.pl\/wp-content\/uploads\/2024\/03\/rysunek_MB-79N_US_SI_kopia-12x12.jpg 12w, https:\/\/bertrand.pl\/wp-content\/uploads\/2024\/03\/rysunek_MB-79N_US_SI_kopia-600x580.jpg 600w, https:\/\/bertrand.pl\/wp-content\/uploads\/2024\/03\/rysunek_MB-79N_US_SI_kopia.jpg 604w\" sizes=\"(max-width: 293px) 100vw, 293px\" \/><\/p>\n<p><img loading=\"lazy\" decoding=\"async\" class=\"wp-image-3410\" src=\"https:\/\/bertrand.pl\/wp-content\/uploads\/2024\/03\/rysunek_MB-79N_US_ST_kopia-420x406.jpg\" alt=\"Het MB 79N US-systeem garandeert dankzij de uitstekende water- en luchtdichtheid een lange levensduur, zelfs in moeilijke klimatologische omstandigheden.\" width=\"288\" height=\"279\" srcset=\"https:\/\/bertrand.pl\/wp-content\/uploads\/2024\/03\/rysunek_MB-79N_US_ST_kopia-420x406.jpg 420w, https:\/\/bertrand.pl\/wp-content\/uploads\/2024\/03\/rysunek_MB-79N_US_ST_kopia-12x12.jpg 12w, https:\/\/bertrand.pl\/wp-content\/uploads\/2024\/03\/rysunek_MB-79N_US_ST_kopia-600x580.jpg 600w, https:\/\/bertrand.pl\/wp-content\/uploads\/2024\/03\/rysunek_MB-79N_US_ST_kopia.jpg 604w\" sizes=\"(max-width: 288px) 100vw, 288px\" \/><\/p>\n<p>&nbsp;<\/p>\n<h3><strong>ZIE OOK:<\/strong><\/h3>\n<p>&nbsp;<\/p>\n<h4><strong><a href=\"https:\/\/bertrand.pl\/nl\/kleur\/\">Kleuren van ramen en deuren<\/a><\/strong><\/h4>\n<h5><a href=\"https:\/\/www.youtube.com\/watch?v=vzA4OHyNgz8&amp;t=3s\">MB79N-raam met Infratherm-technologie door Bertrand - YouTube<\/a><\/h5>\n<h4><\/h4>","protected":false},"excerpt":{"rendered":"<p><strong>Modern systeem met verborgen vleugel<\/strong><\/p>\n<p>Systeem <strong>MB79N VS<\/strong> is een economische en functionele oplossing waarmee u een uniform uiterlijk van de gevel kunt bereiken dankzij onzichtbare raamvleugels en de mogelijkheid om verschillende soorten sponningen te gebruiken. Biedt een hoge thermische en akoestische isolatie en dichtheid.<\/p>","protected":false},"featured_media":3413,"template":"","meta":{"site-sidebar-layout":"default","site-content-layout":"","ast-site-content-layout":"default","site-content-style":"default","site-sidebar-style":"default","ast-global-header-display":"","ast-banner-title-visibility":"","ast-main-header-display":"","ast-hfb-above-header-display":"","ast-hfb-below-header-display":"","ast-hfb-mobile-header-display":"","site-post-title":"","ast-breadcrumbs-content":"","ast-featured-img":"","footer-sml-layout":"","ast-disable-related-posts":"","theme-transparent-header-meta":"default","adv-header-id-meta":"","stick-header-meta":"","header-above-stick-meta":"","header-main-stick-meta":"","header-below-stick-meta":"","astra-migrate-meta-layouts":"set","ast-page-background-enabled":"default","ast-page-background-meta":{"desktop":{"background-color":"var(--ast-global-color-4)","background-image":"","background-repeat":"repeat","background-position":"center center","background-size":"auto","background-attachment":"scroll","background-type":"","background-media":"","overlay-type":"","overlay-color":"","overlay-opacity":"","overlay-gradient":""},"tablet":{"background-color":"","background-image":"","background-repeat":"repeat","background-position":"center center","background-size":"auto","background-attachment":"scroll","background-type":"","background-media":"","overlay-type":"","overlay-color":"","overlay-opacity":"","overlay-gradient":""},"mobile":{"background-color":"","background-image":"","background-repeat":"repeat","background-position":"center center","background-size":"auto","background-attachment":"scroll","background-type":"","background-media":"","overlay-type":"","overlay-color":"","overlay-opacity":"","overlay-gradient":""}},"ast-content-background-meta":{"desktop":{"background-color":"var(--ast-global-color-5)","background-image":"","background-repeat":"repeat","background-position":"center center","background-size":"auto","background-attachment":"scroll","background-type":"","background-media":"","overlay-type":"","overlay-color":"","overlay-opacity":"","overlay-gradient":""},"tablet":{"background-color":"var(--ast-global-color-5)","background-image":"","background-repeat":"repeat","background-position":"center center","background-size":"auto","background-attachment":"scroll","background-type":"","background-media":"","overlay-type":"","overlay-color":"","overlay-opacity":"","overlay-gradient":""},"mobile":{"background-color":"var(--ast-global-color-5)","background-image":"","background-repeat":"repeat","background-position":"center center","background-size":"auto","background-attachment":"scroll","background-type":"","background-media":"","overlay-type":"","overlay-color":"","overlay-opacity":"","overlay-gradient":""}}},"product_brand":[],"product_cat":[28],"product_tag":[193,168,195,1263,1255,389,1252,737,1249,1233,1256,1262,194,1261,1260,169,1253,1254,1250,1259,1258,1251,1257],"class_list":{"0":"post-3407","1":"product","2":"type-product","3":"status-publish","4":"has-post-thumbnail","6":"product_cat-okna-aluminiowe","7":"product_tag-aluminium","8":"product_tag-bertrand","9":"product_tag-drzwi-aluminiowe","10":"product_tag-duze-okna-aluminiowe","11":"product_tag-estetyczne-okna","12":"product_tag-izolacja-akustyczna","13":"product_tag-jednolita-elewacja","14":"product_tag-komfort-uzytkowania","15":"product_tag-mb79n-us","16":"product_tag-minimalistyczne-okna","17":"product_tag-nowoczesna-elewacja","18":"product_tag-nowoczesne-budownictwo","19":"product_tag-okna-aluminiowe","20":"product_tag-okna-z-systemem-mb79n","21":"product_tag-oszczedzanie-energii","22":"product_tag-produkt","23":"product_tag-przylga-typu-a","24":"product_tag-przylga-typu-b","25":"product_tag-system-okien-z-ukrytym-skrzydlem","26":"product_tag-szczelnosc-na-powietrze","27":"product_tag-szczelnosc-na-wode","28":"product_tag-ukryte-skrzydlo","29":"product_tag-wysoka-izolacja-termiczna","30":"desktop-align-left","31":"tablet-align-left","32":"mobile-align-left","34":"first","35":"instock","36":"shipping-taxable","37":"product-type-simple"},"yoast_head":"<!-- This site is optimized with the Yoast SEO Premium plugin v27.2 (Yoast SEO v27.2) - https:\/\/yoast.com\/product\/yoast-seo-premium-wordpress\/ -->\n<title>MB 79N US (Ukryte skrzyd\u0142o) - Bertrand. Najwy\u017cszej jako\u015bci okna i drzwi. Certyfikowany producent od 1969 roku.<\/title>\n<meta name=\"description\" content=\"MB 79N US to rozwi\u0105zanie, kt\u00f3re \u0142\u0105czy w sobie elegancki design oraz najwy\u017csz\u0105 funkcjonalno\u015b\u0107. Gwarantuje niezawodno\u015b\u0107 w ka\u017cdych warunkach pogodowych.\" \/>\n<meta name=\"robots\" content=\"index, follow, max-snippet:-1, max-image-preview:large, max-video-preview:-1\" \/>\n<link rel=\"canonical\" href=\"https:\/\/bertrand.pl\/nl\/product-2\/mb-79n-ons\/\" \/>\n<meta property=\"og:locale\" content=\"nl_NL\" \/>\n<meta property=\"og:type\" content=\"article\" \/>\n<meta property=\"og:title\" content=\"MB 79N US (Ukryte skrzyd\u0142o)\" \/>\n<meta property=\"og:description\" content=\"MB 79N US to rozwi\u0105zanie, kt\u00f3re \u0142\u0105czy w sobie elegancki design oraz najwy\u017csz\u0105 funkcjonalno\u015b\u0107. Gwarantuje niezawodno\u015b\u0107 w ka\u017cdych warunkach pogodowych.\" \/>\n<meta property=\"og:url\" content=\"https:\/\/bertrand.pl\/nl\/product-2\/mb-79n-ons\/\" \/>\n<meta property=\"og:site_name\" content=\"Bertrand. Najwy\u017cszej jako\u015bci okna i drzwi. Certyfikowany producent od 1969 roku.\" \/>\n<meta property=\"article:publisher\" content=\"https:\/\/www.facebook.com\/bertrandpolska\/\" \/>\n<meta property=\"article:modified_time\" content=\"2025-08-06T09:57:43+00:00\" \/>\n<meta property=\"og:image\" content=\"https:\/\/bertrand.pl\/wp-content\/uploads\/2024\/03\/mb-79n-us-238-pl-1.png\" \/>\n\t<meta property=\"og:image:width\" content=\"626\" \/>\n\t<meta property=\"og:image:height\" content=\"626\" \/>\n\t<meta property=\"og:image:type\" content=\"image\/png\" \/>\n<meta name=\"twitter:card\" content=\"summary_large_image\" \/>\n<meta name=\"twitter:label1\" content=\"Geschatte leestijd\" \/>\n\t<meta name=\"twitter:data1\" content=\"4 minuten\" \/>\n<script type=\"application\/ld+json\" class=\"yoast-schema-graph\">{\"@context\":\"https:\/\/schema.org\",\"@graph\":[{\"@type\":\"WebPage\",\"@id\":\"https:\/\/bertrand.pl\/produkt\/mb-79n-us\/\",\"url\":\"https:\/\/bertrand.pl\/produkt\/mb-79n-us\/\",\"name\":\"MB 79N US (Ukryte skrzyd\u0142o) - Bertrand. Najwy\u017cszej jako\u015bci okna i drzwi. Certyfikowany producent od 1969 roku.\",\"isPartOf\":{\"@id\":\"https:\/\/bertrand.pl\/#website\"},\"primaryImageOfPage\":{\"@id\":\"https:\/\/bertrand.pl\/produkt\/mb-79n-us\/#primaryimage\"},\"image\":{\"@id\":\"https:\/\/bertrand.pl\/produkt\/mb-79n-us\/#primaryimage\"},\"thumbnailUrl\":\"https:\/\/bertrand.pl\/wp-content\/uploads\/2024\/03\/mb-79n-us-238-pl-1.png\",\"datePublished\":\"2025-08-06T09:21:25+00:00\",\"dateModified\":\"2025-08-06T09:57:43+00:00\",\"description\":\"MB 79N US to rozwi\u0105zanie, kt\u00f3re \u0142\u0105czy w sobie elegancki design oraz najwy\u017csz\u0105 funkcjonalno\u015b\u0107. Gwarantuje niezawodno\u015b\u0107 w ka\u017cdych warunkach pogodowych.\",\"breadcrumb\":{\"@id\":\"https:\/\/bertrand.pl\/produkt\/mb-79n-us\/#breadcrumb\"},\"inLanguage\":\"nl-NL\",\"potentialAction\":[{\"@type\":\"ReadAction\",\"target\":[\"https:\/\/bertrand.pl\/produkt\/mb-79n-us\/\"]}]},{\"@type\":\"ImageObject\",\"inLanguage\":\"nl-NL\",\"@id\":\"https:\/\/bertrand.pl\/produkt\/mb-79n-us\/#primaryimage\",\"url\":\"https:\/\/bertrand.pl\/wp-content\/uploads\/2024\/03\/mb-79n-us-238-pl-1.png\",\"contentUrl\":\"https:\/\/bertrand.pl\/wp-content\/uploads\/2024\/03\/mb-79n-us-238-pl-1.png\",\"width\":626,\"height\":626},{\"@type\":\"BreadcrumbList\",\"@id\":\"https:\/\/bertrand.pl\/produkt\/mb-79n-us\/#breadcrumb\",\"itemListElement\":[{\"@type\":\"ListItem\",\"position\":1,\"name\":\"Strona g\u0142\u00f3wna\",\"item\":\"https:\/\/bertrand.pl\/\"},{\"@type\":\"ListItem\",\"position\":2,\"name\":\"Produits\",\"item\":\"https:\/\/bertrand.pl\/fr\/shop\/\"},{\"@type\":\"ListItem\",\"position\":3,\"name\":\"MB 79N US (Ukryte skrzyd\u0142o)\"}]},{\"@type\":\"WebSite\",\"@id\":\"https:\/\/bertrand.pl\/#website\",\"url\":\"https:\/\/bertrand.pl\/\",\"name\":\"Bertrand.pl\",\"description\":\"Firma Bertrand to certyfikowany i uznany producent najwy\u017cszej jako\u015bci okien z PVC, z drewna lub aluminium. Produkcja drzwi, rolet i bram gara\u017cowych.\",\"publisher\":{\"@id\":\"https:\/\/bertrand.pl\/#organization\"},\"potentialAction\":[{\"@type\":\"SearchAction\",\"target\":{\"@type\":\"EntryPoint\",\"urlTemplate\":\"https:\/\/bertrand.pl\/?s={search_term_string}\"},\"query-input\":{\"@type\":\"PropertyValueSpecification\",\"valueRequired\":true,\"valueName\":\"search_term_string\"}}],\"inLanguage\":\"nl-NL\"},{\"@type\":\"Organization\",\"@id\":\"https:\/\/bertrand.pl\/#organization\",\"name\":\"Bertrand.pl\",\"url\":\"https:\/\/bertrand.pl\/\",\"logo\":{\"@type\":\"ImageObject\",\"inLanguage\":\"nl-NL\",\"@id\":\"https:\/\/bertrand.pl\/#\/schema\/logo\/image\/\",\"url\":\"https:\/\/bertrand.pl\/wp-content\/uploads\/2024\/12\/logo_BB_TM_PL_black.png\",\"contentUrl\":\"https:\/\/bertrand.pl\/wp-content\/uploads\/2024\/12\/logo_BB_TM_PL_black.png\",\"width\":1831,\"height\":1831,\"caption\":\"Bertrand.pl\"},\"image\":{\"@id\":\"https:\/\/bertrand.pl\/#\/schema\/logo\/image\/\"},\"sameAs\":[\"https:\/\/www.facebook.com\/bertrandpolska\/\",\"https:\/\/www.instagram.com\/bertrand_okna_i_drzwi\/\",\"https:\/\/www.linkedin.com\/company\/bertrand\/\",\"https:\/\/www.tiktok.com\/@bertrand_okna_drzwi\"]}]}<\/script>\n<!-- \/ Yoast SEO Premium plugin. -->","yoast_head_json":{"title":"MB 79N US (Ukryte skrzyd\u0142o) - Bertrand. Najwy\u017cszej jako\u015bci okna i drzwi. Certyfikowany producent od 1969 roku.","description":"MB 79N US is een oplossing die elegant design en de hoogste functionaliteit combineert. Het garandeert betrouwbaarheid onder alle weersomstandigheden.","robots":{"index":"index","follow":"follow","max-snippet":"max-snippet:-1","max-image-preview":"max-image-preview:large","max-video-preview":"max-video-preview:-1"},"canonical":"https:\/\/bertrand.pl\/nl\/product-2\/mb-79n-ons\/","og_locale":"nl_NL","og_type":"article","og_title":"MB 79N US (Ukryte skrzyd\u0142o)","og_description":"MB 79N US to rozwi\u0105zanie, kt\u00f3re \u0142\u0105czy w sobie elegancki design oraz najwy\u017csz\u0105 funkcjonalno\u015b\u0107. Gwarantuje niezawodno\u015b\u0107 w ka\u017cdych warunkach pogodowych.","og_url":"https:\/\/bertrand.pl\/nl\/product-2\/mb-79n-ons\/","og_site_name":"Bertrand. Najwy\u017cszej jako\u015bci okna i drzwi. Certyfikowany producent od 1969 roku.","article_publisher":"https:\/\/www.facebook.com\/bertrandpolska\/","article_modified_time":"2025-08-06T09:57:43+00:00","og_image":[{"width":626,"height":626,"url":"https:\/\/bertrand.pl\/wp-content\/uploads\/2024\/03\/mb-79n-us-238-pl-1.png","type":"image\/png"}],"twitter_card":"summary_large_image","twitter_misc":{"Geschatte leestijd":"4 minuten"},"schema":{"@context":"https:\/\/schema.org","@graph":[{"@type":"WebPage","@id":"https:\/\/bertrand.pl\/produkt\/mb-79n-us\/","url":"https:\/\/bertrand.pl\/produkt\/mb-79n-us\/","name":"MB 79N US (Ukryte skrzyd\u0142o) - Bertrand. Najwy\u017cszej jako\u015bci okna i drzwi. Certyfikowany producent od 1969 roku.","isPartOf":{"@id":"https:\/\/bertrand.pl\/#website"},"primaryImageOfPage":{"@id":"https:\/\/bertrand.pl\/produkt\/mb-79n-us\/#primaryimage"},"image":{"@id":"https:\/\/bertrand.pl\/produkt\/mb-79n-us\/#primaryimage"},"thumbnailUrl":"https:\/\/bertrand.pl\/wp-content\/uploads\/2024\/03\/mb-79n-us-238-pl-1.png","datePublished":"2025-08-06T09:21:25+00:00","dateModified":"2025-08-06T09:57:43+00:00","description":"MB 79N US is een oplossing die elegant design en de hoogste functionaliteit combineert. Het garandeert betrouwbaarheid onder alle weersomstandigheden.","breadcrumb":{"@id":"https:\/\/bertrand.pl\/produkt\/mb-79n-us\/#breadcrumb"},"inLanguage":"nl-NL","potentialAction":[{"@type":"ReadAction","target":["https:\/\/bertrand.pl\/produkt\/mb-79n-us\/"]}]},{"@type":"ImageObject","inLanguage":"nl-NL","@id":"https:\/\/bertrand.pl\/produkt\/mb-79n-us\/#primaryimage","url":"https:\/\/bertrand.pl\/wp-content\/uploads\/2024\/03\/mb-79n-us-238-pl-1.png","contentUrl":"https:\/\/bertrand.pl\/wp-content\/uploads\/2024\/03\/mb-79n-us-238-pl-1.png","width":626,"height":626},{"@type":"BreadcrumbList","@id":"https:\/\/bertrand.pl\/produkt\/mb-79n-us\/#breadcrumb","itemListElement":[{"@type":"ListItem","position":1,"name":"Strona g\u0142\u00f3wna","item":"https:\/\/bertrand.pl\/"},{"@type":"ListItem","position":2,"name":"Produits","item":"https:\/\/bertrand.pl\/fr\/shop\/"},{"@type":"ListItem","position":3,"name":"MB 79N US (Ukryte skrzyd\u0142o)"}]},{"@type":"WebSite","@id":"https:\/\/bertrand.pl\/#website","url":"https:\/\/bertrand.pl\/","name":"Bertrand.pl","description":"Firma Bertrand to certyfikowany i uznany producent najwy\u017cszej jako\u015bci okien z PVC, z drewna lub aluminium. Produkcja drzwi, rolet i bram gara\u017cowych.","publisher":{"@id":"https:\/\/bertrand.pl\/#organization"},"potentialAction":[{"@type":"SearchAction","target":{"@type":"EntryPoint","urlTemplate":"https:\/\/bertrand.pl\/?s={search_term_string}"},"query-input":{"@type":"PropertyValueSpecification","valueRequired":true,"valueName":"search_term_string"}}],"inLanguage":"nl-NL"},{"@type":"Organization","@id":"https:\/\/bertrand.pl\/#organization","name":"Bertrand.pl","url":"https:\/\/bertrand.pl\/","logo":{"@type":"ImageObject","inLanguage":"nl-NL","@id":"https:\/\/bertrand.pl\/#\/schema\/logo\/image\/","url":"https:\/\/bertrand.pl\/wp-content\/uploads\/2024\/12\/logo_BB_TM_PL_black.png","contentUrl":"https:\/\/bertrand.pl\/wp-content\/uploads\/2024\/12\/logo_BB_TM_PL_black.png","width":1831,"height":1831,"caption":"Bertrand.pl"},"image":{"@id":"https:\/\/bertrand.pl\/#\/schema\/logo\/image\/"},"sameAs":["https:\/\/www.facebook.com\/bertrandpolska\/","https:\/\/www.instagram.com\/bertrand_okna_i_drzwi\/","https:\/\/www.linkedin.com\/company\/bertrand\/","https:\/\/www.tiktok.com\/@bertrand_okna_drzwi"]}]}},"_links":{"self":[{"href":"https:\/\/bertrand.pl\/nl\/wp-json\/wp\/v2\/product\/3407","targetHints":{"allow":["GET"]}}],"collection":[{"href":"https:\/\/bertrand.pl\/nl\/wp-json\/wp\/v2\/product"}],"about":[{"href":"https:\/\/bertrand.pl\/nl\/wp-json\/wp\/v2\/types\/product"}],"wp:featuredmedia":[{"embeddable":true,"href":"https:\/\/bertrand.pl\/nl\/wp-json\/wp\/v2\/media\/3413"}],"wp:attachment":[{"href":"https:\/\/bertrand.pl\/nl\/wp-json\/wp\/v2\/media?parent=3407"}],"wp:term":[{"taxonomy":"product_brand","embeddable":true,"href":"https:\/\/bertrand.pl\/nl\/wp-json\/wp\/v2\/product_brand?post=3407"},{"taxonomy":"product_cat","embeddable":true,"href":"https:\/\/bertrand.pl\/nl\/wp-json\/wp\/v2\/product_cat?post=3407"},{"taxonomy":"product_tag","embeddable":true,"href":"https:\/\/bertrand.pl\/nl\/wp-json\/wp\/v2\/product_tag?post=3407"}],"curies":[{"name":"wp","href":"https:\/\/api.w.org\/{rel}","templated":true}]}}