{"id":4126,"date":"2024-07-04T08:25:50","date_gmt":"2024-07-04T06:25:50","guid":{"rendered":"https:\/\/bertrand.pl\/?post_type=product&#038;p=4126"},"modified":"2025-01-13T15:14:07","modified_gmt":"2025-01-13T14:14:07","slug":"somfy","status":"publish","type":"product","link":"https:\/\/bertrand.pl\/nl\/produkt\/somfy\/","title":{"rendered":"Somfy-accessoires"},"content":{"rendered":"<h4><strong>Breng een revolutie teweeg in het beheer van uw huis met Somfy - een slim huis binnen handbereik!\u00a0<\/strong><\/h4>\n<p>&nbsp;<\/p>\n<p class=\"translation-block\">Ontdek geavanceerde accessoires die uw huis nog moderner en functioneler maken. Dankzij de <strong>Somfy<\/strong> -technologie kunt u eenvoudig ramen, zonwering, gordijnen en zonwering bedienen, evenals verlichtings- en beveiligingssystemen beheren. Bovendien maken deze systemen een volledige automatisering mogelijk, waardoor uw woning perfect bij uw levensstijl past.<\/p>\n<p>&nbsp;<\/p>\n<p class=\"translation-block\">Somfy afstandsbedieningen en knoppen zijn apparaten die het beheer van uw huis veel eenvoudiger maken. Dankzij hen kunt u snel en gemakkelijk zonwering, gordijnen en zonneschermen bedienen, <span style=\"font-size: 16px\">het licht- en privacyniveau met \u00e9\u00e9n druk op de knop regelen en<\/span> <span style=\"font-size: 16px\">de werking van apparaten aanpassen, waar u zich ook bevindt.<\/span> Bovendien zijn deze apparaten dankzij hun intu\u00eftieve bediening eenvoudig te gebruiken voor ieder lid van het huishouden.<\/p>\n<p>&nbsp;<\/p>\n<hr \/>\n<h4><strong>Automatische regelaars \u2013 intelligent beheer voor besparingen en veiligheid<\/strong><\/h4>\n<p>&nbsp;<\/p>\n<p class=\"translation-block\">Somfy automatische controllers brengen uw huis naar een hoger niveau van intelligentie. Dankzij hen kunt u de zonwering programmeren zodat deze zich aanpast aan het tijdstip van de dag of de weersomstandigheden. U kunt <span style=\"font-size: 16px\">het interieur ook beschermen tegen oververhitting of overmatig zonlicht. Interessant genoeg kun je hiermee ook<\/span> <span style=\"font-size: 16px\">de aanwezigheid van huisgenoten simuleren als je weg bent, wat de bescherming tegen inbraak vergroot.<\/span> Bovendien vertaalt het automatische beheer van zonwering en verlichting zich in aanzienlijke energiebesparingen, wat goed is voor zowel uw portemonnee als het milieu.<\/p>\n<h3><\/h3>\n<h3><strong>Somfy \u2013 totaaloplossingen voor een smart home<\/strong><\/h3>\n<p>&nbsp;<\/p>\n<p class=\"translation-block\">Met Smart Home-technologie kunt u verschillende apparaten in \u00e9\u00e9n samenhangend systeem integreren. Hierdoor kunt u vanaf elke locatie de verlichting, zonwering en gordijnen beheren, <span style=\"font-size: 16px\">garagepoorten, toegangspoorten en alarmsystemen bedienen en<\/span> <span style=\"font-size: 16px\">uw huis bewaken met behulp van camera&#039;s en een mobiele applicatie.<\/span> Belangrijk is dat al deze functies beschikbaar zijn via een smartphone, tablet, smartwatch of computer, waardoor u volledige controle heeft over uw huis, waar u ook bent.<\/p>\n<h3><\/h3>\n<h3><strong>Waarom is het de moeite waard om voor Somfy te kiezen?<\/strong><\/h3>\n<p>&nbsp;<\/p>\n<ol>\n<li class=\"translation-block\"><strong>Uitgebreide domotica<\/strong> \u2013 omvat niet alleen raambekleding, maar ook alarmsystemen en monitoring.<\/li>\n<li class=\"translation-block\"><strong>Verhoogde veiligheid<\/strong> \u2013 systemen die de aanwezigheid van leden van het huishouden simuleren, schrikken potenti\u00eble inbrekers effectief af.<\/li>\n<li class=\"translation-block\"><strong>Intu\u00eftieve bediening<\/strong> \u2013 eenvoudige bediening met moderne mobiele apparaten.<\/li>\n<li class=\"translation-block\"><strong>Energiebesparing<\/strong> - door de werking van apparaten aan te passen aan de weersomstandigheden wordt het energieverbruik geminimaliseerd.<\/li>\n<li class=\"translation-block\"><strong>Betrouwbaarheid en kwaliteit<\/strong> \u2013 Somfy-producten staan bekend om hun duurzaamheid en innovatie.<\/li>\n<\/ol>\n<hr \/>\n<h3><\/h3>\n<p>Uw huis wordt intelligent, modern en afgestemd op uw behoeften. Bovendien profiteert u dankzij geavanceerde accessoires zoals afstandsbedieningen, knoppen en automatische controllers van gemak, besparingen en volledige controle. Somfy is een oplossing die innovatie combineert met gebruiksgemak, waardoor elke woning een plek van de toekomst kan worden.<\/p>\n<p class=\"translation-block\"><strong>Somfy \u2013 technologie die uw huis ten goede verandert! Meer over de unieke voordelen van Somfy leest u hier: <a href=\"https:\/\/bertrand.pl\/nl\/smart-home-comfort-en-technologie-binnen-handbereik\/\" target=\"_self\">Smart home \u2013 comfort en technologie binnen handbereik \u2013 Bertrand.pl<\/a><\/strong><\/p>\n<p>&nbsp;<\/p>\n<p><img fetchpriority=\"high\" decoding=\"async\" class=\"wp-image-4768 size-full\" title=\"Somfy\" src=\"https:\/\/bertrand.pl\/wp-content\/uploads\/2024\/07\/inteligentny-dom-Somfy.webp\" alt=\"Somfy, een slim huis binnen handbereik!\" width=\"979\" height=\"693\" srcset=\"https:\/\/bertrand.pl\/wp-content\/uploads\/2024\/07\/inteligentny-dom-Somfy.webp 979w, https:\/\/bertrand.pl\/wp-content\/uploads\/2024\/07\/inteligentny-dom-Somfy-420x297.webp 420w, https:\/\/bertrand.pl\/wp-content\/uploads\/2024\/07\/inteligentny-dom-Somfy-768x544.webp 768w, https:\/\/bertrand.pl\/wp-content\/uploads\/2024\/07\/inteligentny-dom-Somfy-18x12.webp 18w, https:\/\/bertrand.pl\/wp-content\/uploads\/2024\/07\/inteligentny-dom-Somfy-600x425.webp 600w\" sizes=\"(max-width: 979px) 100vw, 979px\" \/><\/p>\n<div id=\"comp-lg3uokbt\" class=\"HcOXKn c9GqVL QxJLC3 comp-lg3uokbt wixui-rich-text\" data-testid=\"richTextElement\">\n<p class=\"font_8 wixui-rich-text__text\" style=\"text-align: center;\"><strong><span class=\"wixui-rich-text__text\">Met Smart Home met het SOMFY-systeem kunt u communiceren met uw hele huis, waar u ook bent.<\/span><\/strong><\/p>\n<p class=\"font_8 wixui-rich-text__text\" style=\"text-align: center;\"><strong><span class=\"wixui-rich-text__text\">Uw huis met Somfy wordt intelligent en u krijgt meer comfort en controle.<\/span><\/strong><\/p>\n<\/div>\n<div id=\"comp-lg3v1ue5\" class=\"MazNVa comp-lg3v1ue5 wixui-image\">\n<div class=\"j7pOnl\" style=\"text-align: center;\" data-testid=\"linkElement\"><img decoding=\"async\" class=\"\" src=\"https:\/\/static.wixstatic.com\/media\/33e86f_0d76b904f94c46b6b3cf1825f5ad2187~mv2.png\/v1\/fill\/w_246,h_85,al_c,q_85,usm_0.66_1.00_0.01,enc_auto\/urzadzenia.png\" srcset=\"https:\/\/static.wixstatic.com\/media\/33e86f_0d76b904f94c46b6b3cf1825f5ad2187~mv2.png\/v1\/fill\/w_246,h_85,al_c,q_85,usm_0.66_1.00_0.01,enc_auto\/urzadzenia.png\" alt=\"SmartHome | OknoSlide Bielsko-Bia\u0142a\" width=\"110\" height=\"38\" \/><span style=\"font-size: 16px;\">Je kunt de Somfy smart home-systemen overal \u2013 waar je ook bent \u2013 beheren met een smartphone, tablet, smartwatch of computer.<\/span><\/div>\n<\/div>","protected":false},"excerpt":{"rendered":"<p>Ontdek ons assortiment geavanceerde accessoires die het beheer van uw ramen en zonwering radicaal zullen veranderen.<\/p>","protected":false},"featured_media":4770,"template":"","meta":{"site-sidebar-layout":"default","site-content-layout":"","ast-site-content-layout":"default","site-content-style":"default","site-sidebar-style":"default","ast-global-header-display":"","ast-banner-title-visibility":"","ast-main-header-display":"","ast-hfb-above-header-display":"","ast-hfb-below-header-display":"","ast-hfb-mobile-header-display":"","site-post-title":"","ast-breadcrumbs-content":"","ast-featured-img":"","footer-sml-layout":"","ast-disable-related-posts":"","theme-transparent-header-meta":"default","adv-header-id-meta":"","stick-header-meta":"","header-above-stick-meta":"","header-main-stick-meta":"","header-below-stick-meta":"","astra-migrate-meta-layouts":"set","ast-page-background-enabled":"default","ast-page-background-meta":{"desktop":{"background-color":"var(--ast-global-color-4)","background-image":"","background-repeat":"repeat","background-position":"center center","background-size":"auto","background-attachment":"scroll","background-type":"","background-media":"","overlay-type":"","overlay-color":"","overlay-opacity":"","overlay-gradient":""},"tablet":{"background-color":"","background-image":"","background-repeat":"repeat","background-position":"center center","background-size":"auto","background-attachment":"scroll","background-type":"","background-media":"","overlay-type":"","overlay-color":"","overlay-opacity":"","overlay-gradient":""},"mobile":{"background-color":"","background-image":"","background-repeat":"repeat","background-position":"center center","background-size":"auto","background-attachment":"scroll","background-type":"","background-media":"","overlay-type":"","overlay-color":"","overlay-opacity":"","overlay-gradient":""}},"ast-content-background-meta":{"desktop":{"background-color":"var(--ast-global-color-5)","background-image":"","background-repeat":"repeat","background-position":"center center","background-size":"auto","background-attachment":"scroll","background-type":"","background-media":"","overlay-type":"","overlay-color":"","overlay-opacity":"","overlay-gradient":""},"tablet":{"background-color":"var(--ast-global-color-5)","background-image":"","background-repeat":"repeat","background-position":"center center","background-size":"auto","background-attachment":"scroll","background-type":"","background-media":"","overlay-type":"","overlay-color":"","overlay-opacity":"","overlay-gradient":""},"mobile":{"background-color":"var(--ast-global-color-5)","background-image":"","background-repeat":"repeat","background-position":"center center","background-size":"auto","background-attachment":"scroll","background-type":"","background-media":"","overlay-type":"","overlay-color":"","overlay-opacity":"","overlay-gradient":""}}},"product_brand":[],"product_cat":[23],"product_tag":[510,518,168,360,511,175,516,512,174,170,519,517,515,514,513],"class_list":{"0":"post-4126","1":"product","2":"type-product","3":"status-publish","4":"has-post-thumbnail","6":"product_cat-akcesoria","7":"product_tag-akcesoria","8":"product_tag-automatyzacja","9":"product_tag-bertrand","10":"product_tag-bezpieczenstwo","11":"product_tag-bramy","12":"product_tag-drzwi","13":"product_tag-inteligentny-dom","14":"product_tag-moskitiery","15":"product_tag-okna","16":"product_tag-rolety","17":"product_tag-somfy","18":"product_tag-sterowanie-domem","19":"product_tag-systemy-inteligentne","20":"product_tag-systemy-okienne","21":"product_tag-zaluzje","22":"desktop-align-left","23":"tablet-align-left","24":"mobile-align-left","26":"first","27":"instock","28":"shipping-taxable","29":"product-type-simple"},"yoast_head":"<!-- This site is optimized with the Yoast SEO Premium plugin v27.2 (Yoast SEO v27.2) - https:\/\/yoast.com\/product\/yoast-seo-premium-wordpress\/ -->\n<title>Akcesoria Somfy - Bertrand. Najwy\u017cszej jako\u015bci okna i drzwi. Certyfikowany producent od 1969 roku.<\/title>\n<meta name=\"description\" content=\"Somfy, inteligentny dom dla Ciebie! Odkryj zaawansowane akcesoria, kt\u00f3re sprawi\u0105, \u017ce Tw\u00f3j dom stanie si\u0119 jeszcze bardziej nowoczesny i funkcjonalny.\" \/>\n<meta name=\"robots\" content=\"index, follow, max-snippet:-1, max-image-preview:large, max-video-preview:-1\" \/>\n<link rel=\"canonical\" href=\"https:\/\/bertrand.pl\/nl\/product-2\/somfy\/\" \/>\n<meta property=\"og:locale\" content=\"nl_NL\" \/>\n<meta property=\"og:type\" content=\"article\" \/>\n<meta property=\"og:title\" content=\"Akcesoria Somfy\" \/>\n<meta property=\"og:description\" content=\"Somfy, inteligentny dom dla Ciebie! Odkryj zaawansowane akcesoria, kt\u00f3re sprawi\u0105, \u017ce Tw\u00f3j dom stanie si\u0119 jeszcze bardziej nowoczesny i funkcjonalny.\" \/>\n<meta property=\"og:url\" content=\"https:\/\/bertrand.pl\/nl\/product-2\/somfy\/\" \/>\n<meta property=\"og:site_name\" content=\"Bertrand. Najwy\u017cszej jako\u015bci okna i drzwi. Certyfikowany producent od 1969 roku.\" \/>\n<meta property=\"article:publisher\" content=\"https:\/\/www.facebook.com\/bertrandpolska\/\" \/>\n<meta property=\"article:modified_time\" content=\"2025-01-13T14:14:07+00:00\" \/>\n<meta property=\"og:image\" content=\"https:\/\/bertrand.pl\/wp-content\/uploads\/2024\/07\/TaHoma_switch_LP_app_screens_625x625_MY_HOME.webp\" \/>\n\t<meta property=\"og:image:width\" content=\"400\" \/>\n\t<meta property=\"og:image:height\" content=\"400\" \/>\n\t<meta property=\"og:image:type\" content=\"image\/webp\" \/>\n<meta name=\"twitter:card\" content=\"summary_large_image\" \/>\n<meta name=\"twitter:label1\" content=\"Geschatte leestijd\" \/>\n\t<meta name=\"twitter:data1\" content=\"4 minuten\" \/>\n<script type=\"application\/ld+json\" class=\"yoast-schema-graph\">{\"@context\":\"https:\/\/schema.org\",\"@graph\":[{\"@type\":\"WebPage\",\"@id\":\"https:\/\/bertrand.pl\/produkt\/somfy\/\",\"url\":\"https:\/\/bertrand.pl\/produkt\/somfy\/\",\"name\":\"Akcesoria Somfy - Bertrand. Najwy\u017cszej jako\u015bci okna i drzwi. Certyfikowany producent od 1969 roku.\",\"isPartOf\":{\"@id\":\"https:\/\/bertrand.pl\/#website\"},\"primaryImageOfPage\":{\"@id\":\"https:\/\/bertrand.pl\/produkt\/somfy\/#primaryimage\"},\"image\":{\"@id\":\"https:\/\/bertrand.pl\/produkt\/somfy\/#primaryimage\"},\"thumbnailUrl\":\"https:\/\/bertrand.pl\/wp-content\/uploads\/2024\/07\/TaHoma_switch_LP_app_screens_625x625_MY_HOME.webp\",\"datePublished\":\"2024-07-04T06:25:50+00:00\",\"dateModified\":\"2025-01-13T14:14:07+00:00\",\"description\":\"Somfy, inteligentny dom dla Ciebie! Odkryj zaawansowane akcesoria, kt\u00f3re sprawi\u0105, \u017ce Tw\u00f3j dom stanie si\u0119 jeszcze bardziej nowoczesny i funkcjonalny.\",\"breadcrumb\":{\"@id\":\"https:\/\/bertrand.pl\/produkt\/somfy\/#breadcrumb\"},\"inLanguage\":\"nl-NL\",\"potentialAction\":[{\"@type\":\"ReadAction\",\"target\":[\"https:\/\/bertrand.pl\/produkt\/somfy\/\"]}]},{\"@type\":\"ImageObject\",\"inLanguage\":\"nl-NL\",\"@id\":\"https:\/\/bertrand.pl\/produkt\/somfy\/#primaryimage\",\"url\":\"https:\/\/bertrand.pl\/wp-content\/uploads\/2024\/07\/TaHoma_switch_LP_app_screens_625x625_MY_HOME.webp\",\"contentUrl\":\"https:\/\/bertrand.pl\/wp-content\/uploads\/2024\/07\/TaHoma_switch_LP_app_screens_625x625_MY_HOME.webp\",\"width\":400,\"height\":400},{\"@type\":\"BreadcrumbList\",\"@id\":\"https:\/\/bertrand.pl\/produkt\/somfy\/#breadcrumb\",\"itemListElement\":[{\"@type\":\"ListItem\",\"position\":1,\"name\":\"Strona g\u0142\u00f3wna\",\"item\":\"https:\/\/bertrand.pl\/\"},{\"@type\":\"ListItem\",\"position\":2,\"name\":\"Produits\",\"item\":\"https:\/\/bertrand.pl\/fr\/shop\/\"},{\"@type\":\"ListItem\",\"position\":3,\"name\":\"Akcesoria Somfy\"}]},{\"@type\":\"WebSite\",\"@id\":\"https:\/\/bertrand.pl\/#website\",\"url\":\"https:\/\/bertrand.pl\/\",\"name\":\"Bertrand.pl\",\"description\":\"Firma Bertrand to certyfikowany i uznany producent najwy\u017cszej jako\u015bci okien z PVC, z drewna lub aluminium. Produkcja drzwi, rolet i bram gara\u017cowych.\",\"publisher\":{\"@id\":\"https:\/\/bertrand.pl\/#organization\"},\"potentialAction\":[{\"@type\":\"SearchAction\",\"target\":{\"@type\":\"EntryPoint\",\"urlTemplate\":\"https:\/\/bertrand.pl\/?s={search_term_string}\"},\"query-input\":{\"@type\":\"PropertyValueSpecification\",\"valueRequired\":true,\"valueName\":\"search_term_string\"}}],\"inLanguage\":\"nl-NL\"},{\"@type\":\"Organization\",\"@id\":\"https:\/\/bertrand.pl\/#organization\",\"name\":\"Bertrand.pl\",\"url\":\"https:\/\/bertrand.pl\/\",\"logo\":{\"@type\":\"ImageObject\",\"inLanguage\":\"nl-NL\",\"@id\":\"https:\/\/bertrand.pl\/#\/schema\/logo\/image\/\",\"url\":\"https:\/\/bertrand.pl\/wp-content\/uploads\/2024\/12\/logo_BB_TM_PL_black.png\",\"contentUrl\":\"https:\/\/bertrand.pl\/wp-content\/uploads\/2024\/12\/logo_BB_TM_PL_black.png\",\"width\":1831,\"height\":1831,\"caption\":\"Bertrand.pl\"},\"image\":{\"@id\":\"https:\/\/bertrand.pl\/#\/schema\/logo\/image\/\"},\"sameAs\":[\"https:\/\/www.facebook.com\/bertrandpolska\/\",\"https:\/\/www.instagram.com\/bertrand_okna_i_drzwi\/\",\"https:\/\/www.linkedin.com\/company\/bertrand\/\",\"https:\/\/www.tiktok.com\/@bertrand_okna_drzwi\"]}]}<\/script>\n<!-- \/ Yoast SEO Premium plugin. -->","yoast_head_json":{"title":"Akcesoria Somfy - Bertrand. Najwy\u017cszej jako\u015bci okna i drzwi. Certyfikowany producent od 1969 roku.","description":"Somfy, een slim huis voor jou! Ontdek geavanceerde accessoires die uw huis nog moderner en functioneler maken.","robots":{"index":"index","follow":"follow","max-snippet":"max-snippet:-1","max-image-preview":"max-image-preview:large","max-video-preview":"max-video-preview:-1"},"canonical":"https:\/\/bertrand.pl\/nl\/product-2\/somfy\/","og_locale":"nl_NL","og_type":"article","og_title":"Akcesoria Somfy","og_description":"Somfy, inteligentny dom dla Ciebie! Odkryj zaawansowane akcesoria, kt\u00f3re sprawi\u0105, \u017ce Tw\u00f3j dom stanie si\u0119 jeszcze bardziej nowoczesny i funkcjonalny.","og_url":"https:\/\/bertrand.pl\/nl\/product-2\/somfy\/","og_site_name":"Bertrand. Najwy\u017cszej jako\u015bci okna i drzwi. Certyfikowany producent od 1969 roku.","article_publisher":"https:\/\/www.facebook.com\/bertrandpolska\/","article_modified_time":"2025-01-13T14:14:07+00:00","og_image":[{"width":400,"height":400,"url":"https:\/\/bertrand.pl\/wp-content\/uploads\/2024\/07\/TaHoma_switch_LP_app_screens_625x625_MY_HOME.webp","type":"image\/webp"}],"twitter_card":"summary_large_image","twitter_misc":{"Geschatte leestijd":"4 minuten"},"schema":{"@context":"https:\/\/schema.org","@graph":[{"@type":"WebPage","@id":"https:\/\/bertrand.pl\/produkt\/somfy\/","url":"https:\/\/bertrand.pl\/produkt\/somfy\/","name":"Akcesoria Somfy - Bertrand. Najwy\u017cszej jako\u015bci okna i drzwi. Certyfikowany producent od 1969 roku.","isPartOf":{"@id":"https:\/\/bertrand.pl\/#website"},"primaryImageOfPage":{"@id":"https:\/\/bertrand.pl\/produkt\/somfy\/#primaryimage"},"image":{"@id":"https:\/\/bertrand.pl\/produkt\/somfy\/#primaryimage"},"thumbnailUrl":"https:\/\/bertrand.pl\/wp-content\/uploads\/2024\/07\/TaHoma_switch_LP_app_screens_625x625_MY_HOME.webp","datePublished":"2024-07-04T06:25:50+00:00","dateModified":"2025-01-13T14:14:07+00:00","description":"Somfy, een slim huis voor jou! Ontdek geavanceerde accessoires die uw huis nog moderner en functioneler maken.","breadcrumb":{"@id":"https:\/\/bertrand.pl\/produkt\/somfy\/#breadcrumb"},"inLanguage":"nl-NL","potentialAction":[{"@type":"ReadAction","target":["https:\/\/bertrand.pl\/produkt\/somfy\/"]}]},{"@type":"ImageObject","inLanguage":"nl-NL","@id":"https:\/\/bertrand.pl\/produkt\/somfy\/#primaryimage","url":"https:\/\/bertrand.pl\/wp-content\/uploads\/2024\/07\/TaHoma_switch_LP_app_screens_625x625_MY_HOME.webp","contentUrl":"https:\/\/bertrand.pl\/wp-content\/uploads\/2024\/07\/TaHoma_switch_LP_app_screens_625x625_MY_HOME.webp","width":400,"height":400},{"@type":"BreadcrumbList","@id":"https:\/\/bertrand.pl\/produkt\/somfy\/#breadcrumb","itemListElement":[{"@type":"ListItem","position":1,"name":"Strona g\u0142\u00f3wna","item":"https:\/\/bertrand.pl\/"},{"@type":"ListItem","position":2,"name":"Produits","item":"https:\/\/bertrand.pl\/fr\/shop\/"},{"@type":"ListItem","position":3,"name":"Akcesoria Somfy"}]},{"@type":"WebSite","@id":"https:\/\/bertrand.pl\/#website","url":"https:\/\/bertrand.pl\/","name":"Bertrand.pl","description":"Firma Bertrand to certyfikowany i uznany producent najwy\u017cszej jako\u015bci okien z PVC, z drewna lub aluminium. Produkcja drzwi, rolet i bram gara\u017cowych.","publisher":{"@id":"https:\/\/bertrand.pl\/#organization"},"potentialAction":[{"@type":"SearchAction","target":{"@type":"EntryPoint","urlTemplate":"https:\/\/bertrand.pl\/?s={search_term_string}"},"query-input":{"@type":"PropertyValueSpecification","valueRequired":true,"valueName":"search_term_string"}}],"inLanguage":"nl-NL"},{"@type":"Organization","@id":"https:\/\/bertrand.pl\/#organization","name":"Bertrand.pl","url":"https:\/\/bertrand.pl\/","logo":{"@type":"ImageObject","inLanguage":"nl-NL","@id":"https:\/\/bertrand.pl\/#\/schema\/logo\/image\/","url":"https:\/\/bertrand.pl\/wp-content\/uploads\/2024\/12\/logo_BB_TM_PL_black.png","contentUrl":"https:\/\/bertrand.pl\/wp-content\/uploads\/2024\/12\/logo_BB_TM_PL_black.png","width":1831,"height":1831,"caption":"Bertrand.pl"},"image":{"@id":"https:\/\/bertrand.pl\/#\/schema\/logo\/image\/"},"sameAs":["https:\/\/www.facebook.com\/bertrandpolska\/","https:\/\/www.instagram.com\/bertrand_okna_i_drzwi\/","https:\/\/www.linkedin.com\/company\/bertrand\/","https:\/\/www.tiktok.com\/@bertrand_okna_drzwi"]}]}},"_links":{"self":[{"href":"https:\/\/bertrand.pl\/nl\/wp-json\/wp\/v2\/product\/4126","targetHints":{"allow":["GET"]}}],"collection":[{"href":"https:\/\/bertrand.pl\/nl\/wp-json\/wp\/v2\/product"}],"about":[{"href":"https:\/\/bertrand.pl\/nl\/wp-json\/wp\/v2\/types\/product"}],"wp:featuredmedia":[{"embeddable":true,"href":"https:\/\/bertrand.pl\/nl\/wp-json\/wp\/v2\/media\/4770"}],"wp:attachment":[{"href":"https:\/\/bertrand.pl\/nl\/wp-json\/wp\/v2\/media?parent=4126"}],"wp:term":[{"taxonomy":"product_brand","embeddable":true,"href":"https:\/\/bertrand.pl\/nl\/wp-json\/wp\/v2\/product_brand?post=4126"},{"taxonomy":"product_cat","embeddable":true,"href":"https:\/\/bertrand.pl\/nl\/wp-json\/wp\/v2\/product_cat?post=4126"},{"taxonomy":"product_tag","embeddable":true,"href":"https:\/\/bertrand.pl\/nl\/wp-json\/wp\/v2\/product_tag?post=4126"}],"curies":[{"name":"wp","href":"https:\/\/api.w.org\/{rel}","templated":true}]}}