{"id":4132,"date":"2024-07-04T14:10:46","date_gmt":"2024-07-04T12:10:46","guid":{"rendered":"https:\/\/bertrand.pl\/?post_type=product&#038;p=4132"},"modified":"2025-03-07T12:02:30","modified_gmt":"2025-03-07T11:02:30","slug":"szf-p-geveljaloezie-in-inbouwversie","status":"publish","type":"product","link":"https:\/\/bertrand.pl\/nl\/produkt\/zaluzja-fasadowa-szf-p-w-wersji-podtynkowej\/","title":{"rendered":"SZF\/P geveljaloezie in inbouwuitvoering"},"content":{"rendered":"<h3>SZF\/P geveljaloezie \u2013 een inbouwoplossing voor moderne gebouwen<\/h3>\n<p>&nbsp;<\/p>\n<p><strong>SZF\/P geveljaloezie in inbouwuitvoering<\/strong> is een innovatieve oplossing die is ontworpen voor nieuwe gebouwen en modernisering van bestaande faciliteiten. Dankzij het gebruik van een ge\u00ebxtrudeerde aluminium structuur en een speciale pleisterdrager maakt de afdekcassette een esthetische afwerking van de gevel mogelijk met elk type pleisterwerk. Deze combinatie garandeert niet alleen duurzaamheid, maar ook een harmonieuze uitstraling van de gevel.<\/p>\n<p>&nbsp;<\/p>\n<h3>Kenmerken van het SZF\/P-systeem<\/h3>\n<p>&nbsp;<\/p>\n<ul>\n<li><strong>Afdekcassette<\/strong>: Gemaakt van aluminium, voorzien van een pleisterdrager waardoor deze volledig in de gevel ge\u00efntegreerd kan worden. Hierdoor wordt de cassette onzichtbaar, wat de esthetiek van het gebouw benadrukt.<\/li>\n<li><strong>Toegewijde gidsen<\/strong>: Het systeem is compatibel met ronde en vierkante geleidingen, die ook in zelfdragende en adaptieve versies worden gebruikt. Hierdoor biedt het systeem ruime configuratiemogelijkheden.<\/li>\n<li><strong>Aluminium latten<\/strong>:\n<ul>\n<li><strong>C<\/strong>: Aan beide zijden gebogen en gekenmerkt door een hoge stijfheid en windweerstand. Ze kunnen draaien van 0 tot 180\u00b0.<\/li>\n<li><strong>MET<\/strong>: Ze zorgen voor een grotere verduistering en extra akoestische isolatie dankzij geluiddempende afdichtingen. Ze roteren van 0 tot 90\u00b0.<\/li>\n<\/ul>\n<\/li>\n<li><strong>Pin-opties<\/strong>: Gebruikers kunnen kiezen tussen stalen pinnen, die een grotere duurzaamheid garanderen, en PVC-pinnen, die windgeruis effectief verminderen.<\/li>\n<\/ul>\n<h3>Maximale afmetingen en flexibiliteit<\/h3>\n<p>&nbsp;<\/p>\n<p>Het SZF\/P-jaloezie in de inbouwversie maakt de realisatie van grote projecten mogelijk. Het systeem ondersteunt maximale afmetingen van 4.500 mm breed en 4.000 mm hoog, wat een oppervlakte tot 18 m\u00b2 oplevert. Dit maakt het perfect voor gebouwen met grote beglazing, zoals kantoorgebouwen, hotels of moderne eengezinswoningen.<\/p>\n<p>&nbsp;<\/p>\n<h3>Esthetiek en functionaliteit in \u00e9\u00e9n<\/h3>\n<p>&nbsp;<\/p>\n<p>Het SZF\/P-systeem combineert modern design met praktische oplossingen. De cassette, die integraal deel uitmaakt van de gevel, zorgt voor een samenhangende en elegante uitstraling van het gebouw. De lamellen beschermen niet alleen effectief tegen de zon, maar verbeteren ook het thermisch en akoestisch comfort in de kamers. Dankzij de ruime configuratiemogelijkheden kunnen de jaloezie\u00ebn worden aangepast aan de individuele behoeften.<\/p>\n<p>&nbsp;<\/p>\n<h3>Perfect voor moderne gebouwen<\/h3>\n<p>&nbsp;<\/p>\n<p>De SZF\/P geveljaloezie in inbouwversie is een oplossing die perfect aansluit bij de wensen van de moderne bouw. Dankzij zijn duurzaamheid, montageflexibiliteit en hoge esthetiek voldoet dit systeem aan de verwachtingen van zowel investeerders als architecten. Het is een uitstekende keuze voor gebouwen waar elegantie van de gevel, gebruikscomfort en moderne uitstraling belangrijk zijn.<\/p>\n<p>&nbsp;<\/p>\n<figure id=\"attachment_4133\" aria-describedby=\"caption-attachment-4133\" style=\"width: 326px\" class=\"wp-caption alignnone\"><img fetchpriority=\"high\" decoding=\"async\" class=\"wp-image-4133 size-full\" src=\"https:\/\/bertrand.pl\/wp-content\/uploads\/2024\/07\/zaluzje_podtynkowe.jpg\" alt=\"De SZF\/P geveljaloezie in inbouwversie is een oplossing die perfect aansluit bij de wensen van de moderne bouw.\" width=\"326\" height=\"377\" srcset=\"https:\/\/bertrand.pl\/wp-content\/uploads\/2024\/07\/zaluzje_podtynkowe.jpg 326w, https:\/\/bertrand.pl\/wp-content\/uploads\/2024\/07\/zaluzje_podtynkowe-10x12.jpg 10w\" sizes=\"(max-width: 326px) 100vw, 326px\" \/><figcaption id=\"caption-attachment-4133\" class=\"wp-caption-text\">Geveljaloezie in inbouwuitvoering.<\/figcaption><\/figure>\n<p><img decoding=\"async\" class=\"alignnone wp-image-4185\" src=\"https:\/\/bertrand.pl\/wp-content\/uploads\/2024\/07\/logo.svg\" alt=\"\" width=\"198\" height=\"51\" \/><\/p>\n<p>&nbsp;<\/p>\n<h4><strong>ZIE OOK:<\/strong><\/h4>\n<p>&nbsp;<\/p>\n<p><a href=\"https:\/\/bertrand.pl\/nl\/franse-wandelaars\/\">Franse balkons \u2013 Bertrand.pl<\/a><\/p>\n<p><a href=\"https:\/\/www.youtube.com\/watch?v=EnwOhsqrUBA&amp;t=368s\">Bertrand in Las Vegas \u2013 IBS 2024<\/a><\/p>","protected":false},"excerpt":{"rendered":"<p>De SZF\/P geveljaloezie in inbouwversie is bedoeld voor installatie in nieuwbouw of bestaande installaties na het aanbrengen van de nodige wijzigingen aan de latei.<\/p>","protected":false},"featured_media":4134,"template":"","meta":{"site-sidebar-layout":"default","site-content-layout":"","ast-site-content-layout":"default","site-content-style":"default","site-sidebar-style":"default","ast-global-header-display":"","ast-banner-title-visibility":"","ast-main-header-display":"","ast-hfb-above-header-display":"","ast-hfb-below-header-display":"","ast-hfb-mobile-header-display":"","site-post-title":"","ast-breadcrumbs-content":"","ast-featured-img":"","footer-sml-layout":"","ast-disable-related-posts":"","theme-transparent-header-meta":"default","adv-header-id-meta":"","stick-header-meta":"","header-above-stick-meta":"","header-main-stick-meta":"","header-below-stick-meta":"","astra-migrate-meta-layouts":"set","ast-page-background-enabled":"default","ast-page-background-meta":{"desktop":{"background-color":"var(--ast-global-color-4)","background-image":"","background-repeat":"repeat","background-position":"center center","background-size":"auto","background-attachment":"scroll","background-type":"","background-media":"","overlay-type":"","overlay-color":"","overlay-opacity":"","overlay-gradient":""},"tablet":{"background-color":"","background-image":"","background-repeat":"repeat","background-position":"center center","background-size":"auto","background-attachment":"scroll","background-type":"","background-media":"","overlay-type":"","overlay-color":"","overlay-opacity":"","overlay-gradient":""},"mobile":{"background-color":"","background-image":"","background-repeat":"repeat","background-position":"center center","background-size":"auto","background-attachment":"scroll","background-type":"","background-media":"","overlay-type":"","overlay-color":"","overlay-opacity":"","overlay-gradient":""}},"ast-content-background-meta":{"desktop":{"background-color":"var(--ast-global-color-5)","background-image":"","background-repeat":"repeat","background-position":"center center","background-size":"auto","background-attachment":"scroll","background-type":"","background-media":"","overlay-type":"","overlay-color":"","overlay-opacity":"","overlay-gradient":""},"tablet":{"background-color":"var(--ast-global-color-5)","background-image":"","background-repeat":"repeat","background-position":"center center","background-size":"auto","background-attachment":"scroll","background-type":"","background-media":"","overlay-type":"","overlay-color":"","overlay-opacity":"","overlay-gradient":""},"mobile":{"background-color":"var(--ast-global-color-5)","background-image":"","background-repeat":"repeat","background-position":"center center","background-size":"auto","background-attachment":"scroll","background-type":"","background-media":"","overlay-type":"","overlay-color":"","overlay-opacity":"","overlay-gradient":""}}},"product_brand":[],"product_cat":[22],"product_tag":[168,571,1061,1117,1086,1071,1072,1073,1102,1111,732,1079,1105,1113,1115,1114,1089,1091,1074,1110,1093,1075,513,1116,520,1109,522,521,1112],"class_list":{"0":"post-4132","1":"product","2":"type-product","3":"status-publish","4":"has-post-thumbnail","6":"product_cat-zaluzje-fasadowe","7":"product_tag-bertrand","8":"product_tag-ekstrudowane-aluminium","9":"product_tag-estetyka-elewacji","10":"product_tag-funkcjonalnosc-oslon","11":"product_tag-kaseta-oslonowa","12":"product_tag-lamele-aluminiowe","13":"product_tag-lamele-c","14":"product_tag-lamele-z","15":"product_tag-nosnik-tynku","16":"product_tag-nowe-budynki","17":"product_tag-odpornosc-na-wiatr","18":"product_tag-piny-pvc","19":"product_tag-powierzchnia-zaluzji","20":"product_tag-prowadnice-do-zabudowy","21":"product_tag-prowadnice-kwadratowe","22":"product_tag-prowadnice-okragle","23":"product_tag-stalowe-piny","24":"product_tag-trwalosc-zaluzji","25":"product_tag-uszczelki-wygluszajace","26":"product_tag-wersja-podtynkowa","27":"product_tag-wymiary-zaluzji","28":"product_tag-zaciemnienie","29":"product_tag-zaluzje","30":"product_tag-zaluzje-do-nowych-obiektow","31":"product_tag-zaluzje-fasadowe","32":"product_tag-zaluzje-fasadowe-szf-p","33":"product_tag-zaluzje-okienne","34":"product_tag-zaluzje-podtynkowe","35":"product_tag-zmiany-w-nadprozu","36":"desktop-align-left","37":"tablet-align-left","38":"mobile-align-left","40":"first","41":"instock","42":"shipping-taxable","43":"product-type-simple"},"yoast_head":"<!-- This site is optimized with the Yoast SEO Premium plugin v27.2 (Yoast SEO v27.2) - https:\/\/yoast.com\/product\/yoast-seo-premium-wordpress\/ -->\n<title>\u017baluzja fasadowa SZF\/P w wersji podtynkowej - Bertrand. Najwy\u017cszej jako\u015bci okna i drzwi. Certyfikowany producent od 1969 roku.<\/title>\n<meta name=\"description\" content=\"\u017baluzja fasadowa SZF\/P w wersji podtynkowej sprawdzi si\u0119 w budynkach, gdzie liczy si\u0119 trwa\u0142o\u015b\u0107, komfort termiczny i elegancja elewacji.\" \/>\n<meta name=\"robots\" content=\"index, follow, max-snippet:-1, max-image-preview:large, max-video-preview:-1\" \/>\n<link rel=\"canonical\" href=\"https:\/\/bertrand.pl\/nl\/product-2\/szf-p-geveljaloezie-in-inbouwversie\/\" \/>\n<meta property=\"og:locale\" content=\"nl_NL\" \/>\n<meta property=\"og:type\" content=\"article\" \/>\n<meta property=\"og:title\" content=\"\u017baluzja fasadowa SZF\/P w wersji podtynkowej\" \/>\n<meta property=\"og:description\" content=\"\u017baluzja fasadowa SZF\/P w wersji podtynkowej sprawdzi si\u0119 w budynkach, gdzie liczy si\u0119 trwa\u0142o\u015b\u0107, komfort termiczny i elegancja elewacji.\" \/>\n<meta property=\"og:url\" content=\"https:\/\/bertrand.pl\/nl\/product-2\/szf-p-geveljaloezie-in-inbouwversie\/\" \/>\n<meta property=\"og:site_name\" content=\"Bertrand. Najwy\u017cszej jako\u015bci okna i drzwi. Certyfikowany producent od 1969 roku.\" \/>\n<meta property=\"article:publisher\" content=\"https:\/\/www.facebook.com\/bertrandpolska\/\" \/>\n<meta property=\"article:modified_time\" content=\"2025-03-07T11:02:30+00:00\" \/>\n<meta property=\"og:image\" content=\"https:\/\/bertrand.pl\/wp-content\/uploads\/2024\/07\/skyflow_szf_p_4_0_0.jpg\" \/>\n\t<meta property=\"og:image:width\" content=\"450\" \/>\n\t<meta property=\"og:image:height\" content=\"450\" \/>\n\t<meta property=\"og:image:type\" content=\"image\/jpeg\" \/>\n<meta name=\"twitter:card\" content=\"summary_large_image\" \/>\n<meta name=\"twitter:label1\" content=\"Geschatte leestijd\" \/>\n\t<meta name=\"twitter:data1\" content=\"3 minuten\" \/>\n<script type=\"application\/ld+json\" class=\"yoast-schema-graph\">{\"@context\":\"https:\/\/schema.org\",\"@graph\":[{\"@type\":\"WebPage\",\"@id\":\"https:\/\/bertrand.pl\/produkt\/zaluzja-fasadowa-szf-p-w-wersji-podtynkowej\/\",\"url\":\"https:\/\/bertrand.pl\/produkt\/zaluzja-fasadowa-szf-p-w-wersji-podtynkowej\/\",\"name\":\"\u017baluzja fasadowa SZF\/P w wersji podtynkowej - Bertrand. Najwy\u017cszej jako\u015bci okna i drzwi. Certyfikowany producent od 1969 roku.\",\"isPartOf\":{\"@id\":\"https:\/\/bertrand.pl\/#website\"},\"primaryImageOfPage\":{\"@id\":\"https:\/\/bertrand.pl\/produkt\/zaluzja-fasadowa-szf-p-w-wersji-podtynkowej\/#primaryimage\"},\"image\":{\"@id\":\"https:\/\/bertrand.pl\/produkt\/zaluzja-fasadowa-szf-p-w-wersji-podtynkowej\/#primaryimage\"},\"thumbnailUrl\":\"https:\/\/bertrand.pl\/wp-content\/uploads\/2024\/07\/skyflow_szf_p_4_0_0.jpg\",\"datePublished\":\"2024-07-04T12:10:46+00:00\",\"dateModified\":\"2025-03-07T11:02:30+00:00\",\"description\":\"\u017baluzja fasadowa SZF\/P w wersji podtynkowej sprawdzi si\u0119 w budynkach, gdzie liczy si\u0119 trwa\u0142o\u015b\u0107, komfort termiczny i elegancja elewacji.\",\"breadcrumb\":{\"@id\":\"https:\/\/bertrand.pl\/produkt\/zaluzja-fasadowa-szf-p-w-wersji-podtynkowej\/#breadcrumb\"},\"inLanguage\":\"nl-NL\",\"potentialAction\":[{\"@type\":\"ReadAction\",\"target\":[\"https:\/\/bertrand.pl\/produkt\/zaluzja-fasadowa-szf-p-w-wersji-podtynkowej\/\"]}]},{\"@type\":\"ImageObject\",\"inLanguage\":\"nl-NL\",\"@id\":\"https:\/\/bertrand.pl\/produkt\/zaluzja-fasadowa-szf-p-w-wersji-podtynkowej\/#primaryimage\",\"url\":\"https:\/\/bertrand.pl\/wp-content\/uploads\/2024\/07\/skyflow_szf_p_4_0_0.jpg\",\"contentUrl\":\"https:\/\/bertrand.pl\/wp-content\/uploads\/2024\/07\/skyflow_szf_p_4_0_0.jpg\",\"width\":450,\"height\":450},{\"@type\":\"BreadcrumbList\",\"@id\":\"https:\/\/bertrand.pl\/produkt\/zaluzja-fasadowa-szf-p-w-wersji-podtynkowej\/#breadcrumb\",\"itemListElement\":[{\"@type\":\"ListItem\",\"position\":1,\"name\":\"Strona g\u0142\u00f3wna\",\"item\":\"https:\/\/bertrand.pl\/\"},{\"@type\":\"ListItem\",\"position\":2,\"name\":\"Produits\",\"item\":\"https:\/\/bertrand.pl\/fr\/shop\/\"},{\"@type\":\"ListItem\",\"position\":3,\"name\":\"\u017baluzja fasadowa SZF\/P w wersji podtynkowej\"}]},{\"@type\":\"WebSite\",\"@id\":\"https:\/\/bertrand.pl\/#website\",\"url\":\"https:\/\/bertrand.pl\/\",\"name\":\"Bertrand.pl\",\"description\":\"Firma Bertrand to certyfikowany i uznany producent najwy\u017cszej jako\u015bci okien z PVC, z drewna lub aluminium. Produkcja drzwi, rolet i bram gara\u017cowych.\",\"publisher\":{\"@id\":\"https:\/\/bertrand.pl\/#organization\"},\"potentialAction\":[{\"@type\":\"SearchAction\",\"target\":{\"@type\":\"EntryPoint\",\"urlTemplate\":\"https:\/\/bertrand.pl\/?s={search_term_string}\"},\"query-input\":{\"@type\":\"PropertyValueSpecification\",\"valueRequired\":true,\"valueName\":\"search_term_string\"}}],\"inLanguage\":\"nl-NL\"},{\"@type\":\"Organization\",\"@id\":\"https:\/\/bertrand.pl\/#organization\",\"name\":\"Bertrand.pl\",\"url\":\"https:\/\/bertrand.pl\/\",\"logo\":{\"@type\":\"ImageObject\",\"inLanguage\":\"nl-NL\",\"@id\":\"https:\/\/bertrand.pl\/#\/schema\/logo\/image\/\",\"url\":\"https:\/\/bertrand.pl\/wp-content\/uploads\/2024\/12\/logo_BB_TM_PL_black.png\",\"contentUrl\":\"https:\/\/bertrand.pl\/wp-content\/uploads\/2024\/12\/logo_BB_TM_PL_black.png\",\"width\":1831,\"height\":1831,\"caption\":\"Bertrand.pl\"},\"image\":{\"@id\":\"https:\/\/bertrand.pl\/#\/schema\/logo\/image\/\"},\"sameAs\":[\"https:\/\/www.facebook.com\/bertrandpolska\/\",\"https:\/\/www.instagram.com\/bertrand_okna_i_drzwi\/\",\"https:\/\/www.linkedin.com\/company\/bertrand\/\",\"https:\/\/www.tiktok.com\/@bertrand_okna_drzwi\"]}]}<\/script>\n<!-- \/ Yoast SEO Premium plugin. -->","yoast_head_json":{"title":"\u017baluzja fasadowa SZF\/P w wersji podtynkowej - Bertrand. Najwy\u017cszej jako\u015bci okna i drzwi. Certyfikowany producent od 1969 roku.","description":"De SZF\/P geveljaloezie in de inbouwversie zal goed tot zijn recht komen in gebouwen waar duurzaamheid, thermisch comfort en elegantie van de gevel belangrijk zijn.","robots":{"index":"index","follow":"follow","max-snippet":"max-snippet:-1","max-image-preview":"max-image-preview:large","max-video-preview":"max-video-preview:-1"},"canonical":"https:\/\/bertrand.pl\/nl\/product-2\/szf-p-geveljaloezie-in-inbouwversie\/","og_locale":"nl_NL","og_type":"article","og_title":"\u017baluzja fasadowa SZF\/P w wersji podtynkowej","og_description":"\u017baluzja fasadowa SZF\/P w wersji podtynkowej sprawdzi si\u0119 w budynkach, gdzie liczy si\u0119 trwa\u0142o\u015b\u0107, komfort termiczny i elegancja elewacji.","og_url":"https:\/\/bertrand.pl\/nl\/product-2\/szf-p-geveljaloezie-in-inbouwversie\/","og_site_name":"Bertrand. Najwy\u017cszej jako\u015bci okna i drzwi. Certyfikowany producent od 1969 roku.","article_publisher":"https:\/\/www.facebook.com\/bertrandpolska\/","article_modified_time":"2025-03-07T11:02:30+00:00","og_image":[{"width":450,"height":450,"url":"https:\/\/bertrand.pl\/wp-content\/uploads\/2024\/07\/skyflow_szf_p_4_0_0.jpg","type":"image\/jpeg"}],"twitter_card":"summary_large_image","twitter_misc":{"Geschatte leestijd":"3 minuten"},"schema":{"@context":"https:\/\/schema.org","@graph":[{"@type":"WebPage","@id":"https:\/\/bertrand.pl\/produkt\/zaluzja-fasadowa-szf-p-w-wersji-podtynkowej\/","url":"https:\/\/bertrand.pl\/produkt\/zaluzja-fasadowa-szf-p-w-wersji-podtynkowej\/","name":"\u017baluzja fasadowa SZF\/P w wersji podtynkowej - Bertrand. Najwy\u017cszej jako\u015bci okna i drzwi. Certyfikowany producent od 1969 roku.","isPartOf":{"@id":"https:\/\/bertrand.pl\/#website"},"primaryImageOfPage":{"@id":"https:\/\/bertrand.pl\/produkt\/zaluzja-fasadowa-szf-p-w-wersji-podtynkowej\/#primaryimage"},"image":{"@id":"https:\/\/bertrand.pl\/produkt\/zaluzja-fasadowa-szf-p-w-wersji-podtynkowej\/#primaryimage"},"thumbnailUrl":"https:\/\/bertrand.pl\/wp-content\/uploads\/2024\/07\/skyflow_szf_p_4_0_0.jpg","datePublished":"2024-07-04T12:10:46+00:00","dateModified":"2025-03-07T11:02:30+00:00","description":"De SZF\/P geveljaloezie in de inbouwversie zal goed tot zijn recht komen in gebouwen waar duurzaamheid, thermisch comfort en elegantie van de gevel belangrijk zijn.","breadcrumb":{"@id":"https:\/\/bertrand.pl\/produkt\/zaluzja-fasadowa-szf-p-w-wersji-podtynkowej\/#breadcrumb"},"inLanguage":"nl-NL","potentialAction":[{"@type":"ReadAction","target":["https:\/\/bertrand.pl\/produkt\/zaluzja-fasadowa-szf-p-w-wersji-podtynkowej\/"]}]},{"@type":"ImageObject","inLanguage":"nl-NL","@id":"https:\/\/bertrand.pl\/produkt\/zaluzja-fasadowa-szf-p-w-wersji-podtynkowej\/#primaryimage","url":"https:\/\/bertrand.pl\/wp-content\/uploads\/2024\/07\/skyflow_szf_p_4_0_0.jpg","contentUrl":"https:\/\/bertrand.pl\/wp-content\/uploads\/2024\/07\/skyflow_szf_p_4_0_0.jpg","width":450,"height":450},{"@type":"BreadcrumbList","@id":"https:\/\/bertrand.pl\/produkt\/zaluzja-fasadowa-szf-p-w-wersji-podtynkowej\/#breadcrumb","itemListElement":[{"@type":"ListItem","position":1,"name":"Strona g\u0142\u00f3wna","item":"https:\/\/bertrand.pl\/"},{"@type":"ListItem","position":2,"name":"Produits","item":"https:\/\/bertrand.pl\/fr\/shop\/"},{"@type":"ListItem","position":3,"name":"\u017baluzja fasadowa SZF\/P w wersji podtynkowej"}]},{"@type":"WebSite","@id":"https:\/\/bertrand.pl\/#website","url":"https:\/\/bertrand.pl\/","name":"Bertrand.pl","description":"Firma Bertrand to certyfikowany i uznany producent najwy\u017cszej jako\u015bci okien z PVC, z drewna lub aluminium. Produkcja drzwi, rolet i bram gara\u017cowych.","publisher":{"@id":"https:\/\/bertrand.pl\/#organization"},"potentialAction":[{"@type":"SearchAction","target":{"@type":"EntryPoint","urlTemplate":"https:\/\/bertrand.pl\/?s={search_term_string}"},"query-input":{"@type":"PropertyValueSpecification","valueRequired":true,"valueName":"search_term_string"}}],"inLanguage":"nl-NL"},{"@type":"Organization","@id":"https:\/\/bertrand.pl\/#organization","name":"Bertrand.pl","url":"https:\/\/bertrand.pl\/","logo":{"@type":"ImageObject","inLanguage":"nl-NL","@id":"https:\/\/bertrand.pl\/#\/schema\/logo\/image\/","url":"https:\/\/bertrand.pl\/wp-content\/uploads\/2024\/12\/logo_BB_TM_PL_black.png","contentUrl":"https:\/\/bertrand.pl\/wp-content\/uploads\/2024\/12\/logo_BB_TM_PL_black.png","width":1831,"height":1831,"caption":"Bertrand.pl"},"image":{"@id":"https:\/\/bertrand.pl\/#\/schema\/logo\/image\/"},"sameAs":["https:\/\/www.facebook.com\/bertrandpolska\/","https:\/\/www.instagram.com\/bertrand_okna_i_drzwi\/","https:\/\/www.linkedin.com\/company\/bertrand\/","https:\/\/www.tiktok.com\/@bertrand_okna_drzwi"]}]}},"_links":{"self":[{"href":"https:\/\/bertrand.pl\/nl\/wp-json\/wp\/v2\/product\/4132","targetHints":{"allow":["GET"]}}],"collection":[{"href":"https:\/\/bertrand.pl\/nl\/wp-json\/wp\/v2\/product"}],"about":[{"href":"https:\/\/bertrand.pl\/nl\/wp-json\/wp\/v2\/types\/product"}],"wp:featuredmedia":[{"embeddable":true,"href":"https:\/\/bertrand.pl\/nl\/wp-json\/wp\/v2\/media\/4134"}],"wp:attachment":[{"href":"https:\/\/bertrand.pl\/nl\/wp-json\/wp\/v2\/media?parent=4132"}],"wp:term":[{"taxonomy":"product_brand","embeddable":true,"href":"https:\/\/bertrand.pl\/nl\/wp-json\/wp\/v2\/product_brand?post=4132"},{"taxonomy":"product_cat","embeddable":true,"href":"https:\/\/bertrand.pl\/nl\/wp-json\/wp\/v2\/product_cat?post=4132"},{"taxonomy":"product_tag","embeddable":true,"href":"https:\/\/bertrand.pl\/nl\/wp-json\/wp\/v2\/product_tag?post=4132"}],"curies":[{"name":"wp","href":"https:\/\/api.w.org\/{rel}","templated":true}]}}