{"id":4140,"date":"2024-07-04T14:28:53","date_gmt":"2024-07-04T12:28:53","guid":{"rendered":"https:\/\/bertrand.pl\/?post_type=product&#038;p=4140"},"modified":"2024-12-13T12:43:12","modified_gmt":"2024-12-13T11:43:12","slug":"gevelzonwering-in-een-adaptieve-uitvoering","status":"publish","type":"product","link":"https:\/\/bertrand.pl\/nl\/produkt\/zaluzje-fasadowe-w-wersji-adaptacyjnej\/","title":{"rendered":"Geveljaloezie\u00ebn in een adaptieve uitvoering"},"content":{"rendered":"<h3>Geveljaloezie\u00ebn in een adaptieve versie - functionaliteit, duurzaamheid en veelzijdigheid<\/h3>\n<p>&nbsp;<\/p>\n<p><strong>Geveljaloezie\u00ebn in een adaptieve uitvoering<\/strong>\u00a0is een veelzijdige oplossing die perfect werkt in bestaande gebouwen. Dankzij de mogelijkheid tot montage aan de gevel of in een raamnis is dit systeem uiterst flexibel en eenvoudig in gebruik. Het wordt gekenmerkt door ruime configuratiemogelijkheden, waardoor het aan zowel esthetische als functionele eisen kan voldoen.<\/p>\n<p>&nbsp;<\/p>\n<h3>Kenmerken van geveljaloezie\u00ebn in de adaptieve versie<\/h3>\n<p>&nbsp;<\/p>\n<ul>\n<li><strong>Afdekcassette<\/strong>: Gemaakt van 1,2 mm of 2,0 mm dik aluminium, wat duurzaamheid en weerstand tegen weersomstandigheden garandeert. Bovendien is het verkrijgbaar in vier bouwvarianten, waardoor het aan verschillende gevelstijlen kan worden aangepast.<\/li>\n<li><strong>Gidsen<\/strong>: Aluminium geleiders zijn uitgerust met telescopische verstelhandgrepen, wat de installatie ervan vergemakkelijkt. Het systeem biedt ook kabelgeleiders die gecombineerd kunnen worden met aluminium geleiders in \u00e9\u00e9n set. Dit maakt de zonwering functioneel en universeel.<\/li>\n<li><strong>Geluidsisolerende pakkingen<\/strong>: Geplaatst in aluminium geleiders verminderen ze effectief het geluid van lamellenstoten, wat het gebruikscomfort vergroot.<\/li>\n<li><strong>Verdeling en configuratie<\/strong>: Dankzij dubbele geleiders kunnen de jaloezie\u00ebn in segmenten worden verdeeld, waardoor ze gemakkelijker aan de individuele behoeften kunnen worden aangepast.<\/li>\n<li><strong>Aluminium latten<\/strong>:\n<ul>\n<li><strong>C<\/strong>: Aan beide zijden gebogen en gekenmerkt door een hoge stijfheid en windweerstand. De lamellen zijn draaibaar in een bereik van 0\u2013180\u00b0.<\/li>\n<li><strong>MET<\/strong>: Ze zorgen voor een betere verduistering en een extra geluiddempende afdichting. Hun rotatie is van 0 tot 90\u00b0.<\/li>\n<\/ul>\n<\/li>\n<li><strong>Pinnen<\/strong>: Het systeem biedt stalen pinnen voor duurzaamheid of PVC-pinnen om windgeruis te verminderen.<\/li>\n<\/ul>\n<h3>Maximale afmetingen van adaptieve zonwering<\/h3>\n<p>&nbsp;<\/p>\n<ul>\n<li><strong>Aluminium geleiders<\/strong>: Jaloezie\u00ebn met dit type geleiders kunnen afmetingen bereiken tot 4500 \u00d7 4000 mm, wat overeenkomt met een oppervlakte van 18 m\u00b2.<\/li>\n<li><strong>Kabelgeleiders<\/strong>: In dit geval zijn de maximale afmetingen 3000 \u00d7 4000 mm of 4000 \u00d7 2500 mm, wat een oppervlakte oplevert van maximaal 12 m\u00b2.<\/li>\n<li><\/li>\n<\/ul>\n<h3>Duurzaamheid en esthetiek van gevelzonwering in de adaptieve versie<\/h3>\n<p>&nbsp;<\/p>\n<p>Adaptieve zonwering verbindt <strong>functionaliteit, duurzaamheid en esthetiek<\/strong> in \u00e9\u00e9n oplossing. Dankzij het gebruik van hoogwaardige materialen, zoals aluminium en PVC, is dit systeem bestand tegen weersomstandigheden en intensief gebruik. Bovendien kunt u dankzij de verscheidenheid aan opties de jaloezie\u00ebn eenvoudig aanpassen aan de behoeften van zelfs de meest veeleisende gebruikers.<\/p>\n<h3><\/h3>\n<h3>Ideaal voor modernisering<\/h3>\n<p>&nbsp;<\/p>\n<p>Adaptieve gevelzonwering is een uitstekende oplossing voor de modernisering van gebouwen, omdat ze geen enkele inmenging in de bestaande structuur vereisen. Dankzij verschillende personalisatiemogelijkheden en eenvoudige installatie voldoen deze zonwering zowel optisch als praktisch aan de verwachtingen.<\/p>\n<p>&nbsp;<\/p>\n<figure id=\"attachment_4142\" aria-describedby=\"caption-attachment-4142\" style=\"width: 339px\" class=\"wp-caption alignnone\"><img fetchpriority=\"high\" decoding=\"async\" class=\"wp-image-4142 size-full\" src=\"https:\/\/bertrand.pl\/wp-content\/uploads\/2024\/07\/zaluzja-adaptacyjna.jpg\" alt=\"Adaptieve gevelzonwering is een perfecte oplossing voor de modernisering van gebouwen\" width=\"339\" height=\"377\" srcset=\"https:\/\/bertrand.pl\/wp-content\/uploads\/2024\/07\/zaluzja-adaptacyjna.jpg 339w, https:\/\/bertrand.pl\/wp-content\/uploads\/2024\/07\/zaluzja-adaptacyjna-11x12.jpg 11w\" sizes=\"(max-width: 339px) 100vw, 339px\" \/><figcaption id=\"caption-attachment-4142\" class=\"wp-caption-text\">Jaloezie\u00ebn in een adaptieve versie.<\/figcaption><\/figure>\n<p><img decoding=\"async\" class=\"alignnone wp-image-4185\" src=\"https:\/\/bertrand.pl\/wp-content\/uploads\/2024\/07\/logo.svg\" alt=\"\" width=\"198\" height=\"51\" \/><\/p>","protected":false},"excerpt":{"rendered":"<p>De adaptieve versie van de jaloezie is bedoeld voor montage aan de gevel of in een raamuitsparing in bestaande gebouwen.<\/p>","protected":false},"featured_media":4141,"template":"","meta":{"site-sidebar-layout":"default","site-content-layout":"","ast-site-content-layout":"default","site-content-style":"default","site-sidebar-style":"default","ast-global-header-display":"","ast-banner-title-visibility":"","ast-main-header-display":"","ast-hfb-above-header-display":"","ast-hfb-below-header-display":"","ast-hfb-mobile-header-display":"","site-post-title":"","ast-breadcrumbs-content":"","ast-featured-img":"","footer-sml-layout":"","ast-disable-related-posts":"","theme-transparent-header-meta":"default","adv-header-id-meta":"","stick-header-meta":"","header-above-stick-meta":"","header-main-stick-meta":"","header-below-stick-meta":"","astra-migrate-meta-layouts":"set","ast-page-background-enabled":"default","ast-page-background-meta":{"desktop":{"background-color":"var(--ast-global-color-4)","background-image":"","background-repeat":"repeat","background-position":"center center","background-size":"auto","background-attachment":"scroll","background-type":"","background-media":"","overlay-type":"","overlay-color":"","overlay-opacity":"","overlay-gradient":""},"tablet":{"background-color":"","background-image":"","background-repeat":"repeat","background-position":"center center","background-size":"auto","background-attachment":"scroll","background-type":"","background-media":"","overlay-type":"","overlay-color":"","overlay-opacity":"","overlay-gradient":""},"mobile":{"background-color":"","background-image":"","background-repeat":"repeat","background-position":"center center","background-size":"auto","background-attachment":"scroll","background-type":"","background-media":"","overlay-type":"","overlay-color":"","overlay-opacity":"","overlay-gradient":""}},"ast-content-background-meta":{"desktop":{"background-color":"var(--ast-global-color-5)","background-image":"","background-repeat":"repeat","background-position":"center center","background-size":"auto","background-attachment":"scroll","background-type":"","background-media":"","overlay-type":"","overlay-color":"","overlay-opacity":"","overlay-gradient":""},"tablet":{"background-color":"var(--ast-global-color-5)","background-image":"","background-repeat":"repeat","background-position":"center center","background-size":"auto","background-attachment":"scroll","background-type":"","background-media":"","overlay-type":"","overlay-color":"","overlay-opacity":"","overlay-gradient":""},"mobile":{"background-color":"var(--ast-global-color-5)","background-image":"","background-repeat":"repeat","background-position":"center center","background-size":"auto","background-attachment":"scroll","background-type":"","background-media":"","overlay-type":"","overlay-color":"","overlay-opacity":"","overlay-gradient":""}}},"product_brand":[],"product_cat":[22],"product_tag":[1087,193,168,1086,1071,1072,1073,1084,1085,1081,732,1079,1090,1088,1089,1094,1091,1074,1093,1075,523,524,1092,1095,520,1096,522],"class_list":{"0":"post-4140","1":"product","2":"type-product","3":"status-publish","4":"has-post-thumbnail","6":"product_cat-zaluzje-fasadowe","7":"product_tag-aluminiowe-prowadnice","8":"product_tag-aluminium","9":"product_tag-bertrand","10":"product_tag-kaseta-oslonowa","11":"product_tag-lamele-aluminiowe","12":"product_tag-lamele-c","13":"product_tag-lamele-z","14":"product_tag-montaz-na-elewacji","15":"product_tag-montaz-we-wnece-okiennej","16":"product_tag-nowoczesne-zaluzje","17":"product_tag-odpornosc-na-wiatr","18":"product_tag-piny-pvc","19":"product_tag-podzial-zaluzji","20":"product_tag-prowadnice-linkowe","21":"product_tag-stalowe-piny","22":"product_tag-teleskopowe-uchwyty","23":"product_tag-trwalosc-zaluzji","24":"product_tag-uszczelki-wygluszajace","25":"product_tag-wymiary-zaluzji","26":"product_tag-zaciemnienie","27":"product_tag-zaluzje-adaptacyjne","28":"product_tag-zaluzje-aluminiowe","29":"product_tag-zaluzje-do-istniejacych-budynkow","30":"product_tag-zaluzje-estetyczne","31":"product_tag-zaluzje-fasadowe","32":"product_tag-zaluzje-funkcjonalne","33":"product_tag-zaluzje-okienne","34":"desktop-align-left","35":"tablet-align-left","36":"mobile-align-left","38":"first","39":"instock","40":"shipping-taxable","41":"product-type-simple"},"yoast_head":"<!-- This site is optimized with the Yoast SEO Premium plugin v27.2 (Yoast SEO v27.2) - https:\/\/yoast.com\/product\/yoast-seo-premium-wordpress\/ -->\n<title>\u017baluzje fasadowe w wersji adaptacyjnej - Bertrand. Najwy\u017cszej jako\u015bci okna i drzwi. Certyfikowany producent od 1969 roku.<\/title>\n<meta name=\"description\" content=\"\u017baluzje fasadowe w wersji adaptacyjnej \u0142\u0105czy trwa\u0142o\u015b\u0107, funkcjonalno\u015b\u0107 i estetyk\u0119. To produkt idealny dla wymagaj\u0105cych u\u017cytkownik\u00f3w.\" \/>\n<meta name=\"robots\" content=\"index, follow, max-snippet:-1, max-image-preview:large, max-video-preview:-1\" \/>\n<link rel=\"canonical\" href=\"https:\/\/bertrand.pl\/nl\/product-2\/gevelzonwering-in-een-adaptieve-uitvoering\/\" \/>\n<meta property=\"og:locale\" content=\"nl_NL\" \/>\n<meta property=\"og:type\" content=\"article\" \/>\n<meta property=\"og:title\" content=\"\u017baluzje fasadowe w wersji adaptacyjnej\" \/>\n<meta property=\"og:description\" content=\"\u017baluzje fasadowe w wersji adaptacyjnej \u0142\u0105czy trwa\u0142o\u015b\u0107, funkcjonalno\u015b\u0107 i estetyk\u0119. To produkt idealny dla wymagaj\u0105cych u\u017cytkownik\u00f3w.\" \/>\n<meta property=\"og:url\" content=\"https:\/\/bertrand.pl\/nl\/product-2\/gevelzonwering-in-een-adaptieve-uitvoering\/\" \/>\n<meta property=\"og:site_name\" content=\"Bertrand. Najwy\u017cszej jako\u015bci okna i drzwi. Certyfikowany producent od 1969 roku.\" \/>\n<meta property=\"article:publisher\" content=\"https:\/\/www.facebook.com\/bertrandpolska\/\" \/>\n<meta property=\"article:modified_time\" content=\"2024-12-13T11:43:12+00:00\" \/>\n<meta property=\"og:image\" content=\"https:\/\/bertrand.pl\/wp-content\/uploads\/2024\/07\/skyflow_szf_a_0.jpg\" \/>\n\t<meta property=\"og:image:width\" content=\"450\" \/>\n\t<meta property=\"og:image:height\" content=\"450\" \/>\n\t<meta property=\"og:image:type\" content=\"image\/jpeg\" \/>\n<meta name=\"twitter:card\" content=\"summary_large_image\" \/>\n<meta name=\"twitter:label1\" content=\"Geschatte leestijd\" \/>\n\t<meta name=\"twitter:data1\" content=\"3 minuten\" \/>\n<script type=\"application\/ld+json\" class=\"yoast-schema-graph\">{\"@context\":\"https:\/\/schema.org\",\"@graph\":[{\"@type\":\"WebPage\",\"@id\":\"https:\/\/bertrand.pl\/produkt\/zaluzje-fasadowe-w-wersji-adaptacyjnej\/\",\"url\":\"https:\/\/bertrand.pl\/produkt\/zaluzje-fasadowe-w-wersji-adaptacyjnej\/\",\"name\":\"\u017baluzje fasadowe w wersji adaptacyjnej - Bertrand. Najwy\u017cszej jako\u015bci okna i drzwi. Certyfikowany producent od 1969 roku.\",\"isPartOf\":{\"@id\":\"https:\/\/bertrand.pl\/#website\"},\"primaryImageOfPage\":{\"@id\":\"https:\/\/bertrand.pl\/produkt\/zaluzje-fasadowe-w-wersji-adaptacyjnej\/#primaryimage\"},\"image\":{\"@id\":\"https:\/\/bertrand.pl\/produkt\/zaluzje-fasadowe-w-wersji-adaptacyjnej\/#primaryimage\"},\"thumbnailUrl\":\"https:\/\/bertrand.pl\/wp-content\/uploads\/2024\/07\/skyflow_szf_a_0.jpg\",\"datePublished\":\"2024-07-04T12:28:53+00:00\",\"dateModified\":\"2024-12-13T11:43:12+00:00\",\"description\":\"\u017baluzje fasadowe w wersji adaptacyjnej \u0142\u0105czy trwa\u0142o\u015b\u0107, funkcjonalno\u015b\u0107 i estetyk\u0119. To produkt idealny dla wymagaj\u0105cych u\u017cytkownik\u00f3w.\",\"breadcrumb\":{\"@id\":\"https:\/\/bertrand.pl\/produkt\/zaluzje-fasadowe-w-wersji-adaptacyjnej\/#breadcrumb\"},\"inLanguage\":\"nl-NL\",\"potentialAction\":[{\"@type\":\"ReadAction\",\"target\":[\"https:\/\/bertrand.pl\/produkt\/zaluzje-fasadowe-w-wersji-adaptacyjnej\/\"]}]},{\"@type\":\"ImageObject\",\"inLanguage\":\"nl-NL\",\"@id\":\"https:\/\/bertrand.pl\/produkt\/zaluzje-fasadowe-w-wersji-adaptacyjnej\/#primaryimage\",\"url\":\"https:\/\/bertrand.pl\/wp-content\/uploads\/2024\/07\/skyflow_szf_a_0.jpg\",\"contentUrl\":\"https:\/\/bertrand.pl\/wp-content\/uploads\/2024\/07\/skyflow_szf_a_0.jpg\",\"width\":450,\"height\":450},{\"@type\":\"BreadcrumbList\",\"@id\":\"https:\/\/bertrand.pl\/produkt\/zaluzje-fasadowe-w-wersji-adaptacyjnej\/#breadcrumb\",\"itemListElement\":[{\"@type\":\"ListItem\",\"position\":1,\"name\":\"Strona g\u0142\u00f3wna\",\"item\":\"https:\/\/bertrand.pl\/\"},{\"@type\":\"ListItem\",\"position\":2,\"name\":\"Produits\",\"item\":\"https:\/\/bertrand.pl\/fr\/shop\/\"},{\"@type\":\"ListItem\",\"position\":3,\"name\":\"\u017baluzje fasadowe w wersji adaptacyjnej\"}]},{\"@type\":\"WebSite\",\"@id\":\"https:\/\/bertrand.pl\/#website\",\"url\":\"https:\/\/bertrand.pl\/\",\"name\":\"Bertrand.pl\",\"description\":\"Firma Bertrand to certyfikowany i uznany producent najwy\u017cszej jako\u015bci okien z PVC, z drewna lub aluminium. Produkcja drzwi, rolet i bram gara\u017cowych.\",\"publisher\":{\"@id\":\"https:\/\/bertrand.pl\/#organization\"},\"potentialAction\":[{\"@type\":\"SearchAction\",\"target\":{\"@type\":\"EntryPoint\",\"urlTemplate\":\"https:\/\/bertrand.pl\/?s={search_term_string}\"},\"query-input\":{\"@type\":\"PropertyValueSpecification\",\"valueRequired\":true,\"valueName\":\"search_term_string\"}}],\"inLanguage\":\"nl-NL\"},{\"@type\":\"Organization\",\"@id\":\"https:\/\/bertrand.pl\/#organization\",\"name\":\"Bertrand.pl\",\"url\":\"https:\/\/bertrand.pl\/\",\"logo\":{\"@type\":\"ImageObject\",\"inLanguage\":\"nl-NL\",\"@id\":\"https:\/\/bertrand.pl\/#\/schema\/logo\/image\/\",\"url\":\"https:\/\/bertrand.pl\/wp-content\/uploads\/2024\/12\/logo_BB_TM_PL_black.png\",\"contentUrl\":\"https:\/\/bertrand.pl\/wp-content\/uploads\/2024\/12\/logo_BB_TM_PL_black.png\",\"width\":1831,\"height\":1831,\"caption\":\"Bertrand.pl\"},\"image\":{\"@id\":\"https:\/\/bertrand.pl\/#\/schema\/logo\/image\/\"},\"sameAs\":[\"https:\/\/www.facebook.com\/bertrandpolska\/\",\"https:\/\/www.instagram.com\/bertrand_okna_i_drzwi\/\",\"https:\/\/www.linkedin.com\/company\/bertrand\/\",\"https:\/\/www.tiktok.com\/@bertrand_okna_drzwi\"]}]}<\/script>\n<!-- \/ Yoast SEO Premium plugin. -->","yoast_head_json":{"title":"\u017baluzje fasadowe w wersji adaptacyjnej - Bertrand. Najwy\u017cszej jako\u015bci okna i drzwi. Certyfikowany producent od 1969 roku.","description":"Adaptieve gevelzonweringen combineren duurzaamheid, functionaliteit en esthetiek. Dit is een ideaal product voor veeleisende gebruikers.","robots":{"index":"index","follow":"follow","max-snippet":"max-snippet:-1","max-image-preview":"max-image-preview:large","max-video-preview":"max-video-preview:-1"},"canonical":"https:\/\/bertrand.pl\/nl\/product-2\/gevelzonwering-in-een-adaptieve-uitvoering\/","og_locale":"nl_NL","og_type":"article","og_title":"\u017baluzje fasadowe w wersji adaptacyjnej","og_description":"\u017baluzje fasadowe w wersji adaptacyjnej \u0142\u0105czy trwa\u0142o\u015b\u0107, funkcjonalno\u015b\u0107 i estetyk\u0119. To produkt idealny dla wymagaj\u0105cych u\u017cytkownik\u00f3w.","og_url":"https:\/\/bertrand.pl\/nl\/product-2\/gevelzonwering-in-een-adaptieve-uitvoering\/","og_site_name":"Bertrand. Najwy\u017cszej jako\u015bci okna i drzwi. Certyfikowany producent od 1969 roku.","article_publisher":"https:\/\/www.facebook.com\/bertrandpolska\/","article_modified_time":"2024-12-13T11:43:12+00:00","og_image":[{"width":450,"height":450,"url":"https:\/\/bertrand.pl\/wp-content\/uploads\/2024\/07\/skyflow_szf_a_0.jpg","type":"image\/jpeg"}],"twitter_card":"summary_large_image","twitter_misc":{"Geschatte leestijd":"3 minuten"},"schema":{"@context":"https:\/\/schema.org","@graph":[{"@type":"WebPage","@id":"https:\/\/bertrand.pl\/produkt\/zaluzje-fasadowe-w-wersji-adaptacyjnej\/","url":"https:\/\/bertrand.pl\/produkt\/zaluzje-fasadowe-w-wersji-adaptacyjnej\/","name":"\u017baluzje fasadowe w wersji adaptacyjnej - Bertrand. Najwy\u017cszej jako\u015bci okna i drzwi. Certyfikowany producent od 1969 roku.","isPartOf":{"@id":"https:\/\/bertrand.pl\/#website"},"primaryImageOfPage":{"@id":"https:\/\/bertrand.pl\/produkt\/zaluzje-fasadowe-w-wersji-adaptacyjnej\/#primaryimage"},"image":{"@id":"https:\/\/bertrand.pl\/produkt\/zaluzje-fasadowe-w-wersji-adaptacyjnej\/#primaryimage"},"thumbnailUrl":"https:\/\/bertrand.pl\/wp-content\/uploads\/2024\/07\/skyflow_szf_a_0.jpg","datePublished":"2024-07-04T12:28:53+00:00","dateModified":"2024-12-13T11:43:12+00:00","description":"Adaptieve gevelzonweringen combineren duurzaamheid, functionaliteit en esthetiek. Dit is een ideaal product voor veeleisende gebruikers.","breadcrumb":{"@id":"https:\/\/bertrand.pl\/produkt\/zaluzje-fasadowe-w-wersji-adaptacyjnej\/#breadcrumb"},"inLanguage":"nl-NL","potentialAction":[{"@type":"ReadAction","target":["https:\/\/bertrand.pl\/produkt\/zaluzje-fasadowe-w-wersji-adaptacyjnej\/"]}]},{"@type":"ImageObject","inLanguage":"nl-NL","@id":"https:\/\/bertrand.pl\/produkt\/zaluzje-fasadowe-w-wersji-adaptacyjnej\/#primaryimage","url":"https:\/\/bertrand.pl\/wp-content\/uploads\/2024\/07\/skyflow_szf_a_0.jpg","contentUrl":"https:\/\/bertrand.pl\/wp-content\/uploads\/2024\/07\/skyflow_szf_a_0.jpg","width":450,"height":450},{"@type":"BreadcrumbList","@id":"https:\/\/bertrand.pl\/produkt\/zaluzje-fasadowe-w-wersji-adaptacyjnej\/#breadcrumb","itemListElement":[{"@type":"ListItem","position":1,"name":"Strona g\u0142\u00f3wna","item":"https:\/\/bertrand.pl\/"},{"@type":"ListItem","position":2,"name":"Produits","item":"https:\/\/bertrand.pl\/fr\/shop\/"},{"@type":"ListItem","position":3,"name":"\u017baluzje fasadowe w wersji adaptacyjnej"}]},{"@type":"WebSite","@id":"https:\/\/bertrand.pl\/#website","url":"https:\/\/bertrand.pl\/","name":"Bertrand.pl","description":"Firma Bertrand to certyfikowany i uznany producent najwy\u017cszej jako\u015bci okien z PVC, z drewna lub aluminium. Produkcja drzwi, rolet i bram gara\u017cowych.","publisher":{"@id":"https:\/\/bertrand.pl\/#organization"},"potentialAction":[{"@type":"SearchAction","target":{"@type":"EntryPoint","urlTemplate":"https:\/\/bertrand.pl\/?s={search_term_string}"},"query-input":{"@type":"PropertyValueSpecification","valueRequired":true,"valueName":"search_term_string"}}],"inLanguage":"nl-NL"},{"@type":"Organization","@id":"https:\/\/bertrand.pl\/#organization","name":"Bertrand.pl","url":"https:\/\/bertrand.pl\/","logo":{"@type":"ImageObject","inLanguage":"nl-NL","@id":"https:\/\/bertrand.pl\/#\/schema\/logo\/image\/","url":"https:\/\/bertrand.pl\/wp-content\/uploads\/2024\/12\/logo_BB_TM_PL_black.png","contentUrl":"https:\/\/bertrand.pl\/wp-content\/uploads\/2024\/12\/logo_BB_TM_PL_black.png","width":1831,"height":1831,"caption":"Bertrand.pl"},"image":{"@id":"https:\/\/bertrand.pl\/#\/schema\/logo\/image\/"},"sameAs":["https:\/\/www.facebook.com\/bertrandpolska\/","https:\/\/www.instagram.com\/bertrand_okna_i_drzwi\/","https:\/\/www.linkedin.com\/company\/bertrand\/","https:\/\/www.tiktok.com\/@bertrand_okna_drzwi"]}]}},"_links":{"self":[{"href":"https:\/\/bertrand.pl\/nl\/wp-json\/wp\/v2\/product\/4140","targetHints":{"allow":["GET"]}}],"collection":[{"href":"https:\/\/bertrand.pl\/nl\/wp-json\/wp\/v2\/product"}],"about":[{"href":"https:\/\/bertrand.pl\/nl\/wp-json\/wp\/v2\/types\/product"}],"wp:featuredmedia":[{"embeddable":true,"href":"https:\/\/bertrand.pl\/nl\/wp-json\/wp\/v2\/media\/4141"}],"wp:attachment":[{"href":"https:\/\/bertrand.pl\/nl\/wp-json\/wp\/v2\/media?parent=4140"}],"wp:term":[{"taxonomy":"product_brand","embeddable":true,"href":"https:\/\/bertrand.pl\/nl\/wp-json\/wp\/v2\/product_brand?post=4140"},{"taxonomy":"product_cat","embeddable":true,"href":"https:\/\/bertrand.pl\/nl\/wp-json\/wp\/v2\/product_cat?post=4140"},{"taxonomy":"product_tag","embeddable":true,"href":"https:\/\/bertrand.pl\/nl\/wp-json\/wp\/v2\/product_tag?post=4140"}],"curies":[{"name":"wp","href":"https:\/\/api.w.org\/{rel}","templated":true}]}}