{"id":4245,"date":"2024-07-26T11:20:58","date_gmt":"2024-07-26T09:20:58","guid":{"rendered":"https:\/\/bertrand.pl\/?post_type=product&#038;p=4245"},"modified":"2026-03-20T14:00:23","modified_gmt":"2026-03-20T13:00:23","slug":"houten-deuren","status":"publish","type":"product","link":"https:\/\/bertrand.pl\/nl\/produkt\/drzwi-drewniane\/","title":{"rendered":"Houten deuren"},"content":{"rendered":"<p>&nbsp;<\/p>\n<p><strong>Bertrand houten buitendeuren \u2013 de perfecte combinatie van stijl en veiligheid<\/strong><\/p>\n<p>&nbsp;<\/p>\n<p>Houten buitendeuren zijn niet alleen een belangrijk functioneel element van het huis, maar ook de vitrine. Daarom biedt Bertrand aan <strong>moderne buitendeuren<\/strong>die duurzaamheid, elegantie en de hoogste veiligheidsnormen combineren. Bovendien zijn onze deuren gemaakt van hoogwaardig hout, waardoor ze jarenlang bestand zijn tegen wisselende weersomstandigheden en een esthetische uitstraling hebben.<\/p>\n<hr \/>\n<h3>Waarom kiezen <strong>houten buitendeuren Bertrand<\/strong>?<\/h3>\n<p>&nbsp;<\/p>\n<h4><strong>Duurzame en elegante materialen<\/strong><\/h4>\n<p>&nbsp;<\/p>\n<p>Allereerst zijn onze deuren gemaakt van hoogwaardig hout, wat hun duurzaamheid en weerstand tegen vocht en temperatuur garandeert. Daarnaast kunt u kiezen uit gelakte of geoliede afwerkingen, die het unieke karakter van de deur nog eens extra benadrukken.<\/p>\n<h4><\/h4>\n<h4><strong>Moderne productietechnologie\u00ebn<\/strong><\/h4>\n<p>&nbsp;<\/p>\n<p>Dankzij het gebruik van innovatieve technologie\u00ebn, <strong>moderne buitendeuren<\/strong> Bertrand wordt gekenmerkt door:<\/p>\n<ul>\n<li><strong>Nauwkeurige afwerking<\/strong>, wat hun duurzaamheid en betrouwbaarheid be\u00efnvloedt,<\/li>\n<li><strong>Stilistische diversiteit<\/strong>, zodat u ze eenvoudig kunt afstemmen op de gevel van uw huis,<\/li>\n<li><strong>Aandacht voor detail<\/strong>, wat ze zowel esthetisch als functioneel uniek maakt.<\/li>\n<\/ul>\n<h4><strong>Functionaliteit en esthetiek in \u00e9\u00e9n<\/strong><\/h4>\n<p>&nbsp;<\/p>\n<p>De houten deuren van Bertrand zijn ontworpen om harmonieus op te gaan in de gevel van het gebouw en de omgeving. Daarnaast bieden we een breed scala aan patronen en kleuren die passen bij zowel moderne als traditionele architectonische ontwerpen.<\/p>\n<hr \/>\n<h3>Veiligheid op het hoogste niveau<\/h3>\n<p>&nbsp;<\/p>\n<p>Het is de moeite waard om te benadrukken dat die van ons is <strong>houten buitendeuren<\/strong> garanderen volledige bescherming van uw huis. Anti-inbraakmodellen zijn uitgerust met:<\/p>\n<ul>\n<li><strong>Structurele versterkingen<\/strong>die de weerstand van de deur tegen beschadiging vergroten,<\/li>\n<li><strong>Moderne sloten<\/strong>, wat extra veiligheid biedt,<\/li>\n<li><strong>Anti-inbraak wapening<\/strong>, effectief beschermend tegen inbraakpogingen.<\/li>\n<\/ul>\n<hr \/>\n<h3>Voor wie zijn Bertrand deuren bedoeld?<\/h3>\n<p>&nbsp;<\/p>\n<p>Ons <strong>houten buitendeuren<\/strong> zijn een ideale oplossing voor zowel individuele klanten als investeerders. Bovendien vervullen wij bestellingen voor:<\/p>\n<ul>\n<li><strong>Eengezinswoningen<\/strong>, waarbij een individuele aanpak wordt gegarandeerd,<\/li>\n<li><strong>Woonwijken<\/strong>, het aanbieden van oplossingen op maat voor grotere projecten,<\/li>\n<li><strong>Ontwikkelingsinvesteringen<\/strong>, waardoor solide en esthetische deuren op grote schaal worden gegarandeerd.<\/li>\n<\/ul>\n<hr \/>\n<h3><\/h3>\n<p>Kortom: houten buitendeuren van Bertrand zijn een investering in duurzaamheid, stijl en veiligheid. Als u op zoek bent naar <strong>moderne buitendeuren<\/strong>die zowel functioneel als esthetisch zal zijn, Bertrand is een keuze die aan al uw verwachtingen zal voldoen.<\/p>\n<p>&nbsp;<\/p>\n<p><strong>Bertrand \u2013 deuren die kwaliteit, design en veiligheid in perfecte harmonie combineren!<\/strong><\/p>\n<p>&nbsp;<\/p>\n<h4><strong>ZIE OOK:<\/strong><\/h4>\n<p>&nbsp;<\/p>\n<p><a href=\"https:\/\/www.youtube.com\/watch?v=a6Y8ZM8Apgw\">BERTRAND ramen en deuren \u2013 Automatische verflijn.<\/a><\/p>\n<p><a href=\"https:\/\/pivot.bertrand.pl\/\">BERTRAND Pivot-serie<\/a><\/p>\n<hr \/>\n<p>&nbsp;<\/p>\n<p><img fetchpriority=\"high\" decoding=\"async\" class=\"wp-image-4249 aligncenter\" src=\"https:\/\/bertrand.pl\/wp-content\/uploads\/2024\/07\/drzwi-zewnetrzne-scaled.jpg\" alt=\"\" width=\"500\" height=\"554\" srcset=\"https:\/\/bertrand.pl\/wp-content\/uploads\/2024\/07\/drzwi-zewnetrzne-scaled.jpg 2310w, https:\/\/bertrand.pl\/wp-content\/uploads\/2024\/07\/drzwi-zewnetrzne-379x420.jpg 379w, https:\/\/bertrand.pl\/wp-content\/uploads\/2024\/07\/drzwi-zewnetrzne-1227x1360.jpg 1227w, https:\/\/bertrand.pl\/wp-content\/uploads\/2024\/07\/drzwi-zewnetrzne-768x851.jpg 768w, https:\/\/bertrand.pl\/wp-content\/uploads\/2024\/07\/drzwi-zewnetrzne-1386x1536.jpg 1386w, https:\/\/bertrand.pl\/wp-content\/uploads\/2024\/07\/drzwi-zewnetrzne-1848x2048.jpg 1848w, https:\/\/bertrand.pl\/wp-content\/uploads\/2024\/07\/drzwi-zewnetrzne-11x12.jpg 11w, https:\/\/bertrand.pl\/wp-content\/uploads\/2024\/07\/drzwi-zewnetrzne-600x665.jpg 600w\" sizes=\"(max-width: 500px) 100vw, 500px\" \/><\/p>\n<p>&nbsp;<\/p>\n<p><img decoding=\"async\" class=\"wp-image-4251 aligncenter\" title=\"Externe houten deuren\" src=\"https:\/\/bertrand.pl\/wp-content\/uploads\/2024\/07\/drzwi-zewnetrzne2-scaled.jpg\" alt=\"Externe deuren \" width=\"500\" height=\"548\" srcset=\"https:\/\/bertrand.pl\/wp-content\/uploads\/2024\/07\/drzwi-zewnetrzne2-scaled.jpg 2337w, https:\/\/bertrand.pl\/wp-content\/uploads\/2024\/07\/drzwi-zewnetrzne2-383x420.jpg 383w, https:\/\/bertrand.pl\/wp-content\/uploads\/2024\/07\/drzwi-zewnetrzne2-1242x1360.jpg 1242w, https:\/\/bertrand.pl\/wp-content\/uploads\/2024\/07\/drzwi-zewnetrzne2-768x841.jpg 768w, https:\/\/bertrand.pl\/wp-content\/uploads\/2024\/07\/drzwi-zewnetrzne2-1402x1536.jpg 1402w, https:\/\/bertrand.pl\/wp-content\/uploads\/2024\/07\/drzwi-zewnetrzne2-1870x2048.jpg 1870w, https:\/\/bertrand.pl\/wp-content\/uploads\/2024\/07\/drzwi-zewnetrzne2-11x12.jpg 11w, https:\/\/bertrand.pl\/wp-content\/uploads\/2024\/07\/drzwi-zewnetrzne2-600x657.jpg 600w\" sizes=\"(max-width: 500px) 100vw, 500px\" \/> Buitendeuren gemaakt van hout<\/p>\n<p>&nbsp;<\/p>\n<p><img decoding=\"async\" class=\"wp-image-7993 aligncenter\" src=\"https:\/\/bertrand.pl\/wp-content\/uploads\/2024\/07\/DSC_9839_B_FullHD-e1773923455731-314x420.jpg\" alt=\"\" width=\"472\" height=\"631\" srcset=\"https:\/\/bertrand.pl\/wp-content\/uploads\/2024\/07\/DSC_9839_B_FullHD-e1773923455731-314x420.jpg 314w, https:\/\/bertrand.pl\/wp-content\/uploads\/2024\/07\/DSC_9839_B_FullHD-e1773923455731-1018x1360.jpg 1018w, https:\/\/bertrand.pl\/wp-content\/uploads\/2024\/07\/DSC_9839_B_FullHD-e1773923455731-768x1026.jpg 768w, https:\/\/bertrand.pl\/wp-content\/uploads\/2024\/07\/DSC_9839_B_FullHD-e1773923455731-9x12.jpg 9w, https:\/\/bertrand.pl\/wp-content\/uploads\/2024\/07\/DSC_9839_B_FullHD-e1773923455731-600x802.jpg 600w, https:\/\/bertrand.pl\/wp-content\/uploads\/2024\/07\/DSC_9839_B_FullHD-e1773923455731.jpg 1030w\" sizes=\"(max-width: 472px) 100vw, 472px\" \/> Czerwone drzwi drewniane zewn\u0119trzne w jode\u0142k\u0119 z do\u015bwietlem bocznym.<\/p>","protected":false},"excerpt":{"rendered":"<p>Houten deuren combineren de elegantie van natuurlijk hout met uitzonderlijke duurzaamheid en isolatie, waardoor elk interieur een warme en gezellige uitstraling krijgt. Deze deuren zijn gemaakt van hout van de hoogste kwaliteit en bieden niet alleen esthetiek, maar ook uitstekende akoestische en thermische eigenschappen, perfect voor uw huis.<\/p>","protected":false},"featured_media":4249,"template":"","meta":{"site-sidebar-layout":"default","site-content-layout":"","ast-site-content-layout":"default","site-content-style":"default","site-sidebar-style":"default","ast-global-header-display":"","ast-banner-title-visibility":"","ast-main-header-display":"","ast-hfb-above-header-display":"","ast-hfb-below-header-display":"","ast-hfb-mobile-header-display":"","site-post-title":"","ast-breadcrumbs-content":"","ast-featured-img":"","footer-sml-layout":"","ast-disable-related-posts":"","theme-transparent-header-meta":"default","adv-header-id-meta":"","stick-header-meta":"","header-above-stick-meta":"","header-main-stick-meta":"","header-below-stick-meta":"","astra-migrate-meta-layouts":"set","ast-page-background-enabled":"default","ast-page-background-meta":{"desktop":{"background-color":"var(--ast-global-color-4)","background-image":"","background-repeat":"repeat","background-position":"center center","background-size":"auto","background-attachment":"scroll","background-type":"","background-media":"","overlay-type":"","overlay-color":"","overlay-opacity":"","overlay-gradient":""},"tablet":{"background-color":"","background-image":"","background-repeat":"repeat","background-position":"center center","background-size":"auto","background-attachment":"scroll","background-type":"","background-media":"","overlay-type":"","overlay-color":"","overlay-opacity":"","overlay-gradient":""},"mobile":{"background-color":"","background-image":"","background-repeat":"repeat","background-position":"center center","background-size":"auto","background-attachment":"scroll","background-type":"","background-media":"","overlay-type":"","overlay-color":"","overlay-opacity":"","overlay-gradient":""}},"ast-content-background-meta":{"desktop":{"background-color":"var(--ast-global-color-5)","background-image":"","background-repeat":"repeat","background-position":"center center","background-size":"auto","background-attachment":"scroll","background-type":"","background-media":"","overlay-type":"","overlay-color":"","overlay-opacity":"","overlay-gradient":""},"tablet":{"background-color":"var(--ast-global-color-5)","background-image":"","background-repeat":"repeat","background-position":"center center","background-size":"auto","background-attachment":"scroll","background-type":"","background-media":"","overlay-type":"","overlay-color":"","overlay-opacity":"","overlay-gradient":""},"mobile":{"background-color":"var(--ast-global-color-5)","background-image":"","background-repeat":"repeat","background-position":"center center","background-size":"auto","background-attachment":"scroll","background-type":"","background-media":"","overlay-type":"","overlay-color":"","overlay-opacity":"","overlay-gradient":""}}},"product_brand":[],"product_cat":[17,38],"product_tag":[168,1012,326,1020,1029,1014,579,175,460,1022,1031,343,383,1018,1030,1027,1019,342,585,458,1028,1015,1025,1016,581,1021,580,1013,583,758,1023,812,174,584,1026,1024,1011,582,1010,1017],"class_list":{"0":"post-4245","1":"product","2":"type-product","3":"status-publish","4":"has-post-thumbnail","6":"product_cat-drzwi","7":"product_cat-drzwi-zewnetrzne","8":"product_tag-bertrand","9":"product_tag-bezpieczenstwo-drzwi","10":"product_tag-budowa-domu","11":"product_tag-dbalosc-o-detale","12":"product_tag-design-drzwi","13":"product_tag-drewniane-drzwi-wejsciowe","14":"product_tag-drewniane-drzwi-zewnetrzne","15":"product_tag-drzwi","16":"product_tag-drzwi-bertrand","17":"product_tag-drzwi-dla-deweloperow","18":"product_tag-drzwi-dla-domow-jednorodzinnych","19":"product_tag-drzwi-do-domu","20":"product_tag-drzwi-drewniane","21":"product_tag-drzwi-lakierowane","22":"product_tag-drzwi-na-osiedla","23":"product_tag-drzwi-na-zamowienie","24":"product_tag-drzwi-olejowane","25":"product_tag-drzwi-wejsciowe","26":"product_tag-drzwi-z-polski","27":"product_tag-drzwi-zewnetrzne","28":"product_tag-elewacja-budynku","29":"product_tag-estetyka-drzwi","30":"product_tag-felc-antywywazeniowy","31":"product_tag-funkcjonalnosc-drzwi","32":"product_tag-idealne-drzwi-do-domu","33":"product_tag-inwestycja-na-lata","34":"product_tag-jakie-wybrac-drzwi-do-domu","35":"product_tag-modele-antywlamaniowe","36":"product_tag-nowe-drzwi","37":"product_tag-nowoczesne-technologie","38":"product_tag-nowoczesne-zamki","39":"product_tag-odpornosc-na-warunki-atmosferyczne","40":"product_tag-okna","41":"product_tag-producent-drzwi","42":"product_tag-solidna-konstrukcja","43":"product_tag-systemy-ochrony","44":"product_tag-trwalosc-drzwi","45":"product_tag-wybor-drzwi-wejsciowych","46":"product_tag-wysoka-jakosc-wykonania","47":"product_tag-wysokogatunkowe-drewno","48":"desktop-align-left","49":"tablet-align-left","50":"mobile-align-left","52":"first","53":"instock","54":"shipping-taxable","55":"product-type-simple"},"yoast_head":"<!-- This site is optimized with the Yoast SEO Premium plugin v27.2 (Yoast SEO v27.2) - https:\/\/yoast.com\/product\/yoast-seo-premium-wordpress\/ -->\n<title>Drzwi drewniane - Bertrand. Najwy\u017cszej jako\u015bci okna i drzwi. Certyfikowany producent od 1969 roku.<\/title>\n<meta name=\"description\" content=\"Drzwi drewniane to trwa\u0142o\u015b\u0107, styl i bezpiecze\u0144stwo. Odkryj nowoczesne drzwi zewn\u0119trzne, kt\u00f3re s\u0105 zar\u00f3wno funkcjonalne, jak i eleganckie. Wybierz Bertrand!\" \/>\n<meta name=\"robots\" content=\"index, follow, max-snippet:-1, max-image-preview:large, max-video-preview:-1\" \/>\n<link rel=\"canonical\" href=\"https:\/\/bertrand.pl\/nl\/product-2\/houten-deuren\/\" \/>\n<meta property=\"og:locale\" content=\"nl_NL\" \/>\n<meta property=\"og:type\" content=\"article\" \/>\n<meta property=\"og:title\" content=\"Drzwi drewniane\" \/>\n<meta property=\"og:description\" content=\"Drzwi drewniane to trwa\u0142o\u015b\u0107, styl i bezpiecze\u0144stwo. Odkryj nowoczesne drzwi zewn\u0119trzne, kt\u00f3re s\u0105 zar\u00f3wno funkcjonalne, jak i eleganckie. Wybierz Bertrand!\" \/>\n<meta property=\"og:url\" content=\"https:\/\/bertrand.pl\/nl\/product-2\/houten-deuren\/\" \/>\n<meta property=\"og:site_name\" content=\"Bertrand. Najwy\u017cszej jako\u015bci okna i drzwi. Certyfikowany producent od 1969 roku.\" \/>\n<meta property=\"article:publisher\" content=\"https:\/\/www.facebook.com\/bertrandpolska\/\" \/>\n<meta property=\"article:modified_time\" content=\"2026-03-20T13:00:23+00:00\" \/>\n<meta property=\"og:image\" content=\"https:\/\/bertrand.pl\/wp-content\/uploads\/2024\/07\/drzwi-zewnetrzne-scaled.jpg\" \/>\n\t<meta property=\"og:image:width\" content=\"2310\" \/>\n\t<meta property=\"og:image:height\" content=\"2560\" \/>\n\t<meta property=\"og:image:type\" content=\"image\/jpeg\" \/>\n<meta name=\"twitter:card\" content=\"summary_large_image\" \/>\n<meta name=\"twitter:label1\" content=\"Geschatte leestijd\" \/>\n\t<meta name=\"twitter:data1\" content=\"3 minuten\" \/>\n<script type=\"application\/ld+json\" class=\"yoast-schema-graph\">{\"@context\":\"https:\/\/schema.org\",\"@graph\":[{\"@type\":\"WebPage\",\"@id\":\"https:\/\/bertrand.pl\/produkt\/drzwi-drewniane\/\",\"url\":\"https:\/\/bertrand.pl\/produkt\/drzwi-drewniane\/\",\"name\":\"Drzwi drewniane - Bertrand. Najwy\u017cszej jako\u015bci okna i drzwi. Certyfikowany producent od 1969 roku.\",\"isPartOf\":{\"@id\":\"https:\/\/bertrand.pl\/#website\"},\"primaryImageOfPage\":{\"@id\":\"https:\/\/bertrand.pl\/produkt\/drzwi-drewniane\/#primaryimage\"},\"image\":{\"@id\":\"https:\/\/bertrand.pl\/produkt\/drzwi-drewniane\/#primaryimage\"},\"thumbnailUrl\":\"https:\/\/bertrand.pl\/wp-content\/uploads\/2024\/07\/drzwi-zewnetrzne-scaled.jpg\",\"datePublished\":\"2024-07-26T09:20:58+00:00\",\"dateModified\":\"2026-03-20T13:00:23+00:00\",\"description\":\"Drzwi drewniane to trwa\u0142o\u015b\u0107, styl i bezpiecze\u0144stwo. Odkryj nowoczesne drzwi zewn\u0119trzne, kt\u00f3re s\u0105 zar\u00f3wno funkcjonalne, jak i eleganckie. Wybierz Bertrand!\",\"breadcrumb\":{\"@id\":\"https:\/\/bertrand.pl\/produkt\/drzwi-drewniane\/#breadcrumb\"},\"inLanguage\":\"nl-NL\",\"potentialAction\":[{\"@type\":\"ReadAction\",\"target\":[\"https:\/\/bertrand.pl\/produkt\/drzwi-drewniane\/\"]}]},{\"@type\":\"ImageObject\",\"inLanguage\":\"nl-NL\",\"@id\":\"https:\/\/bertrand.pl\/produkt\/drzwi-drewniane\/#primaryimage\",\"url\":\"https:\/\/bertrand.pl\/wp-content\/uploads\/2024\/07\/drzwi-zewnetrzne-scaled.jpg\",\"contentUrl\":\"https:\/\/bertrand.pl\/wp-content\/uploads\/2024\/07\/drzwi-zewnetrzne-scaled.jpg\",\"width\":2310,\"height\":2560},{\"@type\":\"BreadcrumbList\",\"@id\":\"https:\/\/bertrand.pl\/produkt\/drzwi-drewniane\/#breadcrumb\",\"itemListElement\":[{\"@type\":\"ListItem\",\"position\":1,\"name\":\"Strona g\u0142\u00f3wna\",\"item\":\"https:\/\/bertrand.pl\/\"},{\"@type\":\"ListItem\",\"position\":2,\"name\":\"Produits\",\"item\":\"https:\/\/bertrand.pl\/fr\/shop\/\"},{\"@type\":\"ListItem\",\"position\":3,\"name\":\"Drzwi drewniane\"}]},{\"@type\":\"WebSite\",\"@id\":\"https:\/\/bertrand.pl\/#website\",\"url\":\"https:\/\/bertrand.pl\/\",\"name\":\"Bertrand.pl\",\"description\":\"Firma Bertrand to certyfikowany i uznany producent najwy\u017cszej jako\u015bci okien z PVC, z drewna lub aluminium. Produkcja drzwi, rolet i bram gara\u017cowych.\",\"publisher\":{\"@id\":\"https:\/\/bertrand.pl\/#organization\"},\"potentialAction\":[{\"@type\":\"SearchAction\",\"target\":{\"@type\":\"EntryPoint\",\"urlTemplate\":\"https:\/\/bertrand.pl\/?s={search_term_string}\"},\"query-input\":{\"@type\":\"PropertyValueSpecification\",\"valueRequired\":true,\"valueName\":\"search_term_string\"}}],\"inLanguage\":\"nl-NL\"},{\"@type\":\"Organization\",\"@id\":\"https:\/\/bertrand.pl\/#organization\",\"name\":\"Bertrand.pl\",\"url\":\"https:\/\/bertrand.pl\/\",\"logo\":{\"@type\":\"ImageObject\",\"inLanguage\":\"nl-NL\",\"@id\":\"https:\/\/bertrand.pl\/#\/schema\/logo\/image\/\",\"url\":\"https:\/\/bertrand.pl\/wp-content\/uploads\/2024\/12\/logo_BB_TM_PL_black.png\",\"contentUrl\":\"https:\/\/bertrand.pl\/wp-content\/uploads\/2024\/12\/logo_BB_TM_PL_black.png\",\"width\":1831,\"height\":1831,\"caption\":\"Bertrand.pl\"},\"image\":{\"@id\":\"https:\/\/bertrand.pl\/#\/schema\/logo\/image\/\"},\"sameAs\":[\"https:\/\/www.facebook.com\/bertrandpolska\/\",\"https:\/\/www.instagram.com\/bertrand_okna_i_drzwi\/\",\"https:\/\/www.linkedin.com\/company\/bertrand\/\",\"https:\/\/www.tiktok.com\/@bertrand_okna_drzwi\"]}]}<\/script>\n<!-- \/ Yoast SEO Premium plugin. -->","yoast_head_json":{"title":"Drzwi drewniane - Bertrand. Najwy\u017cszej jako\u015bci okna i drzwi. Certyfikowany producent od 1969 roku.","description":"Houten deuren betekenen duurzaamheid, stijl en veiligheid. Ontdek moderne buitendeuren die zowel functioneel als elegant zijn. Kies Bertrand!","robots":{"index":"index","follow":"follow","max-snippet":"max-snippet:-1","max-image-preview":"max-image-preview:large","max-video-preview":"max-video-preview:-1"},"canonical":"https:\/\/bertrand.pl\/nl\/product-2\/houten-deuren\/","og_locale":"nl_NL","og_type":"article","og_title":"Drzwi drewniane","og_description":"Drzwi drewniane to trwa\u0142o\u015b\u0107, styl i bezpiecze\u0144stwo. Odkryj nowoczesne drzwi zewn\u0119trzne, kt\u00f3re s\u0105 zar\u00f3wno funkcjonalne, jak i eleganckie. Wybierz Bertrand!","og_url":"https:\/\/bertrand.pl\/nl\/product-2\/houten-deuren\/","og_site_name":"Bertrand. Najwy\u017cszej jako\u015bci okna i drzwi. Certyfikowany producent od 1969 roku.","article_publisher":"https:\/\/www.facebook.com\/bertrandpolska\/","article_modified_time":"2026-03-20T13:00:23+00:00","og_image":[{"width":2310,"height":2560,"url":"https:\/\/bertrand.pl\/wp-content\/uploads\/2024\/07\/drzwi-zewnetrzne-scaled.jpg","type":"image\/jpeg"}],"twitter_card":"summary_large_image","twitter_misc":{"Geschatte leestijd":"3 minuten"},"schema":{"@context":"https:\/\/schema.org","@graph":[{"@type":"WebPage","@id":"https:\/\/bertrand.pl\/produkt\/drzwi-drewniane\/","url":"https:\/\/bertrand.pl\/produkt\/drzwi-drewniane\/","name":"Drzwi drewniane - Bertrand. Najwy\u017cszej jako\u015bci okna i drzwi. Certyfikowany producent od 1969 roku.","isPartOf":{"@id":"https:\/\/bertrand.pl\/#website"},"primaryImageOfPage":{"@id":"https:\/\/bertrand.pl\/produkt\/drzwi-drewniane\/#primaryimage"},"image":{"@id":"https:\/\/bertrand.pl\/produkt\/drzwi-drewniane\/#primaryimage"},"thumbnailUrl":"https:\/\/bertrand.pl\/wp-content\/uploads\/2024\/07\/drzwi-zewnetrzne-scaled.jpg","datePublished":"2024-07-26T09:20:58+00:00","dateModified":"2026-03-20T13:00:23+00:00","description":"Houten deuren betekenen duurzaamheid, stijl en veiligheid. Ontdek moderne buitendeuren die zowel functioneel als elegant zijn. Kies Bertrand!","breadcrumb":{"@id":"https:\/\/bertrand.pl\/produkt\/drzwi-drewniane\/#breadcrumb"},"inLanguage":"nl-NL","potentialAction":[{"@type":"ReadAction","target":["https:\/\/bertrand.pl\/produkt\/drzwi-drewniane\/"]}]},{"@type":"ImageObject","inLanguage":"nl-NL","@id":"https:\/\/bertrand.pl\/produkt\/drzwi-drewniane\/#primaryimage","url":"https:\/\/bertrand.pl\/wp-content\/uploads\/2024\/07\/drzwi-zewnetrzne-scaled.jpg","contentUrl":"https:\/\/bertrand.pl\/wp-content\/uploads\/2024\/07\/drzwi-zewnetrzne-scaled.jpg","width":2310,"height":2560},{"@type":"BreadcrumbList","@id":"https:\/\/bertrand.pl\/produkt\/drzwi-drewniane\/#breadcrumb","itemListElement":[{"@type":"ListItem","position":1,"name":"Strona g\u0142\u00f3wna","item":"https:\/\/bertrand.pl\/"},{"@type":"ListItem","position":2,"name":"Produits","item":"https:\/\/bertrand.pl\/fr\/shop\/"},{"@type":"ListItem","position":3,"name":"Drzwi drewniane"}]},{"@type":"WebSite","@id":"https:\/\/bertrand.pl\/#website","url":"https:\/\/bertrand.pl\/","name":"Bertrand.pl","description":"Firma Bertrand to certyfikowany i uznany producent najwy\u017cszej jako\u015bci okien z PVC, z drewna lub aluminium. Produkcja drzwi, rolet i bram gara\u017cowych.","publisher":{"@id":"https:\/\/bertrand.pl\/#organization"},"potentialAction":[{"@type":"SearchAction","target":{"@type":"EntryPoint","urlTemplate":"https:\/\/bertrand.pl\/?s={search_term_string}"},"query-input":{"@type":"PropertyValueSpecification","valueRequired":true,"valueName":"search_term_string"}}],"inLanguage":"nl-NL"},{"@type":"Organization","@id":"https:\/\/bertrand.pl\/#organization","name":"Bertrand.pl","url":"https:\/\/bertrand.pl\/","logo":{"@type":"ImageObject","inLanguage":"nl-NL","@id":"https:\/\/bertrand.pl\/#\/schema\/logo\/image\/","url":"https:\/\/bertrand.pl\/wp-content\/uploads\/2024\/12\/logo_BB_TM_PL_black.png","contentUrl":"https:\/\/bertrand.pl\/wp-content\/uploads\/2024\/12\/logo_BB_TM_PL_black.png","width":1831,"height":1831,"caption":"Bertrand.pl"},"image":{"@id":"https:\/\/bertrand.pl\/#\/schema\/logo\/image\/"},"sameAs":["https:\/\/www.facebook.com\/bertrandpolska\/","https:\/\/www.instagram.com\/bertrand_okna_i_drzwi\/","https:\/\/www.linkedin.com\/company\/bertrand\/","https:\/\/www.tiktok.com\/@bertrand_okna_drzwi"]}]}},"_links":{"self":[{"href":"https:\/\/bertrand.pl\/nl\/wp-json\/wp\/v2\/product\/4245","targetHints":{"allow":["GET"]}}],"collection":[{"href":"https:\/\/bertrand.pl\/nl\/wp-json\/wp\/v2\/product"}],"about":[{"href":"https:\/\/bertrand.pl\/nl\/wp-json\/wp\/v2\/types\/product"}],"wp:featuredmedia":[{"embeddable":true,"href":"https:\/\/bertrand.pl\/nl\/wp-json\/wp\/v2\/media\/4249"}],"wp:attachment":[{"href":"https:\/\/bertrand.pl\/nl\/wp-json\/wp\/v2\/media?parent=4245"}],"wp:term":[{"taxonomy":"product_brand","embeddable":true,"href":"https:\/\/bertrand.pl\/nl\/wp-json\/wp\/v2\/product_brand?post=4245"},{"taxonomy":"product_cat","embeddable":true,"href":"https:\/\/bertrand.pl\/nl\/wp-json\/wp\/v2\/product_cat?post=4245"},{"taxonomy":"product_tag","embeddable":true,"href":"https:\/\/bertrand.pl\/nl\/wp-json\/wp\/v2\/product_tag?post=4245"}],"curies":[{"name":"wp","href":"https:\/\/api.w.org\/{rel}","templated":true}]}}