{"id":4713,"date":"2024-08-23T08:24:37","date_gmt":"2024-08-23T06:24:37","guid":{"rendered":"https:\/\/bertrand.pl\/?post_type=product&#038;p=4713"},"modified":"2025-03-06T15:04:03","modified_gmt":"2025-03-06T14:04:03","slug":"alutrend-retro","status":"publish","type":"product","link":"https:\/\/bertrand.pl\/nl\/produkt\/alutrend-retro\/","title":{"rendered":"Alutrend Retro"},"content":{"rendered":"<h4>Alutrend Retro \u2013 Gestileerd hout-aluminium systeem<\/h4>\n<p>&nbsp;<\/p>\n<p><strong>Alutrend Retro<\/strong> is een modern raamsysteem van hout en aluminium dat klassieke esthetiek combineert met moderne technologische oplossingen. Verkrijgbaar in drie dieptevarianten \u2013 <strong>standaard, XL (93,5 mm)<\/strong> En <strong>MAX (107,5 mm)<\/strong> \u2013 dit systeem biedt ruime aanpassingsmogelijkheden aan verschillende bouwstijlen. Dankzij de gestileerde vormen van aluminium overlays krijgen de ramen een elegante uitstraling en tegelijkertijd een grotere duurzaamheid, waardoor ze bestand zijn tegen wisselende en moeilijke weersomstandigheden.<\/p>\n<p>&nbsp;<\/p>\n<h4>Ruime keuze in hout en beglazing<\/h4>\n<p>&nbsp;<\/p>\n<p>E\u00e9n van de belangrijkste voordelen van het Alutrend Retro systeem is de mogelijkheid om te kiezen uit een breed scala aan houtsoorten. Hierdoor kunnen de ramen perfect worden afgestemd op het karakter van het interieur, ongeacht of dit wordt gedomineerd door moderne of traditionele elementen. Bovendien biedt het systeem een optie <strong>dubbele of driedubbele beglazing<\/strong>, wat niet alleen zorgt voor een uitstekende thermische isolatie, maar ook het akoestisch comfort aanzienlijk verhoogt. Dit is vooral belangrijk op luidruchtige plaatsen, zoals stadscentra of gebieden in de buurt van drukke wegen.<\/p>\n<p>&nbsp;<\/p>\n<h4>Strakheid en weerstand<\/h4>\n<p>&nbsp;<\/p>\n<p>Alutrend Retro is voorzien van drie afdichtingslijnen, die maximale dichtheid en effectieve bescherming tegen vocht en wind garanderen. Hierdoor werkt het systeem perfect onder verschillende klimatologische omstandigheden, ongeacht het seizoen. Bovendien kunt u kiezen tussen <strong>oppervlakte scharnieren<\/strong> En <strong>verborgen<\/strong> maakt een flexibele aanpassing van vensters aan individuele ontwerpbehoeften mogelijk. Dit verhoogt op zijn beurt hun functionaliteit en esthetiek.<\/p>\n<p>&nbsp;<\/p>\n<p><img fetchpriority=\"high\" decoding=\"async\" class=\"wp-image-4714\" src=\"https:\/\/bertrand.pl\/wp-content\/uploads\/2024\/08\/Zrzut-ekranu-2024-08-23-082836.png\" alt=\"Alutrend Retro - strakheid en weerstand.\" width=\"350\" height=\"407\" srcset=\"https:\/\/bertrand.pl\/wp-content\/uploads\/2024\/08\/Zrzut-ekranu-2024-08-23-082836.png 469w, https:\/\/bertrand.pl\/wp-content\/uploads\/2024\/08\/Zrzut-ekranu-2024-08-23-082836-361x420.png 361w, https:\/\/bertrand.pl\/wp-content\/uploads\/2024\/08\/Zrzut-ekranu-2024-08-23-082836-10x12.png 10w\" sizes=\"(max-width: 350px) 100vw, 350px\" \/><\/p>\n<h3><\/h3>\n<h4>Duurzaamheid en bescherming van Alutrend Retro<\/h4>\n<p>&nbsp;<\/p>\n<p><strong>Bertrand<\/strong>, de fabrikant van het Alutrend Retro systeem, maakt standaard gebruik van geavanceerde houtvernissen, zoals <strong>AQUATOP<\/strong>die langdurige oppervlaktebescherming bieden. Deze lak beschermt het hout effectief tegen vocht, regen en zonlicht en voorkomt rot, schimmel en andere beschadigingen. <strong>AQUATOP<\/strong> garandeert betrouwbaarheid het hele jaar door. Ongeacht het klimaat. Dit maakt Bertrand ramen een uitstekende keuze in zowel vochtige als warme streken.<\/p>\n<h3><\/h3>\n<h4>Perfectie en innovatie<\/h4>\n<p>&nbsp;<\/p>\n<p>Bertrand raamproductie brengt samen <strong>geautomatiseerd proces voor het slijpen van vlakke oppervlakken<\/strong> Met <strong>handmatig slijpen van moeilijk bereikbare plaatsen<\/strong>, zoals het oppervlak binnen het frame. Hierdoor heeft elk raam een perfecte, gladde afwerking, die zowel door zijn esthetiek als door de kwaliteit van de afwerking overtuigt. Bovendien zorgt het gebruik van vernissen met koude pigmenten ervoor dat deze ramen goed bestand zijn tegen hoge temperaturen. En belangrijker nog: ze verliezen hun duurzaamheid of uiterlijk niet.<\/p>\n<p>&nbsp;<\/p>\n<h4>Een combinatie van traditie en moderniteit<\/h4>\n<p>&nbsp;<\/p>\n<p>Samenvattend, <strong>Alutrend Retro<\/strong> is een systeem dat de traditionele schoonheid van hout combineert met moderne technologische oplossingen. Dankzij een breed scala aan mogelijkheden, zoals de keuze uit houtsoorten, diverse beglazingsmogelijkheden en flexibiliteit in plaatsing, voldoet dit systeem aan de verwachtingen van zelfs de meest veeleisende klanten. <strong>AQUATOP-vernis<\/strong> verhoogt bovendien de duurzaamheid van ramen en biedt ze jarenlang bescherming.<\/p>\n<h4><\/h4>\n<h4><strong>ZIE OOK:<\/strong><\/h4>\n<p>&nbsp;<\/p>\n<h4><strong><a href=\"https:\/\/www.youtube.com\/watch?v=6SyJjsGOovg\">Alutrend \u2013 Modern systeem van hout en aluminium \u2013 YouTube<\/a><\/strong><\/h4>\n<h4><strong><a href=\"https:\/\/bertrand.pl\/nl\/kleur\/\">Kleuren van ramen en deuren<\/a><\/strong><\/h4>","protected":false},"excerpt":{"rendered":"<p><strong>Een hout-aluminium systeem met een gestileerde vorm<\/strong><\/p>\n<p>Alutrend Retro is een geavanceerd hout-aluminiumsysteem met een gestileerde vorm van aluminium overlays, die niet alleen elegantie toevoegen, maar ook de structuur versterken en weerstand bieden tegen moeilijke weersomstandigheden.<\/p>","protected":false},"featured_media":4718,"template":"","meta":{"site-sidebar-layout":"default","site-content-layout":"","ast-site-content-layout":"default","site-content-style":"default","site-sidebar-style":"default","ast-global-header-display":"","ast-banner-title-visibility":"","ast-main-header-display":"","ast-hfb-above-header-display":"","ast-hfb-below-header-display":"","ast-hfb-mobile-header-display":"","site-post-title":"","ast-breadcrumbs-content":"","ast-featured-img":"","footer-sml-layout":"","ast-disable-related-posts":"","theme-transparent-header-meta":"default","adv-header-id-meta":"","stick-header-meta":"","header-above-stick-meta":"","header-main-stick-meta":"","header-below-stick-meta":"","astra-migrate-meta-layouts":"set","ast-page-background-enabled":"default","ast-page-background-meta":{"desktop":{"background-color":"var(--ast-global-color-4)","background-image":"","background-repeat":"repeat","background-position":"center center","background-size":"auto","background-attachment":"scroll","background-type":"","background-media":"","overlay-type":"","overlay-color":"","overlay-opacity":"","overlay-gradient":""},"tablet":{"background-color":"","background-image":"","background-repeat":"repeat","background-position":"center center","background-size":"auto","background-attachment":"scroll","background-type":"","background-media":"","overlay-type":"","overlay-color":"","overlay-opacity":"","overlay-gradient":""},"mobile":{"background-color":"","background-image":"","background-repeat":"repeat","background-position":"center center","background-size":"auto","background-attachment":"scroll","background-type":"","background-media":"","overlay-type":"","overlay-color":"","overlay-opacity":"","overlay-gradient":""}},"ast-content-background-meta":{"desktop":{"background-color":"var(--ast-global-color-5)","background-image":"","background-repeat":"repeat","background-position":"center center","background-size":"auto","background-attachment":"scroll","background-type":"","background-media":"","overlay-type":"","overlay-color":"","overlay-opacity":"","overlay-gradient":""},"tablet":{"background-color":"var(--ast-global-color-5)","background-image":"","background-repeat":"repeat","background-position":"center center","background-size":"auto","background-attachment":"scroll","background-type":"","background-media":"","overlay-type":"","overlay-color":"","overlay-opacity":"","overlay-gradient":""},"mobile":{"background-color":"var(--ast-global-color-5)","background-image":"","background-repeat":"repeat","background-position":"center center","background-size":"auto","background-attachment":"scroll","background-type":"","background-media":"","overlay-type":"","overlay-color":"","overlay-opacity":"","overlay-gradient":""}}},"product_brand":[],"product_cat":[27],"product_tag":[193,384,1428,168,360,326,367,368,339,311,352,354,344,647,389,1420,357,388,385,386,1432,1431,369,387,355,363,324,312,351,1430,362,1429,390,653,659,309,348,1426,1427,1422],"class_list":{"0":"post-4713","1":"product","2":"type-product","3":"status-publish","4":"has-post-thumbnail","6":"product_cat-okna-drewniano-aluminiowe","7":"product_tag-aluminium","8":"product_tag-alutrend","9":"product_tag-alutrend-retro","10":"product_tag-bertrand","11":"product_tag-bezpieczenstwo","12":"product_tag-budowa-domu","13":"product_tag-budownictwo","14":"product_tag-budownictwo-pasywne","15":"product_tag-design","16":"product_tag-dobre-wlasciwosci-termiczne","17":"product_tag-dobreokna","18":"product_tag-drewno","19":"product_tag-duze-okna","20":"product_tag-elegancja","21":"product_tag-izolacja-akustyczna","22":"product_tag-lakier-aquatop","23":"product_tag-linear","24":"product_tag-meranti","25":"product_tag-nakladki","26":"product_tag-nakladki-aluminiowe","27":"product_tag-ochrona-drewna","28":"product_tag-odpornosc-na-wilgoc","29":"product_tag-okna-do-domu","30":"product_tag-okna-drewniane","31":"product_tag-okna-drewniano-aluminiowe","32":"product_tag-oknazpolski","33":"product_tag-okno-dla-domu","34":"product_tag-okno-dla-twojego-domu","35":"product_tag-oknobertrand","36":"product_tag-proces-szlifowania","37":"product_tag-quality","38":"product_tag-stylizowane-ksztalty","39":"product_tag-szczelnosc","40":"product_tag-termoizolacja","41":"product_tag-trwalosc","42":"product_tag-upvc","43":"product_tag-windows","44":"product_tag-zawiasy-nawierzchniowe","45":"product_tag-zawiasy-ukryte","46":"product_tag-zimne-pigmenty","47":"desktop-align-left","48":"tablet-align-left","49":"mobile-align-left","51":"first","52":"instock","53":"shipping-taxable","54":"product-type-simple"},"yoast_head":"<!-- This site is optimized with the Yoast SEO Premium plugin v27.2 (Yoast SEO v27.2) - https:\/\/yoast.com\/product\/yoast-seo-premium-wordpress\/ -->\n<title>Alutrend Retro - Bertrand. Najwy\u017cszej jako\u015bci okna i drzwi. Certyfikowany producent od 1969 roku.<\/title>\n<meta name=\"description\" content=\"Alutrend Retro to zawansowany system drewniano-aluminiowy. Dost\u0119pny w trzech wariantach g\u0142\u0119boko\u015bci. Odporny na warunki atmosferyczne.\" \/>\n<meta name=\"robots\" content=\"index, follow, max-snippet:-1, max-image-preview:large, max-video-preview:-1\" \/>\n<link rel=\"canonical\" href=\"https:\/\/bertrand.pl\/nl\/product-2\/alutrend-retro\/\" \/>\n<meta property=\"og:locale\" content=\"nl_NL\" \/>\n<meta property=\"og:type\" content=\"article\" \/>\n<meta property=\"og:title\" content=\"Alutrend Retro\" \/>\n<meta property=\"og:description\" content=\"Alutrend Retro to zawansowany system drewniano-aluminiowy. Dost\u0119pny w trzech wariantach g\u0142\u0119boko\u015bci. Odporny na warunki atmosferyczne.\" \/>\n<meta property=\"og:url\" content=\"https:\/\/bertrand.pl\/nl\/product-2\/alutrend-retro\/\" \/>\n<meta property=\"og:site_name\" content=\"Bertrand. Najwy\u017cszej jako\u015bci okna i drzwi. Certyfikowany producent od 1969 roku.\" \/>\n<meta property=\"article:publisher\" content=\"https:\/\/www.facebook.com\/bertrandpolska\/\" \/>\n<meta property=\"article:modified_time\" content=\"2025-03-06T14:04:03+00:00\" \/>\n<meta property=\"og:image\" content=\"https:\/\/bertrand.pl\/wp-content\/uploads\/2024\/08\/alutrend-retro1-kopia.png\" \/>\n\t<meta property=\"og:image:width\" content=\"564\" \/>\n\t<meta property=\"og:image:height\" content=\"557\" \/>\n\t<meta property=\"og:image:type\" content=\"image\/png\" \/>\n<meta name=\"twitter:card\" content=\"summary_large_image\" \/>\n<meta name=\"twitter:label1\" content=\"Geschatte leestijd\" \/>\n\t<meta name=\"twitter:data1\" content=\"3 minuten\" \/>\n<script type=\"application\/ld+json\" class=\"yoast-schema-graph\">{\"@context\":\"https:\/\/schema.org\",\"@graph\":[{\"@type\":\"WebPage\",\"@id\":\"https:\/\/bertrand.pl\/produkt\/alutrend-retro\/\",\"url\":\"https:\/\/bertrand.pl\/produkt\/alutrend-retro\/\",\"name\":\"Alutrend Retro - Bertrand. Najwy\u017cszej jako\u015bci okna i drzwi. Certyfikowany producent od 1969 roku.\",\"isPartOf\":{\"@id\":\"https:\/\/bertrand.pl\/#website\"},\"primaryImageOfPage\":{\"@id\":\"https:\/\/bertrand.pl\/produkt\/alutrend-retro\/#primaryimage\"},\"image\":{\"@id\":\"https:\/\/bertrand.pl\/produkt\/alutrend-retro\/#primaryimage\"},\"thumbnailUrl\":\"https:\/\/bertrand.pl\/wp-content\/uploads\/2024\/08\/alutrend-retro1-kopia.png\",\"datePublished\":\"2024-08-23T06:24:37+00:00\",\"dateModified\":\"2025-03-06T14:04:03+00:00\",\"description\":\"Alutrend Retro to zawansowany system drewniano-aluminiowy. Dost\u0119pny w trzech wariantach g\u0142\u0119boko\u015bci. Odporny na warunki atmosferyczne.\",\"breadcrumb\":{\"@id\":\"https:\/\/bertrand.pl\/produkt\/alutrend-retro\/#breadcrumb\"},\"inLanguage\":\"nl-NL\",\"potentialAction\":[{\"@type\":\"ReadAction\",\"target\":[\"https:\/\/bertrand.pl\/produkt\/alutrend-retro\/\"]}]},{\"@type\":\"ImageObject\",\"inLanguage\":\"nl-NL\",\"@id\":\"https:\/\/bertrand.pl\/produkt\/alutrend-retro\/#primaryimage\",\"url\":\"https:\/\/bertrand.pl\/wp-content\/uploads\/2024\/08\/alutrend-retro1-kopia.png\",\"contentUrl\":\"https:\/\/bertrand.pl\/wp-content\/uploads\/2024\/08\/alutrend-retro1-kopia.png\",\"width\":564,\"height\":557,\"caption\":\"Alutrend Retro \u0142\u0105czy tradycyjne pi\u0119kno drewna z nowoczesnymi rozwi\u0105zaniami technologicznymi.\"},{\"@type\":\"BreadcrumbList\",\"@id\":\"https:\/\/bertrand.pl\/produkt\/alutrend-retro\/#breadcrumb\",\"itemListElement\":[{\"@type\":\"ListItem\",\"position\":1,\"name\":\"Strona g\u0142\u00f3wna\",\"item\":\"https:\/\/bertrand.pl\/\"},{\"@type\":\"ListItem\",\"position\":2,\"name\":\"Produits\",\"item\":\"https:\/\/bertrand.pl\/fr\/shop\/\"},{\"@type\":\"ListItem\",\"position\":3,\"name\":\"Alutrend Retro\"}]},{\"@type\":\"WebSite\",\"@id\":\"https:\/\/bertrand.pl\/#website\",\"url\":\"https:\/\/bertrand.pl\/\",\"name\":\"Bertrand.pl\",\"description\":\"Firma Bertrand to certyfikowany i uznany producent najwy\u017cszej jako\u015bci okien z PVC, z drewna lub aluminium. Produkcja drzwi, rolet i bram gara\u017cowych.\",\"publisher\":{\"@id\":\"https:\/\/bertrand.pl\/#organization\"},\"potentialAction\":[{\"@type\":\"SearchAction\",\"target\":{\"@type\":\"EntryPoint\",\"urlTemplate\":\"https:\/\/bertrand.pl\/?s={search_term_string}\"},\"query-input\":{\"@type\":\"PropertyValueSpecification\",\"valueRequired\":true,\"valueName\":\"search_term_string\"}}],\"inLanguage\":\"nl-NL\"},{\"@type\":\"Organization\",\"@id\":\"https:\/\/bertrand.pl\/#organization\",\"name\":\"Bertrand.pl\",\"url\":\"https:\/\/bertrand.pl\/\",\"logo\":{\"@type\":\"ImageObject\",\"inLanguage\":\"nl-NL\",\"@id\":\"https:\/\/bertrand.pl\/#\/schema\/logo\/image\/\",\"url\":\"https:\/\/bertrand.pl\/wp-content\/uploads\/2024\/12\/logo_BB_TM_PL_black.png\",\"contentUrl\":\"https:\/\/bertrand.pl\/wp-content\/uploads\/2024\/12\/logo_BB_TM_PL_black.png\",\"width\":1831,\"height\":1831,\"caption\":\"Bertrand.pl\"},\"image\":{\"@id\":\"https:\/\/bertrand.pl\/#\/schema\/logo\/image\/\"},\"sameAs\":[\"https:\/\/www.facebook.com\/bertrandpolska\/\",\"https:\/\/www.instagram.com\/bertrand_okna_i_drzwi\/\",\"https:\/\/www.linkedin.com\/company\/bertrand\/\",\"https:\/\/www.tiktok.com\/@bertrand_okna_drzwi\"]}]}<\/script>\n<!-- \/ Yoast SEO Premium plugin. -->","yoast_head_json":{"title":"Alutrend Retro - Bertrand. Najwy\u017cszej jako\u015bci okna i drzwi. Certyfikowany producent od 1969 roku.","description":"Alutrend Retro is een geavanceerd hout-aluminiumsysteem. Verkrijgbaar in drie dieptevarianten. Bestand tegen weersomstandigheden.","robots":{"index":"index","follow":"follow","max-snippet":"max-snippet:-1","max-image-preview":"max-image-preview:large","max-video-preview":"max-video-preview:-1"},"canonical":"https:\/\/bertrand.pl\/nl\/product-2\/alutrend-retro\/","og_locale":"nl_NL","og_type":"article","og_title":"Alutrend Retro","og_description":"Alutrend Retro to zawansowany system drewniano-aluminiowy. Dost\u0119pny w trzech wariantach g\u0142\u0119boko\u015bci. Odporny na warunki atmosferyczne.","og_url":"https:\/\/bertrand.pl\/nl\/product-2\/alutrend-retro\/","og_site_name":"Bertrand. Najwy\u017cszej jako\u015bci okna i drzwi. Certyfikowany producent od 1969 roku.","article_publisher":"https:\/\/www.facebook.com\/bertrandpolska\/","article_modified_time":"2025-03-06T14:04:03+00:00","og_image":[{"width":564,"height":557,"url":"https:\/\/bertrand.pl\/wp-content\/uploads\/2024\/08\/alutrend-retro1-kopia.png","type":"image\/png"}],"twitter_card":"summary_large_image","twitter_misc":{"Geschatte leestijd":"3 minuten"},"schema":{"@context":"https:\/\/schema.org","@graph":[{"@type":"WebPage","@id":"https:\/\/bertrand.pl\/produkt\/alutrend-retro\/","url":"https:\/\/bertrand.pl\/produkt\/alutrend-retro\/","name":"Alutrend Retro - Bertrand. Najwy\u017cszej jako\u015bci okna i drzwi. Certyfikowany producent od 1969 roku.","isPartOf":{"@id":"https:\/\/bertrand.pl\/#website"},"primaryImageOfPage":{"@id":"https:\/\/bertrand.pl\/produkt\/alutrend-retro\/#primaryimage"},"image":{"@id":"https:\/\/bertrand.pl\/produkt\/alutrend-retro\/#primaryimage"},"thumbnailUrl":"https:\/\/bertrand.pl\/wp-content\/uploads\/2024\/08\/alutrend-retro1-kopia.png","datePublished":"2024-08-23T06:24:37+00:00","dateModified":"2025-03-06T14:04:03+00:00","description":"Alutrend Retro is een geavanceerd hout-aluminiumsysteem. Verkrijgbaar in drie dieptevarianten. Bestand tegen weersomstandigheden.","breadcrumb":{"@id":"https:\/\/bertrand.pl\/produkt\/alutrend-retro\/#breadcrumb"},"inLanguage":"nl-NL","potentialAction":[{"@type":"ReadAction","target":["https:\/\/bertrand.pl\/produkt\/alutrend-retro\/"]}]},{"@type":"ImageObject","inLanguage":"nl-NL","@id":"https:\/\/bertrand.pl\/produkt\/alutrend-retro\/#primaryimage","url":"https:\/\/bertrand.pl\/wp-content\/uploads\/2024\/08\/alutrend-retro1-kopia.png","contentUrl":"https:\/\/bertrand.pl\/wp-content\/uploads\/2024\/08\/alutrend-retro1-kopia.png","width":564,"height":557,"caption":"Alutrend Retro \u0142\u0105czy tradycyjne pi\u0119kno drewna z nowoczesnymi rozwi\u0105zaniami technologicznymi."},{"@type":"BreadcrumbList","@id":"https:\/\/bertrand.pl\/produkt\/alutrend-retro\/#breadcrumb","itemListElement":[{"@type":"ListItem","position":1,"name":"Strona g\u0142\u00f3wna","item":"https:\/\/bertrand.pl\/"},{"@type":"ListItem","position":2,"name":"Produits","item":"https:\/\/bertrand.pl\/fr\/shop\/"},{"@type":"ListItem","position":3,"name":"Alutrend Retro"}]},{"@type":"WebSite","@id":"https:\/\/bertrand.pl\/#website","url":"https:\/\/bertrand.pl\/","name":"Bertrand.pl","description":"Firma Bertrand to certyfikowany i uznany producent najwy\u017cszej jako\u015bci okien z PVC, z drewna lub aluminium. Produkcja drzwi, rolet i bram gara\u017cowych.","publisher":{"@id":"https:\/\/bertrand.pl\/#organization"},"potentialAction":[{"@type":"SearchAction","target":{"@type":"EntryPoint","urlTemplate":"https:\/\/bertrand.pl\/?s={search_term_string}"},"query-input":{"@type":"PropertyValueSpecification","valueRequired":true,"valueName":"search_term_string"}}],"inLanguage":"nl-NL"},{"@type":"Organization","@id":"https:\/\/bertrand.pl\/#organization","name":"Bertrand.pl","url":"https:\/\/bertrand.pl\/","logo":{"@type":"ImageObject","inLanguage":"nl-NL","@id":"https:\/\/bertrand.pl\/#\/schema\/logo\/image\/","url":"https:\/\/bertrand.pl\/wp-content\/uploads\/2024\/12\/logo_BB_TM_PL_black.png","contentUrl":"https:\/\/bertrand.pl\/wp-content\/uploads\/2024\/12\/logo_BB_TM_PL_black.png","width":1831,"height":1831,"caption":"Bertrand.pl"},"image":{"@id":"https:\/\/bertrand.pl\/#\/schema\/logo\/image\/"},"sameAs":["https:\/\/www.facebook.com\/bertrandpolska\/","https:\/\/www.instagram.com\/bertrand_okna_i_drzwi\/","https:\/\/www.linkedin.com\/company\/bertrand\/","https:\/\/www.tiktok.com\/@bertrand_okna_drzwi"]}]}},"_links":{"self":[{"href":"https:\/\/bertrand.pl\/nl\/wp-json\/wp\/v2\/product\/4713","targetHints":{"allow":["GET"]}}],"collection":[{"href":"https:\/\/bertrand.pl\/nl\/wp-json\/wp\/v2\/product"}],"about":[{"href":"https:\/\/bertrand.pl\/nl\/wp-json\/wp\/v2\/types\/product"}],"wp:featuredmedia":[{"embeddable":true,"href":"https:\/\/bertrand.pl\/nl\/wp-json\/wp\/v2\/media\/4718"}],"wp:attachment":[{"href":"https:\/\/bertrand.pl\/nl\/wp-json\/wp\/v2\/media?parent=4713"}],"wp:term":[{"taxonomy":"product_brand","embeddable":true,"href":"https:\/\/bertrand.pl\/nl\/wp-json\/wp\/v2\/product_brand?post=4713"},{"taxonomy":"product_cat","embeddable":true,"href":"https:\/\/bertrand.pl\/nl\/wp-json\/wp\/v2\/product_cat?post=4713"},{"taxonomy":"product_tag","embeddable":true,"href":"https:\/\/bertrand.pl\/nl\/wp-json\/wp\/v2\/product_tag?post=4713"}],"curies":[{"name":"wp","href":"https:\/\/api.w.org\/{rel}","templated":true}]}}