{"id":4724,"date":"2024-08-23T09:08:07","date_gmt":"2024-08-23T07:08:07","guid":{"rendered":"https:\/\/bertrand.pl\/?post_type=product&#038;p=4724"},"modified":"2025-03-06T15:03:28","modified_gmt":"2025-03-06T14:03:28","slug":"alutrend-softline","status":"publish","type":"product","link":"https:\/\/bertrand.pl\/nl\/produkt\/alutrend-softline\/","title":{"rendered":"Alutrend Softline"},"content":{"rendered":"<h4>Alutrend Softline \u2013 elegantie en functionaliteit<\/h4>\n<p>&nbsp;<\/p>\n<p><strong>Alutrend Softline<\/strong>, een geavanceerd raamsysteem van hout en aluminium, onderscheidt zich door de elegante, ronde vorm van aluminium overlays. Dankzij dit unieke ontwerp combineert het product modern design met uitzonderlijke functionaliteit, waardoor het een uitstekende keuze is voor zowel klassieke als hedendaagse architectonische projecten. Dit systeem is verkrijgbaar in drie dieptevarianten \u2013 <strong>standaard, XL (97 mm)<\/strong> En <strong>MAXIMUM (111 mm)<\/strong> \u2013 wat een flexibele aanpassing aan verschillende ontwerpbehoeften mogelijk maakt.<\/p>\n<p>&nbsp;<\/p>\n<h4>Veelzijdigheid en stijl<\/h4>\n<p>&nbsp;<\/p>\n<p>Alutrend Softline biedt een breed scala aan houtsoorten, waardoor de ramen perfect kunnen worden afgestemd op het karakter van het interieur en de individuele voorkeuren van de gebruiker. <strong>Breed scala aan kleuren<\/strong> Hiermee kunt u zowel in eengezinswoningen als bij grotere bouwinvesteringen een harmonieus geheel cre\u00ebren. Bovendien zijn houten oppervlakken dankzij het gebruik van beschermende vernissen duurzaam, esthetisch en bestand tegen dagelijks gebruik.<\/p>\n<p>&nbsp;<\/p>\n<figure id=\"attachment_4726\" aria-describedby=\"caption-attachment-4726\" style=\"width: 387px\" class=\"wp-caption alignnone\"><img fetchpriority=\"high\" decoding=\"async\" class=\"wp-image-4726\" src=\"https:\/\/bertrand.pl\/wp-content\/uploads\/2024\/08\/Zrzut-ekranu-2024-08-23-090937.png\" alt=\"Alutrend Softline is een uniek ontwerp en ongekende duurzaamheid. \" width=\"387\" height=\"416\" srcset=\"https:\/\/bertrand.pl\/wp-content\/uploads\/2024\/08\/Zrzut-ekranu-2024-08-23-090937.png 669w, https:\/\/bertrand.pl\/wp-content\/uploads\/2024\/08\/Zrzut-ekranu-2024-08-23-090937-391x420.png 391w, https:\/\/bertrand.pl\/wp-content\/uploads\/2024\/08\/Zrzut-ekranu-2024-08-23-090937-11x12.png 11w, https:\/\/bertrand.pl\/wp-content\/uploads\/2024\/08\/Zrzut-ekranu-2024-08-23-090937-600x645.png 600w\" sizes=\"(max-width: 387px) 100vw, 387px\" \/><figcaption id=\"caption-attachment-4726\" class=\"wp-caption-text\">Alutrend Softline &#8211; przekr\u00f3j<\/figcaption><\/figure>\n<p>&nbsp;<\/p>\n<h4>De hoogste thermische isolatie en dichtheid<\/h4>\n<p>&nbsp;<\/p>\n<p>Het Alutrend Softline-systeem biedt unieke thermische isolatie-eigenschappen die voldoen aan de hoge eisen van de moderne energiebesparende bouw. <strong>Mogelijkheid tot dubbele of driedubbele beglazing<\/strong>, gecombineerd met drie afdichtingslijnen, garandeert maximale bescherming tegen wind, vocht en warmteverlies. Hierdoor kunnen gebruikers het hele jaar door genieten van thermisch comfort, ongeacht de weersomstandigheden.<\/p>\n<h4><\/h4>\n<h4>Veelzijdige technische oplossingen<\/h4>\n<p>&nbsp;<\/p>\n<p>Softline maakt het gebruik van beide mogelijk <strong>oppervlakte scharnieren<\/strong>, Wat <strong>verborgen<\/strong>, waardoor u de volledige vrijheid heeft om de ramen aan uw individuele behoeften aan te passen. Op deze manier combineert het systeem duurzaamheid met esthetiek en voldoet het aan de verwachtingen van de meest veeleisende klanten. Ongeacht de gekozen variant past Softline harmonieus in elk architectonisch ontwerp en biedt betrouwbaarheid en schoonheid.<\/p>\n<p>&nbsp;<\/p>\n<h4>AQUATOP vernissen \u2013 uitstekende houtbescherming<\/h4>\n<p>&nbsp;<\/p>\n<p><strong>Bertrand<\/strong> gebruikt standaard de modernste houtvernissen, en \u00e9\u00e9n daarvan is dat ook <strong>AQUATOP<\/strong>, dat oppervlakken effectief beschermt tegen weersomstandigheden. Deze geavanceerde lak zorgt voor een gladde en langdurige bescherming, waardoor het hout bestand is tegen vocht, schimmels en rot. Bovendien, toepassing <strong>koude pigmenten<\/strong> zorgt ervoor dat houten ramen perfect werken, zelfs in warme klimaten.<\/p>\n<p>&nbsp;<\/p>\n<h4>Perfecte afwerking<\/h4>\n<p>&nbsp;<\/p>\n<p>Het Bertrand-raamproductieproces combineert <strong>geautomatiseerd slijpen van vlakke oppervlakken<\/strong> met handmatige afwerking van moeilijk bereikbare plaatsen, zoals het oppervlak in het frame. Hierdoor heeft elk raam een onberispelijk uiterlijk en duurzaamheid, wat een perfecte combinatie is van esthetiek en kwaliteit.<\/p>\n<p>&nbsp;<\/p>\n<h4>Duurzaamheid en moderne technologie\u00ebn<\/h4>\n<p>&nbsp;<\/p>\n<p>Samenvattend, <strong>Alutrend Softline<\/strong> is een geavanceerd houten-aluminium raamsysteem dat zich onderscheidt door duurzaamheid, elegant design en moderne technologie\u00ebn. Dankzij een ruim houtassortiment, uitstekende isolerende eigenschappen en technische veelzijdigheid is dit systeem een ideale oplossing voor iedereen die waarde hecht aan kwaliteit en esthetiek. <strong>AQUATOP-vernissen<\/strong> Bovendien garanderen ze een lange levensduur en weerstand, waardoor de producten van Bertrand onder alle omstandigheden betrouwbaar zijn.<\/p>\n<p>&nbsp;<\/p>\n<h4><strong>ZIE OOK:\u00a0<\/strong><\/h4>\n<p>&nbsp;<\/p>\n<h5><a href=\"https:\/\/www.youtube.com\/watch?v=6SyJjsGOovg\">Alutrend \u2013 Modern systeem van hout en aluminium<\/a><\/h5>\n<h5><strong><a href=\"https:\/\/bertrand.pl\/nl\/kleur\/\">Kleuren van ramen en deuren<\/a><\/strong><\/h5>\n<p>&nbsp;<\/p>","protected":false},"excerpt":{"rendered":"<p><strong>Hout-aluminium systeem met ronde vorm<\/strong><\/p>\n<p>Alutrend Softline is een geavanceerd houten-aluminium raamsysteem, dat zich onderscheidt door de elegante, ronde vorm van aluminium overlays. Hierdoor combineert het product modern design met uitzonderlijke functionaliteit.<\/p>","protected":false},"featured_media":6320,"template":"","meta":{"site-sidebar-layout":"default","site-content-layout":"","ast-site-content-layout":"default","site-content-style":"default","site-sidebar-style":"default","ast-global-header-display":"","ast-banner-title-visibility":"","ast-main-header-display":"","ast-hfb-above-header-display":"","ast-hfb-below-header-display":"","ast-hfb-mobile-header-display":"","site-post-title":"","ast-breadcrumbs-content":"","ast-featured-img":"","footer-sml-layout":"","ast-disable-related-posts":"","theme-transparent-header-meta":"default","adv-header-id-meta":"","stick-header-meta":"","header-above-stick-meta":"","header-main-stick-meta":"","header-below-stick-meta":"","astra-migrate-meta-layouts":"set","ast-page-background-enabled":"default","ast-page-background-meta":{"desktop":{"background-color":"var(--ast-global-color-4)","background-image":"","background-repeat":"repeat","background-position":"center center","background-size":"auto","background-attachment":"scroll","background-type":"","background-media":"","overlay-type":"","overlay-color":"","overlay-opacity":"","overlay-gradient":""},"tablet":{"background-color":"","background-image":"","background-repeat":"repeat","background-position":"center center","background-size":"auto","background-attachment":"scroll","background-type":"","background-media":"","overlay-type":"","overlay-color":"","overlay-opacity":"","overlay-gradient":""},"mobile":{"background-color":"","background-image":"","background-repeat":"repeat","background-position":"center center","background-size":"auto","background-attachment":"scroll","background-type":"","background-media":"","overlay-type":"","overlay-color":"","overlay-opacity":"","overlay-gradient":""}},"ast-content-background-meta":{"desktop":{"background-color":"var(--ast-global-color-5)","background-image":"","background-repeat":"repeat","background-position":"center center","background-size":"auto","background-attachment":"scroll","background-type":"","background-media":"","overlay-type":"","overlay-color":"","overlay-opacity":"","overlay-gradient":""},"tablet":{"background-color":"var(--ast-global-color-5)","background-image":"","background-repeat":"repeat","background-position":"center center","background-size":"auto","background-attachment":"scroll","background-type":"","background-media":"","overlay-type":"","overlay-color":"","overlay-opacity":"","overlay-gradient":""},"mobile":{"background-color":"var(--ast-global-color-5)","background-image":"","background-repeat":"repeat","background-position":"center center","background-size":"auto","background-attachment":"scroll","background-type":"","background-media":"","overlay-type":"","overlay-color":"","overlay-opacity":"","overlay-gradient":""}}},"product_brand":[],"product_cat":[27],"product_tag":[193,384,1424,168,360,326,367,368,339,311,352,354,344,661,662,389,1425,357,388,385,386,758,369,387,355,363,324,312,351,362,390,653,659,309,348,1426,1427,1422],"class_list":{"0":"post-4724","1":"product","2":"type-product","3":"status-publish","4":"has-post-thumbnail","6":"product_cat-okna-drewniano-aluminiowe","7":"product_tag-aluminium","8":"product_tag-alutrend","9":"product_tag-alutrend-softline","10":"product_tag-bertrand","11":"product_tag-bezpieczenstwo","12":"product_tag-budowa-domu","13":"product_tag-budownictwo","14":"product_tag-budownictwo-pasywne","15":"product_tag-design","16":"product_tag-dobre-wlasciwosci-termiczne","17":"product_tag-dobreokna","18":"product_tag-drewno","19":"product_tag-duze-okna","20":"product_tag-estetyka","21":"product_tag-funkcjonalnosc","22":"product_tag-izolacja-akustyczna","23":"product_tag-lakiery-aquatop","24":"product_tag-linear","25":"product_tag-meranti","26":"product_tag-nakladki","27":"product_tag-nakladki-aluminiowe","28":"product_tag-nowoczesne-technologie","29":"product_tag-okna-do-domu","30":"product_tag-okna-drewniane","31":"product_tag-okna-drewniano-aluminiowe","32":"product_tag-oknazpolski","33":"product_tag-okno-dla-domu","34":"product_tag-okno-dla-twojego-domu","35":"product_tag-oknobertrand","36":"product_tag-quality","37":"product_tag-szczelnosc","38":"product_tag-termoizolacja","39":"product_tag-trwalosc","40":"product_tag-upvc","41":"product_tag-windows","42":"product_tag-zawiasy-nawierzchniowe","43":"product_tag-zawiasy-ukryte","44":"product_tag-zimne-pigmenty","45":"desktop-align-left","46":"tablet-align-left","47":"mobile-align-left","49":"first","50":"instock","51":"shipping-taxable","52":"product-type-simple"},"yoast_head":"<!-- This site is optimized with the Yoast SEO Premium plugin v27.2 (Yoast SEO v27.2) - https:\/\/yoast.com\/product\/yoast-seo-premium-wordpress\/ -->\n<title>Alutrend Softline - Bertrand. Najwy\u017cszej jako\u015bci okna i drzwi. Certyfikowany producent od 1969 roku.<\/title>\n<meta name=\"description\" content=\"Alutrend Softline to zawansowany system okien drewniano-aluminiowych. Elegancki, zaokr\u0105glony kszta\u0142t nak\u0142adek aluminiowych.\" \/>\n<meta name=\"robots\" content=\"index, follow, max-snippet:-1, max-image-preview:large, max-video-preview:-1\" \/>\n<link rel=\"canonical\" href=\"https:\/\/bertrand.pl\/nl\/product-2\/alutrend-softline\/\" \/>\n<meta property=\"og:locale\" content=\"nl_NL\" \/>\n<meta property=\"og:type\" content=\"article\" \/>\n<meta property=\"og:title\" content=\"Alutrend Softline\" \/>\n<meta property=\"og:description\" content=\"Alutrend Softline to zawansowany system okien drewniano-aluminiowych. Elegancki, zaokr\u0105glony kszta\u0142t nak\u0142adek aluminiowych.\" \/>\n<meta property=\"og:url\" content=\"https:\/\/bertrand.pl\/nl\/product-2\/alutrend-softline\/\" \/>\n<meta property=\"og:site_name\" content=\"Bertrand. Najwy\u017cszej jako\u015bci okna i drzwi. Certyfikowany producent od 1969 roku.\" \/>\n<meta property=\"article:publisher\" content=\"https:\/\/www.facebook.com\/bertrandpolska\/\" \/>\n<meta property=\"article:modified_time\" content=\"2025-03-06T14:03:28+00:00\" \/>\n<meta property=\"og:image\" content=\"https:\/\/bertrand.pl\/wp-content\/uploads\/2024\/08\/20130709_BB_0242_DREWNO-ALU_Alutrend_Softline-1360x1360.png\" \/>\n\t<meta property=\"og:image:width\" content=\"1360\" \/>\n\t<meta property=\"og:image:height\" content=\"1360\" \/>\n\t<meta property=\"og:image:type\" content=\"image\/png\" \/>\n<meta name=\"twitter:card\" content=\"summary_large_image\" \/>\n<meta name=\"twitter:label1\" content=\"Geschatte leestijd\" \/>\n\t<meta name=\"twitter:data1\" content=\"3 minuten\" \/>\n<script type=\"application\/ld+json\" class=\"yoast-schema-graph\">{\"@context\":\"https:\/\/schema.org\",\"@graph\":[{\"@type\":\"WebPage\",\"@id\":\"https:\/\/bertrand.pl\/produkt\/alutrend-softline\/\",\"url\":\"https:\/\/bertrand.pl\/produkt\/alutrend-softline\/\",\"name\":\"Alutrend Softline - Bertrand. Najwy\u017cszej jako\u015bci okna i drzwi. Certyfikowany producent od 1969 roku.\",\"isPartOf\":{\"@id\":\"https:\/\/bertrand.pl\/#website\"},\"primaryImageOfPage\":{\"@id\":\"https:\/\/bertrand.pl\/produkt\/alutrend-softline\/#primaryimage\"},\"image\":{\"@id\":\"https:\/\/bertrand.pl\/produkt\/alutrend-softline\/#primaryimage\"},\"thumbnailUrl\":\"https:\/\/bertrand.pl\/wp-content\/uploads\/2024\/08\/20130709_BB_0242_DREWNO-ALU_Alutrend_Softline.png\",\"datePublished\":\"2024-08-23T07:08:07+00:00\",\"dateModified\":\"2025-03-06T14:03:28+00:00\",\"description\":\"Alutrend Softline to zawansowany system okien drewniano-aluminiowych. Elegancki, zaokr\u0105glony kszta\u0142t nak\u0142adek aluminiowych.\",\"breadcrumb\":{\"@id\":\"https:\/\/bertrand.pl\/produkt\/alutrend-softline\/#breadcrumb\"},\"inLanguage\":\"nl-NL\",\"potentialAction\":[{\"@type\":\"ReadAction\",\"target\":[\"https:\/\/bertrand.pl\/produkt\/alutrend-softline\/\"]}]},{\"@type\":\"ImageObject\",\"inLanguage\":\"nl-NL\",\"@id\":\"https:\/\/bertrand.pl\/produkt\/alutrend-softline\/#primaryimage\",\"url\":\"https:\/\/bertrand.pl\/wp-content\/uploads\/2024\/08\/20130709_BB_0242_DREWNO-ALU_Alutrend_Softline.png\",\"contentUrl\":\"https:\/\/bertrand.pl\/wp-content\/uploads\/2024\/08\/20130709_BB_0242_DREWNO-ALU_Alutrend_Softline.png\",\"width\":2525,\"height\":2525},{\"@type\":\"BreadcrumbList\",\"@id\":\"https:\/\/bertrand.pl\/produkt\/alutrend-softline\/#breadcrumb\",\"itemListElement\":[{\"@type\":\"ListItem\",\"position\":1,\"name\":\"Strona g\u0142\u00f3wna\",\"item\":\"https:\/\/bertrand.pl\/\"},{\"@type\":\"ListItem\",\"position\":2,\"name\":\"Produits\",\"item\":\"https:\/\/bertrand.pl\/fr\/shop\/\"},{\"@type\":\"ListItem\",\"position\":3,\"name\":\"Alutrend Softline\"}]},{\"@type\":\"WebSite\",\"@id\":\"https:\/\/bertrand.pl\/#website\",\"url\":\"https:\/\/bertrand.pl\/\",\"name\":\"Bertrand.pl\",\"description\":\"Firma Bertrand to certyfikowany i uznany producent najwy\u017cszej jako\u015bci okien z PVC, z drewna lub aluminium. Produkcja drzwi, rolet i bram gara\u017cowych.\",\"publisher\":{\"@id\":\"https:\/\/bertrand.pl\/#organization\"},\"potentialAction\":[{\"@type\":\"SearchAction\",\"target\":{\"@type\":\"EntryPoint\",\"urlTemplate\":\"https:\/\/bertrand.pl\/?s={search_term_string}\"},\"query-input\":{\"@type\":\"PropertyValueSpecification\",\"valueRequired\":true,\"valueName\":\"search_term_string\"}}],\"inLanguage\":\"nl-NL\"},{\"@type\":\"Organization\",\"@id\":\"https:\/\/bertrand.pl\/#organization\",\"name\":\"Bertrand.pl\",\"url\":\"https:\/\/bertrand.pl\/\",\"logo\":{\"@type\":\"ImageObject\",\"inLanguage\":\"nl-NL\",\"@id\":\"https:\/\/bertrand.pl\/#\/schema\/logo\/image\/\",\"url\":\"https:\/\/bertrand.pl\/wp-content\/uploads\/2024\/12\/logo_BB_TM_PL_black.png\",\"contentUrl\":\"https:\/\/bertrand.pl\/wp-content\/uploads\/2024\/12\/logo_BB_TM_PL_black.png\",\"width\":1831,\"height\":1831,\"caption\":\"Bertrand.pl\"},\"image\":{\"@id\":\"https:\/\/bertrand.pl\/#\/schema\/logo\/image\/\"},\"sameAs\":[\"https:\/\/www.facebook.com\/bertrandpolska\/\",\"https:\/\/www.instagram.com\/bertrand_okna_i_drzwi\/\",\"https:\/\/www.linkedin.com\/company\/bertrand\/\",\"https:\/\/www.tiktok.com\/@bertrand_okna_drzwi\"]}]}<\/script>\n<!-- \/ Yoast SEO Premium plugin. -->","yoast_head_json":{"title":"Alutrend Softline - Bertrand. Najwy\u017cszej jako\u015bci okna i drzwi. Certyfikowany producent od 1969 roku.","description":"Alutrend Softline is een geavanceerd raamsysteem van hout en aluminium. Elegante, ronde vorm van aluminium deksels.","robots":{"index":"index","follow":"follow","max-snippet":"max-snippet:-1","max-image-preview":"max-image-preview:large","max-video-preview":"max-video-preview:-1"},"canonical":"https:\/\/bertrand.pl\/nl\/product-2\/alutrend-softline\/","og_locale":"nl_NL","og_type":"article","og_title":"Alutrend Softline","og_description":"Alutrend Softline to zawansowany system okien drewniano-aluminiowych. Elegancki, zaokr\u0105glony kszta\u0142t nak\u0142adek aluminiowych.","og_url":"https:\/\/bertrand.pl\/nl\/product-2\/alutrend-softline\/","og_site_name":"Bertrand. Najwy\u017cszej jako\u015bci okna i drzwi. Certyfikowany producent od 1969 roku.","article_publisher":"https:\/\/www.facebook.com\/bertrandpolska\/","article_modified_time":"2025-03-06T14:03:28+00:00","og_image":[{"width":1360,"height":1360,"url":"https:\/\/bertrand.pl\/wp-content\/uploads\/2024\/08\/20130709_BB_0242_DREWNO-ALU_Alutrend_Softline-1360x1360.png","type":"image\/png"}],"twitter_card":"summary_large_image","twitter_misc":{"Geschatte leestijd":"3 minuten"},"schema":{"@context":"https:\/\/schema.org","@graph":[{"@type":"WebPage","@id":"https:\/\/bertrand.pl\/produkt\/alutrend-softline\/","url":"https:\/\/bertrand.pl\/produkt\/alutrend-softline\/","name":"Alutrend Softline - Bertrand. Najwy\u017cszej jako\u015bci okna i drzwi. Certyfikowany producent od 1969 roku.","isPartOf":{"@id":"https:\/\/bertrand.pl\/#website"},"primaryImageOfPage":{"@id":"https:\/\/bertrand.pl\/produkt\/alutrend-softline\/#primaryimage"},"image":{"@id":"https:\/\/bertrand.pl\/produkt\/alutrend-softline\/#primaryimage"},"thumbnailUrl":"https:\/\/bertrand.pl\/wp-content\/uploads\/2024\/08\/20130709_BB_0242_DREWNO-ALU_Alutrend_Softline.png","datePublished":"2024-08-23T07:08:07+00:00","dateModified":"2025-03-06T14:03:28+00:00","description":"Alutrend Softline is een geavanceerd raamsysteem van hout en aluminium. Elegante, ronde vorm van aluminium deksels.","breadcrumb":{"@id":"https:\/\/bertrand.pl\/produkt\/alutrend-softline\/#breadcrumb"},"inLanguage":"nl-NL","potentialAction":[{"@type":"ReadAction","target":["https:\/\/bertrand.pl\/produkt\/alutrend-softline\/"]}]},{"@type":"ImageObject","inLanguage":"nl-NL","@id":"https:\/\/bertrand.pl\/produkt\/alutrend-softline\/#primaryimage","url":"https:\/\/bertrand.pl\/wp-content\/uploads\/2024\/08\/20130709_BB_0242_DREWNO-ALU_Alutrend_Softline.png","contentUrl":"https:\/\/bertrand.pl\/wp-content\/uploads\/2024\/08\/20130709_BB_0242_DREWNO-ALU_Alutrend_Softline.png","width":2525,"height":2525},{"@type":"BreadcrumbList","@id":"https:\/\/bertrand.pl\/produkt\/alutrend-softline\/#breadcrumb","itemListElement":[{"@type":"ListItem","position":1,"name":"Strona g\u0142\u00f3wna","item":"https:\/\/bertrand.pl\/"},{"@type":"ListItem","position":2,"name":"Produits","item":"https:\/\/bertrand.pl\/fr\/shop\/"},{"@type":"ListItem","position":3,"name":"Alutrend Softline"}]},{"@type":"WebSite","@id":"https:\/\/bertrand.pl\/#website","url":"https:\/\/bertrand.pl\/","name":"Bertrand.pl","description":"Firma Bertrand to certyfikowany i uznany producent najwy\u017cszej jako\u015bci okien z PVC, z drewna lub aluminium. Produkcja drzwi, rolet i bram gara\u017cowych.","publisher":{"@id":"https:\/\/bertrand.pl\/#organization"},"potentialAction":[{"@type":"SearchAction","target":{"@type":"EntryPoint","urlTemplate":"https:\/\/bertrand.pl\/?s={search_term_string}"},"query-input":{"@type":"PropertyValueSpecification","valueRequired":true,"valueName":"search_term_string"}}],"inLanguage":"nl-NL"},{"@type":"Organization","@id":"https:\/\/bertrand.pl\/#organization","name":"Bertrand.pl","url":"https:\/\/bertrand.pl\/","logo":{"@type":"ImageObject","inLanguage":"nl-NL","@id":"https:\/\/bertrand.pl\/#\/schema\/logo\/image\/","url":"https:\/\/bertrand.pl\/wp-content\/uploads\/2024\/12\/logo_BB_TM_PL_black.png","contentUrl":"https:\/\/bertrand.pl\/wp-content\/uploads\/2024\/12\/logo_BB_TM_PL_black.png","width":1831,"height":1831,"caption":"Bertrand.pl"},"image":{"@id":"https:\/\/bertrand.pl\/#\/schema\/logo\/image\/"},"sameAs":["https:\/\/www.facebook.com\/bertrandpolska\/","https:\/\/www.instagram.com\/bertrand_okna_i_drzwi\/","https:\/\/www.linkedin.com\/company\/bertrand\/","https:\/\/www.tiktok.com\/@bertrand_okna_drzwi"]}]}},"_links":{"self":[{"href":"https:\/\/bertrand.pl\/nl\/wp-json\/wp\/v2\/product\/4724","targetHints":{"allow":["GET"]}}],"collection":[{"href":"https:\/\/bertrand.pl\/nl\/wp-json\/wp\/v2\/product"}],"about":[{"href":"https:\/\/bertrand.pl\/nl\/wp-json\/wp\/v2\/types\/product"}],"wp:featuredmedia":[{"embeddable":true,"href":"https:\/\/bertrand.pl\/nl\/wp-json\/wp\/v2\/media\/6320"}],"wp:attachment":[{"href":"https:\/\/bertrand.pl\/nl\/wp-json\/wp\/v2\/media?parent=4724"}],"wp:term":[{"taxonomy":"product_brand","embeddable":true,"href":"https:\/\/bertrand.pl\/nl\/wp-json\/wp\/v2\/product_brand?post=4724"},{"taxonomy":"product_cat","embeddable":true,"href":"https:\/\/bertrand.pl\/nl\/wp-json\/wp\/v2\/product_cat?post=4724"},{"taxonomy":"product_tag","embeddable":true,"href":"https:\/\/bertrand.pl\/nl\/wp-json\/wp\/v2\/product_tag?post=4724"}],"curies":[{"name":"wp","href":"https:\/\/api.w.org\/{rel}","templated":true}]}}