{"id":4775,"date":"2024-08-26T09:32:27","date_gmt":"2024-08-26T07:32:27","guid":{"rendered":"https:\/\/bertrand.pl\/?post_type=product&#038;p=4775"},"modified":"2025-09-10T09:23:43","modified_gmt":"2025-09-10T07:23:43","slug":"fks-raamkrukken","status":"publish","type":"product","link":"https:\/\/bertrand.pl\/nl\/produkt\/klamki-okienne-fks\/","title":{"rendered":"FKS-raamkrukken"},"content":{"rendered":"<h3>FKS raamkrukken \u2013 een combinatie van functionaliteit en esthetiek<\/h3>\n<p>&nbsp;<\/p>\n<p>De raamgreep is een sleutelelement van elk raam waarmee het geopend, gesloten en gekanteld kan worden. Dankzij een nauwkeurig intern mechanisme maakt de handgreep een gemakkelijke manipulatie van de raamvleugel mogelijk, wat het gebruikscomfort verbetert. Of het nu om houten, PVC- of aluminium ramen gaat, raamkrukken spelen zowel qua functionaliteit als esthetiek een belangrijke rol. Maak kennis met FKS raamkrukken!<\/p>\n<p>&nbsp;<\/p>\n<h3>Veelzijdigheid en verscheidenheid aan stijlen<\/h3>\n<p>&nbsp;<\/p>\n<p>FKS raamkrukken zijn verkrijgbaar in verschillende stijlen, vormen en kleuren, waardoor ze gemakkelijk te matchen zijn met elk type interieur. Afhankelijk van de voorkeuren van de gebruiker kun je kiezen voor deurklinken met een klassiek design of moderne modellen die perfect aansluiten bij minimalistische arrangementen. Het brede kleurengamma omvat:<\/p>\n<ul>\n<li><strong>Wit 9016<\/strong> \u2013 een klassieke tint die perfect past bij de meeste raamkozijnen.<\/li>\n<li><strong>Zilver F1<\/strong> \u2013 elegante kleur, passend bij moderne interieurs.<\/li>\n<li><strong>Staal F9 (titanium)<\/strong> \u2013 een neutrale tint met een industrieel karakter.<\/li>\n<li><strong>Oud goud F4<\/strong> \u2013 een luxueus accent, perfect voor klassieke interieurs.<\/li>\n<li><strong>Bruin 8019<\/strong> \u2013 een warme tint die de natuurlijke uitstraling van houten kozijnen benadrukt.<\/li>\n<li><strong>Zwart 8022<\/strong> \u2013 een moderne propositie die uitstekend werkt in minimalistische en industri\u00eble arrangementen.<\/li>\n<\/ul>\n<p>Dankzij zo\u2019n rijk kleurenpalet kunnen deurklinken perfect afgestemd worden op de ramen en het karakter van de hele kamer.<\/p>\n<p>&nbsp;<\/p>\n<h3>Functionaliteit en extra opties<\/h3>\n<p>&nbsp;<\/p>\n<p class=\"translation-block\">FKS raamkrukken verhogen niet alleen het comfort bij het gebruik van ramen, maar kunnen ook de veiligheid verhogen. Veel modellen bieden <strong>een sleutelslot<\/strong> dat beschermt tegen ongeoorloofd openen, wat vooral belangrijk is in huizen met kinderen of op plaatsen waar een hoger beschermingsniveau vereist is. Bovendien zorgt de ergonomische vorm van de handgrepen voor comfort tijdens het dagelijks gebruik.<\/p>\n<p>&nbsp;<\/p>\n<p>De deurklinken zijn gemaakt van solide materialen en moderne mechanismen, waardoor ze jarenlang duurzaam en betrouwbaar zijn. Ze zijn eenvoudig te installeren en te onderhouden, waardoor ze nog aantrekkelijker worden.<\/p>\n<h3><\/h3>\n<p>Een raamkruk is niet alleen een functioneel element van raamschrijnwerk, maar ook een belangrijk detail dat de esthetiek van het gehele interieur be\u00efnvloedt. Dankzij een ruime keuze aan kleuren, stijlen en extra functies kunnen deurklinken perfect worden aangepast aan de individuele behoeften en voorkeuren van gebruikers.<\/p>\n<p>&nbsp;<\/p>\n<h4><strong>ZIE OOK:<\/strong><\/h4>\n<p>&nbsp;<\/p>\n<p><a href=\"https:\/\/bertrand.pl\/nl\/product-2\/inteligentny-dom\/\">Somfy accessoires \u2013 Bertrand.pl<\/a><\/p>\n<p><a href=\"https:\/\/www.youtube.com\/@bertrandpolska\/videos\">BERTRAND ramen en deuren \u2013 YouTube<\/a><\/p>\n<p>&nbsp;<\/p>\n<p>De volgende deurklinken zijn verkrijgbaar in de volgende kleuren:<\/p>\n<ul>\n<li>Wit 9016<\/li>\n<li>Zilver F1<\/li>\n<li>Staal F9 (titanium)<\/li>\n<li>Oud goud F4<\/li>\n<li>Bruin 8019<\/li>\n<li>Zwart 8022<\/li>\n<\/ul>\n<div id='gallery-1' class='gallery galleryid-4775 gallery-columns-6 gallery-size-full'><figure class='gallery-item'>\n\t\t\t<div class='gallery-icon landscape'>\n\t\t\t\t<a href='https:\/\/bertrand.pl\/wp-content\/uploads\/2024\/08\/Zrzut-ekranu-2024-08-26-092423.png'><img decoding=\"async\" width=\"150\" height=\"96\" src=\"https:\/\/bertrand.pl\/wp-content\/uploads\/2024\/08\/Zrzut-ekranu-2024-08-26-092423.png\" class=\"attachment-full size-full\" alt=\"HOPPE raamkrukken\" srcset=\"https:\/\/bertrand.pl\/wp-content\/uploads\/2024\/08\/Zrzut-ekranu-2024-08-26-092423.png 150w, https:\/\/bertrand.pl\/wp-content\/uploads\/2024\/08\/Zrzut-ekranu-2024-08-26-092423-18x12.png 18w\" sizes=\"(max-width: 150px) 100vw, 150px\" \/><\/a>\n\t\t\t<\/div><\/figure><figure class='gallery-item'>\n\t\t\t<div class='gallery-icon landscape'>\n\t\t\t\t<a href='https:\/\/bertrand.pl\/wp-content\/uploads\/2024\/08\/Zrzut-ekranu-2024-08-26-092412.png'><img decoding=\"async\" width=\"147\" height=\"95\" src=\"https:\/\/bertrand.pl\/wp-content\/uploads\/2024\/08\/Zrzut-ekranu-2024-08-26-092412.png\" class=\"attachment-full size-full\" alt=\"HOPPE raamkrukken\" srcset=\"https:\/\/bertrand.pl\/wp-content\/uploads\/2024\/08\/Zrzut-ekranu-2024-08-26-092412.png 147w, https:\/\/bertrand.pl\/wp-content\/uploads\/2024\/08\/Zrzut-ekranu-2024-08-26-092412-18x12.png 18w\" sizes=\"(max-width: 147px) 100vw, 147px\" \/><\/a>\n\t\t\t<\/div><\/figure><figure class='gallery-item'>\n\t\t\t<div class='gallery-icon landscape'>\n\t\t\t\t<a href='https:\/\/bertrand.pl\/wp-content\/uploads\/2024\/08\/Zrzut-ekranu-2024-08-26-092418.png'><img decoding=\"async\" width=\"155\" height=\"100\" src=\"https:\/\/bertrand.pl\/wp-content\/uploads\/2024\/08\/Zrzut-ekranu-2024-08-26-092418.png\" class=\"attachment-full size-full\" alt=\"HOPPE raamkrukken\" srcset=\"https:\/\/bertrand.pl\/wp-content\/uploads\/2024\/08\/Zrzut-ekranu-2024-08-26-092418.png 155w, https:\/\/bertrand.pl\/wp-content\/uploads\/2024\/08\/Zrzut-ekranu-2024-08-26-092418-18x12.png 18w\" sizes=\"(max-width: 155px) 100vw, 155px\" \/><\/a>\n\t\t\t<\/div><\/figure><figure class='gallery-item'>\n\t\t\t<div class='gallery-icon landscape'>\n\t\t\t\t<a href='https:\/\/bertrand.pl\/wp-content\/uploads\/2024\/08\/Zrzut-ekranu-2024-08-26-092437.png'><img loading=\"lazy\" decoding=\"async\" width=\"144\" height=\"98\" src=\"https:\/\/bertrand.pl\/wp-content\/uploads\/2024\/08\/Zrzut-ekranu-2024-08-26-092437.png\" class=\"attachment-full size-full\" alt=\"HOPPE raamkrukken\" srcset=\"https:\/\/bertrand.pl\/wp-content\/uploads\/2024\/08\/Zrzut-ekranu-2024-08-26-092437.png 144w, https:\/\/bertrand.pl\/wp-content\/uploads\/2024\/08\/Zrzut-ekranu-2024-08-26-092437-18x12.png 18w\" sizes=\"(max-width: 144px) 100vw, 144px\" \/><\/a>\n\t\t\t<\/div><\/figure><figure class='gallery-item'>\n\t\t\t<div class='gallery-icon landscape'>\n\t\t\t\t<a href='https:\/\/bertrand.pl\/wp-content\/uploads\/2024\/08\/Zrzut-ekranu-2024-08-26-092427.png'><img loading=\"lazy\" decoding=\"async\" width=\"154\" height=\"101\" src=\"https:\/\/bertrand.pl\/wp-content\/uploads\/2024\/08\/Zrzut-ekranu-2024-08-26-092427.png\" class=\"attachment-full size-full\" alt=\"HOPPE raamkrukken\" srcset=\"https:\/\/bertrand.pl\/wp-content\/uploads\/2024\/08\/Zrzut-ekranu-2024-08-26-092427.png 154w, https:\/\/bertrand.pl\/wp-content\/uploads\/2024\/08\/Zrzut-ekranu-2024-08-26-092427-18x12.png 18w\" sizes=\"(max-width: 154px) 100vw, 154px\" \/><\/a>\n\t\t\t<\/div><\/figure><figure class='gallery-item'>\n\t\t\t<div class='gallery-icon landscape'>\n\t\t\t\t<a href='https:\/\/bertrand.pl\/wp-content\/uploads\/2024\/08\/Zrzut-ekranu-2024-08-26-092448.png'><img loading=\"lazy\" decoding=\"async\" width=\"142\" height=\"99\" src=\"https:\/\/bertrand.pl\/wp-content\/uploads\/2024\/08\/Zrzut-ekranu-2024-08-26-092448.png\" class=\"attachment-full size-full\" alt=\"HOPPE raamkrukken\" srcset=\"https:\/\/bertrand.pl\/wp-content\/uploads\/2024\/08\/Zrzut-ekranu-2024-08-26-092448.png 142w, https:\/\/bertrand.pl\/wp-content\/uploads\/2024\/08\/Zrzut-ekranu-2024-08-26-092448-18x12.png 18w\" sizes=\"(max-width: 142px) 100vw, 142px\" \/><\/a>\n\t\t\t<\/div><\/figure>\n\t\t<\/div>","protected":false},"excerpt":{"rendered":"<p>Raamkrukken zijn verkrijgbaar in verschillende stijlen, vormen en kleuren, aangepast aan verschillende soorten ramen, zoals houten, PVC of aluminium ramen. Ze kunnen ook extra functies hebben, zoals een sleutelslot voor extra veiligheid.<\/p>","protected":false},"featured_media":4783,"template":"","meta":{"site-sidebar-layout":"default","site-content-layout":"","ast-site-content-layout":"default","site-content-style":"default","site-sidebar-style":"default","ast-global-header-display":"","ast-banner-title-visibility":"","ast-main-header-display":"","ast-hfb-above-header-display":"","ast-hfb-below-header-display":"","ast-hfb-mobile-header-display":"","site-post-title":"","ast-breadcrumbs-content":"","ast-featured-img":"","footer-sml-layout":"","ast-disable-related-posts":"","theme-transparent-header-meta":"default","adv-header-id-meta":"","stick-header-meta":"","header-above-stick-meta":"","header-main-stick-meta":"","header-below-stick-meta":"","astra-migrate-meta-layouts":"set","ast-page-background-enabled":"default","ast-page-background-meta":{"desktop":{"background-color":"var(--ast-global-color-4)","background-image":"","background-repeat":"repeat","background-position":"center center","background-size":"auto","background-attachment":"scroll","background-type":"","background-media":"","overlay-type":"","overlay-color":"","overlay-opacity":"","overlay-gradient":""},"tablet":{"background-color":"","background-image":"","background-repeat":"repeat","background-position":"center center","background-size":"auto","background-attachment":"scroll","background-type":"","background-media":"","overlay-type":"","overlay-color":"","overlay-opacity":"","overlay-gradient":""},"mobile":{"background-color":"","background-image":"","background-repeat":"repeat","background-position":"center center","background-size":"auto","background-attachment":"scroll","background-type":"","background-media":"","overlay-type":"","overlay-color":"","overlay-opacity":"","overlay-gradient":""}},"ast-content-background-meta":{"desktop":{"background-color":"var(--ast-global-color-5)","background-image":"","background-repeat":"repeat","background-position":"center center","background-size":"auto","background-attachment":"scroll","background-type":"","background-media":"","overlay-type":"","overlay-color":"","overlay-opacity":"","overlay-gradient":""},"tablet":{"background-color":"var(--ast-global-color-5)","background-image":"","background-repeat":"repeat","background-position":"center center","background-size":"auto","background-attachment":"scroll","background-type":"","background-media":"","overlay-type":"","overlay-color":"","overlay-opacity":"","overlay-gradient":""},"mobile":{"background-color":"var(--ast-global-color-5)","background-image":"","background-repeat":"repeat","background-position":"center center","background-size":"auto","background-attachment":"scroll","background-type":"","background-media":"","overlay-type":"","overlay-color":"","overlay-opacity":"","overlay-gradient":""}}},"product_brand":[],"product_cat":[23],"product_tag":[1404,673,168,1395,1403,1399,1400,175,1405,1402,669,1401,666,668,667,1390,1393,665,1392,664,1391,671,670,674,174,563,675,1396,1397,1398,672],"class_list":{"0":"post-4775","1":"product","2":"type-product","3":"status-publish","4":"has-post-thumbnail","6":"product_cat-akcesoria","7":"product_tag-akcesoria-okienne","8":"product_tag-aluminiowe-klamki","9":"product_tag-bertrand","10":"product_tag-bialy-9016","11":"product_tag-blokada-na-klucz","12":"product_tag-brazowy-8019","13":"product_tag-czarny-8022","14":"product_tag-drzwi","15":"product_tag-ergonomiczne-klamki","16":"product_tag-estetyczne-klamki","17":"product_tag-fks","18":"product_tag-funkcjonalne-klamki","19":"product_tag-jakie-klamki-wybrac","20":"product_tag-klaki-fks","21":"product_tag-klamka","22":"product_tag-klamka-okienna","23":"product_tag-klamki-aluminiowe","24":"product_tag-klamki-do-okien","25":"product_tag-klamki-drewniane","26":"product_tag-klamki-okienne","27":"product_tag-klamki-pcv","28":"product_tag-klamki-z-kluczykiem","29":"product_tag-klamki-z-przyciskiem","30":"product_tag-kolory-klamek","31":"product_tag-okna","32":"product_tag-okna-i-drzwi","33":"product_tag-polski-produkt","34":"product_tag-srebrny-f1","35":"product_tag-stalowy-f9","36":"product_tag-stare-zloto-f4","37":"product_tag-zwykla-klamka","38":"desktop-align-left","39":"tablet-align-left","40":"mobile-align-left","42":"first","43":"instock","44":"shipping-taxable","45":"product-type-simple"},"yoast_head":"<!-- This site is optimized with the Yoast SEO Premium plugin v27.2 (Yoast SEO v27.2) - https:\/\/yoast.com\/product\/yoast-seo-premium-wordpress\/ -->\n<title>Klamki FKS \u2013 wygoda i bezpiecze\u0144stwo.<\/title>\n<meta name=\"description\" content=\"Klamki okienne FKS dost\u0119pne w r\u00f3\u017cnych stylach, kszta\u0142tach i kolorach. Mog\u0105 mie\u0107 r\u00f3wnie\u017c dodatkowe funkcje, takie jak blokada na klucz.\" \/>\n<meta name=\"robots\" content=\"index, follow, max-snippet:-1, max-image-preview:large, max-video-preview:-1\" \/>\n<link rel=\"canonical\" href=\"https:\/\/bertrand.pl\/nl\/product-2\/fks-raamkrukken\/\" \/>\n<meta property=\"og:locale\" content=\"nl_NL\" \/>\n<meta property=\"og:type\" content=\"article\" \/>\n<meta property=\"og:title\" content=\"Klamki okienne FKS\" \/>\n<meta property=\"og:description\" content=\"Klamki okienne FKS dost\u0119pne w r\u00f3\u017cnych stylach, kszta\u0142tach i kolorach. Mog\u0105 mie\u0107 r\u00f3wnie\u017c dodatkowe funkcje, takie jak blokada na klucz.\" \/>\n<meta property=\"og:url\" content=\"https:\/\/bertrand.pl\/nl\/product-2\/fks-raamkrukken\/\" \/>\n<meta property=\"og:site_name\" content=\"Bertrand. Najwy\u017cszej jako\u015bci okna i drzwi. Certyfikowany producent od 1969 roku.\" \/>\n<meta property=\"article:publisher\" content=\"https:\/\/www.facebook.com\/bertrandpolska\/\" \/>\n<meta property=\"article:modified_time\" content=\"2025-09-10T07:23:43+00:00\" \/>\n<meta property=\"og:image\" content=\"https:\/\/bertrand.pl\/wp-content\/uploads\/2024\/08\/1006.png\" \/>\n\t<meta property=\"og:image:width\" content=\"485\" \/>\n\t<meta property=\"og:image:height\" content=\"648\" \/>\n\t<meta property=\"og:image:type\" content=\"image\/png\" \/>\n<meta name=\"twitter:card\" content=\"summary_large_image\" \/>\n<meta name=\"twitter:label1\" content=\"Geschatte leestijd\" \/>\n\t<meta name=\"twitter:data1\" content=\"3 minuten\" \/>\n<script type=\"application\/ld+json\" class=\"yoast-schema-graph\">{\"@context\":\"https:\/\/schema.org\",\"@graph\":[{\"@type\":\"WebPage\",\"@id\":\"https:\/\/bertrand.pl\/produkt\/klamki-okienne-fks\/\",\"url\":\"https:\/\/bertrand.pl\/produkt\/klamki-okienne-fks\/\",\"name\":\"Klamki FKS \u2013 wygoda i bezpiecze\u0144stwo.\",\"isPartOf\":{\"@id\":\"https:\/\/bertrand.pl\/#website\"},\"primaryImageOfPage\":{\"@id\":\"https:\/\/bertrand.pl\/produkt\/klamki-okienne-fks\/#primaryimage\"},\"image\":{\"@id\":\"https:\/\/bertrand.pl\/produkt\/klamki-okienne-fks\/#primaryimage\"},\"thumbnailUrl\":\"https:\/\/bertrand.pl\/wp-content\/uploads\/2024\/08\/1006.png\",\"datePublished\":\"2024-08-26T07:32:27+00:00\",\"dateModified\":\"2025-09-10T07:23:43+00:00\",\"description\":\"Klamki okienne FKS dost\u0119pne w r\u00f3\u017cnych stylach, kszta\u0142tach i kolorach. Mog\u0105 mie\u0107 r\u00f3wnie\u017c dodatkowe funkcje, takie jak blokada na klucz.\",\"breadcrumb\":{\"@id\":\"https:\/\/bertrand.pl\/produkt\/klamki-okienne-fks\/#breadcrumb\"},\"inLanguage\":\"nl-NL\",\"potentialAction\":[{\"@type\":\"ReadAction\",\"target\":[\"https:\/\/bertrand.pl\/produkt\/klamki-okienne-fks\/\"]}]},{\"@type\":\"ImageObject\",\"inLanguage\":\"nl-NL\",\"@id\":\"https:\/\/bertrand.pl\/produkt\/klamki-okienne-fks\/#primaryimage\",\"url\":\"https:\/\/bertrand.pl\/wp-content\/uploads\/2024\/08\/1006.png\",\"contentUrl\":\"https:\/\/bertrand.pl\/wp-content\/uploads\/2024\/08\/1006.png\",\"width\":485,\"height\":648,\"caption\":\"Klamki okienne FKS s\u0105 bardzo funkcjonalne i praktyczne.\"},{\"@type\":\"BreadcrumbList\",\"@id\":\"https:\/\/bertrand.pl\/produkt\/klamki-okienne-fks\/#breadcrumb\",\"itemListElement\":[{\"@type\":\"ListItem\",\"position\":1,\"name\":\"Strona g\u0142\u00f3wna\",\"item\":\"https:\/\/bertrand.pl\/\"},{\"@type\":\"ListItem\",\"position\":2,\"name\":\"Produits\",\"item\":\"https:\/\/bertrand.pl\/fr\/shop\/\"},{\"@type\":\"ListItem\",\"position\":3,\"name\":\"Klamki okienne FKS\"}]},{\"@type\":\"WebSite\",\"@id\":\"https:\/\/bertrand.pl\/#website\",\"url\":\"https:\/\/bertrand.pl\/\",\"name\":\"Bertrand.pl\",\"description\":\"Firma Bertrand to certyfikowany i uznany producent najwy\u017cszej jako\u015bci okien z PVC, z drewna lub aluminium. Produkcja drzwi, rolet i bram gara\u017cowych.\",\"publisher\":{\"@id\":\"https:\/\/bertrand.pl\/#organization\"},\"potentialAction\":[{\"@type\":\"SearchAction\",\"target\":{\"@type\":\"EntryPoint\",\"urlTemplate\":\"https:\/\/bertrand.pl\/?s={search_term_string}\"},\"query-input\":{\"@type\":\"PropertyValueSpecification\",\"valueRequired\":true,\"valueName\":\"search_term_string\"}}],\"inLanguage\":\"nl-NL\"},{\"@type\":\"Organization\",\"@id\":\"https:\/\/bertrand.pl\/#organization\",\"name\":\"Bertrand.pl\",\"url\":\"https:\/\/bertrand.pl\/\",\"logo\":{\"@type\":\"ImageObject\",\"inLanguage\":\"nl-NL\",\"@id\":\"https:\/\/bertrand.pl\/#\/schema\/logo\/image\/\",\"url\":\"https:\/\/bertrand.pl\/wp-content\/uploads\/2024\/12\/logo_BB_TM_PL_black.png\",\"contentUrl\":\"https:\/\/bertrand.pl\/wp-content\/uploads\/2024\/12\/logo_BB_TM_PL_black.png\",\"width\":1831,\"height\":1831,\"caption\":\"Bertrand.pl\"},\"image\":{\"@id\":\"https:\/\/bertrand.pl\/#\/schema\/logo\/image\/\"},\"sameAs\":[\"https:\/\/www.facebook.com\/bertrandpolska\/\",\"https:\/\/www.instagram.com\/bertrand_okna_i_drzwi\/\",\"https:\/\/www.linkedin.com\/company\/bertrand\/\",\"https:\/\/www.tiktok.com\/@bertrand_okna_drzwi\"]}]}<\/script>\n<!-- \/ Yoast SEO Premium plugin. -->","yoast_head_json":{"title":"Klamki FKS \u2013 wygoda i bezpiecze\u0144stwo.","description":"FKS raamkrukken verkrijgbaar in diverse stijlen, vormen en kleuren. Ze kunnen ook extra functies hebben, zoals een sleutelslot.","robots":{"index":"index","follow":"follow","max-snippet":"max-snippet:-1","max-image-preview":"max-image-preview:large","max-video-preview":"max-video-preview:-1"},"canonical":"https:\/\/bertrand.pl\/nl\/product-2\/fks-raamkrukken\/","og_locale":"nl_NL","og_type":"article","og_title":"Klamki okienne FKS","og_description":"Klamki okienne FKS dost\u0119pne w r\u00f3\u017cnych stylach, kszta\u0142tach i kolorach. Mog\u0105 mie\u0107 r\u00f3wnie\u017c dodatkowe funkcje, takie jak blokada na klucz.","og_url":"https:\/\/bertrand.pl\/nl\/product-2\/fks-raamkrukken\/","og_site_name":"Bertrand. Najwy\u017cszej jako\u015bci okna i drzwi. Certyfikowany producent od 1969 roku.","article_publisher":"https:\/\/www.facebook.com\/bertrandpolska\/","article_modified_time":"2025-09-10T07:23:43+00:00","og_image":[{"width":485,"height":648,"url":"https:\/\/bertrand.pl\/wp-content\/uploads\/2024\/08\/1006.png","type":"image\/png"}],"twitter_card":"summary_large_image","twitter_misc":{"Geschatte leestijd":"3 minuten"},"schema":{"@context":"https:\/\/schema.org","@graph":[{"@type":"WebPage","@id":"https:\/\/bertrand.pl\/produkt\/klamki-okienne-fks\/","url":"https:\/\/bertrand.pl\/produkt\/klamki-okienne-fks\/","name":"Klamki FKS \u2013 wygoda i bezpiecze\u0144stwo.","isPartOf":{"@id":"https:\/\/bertrand.pl\/#website"},"primaryImageOfPage":{"@id":"https:\/\/bertrand.pl\/produkt\/klamki-okienne-fks\/#primaryimage"},"image":{"@id":"https:\/\/bertrand.pl\/produkt\/klamki-okienne-fks\/#primaryimage"},"thumbnailUrl":"https:\/\/bertrand.pl\/wp-content\/uploads\/2024\/08\/1006.png","datePublished":"2024-08-26T07:32:27+00:00","dateModified":"2025-09-10T07:23:43+00:00","description":"FKS raamkrukken verkrijgbaar in diverse stijlen, vormen en kleuren. Ze kunnen ook extra functies hebben, zoals een sleutelslot.","breadcrumb":{"@id":"https:\/\/bertrand.pl\/produkt\/klamki-okienne-fks\/#breadcrumb"},"inLanguage":"nl-NL","potentialAction":[{"@type":"ReadAction","target":["https:\/\/bertrand.pl\/produkt\/klamki-okienne-fks\/"]}]},{"@type":"ImageObject","inLanguage":"nl-NL","@id":"https:\/\/bertrand.pl\/produkt\/klamki-okienne-fks\/#primaryimage","url":"https:\/\/bertrand.pl\/wp-content\/uploads\/2024\/08\/1006.png","contentUrl":"https:\/\/bertrand.pl\/wp-content\/uploads\/2024\/08\/1006.png","width":485,"height":648,"caption":"Klamki okienne FKS s\u0105 bardzo funkcjonalne i praktyczne."},{"@type":"BreadcrumbList","@id":"https:\/\/bertrand.pl\/produkt\/klamki-okienne-fks\/#breadcrumb","itemListElement":[{"@type":"ListItem","position":1,"name":"Strona g\u0142\u00f3wna","item":"https:\/\/bertrand.pl\/"},{"@type":"ListItem","position":2,"name":"Produits","item":"https:\/\/bertrand.pl\/fr\/shop\/"},{"@type":"ListItem","position":3,"name":"Klamki okienne FKS"}]},{"@type":"WebSite","@id":"https:\/\/bertrand.pl\/#website","url":"https:\/\/bertrand.pl\/","name":"Bertrand.pl","description":"Firma Bertrand to certyfikowany i uznany producent najwy\u017cszej jako\u015bci okien z PVC, z drewna lub aluminium. Produkcja drzwi, rolet i bram gara\u017cowych.","publisher":{"@id":"https:\/\/bertrand.pl\/#organization"},"potentialAction":[{"@type":"SearchAction","target":{"@type":"EntryPoint","urlTemplate":"https:\/\/bertrand.pl\/?s={search_term_string}"},"query-input":{"@type":"PropertyValueSpecification","valueRequired":true,"valueName":"search_term_string"}}],"inLanguage":"nl-NL"},{"@type":"Organization","@id":"https:\/\/bertrand.pl\/#organization","name":"Bertrand.pl","url":"https:\/\/bertrand.pl\/","logo":{"@type":"ImageObject","inLanguage":"nl-NL","@id":"https:\/\/bertrand.pl\/#\/schema\/logo\/image\/","url":"https:\/\/bertrand.pl\/wp-content\/uploads\/2024\/12\/logo_BB_TM_PL_black.png","contentUrl":"https:\/\/bertrand.pl\/wp-content\/uploads\/2024\/12\/logo_BB_TM_PL_black.png","width":1831,"height":1831,"caption":"Bertrand.pl"},"image":{"@id":"https:\/\/bertrand.pl\/#\/schema\/logo\/image\/"},"sameAs":["https:\/\/www.facebook.com\/bertrandpolska\/","https:\/\/www.instagram.com\/bertrand_okna_i_drzwi\/","https:\/\/www.linkedin.com\/company\/bertrand\/","https:\/\/www.tiktok.com\/@bertrand_okna_drzwi"]}]}},"_links":{"self":[{"href":"https:\/\/bertrand.pl\/nl\/wp-json\/wp\/v2\/product\/4775","targetHints":{"allow":["GET"]}}],"collection":[{"href":"https:\/\/bertrand.pl\/nl\/wp-json\/wp\/v2\/product"}],"about":[{"href":"https:\/\/bertrand.pl\/nl\/wp-json\/wp\/v2\/types\/product"}],"wp:featuredmedia":[{"embeddable":true,"href":"https:\/\/bertrand.pl\/nl\/wp-json\/wp\/v2\/media\/4783"}],"wp:attachment":[{"href":"https:\/\/bertrand.pl\/nl\/wp-json\/wp\/v2\/media?parent=4775"}],"wp:term":[{"taxonomy":"product_brand","embeddable":true,"href":"https:\/\/bertrand.pl\/nl\/wp-json\/wp\/v2\/product_brand?post=4775"},{"taxonomy":"product_cat","embeddable":true,"href":"https:\/\/bertrand.pl\/nl\/wp-json\/wp\/v2\/product_cat?post=4775"},{"taxonomy":"product_tag","embeddable":true,"href":"https:\/\/bertrand.pl\/nl\/wp-json\/wp\/v2\/product_tag?post=4775"}],"curies":[{"name":"wp","href":"https:\/\/api.w.org\/{rel}","templated":true}]}}