{"id":4810,"date":"2024-08-26T10:06:00","date_gmt":"2024-08-26T08:06:00","guid":{"rendered":"https:\/\/bertrand.pl\/?post_type=product&#038;p=4810"},"modified":"2025-08-04T15:19:56","modified_gmt":"2025-08-04T13:19:56","slug":"raamgrepen","status":"publish","type":"product","link":"https:\/\/bertrand.pl\/nl\/produkt\/klamki-okienne\/","title":{"rendered":"HOPPE raamkrukken"},"content":{"rendered":"<h3>HOPPE raamkrukken \u2013 functionaliteit, esthetiek en veiligheid in \u00e9\u00e9n<\/h3>\n<p>&nbsp;<\/p>\n<p>De raamgreep is een integraal onderdeel van elk raam en zorgt voor het openen, sluiten en kantelen ervan. Dankzij een nauwkeurig intern mechanisme maakt het een gemakkelijke en handige manipulatie van de raamvleugel mogelijk. Ongeacht of we het hebben over houten, PVC- of aluminium ramen, een goed geselecteerde handgreep heeft niet alleen invloed op de functionaliteit, maar ook op de esthetiek van de hele constructie. Maak kennis met HOPPE raamkrukken!<\/p>\n<p>&nbsp;<\/p>\n<h3>Ruime keuze aan stijlen en kleuren<\/h3>\n<p>&nbsp;<\/p>\n<p>Raamkrukken zijn verkrijgbaar in verschillende stijlen, vormen en kleuren, waardoor ze perfect passen bij elk type interieur en gevel. De gevarieerde kleuren omvatten kleuren zoals:<\/p>\n<ul>\n<li class=\"translation-block\"><strong>Wit 9016<\/strong> \u2013 een klassieke keuze die bij de meeste interieurs past.<\/li>\n<li class=\"translation-block\"><strong>Silver F1<\/strong> \u2013 een elegante tint die perfect past bij moderne arrangementen.<\/li>\n<li class=\"translation-block\"><strong>Staal F9 (titanium)<\/strong> \u2013 een subtiele, neutrale kleur met een industrieel karakter.<\/li>\n<li class=\"translation-block\"><strong>Oud goud F4<\/strong> \u2013 perfect voor mensen die waarde hechten aan klassieke en luxueuze stijl.<\/li>\n<li class=\"translation-block\"><strong>Bruin 8019<\/strong> \u2013 een warme tint die perfect past bij houten raamkozijnen.<\/li>\n<li class=\"translation-block\"><strong>Zwart 8022<\/strong> \u2013 een moderne, minimalistische kleur, perfect voor designprojecten.<\/li>\n<\/ul>\n<p>Dankzij zo\u2019n breed kleurenpalet kunnen raamkrukken het karakter van het interieur benadrukken, terwijl ze toch een samenhangend element blijven van het gehele raamschrijnwerk.<\/p>\n<h3><\/h3>\n<h3>Functionaliteit en extra mogelijkheden van HOPPE raamkrukken<\/h3>\n<p>&nbsp;<\/p>\n<p class=\"translation-block\">Raamgrepen zijn niet alleen een decoratief element, maar ook een praktisch element. Naast de standaard openings- en sluitfunctie zijn veel modellen voorzien van extra opties, zoals <strong>een sleutelslot<\/strong> . Deze functie verhoogt de veiligheid aanzienlijk, wat vooral belangrijk is in het geval van woningen met kleine kinderen of commerci\u00eble voorzieningen die een hoger beschermingsniveau vereisen.<\/p>\n<p>Het is ook de moeite waard om aandacht te besteden aan de ergonomische vorm van de handgrepen, die het gebruiksgemak garandeert. Moderne mechanismen garanderen jarenlang een soepele werking en duurzaamheid, waardoor deurklinken een betrouwbaar onderdeel van het dagelijks gebruik zijn.<\/p>\n<h3><\/h3>\n<p>Een raamkruk is niet alleen een praktische handgreep, maar ook een detail dat invloed heeft op de uitstraling en functionaliteit van het raam. Dankzij een breed scala aan stijlen, kleuren en extra functies kunt u het perfecte model kiezen, afgestemd op zowel het raam als de individuele behoeften van de gebruiker.<\/p>\n<p>&nbsp;<\/p>\n<figure class=\"gallery-item\">\n<h4 class=\"gallery-icon landscape\"><strong>ZIE OOK:<\/strong><\/h4>\n<p>&nbsp;<\/figure>\n<div><a href=\"https:\/\/bertrand.pl\/nl\/product-2\/inteligentny-dom\/\">Somfy accessoires \u2013 Bertrand.pl<\/a><\/div>\n<div><a href=\"https:\/\/www.youtube.com\/watch?v=EgW3vu6V69U&amp;t=3s\">Modern huis aan de vijver \u2013 Bertrand ontwerpt<\/a><\/div>\n<p>&nbsp;<\/p>\n<p>&nbsp;<\/p>\n<p>De volgende HOPPE raamkrukken zijn verkrijgbaar in de volgende kleuren:<\/p>\n<ul>\n<li>Wit 9016<\/li>\n<li>Zilver F1<\/li>\n<li>Staal F9 (titanium)<\/li>\n<li>Oud goud F4<\/li>\n<li>Bruin 8019<\/li>\n<li>Zwart 8022<\/li>\n<\/ul>\n<div id='gallery-1' class='gallery galleryid-4810 gallery-columns-6 gallery-size-full'><figure class='gallery-item'>\n\t\t\t<div class='gallery-icon landscape'>\n\t\t\t\t<a href='https:\/\/bertrand.pl\/wp-content\/uploads\/2024\/08\/Zrzut-ekranu-2024-08-26-092423.png'><img decoding=\"async\" width=\"150\" height=\"96\" src=\"https:\/\/bertrand.pl\/wp-content\/uploads\/2024\/08\/Zrzut-ekranu-2024-08-26-092423.png\" class=\"attachment-full size-full\" alt=\"HOPPE raamkrukken\" srcset=\"https:\/\/bertrand.pl\/wp-content\/uploads\/2024\/08\/Zrzut-ekranu-2024-08-26-092423.png 150w, https:\/\/bertrand.pl\/wp-content\/uploads\/2024\/08\/Zrzut-ekranu-2024-08-26-092423-18x12.png 18w\" sizes=\"(max-width: 150px) 100vw, 150px\" \/><\/a>\n\t\t\t<\/div><\/figure><figure class='gallery-item'>\n\t\t\t<div class='gallery-icon landscape'>\n\t\t\t\t<a href='https:\/\/bertrand.pl\/wp-content\/uploads\/2024\/08\/Zrzut-ekranu-2024-08-26-092412.png'><img decoding=\"async\" width=\"147\" height=\"95\" src=\"https:\/\/bertrand.pl\/wp-content\/uploads\/2024\/08\/Zrzut-ekranu-2024-08-26-092412.png\" class=\"attachment-full size-full\" alt=\"HOPPE raamkrukken\" srcset=\"https:\/\/bertrand.pl\/wp-content\/uploads\/2024\/08\/Zrzut-ekranu-2024-08-26-092412.png 147w, https:\/\/bertrand.pl\/wp-content\/uploads\/2024\/08\/Zrzut-ekranu-2024-08-26-092412-18x12.png 18w\" sizes=\"(max-width: 147px) 100vw, 147px\" \/><\/a>\n\t\t\t<\/div><\/figure><figure class='gallery-item'>\n\t\t\t<div class='gallery-icon landscape'>\n\t\t\t\t<a href='https:\/\/bertrand.pl\/wp-content\/uploads\/2024\/08\/Zrzut-ekranu-2024-08-26-092418.png'><img decoding=\"async\" width=\"155\" height=\"100\" src=\"https:\/\/bertrand.pl\/wp-content\/uploads\/2024\/08\/Zrzut-ekranu-2024-08-26-092418.png\" class=\"attachment-full size-full\" alt=\"HOPPE raamkrukken\" srcset=\"https:\/\/bertrand.pl\/wp-content\/uploads\/2024\/08\/Zrzut-ekranu-2024-08-26-092418.png 155w, https:\/\/bertrand.pl\/wp-content\/uploads\/2024\/08\/Zrzut-ekranu-2024-08-26-092418-18x12.png 18w\" sizes=\"(max-width: 155px) 100vw, 155px\" \/><\/a>\n\t\t\t<\/div><\/figure><figure class='gallery-item'>\n\t\t\t<div class='gallery-icon landscape'>\n\t\t\t\t<a href='https:\/\/bertrand.pl\/wp-content\/uploads\/2024\/08\/Zrzut-ekranu-2024-08-26-092437.png'><img loading=\"lazy\" decoding=\"async\" width=\"144\" height=\"98\" src=\"https:\/\/bertrand.pl\/wp-content\/uploads\/2024\/08\/Zrzut-ekranu-2024-08-26-092437.png\" class=\"attachment-full size-full\" alt=\"HOPPE raamkrukken\" srcset=\"https:\/\/bertrand.pl\/wp-content\/uploads\/2024\/08\/Zrzut-ekranu-2024-08-26-092437.png 144w, https:\/\/bertrand.pl\/wp-content\/uploads\/2024\/08\/Zrzut-ekranu-2024-08-26-092437-18x12.png 18w\" sizes=\"(max-width: 144px) 100vw, 144px\" \/><\/a>\n\t\t\t<\/div><\/figure><figure class='gallery-item'>\n\t\t\t<div class='gallery-icon landscape'>\n\t\t\t\t<a href='https:\/\/bertrand.pl\/wp-content\/uploads\/2024\/08\/Zrzut-ekranu-2024-08-26-092427.png'><img loading=\"lazy\" decoding=\"async\" width=\"154\" height=\"101\" src=\"https:\/\/bertrand.pl\/wp-content\/uploads\/2024\/08\/Zrzut-ekranu-2024-08-26-092427.png\" class=\"attachment-full size-full\" alt=\"HOPPE raamkrukken\" srcset=\"https:\/\/bertrand.pl\/wp-content\/uploads\/2024\/08\/Zrzut-ekranu-2024-08-26-092427.png 154w, https:\/\/bertrand.pl\/wp-content\/uploads\/2024\/08\/Zrzut-ekranu-2024-08-26-092427-18x12.png 18w\" sizes=\"(max-width: 154px) 100vw, 154px\" \/><\/a>\n\t\t\t<\/div><\/figure><figure class='gallery-item'>\n\t\t\t<div class='gallery-icon landscape'>\n\t\t\t\t<a href='https:\/\/bertrand.pl\/wp-content\/uploads\/2024\/08\/Zrzut-ekranu-2024-08-26-092448.png'><img loading=\"lazy\" decoding=\"async\" width=\"142\" height=\"99\" src=\"https:\/\/bertrand.pl\/wp-content\/uploads\/2024\/08\/Zrzut-ekranu-2024-08-26-092448.png\" class=\"attachment-full size-full\" alt=\"HOPPE raamkrukken\" srcset=\"https:\/\/bertrand.pl\/wp-content\/uploads\/2024\/08\/Zrzut-ekranu-2024-08-26-092448.png 142w, https:\/\/bertrand.pl\/wp-content\/uploads\/2024\/08\/Zrzut-ekranu-2024-08-26-092448-18x12.png 18w\" sizes=\"(max-width: 142px) 100vw, 142px\" \/><\/a>\n\t\t\t<\/div><\/figure>\n\t\t<\/div>\n\n<div id=\"gallery-1\" class=\"gallery galleryid-4775 gallery-columns-6 gallery-size-full\">\n<figure class=\"gallery-item\"><\/figure>\n<div><\/div>\n<\/div>","protected":false},"excerpt":{"rendered":"<p>Raamkrukken zijn verkrijgbaar in verschillende stijlen, vormen en kleuren, aangepast aan verschillende soorten ramen, zoals houten, PVC of aluminium ramen. Ze kunnen ook extra functies hebben, zoals een sleutelslot voor extra veiligheid.<\/p>","protected":false},"featured_media":4820,"template":"","meta":{"site-sidebar-layout":"default","site-content-layout":"","ast-site-content-layout":"default","site-content-style":"default","site-sidebar-style":"default","ast-global-header-display":"","ast-banner-title-visibility":"","ast-main-header-display":"","ast-hfb-above-header-display":"","ast-hfb-below-header-display":"","ast-hfb-mobile-header-display":"","site-post-title":"","ast-breadcrumbs-content":"","ast-featured-img":"","footer-sml-layout":"","ast-disable-related-posts":"","theme-transparent-header-meta":"default","adv-header-id-meta":"","stick-header-meta":"","header-above-stick-meta":"","header-main-stick-meta":"","header-below-stick-meta":"","astra-migrate-meta-layouts":"set","ast-page-background-enabled":"default","ast-page-background-meta":{"desktop":{"background-color":"var(--ast-global-color-4)","background-image":"","background-repeat":"repeat","background-position":"center center","background-size":"auto","background-attachment":"scroll","background-type":"","background-media":"","overlay-type":"","overlay-color":"","overlay-opacity":"","overlay-gradient":""},"tablet":{"background-color":"","background-image":"","background-repeat":"repeat","background-position":"center center","background-size":"auto","background-attachment":"scroll","background-type":"","background-media":"","overlay-type":"","overlay-color":"","overlay-opacity":"","overlay-gradient":""},"mobile":{"background-color":"","background-image":"","background-repeat":"repeat","background-position":"center center","background-size":"auto","background-attachment":"scroll","background-type":"","background-media":"","overlay-type":"","overlay-color":"","overlay-opacity":"","overlay-gradient":""}},"ast-content-background-meta":{"desktop":{"background-color":"var(--ast-global-color-5)","background-image":"","background-repeat":"repeat","background-position":"center center","background-size":"auto","background-attachment":"scroll","background-type":"","background-media":"","overlay-type":"","overlay-color":"","overlay-opacity":"","overlay-gradient":""},"tablet":{"background-color":"var(--ast-global-color-5)","background-image":"","background-repeat":"repeat","background-position":"center center","background-size":"auto","background-attachment":"scroll","background-type":"","background-media":"","overlay-type":"","overlay-color":"","overlay-opacity":"","overlay-gradient":""},"mobile":{"background-color":"var(--ast-global-color-5)","background-image":"","background-repeat":"repeat","background-position":"center center","background-size":"auto","background-attachment":"scroll","background-type":"","background-media":"","overlay-type":"","overlay-color":"","overlay-opacity":"","overlay-gradient":""}}},"product_brand":[],"product_cat":[23],"product_tag":[1404,168,1395,1403,1399,1400,1402,1401,682,676,667,679,678,1390,1394,505,1393,665,1392,681,664,1391,674,563,675,1396,1397,1398,680,677],"class_list":{"0":"post-4810","1":"product","2":"type-product","3":"status-publish","4":"has-post-thumbnail","6":"product_cat-akcesoria","7":"product_tag-akcesoria-okienne","8":"product_tag-bertrand","9":"product_tag-bialy-9016","10":"product_tag-blokada-na-klucz","11":"product_tag-brazowy-8019","12":"product_tag-czarny-8022","13":"product_tag-estetyczne-klamki","14":"product_tag-funkcjonalne-klamki","15":"product_tag-hoppe","16":"product_tag-jak-wybrac-klamki","17":"product_tag-klamka","18":"product_tag-klamka-aluminiowa","19":"product_tag-klamka-do-drzwi-tarasowych","20":"product_tag-klamka-okienna","21":"product_tag-klamka-z-blokada","22":"product_tag-klamki","23":"product_tag-klamki-aluminiowe","24":"product_tag-klamki-do-okien","25":"product_tag-klamki-drewniane","26":"product_tag-klamki-hoppe","27":"product_tag-klamki-okienne","28":"product_tag-klamki-pcv","29":"product_tag-kolory-klamek","30":"product_tag-okna-i-drzwi","31":"product_tag-polski-produkt","32":"product_tag-srebrny-f1","33":"product_tag-stalowy-f9","34":"product_tag-stare-zloto-f4","35":"product_tag-trzpien-klamki","36":"product_tag-wybor-klamek","37":"desktop-align-left","38":"tablet-align-left","39":"mobile-align-left","41":"first","42":"instock","43":"shipping-taxable","44":"product-type-simple"},"yoast_head":"<!-- This site is optimized with the Yoast SEO Premium plugin v27.2 (Yoast SEO v27.2) - https:\/\/yoast.com\/product\/yoast-seo-premium-wordpress\/ -->\n<title>Klamki HOPPE w r\u00f3\u017cnych stylach, kszta\u0142tach i kolorach.<\/title>\n<meta name=\"description\" content=\"Klamki okienne HOPPE s\u0142u\u017c\u0105 do ich otwierania, zamykania oraz uchylania. Dost\u0119pne w r\u00f3\u017cnych stylach, kszta\u0142tach i kolorach do r\u00f3\u017cnych typ\u00f3w okien.\" \/>\n<meta name=\"robots\" content=\"index, follow, max-snippet:-1, max-image-preview:large, max-video-preview:-1\" \/>\n<link rel=\"canonical\" href=\"https:\/\/bertrand.pl\/nl\/product-2\/raamgrepen\/\" \/>\n<meta property=\"og:locale\" content=\"nl_NL\" \/>\n<meta property=\"og:type\" content=\"article\" \/>\n<meta property=\"og:title\" content=\"Klamki okienne HOPPE\" \/>\n<meta property=\"og:description\" content=\"Klamki okienne HOPPE s\u0142u\u017c\u0105 do ich otwierania, zamykania oraz uchylania. Dost\u0119pne w r\u00f3\u017cnych stylach, kszta\u0142tach i kolorach do r\u00f3\u017cnych typ\u00f3w okien.\" \/>\n<meta property=\"og:url\" content=\"https:\/\/bertrand.pl\/nl\/product-2\/raamgrepen\/\" \/>\n<meta property=\"og:site_name\" content=\"Bertrand. Najwy\u017cszej jako\u015bci okna i drzwi. Certyfikowany producent od 1969 roku.\" \/>\n<meta property=\"article:publisher\" content=\"https:\/\/www.facebook.com\/bertrandpolska\/\" \/>\n<meta property=\"article:modified_time\" content=\"2025-08-04T13:19:56+00:00\" \/>\n<meta property=\"og:image\" content=\"https:\/\/bertrand.pl\/wp-content\/uploads\/2024\/08\/IMG_PRO_0643-US944-F1_SALL_APK_V1.webp\" \/>\n\t<meta property=\"og:image:width\" content=\"650\" \/>\n\t<meta property=\"og:image:height\" content=\"650\" \/>\n\t<meta property=\"og:image:type\" content=\"image\/webp\" \/>\n<meta name=\"twitter:card\" content=\"summary_large_image\" \/>\n<meta name=\"twitter:label1\" content=\"Geschatte leestijd\" \/>\n\t<meta name=\"twitter:data1\" content=\"3 minuten\" \/>\n<script type=\"application\/ld+json\" class=\"yoast-schema-graph\">{\"@context\":\"https:\/\/schema.org\",\"@graph\":[{\"@type\":\"WebPage\",\"@id\":\"https:\/\/bertrand.pl\/produkt\/klamki-okienne\/\",\"url\":\"https:\/\/bertrand.pl\/produkt\/klamki-okienne\/\",\"name\":\"Klamki HOPPE w r\u00f3\u017cnych stylach, kszta\u0142tach i kolorach.\",\"isPartOf\":{\"@id\":\"https:\/\/bertrand.pl\/#website\"},\"primaryImageOfPage\":{\"@id\":\"https:\/\/bertrand.pl\/produkt\/klamki-okienne\/#primaryimage\"},\"image\":{\"@id\":\"https:\/\/bertrand.pl\/produkt\/klamki-okienne\/#primaryimage\"},\"thumbnailUrl\":\"https:\/\/bertrand.pl\/wp-content\/uploads\/2024\/08\/IMG_PRO_0643-US944-F1_SALL_APK_V1.webp\",\"datePublished\":\"2024-08-26T08:06:00+00:00\",\"dateModified\":\"2025-08-04T13:19:56+00:00\",\"description\":\"Klamki okienne HOPPE s\u0142u\u017c\u0105 do ich otwierania, zamykania oraz uchylania. Dost\u0119pne w r\u00f3\u017cnych stylach, kszta\u0142tach i kolorach do r\u00f3\u017cnych typ\u00f3w okien.\",\"breadcrumb\":{\"@id\":\"https:\/\/bertrand.pl\/produkt\/klamki-okienne\/#breadcrumb\"},\"inLanguage\":\"nl-NL\",\"potentialAction\":[{\"@type\":\"ReadAction\",\"target\":[\"https:\/\/bertrand.pl\/produkt\/klamki-okienne\/\"]}]},{\"@type\":\"ImageObject\",\"inLanguage\":\"nl-NL\",\"@id\":\"https:\/\/bertrand.pl\/produkt\/klamki-okienne\/#primaryimage\",\"url\":\"https:\/\/bertrand.pl\/wp-content\/uploads\/2024\/08\/IMG_PRO_0643-US944-F1_SALL_APK_V1.webp\",\"contentUrl\":\"https:\/\/bertrand.pl\/wp-content\/uploads\/2024\/08\/IMG_PRO_0643-US944-F1_SALL_APK_V1.webp\",\"width\":650,\"height\":650},{\"@type\":\"BreadcrumbList\",\"@id\":\"https:\/\/bertrand.pl\/produkt\/klamki-okienne\/#breadcrumb\",\"itemListElement\":[{\"@type\":\"ListItem\",\"position\":1,\"name\":\"Strona g\u0142\u00f3wna\",\"item\":\"https:\/\/bertrand.pl\/\"},{\"@type\":\"ListItem\",\"position\":2,\"name\":\"Produits\",\"item\":\"https:\/\/bertrand.pl\/fr\/shop\/\"},{\"@type\":\"ListItem\",\"position\":3,\"name\":\"Klamki okienne HOPPE\"}]},{\"@type\":\"WebSite\",\"@id\":\"https:\/\/bertrand.pl\/#website\",\"url\":\"https:\/\/bertrand.pl\/\",\"name\":\"Bertrand.pl\",\"description\":\"Firma Bertrand to certyfikowany i uznany producent najwy\u017cszej jako\u015bci okien z PVC, z drewna lub aluminium. Produkcja drzwi, rolet i bram gara\u017cowych.\",\"publisher\":{\"@id\":\"https:\/\/bertrand.pl\/#organization\"},\"potentialAction\":[{\"@type\":\"SearchAction\",\"target\":{\"@type\":\"EntryPoint\",\"urlTemplate\":\"https:\/\/bertrand.pl\/?s={search_term_string}\"},\"query-input\":{\"@type\":\"PropertyValueSpecification\",\"valueRequired\":true,\"valueName\":\"search_term_string\"}}],\"inLanguage\":\"nl-NL\"},{\"@type\":\"Organization\",\"@id\":\"https:\/\/bertrand.pl\/#organization\",\"name\":\"Bertrand.pl\",\"url\":\"https:\/\/bertrand.pl\/\",\"logo\":{\"@type\":\"ImageObject\",\"inLanguage\":\"nl-NL\",\"@id\":\"https:\/\/bertrand.pl\/#\/schema\/logo\/image\/\",\"url\":\"https:\/\/bertrand.pl\/wp-content\/uploads\/2024\/12\/logo_BB_TM_PL_black.png\",\"contentUrl\":\"https:\/\/bertrand.pl\/wp-content\/uploads\/2024\/12\/logo_BB_TM_PL_black.png\",\"width\":1831,\"height\":1831,\"caption\":\"Bertrand.pl\"},\"image\":{\"@id\":\"https:\/\/bertrand.pl\/#\/schema\/logo\/image\/\"},\"sameAs\":[\"https:\/\/www.facebook.com\/bertrandpolska\/\",\"https:\/\/www.instagram.com\/bertrand_okna_i_drzwi\/\",\"https:\/\/www.linkedin.com\/company\/bertrand\/\",\"https:\/\/www.tiktok.com\/@bertrand_okna_drzwi\"]}]}<\/script>\n<!-- \/ Yoast SEO Premium plugin. -->","yoast_head_json":{"title":"Klamki HOPPE w r\u00f3\u017cnych stylach, kszta\u0142tach i kolorach.","description":"HOPPE raamkrukken worden gebruikt om ze te openen, sluiten en kantelen. Verkrijgbaar in diverse stijlen, vormen en kleuren voor diverse soorten ramen.","robots":{"index":"index","follow":"follow","max-snippet":"max-snippet:-1","max-image-preview":"max-image-preview:large","max-video-preview":"max-video-preview:-1"},"canonical":"https:\/\/bertrand.pl\/nl\/product-2\/raamgrepen\/","og_locale":"nl_NL","og_type":"article","og_title":"Klamki okienne HOPPE","og_description":"Klamki okienne HOPPE s\u0142u\u017c\u0105 do ich otwierania, zamykania oraz uchylania. Dost\u0119pne w r\u00f3\u017cnych stylach, kszta\u0142tach i kolorach do r\u00f3\u017cnych typ\u00f3w okien.","og_url":"https:\/\/bertrand.pl\/nl\/product-2\/raamgrepen\/","og_site_name":"Bertrand. Najwy\u017cszej jako\u015bci okna i drzwi. Certyfikowany producent od 1969 roku.","article_publisher":"https:\/\/www.facebook.com\/bertrandpolska\/","article_modified_time":"2025-08-04T13:19:56+00:00","og_image":[{"width":650,"height":650,"url":"https:\/\/bertrand.pl\/wp-content\/uploads\/2024\/08\/IMG_PRO_0643-US944-F1_SALL_APK_V1.webp","type":"image\/webp"}],"twitter_card":"summary_large_image","twitter_misc":{"Geschatte leestijd":"3 minuten"},"schema":{"@context":"https:\/\/schema.org","@graph":[{"@type":"WebPage","@id":"https:\/\/bertrand.pl\/produkt\/klamki-okienne\/","url":"https:\/\/bertrand.pl\/produkt\/klamki-okienne\/","name":"Klamki HOPPE w r\u00f3\u017cnych stylach, kszta\u0142tach i kolorach.","isPartOf":{"@id":"https:\/\/bertrand.pl\/#website"},"primaryImageOfPage":{"@id":"https:\/\/bertrand.pl\/produkt\/klamki-okienne\/#primaryimage"},"image":{"@id":"https:\/\/bertrand.pl\/produkt\/klamki-okienne\/#primaryimage"},"thumbnailUrl":"https:\/\/bertrand.pl\/wp-content\/uploads\/2024\/08\/IMG_PRO_0643-US944-F1_SALL_APK_V1.webp","datePublished":"2024-08-26T08:06:00+00:00","dateModified":"2025-08-04T13:19:56+00:00","description":"HOPPE raamkrukken worden gebruikt om ze te openen, sluiten en kantelen. Verkrijgbaar in diverse stijlen, vormen en kleuren voor diverse soorten ramen.","breadcrumb":{"@id":"https:\/\/bertrand.pl\/produkt\/klamki-okienne\/#breadcrumb"},"inLanguage":"nl-NL","potentialAction":[{"@type":"ReadAction","target":["https:\/\/bertrand.pl\/produkt\/klamki-okienne\/"]}]},{"@type":"ImageObject","inLanguage":"nl-NL","@id":"https:\/\/bertrand.pl\/produkt\/klamki-okienne\/#primaryimage","url":"https:\/\/bertrand.pl\/wp-content\/uploads\/2024\/08\/IMG_PRO_0643-US944-F1_SALL_APK_V1.webp","contentUrl":"https:\/\/bertrand.pl\/wp-content\/uploads\/2024\/08\/IMG_PRO_0643-US944-F1_SALL_APK_V1.webp","width":650,"height":650},{"@type":"BreadcrumbList","@id":"https:\/\/bertrand.pl\/produkt\/klamki-okienne\/#breadcrumb","itemListElement":[{"@type":"ListItem","position":1,"name":"Strona g\u0142\u00f3wna","item":"https:\/\/bertrand.pl\/"},{"@type":"ListItem","position":2,"name":"Produits","item":"https:\/\/bertrand.pl\/fr\/shop\/"},{"@type":"ListItem","position":3,"name":"Klamki okienne HOPPE"}]},{"@type":"WebSite","@id":"https:\/\/bertrand.pl\/#website","url":"https:\/\/bertrand.pl\/","name":"Bertrand.pl","description":"Firma Bertrand to certyfikowany i uznany producent najwy\u017cszej jako\u015bci okien z PVC, z drewna lub aluminium. Produkcja drzwi, rolet i bram gara\u017cowych.","publisher":{"@id":"https:\/\/bertrand.pl\/#organization"},"potentialAction":[{"@type":"SearchAction","target":{"@type":"EntryPoint","urlTemplate":"https:\/\/bertrand.pl\/?s={search_term_string}"},"query-input":{"@type":"PropertyValueSpecification","valueRequired":true,"valueName":"search_term_string"}}],"inLanguage":"nl-NL"},{"@type":"Organization","@id":"https:\/\/bertrand.pl\/#organization","name":"Bertrand.pl","url":"https:\/\/bertrand.pl\/","logo":{"@type":"ImageObject","inLanguage":"nl-NL","@id":"https:\/\/bertrand.pl\/#\/schema\/logo\/image\/","url":"https:\/\/bertrand.pl\/wp-content\/uploads\/2024\/12\/logo_BB_TM_PL_black.png","contentUrl":"https:\/\/bertrand.pl\/wp-content\/uploads\/2024\/12\/logo_BB_TM_PL_black.png","width":1831,"height":1831,"caption":"Bertrand.pl"},"image":{"@id":"https:\/\/bertrand.pl\/#\/schema\/logo\/image\/"},"sameAs":["https:\/\/www.facebook.com\/bertrandpolska\/","https:\/\/www.instagram.com\/bertrand_okna_i_drzwi\/","https:\/\/www.linkedin.com\/company\/bertrand\/","https:\/\/www.tiktok.com\/@bertrand_okna_drzwi"]}]}},"_links":{"self":[{"href":"https:\/\/bertrand.pl\/nl\/wp-json\/wp\/v2\/product\/4810","targetHints":{"allow":["GET"]}}],"collection":[{"href":"https:\/\/bertrand.pl\/nl\/wp-json\/wp\/v2\/product"}],"about":[{"href":"https:\/\/bertrand.pl\/nl\/wp-json\/wp\/v2\/types\/product"}],"wp:featuredmedia":[{"embeddable":true,"href":"https:\/\/bertrand.pl\/nl\/wp-json\/wp\/v2\/media\/4820"}],"wp:attachment":[{"href":"https:\/\/bertrand.pl\/nl\/wp-json\/wp\/v2\/media?parent=4810"}],"wp:term":[{"taxonomy":"product_brand","embeddable":true,"href":"https:\/\/bertrand.pl\/nl\/wp-json\/wp\/v2\/product_brand?post=4810"},{"taxonomy":"product_cat","embeddable":true,"href":"https:\/\/bertrand.pl\/nl\/wp-json\/wp\/v2\/product_cat?post=4810"},{"taxonomy":"product_tag","embeddable":true,"href":"https:\/\/bertrand.pl\/nl\/wp-json\/wp\/v2\/product_tag?post=4810"}],"curies":[{"name":"wp","href":"https:\/\/api.w.org\/{rel}","templated":true}]}}