{"id":4989,"date":"2025-03-13T13:17:47","date_gmt":"2025-03-13T12:17:47","guid":{"rendered":"https:\/\/bertrand.pl\/?post_type=product&#038;p=4989"},"modified":"2025-07-10T14:35:06","modified_gmt":"2025-07-10T12:35:06","slug":"hst-combisysteem","status":"publish","type":"product","link":"https:\/\/bertrand.pl\/nl\/produkt\/hst-kombisystem\/","title":{"rendered":"HST Kombisystem"},"content":{"rendered":"<div class=\"StyledCard-sc-1myzh1n jKZHfM\">\n<h4><strong>HST Kombisysteem \u2013 Comfort en elegantie in het comfort van uw huis<\/strong><\/h4>\n<p>&nbsp;<\/p>\n<p class=\"translation-block\"><strong>HST Kombisystem<\/strong> hef- en schuifdeuren zijn ontworpen voor maximaal comfort en unieke esthetiek. Dankzij innovatieve technische oplossingen bieden ze gebruiksgemak, waardoor zelfs grote elementen vrijwel moeiteloos kunnen worden verplaatst. Dit is een ideale oplossing voor mensen die waarde hechten aan comfort en functionaliteit bij dagelijks gebruik.<\/p>\n<p>Bovendien garandeert de uitgebreide beglazing van het HST Kombisysteem een maximale verlichting van het interieur, wat het wooncomfort aanzienlijk verhoogt. Hierdoor worden de interieurs licht en ruim, ongeacht of de deuren open of gesloten zijn. Bovendien elimineert de vrijwel onzichtbare drempel de grens tussen binnen- en buitenruimte, waardoor een vloeiende overgang naar terras of tuin ontstaat. Deze oplossing verhoogt niet alleen het gebruiksgemak, maar benadrukt ook het moderne design van het gebouw.<\/p>\n<p>&nbsp;<\/p>\n<h4><strong>Lichter en moderner ontwerp<\/strong><\/h4>\n<p>&nbsp;<\/p>\n<p class=\"translation-block\">De <strong>HST Kombisystem Design-<\/strong> versie is gemaakt voor liefhebbers van natuurlijk licht en moderne oplossingen. In plaats van een traditioneel blad maakt het vaste segment gebruik van een innovatief beglaasd profiel dat de breedte van het gezicht met ruim 50% verkleint. Hierdoor komt er nog meer licht het interieur binnen, waardoor het optisch groter en ruimtelijker wordt.<\/p>\n<p>Ook kan niet worden genegeerd dat dit moderne systeem perfect past in de huidige architectuurtrends. De subtiele profielstructuur en het minimalistische design maken HST Kombisysteemdeuren een elegant element in elke opstelling, ongeacht de interieur- of gevelstijl.<\/p>\n<p>&nbsp;<\/p>\n<h4><strong>Innovatie en functionaliteit van HST Kombisysteem<\/strong><\/h4>\n<p>&nbsp;<\/p>\n<p>Deze deuren zien er niet alleen geweldig uit, maar bieden ook een hoog gebruikscomfort. De soepele werking van de mechanismen maakt de deurbediening intu\u00eftief en probleemloos. Bovendien verbetert een lage drempel de toegankelijkheid, wat vooral belangrijk is voor ouderen, kinderen en rolstoelgebruikers.<\/p>\n<p>Dit systeem is perfect voor eengezinswoningen, appartementen en moderne commerci\u00eble projecten. De combinatie van esthetiek, functionaliteit en duurzaamheid maakt dit systeem tot een van de meest uitgebreide oplossingen op de markt.<\/p>\n<h3><\/h3>\n<p class=\"translation-block\"><strong>HST Kombisysteemdeuren<\/strong> zijn een perfecte combinatie van comfort, elegantie en moderniteit. Dankzij grote beglazing, innovatieve oplossingen en praktisch ontwerp voldoet dit systeem aan de verwachtingen van de meest veeleisende gebruikers.<\/p>\n<p>&nbsp;<\/p>\n<h4><strong>Belangrijkste voordelen:<\/strong><\/h4>\n<p>&nbsp;<\/p>\n<ul>\n<li>Verplaats grote voorwerpen eenvoudig en moeiteloos.<\/li>\n<li>Maximale verlichting van het interieur dankzij grote beglazing.<\/li>\n<li>Onzichtbare drempel voor een naadloze verbinding tussen binnen- en buitenruimte.<\/li>\n<li>Een innovatief beglaasd profiel in de Design-versie, waardoor de breedte van het gezicht met meer dan 50% wordt verminderd.<\/li>\n<\/ul>\n<\/div>\n<p>&nbsp;<\/p>\n<h5><strong>ZIE OOK:<\/strong><\/h5>\n<p>&nbsp;<\/p>\n<p><strong><a href=\"https:\/\/bertrand.pl\/nl\/hst-panorama\/\">HST Panorama \u2013 Panoramische terrasdeuren voor uw huis \u2013 Bertrand.pl<\/a><\/strong><\/p>\n<p><strong><a href=\"https:\/\/www.youtube.com\/watch?v=CF4ubhWJ5B4&amp;t=3s\">Combisysteem MD &amp; Acrylcolor\u00ae-technologie<\/a><\/strong><\/p>\n<p>&nbsp;<\/p>","protected":false},"excerpt":{"rendered":"<p><strong>COMFORT EN LICHT DANKZIJ HET HST KOMBISYSTEEM<\/strong><\/p>\n<p>HST-hefschuifdeuren bieden een gemakkelijke verplaatsing van grote elementen en een uitstekende binnenverlichting dankzij de grote beglazing. In de designversie is het beglaasde profiel 50% smaller, waardoor er nog meer natuurlijk licht binnenkomt.<\/p>","protected":false},"featured_media":5003,"template":"","meta":{"site-sidebar-layout":"default","site-content-layout":"","ast-site-content-layout":"default","site-content-style":"default","site-sidebar-style":"default","ast-global-header-display":"","ast-banner-title-visibility":"","ast-main-header-display":"","ast-hfb-above-header-display":"","ast-hfb-below-header-display":"","ast-hfb-mobile-header-display":"","site-post-title":"","ast-breadcrumbs-content":"","ast-featured-img":"","footer-sml-layout":"","ast-disable-related-posts":"","theme-transparent-header-meta":"default","adv-header-id-meta":"","stick-header-meta":"","header-above-stick-meta":"","header-main-stick-meta":"","header-below-stick-meta":"","astra-migrate-meta-layouts":"set","ast-page-background-enabled":"default","ast-page-background-meta":{"desktop":{"background-color":"var(--ast-global-color-4)","background-image":"","background-repeat":"repeat","background-position":"center center","background-size":"auto","background-attachment":"scroll","background-type":"","background-media":"","overlay-type":"","overlay-color":"","overlay-opacity":"","overlay-gradient":""},"tablet":{"background-color":"","background-image":"","background-repeat":"repeat","background-position":"center center","background-size":"auto","background-attachment":"scroll","background-type":"","background-media":"","overlay-type":"","overlay-color":"","overlay-opacity":"","overlay-gradient":""},"mobile":{"background-color":"","background-image":"","background-repeat":"repeat","background-position":"center center","background-size":"auto","background-attachment":"scroll","background-type":"","background-media":"","overlay-type":"","overlay-color":"","overlay-opacity":"","overlay-gradient":""}},"ast-content-background-meta":{"desktop":{"background-color":"var(--ast-global-color-5)","background-image":"","background-repeat":"repeat","background-position":"center center","background-size":"auto","background-attachment":"scroll","background-type":"","background-media":"","overlay-type":"","overlay-color":"","overlay-opacity":"","overlay-gradient":""},"tablet":{"background-color":"var(--ast-global-color-5)","background-image":"","background-repeat":"repeat","background-position":"center center","background-size":"auto","background-attachment":"scroll","background-type":"","background-media":"","overlay-type":"","overlay-color":"","overlay-opacity":"","overlay-gradient":""},"mobile":{"background-color":"var(--ast-global-color-5)","background-image":"","background-repeat":"repeat","background-position":"center center","background-size":"auto","background-attachment":"scroll","background-type":"","background-media":"","overlay-type":"","overlay-color":"","overlay-opacity":"","overlay-gradient":""}}},"product_brand":[],"product_cat":[18],"product_tag":[168,717,339,711,702,345,709,697,334,344,408,704,453,714,662,402,366,710,715,646,699,700,459,716,705,701,707,706,698,713,708,712,703],"class_list":{"0":"post-4989","1":"product","2":"type-product","3":"status-publish","4":"has-post-thumbnail","6":"product_cat-systemy-tarasowe","7":"product_tag-bertrand","8":"product_tag-bertrand-okna-i-drzwi","9":"product_tag-design","10":"product_tag-domowe-przeszklenia","11":"product_tag-doswietlenie-wnetrza","12":"product_tag-drzwi-balkonowe","13":"product_tag-drzwi-do-salonu","14":"product_tag-drzwi-podnosno-przesuwne","15":"product_tag-drzwi-tarasowe","16":"product_tag-duze-okna","17":"product_tag-duze-przeszklenia","18":"product_tag-eleganckie-drzwi","19":"product_tag-energooszczednosc","20":"product_tag-ergonomia","21":"product_tag-funkcjonalnosc","22":"product_tag-hst","23":"product_tag-komfort","24":"product_tag-latwe-przesuwanie","25":"product_tag-lekkosc-przesuwania","26":"product_tag-minimalistyczny-design","27":"product_tag-naturalne-swiatlo","28":"product_tag-niski-prog","29":"product_tag-nowoczesne-drzwi","30":"product_tag-nowoczesne-wnetrza","31":"product_tag-oszczednosc-miejsca","32":"product_tag-plynne-przejscie","33":"product_tag-przestrzen-wewnetrzna","34":"product_tag-przestrzen-zewnetrzna","35":"product_tag-przesuwne-drzwi","36":"product_tag-rozwiazania-premium","37":"product_tag-stylowe-przeszklenia","38":"product_tag-wspolczesna-architektura","39":"product_tag-wygoda","40":"desktop-align-left","41":"tablet-align-left","42":"mobile-align-left","44":"first","45":"instock","46":"shipping-taxable","47":"product-type-simple"},"yoast_head":"<!-- This site is optimized with the Yoast SEO Premium plugin v27.2 (Yoast SEO v27.2) - https:\/\/yoast.com\/product\/yoast-seo-premium-wordpress\/ -->\n<title>HST Kombisystem \u2013 komfort bez granic.<\/title>\n<meta name=\"description\" content=\"HST Kombisystem to idealne rozwi\u0105zanie dla mi\u0142o\u015bnik\u00f3w naturalnego \u015bwiat\u0142a. Innowacyjny profil pozwala na zredukowanie szeroko\u015bci lica o ponad 50%.\" \/>\n<meta name=\"robots\" content=\"index, follow, max-snippet:-1, max-image-preview:large, max-video-preview:-1\" \/>\n<link rel=\"canonical\" href=\"https:\/\/bertrand.pl\/nl\/product-2\/hst-combisysteem\/\" \/>\n<meta property=\"og:locale\" content=\"nl_NL\" \/>\n<meta property=\"og:type\" content=\"article\" \/>\n<meta property=\"og:title\" content=\"HST Kombisystem\" \/>\n<meta property=\"og:description\" content=\"HST Kombisystem to idealne rozwi\u0105zanie dla mi\u0142o\u015bnik\u00f3w naturalnego \u015bwiat\u0142a. Innowacyjny profil pozwala na zredukowanie szeroko\u015bci lica o ponad 50%.\" \/>\n<meta property=\"og:url\" content=\"https:\/\/bertrand.pl\/nl\/product-2\/hst-combisysteem\/\" \/>\n<meta property=\"og:site_name\" content=\"Bertrand. Najwy\u017cszej jako\u015bci okna i drzwi. Certyfikowany producent od 1969 roku.\" \/>\n<meta property=\"article:publisher\" content=\"https:\/\/www.facebook.com\/bertrandpolska\/\" \/>\n<meta property=\"article:modified_time\" content=\"2025-07-10T12:35:06+00:00\" \/>\n<meta property=\"og:image\" content=\"https:\/\/bertrand.pl\/wp-content\/uploads\/2024\/09\/hst_kombisystem.png\" \/>\n\t<meta property=\"og:image:width\" content=\"821\" \/>\n\t<meta property=\"og:image:height\" content=\"821\" \/>\n\t<meta property=\"og:image:type\" content=\"image\/png\" \/>\n<meta name=\"twitter:card\" content=\"summary_large_image\" \/>\n<meta name=\"twitter:label1\" content=\"Geschatte leestijd\" \/>\n\t<meta name=\"twitter:data1\" content=\"3 minuten\" \/>\n<script type=\"application\/ld+json\" class=\"yoast-schema-graph\">{\"@context\":\"https:\/\/schema.org\",\"@graph\":[{\"@type\":\"WebPage\",\"@id\":\"https:\/\/bertrand.pl\/produkt\/hst-kombisystem\/\",\"url\":\"https:\/\/bertrand.pl\/produkt\/hst-kombisystem\/\",\"name\":\"HST Kombisystem \u2013 komfort bez granic.\",\"isPartOf\":{\"@id\":\"https:\/\/bertrand.pl\/#website\"},\"primaryImageOfPage\":{\"@id\":\"https:\/\/bertrand.pl\/produkt\/hst-kombisystem\/#primaryimage\"},\"image\":{\"@id\":\"https:\/\/bertrand.pl\/produkt\/hst-kombisystem\/#primaryimage\"},\"thumbnailUrl\":\"https:\/\/bertrand.pl\/wp-content\/uploads\/2024\/09\/hst_kombisystem.png\",\"datePublished\":\"2025-03-13T12:17:47+00:00\",\"dateModified\":\"2025-07-10T12:35:06+00:00\",\"description\":\"HST Kombisystem to idealne rozwi\u0105zanie dla mi\u0142o\u015bnik\u00f3w naturalnego \u015bwiat\u0142a. Innowacyjny profil pozwala na zredukowanie szeroko\u015bci lica o ponad 50%.\",\"breadcrumb\":{\"@id\":\"https:\/\/bertrand.pl\/produkt\/hst-kombisystem\/#breadcrumb\"},\"inLanguage\":\"nl-NL\",\"potentialAction\":[{\"@type\":\"ReadAction\",\"target\":[\"https:\/\/bertrand.pl\/produkt\/hst-kombisystem\/\"]}]},{\"@type\":\"ImageObject\",\"inLanguage\":\"nl-NL\",\"@id\":\"https:\/\/bertrand.pl\/produkt\/hst-kombisystem\/#primaryimage\",\"url\":\"https:\/\/bertrand.pl\/wp-content\/uploads\/2024\/09\/hst_kombisystem.png\",\"contentUrl\":\"https:\/\/bertrand.pl\/wp-content\/uploads\/2024\/09\/hst_kombisystem.png\",\"width\":821,\"height\":821,\"caption\":\"HST Kombisystem to doskona\u0142e po\u0142\u0105czenie komfortu, elegancji i nowoczesno\u015bci.\"},{\"@type\":\"BreadcrumbList\",\"@id\":\"https:\/\/bertrand.pl\/produkt\/hst-kombisystem\/#breadcrumb\",\"itemListElement\":[{\"@type\":\"ListItem\",\"position\":1,\"name\":\"Strona g\u0142\u00f3wna\",\"item\":\"https:\/\/bertrand.pl\/\"},{\"@type\":\"ListItem\",\"position\":2,\"name\":\"Produits\",\"item\":\"https:\/\/bertrand.pl\/fr\/shop\/\"},{\"@type\":\"ListItem\",\"position\":3,\"name\":\"HST Kombisystem\"}]},{\"@type\":\"WebSite\",\"@id\":\"https:\/\/bertrand.pl\/#website\",\"url\":\"https:\/\/bertrand.pl\/\",\"name\":\"Bertrand.pl\",\"description\":\"Firma Bertrand to certyfikowany i uznany producent najwy\u017cszej jako\u015bci okien z PVC, z drewna lub aluminium. Produkcja drzwi, rolet i bram gara\u017cowych.\",\"publisher\":{\"@id\":\"https:\/\/bertrand.pl\/#organization\"},\"potentialAction\":[{\"@type\":\"SearchAction\",\"target\":{\"@type\":\"EntryPoint\",\"urlTemplate\":\"https:\/\/bertrand.pl\/?s={search_term_string}\"},\"query-input\":{\"@type\":\"PropertyValueSpecification\",\"valueRequired\":true,\"valueName\":\"search_term_string\"}}],\"inLanguage\":\"nl-NL\"},{\"@type\":\"Organization\",\"@id\":\"https:\/\/bertrand.pl\/#organization\",\"name\":\"Bertrand.pl\",\"url\":\"https:\/\/bertrand.pl\/\",\"logo\":{\"@type\":\"ImageObject\",\"inLanguage\":\"nl-NL\",\"@id\":\"https:\/\/bertrand.pl\/#\/schema\/logo\/image\/\",\"url\":\"https:\/\/bertrand.pl\/wp-content\/uploads\/2024\/12\/logo_BB_TM_PL_black.png\",\"contentUrl\":\"https:\/\/bertrand.pl\/wp-content\/uploads\/2024\/12\/logo_BB_TM_PL_black.png\",\"width\":1831,\"height\":1831,\"caption\":\"Bertrand.pl\"},\"image\":{\"@id\":\"https:\/\/bertrand.pl\/#\/schema\/logo\/image\/\"},\"sameAs\":[\"https:\/\/www.facebook.com\/bertrandpolska\/\",\"https:\/\/www.instagram.com\/bertrand_okna_i_drzwi\/\",\"https:\/\/www.linkedin.com\/company\/bertrand\/\",\"https:\/\/www.tiktok.com\/@bertrand_okna_drzwi\"]}]}<\/script>\n<!-- \/ Yoast SEO Premium plugin. -->","yoast_head_json":{"title":"HST Kombisystem \u2013 komfort bez granic.","description":"HST Kombisysteem is de perfecte oplossing voor liefhebbers van natuurlijk licht. Dankzij het innovatieve profiel kunt u de breedte van het gezicht met meer dan 50% verminderen.","robots":{"index":"index","follow":"follow","max-snippet":"max-snippet:-1","max-image-preview":"max-image-preview:large","max-video-preview":"max-video-preview:-1"},"canonical":"https:\/\/bertrand.pl\/nl\/product-2\/hst-combisysteem\/","og_locale":"nl_NL","og_type":"article","og_title":"HST Kombisystem","og_description":"HST Kombisystem to idealne rozwi\u0105zanie dla mi\u0142o\u015bnik\u00f3w naturalnego \u015bwiat\u0142a. Innowacyjny profil pozwala na zredukowanie szeroko\u015bci lica o ponad 50%.","og_url":"https:\/\/bertrand.pl\/nl\/product-2\/hst-combisysteem\/","og_site_name":"Bertrand. Najwy\u017cszej jako\u015bci okna i drzwi. Certyfikowany producent od 1969 roku.","article_publisher":"https:\/\/www.facebook.com\/bertrandpolska\/","article_modified_time":"2025-07-10T12:35:06+00:00","og_image":[{"width":821,"height":821,"url":"https:\/\/bertrand.pl\/wp-content\/uploads\/2024\/09\/hst_kombisystem.png","type":"image\/png"}],"twitter_card":"summary_large_image","twitter_misc":{"Geschatte leestijd":"3 minuten"},"schema":{"@context":"https:\/\/schema.org","@graph":[{"@type":"WebPage","@id":"https:\/\/bertrand.pl\/produkt\/hst-kombisystem\/","url":"https:\/\/bertrand.pl\/produkt\/hst-kombisystem\/","name":"HST Kombisystem \u2013 komfort bez granic.","isPartOf":{"@id":"https:\/\/bertrand.pl\/#website"},"primaryImageOfPage":{"@id":"https:\/\/bertrand.pl\/produkt\/hst-kombisystem\/#primaryimage"},"image":{"@id":"https:\/\/bertrand.pl\/produkt\/hst-kombisystem\/#primaryimage"},"thumbnailUrl":"https:\/\/bertrand.pl\/wp-content\/uploads\/2024\/09\/hst_kombisystem.png","datePublished":"2025-03-13T12:17:47+00:00","dateModified":"2025-07-10T12:35:06+00:00","description":"HST Kombisysteem is de perfecte oplossing voor liefhebbers van natuurlijk licht. Dankzij het innovatieve profiel kunt u de breedte van het gezicht met meer dan 50% verminderen.","breadcrumb":{"@id":"https:\/\/bertrand.pl\/produkt\/hst-kombisystem\/#breadcrumb"},"inLanguage":"nl-NL","potentialAction":[{"@type":"ReadAction","target":["https:\/\/bertrand.pl\/produkt\/hst-kombisystem\/"]}]},{"@type":"ImageObject","inLanguage":"nl-NL","@id":"https:\/\/bertrand.pl\/produkt\/hst-kombisystem\/#primaryimage","url":"https:\/\/bertrand.pl\/wp-content\/uploads\/2024\/09\/hst_kombisystem.png","contentUrl":"https:\/\/bertrand.pl\/wp-content\/uploads\/2024\/09\/hst_kombisystem.png","width":821,"height":821,"caption":"HST Kombisystem to doskona\u0142e po\u0142\u0105czenie komfortu, elegancji i nowoczesno\u015bci."},{"@type":"BreadcrumbList","@id":"https:\/\/bertrand.pl\/produkt\/hst-kombisystem\/#breadcrumb","itemListElement":[{"@type":"ListItem","position":1,"name":"Strona g\u0142\u00f3wna","item":"https:\/\/bertrand.pl\/"},{"@type":"ListItem","position":2,"name":"Produits","item":"https:\/\/bertrand.pl\/fr\/shop\/"},{"@type":"ListItem","position":3,"name":"HST Kombisystem"}]},{"@type":"WebSite","@id":"https:\/\/bertrand.pl\/#website","url":"https:\/\/bertrand.pl\/","name":"Bertrand.pl","description":"Firma Bertrand to certyfikowany i uznany producent najwy\u017cszej jako\u015bci okien z PVC, z drewna lub aluminium. Produkcja drzwi, rolet i bram gara\u017cowych.","publisher":{"@id":"https:\/\/bertrand.pl\/#organization"},"potentialAction":[{"@type":"SearchAction","target":{"@type":"EntryPoint","urlTemplate":"https:\/\/bertrand.pl\/?s={search_term_string}"},"query-input":{"@type":"PropertyValueSpecification","valueRequired":true,"valueName":"search_term_string"}}],"inLanguage":"nl-NL"},{"@type":"Organization","@id":"https:\/\/bertrand.pl\/#organization","name":"Bertrand.pl","url":"https:\/\/bertrand.pl\/","logo":{"@type":"ImageObject","inLanguage":"nl-NL","@id":"https:\/\/bertrand.pl\/#\/schema\/logo\/image\/","url":"https:\/\/bertrand.pl\/wp-content\/uploads\/2024\/12\/logo_BB_TM_PL_black.png","contentUrl":"https:\/\/bertrand.pl\/wp-content\/uploads\/2024\/12\/logo_BB_TM_PL_black.png","width":1831,"height":1831,"caption":"Bertrand.pl"},"image":{"@id":"https:\/\/bertrand.pl\/#\/schema\/logo\/image\/"},"sameAs":["https:\/\/www.facebook.com\/bertrandpolska\/","https:\/\/www.instagram.com\/bertrand_okna_i_drzwi\/","https:\/\/www.linkedin.com\/company\/bertrand\/","https:\/\/www.tiktok.com\/@bertrand_okna_drzwi"]}]}},"_links":{"self":[{"href":"https:\/\/bertrand.pl\/nl\/wp-json\/wp\/v2\/product\/4989","targetHints":{"allow":["GET"]}}],"collection":[{"href":"https:\/\/bertrand.pl\/nl\/wp-json\/wp\/v2\/product"}],"about":[{"href":"https:\/\/bertrand.pl\/nl\/wp-json\/wp\/v2\/types\/product"}],"wp:featuredmedia":[{"embeddable":true,"href":"https:\/\/bertrand.pl\/nl\/wp-json\/wp\/v2\/media\/5003"}],"wp:attachment":[{"href":"https:\/\/bertrand.pl\/nl\/wp-json\/wp\/v2\/media?parent=4989"}],"wp:term":[{"taxonomy":"product_brand","embeddable":true,"href":"https:\/\/bertrand.pl\/nl\/wp-json\/wp\/v2\/product_brand?post=4989"},{"taxonomy":"product_cat","embeddable":true,"href":"https:\/\/bertrand.pl\/nl\/wp-json\/wp\/v2\/product_cat?post=4989"},{"taxonomy":"product_tag","embeddable":true,"href":"https:\/\/bertrand.pl\/nl\/wp-json\/wp\/v2\/product_tag?post=4989"}],"curies":[{"name":"wp","href":"https:\/\/api.w.org\/{rel}","templated":true}]}}