{"id":5081,"date":"2024-09-17T13:25:51","date_gmt":"2024-09-17T11:25:51","guid":{"rendered":"https:\/\/bertrand.pl\/?post_type=product&#038;p=5081"},"modified":"2025-07-14T15:18:42","modified_gmt":"2025-07-14T13:18:42","slug":"mb-59u","status":"publish","type":"product","link":"https:\/\/bertrand.pl\/nl\/produkt\/mb-59hs\/","title":{"rendered":"MB-59HS"},"content":{"rendered":"<h3>MB-59HS schuifdeuren \u2013 een moderne oplossing voor uw huis<\/h3>\n<p>&nbsp;<\/p>\n<p>Schuifdeuren <strong>MB-59HS<\/strong> is een geavanceerd aluminium hefschuifdeursysteem dat perfect geschikt is voor eengezinswoningen. Dankzij het gebruik van innovatieve technologie\u00ebn en hoogwaardige materialen combineert dit systeem elegantie met functionaliteit. Bovendien wordt MB-59HS gekenmerkt door uitzonderlijke thermische isolatie, waardoor het een uitstekende keuze is voor energiezuinige gebouwen.<\/p>\n<p>&nbsp;<\/p>\n<h3>Belangrijkste kenmerken van het MB-59HS-systeem<\/h3>\n<p>&nbsp;<\/p>\n<p>Deur <strong>MB-59HS<\/strong> ze bieden indrukwekkende deurafmetingen, die een hoogte tot 2,8 m en een breedte tot 3,3 m kunnen bereiken. Het maximale gewicht van het deurblad bedraagt maar liefst 300 kg, wat het gebruik van grote beglazing mogelijk maakt, waardoor meer licht binnenkomt. naar het interieur. Hierdoor worden de interieurs licht en ruim, wat het gebruikscomfort positief be\u00efnvloedt.<\/p>\n<p>Het systeem is gebaseerd op aluminium profielen met drie kamers, die slank, duurzaam zijn en bovendien zijn uitgerust met isolatiekamers en brede thermische onderbrekingen. Met deurkozijnen die beschikbaar zijn in twee- en drierailversies kunt u esthetische en functionele beglazing cre\u00ebren met een breed doorgangsoppervlak.<\/p>\n<p>&nbsp;<\/p>\n<h3>Uitzonderlijke isolatie en dichtheid<\/h3>\n<p>&nbsp;<\/p>\n<p>Schuifdeuren <strong>MB-59HS<\/strong> zorgen voor een uitstekende thermische isolatie dankzij het gebruik van thermische onderbrekingen en inzetstukken van polyethyleen. Bovendien garanderen speciale afdichtingen en moderne fittingen de water- en luchtdichtheid, wat van groot belang is bij wisselende weersomstandigheden.<\/p>\n<p>Het systeem maakt het gebruik van beglazingen met een dikte tot 42 mm mogelijk, wat een flexibele keuze van glas met verschillende parameters mogelijk maakt. Permanente verblijven in het deurkozijn zijn een economische en esthetische oplossing, vooral bij projecten gericht op kostenoptimalisatie.<\/p>\n<p>&nbsp;<\/p>\n<h3>Gebruikscomfort en veelzijdigheid<\/h3>\n<p>&nbsp;<\/p>\n<p>De MB-59HS-deuren zijn bovendien uitzonderlijk comfortabel in gebruik. De lage drempel vergemakkelijkt de doorgang aanzienlijk, wat vooral belangrijk is voor ouderen en gehandicapten. Bovendien maakt de universaliteit van de beslagen het systeem compatibel met de meeste verkrijgbare hef-schuifbeslag.<\/p>\n<p>Systeem <strong>MB-59HS<\/strong> kan zowel in individuele ontwikkelingen als in constructies zoals paal- en balkgevels of wintertuinen worden gebruikt. Dankzij de eenvoudige productietechnologie reduceert het systeem de productietijd en -kosten, wat de aantrekkelijkheid ervan verder vergroot.<\/p>\n<h3><\/h3>\n<p>Schuifdeuren <strong>MB-59HS<\/strong> is een oplossing die modern design, uitstekende thermische isolatie en functionaliteit combineert. Dankzij zijn veelzijdigheid en hoge technische parameters is dit systeem ideaal voor zowel eengezinswoningen als meer geavanceerde architecturale projecten.<\/p>\n<p>&nbsp;<\/p>\n<figure id=\"attachment_5082\" aria-describedby=\"caption-attachment-5082\" style=\"width: 603px\" class=\"wp-caption alignnone\"><img fetchpriority=\"high\" decoding=\"async\" class=\"wp-image-5082\" src=\"https:\/\/bertrand.pl\/wp-content\/uploads\/2024\/09\/MB_59HS.webp\" alt=\"MB-59HS is een oplossing die modern design, uitstekende thermische isolatie en functionaliteit combineert.\" width=\"603\" height=\"339\" srcset=\"https:\/\/bertrand.pl\/wp-content\/uploads\/2024\/09\/MB_59HS.webp 850w, https:\/\/bertrand.pl\/wp-content\/uploads\/2024\/09\/MB_59HS-420x236.webp 420w, https:\/\/bertrand.pl\/wp-content\/uploads\/2024\/09\/MB_59HS-768x432.webp 768w, https:\/\/bertrand.pl\/wp-content\/uploads\/2024\/09\/MB_59HS-18x10.webp 18w, https:\/\/bertrand.pl\/wp-content\/uploads\/2024\/09\/MB_59HS-600x337.webp 600w\" sizes=\"(max-width: 603px) 100vw, 603px\" \/><figcaption id=\"caption-attachment-5082\" class=\"wp-caption-text\">MB-59HS<\/figcaption><\/figure>\n<p>&nbsp;<\/p>\n<p><strong>Systeemvoordelen:<\/strong><\/p>\n<ul>\n<li><strong>Indrukwekkende afmetingen van de vleugels<\/strong> \u2013 hoogte tot 2,8 m, breedte tot 3,3 m, maximaal vleugelgewicht 300 kg.<\/li>\n<li><strong>Aluminiumprofielen met drie kamers<\/strong> \u2013 slank, duurzaam, met een isolatiekamer en brede thermische onderbrekingen.<\/li>\n<li><strong>Deurkozijnen met 2 en 3 rails<\/strong> \u2013 zorg voor een ruime doorgangsopening.<\/li>\n<li><strong>Beglazing tot 42 mm<\/strong> \u2013 flexibele selectie van glas met verschillende parameters.<\/li>\n<li><strong>Permanente verblijfplaats in het deurkozijn<\/strong> \u2013 economische en esthetische oplossing.<\/li>\n<li><strong>Thermische isolatie<\/strong> \u2013 lage Uf-co\u00ebffici\u00ebnt dankzij thermische onderbrekingen en inzetstukken van polyethyleen.<\/li>\n<li><strong>Water- en luchtdichtheid<\/strong> \u2013 gegarandeerd door speciale afdichtingen en fittingen.<\/li>\n<li><strong>Universele fittingen<\/strong> \u2013 compatibiliteit met de meeste hef-schuifbeslagen.<\/li>\n<li><strong>Lage drempel<\/strong> \u2013 gemak voor ouderen en gehandicapten.<\/li>\n<li><strong>Veelzijdige montage<\/strong> \u2013 voor individuele ontwikkeling, paal- en balkgevels, wintertuinen.<\/li>\n<li style=\"text-align: left;\"><strong>Eenvoudige productietechnologie<\/strong> \u2013 reductie van productietijd en -kosten.<br \/>\n<h4><\/h4>\n<h4><strong>ZIE OOK:\u00a0<\/strong><\/h4>\n<\/li>\n<\/ul>\n<p><a href=\"https:\/\/www.youtube.com\/watch?v=trEB1Duys_M\">Ferroline \u2013 Tijdloze esthetiek, moderne prestaties<\/a><\/p>\n<p><a href=\"https:\/\/bertrand.pl\/nl\/ramen-voor-uw-huis\/\">Hoe u de juiste ramen voor uw huis kiest \u2013 Bertrand.pl<\/a><\/p>","protected":false},"excerpt":{"rendered":"<p class=\"h2\"><strong>HEF- EN SCHUIFDEURSYSTEEM<\/strong><\/p>\n<p>De aluminium hef-schuifdeuren MB-59HS zijn een uitstekende keuze voor eengezinswoningen. Dit systeem zorgt dankzij de brede thermische onderbrekingen, inzetstukken van polyethyleen en kunststof profielen met kamers in thermische isolatiestrips voor een lage warmteoverdrachtsco\u00ebffici\u00ebnt. Modern beslag en speciaal ontworpen afdichtingen zorgen ervoor dat de vleugel in de laatste sluitfase zachtjes op het kozijn valt, wat een uitstekende water- en luchtdichtheid garandeert.<\/p>","protected":false},"featured_media":5083,"template":"","meta":{"site-sidebar-layout":"default","site-content-layout":"","ast-site-content-layout":"default","site-content-style":"default","site-sidebar-style":"default","ast-global-header-display":"","ast-banner-title-visibility":"","ast-main-header-display":"","ast-hfb-above-header-display":"","ast-hfb-below-header-display":"","ast-hfb-mobile-header-display":"","site-post-title":"","ast-breadcrumbs-content":"","ast-featured-img":"","footer-sml-layout":"","ast-disable-related-posts":"","theme-transparent-header-meta":"default","adv-header-id-meta":"","stick-header-meta":"","header-above-stick-meta":"","header-main-stick-meta":"","header-below-stick-meta":"","astra-migrate-meta-layouts":"set","ast-page-background-enabled":"default","ast-page-background-meta":{"desktop":{"background-color":"var(--ast-global-color-4)","background-image":"","background-repeat":"repeat","background-position":"center center","background-size":"auto","background-attachment":"scroll","background-type":"","background-media":"","overlay-type":"","overlay-color":"","overlay-opacity":"","overlay-gradient":""},"tablet":{"background-color":"","background-image":"","background-repeat":"repeat","background-position":"center center","background-size":"auto","background-attachment":"scroll","background-type":"","background-media":"","overlay-type":"","overlay-color":"","overlay-opacity":"","overlay-gradient":""},"mobile":{"background-color":"","background-image":"","background-repeat":"repeat","background-position":"center center","background-size":"auto","background-attachment":"scroll","background-type":"","background-media":"","overlay-type":"","overlay-color":"","overlay-opacity":"","overlay-gradient":""}},"ast-content-background-meta":{"desktop":{"background-color":"var(--ast-global-color-5)","background-image":"","background-repeat":"repeat","background-position":"center center","background-size":"auto","background-attachment":"scroll","background-type":"","background-media":"","overlay-type":"","overlay-color":"","overlay-opacity":"","overlay-gradient":""},"tablet":{"background-color":"var(--ast-global-color-5)","background-image":"","background-repeat":"repeat","background-position":"center center","background-size":"auto","background-attachment":"scroll","background-type":"","background-media":"","overlay-type":"","overlay-color":"","overlay-opacity":"","overlay-gradient":""},"mobile":{"background-color":"var(--ast-global-color-5)","background-image":"","background-repeat":"repeat","background-position":"center center","background-size":"auto","background-attachment":"scroll","background-type":"","background-media":"","overlay-type":"","overlay-color":"","overlay-opacity":"","overlay-gradient":""}}},"product_brand":[],"product_cat":[18],"product_tag":[349,168,717,360,995,984,333,990,749,661,405,366,751,745,996,700,750,994,748,746,992,744,747,993,991],"class_list":{"0":"post-5081","1":"product","2":"type-product","3":"status-publish","4":"has-post-thumbnail","6":"product_cat-systemy-tarasowe","7":"product_tag-aluprof","8":"product_tag-bertrand","9":"product_tag-bertrand-okna-i-drzwi","10":"product_tag-bezpieczenstwo","11":"product_tag-drzwi-do-ogrodow-zimowych","12":"product_tag-drzwi-panoramiczne","13":"product_tag-drzwi-przesuwne","14":"product_tag-drzwi-przesuwne-aluminiowe","15":"product_tag-duze-skrzydla-drzwi","16":"product_tag-estetyka","17":"product_tag-izolacja-termiczna","18":"product_tag-komfort","19":"product_tag-kompatybilnosc","20":"product_tag-mb-59hs","21":"product_tag-montaz-w-fasadach","22":"product_tag-niski-prog","23":"product_tag-nowoczesne-okucia","24":"product_tag-okucia-podnoszono-przesuwne","25":"product_tag-oscieznice-dwu-i-trzyszynowe","26":"product_tag-podnoszono-przesuwne","27":"product_tag-szczelnosc-na-wode-i-powietrze","28":"product_tag-szczelnosc-powietrzna","29":"product_tag-szczelnosc-wodna","30":"product_tag-szklenie-42-mm","31":"product_tag-trzykomorowe-profile","32":"desktop-align-left","33":"tablet-align-left","34":"mobile-align-left","36":"first","37":"instock","38":"shipping-taxable","39":"product-type-simple"},"yoast_head":"<!-- This site is optimized with the Yoast SEO Premium plugin v27.2 (Yoast SEO v27.2) - https:\/\/yoast.com\/product\/yoast-seo-premium-wordpress\/ -->\n<title>MB-59HS \u2013 energooszcz\u0119dne drzwi z klas\u0105<\/title>\n<meta name=\"description\" content=\"MB-59HS to doskona\u0142y wyb\u00f3r dla dom\u00f3w jednorodzinnych. Nowoczesne okucia oraz specjalnie zaprojektowane uszczelki gwarantuj\u0105 \u015bwietn\u0105 szczelno\u015b\u0107!\" \/>\n<meta name=\"robots\" content=\"index, follow, max-snippet:-1, max-image-preview:large, max-video-preview:-1\" \/>\n<link rel=\"canonical\" href=\"https:\/\/bertrand.pl\/nl\/product-2\/mb-59u\/\" \/>\n<meta property=\"og:locale\" content=\"nl_NL\" \/>\n<meta property=\"og:type\" content=\"article\" \/>\n<meta property=\"og:title\" content=\"MB-59HS\" \/>\n<meta property=\"og:description\" content=\"MB-59HS to doskona\u0142y wyb\u00f3r dla dom\u00f3w jednorodzinnych. Nowoczesne okucia oraz specjalnie zaprojektowane uszczelki gwarantuj\u0105 \u015bwietn\u0105 szczelno\u015b\u0107!\" \/>\n<meta property=\"og:url\" content=\"https:\/\/bertrand.pl\/nl\/product-2\/mb-59u\/\" \/>\n<meta property=\"og:site_name\" content=\"Bertrand. Najwy\u017cszej jako\u015bci okna i drzwi. Certyfikowany producent od 1969 roku.\" \/>\n<meta property=\"article:publisher\" content=\"https:\/\/www.facebook.com\/bertrandpolska\/\" \/>\n<meta property=\"article:modified_time\" content=\"2025-07-14T13:18:42+00:00\" \/>\n<meta property=\"og:image\" content=\"https:\/\/bertrand.pl\/wp-content\/uploads\/2024\/09\/218_mb-59hs_waski_slupek_72dpi_logo.webp\" \/>\n\t<meta property=\"og:image:width\" content=\"1105\" \/>\n\t<meta property=\"og:image:height\" content=\"1000\" \/>\n\t<meta property=\"og:image:type\" content=\"image\/webp\" \/>\n<meta name=\"twitter:card\" content=\"summary_large_image\" \/>\n<meta name=\"twitter:label1\" content=\"Geschatte leestijd\" \/>\n\t<meta name=\"twitter:data1\" content=\"4 minuten\" \/>\n<script type=\"application\/ld+json\" class=\"yoast-schema-graph\">{\"@context\":\"https:\/\/schema.org\",\"@graph\":[{\"@type\":\"WebPage\",\"@id\":\"https:\/\/bertrand.pl\/produkt\/mb-59hs\/\",\"url\":\"https:\/\/bertrand.pl\/produkt\/mb-59hs\/\",\"name\":\"MB-59HS \u2013 energooszcz\u0119dne drzwi z klas\u0105\",\"isPartOf\":{\"@id\":\"https:\/\/bertrand.pl\/#website\"},\"primaryImageOfPage\":{\"@id\":\"https:\/\/bertrand.pl\/produkt\/mb-59hs\/#primaryimage\"},\"image\":{\"@id\":\"https:\/\/bertrand.pl\/produkt\/mb-59hs\/#primaryimage\"},\"thumbnailUrl\":\"https:\/\/bertrand.pl\/wp-content\/uploads\/2024\/09\/218_mb-59hs_waski_slupek_72dpi_logo.webp\",\"datePublished\":\"2024-09-17T11:25:51+00:00\",\"dateModified\":\"2025-07-14T13:18:42+00:00\",\"description\":\"MB-59HS to doskona\u0142y wyb\u00f3r dla dom\u00f3w jednorodzinnych. Nowoczesne okucia oraz specjalnie zaprojektowane uszczelki gwarantuj\u0105 \u015bwietn\u0105 szczelno\u015b\u0107!\",\"breadcrumb\":{\"@id\":\"https:\/\/bertrand.pl\/produkt\/mb-59hs\/#breadcrumb\"},\"inLanguage\":\"nl-NL\",\"potentialAction\":[{\"@type\":\"ReadAction\",\"target\":[\"https:\/\/bertrand.pl\/produkt\/mb-59hs\/\"]}]},{\"@type\":\"ImageObject\",\"inLanguage\":\"nl-NL\",\"@id\":\"https:\/\/bertrand.pl\/produkt\/mb-59hs\/#primaryimage\",\"url\":\"https:\/\/bertrand.pl\/wp-content\/uploads\/2024\/09\/218_mb-59hs_waski_slupek_72dpi_logo.webp\",\"contentUrl\":\"https:\/\/bertrand.pl\/wp-content\/uploads\/2024\/09\/218_mb-59hs_waski_slupek_72dpi_logo.webp\",\"width\":1105,\"height\":1000},{\"@type\":\"BreadcrumbList\",\"@id\":\"https:\/\/bertrand.pl\/produkt\/mb-59hs\/#breadcrumb\",\"itemListElement\":[{\"@type\":\"ListItem\",\"position\":1,\"name\":\"Strona g\u0142\u00f3wna\",\"item\":\"https:\/\/bertrand.pl\/\"},{\"@type\":\"ListItem\",\"position\":2,\"name\":\"Produits\",\"item\":\"https:\/\/bertrand.pl\/fr\/shop\/\"},{\"@type\":\"ListItem\",\"position\":3,\"name\":\"MB-59HS\"}]},{\"@type\":\"WebSite\",\"@id\":\"https:\/\/bertrand.pl\/#website\",\"url\":\"https:\/\/bertrand.pl\/\",\"name\":\"Bertrand.pl\",\"description\":\"Firma Bertrand to certyfikowany i uznany producent najwy\u017cszej jako\u015bci okien z PVC, z drewna lub aluminium. Produkcja drzwi, rolet i bram gara\u017cowych.\",\"publisher\":{\"@id\":\"https:\/\/bertrand.pl\/#organization\"},\"potentialAction\":[{\"@type\":\"SearchAction\",\"target\":{\"@type\":\"EntryPoint\",\"urlTemplate\":\"https:\/\/bertrand.pl\/?s={search_term_string}\"},\"query-input\":{\"@type\":\"PropertyValueSpecification\",\"valueRequired\":true,\"valueName\":\"search_term_string\"}}],\"inLanguage\":\"nl-NL\"},{\"@type\":\"Organization\",\"@id\":\"https:\/\/bertrand.pl\/#organization\",\"name\":\"Bertrand.pl\",\"url\":\"https:\/\/bertrand.pl\/\",\"logo\":{\"@type\":\"ImageObject\",\"inLanguage\":\"nl-NL\",\"@id\":\"https:\/\/bertrand.pl\/#\/schema\/logo\/image\/\",\"url\":\"https:\/\/bertrand.pl\/wp-content\/uploads\/2024\/12\/logo_BB_TM_PL_black.png\",\"contentUrl\":\"https:\/\/bertrand.pl\/wp-content\/uploads\/2024\/12\/logo_BB_TM_PL_black.png\",\"width\":1831,\"height\":1831,\"caption\":\"Bertrand.pl\"},\"image\":{\"@id\":\"https:\/\/bertrand.pl\/#\/schema\/logo\/image\/\"},\"sameAs\":[\"https:\/\/www.facebook.com\/bertrandpolska\/\",\"https:\/\/www.instagram.com\/bertrand_okna_i_drzwi\/\",\"https:\/\/www.linkedin.com\/company\/bertrand\/\",\"https:\/\/www.tiktok.com\/@bertrand_okna_drzwi\"]}]}<\/script>\n<!-- \/ Yoast SEO Premium plugin. -->","yoast_head_json":{"title":"MB-59HS \u2013 energooszcz\u0119dne drzwi z klas\u0105","description":"MB-59HS is een uitstekende keuze voor eengezinswoningen. Moderne fittingen en speciaal ontworpen afdichtingen garanderen een uitstekende dichtheid!","robots":{"index":"index","follow":"follow","max-snippet":"max-snippet:-1","max-image-preview":"max-image-preview:large","max-video-preview":"max-video-preview:-1"},"canonical":"https:\/\/bertrand.pl\/nl\/product-2\/mb-59u\/","og_locale":"nl_NL","og_type":"article","og_title":"MB-59HS","og_description":"MB-59HS to doskona\u0142y wyb\u00f3r dla dom\u00f3w jednorodzinnych. Nowoczesne okucia oraz specjalnie zaprojektowane uszczelki gwarantuj\u0105 \u015bwietn\u0105 szczelno\u015b\u0107!","og_url":"https:\/\/bertrand.pl\/nl\/product-2\/mb-59u\/","og_site_name":"Bertrand. Najwy\u017cszej jako\u015bci okna i drzwi. Certyfikowany producent od 1969 roku.","article_publisher":"https:\/\/www.facebook.com\/bertrandpolska\/","article_modified_time":"2025-07-14T13:18:42+00:00","og_image":[{"width":1105,"height":1000,"url":"https:\/\/bertrand.pl\/wp-content\/uploads\/2024\/09\/218_mb-59hs_waski_slupek_72dpi_logo.webp","type":"image\/webp"}],"twitter_card":"summary_large_image","twitter_misc":{"Geschatte leestijd":"4 minuten"},"schema":{"@context":"https:\/\/schema.org","@graph":[{"@type":"WebPage","@id":"https:\/\/bertrand.pl\/produkt\/mb-59hs\/","url":"https:\/\/bertrand.pl\/produkt\/mb-59hs\/","name":"MB-59HS \u2013 energooszcz\u0119dne drzwi z klas\u0105","isPartOf":{"@id":"https:\/\/bertrand.pl\/#website"},"primaryImageOfPage":{"@id":"https:\/\/bertrand.pl\/produkt\/mb-59hs\/#primaryimage"},"image":{"@id":"https:\/\/bertrand.pl\/produkt\/mb-59hs\/#primaryimage"},"thumbnailUrl":"https:\/\/bertrand.pl\/wp-content\/uploads\/2024\/09\/218_mb-59hs_waski_slupek_72dpi_logo.webp","datePublished":"2024-09-17T11:25:51+00:00","dateModified":"2025-07-14T13:18:42+00:00","description":"MB-59HS is een uitstekende keuze voor eengezinswoningen. Moderne fittingen en speciaal ontworpen afdichtingen garanderen een uitstekende dichtheid!","breadcrumb":{"@id":"https:\/\/bertrand.pl\/produkt\/mb-59hs\/#breadcrumb"},"inLanguage":"nl-NL","potentialAction":[{"@type":"ReadAction","target":["https:\/\/bertrand.pl\/produkt\/mb-59hs\/"]}]},{"@type":"ImageObject","inLanguage":"nl-NL","@id":"https:\/\/bertrand.pl\/produkt\/mb-59hs\/#primaryimage","url":"https:\/\/bertrand.pl\/wp-content\/uploads\/2024\/09\/218_mb-59hs_waski_slupek_72dpi_logo.webp","contentUrl":"https:\/\/bertrand.pl\/wp-content\/uploads\/2024\/09\/218_mb-59hs_waski_slupek_72dpi_logo.webp","width":1105,"height":1000},{"@type":"BreadcrumbList","@id":"https:\/\/bertrand.pl\/produkt\/mb-59hs\/#breadcrumb","itemListElement":[{"@type":"ListItem","position":1,"name":"Strona g\u0142\u00f3wna","item":"https:\/\/bertrand.pl\/"},{"@type":"ListItem","position":2,"name":"Produits","item":"https:\/\/bertrand.pl\/fr\/shop\/"},{"@type":"ListItem","position":3,"name":"MB-59HS"}]},{"@type":"WebSite","@id":"https:\/\/bertrand.pl\/#website","url":"https:\/\/bertrand.pl\/","name":"Bertrand.pl","description":"Firma Bertrand to certyfikowany i uznany producent najwy\u017cszej jako\u015bci okien z PVC, z drewna lub aluminium. Produkcja drzwi, rolet i bram gara\u017cowych.","publisher":{"@id":"https:\/\/bertrand.pl\/#organization"},"potentialAction":[{"@type":"SearchAction","target":{"@type":"EntryPoint","urlTemplate":"https:\/\/bertrand.pl\/?s={search_term_string}"},"query-input":{"@type":"PropertyValueSpecification","valueRequired":true,"valueName":"search_term_string"}}],"inLanguage":"nl-NL"},{"@type":"Organization","@id":"https:\/\/bertrand.pl\/#organization","name":"Bertrand.pl","url":"https:\/\/bertrand.pl\/","logo":{"@type":"ImageObject","inLanguage":"nl-NL","@id":"https:\/\/bertrand.pl\/#\/schema\/logo\/image\/","url":"https:\/\/bertrand.pl\/wp-content\/uploads\/2024\/12\/logo_BB_TM_PL_black.png","contentUrl":"https:\/\/bertrand.pl\/wp-content\/uploads\/2024\/12\/logo_BB_TM_PL_black.png","width":1831,"height":1831,"caption":"Bertrand.pl"},"image":{"@id":"https:\/\/bertrand.pl\/#\/schema\/logo\/image\/"},"sameAs":["https:\/\/www.facebook.com\/bertrandpolska\/","https:\/\/www.instagram.com\/bertrand_okna_i_drzwi\/","https:\/\/www.linkedin.com\/company\/bertrand\/","https:\/\/www.tiktok.com\/@bertrand_okna_drzwi"]}]}},"_links":{"self":[{"href":"https:\/\/bertrand.pl\/nl\/wp-json\/wp\/v2\/product\/5081","targetHints":{"allow":["GET"]}}],"collection":[{"href":"https:\/\/bertrand.pl\/nl\/wp-json\/wp\/v2\/product"}],"about":[{"href":"https:\/\/bertrand.pl\/nl\/wp-json\/wp\/v2\/types\/product"}],"wp:featuredmedia":[{"embeddable":true,"href":"https:\/\/bertrand.pl\/nl\/wp-json\/wp\/v2\/media\/5083"}],"wp:attachment":[{"href":"https:\/\/bertrand.pl\/nl\/wp-json\/wp\/v2\/media?parent=5081"}],"wp:term":[{"taxonomy":"product_brand","embeddable":true,"href":"https:\/\/bertrand.pl\/nl\/wp-json\/wp\/v2\/product_brand?post=5081"},{"taxonomy":"product_cat","embeddable":true,"href":"https:\/\/bertrand.pl\/nl\/wp-json\/wp\/v2\/product_cat?post=5081"},{"taxonomy":"product_tag","embeddable":true,"href":"https:\/\/bertrand.pl\/nl\/wp-json\/wp\/v2\/product_tag?post=5081"}],"curies":[{"name":"wp","href":"https:\/\/api.w.org\/{rel}","templated":true}]}}