{"id":5098,"date":"2024-09-18T11:27:11","date_gmt":"2024-09-18T09:27:11","guid":{"rendered":"https:\/\/bertrand.pl\/?post_type=product&#038;p=5098"},"modified":"2025-07-14T13:07:38","modified_gmt":"2025-07-14T11:07:38","slug":"mb-sr50n-hallo","status":"publish","type":"product","link":"https:\/\/bertrand.pl\/nl\/produkt\/mb-sr50n-hi\/","title":{"rendered":"MB-SR50NHI+"},"content":{"rendered":"<p><strong>Innovatief stijl- en balkenwandsysteem MB-SR50N HI+ \u2013 een ideale keuze voor passiefgebouwen<\/strong><\/p>\n<p>Het MB-SR50N HI+ systeem is een oplossing die perfect werkt in de moderne passiefbouw. Bovendien bevestigt het A+ Certificaat van het PHI Darmstadt Instituut de hoogste kwaliteit. Dankzij de thermische isolatie van 0,59 W\/m\u00b2K garandeert dit systeem zowel energie-effici\u00ebntie als ecologische werking.<\/p>\n<p>&nbsp;<\/p>\n<figure id=\"attachment_5099\" aria-describedby=\"caption-attachment-5099\" style=\"width: 551px\" class=\"wp-caption alignnone\"><img fetchpriority=\"high\" decoding=\"async\" class=\"wp-image-5099\" src=\"https:\/\/bertrand.pl\/wp-content\/uploads\/2024\/09\/mMB_SR50N_HI.webp\" alt=\"Het MB-SR50N HI+ systeem onderscheidt zich door een modern design en structurele stabiliteit. \" width=\"551\" height=\"680\" srcset=\"https:\/\/bertrand.pl\/wp-content\/uploads\/2024\/09\/mMB_SR50N_HI.webp 800w, https:\/\/bertrand.pl\/wp-content\/uploads\/2024\/09\/mMB_SR50N_HI-340x420.webp 340w, https:\/\/bertrand.pl\/wp-content\/uploads\/2024\/09\/mMB_SR50N_HI-768x948.webp 768w, https:\/\/bertrand.pl\/wp-content\/uploads\/2024\/09\/mMB_SR50N_HI-10x12.webp 10w, https:\/\/bertrand.pl\/wp-content\/uploads\/2024\/09\/mMB_SR50N_HI-600x741.webp 600w\" sizes=\"(max-width: 551px) 100vw, 551px\" \/><figcaption id=\"caption-attachment-5099\" class=\"wp-caption-text\">Gevel in het MB-SR50N HI+ systeem.<\/figcaption><\/figure>\n<p>&nbsp;<\/p>\n<h3>Belangrijkste kenmerken:<\/h3>\n<p>&nbsp;<\/p>\n<p>Het systeem heeft een aantal belangrijke voordelen die het zo populair maken:<\/p>\n<ul>\n<li><strong>Modern ontwerp<\/strong> \u2013 staanders en liggers met scherpe randen maken het mogelijk om uniforme gevels met een traliestructuur te cre\u00ebren.<\/li>\n<li><strong>Ontwerpflexibiliteit<\/strong> \u2013 dankzij de hoekverbindingen in de aluminium structuur kun je de gevels vrij vormgeven.<\/li>\n<li><strong>Een rijkdom aan esthetische varianten<\/strong> \u2013 Verschillende opdekprofielen bieden veel mogelijkheden om de gevel aan de individuele behoeften aan te passen.<\/li>\n<li><strong>Functionaliteit van openingselementen<\/strong> \u2013 Dakramen, kantel- of parallelopening, evenals ge\u00efntegreerde deuren garanderen praktische oplossingen.<\/li>\n<li><strong>Uitstekende isolerende eigenschappen<\/strong> \u2013 het gebruik van twee- en driekamerbeglazing vertaalt zich in een hogere energie-effici\u00ebntie.<\/li>\n<li><strong>Accessoires en thermische isolatoren<\/strong> \u2013 ze verhogen de thermische isolatie, wat dit systeem ideaal maakt voor passieve gebouwen.<\/li>\n<li><strong>Structurele stabiliteit<\/strong> \u2013 gevelconsoles die zware vullingen ondersteunen, zorgen voor duurzaamheid en betrouwbaarheid.<\/li>\n<\/ul>\n<h3>Uitzonderlijke eigenschappen<\/h3>\n<p>&nbsp;<\/p>\n<p>Vermeldenswaard is dat het MB-SR50N HI+ systeem niet alleen esthetisch is, maar ook brandwerend in de klassen EI 30 en EI 60. Dit maakt het zowel modern als veilig.<\/p>\n<h3>Sollicitatie<\/h3>\n<p>Dit veelzijdige systeem wordt op veel gebieden toegepast, zoals:<\/p>\n<ul>\n<li><strong>Gevels van passieve gebouwen<\/strong>, omdat het voldoet aan de hoogste isolatienormen.<\/li>\n<li><strong>Grote beglazing<\/strong>, die gebouwen een elegante uitstraling geven.<\/li>\n<li><strong>Ge\u00efntegreerde raam- en deursystemen<\/strong>, waarbij esthetiek wordt gecombineerd met functionaliteit.<\/li>\n<li><strong>Vuurvaste structuren<\/strong>, ideaal voor openbare en commerci\u00eble ruimtes.<\/li>\n<\/ul>\n<h3>A+ certificaat \u2013 kwaliteitsgarantie<\/h3>\n<p>&nbsp;<\/p>\n<p>Belangrijk is dat het A+-certificaat, uitgereikt door het PHI Darmstadt Instituut, bevestigt dat dit systeem voldoet aan alle eisen van passiefbouw. Dit maakt het een uitstekende keuze voor investeerders die zich richten op kwaliteit en ecologie.<\/p>\n<h3><\/h3>\n<p>Kortom, het is een combinatie van moderne technologie\u00ebn, duurzaamheid en energie-effici\u00ebntie. Bovendien biedt het functionaliteit en een breed scala aan ontwerpmogelijkheden. Als u op zoek bent naar een oplossing die esthetiek combineert met de hoogste kwaliteit, dan is het MB-SR50N HI+ systeem de perfecte keuze!<\/p>\n<p>&nbsp;<\/p>\n<p><strong>ZIE OOK:<\/strong><\/p>\n<p><a href=\"https:\/\/www.youtube.com\/watch?v=-4CVLi5ZRQk\">Kleurrijke raamprofielen, d.w.z. Acrylcolor\u00ae-technologie<\/a><\/p>\n<p><a href=\"https:\/\/bertrand.pl\/nl\/hst-panorama\/\">HST Panorama \u2013 Panoramische terrasdeuren voor uw huis \u2013 Bertrand.pl<\/a><\/p>","protected":false},"excerpt":{"rendered":"<p class=\"h2\"><strong>MILJOEN EN SPIJMUUR MET HOGE THERMISCHE ISOLATIE<\/strong><\/p>\n<p>Het MB-SR50N HI+ stijl-en-ligger gevelsysteem is bedoeld voor de constructie van lichtgewicht vliesgevels van het hangende en vullende type, evenals daken, dakramen en andere ruimtelijke constructies.<\/p>","protected":false},"featured_media":5103,"template":"","meta":{"site-sidebar-layout":"default","site-content-layout":"","ast-site-content-layout":"default","site-content-style":"default","site-sidebar-style":"default","ast-global-header-display":"","ast-banner-title-visibility":"","ast-main-header-display":"","ast-hfb-above-header-display":"","ast-hfb-below-header-display":"","ast-hfb-mobile-header-display":"","site-post-title":"","ast-breadcrumbs-content":"","ast-featured-img":"","footer-sml-layout":"","ast-disable-related-posts":"","theme-transparent-header-meta":"default","adv-header-id-meta":"","stick-header-meta":"","header-above-stick-meta":"","header-main-stick-meta":"","header-below-stick-meta":"","astra-migrate-meta-layouts":"set","ast-page-background-enabled":"default","ast-page-background-meta":{"desktop":{"background-color":"var(--ast-global-color-4)","background-image":"","background-repeat":"repeat","background-position":"center center","background-size":"auto","background-attachment":"scroll","background-type":"","background-media":"","overlay-type":"","overlay-color":"","overlay-opacity":"","overlay-gradient":""},"tablet":{"background-color":"","background-image":"","background-repeat":"repeat","background-position":"center center","background-size":"auto","background-attachment":"scroll","background-type":"","background-media":"","overlay-type":"","overlay-color":"","overlay-opacity":"","overlay-gradient":""},"mobile":{"background-color":"","background-image":"","background-repeat":"repeat","background-position":"center center","background-size":"auto","background-attachment":"scroll","background-type":"","background-media":"","overlay-type":"","overlay-color":"","overlay-opacity":"","overlay-gradient":""}},"ast-content-background-meta":{"desktop":{"background-color":"var(--ast-global-color-5)","background-image":"","background-repeat":"repeat","background-position":"center center","background-size":"auto","background-attachment":"scroll","background-type":"","background-media":"","overlay-type":"","overlay-color":"","overlay-opacity":"","overlay-gradient":""},"tablet":{"background-color":"var(--ast-global-color-5)","background-image":"","background-repeat":"repeat","background-position":"center center","background-size":"auto","background-attachment":"scroll","background-type":"","background-media":"","overlay-type":"","overlay-color":"","overlay-opacity":"","overlay-gradient":""},"mobile":{"background-color":"var(--ast-global-color-5)","background-image":"","background-repeat":"repeat","background-position":"center center","background-size":"auto","background-attachment":"scroll","background-type":"","background-media":"","overlay-type":"","overlay-color":"","overlay-opacity":"","overlay-gradient":""}}},"product_brand":[],"product_cat":[20],"product_tag":[510,349,168,717,360,784,787,1124,1128,1129,791,1121,1122,978,453,661,781,969,662,389,405,971,1126,1120,979,810,974,782,792,973,740,790,785,977,789,1123,972,788,1119,730,976,975,793,783,970,1118,1127,1125,786],"class_list":{"0":"post-5098","1":"product","2":"type-product","3":"status-publish","4":"has-post-thumbnail","6":"product_cat-fasady","7":"product_tag-akcesoria","8":"product_tag-aluprof","9":"product_tag-bertrand","10":"product_tag-bertrand-okna-i-drzwi","11":"product_tag-bezpieczenstwo","12":"product_tag-budynki-pasywne","13":"product_tag-certyfikat-phi-darmstadt","14":"product_tag-drzwi-zintegrowane","15":"product_tag-ei-30","16":"product_tag-ei-60","17":"product_tag-ekologiczne-budownictwo","18":"product_tag-elastycznosc-projektowa","19":"product_tag-elementy-otwierane","20":"product_tag-energooszczedne-elewacje","21":"product_tag-energooszczednosc","22":"product_tag-estetyka","23":"product_tag-fasada-energooszczedna","24":"product_tag-fasady-aluminiowe","25":"product_tag-funkcjonalnosc","26":"product_tag-izolacja-akustyczna","27":"product_tag-izolacja-termiczna","28":"product_tag-izolacyjnosc-cieplna","29":"product_tag-izolatory-termiczne","30":"product_tag-jednolite-fasady","31":"product_tag-konsole-fasadowe","32":"product_tag-konstrukcja-aluminiowa","33":"product_tag-konstrukcje-pasywne","34":"product_tag-mb-sr50n-hi","35":"product_tag-nowoczesna-fasada","36":"product_tag-nowoczesne-fasady","37":"product_tag-nowoczesny-design","38":"product_tag-ochrona-przeciwpozarowa","39":"product_tag-odpornosc-ogniowa","40":"product_tag-okna-odchylne","41":"product_tag-okna-polaciowe","42":"product_tag-okna-rownolegle-otwierane","43":"product_tag-okna-zintegrowane-z-fasada","44":"product_tag-okucia","45":"product_tag-ostre-krawedzie","46":"product_tag-oszczednosc-energii","47":"product_tag-polaczenia-katowe","48":"product_tag-profile-nakladkowe","49":"product_tag-projektowanie-elewacji","50":"product_tag-sciana-slupowo-ryglowa","51":"product_tag-sciany-slupowo-ryglowe","52":"product_tag-slupy-i-rygle","53":"product_tag-stabilnosc-konstrukcji-wyjatkowe-wlasciwosci","54":"product_tag-szklenie-dwu-i-trzykomorowe","55":"product_tag-szklenie-trzykomorowe","56":"desktop-align-left","57":"tablet-align-left","58":"mobile-align-left","60":"first","61":"instock","62":"shipping-taxable","63":"product-type-simple"},"yoast_head":"<!-- This site is optimized with the Yoast SEO Premium plugin v27.2 (Yoast SEO v27.2) - https:\/\/yoast.com\/product\/yoast-seo-premium-wordpress\/ -->\n<title>MB-SR50N HI+ \u2013 energooszcz\u0119dna fasada z klas\u0105<\/title>\n<meta name=\"description\" content=\"Fasada MB-SR50N HI+ jest elegancka i energooszcz\u0119dna. Umo\u017cliwia dostosowanie elewacji do indywidualnych potrzeb i preferencji.\" \/>\n<meta name=\"robots\" content=\"index, follow, max-snippet:-1, max-image-preview:large, max-video-preview:-1\" \/>\n<link rel=\"canonical\" href=\"https:\/\/bertrand.pl\/nl\/product-2\/mb-sr50n-hallo\/\" \/>\n<meta property=\"og:locale\" content=\"nl_NL\" \/>\n<meta property=\"og:type\" content=\"article\" \/>\n<meta property=\"og:title\" content=\"MB-SR50N HI+\" \/>\n<meta property=\"og:description\" content=\"Fasada MB-SR50N HI+ jest elegancka i energooszcz\u0119dna. Umo\u017cliwia dostosowanie elewacji do indywidualnych potrzeb i preferencji.\" \/>\n<meta property=\"og:url\" content=\"https:\/\/bertrand.pl\/nl\/product-2\/mb-sr50n-hallo\/\" \/>\n<meta property=\"og:site_name\" content=\"Bertrand. Najwy\u017cszej jako\u015bci okna i drzwi. Certyfikowany producent od 1969 roku.\" \/>\n<meta property=\"article:publisher\" content=\"https:\/\/www.facebook.com\/bertrandpolska\/\" \/>\n<meta property=\"article:modified_time\" content=\"2025-07-14T11:07:38+00:00\" \/>\n<meta property=\"og:image\" content=\"https:\/\/bertrand.pl\/wp-content\/uploads\/2024\/09\/mb-sr50n-hi-5-pl.webp\" \/>\n\t<meta property=\"og:image:width\" content=\"546\" \/>\n\t<meta property=\"og:image:height\" content=\"614\" \/>\n\t<meta property=\"og:image:type\" content=\"image\/webp\" \/>\n<meta name=\"twitter:card\" content=\"summary_large_image\" \/>\n<meta name=\"twitter:label1\" content=\"Geschatte leestijd\" \/>\n\t<meta name=\"twitter:data1\" content=\"3 minuten\" \/>\n<script type=\"application\/ld+json\" class=\"yoast-schema-graph\">{\"@context\":\"https:\/\/schema.org\",\"@graph\":[{\"@type\":\"WebPage\",\"@id\":\"https:\/\/bertrand.pl\/produkt\/mb-sr50n-hi\/\",\"url\":\"https:\/\/bertrand.pl\/produkt\/mb-sr50n-hi\/\",\"name\":\"MB-SR50N HI+ \u2013 energooszcz\u0119dna fasada z klas\u0105\",\"isPartOf\":{\"@id\":\"https:\/\/bertrand.pl\/#website\"},\"primaryImageOfPage\":{\"@id\":\"https:\/\/bertrand.pl\/produkt\/mb-sr50n-hi\/#primaryimage\"},\"image\":{\"@id\":\"https:\/\/bertrand.pl\/produkt\/mb-sr50n-hi\/#primaryimage\"},\"thumbnailUrl\":\"https:\/\/bertrand.pl\/wp-content\/uploads\/2024\/09\/mb-sr50n-hi-5-pl.webp\",\"datePublished\":\"2024-09-18T09:27:11+00:00\",\"dateModified\":\"2025-07-14T11:07:38+00:00\",\"description\":\"Fasada MB-SR50N HI+ jest elegancka i energooszcz\u0119dna. Umo\u017cliwia dostosowanie elewacji do indywidualnych potrzeb i preferencji.\",\"breadcrumb\":{\"@id\":\"https:\/\/bertrand.pl\/produkt\/mb-sr50n-hi\/#breadcrumb\"},\"inLanguage\":\"nl-NL\",\"potentialAction\":[{\"@type\":\"ReadAction\",\"target\":[\"https:\/\/bertrand.pl\/produkt\/mb-sr50n-hi\/\"]}]},{\"@type\":\"ImageObject\",\"inLanguage\":\"nl-NL\",\"@id\":\"https:\/\/bertrand.pl\/produkt\/mb-sr50n-hi\/#primaryimage\",\"url\":\"https:\/\/bertrand.pl\/wp-content\/uploads\/2024\/09\/mb-sr50n-hi-5-pl.webp\",\"contentUrl\":\"https:\/\/bertrand.pl\/wp-content\/uploads\/2024\/09\/mb-sr50n-hi-5-pl.webp\",\"width\":546,\"height\":614},{\"@type\":\"BreadcrumbList\",\"@id\":\"https:\/\/bertrand.pl\/produkt\/mb-sr50n-hi\/#breadcrumb\",\"itemListElement\":[{\"@type\":\"ListItem\",\"position\":1,\"name\":\"Strona g\u0142\u00f3wna\",\"item\":\"https:\/\/bertrand.pl\/\"},{\"@type\":\"ListItem\",\"position\":2,\"name\":\"Produits\",\"item\":\"https:\/\/bertrand.pl\/fr\/shop\/\"},{\"@type\":\"ListItem\",\"position\":3,\"name\":\"MB-SR50N HI+\"}]},{\"@type\":\"WebSite\",\"@id\":\"https:\/\/bertrand.pl\/#website\",\"url\":\"https:\/\/bertrand.pl\/\",\"name\":\"Bertrand.pl\",\"description\":\"Firma Bertrand to certyfikowany i uznany producent najwy\u017cszej jako\u015bci okien z PVC, z drewna lub aluminium. Produkcja drzwi, rolet i bram gara\u017cowych.\",\"publisher\":{\"@id\":\"https:\/\/bertrand.pl\/#organization\"},\"potentialAction\":[{\"@type\":\"SearchAction\",\"target\":{\"@type\":\"EntryPoint\",\"urlTemplate\":\"https:\/\/bertrand.pl\/?s={search_term_string}\"},\"query-input\":{\"@type\":\"PropertyValueSpecification\",\"valueRequired\":true,\"valueName\":\"search_term_string\"}}],\"inLanguage\":\"nl-NL\"},{\"@type\":\"Organization\",\"@id\":\"https:\/\/bertrand.pl\/#organization\",\"name\":\"Bertrand.pl\",\"url\":\"https:\/\/bertrand.pl\/\",\"logo\":{\"@type\":\"ImageObject\",\"inLanguage\":\"nl-NL\",\"@id\":\"https:\/\/bertrand.pl\/#\/schema\/logo\/image\/\",\"url\":\"https:\/\/bertrand.pl\/wp-content\/uploads\/2024\/12\/logo_BB_TM_PL_black.png\",\"contentUrl\":\"https:\/\/bertrand.pl\/wp-content\/uploads\/2024\/12\/logo_BB_TM_PL_black.png\",\"width\":1831,\"height\":1831,\"caption\":\"Bertrand.pl\"},\"image\":{\"@id\":\"https:\/\/bertrand.pl\/#\/schema\/logo\/image\/\"},\"sameAs\":[\"https:\/\/www.facebook.com\/bertrandpolska\/\",\"https:\/\/www.instagram.com\/bertrand_okna_i_drzwi\/\",\"https:\/\/www.linkedin.com\/company\/bertrand\/\",\"https:\/\/www.tiktok.com\/@bertrand_okna_drzwi\"]}]}<\/script>\n<!-- \/ Yoast SEO Premium plugin. -->","yoast_head_json":{"title":"MB-SR50N HI+ \u2013 energooszcz\u0119dna fasada z klas\u0105","description":"De MB-SR50N HI+ gevel is elegant en energiezuinig. Hiermee kunt u de gevel aanpassen aan individuele behoeften en voorkeuren.","robots":{"index":"index","follow":"follow","max-snippet":"max-snippet:-1","max-image-preview":"max-image-preview:large","max-video-preview":"max-video-preview:-1"},"canonical":"https:\/\/bertrand.pl\/nl\/product-2\/mb-sr50n-hallo\/","og_locale":"nl_NL","og_type":"article","og_title":"MB-SR50N HI+","og_description":"Fasada MB-SR50N HI+ jest elegancka i energooszcz\u0119dna. Umo\u017cliwia dostosowanie elewacji do indywidualnych potrzeb i preferencji.","og_url":"https:\/\/bertrand.pl\/nl\/product-2\/mb-sr50n-hallo\/","og_site_name":"Bertrand. Najwy\u017cszej jako\u015bci okna i drzwi. Certyfikowany producent od 1969 roku.","article_publisher":"https:\/\/www.facebook.com\/bertrandpolska\/","article_modified_time":"2025-07-14T11:07:38+00:00","og_image":[{"width":546,"height":614,"url":"https:\/\/bertrand.pl\/wp-content\/uploads\/2024\/09\/mb-sr50n-hi-5-pl.webp","type":"image\/webp"}],"twitter_card":"summary_large_image","twitter_misc":{"Geschatte leestijd":"3 minuten"},"schema":{"@context":"https:\/\/schema.org","@graph":[{"@type":"WebPage","@id":"https:\/\/bertrand.pl\/produkt\/mb-sr50n-hi\/","url":"https:\/\/bertrand.pl\/produkt\/mb-sr50n-hi\/","name":"MB-SR50N HI+ \u2013 energooszcz\u0119dna fasada z klas\u0105","isPartOf":{"@id":"https:\/\/bertrand.pl\/#website"},"primaryImageOfPage":{"@id":"https:\/\/bertrand.pl\/produkt\/mb-sr50n-hi\/#primaryimage"},"image":{"@id":"https:\/\/bertrand.pl\/produkt\/mb-sr50n-hi\/#primaryimage"},"thumbnailUrl":"https:\/\/bertrand.pl\/wp-content\/uploads\/2024\/09\/mb-sr50n-hi-5-pl.webp","datePublished":"2024-09-18T09:27:11+00:00","dateModified":"2025-07-14T11:07:38+00:00","description":"De MB-SR50N HI+ gevel is elegant en energiezuinig. Hiermee kunt u de gevel aanpassen aan individuele behoeften en voorkeuren.","breadcrumb":{"@id":"https:\/\/bertrand.pl\/produkt\/mb-sr50n-hi\/#breadcrumb"},"inLanguage":"nl-NL","potentialAction":[{"@type":"ReadAction","target":["https:\/\/bertrand.pl\/produkt\/mb-sr50n-hi\/"]}]},{"@type":"ImageObject","inLanguage":"nl-NL","@id":"https:\/\/bertrand.pl\/produkt\/mb-sr50n-hi\/#primaryimage","url":"https:\/\/bertrand.pl\/wp-content\/uploads\/2024\/09\/mb-sr50n-hi-5-pl.webp","contentUrl":"https:\/\/bertrand.pl\/wp-content\/uploads\/2024\/09\/mb-sr50n-hi-5-pl.webp","width":546,"height":614},{"@type":"BreadcrumbList","@id":"https:\/\/bertrand.pl\/produkt\/mb-sr50n-hi\/#breadcrumb","itemListElement":[{"@type":"ListItem","position":1,"name":"Strona g\u0142\u00f3wna","item":"https:\/\/bertrand.pl\/"},{"@type":"ListItem","position":2,"name":"Produits","item":"https:\/\/bertrand.pl\/fr\/shop\/"},{"@type":"ListItem","position":3,"name":"MB-SR50N HI+"}]},{"@type":"WebSite","@id":"https:\/\/bertrand.pl\/#website","url":"https:\/\/bertrand.pl\/","name":"Bertrand.pl","description":"Firma Bertrand to certyfikowany i uznany producent najwy\u017cszej jako\u015bci okien z PVC, z drewna lub aluminium. Produkcja drzwi, rolet i bram gara\u017cowych.","publisher":{"@id":"https:\/\/bertrand.pl\/#organization"},"potentialAction":[{"@type":"SearchAction","target":{"@type":"EntryPoint","urlTemplate":"https:\/\/bertrand.pl\/?s={search_term_string}"},"query-input":{"@type":"PropertyValueSpecification","valueRequired":true,"valueName":"search_term_string"}}],"inLanguage":"nl-NL"},{"@type":"Organization","@id":"https:\/\/bertrand.pl\/#organization","name":"Bertrand.pl","url":"https:\/\/bertrand.pl\/","logo":{"@type":"ImageObject","inLanguage":"nl-NL","@id":"https:\/\/bertrand.pl\/#\/schema\/logo\/image\/","url":"https:\/\/bertrand.pl\/wp-content\/uploads\/2024\/12\/logo_BB_TM_PL_black.png","contentUrl":"https:\/\/bertrand.pl\/wp-content\/uploads\/2024\/12\/logo_BB_TM_PL_black.png","width":1831,"height":1831,"caption":"Bertrand.pl"},"image":{"@id":"https:\/\/bertrand.pl\/#\/schema\/logo\/image\/"},"sameAs":["https:\/\/www.facebook.com\/bertrandpolska\/","https:\/\/www.instagram.com\/bertrand_okna_i_drzwi\/","https:\/\/www.linkedin.com\/company\/bertrand\/","https:\/\/www.tiktok.com\/@bertrand_okna_drzwi"]}]}},"_links":{"self":[{"href":"https:\/\/bertrand.pl\/nl\/wp-json\/wp\/v2\/product\/5098","targetHints":{"allow":["GET"]}}],"collection":[{"href":"https:\/\/bertrand.pl\/nl\/wp-json\/wp\/v2\/product"}],"about":[{"href":"https:\/\/bertrand.pl\/nl\/wp-json\/wp\/v2\/types\/product"}],"wp:featuredmedia":[{"embeddable":true,"href":"https:\/\/bertrand.pl\/nl\/wp-json\/wp\/v2\/media\/5103"}],"wp:attachment":[{"href":"https:\/\/bertrand.pl\/nl\/wp-json\/wp\/v2\/media?parent=5098"}],"wp:term":[{"taxonomy":"product_brand","embeddable":true,"href":"https:\/\/bertrand.pl\/nl\/wp-json\/wp\/v2\/product_brand?post=5098"},{"taxonomy":"product_cat","embeddable":true,"href":"https:\/\/bertrand.pl\/nl\/wp-json\/wp\/v2\/product_cat?post=5098"},{"taxonomy":"product_tag","embeddable":true,"href":"https:\/\/bertrand.pl\/nl\/wp-json\/wp\/v2\/product_tag?post=5098"}],"curies":[{"name":"wp","href":"https:\/\/api.w.org\/{rel}","templated":true}]}}