{"id":5104,"date":"2024-09-18T12:14:36","date_gmt":"2024-09-18T10:14:36","guid":{"rendered":"https:\/\/bertrand.pl\/?post_type=product&#038;p=5104"},"modified":"2025-07-14T12:51:44","modified_gmt":"2025-07-14T10:51:44","slug":"mb-sr50n-een","status":"publish","type":"product","link":"https:\/\/bertrand.pl\/nl\/produkt\/mb-sr50n-a\/","title":{"rendered":"MB-SR50N A"},"content":{"rendered":"<h3>MB-SR50N A: Modern paal- en spiegelwandsysteem<\/h3>\n<p>&nbsp;<\/p>\n<p>MB-SR50N A is een geavanceerd stijl- en balkenwandsysteem dat esthetiek, functionaliteit en duurzaamheid combineert. Dankzij innovatieve technologische oplossingen is dit systeem ideaal voor architectonische projecten met uiteenlopende eisen. Gevels in het MB-S50N-systeem zijn erg populair bij onze klanten.<\/p>\n<p>&nbsp;<\/p>\n<h3>Combinatie van natuurlijke en industri\u00eble elementen<\/h3>\n<p>Met het MB-SR50N A systeem kun je hout en staal combineren, waardoor het mogelijk is om het aan te passen aan verschillende interieurstijlen. Houten binnenprofielen zorgen voor een warme sfeer, terwijl stalen elementen perfect aansluiten bij de industri\u00eble stijl. Bovendien beschermen aluminium externe onderdelen de constructie effectief tegen weersomstandigheden.<\/p>\n<p>&nbsp;<\/p>\n<h3>Stabiliteit en effectieve isolatie<\/h3>\n<p>Het composiet stijl-liggerprofiel in het MB-SR50N A-systeem zorgt voor uitzonderlijke stabiliteit. Bovendien biedt het uitstekende isolatieparameters, die voldoen aan de eisen van thermische en akoestische isolatie. De thermische isolator met een Uf-co\u00ebffici\u00ebnt van 0,72 W\/(m\u00b2K) vermindert het warmteverlies aanzienlijk, wat dit systeem een ideale keuze maakt voor energiezuinige gebouwen.<\/p>\n<p>&nbsp;<\/p>\n<h3>Veelzijdige beglazingsmogelijkheden<\/h3>\n<p>Met het MB-SR50N A systeem zijn beglazingen met een dikte van 24 tot 64 mm mogelijk. Hierdoor kunnen gebruikers profiteren van een ruime keuze aan glas dat verschillende eigenschappen biedt, zoals energie-effici\u00ebntie en geluidsisolatie. Bovendien kan het systeem belastingen tot 600 kg dragen, wat de constructie van grote beglazingen in moderne faciliteiten mogelijk maakt.<\/p>\n<p>&nbsp;<\/p>\n<h3>Afwatering en ventilatie<\/h3>\n<p>De 50 mm brede stijlen en liggers zijn voorzien van EPDM-pakkingen, die zorgen voor een effectieve afwatering en voldoende ventilatie. Deze oplossing voorkomt de ophoping van vocht en verlengt de levensduur van de gehele constructie.<\/p>\n<p>&nbsp;<\/p>\n<h3>Belangrijkste technische parameters<\/h3>\n<p>&nbsp;<\/p>\n<ul>\n<li><strong>Paalbreedte<\/strong>: 50mm<\/li>\n<li><strong>Breedte van de dwarsbalken<\/strong>: 50mm<\/li>\n<li><strong>Dikte van de beglazing<\/strong>: 24-64mm<\/li>\n<li><strong>Maximaal vulgewicht<\/strong>: tot 600 kg<\/li>\n<li><strong>Thermische isolatie<\/strong>: Uf vanaf 0,72 W\/(m\u00b2K)<\/li>\n<li><\/li>\n<\/ul>\n<h3>Waarom kiezen voor MB-SR50N A?<\/h3>\n<p>&nbsp;<\/p>\n<p>Omdat het een systeem is dat volledig voldoet aan de hoge eisen van de moderne architectuur. Het combineert esthetiek, duurzaamheid en energie-effici\u00ebntie, waardoor het een uitstekende keuze is voor zowel commerci\u00eble als residenti\u00eble projecten. Dankzij hoogwaardige materialen en moderne technologische oplossingen biedt het gebruikers jarenlang comfort en betrouwbaarheid.<\/p>\n<p><strong>ZIE OOK:\u00a0<\/strong><\/p>\n<h4><a href=\"https:\/\/www.youtube.com\/watch?v=NT-bgmQXsjU\">Zo&#039;n laag raamprofiel heb je nog nooit gezien!<\/a><\/h4>\n<h4><a href=\"https:\/\/bertrand.pl\/nl\/systemen-in-de-praktijk-bertrand-projecten\/\">Bertrand-projecten \u2013 Kwaliteit in de praktijk \u2013 Bertrand.pl<\/a><\/h4>","protected":false},"excerpt":{"rendered":"<p><strong>OVERLAYSYSTEEM VOOR HOUT EN STAAL<\/strong><\/p>\n<p>Op basis van het MB-SR50N stijl-en-liggerwandsysteem werd een modern overlay-systeem ontwikkeld dat de combinatie van verschillende bouwmaterialen mogelijk maakt, waardoor het gebruik van verschillende materiaaleigenschappen binnen en buiten het gebouw mogelijk is.<\/p>","protected":false},"featured_media":5106,"template":"","meta":{"site-sidebar-layout":"default","site-content-layout":"","ast-site-content-layout":"default","site-content-style":"default","site-sidebar-style":"default","ast-global-header-display":"","ast-banner-title-visibility":"","ast-main-header-display":"","ast-hfb-above-header-display":"","ast-hfb-below-header-display":"","ast-hfb-mobile-header-display":"","site-post-title":"","ast-breadcrumbs-content":"","ast-featured-img":"","footer-sml-layout":"","ast-disable-related-posts":"","theme-transparent-header-meta":"default","adv-header-id-meta":"","stick-header-meta":"","header-above-stick-meta":"","header-main-stick-meta":"","header-below-stick-meta":"","astra-migrate-meta-layouts":"set","ast-page-background-enabled":"default","ast-page-background-meta":{"desktop":{"background-color":"var(--ast-global-color-4)","background-image":"","background-repeat":"repeat","background-position":"center center","background-size":"auto","background-attachment":"scroll","background-type":"","background-media":"","overlay-type":"","overlay-color":"","overlay-opacity":"","overlay-gradient":""},"tablet":{"background-color":"","background-image":"","background-repeat":"repeat","background-position":"center center","background-size":"auto","background-attachment":"scroll","background-type":"","background-media":"","overlay-type":"","overlay-color":"","overlay-opacity":"","overlay-gradient":""},"mobile":{"background-color":"","background-image":"","background-repeat":"repeat","background-position":"center center","background-size":"auto","background-attachment":"scroll","background-type":"","background-media":"","overlay-type":"","overlay-color":"","overlay-opacity":"","overlay-gradient":""}},"ast-content-background-meta":{"desktop":{"background-color":"var(--ast-global-color-5)","background-image":"","background-repeat":"repeat","background-position":"center center","background-size":"auto","background-attachment":"scroll","background-type":"","background-media":"","overlay-type":"","overlay-color":"","overlay-opacity":"","overlay-gradient":""},"tablet":{"background-color":"var(--ast-global-color-5)","background-image":"","background-repeat":"repeat","background-position":"center center","background-size":"auto","background-attachment":"scroll","background-type":"","background-media":"","overlay-type":"","overlay-color":"","overlay-opacity":"","overlay-gradient":""},"mobile":{"background-color":"var(--ast-global-color-5)","background-image":"","background-repeat":"repeat","background-position":"center center","background-size":"auto","background-attachment":"scroll","background-type":"","background-media":"","overlay-type":"","overlay-color":"","overlay-opacity":"","overlay-gradient":""}}},"product_brand":[],"product_cat":[20],"product_tag":[193,349,806,168,717,803,354,805,389,405,800,810,802,804,794,801,797,968,450,965,966,783,796,964,795,390,409,967,799,798],"class_list":{"0":"post-5104","1":"product","2":"type-product","3":"status-publish","4":"has-post-thumbnail","6":"product_cat-fasady","7":"product_tag-aluminium","8":"product_tag-aluprof","9":"product_tag-architektura","10":"product_tag-bertrand","11":"product_tag-bertrand-okna-i-drzwi","12":"product_tag-dachy-szklane","13":"product_tag-drewno","14":"product_tag-industrialny-styl","15":"product_tag-izolacja-akustyczna","16":"product_tag-izolacja-termiczna","17":"product_tag-kompozytowy-profil","18":"product_tag-konstrukcja-aluminiowa","19":"product_tag-konstrukcja-oslonowa","20":"product_tag-konstrukcje-pionowe","21":"product_tag-mb-sr50n-a","22":"product_tag-ochrona-przed-wiatrem","23":"product_tag-odwodnienie","24":"product_tag-odwodnienie-fasady","25":"product_tag-ogrody-zimowe","26":"product_tag-profile-drewniane","27":"product_tag-profile-stalowe","28":"product_tag-sciana-slupowo-ryglowa","29":"product_tag-stal","30":"product_tag-system-mb-sr50n","31":"product_tag-system-nakladkowy","32":"product_tag-szczelnosc","33":"product_tag-szklenie","34":"product_tag-szklenie-fasad","35":"product_tag-uszczelki-epdm","36":"product_tag-wentylacja","37":"desktop-align-left","38":"tablet-align-left","39":"mobile-align-left","41":"first","42":"instock","43":"shipping-taxable","44":"product-type-simple"},"yoast_head":"<!-- This site is optimized with the Yoast SEO Premium plugin v27.2 (Yoast SEO v27.2) - https:\/\/yoast.com\/product\/yoast-seo-premium-wordpress\/ -->\n<title>MB-SR50N A \u2013 fasada dopasowana do ka\u017cdego projektu<\/title>\n<meta name=\"description\" content=\"MB-SR50N A to owoczesny system, kt\u00f3ry umo\u017cliwia \u0142\u0105czenie r\u00f3\u017cnych materia\u0142\u00f3w konstrukcyjnych, pozwalaj\u0105c na zastosowanie odmiennych w\u0142a\u015bciwo\u015bci w budynku.\" \/>\n<meta name=\"robots\" content=\"index, follow, max-snippet:-1, max-image-preview:large, max-video-preview:-1\" \/>\n<link rel=\"canonical\" href=\"https:\/\/bertrand.pl\/nl\/product-2\/mb-sr50n-een\/\" \/>\n<meta property=\"og:locale\" content=\"nl_NL\" \/>\n<meta property=\"og:type\" content=\"article\" \/>\n<meta property=\"og:title\" content=\"MB-SR50N A\" \/>\n<meta property=\"og:description\" content=\"MB-SR50N A to owoczesny system, kt\u00f3ry umo\u017cliwia \u0142\u0105czenie r\u00f3\u017cnych materia\u0142\u00f3w konstrukcyjnych, pozwalaj\u0105c na zastosowanie odmiennych w\u0142a\u015bciwo\u015bci w budynku.\" \/>\n<meta property=\"og:url\" content=\"https:\/\/bertrand.pl\/nl\/product-2\/mb-sr50n-een\/\" \/>\n<meta property=\"og:site_name\" content=\"Bertrand. Najwy\u017cszej jako\u015bci okna i drzwi. Certyfikowany producent od 1969 roku.\" \/>\n<meta property=\"article:publisher\" content=\"https:\/\/www.facebook.com\/bertrandpolska\/\" \/>\n<meta property=\"article:modified_time\" content=\"2025-07-14T10:51:44+00:00\" \/>\n<meta property=\"og:image\" content=\"https:\/\/bertrand.pl\/wp-content\/uploads\/2024\/09\/mb-sr50n-a-76-pl.webp\" \/>\n\t<meta property=\"og:image:width\" content=\"564\" \/>\n\t<meta property=\"og:image:height\" content=\"614\" \/>\n\t<meta property=\"og:image:type\" content=\"image\/webp\" \/>\n<meta name=\"twitter:card\" content=\"summary_large_image\" \/>\n<meta name=\"twitter:label1\" content=\"Geschatte leestijd\" \/>\n\t<meta name=\"twitter:data1\" content=\"3 minuten\" \/>\n<script type=\"application\/ld+json\" class=\"yoast-schema-graph\">{\"@context\":\"https:\/\/schema.org\",\"@graph\":[{\"@type\":\"WebPage\",\"@id\":\"https:\/\/bertrand.pl\/produkt\/mb-sr50n-a\/\",\"url\":\"https:\/\/bertrand.pl\/produkt\/mb-sr50n-a\/\",\"name\":\"MB-SR50N A \u2013 fasada dopasowana do ka\u017cdego projektu\",\"isPartOf\":{\"@id\":\"https:\/\/bertrand.pl\/#website\"},\"primaryImageOfPage\":{\"@id\":\"https:\/\/bertrand.pl\/produkt\/mb-sr50n-a\/#primaryimage\"},\"image\":{\"@id\":\"https:\/\/bertrand.pl\/produkt\/mb-sr50n-a\/#primaryimage\"},\"thumbnailUrl\":\"https:\/\/bertrand.pl\/wp-content\/uploads\/2024\/09\/mb-sr50n-a-76-pl.webp\",\"datePublished\":\"2024-09-18T10:14:36+00:00\",\"dateModified\":\"2025-07-14T10:51:44+00:00\",\"description\":\"MB-SR50N A to owoczesny system, kt\u00f3ry umo\u017cliwia \u0142\u0105czenie r\u00f3\u017cnych materia\u0142\u00f3w konstrukcyjnych, pozwalaj\u0105c na zastosowanie odmiennych w\u0142a\u015bciwo\u015bci w budynku.\",\"breadcrumb\":{\"@id\":\"https:\/\/bertrand.pl\/produkt\/mb-sr50n-a\/#breadcrumb\"},\"inLanguage\":\"nl-NL\",\"potentialAction\":[{\"@type\":\"ReadAction\",\"target\":[\"https:\/\/bertrand.pl\/produkt\/mb-sr50n-a\/\"]}]},{\"@type\":\"ImageObject\",\"inLanguage\":\"nl-NL\",\"@id\":\"https:\/\/bertrand.pl\/produkt\/mb-sr50n-a\/#primaryimage\",\"url\":\"https:\/\/bertrand.pl\/wp-content\/uploads\/2024\/09\/mb-sr50n-a-76-pl.webp\",\"contentUrl\":\"https:\/\/bertrand.pl\/wp-content\/uploads\/2024\/09\/mb-sr50n-a-76-pl.webp\",\"width\":564,\"height\":614,\"caption\":\"Fasada MB-SR50N A spe\u0142nia wysokie standardy wsp\u00f3\u0142czesnej architektury.\"},{\"@type\":\"BreadcrumbList\",\"@id\":\"https:\/\/bertrand.pl\/produkt\/mb-sr50n-a\/#breadcrumb\",\"itemListElement\":[{\"@type\":\"ListItem\",\"position\":1,\"name\":\"Strona g\u0142\u00f3wna\",\"item\":\"https:\/\/bertrand.pl\/\"},{\"@type\":\"ListItem\",\"position\":2,\"name\":\"Produits\",\"item\":\"https:\/\/bertrand.pl\/fr\/shop\/\"},{\"@type\":\"ListItem\",\"position\":3,\"name\":\"MB-SR50N A\"}]},{\"@type\":\"WebSite\",\"@id\":\"https:\/\/bertrand.pl\/#website\",\"url\":\"https:\/\/bertrand.pl\/\",\"name\":\"Bertrand.pl\",\"description\":\"Firma Bertrand to certyfikowany i uznany producent najwy\u017cszej jako\u015bci okien z PVC, z drewna lub aluminium. Produkcja drzwi, rolet i bram gara\u017cowych.\",\"publisher\":{\"@id\":\"https:\/\/bertrand.pl\/#organization\"},\"potentialAction\":[{\"@type\":\"SearchAction\",\"target\":{\"@type\":\"EntryPoint\",\"urlTemplate\":\"https:\/\/bertrand.pl\/?s={search_term_string}\"},\"query-input\":{\"@type\":\"PropertyValueSpecification\",\"valueRequired\":true,\"valueName\":\"search_term_string\"}}],\"inLanguage\":\"nl-NL\"},{\"@type\":\"Organization\",\"@id\":\"https:\/\/bertrand.pl\/#organization\",\"name\":\"Bertrand.pl\",\"url\":\"https:\/\/bertrand.pl\/\",\"logo\":{\"@type\":\"ImageObject\",\"inLanguage\":\"nl-NL\",\"@id\":\"https:\/\/bertrand.pl\/#\/schema\/logo\/image\/\",\"url\":\"https:\/\/bertrand.pl\/wp-content\/uploads\/2024\/12\/logo_BB_TM_PL_black.png\",\"contentUrl\":\"https:\/\/bertrand.pl\/wp-content\/uploads\/2024\/12\/logo_BB_TM_PL_black.png\",\"width\":1831,\"height\":1831,\"caption\":\"Bertrand.pl\"},\"image\":{\"@id\":\"https:\/\/bertrand.pl\/#\/schema\/logo\/image\/\"},\"sameAs\":[\"https:\/\/www.facebook.com\/bertrandpolska\/\",\"https:\/\/www.instagram.com\/bertrand_okna_i_drzwi\/\",\"https:\/\/www.linkedin.com\/company\/bertrand\/\",\"https:\/\/www.tiktok.com\/@bertrand_okna_drzwi\"]}]}<\/script>\n<!-- \/ Yoast SEO Premium plugin. -->","yoast_head_json":{"title":"MB-SR50N A \u2013 fasada dopasowana do ka\u017cdego projektu","description":"MB-SR50N A is een modern systeem waarmee u verschillende bouwmaterialen kunt combineren, waardoor u verschillende eigenschappen in het gebouw kunt gebruiken.","robots":{"index":"index","follow":"follow","max-snippet":"max-snippet:-1","max-image-preview":"max-image-preview:large","max-video-preview":"max-video-preview:-1"},"canonical":"https:\/\/bertrand.pl\/nl\/product-2\/mb-sr50n-een\/","og_locale":"nl_NL","og_type":"article","og_title":"MB-SR50N A","og_description":"MB-SR50N A to owoczesny system, kt\u00f3ry umo\u017cliwia \u0142\u0105czenie r\u00f3\u017cnych materia\u0142\u00f3w konstrukcyjnych, pozwalaj\u0105c na zastosowanie odmiennych w\u0142a\u015bciwo\u015bci w budynku.","og_url":"https:\/\/bertrand.pl\/nl\/product-2\/mb-sr50n-een\/","og_site_name":"Bertrand. Najwy\u017cszej jako\u015bci okna i drzwi. Certyfikowany producent od 1969 roku.","article_publisher":"https:\/\/www.facebook.com\/bertrandpolska\/","article_modified_time":"2025-07-14T10:51:44+00:00","og_image":[{"width":564,"height":614,"url":"https:\/\/bertrand.pl\/wp-content\/uploads\/2024\/09\/mb-sr50n-a-76-pl.webp","type":"image\/webp"}],"twitter_card":"summary_large_image","twitter_misc":{"Geschatte leestijd":"3 minuten"},"schema":{"@context":"https:\/\/schema.org","@graph":[{"@type":"WebPage","@id":"https:\/\/bertrand.pl\/produkt\/mb-sr50n-a\/","url":"https:\/\/bertrand.pl\/produkt\/mb-sr50n-a\/","name":"MB-SR50N A \u2013 fasada dopasowana do ka\u017cdego projektu","isPartOf":{"@id":"https:\/\/bertrand.pl\/#website"},"primaryImageOfPage":{"@id":"https:\/\/bertrand.pl\/produkt\/mb-sr50n-a\/#primaryimage"},"image":{"@id":"https:\/\/bertrand.pl\/produkt\/mb-sr50n-a\/#primaryimage"},"thumbnailUrl":"https:\/\/bertrand.pl\/wp-content\/uploads\/2024\/09\/mb-sr50n-a-76-pl.webp","datePublished":"2024-09-18T10:14:36+00:00","dateModified":"2025-07-14T10:51:44+00:00","description":"MB-SR50N A is een modern systeem waarmee u verschillende bouwmaterialen kunt combineren, waardoor u verschillende eigenschappen in het gebouw kunt gebruiken.","breadcrumb":{"@id":"https:\/\/bertrand.pl\/produkt\/mb-sr50n-a\/#breadcrumb"},"inLanguage":"nl-NL","potentialAction":[{"@type":"ReadAction","target":["https:\/\/bertrand.pl\/produkt\/mb-sr50n-a\/"]}]},{"@type":"ImageObject","inLanguage":"nl-NL","@id":"https:\/\/bertrand.pl\/produkt\/mb-sr50n-a\/#primaryimage","url":"https:\/\/bertrand.pl\/wp-content\/uploads\/2024\/09\/mb-sr50n-a-76-pl.webp","contentUrl":"https:\/\/bertrand.pl\/wp-content\/uploads\/2024\/09\/mb-sr50n-a-76-pl.webp","width":564,"height":614,"caption":"Fasada MB-SR50N A spe\u0142nia wysokie standardy wsp\u00f3\u0142czesnej architektury."},{"@type":"BreadcrumbList","@id":"https:\/\/bertrand.pl\/produkt\/mb-sr50n-a\/#breadcrumb","itemListElement":[{"@type":"ListItem","position":1,"name":"Strona g\u0142\u00f3wna","item":"https:\/\/bertrand.pl\/"},{"@type":"ListItem","position":2,"name":"Produits","item":"https:\/\/bertrand.pl\/fr\/shop\/"},{"@type":"ListItem","position":3,"name":"MB-SR50N A"}]},{"@type":"WebSite","@id":"https:\/\/bertrand.pl\/#website","url":"https:\/\/bertrand.pl\/","name":"Bertrand.pl","description":"Firma Bertrand to certyfikowany i uznany producent najwy\u017cszej jako\u015bci okien z PVC, z drewna lub aluminium. Produkcja drzwi, rolet i bram gara\u017cowych.","publisher":{"@id":"https:\/\/bertrand.pl\/#organization"},"potentialAction":[{"@type":"SearchAction","target":{"@type":"EntryPoint","urlTemplate":"https:\/\/bertrand.pl\/?s={search_term_string}"},"query-input":{"@type":"PropertyValueSpecification","valueRequired":true,"valueName":"search_term_string"}}],"inLanguage":"nl-NL"},{"@type":"Organization","@id":"https:\/\/bertrand.pl\/#organization","name":"Bertrand.pl","url":"https:\/\/bertrand.pl\/","logo":{"@type":"ImageObject","inLanguage":"nl-NL","@id":"https:\/\/bertrand.pl\/#\/schema\/logo\/image\/","url":"https:\/\/bertrand.pl\/wp-content\/uploads\/2024\/12\/logo_BB_TM_PL_black.png","contentUrl":"https:\/\/bertrand.pl\/wp-content\/uploads\/2024\/12\/logo_BB_TM_PL_black.png","width":1831,"height":1831,"caption":"Bertrand.pl"},"image":{"@id":"https:\/\/bertrand.pl\/#\/schema\/logo\/image\/"},"sameAs":["https:\/\/www.facebook.com\/bertrandpolska\/","https:\/\/www.instagram.com\/bertrand_okna_i_drzwi\/","https:\/\/www.linkedin.com\/company\/bertrand\/","https:\/\/www.tiktok.com\/@bertrand_okna_drzwi"]}]}},"_links":{"self":[{"href":"https:\/\/bertrand.pl\/nl\/wp-json\/wp\/v2\/product\/5104","targetHints":{"allow":["GET"]}}],"collection":[{"href":"https:\/\/bertrand.pl\/nl\/wp-json\/wp\/v2\/product"}],"about":[{"href":"https:\/\/bertrand.pl\/nl\/wp-json\/wp\/v2\/types\/product"}],"wp:featuredmedia":[{"embeddable":true,"href":"https:\/\/bertrand.pl\/nl\/wp-json\/wp\/v2\/media\/5106"}],"wp:attachment":[{"href":"https:\/\/bertrand.pl\/nl\/wp-json\/wp\/v2\/media?parent=5104"}],"wp:term":[{"taxonomy":"product_brand","embeddable":true,"href":"https:\/\/bertrand.pl\/nl\/wp-json\/wp\/v2\/product_brand?post=5104"},{"taxonomy":"product_cat","embeddable":true,"href":"https:\/\/bertrand.pl\/nl\/wp-json\/wp\/v2\/product_cat?post=5104"},{"taxonomy":"product_tag","embeddable":true,"href":"https:\/\/bertrand.pl\/nl\/wp-json\/wp\/v2\/product_tag?post=5104"}],"curies":[{"name":"wp","href":"https:\/\/api.w.org\/{rel}","templated":true}]}}