{"id":5113,"date":"2024-09-18T13:55:49","date_gmt":"2024-09-18T11:55:49","guid":{"rendered":"https:\/\/bertrand.pl\/?post_type=product&#038;p=5113"},"modified":"2025-07-14T12:40:22","modified_gmt":"2025-07-14T10:40:22","slug":"mb-sr50n-2","status":"publish","type":"product","link":"https:\/\/bertrand.pl\/nl\/produkt\/mb-sr50n-2\/","title":{"rendered":"MB-SR50N-EFFECT"},"content":{"rendered":"<p><strong>MB-SR50N EFEKT gevel \u2013 moderniteit en functionaliteit in de bouw<\/strong><\/p>\n<p>&nbsp;<\/p>\n<p><strong>MB-SR50N EFFECT gevel<\/strong> is een geavanceerd bouwsysteem dat speciaal is bedoeld voor de constructie van lichtgewicht gevels, daken en lichtkoepels. Dankzij deze oplossing is het mogelijk om constructies te cre\u00ebren die duurzaamheid, esthetiek en hoge functionaliteit combineren. Bovendien zorgt het MB-SR50N-systeem, dat gebruikmaakt van de post-and-beam-technologie, ervoor dat de palen en balken van binnenuit gelijk met elkaar lopen, waardoor het perfect past bij moderne interieurs.<\/p>\n<hr \/>\n<h3><strong>Onderscheidende kenmerken van de MB-SR50N EFEKT-gevel<\/strong><\/h3>\n<p>&nbsp;<\/p>\n<h4><strong>Elegante glazen gevel<\/strong><\/h4>\n<p>&nbsp;<\/p>\n<p>De gevel heeft een glad, egaal oppervlak met smalle lijnen van 2 cm breed. Bovendien zorgt het opvullen van kieren met siliconen voor een betere dichtheid en thermische isolatie, wat resulteert in meer comfort voor de gebruikers van het gebouw.<\/p>\n<h4><strong>Veelzijdige beglazingsopties<\/strong><\/h4>\n<p>&nbsp;<\/p>\n<p>Ondersteunt verschillende soorten glas, waaronder:<\/p>\n<ul>\n<li>enkel- en dubbelkamerglas,<\/li>\n<li>gelaagd glas,<\/li>\n<li>ondoorzichtige panelen.<\/li>\n<\/ul>\n<p>Hierdoor past de gevel zich aan vele projecten en eisen van investeerders aan.<\/p>\n<h4><strong>Hoge belastbaarheid en duurzaamheid<\/strong><\/h4>\n<p>&nbsp;<\/p>\n<p>Het systeem ondersteunt glaslasten tot 450 kg. Bovendien biedt het de keuze tussen frame- en puntmontage, wat de flexibiliteit in toepassingen vergroot.<\/p>\n<hr \/>\n<h3><strong>Technische parameters van de MB-SR50N EFEKT-gevel<\/strong><\/h3>\n<p>&nbsp;<\/p>\n<p>De gevel onderscheidt zich door:<\/p>\n<ul>\n<li><strong>Hoge thermische isolatie<\/strong>, die voldoet aan de normen voor energiezuinig bouwen,<\/li>\n<li>Mogelijkheid om aan te passen aan verschillende technische omstandigheden,<\/li>\n<li><strong>Bestand tegen moeilijke weersomstandigheden<\/strong>, waardoor het een betrouwbare oplossing is voor de komende jaren.<\/li>\n<\/ul>\n<hr \/>\n<h3><strong>Waarom kiezen voor de MB-SR50N EFEKT gevel?<\/strong><\/h3>\n<p>&nbsp;<\/p>\n<h4><strong>Modern ontwerp<\/strong><\/h4>\n<p>Het gladde oppervlak en de smalle lijnen passen bij de trends van de hedendaagse architectuur. Hierdoor voegt de gevel elegantie toe aan elk gebouw.<\/p>\n<h4><strong>Functionaliteit en veelzijdigheid<\/strong><\/h4>\n<p>Dankzij de verschillende beglazingsopties is de gevel geschikt voor gebruik in woningen, commerci\u00eble en institutionele gebouwen.<\/p>\n<h4><strong>Energie-effici\u00ebntie<\/strong><\/h4>\n<p>Dankzij de uitstekende thermische isolatie van de gevel is er minder warmteverlies, wat resulteert in lagere exploitatiekosten van het gebouw.<\/p>\n<h4><strong>Duurzaamheid en betrouwbaarheid<\/strong><\/h4>\n<p>De gevel is ontworpen met het oog op intensief gebruik en een lange levensduur. Hierdoor is het een uitstekende keuze voor veeleisende investeringen.<\/p>\n<hr \/>\n<h3><strong>Toepassingen van de MB-SR50N EFEKT-gevel<\/strong><\/h3>\n<p>&nbsp;<\/p>\n<p>De MB-SR50N EFEKT gevel is een veelzijdige oplossing die perfect is voor:<\/p>\n<ol>\n<li><strong>Moderne kantoorgebouwen<\/strong> \u2013 benadrukt de elegantie en het prestige van bedrijfsgebouwen.<\/li>\n<li><strong>Woongebouwen<\/strong> \u2013 zorgt voor esthetiek en thermische isolatie voor het comfort van de bewoners.<\/li>\n<li><strong>Commerci\u00eble en servicefaciliteiten<\/strong> \u2013 trekt de aandacht en verhoogt de functionaliteit van commerci\u00eble ruimtes.<\/li>\n<li><strong>Openbare nutsvoorzieningen<\/strong> \u2013 dakramen en glazen daken geven de architectuur een modern karakter.<\/li>\n<\/ol>\n<figure style=\"width: 1014px\" class=\"wp-caption aligncenter\"><img fetchpriority=\"high\" decoding=\"async\" title=\"Facade \" src=\"https:\/\/scontent-waw2-2.xx.fbcdn.net\/v\/t39.30808-6\/462375731_1057877833006694_8470772110020886313_n.jpg?_nc_cat=107&amp;ccb=1-7&amp;_nc_sid=127cfc&amp;_nc_ohc=EvqhjHAhy6cQ7kNvgFbsiDu&amp;_nc_zt=23&amp;_nc_ht=scontent-waw2-2.xx&amp;_nc_gid=Avi2ZayWx_BlXiSfSDXofoM&amp;oh=00_AYBn2DVlMCQFJZoKvA9ISHAsPUQeUXaYUQALaEKtGhNkMg&amp;oe=675DFC51\" alt=\"MB-SR50N EFEKT gevel in een van Bertrand&#039;s projecten. Moderniteit en elegantie in de bouw. \" width=\"1014\" height=\"676\" \/><figcaption class=\"wp-caption-text\">Gevel Bertrand<\/figcaption><\/figure>\n<hr \/>\n<h3><\/h3>\n<p>Kortom, het is een ideale oplossing voor gebouwen die esthetiek, duurzaamheid en energie-effici\u00ebntie combineren. Bovendien zorgen geavanceerde beglazingsopties en moderne technologie\u00ebn ervoor dat deze gevel voldoet aan de hoogste normen van moderne bouw.<\/p>\n<p><strong>Bekijk ook andere gevels van Bertrand: <a href=\"https:\/\/bertrand.pl\/nl\/gevels\/\" target=\"_new\" rel=\"noopener\">Gevels \u2013 Bertrand.pl<\/a><\/strong><\/p>\n<p>Bekijk de moderne gevel van onze klant: <a href=\"https:\/\/www.facebook.com\/photo\/?fbid=1061200346007776&amp;set=pcb.1061200432674434\">Facebook<\/a><\/p>","protected":false},"excerpt":{"rendered":"<p><strong>SEMIGESTRUCTUREERDE GEVEL<\/strong><\/p>\n<p>Het MB-SR50N EFEKT-systeem is ontworpen voor de constructie van lichte vliesgevels van het hangende en vullende type. Het wordt ook gebruikt voor het cre\u00ebren van daken, dakramen en andere ruimtelijke constructies. De structuur is gebaseerd op het beproefde MB-SR50N stijl- en liggersysteem. Het biedt een ruime keuze aan profielen en maakt het esthetisch uitspoelen van stijlen en dwarsbalken vanaf de binnenkant van de gevel mogelijk. Hierdoor wordt een harmonieuze verbinding met het interieur van het gebouw mogelijk gemaakt.<\/p>","protected":false},"featured_media":5117,"template":"","meta":{"site-sidebar-layout":"default","site-content-layout":"","ast-site-content-layout":"default","site-content-style":"default","site-sidebar-style":"default","ast-global-header-display":"","ast-banner-title-visibility":"","ast-main-header-display":"","ast-hfb-above-header-display":"","ast-hfb-below-header-display":"","ast-hfb-mobile-header-display":"","site-post-title":"","ast-breadcrumbs-content":"","ast-featured-img":"","footer-sml-layout":"","ast-disable-related-posts":"","theme-transparent-header-meta":"default","adv-header-id-meta":"","stick-header-meta":"","header-above-stick-meta":"","header-main-stick-meta":"","header-below-stick-meta":"","astra-migrate-meta-layouts":"set","ast-page-background-enabled":"default","ast-page-background-meta":{"desktop":{"background-color":"var(--ast-global-color-4)","background-image":"","background-repeat":"repeat","background-position":"center center","background-size":"auto","background-attachment":"scroll","background-type":"","background-media":"","overlay-type":"","overlay-color":"","overlay-opacity":"","overlay-gradient":""},"tablet":{"background-color":"","background-image":"","background-repeat":"repeat","background-position":"center center","background-size":"auto","background-attachment":"scroll","background-type":"","background-media":"","overlay-type":"","overlay-color":"","overlay-opacity":"","overlay-gradient":""},"mobile":{"background-color":"","background-image":"","background-repeat":"repeat","background-position":"center center","background-size":"auto","background-attachment":"scroll","background-type":"","background-media":"","overlay-type":"","overlay-color":"","overlay-opacity":"","overlay-gradient":""}},"ast-content-background-meta":{"desktop":{"background-color":"var(--ast-global-color-5)","background-image":"","background-repeat":"repeat","background-position":"center center","background-size":"auto","background-attachment":"scroll","background-type":"","background-media":"","overlay-type":"","overlay-color":"","overlay-opacity":"","overlay-gradient":""},"tablet":{"background-color":"var(--ast-global-color-5)","background-image":"","background-repeat":"repeat","background-position":"center center","background-size":"auto","background-attachment":"scroll","background-type":"","background-media":"","overlay-type":"","overlay-color":"","overlay-opacity":"","overlay-gradient":""},"mobile":{"background-color":"var(--ast-global-color-5)","background-image":"","background-repeat":"repeat","background-position":"center center","background-size":"auto","background-attachment":"scroll","background-type":"","background-media":"","overlay-type":"","overlay-color":"","overlay-opacity":"","overlay-gradient":""}}},"product_brand":[],"product_cat":[20],"product_tag":[349,168,717,803,816,453,820,808,405,810,815,807,819,812,811,809,818,817,390,409,814,813],"class_list":{"0":"post-5113","1":"product","2":"type-product","3":"status-publish","4":"has-post-thumbnail","6":"product_cat-fasady","7":"product_tag-aluprof","8":"product_tag-bertrand","9":"product_tag-bertrand-okna-i-drzwi","10":"product_tag-dachy-szklane","11":"product_tag-elewacje","12":"product_tag-energooszczednosc","13":"product_tag-estetyka-fasady","14":"product_tag-fasada-szklana","15":"product_tag-izolacja-termiczna","16":"product_tag-konstrukcja-aluminiowa","17":"product_tag-konstrukcje-przestrzenne","18":"product_tag-mb-sr50n-efekt","19":"product_tag-mocowanie-szyb","20":"product_tag-odpornosc-na-warunki-atmosferyczne","21":"product_tag-silikon-konstrukcyjny","22":"product_tag-slupowo-ryglowy","23":"product_tag-swietliki","24":"product_tag-system-fasadowy","25":"product_tag-szczelnosc","26":"product_tag-szklenie","27":"product_tag-szklo-jedno-i-dwukomorowe","28":"product_tag-szklo-laminowane","29":"desktop-align-left","30":"tablet-align-left","31":"mobile-align-left","33":"first","34":"instock","35":"shipping-taxable","36":"product-type-simple"},"yoast_head":"<!-- This site is optimized with the Yoast SEO Premium plugin v27.2 (Yoast SEO v27.2) - https:\/\/yoast.com\/product\/yoast-seo-premium-wordpress\/ -->\n<title>MB-SR50N EFEKT \u2013 architektura \u015bwiat\u0142a i precyzji<\/title>\n<meta name=\"description\" content=\"MB-SR50N to elegancka fasada szklana i doskona\u0142a funkcjonalno\u015b\u0107! Idealne rozwi\u0105zanie dla nowoczesnych i eleganckich budynk\u00f3w\" \/>\n<meta name=\"robots\" content=\"index, follow, max-snippet:-1, max-image-preview:large, max-video-preview:-1\" \/>\n<link rel=\"canonical\" href=\"https:\/\/bertrand.pl\/nl\/product-2\/mb-sr50n-2\/\" \/>\n<meta property=\"og:locale\" content=\"nl_NL\" \/>\n<meta property=\"og:type\" content=\"article\" \/>\n<meta property=\"og:title\" content=\"MB-SR50N EFEKT\" \/>\n<meta property=\"og:description\" content=\"MB-SR50N to elegancka fasada szklana i doskona\u0142a funkcjonalno\u015b\u0107! Idealne rozwi\u0105zanie dla nowoczesnych i eleganckich budynk\u00f3w\" \/>\n<meta property=\"og:url\" content=\"https:\/\/bertrand.pl\/nl\/product-2\/mb-sr50n-2\/\" \/>\n<meta property=\"og:site_name\" content=\"Bertrand. Najwy\u017cszej jako\u015bci okna i drzwi. Certyfikowany producent od 1969 roku.\" \/>\n<meta property=\"article:publisher\" content=\"https:\/\/www.facebook.com\/bertrandpolska\/\" \/>\n<meta property=\"article:modified_time\" content=\"2025-07-14T10:40:22+00:00\" \/>\n<meta property=\"og:image\" content=\"https:\/\/bertrand.pl\/wp-content\/uploads\/2024\/09\/mb-sr50n-efekt-64-pl.webp\" \/>\n\t<meta property=\"og:image:width\" content=\"542\" \/>\n\t<meta property=\"og:image:height\" content=\"614\" \/>\n\t<meta property=\"og:image:type\" content=\"image\/webp\" \/>\n<meta name=\"twitter:card\" content=\"summary_large_image\" \/>\n<meta name=\"twitter:label1\" content=\"Geschatte leestijd\" \/>\n\t<meta name=\"twitter:data1\" content=\"3 minuten\" \/>\n<script type=\"application\/ld+json\" class=\"yoast-schema-graph\">{\"@context\":\"https:\/\/schema.org\",\"@graph\":[{\"@type\":\"WebPage\",\"@id\":\"https:\/\/bertrand.pl\/produkt\/mb-sr50n-2\/\",\"url\":\"https:\/\/bertrand.pl\/produkt\/mb-sr50n-2\/\",\"name\":\"MB-SR50N EFEKT \u2013 architektura \u015bwiat\u0142a i precyzji\",\"isPartOf\":{\"@id\":\"https:\/\/bertrand.pl\/#website\"},\"primaryImageOfPage\":{\"@id\":\"https:\/\/bertrand.pl\/produkt\/mb-sr50n-2\/#primaryimage\"},\"image\":{\"@id\":\"https:\/\/bertrand.pl\/produkt\/mb-sr50n-2\/#primaryimage\"},\"thumbnailUrl\":\"https:\/\/bertrand.pl\/wp-content\/uploads\/2024\/09\/mb-sr50n-efekt-64-pl.webp\",\"datePublished\":\"2024-09-18T11:55:49+00:00\",\"dateModified\":\"2025-07-14T10:40:22+00:00\",\"description\":\"MB-SR50N to elegancka fasada szklana i doskona\u0142a funkcjonalno\u015b\u0107! Idealne rozwi\u0105zanie dla nowoczesnych i eleganckich budynk\u00f3w\",\"breadcrumb\":{\"@id\":\"https:\/\/bertrand.pl\/produkt\/mb-sr50n-2\/#breadcrumb\"},\"inLanguage\":\"nl-NL\",\"potentialAction\":[{\"@type\":\"ReadAction\",\"target\":[\"https:\/\/bertrand.pl\/produkt\/mb-sr50n-2\/\"]}]},{\"@type\":\"ImageObject\",\"inLanguage\":\"nl-NL\",\"@id\":\"https:\/\/bertrand.pl\/produkt\/mb-sr50n-2\/#primaryimage\",\"url\":\"https:\/\/bertrand.pl\/wp-content\/uploads\/2024\/09\/mb-sr50n-efekt-64-pl.webp\",\"contentUrl\":\"https:\/\/bertrand.pl\/wp-content\/uploads\/2024\/09\/mb-sr50n-efekt-64-pl.webp\",\"width\":542,\"height\":614,\"caption\":\"Fasada MB SR 50N\"},{\"@type\":\"BreadcrumbList\",\"@id\":\"https:\/\/bertrand.pl\/produkt\/mb-sr50n-2\/#breadcrumb\",\"itemListElement\":[{\"@type\":\"ListItem\",\"position\":1,\"name\":\"Strona g\u0142\u00f3wna\",\"item\":\"https:\/\/bertrand.pl\/\"},{\"@type\":\"ListItem\",\"position\":2,\"name\":\"Produits\",\"item\":\"https:\/\/bertrand.pl\/fr\/shop\/\"},{\"@type\":\"ListItem\",\"position\":3,\"name\":\"MB-SR50N EFEKT\"}]},{\"@type\":\"WebSite\",\"@id\":\"https:\/\/bertrand.pl\/#website\",\"url\":\"https:\/\/bertrand.pl\/\",\"name\":\"Bertrand.pl\",\"description\":\"Firma Bertrand to certyfikowany i uznany producent najwy\u017cszej jako\u015bci okien z PVC, z drewna lub aluminium. Produkcja drzwi, rolet i bram gara\u017cowych.\",\"publisher\":{\"@id\":\"https:\/\/bertrand.pl\/#organization\"},\"potentialAction\":[{\"@type\":\"SearchAction\",\"target\":{\"@type\":\"EntryPoint\",\"urlTemplate\":\"https:\/\/bertrand.pl\/?s={search_term_string}\"},\"query-input\":{\"@type\":\"PropertyValueSpecification\",\"valueRequired\":true,\"valueName\":\"search_term_string\"}}],\"inLanguage\":\"nl-NL\"},{\"@type\":\"Organization\",\"@id\":\"https:\/\/bertrand.pl\/#organization\",\"name\":\"Bertrand.pl\",\"url\":\"https:\/\/bertrand.pl\/\",\"logo\":{\"@type\":\"ImageObject\",\"inLanguage\":\"nl-NL\",\"@id\":\"https:\/\/bertrand.pl\/#\/schema\/logo\/image\/\",\"url\":\"https:\/\/bertrand.pl\/wp-content\/uploads\/2024\/12\/logo_BB_TM_PL_black.png\",\"contentUrl\":\"https:\/\/bertrand.pl\/wp-content\/uploads\/2024\/12\/logo_BB_TM_PL_black.png\",\"width\":1831,\"height\":1831,\"caption\":\"Bertrand.pl\"},\"image\":{\"@id\":\"https:\/\/bertrand.pl\/#\/schema\/logo\/image\/\"},\"sameAs\":[\"https:\/\/www.facebook.com\/bertrandpolska\/\",\"https:\/\/www.instagram.com\/bertrand_okna_i_drzwi\/\",\"https:\/\/www.linkedin.com\/company\/bertrand\/\",\"https:\/\/www.tiktok.com\/@bertrand_okna_drzwi\"]}]}<\/script>\n<!-- \/ Yoast SEO Premium plugin. -->","yoast_head_json":{"title":"MB-SR50N EFEKT \u2013 architektura \u015bwiat\u0142a i precyzji","description":"De MB-SR50N is een elegante glazen gevel met uitstekende functionaliteit! De perfecte oplossing voor moderne en elegante gebouwen","robots":{"index":"index","follow":"follow","max-snippet":"max-snippet:-1","max-image-preview":"max-image-preview:large","max-video-preview":"max-video-preview:-1"},"canonical":"https:\/\/bertrand.pl\/nl\/product-2\/mb-sr50n-2\/","og_locale":"nl_NL","og_type":"article","og_title":"MB-SR50N EFEKT","og_description":"MB-SR50N to elegancka fasada szklana i doskona\u0142a funkcjonalno\u015b\u0107! Idealne rozwi\u0105zanie dla nowoczesnych i eleganckich budynk\u00f3w","og_url":"https:\/\/bertrand.pl\/nl\/product-2\/mb-sr50n-2\/","og_site_name":"Bertrand. Najwy\u017cszej jako\u015bci okna i drzwi. Certyfikowany producent od 1969 roku.","article_publisher":"https:\/\/www.facebook.com\/bertrandpolska\/","article_modified_time":"2025-07-14T10:40:22+00:00","og_image":[{"width":542,"height":614,"url":"https:\/\/bertrand.pl\/wp-content\/uploads\/2024\/09\/mb-sr50n-efekt-64-pl.webp","type":"image\/webp"}],"twitter_card":"summary_large_image","twitter_misc":{"Geschatte leestijd":"3 minuten"},"schema":{"@context":"https:\/\/schema.org","@graph":[{"@type":"WebPage","@id":"https:\/\/bertrand.pl\/produkt\/mb-sr50n-2\/","url":"https:\/\/bertrand.pl\/produkt\/mb-sr50n-2\/","name":"MB-SR50N EFEKT \u2013 architektura \u015bwiat\u0142a i precyzji","isPartOf":{"@id":"https:\/\/bertrand.pl\/#website"},"primaryImageOfPage":{"@id":"https:\/\/bertrand.pl\/produkt\/mb-sr50n-2\/#primaryimage"},"image":{"@id":"https:\/\/bertrand.pl\/produkt\/mb-sr50n-2\/#primaryimage"},"thumbnailUrl":"https:\/\/bertrand.pl\/wp-content\/uploads\/2024\/09\/mb-sr50n-efekt-64-pl.webp","datePublished":"2024-09-18T11:55:49+00:00","dateModified":"2025-07-14T10:40:22+00:00","description":"De MB-SR50N is een elegante glazen gevel met uitstekende functionaliteit! De perfecte oplossing voor moderne en elegante gebouwen","breadcrumb":{"@id":"https:\/\/bertrand.pl\/produkt\/mb-sr50n-2\/#breadcrumb"},"inLanguage":"nl-NL","potentialAction":[{"@type":"ReadAction","target":["https:\/\/bertrand.pl\/produkt\/mb-sr50n-2\/"]}]},{"@type":"ImageObject","inLanguage":"nl-NL","@id":"https:\/\/bertrand.pl\/produkt\/mb-sr50n-2\/#primaryimage","url":"https:\/\/bertrand.pl\/wp-content\/uploads\/2024\/09\/mb-sr50n-efekt-64-pl.webp","contentUrl":"https:\/\/bertrand.pl\/wp-content\/uploads\/2024\/09\/mb-sr50n-efekt-64-pl.webp","width":542,"height":614,"caption":"Fasada MB SR 50N"},{"@type":"BreadcrumbList","@id":"https:\/\/bertrand.pl\/produkt\/mb-sr50n-2\/#breadcrumb","itemListElement":[{"@type":"ListItem","position":1,"name":"Strona g\u0142\u00f3wna","item":"https:\/\/bertrand.pl\/"},{"@type":"ListItem","position":2,"name":"Produits","item":"https:\/\/bertrand.pl\/fr\/shop\/"},{"@type":"ListItem","position":3,"name":"MB-SR50N EFEKT"}]},{"@type":"WebSite","@id":"https:\/\/bertrand.pl\/#website","url":"https:\/\/bertrand.pl\/","name":"Bertrand.pl","description":"Firma Bertrand to certyfikowany i uznany producent najwy\u017cszej jako\u015bci okien z PVC, z drewna lub aluminium. Produkcja drzwi, rolet i bram gara\u017cowych.","publisher":{"@id":"https:\/\/bertrand.pl\/#organization"},"potentialAction":[{"@type":"SearchAction","target":{"@type":"EntryPoint","urlTemplate":"https:\/\/bertrand.pl\/?s={search_term_string}"},"query-input":{"@type":"PropertyValueSpecification","valueRequired":true,"valueName":"search_term_string"}}],"inLanguage":"nl-NL"},{"@type":"Organization","@id":"https:\/\/bertrand.pl\/#organization","name":"Bertrand.pl","url":"https:\/\/bertrand.pl\/","logo":{"@type":"ImageObject","inLanguage":"nl-NL","@id":"https:\/\/bertrand.pl\/#\/schema\/logo\/image\/","url":"https:\/\/bertrand.pl\/wp-content\/uploads\/2024\/12\/logo_BB_TM_PL_black.png","contentUrl":"https:\/\/bertrand.pl\/wp-content\/uploads\/2024\/12\/logo_BB_TM_PL_black.png","width":1831,"height":1831,"caption":"Bertrand.pl"},"image":{"@id":"https:\/\/bertrand.pl\/#\/schema\/logo\/image\/"},"sameAs":["https:\/\/www.facebook.com\/bertrandpolska\/","https:\/\/www.instagram.com\/bertrand_okna_i_drzwi\/","https:\/\/www.linkedin.com\/company\/bertrand\/","https:\/\/www.tiktok.com\/@bertrand_okna_drzwi"]}]}},"_links":{"self":[{"href":"https:\/\/bertrand.pl\/nl\/wp-json\/wp\/v2\/product\/5113","targetHints":{"allow":["GET"]}}],"collection":[{"href":"https:\/\/bertrand.pl\/nl\/wp-json\/wp\/v2\/product"}],"about":[{"href":"https:\/\/bertrand.pl\/nl\/wp-json\/wp\/v2\/types\/product"}],"wp:featuredmedia":[{"embeddable":true,"href":"https:\/\/bertrand.pl\/nl\/wp-json\/wp\/v2\/media\/5117"}],"wp:attachment":[{"href":"https:\/\/bertrand.pl\/nl\/wp-json\/wp\/v2\/media?parent=5113"}],"wp:term":[{"taxonomy":"product_brand","embeddable":true,"href":"https:\/\/bertrand.pl\/nl\/wp-json\/wp\/v2\/product_brand?post=5113"},{"taxonomy":"product_cat","embeddable":true,"href":"https:\/\/bertrand.pl\/nl\/wp-json\/wp\/v2\/product_cat?post=5113"},{"taxonomy":"product_tag","embeddable":true,"href":"https:\/\/bertrand.pl\/nl\/wp-json\/wp\/v2\/product_tag?post=5113"}],"curies":[{"name":"wp","href":"https:\/\/api.w.org\/{rel}","templated":true}]}}